{"id":2101,"date":"2012-08-20T16:06:28","date_gmt":"2012-08-20T16:06:28","guid":{"rendered":"https:\/\/www.hymach.it\/decespugliatrici-trinciatrici-hymach\/"},"modified":"2022-10-28T15:34:21","modified_gmt":"2022-10-28T13:34:21","slug":"das-unternehmen","status":"publish","type":"page","link":"https:\/\/beta.hymach.it\/de\/das-unternehmen\/","title":{"rendered":"Hymach: wer wir sind"},"content":{"rendered":"<p><a href=\"https:\/\/www.hymach.it\/wp-content\/uploads\/2012\/08\/foto-azienda.jpg\" data-rel=\"lightbox-image-0\" data-rl_title=\"\" data-rl_caption=\"\"><img fetchpriority=\"high\" decoding=\"async\" class=\"alignright size-full wp-image-7\" title=\"\" src=\"https:\/\/www.hymach.it\/wp-content\/uploads\/2012\/08\/foto-azienda.jpg\" alt=\"\" width=\"360\" height=\"170\" srcset=\"https:\/\/beta.hymach.it\/wp-content\/uploads\/2012\/08\/foto-azienda.jpg 360w, https:\/\/beta.hymach.it\/wp-content\/uploads\/2012\/08\/foto-azienda-300x141.jpg 300w\" sizes=\"(max-width: 360px) 100vw, 360px\" \/><\/a><\/p>\n<p><strong>Im 30. Jahr unserer gesch\u00e4ftlichen Aktivit\u00e4t<\/strong> haben wir an dem Projekt der funkgesteuerten Schneidemaschine Robot HP60 gearbeitet \u2013 heute unser ganzer Stolz und Sinnbild eines lebendigen, dynamischen und sich dem Laufe der Zeit anpassenden Unternehmens.<\/p>\n<p>In diesem neuen H\u00e4cksler steckt das gesamte Know-how aus drei\u00dfig Jahren effektiv gelebter Erfahrung auf dem Gebiet, und wir hatten seit den Anf\u00e4ngen unserer Aktivit\u00e4t stets das Ziel, personalisierte Produkte herzustellen, welche voll und ganz die Bed\u00fcrfnisse unserer Kunden erf\u00fcllen w\u00fcrden, welche professionell im Bereich der Instandhaltungspflege von Gr\u00fcnfl\u00e4chen t\u00e4tig sind.<\/p>\n<p>Das Unternehmen wurde am<strong> 23. September 1983<\/strong> gegr\u00fcndet aus einer bereits am Menschen an sich gewonnenen Erfahrung, die noch heute unsere Unternehmensphilosophie bestimmt, da wir schon immer an den direkten Kontakt mit dem Kunden geglaubt haben, denn wir sind \u00fcberzeugt, dass dies der einzig richtige und entscheidende Weg ist herauszufinden, welchen operativen Anforderungen es gerecht zu werden gilt.<\/p>\n<p>Und genau das \u2013zusammen mit dem festen Willen, auf die reale Qualit\u00e4t der eigenen Produkte zu setzen- hat Hymach zu dem Unternehmen gemacht, welches es heute ist. Die Auswahl der Rohstoffe und der technischen Ausstattung wird hier nicht nur unter den f\u00fchrenden Marken durchgef\u00fchrt, sondern auch auf Basis der erzielbaren Leistungen in Bezug auf Effizienz und Haltbarkeit.<\/p>\n<p>Das Produkt musste und muss in jedem Fall den sogenannten <strong>\u201c3C\u201c entsprechen \u2013 also den drei wesentlichen Merkmalen: robust, funktional und effizient.<\/strong><\/p>\n<p>Was auch gar nicht anders sein konnte, blickt man auf die Tatsache zur\u00fcck, dass die anf\u00e4ngliche Produktion sich konzentrierte auf Arme bis zu einer L\u00e4nge von 18 Metern, Ger\u00e4te mit Spreizvorrichtung (die in jenen Jahren noch nicht so verbreitet waren) und die Ansaugger\u00e4te, bei denen Hymach der Vorreiter war, zun\u00e4chst mit den beiden separaten Funktionen: Schneiden und Ansaugen, um dann sp\u00e4ter eine L\u00f6sung zu finden, diese Funktionen zu vereinen durch eine Vereinfachung der Maschine, was zu optimalen Leistungen f\u00fchrte sowohl beim M\u00e4h-\/Schneidevorgang als auch beim Einsammeln des Schnittguts. Bei diesen Arten von Maschinen konnte schon insofern keinerlei Kompromiss bei der Qualit\u00e4t eingegangen werden, als dass ein jeglicher Qualit\u00e4tsverzicht dann eines der \u201c3C\u201c untergraben h\u00e4tte.<\/p>\n<p>Die gleichen inspirativen Grunds\u00e4tze spiegeln sich wider bei den Ger\u00e4ten, die in der Regel als Standardmaschinen angesehen werden -den heckbetriebenen Schneidemaschinen-, und deshalb sind die langen Ventralarme, unter Beibehaltung der strukturellen Merkmale, k\u00fcrzer geworden, um mit der Rahmen\/Tank-Einheit Maschinen zum Anh\u00e4ngen an den hinteren Heber von Traktoren zu konstruieren.<\/p>\n<p>Doch das Unternehmen geht noch weiter und produziert spezifische Heck-Maschinen f\u00fcr Traktoren mit umkehrbarer Fahrtrichtung, zun\u00e4chst in Fahrtrichtung der Retroversion und dann in beiden Fahrtrichtungen einsetzbar, unter genauem Studium der spezifische Rotationssysteme f\u00fcr Kopfteil und Arm. Dank der flexiblen Projektgestaltung entstehen somit Maschinen zum Anbringen an den Frontkraftheber von Traktoren und anderen selbstfahrenden Fahrzeugen, die \u00fcber eine geeignete Befestigung verf\u00fcgen.<\/p>\n<p>Es werden Schneidemaschinen zum Anbringen an die Ladetruhe (Chassis) mit demontierbarem Fahrgestellrahmen sowie an die Tr\u00e4gerplatte von Lastern realisiert.<\/p>\n<p>Im Jahr 2010 beginnt -auf Grundlage des erworbenen technischen Wissens- das Projekt Solarclean, was als erstes dazu f\u00fchrt, Ger\u00e4te zur Reinigung von Photovoltaik-Platten herzustellen (bei Solarfeldern und \u00dcberbauten von Zucht- und Gew\u00e4chsh\u00e4usern) zur Anbringung an selbstfahrende Fahrzeuge -auch Kettenfahrzeuge-, was sich dann sp\u00e4ter konkretisiert in Form einer funkgesteuerten selbstfahrenden Maschine, die eigens f\u00fcr diesen spezifischen Zweck bestimmt ist.<\/p>\n<p>Alle Katalog-Maschinen unterliegen einer kontinuierlichen Verbesserung mit jedem Mal, wenn sich eine innovative technische L\u00f6sung ergibt sowie einer Umsetzung mit Vorrichtungen, welche deren Verwendung noch einfacher und leichter gestalten.<\/p>\n<p>Schon gegen Ende der 90er Jahre haben wir uns daf\u00fcr entschieden, unser Qualit\u00e4tsmanagementsystem in \u00dcbereinstimmung mit der Norm <strong>UNI EN ISO 9001<\/strong> zu entwickeln mit anschlie\u00dfender -und noch heute bestehender- Zertifizierung seitens der <strong>RINA SpA im Jahr 1999.<\/strong><\/p>\n<p>Die erworbenen Kompetenzen, unsere Begeisterung und unsere Entschlossenheit unterst\u00fctzen uns und geben uns die Kraft, das Unternehmen Tag f\u00fcr Tag mit vollem Einsatz zu f\u00fchren und einen kontinuierlichen Prozess der Gesch\u00e4ftsoptimierung zu entwickeln, indem wir die Werte, auf denen das Unternehmen einst aufgebaut wurde, zu den unseren machen, und die es uns erm\u00f6glichen, jene Anreize und intuitive Ideen zu finden, die zur Innovation bereits bestehender Produkte f\u00fchren sowie zur Realisierung neuer.<\/p>\n<p>Mit dem Vertrauen in unsere Produkte und in unser Anpassungsverm\u00f6gen sind wir davon \u00fcberzeugt, dass eine optimale Verbindung zwischen Tradition und Moderne hier der richtige Weg ist, auch was die Zukunft anbelangt.<\/p>\n","protected":false},"excerpt":{"rendered":"<p>Hymach wurde am 23. September 1983 aufgrund der Erfahrungen geboren, die der Cavalier, der ihn immer noch vertritt, in diesem Sektor erworben hat. Giacinto Ricci, und hat immer an den direkten Kontakt mit dem Kunden geglaubt, weil es sicher ist, dass nur auf diese Weise wir wirklich erkennen k\u00f6nnen, wie die wirklichen betrieblichen Bed\u00fcrfnisse am besten erf\u00fcllt werden k\u00f6nnen.<\/p>\n","protected":false},"author":1,"featured_media":0,"parent":0,"menu_order":410,"comment_status":"open","ping_status":"closed","template":"elementor_header_footer","meta":{"_acf_changed":false,"footnotes":""},"categories":[],"sector":[],"carrier":[],"cat-page":[],"product-category":[],"class_list":["post-2101","page","type-page","status-publish","hentry"],"acf":[],"yoast_head":"<!-- This site is optimized with the Yoast SEO plugin v27.5 - https:\/\/yoast.com\/product\/yoast-seo-wordpress\/ -->\n<title>Hymach: Herstellung und Verkauf von Gr\u00fcnpflegemaschinen<\/title>\n<meta name=\"description\" content=\"Hymach ist spezialisiert auf die Herstellung und den Verkauf von Gr\u00fcnpflegemaschinen: Freischneider, funkgesteuerte Mulcher und mehr\" \/>\n<meta name=\"robots\" content=\"noindex, follow, max-snippet:-1, max-image-preview:large, max-video-preview:-1\" \/>\n<meta property=\"og:locale\" content=\"de_DE\" \/>\n<meta property=\"og:type\" content=\"article\" \/>\n<meta property=\"og:title\" content=\"Hymach: Herstellung und Verkauf von Gr\u00fcnpflegemaschinen\" \/>\n<meta property=\"og:description\" content=\"Hymach ist spezialisiert auf die Herstellung und den Verkauf von Gr\u00fcnpflegemaschinen: Freischneider, funkgesteuerte Mulcher und mehr\" \/>\n<meta property=\"og:url\" content=\"https:\/\/beta.hymach.it\/de\/das-unternehmen\/\" \/>\n<meta property=\"og:site_name\" content=\"Hymach\" \/>\n<meta property=\"article:modified_time\" content=\"2022-10-28T13:34:21+00:00\" \/>\n<meta property=\"og:image\" content=\"https:\/\/beta.hymach.it\/wp-content\/uploads\/2012\/08\/foto-azienda.jpg\" \/>\n\t<meta property=\"og:image:width\" content=\"360\" \/>\n\t<meta property=\"og:image:height\" content=\"170\" \/>\n\t<meta property=\"og:image:type\" content=\"image\/jpeg\" \/>\n<meta name=\"twitter:label1\" content=\"Est. reading time\" \/>\n\t<meta name=\"twitter:data1\" content=\"4 minutes\" \/>\n<script type=\"application\/ld+json\" class=\"yoast-schema-graph\">{\"@context\":\"https:\\\/\\\/schema.org\",\"@graph\":[{\"@type\":\"WebPage\",\"@id\":\"https:\\\/\\\/beta.hymach.it\\\/de\\\/das-unternehmen\\\/\",\"url\":\"https:\\\/\\\/beta.hymach.it\\\/de\\\/das-unternehmen\\\/\",\"name\":\"Hymach: Herstellung und Verkauf von Gr\u00fcnpflegemaschinen\",\"isPartOf\":{\"@id\":\"https:\\\/\\\/beta.hymach.it\\\/de\\\/#website\"},\"primaryImageOfPage\":{\"@id\":\"https:\\\/\\\/beta.hymach.it\\\/de\\\/das-unternehmen\\\/#primaryimage\"},\"image\":{\"@id\":\"https:\\\/\\\/beta.hymach.it\\\/de\\\/das-unternehmen\\\/#primaryimage\"},\"thumbnailUrl\":\"https:\\\/\\\/www.hymach.it\\\/wp-content\\\/uploads\\\/2012\\\/08\\\/foto-azienda.jpg\",\"datePublished\":\"2012-08-20T16:06:28+00:00\",\"dateModified\":\"2022-10-28T13:34:21+00:00\",\"description\":\"Hymach ist spezialisiert auf die Herstellung und den Verkauf von Gr\u00fcnpflegemaschinen: Freischneider, funkgesteuerte Mulcher und mehr\",\"breadcrumb\":{\"@id\":\"https:\\\/\\\/beta.hymach.it\\\/de\\\/das-unternehmen\\\/#breadcrumb\"},\"inLanguage\":\"de-DE\",\"potentialAction\":[{\"@type\":\"ReadAction\",\"target\":[\"https:\\\/\\\/beta.hymach.it\\\/de\\\/das-unternehmen\\\/\"]}]},{\"@type\":\"ImageObject\",\"inLanguage\":\"de-DE\",\"@id\":\"https:\\\/\\\/beta.hymach.it\\\/de\\\/das-unternehmen\\\/#primaryimage\",\"url\":\"https:\\\/\\\/www.hymach.it\\\/wp-content\\\/uploads\\\/2012\\\/08\\\/foto-azienda.jpg\",\"contentUrl\":\"https:\\\/\\\/www.hymach.it\\\/wp-content\\\/uploads\\\/2012\\\/08\\\/foto-azienda.jpg\"},{\"@type\":\"BreadcrumbList\",\"@id\":\"https:\\\/\\\/beta.hymach.it\\\/de\\\/das-unternehmen\\\/#breadcrumb\",\"itemListElement\":[{\"@type\":\"ListItem\",\"position\":1,\"name\":\"Home\",\"item\":\"https:\\\/\\\/beta.hymach.it\\\/de\\\/\"},{\"@type\":\"ListItem\",\"position\":2,\"name\":\"Hymach: wer wir sind\"}]},{\"@type\":\"WebSite\",\"@id\":\"https:\\\/\\\/beta.hymach.it\\\/de\\\/#website\",\"url\":\"https:\\\/\\\/beta.hymach.it\\\/de\\\/\",\"name\":\"Hymach\",\"description\":\"Macchine per la manutenzione professionale del verde, semoventi portattrezzi multiuso radiocomandati e macchine per il lavaggio di pannelli solari.\",\"publisher\":{\"@id\":\"https:\\\/\\\/beta.hymach.it\\\/de\\\/#organization\"},\"potentialAction\":[{\"@type\":\"SearchAction\",\"target\":{\"@type\":\"EntryPoint\",\"urlTemplate\":\"https:\\\/\\\/beta.hymach.it\\\/de\\\/?s={search_term_string}\"},\"query-input\":{\"@type\":\"PropertyValueSpecification\",\"valueRequired\":true,\"valueName\":\"search_term_string\"}}],\"inLanguage\":\"de-DE\"},{\"@type\":\"Organization\",\"@id\":\"https:\\\/\\\/beta.hymach.it\\\/de\\\/#organization\",\"name\":\"Hymach\",\"url\":\"https:\\\/\\\/beta.hymach.it\\\/de\\\/\",\"logo\":{\"@type\":\"ImageObject\",\"inLanguage\":\"de-DE\",\"@id\":\"https:\\\/\\\/beta.hymach.it\\\/de\\\/#\\\/schema\\\/logo\\\/image\\\/\",\"url\":\"https:\\\/\\\/beta.hymach.it\\\/wp-content\\\/uploads\\\/2024\\\/08\\\/hymach_logo_2026.svg\",\"contentUrl\":\"https:\\\/\\\/beta.hymach.it\\\/wp-content\\\/uploads\\\/2024\\\/08\\\/hymach_logo_2026.svg\",\"width\":777,\"height\":88,\"caption\":\"Hymach\"},\"image\":{\"@id\":\"https:\\\/\\\/beta.hymach.it\\\/de\\\/#\\\/schema\\\/logo\\\/image\\\/\"}}]}<\/script>\n<!-- \/ Yoast SEO plugin. -->","yoast_head_json":{"title":"Hymach: Herstellung und Verkauf von Gr\u00fcnpflegemaschinen","description":"Hymach ist spezialisiert auf die Herstellung und den Verkauf von Gr\u00fcnpflegemaschinen: Freischneider, funkgesteuerte Mulcher und mehr","robots":{"index":"noindex","follow":"follow","max-snippet":"max-snippet:-1","max-image-preview":"max-image-preview:large","max-video-preview":"max-video-preview:-1"},"og_locale":"de_DE","og_type":"article","og_title":"Hymach: Herstellung und Verkauf von Gr\u00fcnpflegemaschinen","og_description":"Hymach ist spezialisiert auf die Herstellung und den Verkauf von Gr\u00fcnpflegemaschinen: Freischneider, funkgesteuerte Mulcher und mehr","og_url":"https:\/\/beta.hymach.it\/de\/das-unternehmen\/","og_site_name":"Hymach","article_modified_time":"2022-10-28T13:34:21+00:00","og_image":[{"width":360,"height":170,"url":"https:\/\/beta.hymach.it\/wp-content\/uploads\/2012\/08\/foto-azienda.jpg","type":"image\/jpeg"}],"twitter_misc":{"Est. reading time":"4 minutes"},"schema":{"@context":"https:\/\/schema.org","@graph":[{"@type":"WebPage","@id":"https:\/\/beta.hymach.it\/de\/das-unternehmen\/","url":"https:\/\/beta.hymach.it\/de\/das-unternehmen\/","name":"Hymach: Herstellung und Verkauf von Gr\u00fcnpflegemaschinen","isPartOf":{"@id":"https:\/\/beta.hymach.it\/de\/#website"},"primaryImageOfPage":{"@id":"https:\/\/beta.hymach.it\/de\/das-unternehmen\/#primaryimage"},"image":{"@id":"https:\/\/beta.hymach.it\/de\/das-unternehmen\/#primaryimage"},"thumbnailUrl":"https:\/\/www.hymach.it\/wp-content\/uploads\/2012\/08\/foto-azienda.jpg","datePublished":"2012-08-20T16:06:28+00:00","dateModified":"2022-10-28T13:34:21+00:00","description":"Hymach ist spezialisiert auf die Herstellung und den Verkauf von Gr\u00fcnpflegemaschinen: Freischneider, funkgesteuerte Mulcher und mehr","breadcrumb":{"@id":"https:\/\/beta.hymach.it\/de\/das-unternehmen\/#breadcrumb"},"inLanguage":"de-DE","potentialAction":[{"@type":"ReadAction","target":["https:\/\/beta.hymach.it\/de\/das-unternehmen\/"]}]},{"@type":"ImageObject","inLanguage":"de-DE","@id":"https:\/\/beta.hymach.it\/de\/das-unternehmen\/#primaryimage","url":"https:\/\/www.hymach.it\/wp-content\/uploads\/2012\/08\/foto-azienda.jpg","contentUrl":"https:\/\/www.hymach.it\/wp-content\/uploads\/2012\/08\/foto-azienda.jpg"},{"@type":"BreadcrumbList","@id":"https:\/\/beta.hymach.it\/de\/das-unternehmen\/#breadcrumb","itemListElement":[{"@type":"ListItem","position":1,"name":"Home","item":"https:\/\/beta.hymach.it\/de\/"},{"@type":"ListItem","position":2,"name":"Hymach: wer wir sind"}]},{"@type":"WebSite","@id":"https:\/\/beta.hymach.it\/de\/#website","url":"https:\/\/beta.hymach.it\/de\/","name":"Hymach","description":"Macchine per la manutenzione professionale del verde, semoventi portattrezzi multiuso radiocomandati e macchine per il lavaggio di pannelli solari.","publisher":{"@id":"https:\/\/beta.hymach.it\/de\/#organization"},"potentialAction":[{"@type":"SearchAction","target":{"@type":"EntryPoint","urlTemplate":"https:\/\/beta.hymach.it\/de\/?s={search_term_string}"},"query-input":{"@type":"PropertyValueSpecification","valueRequired":true,"valueName":"search_term_string"}}],"inLanguage":"de-DE"},{"@type":"Organization","@id":"https:\/\/beta.hymach.it\/de\/#organization","name":"Hymach","url":"https:\/\/beta.hymach.it\/de\/","logo":{"@type":"ImageObject","inLanguage":"de-DE","@id":"https:\/\/beta.hymach.it\/de\/#\/schema\/logo\/image\/","url":"https:\/\/beta.hymach.it\/wp-content\/uploads\/2024\/08\/hymach_logo_2026.svg","contentUrl":"https:\/\/beta.hymach.it\/wp-content\/uploads\/2024\/08\/hymach_logo_2026.svg","width":777,"height":88,"caption":"Hymach"},"image":{"@id":"https:\/\/beta.hymach.it\/de\/#\/schema\/logo\/image\/"}}]}},"_links":{"self":[{"href":"https:\/\/beta.hymach.it\/de\/wp-json\/wp\/v2\/pages\/2101","targetHints":{"allow":["GET"]}}],"collection":[{"href":"https:\/\/beta.hymach.it\/de\/wp-json\/wp\/v2\/pages"}],"about":[{"href":"https:\/\/beta.hymach.it\/de\/wp-json\/wp\/v2\/types\/page"}],"author":[{"embeddable":true,"href":"https:\/\/beta.hymach.it\/de\/wp-json\/wp\/v2\/users\/1"}],"replies":[{"embeddable":true,"href":"https:\/\/beta.hymach.it\/de\/wp-json\/wp\/v2\/comments?post=2101"}],"version-history":[{"count":2,"href":"https:\/\/beta.hymach.it\/de\/wp-json\/wp\/v2\/pages\/2101\/revisions"}],"predecessor-version":[{"id":7157,"href":"https:\/\/beta.hymach.it\/de\/wp-json\/wp\/v2\/pages\/2101\/revisions\/7157"}],"wp:attachment":[{"href":"https:\/\/beta.hymach.it\/de\/wp-json\/wp\/v2\/media?parent=2101"}],"wp:term":[{"taxonomy":"category","embeddable":true,"href":"https:\/\/beta.hymach.it\/de\/wp-json\/wp\/v2\/categories?post=2101"},{"taxonomy":"sector","embeddable":true,"href":"https:\/\/beta.hymach.it\/de\/wp-json\/wp\/v2\/sector?post=2101"},{"taxonomy":"carrier","embeddable":true,"href":"https:\/\/beta.hymach.it\/de\/wp-json\/wp\/v2\/carrier?post=2101"},{"taxonomy":"cat-page","embeddable":true,"href":"https:\/\/beta.hymach.it\/de\/wp-json\/wp\/v2\/cat-page?post=2101"},{"taxonomy":"product-category","embeddable":true,"href":"https:\/\/beta.hymach.it\/de\/wp-json\/wp\/v2\/product-category?post=2101"}],"curies":[{"name":"wp","href":"https:\/\/api.w.org\/{rel}","templated":true}]}}