{"id":2148,"date":"2012-08-22T10:43:18","date_gmt":"2012-08-22T08:43:18","guid":{"rendered":"https:\/\/www.hymach.it\/decespugliatrici-trinciatrici\/"},"modified":"2022-10-28T15:43:52","modified_gmt":"2022-10-28T13:43:52","slug":"produkte","status":"publish","type":"page","link":"https:\/\/beta.hymach.it\/de\/produkte\/","title":{"rendered":"Produkte Hymach"},"content":{"rendered":"<div class=\"section-page section-alt\">\n<div class=\"grid-container\">\n<div class=\"grid-x grid-padding-x\">\n<div class=\"large-12 cell\">\n<h3 class=\"section-title\">Ausr\u00fcstungen f\u00fcr die Instandhaltung von Gr\u00fcnfl\u00e4chen<\/h3>\n<p><img fetchpriority=\"high\" decoding=\"async\" class=\"alignright size-medium wp-image-1670\" src=\"https:\/\/www.hymach.it\/wp-content\/uploads\/2017\/12\/gamma-1-300x225.jpg\" alt=\"\" width=\"300\" height=\"225\" srcset=\"https:\/\/beta.hymach.it\/wp-content\/uploads\/2017\/12\/gamma-1-300x225.jpg 300w, https:\/\/beta.hymach.it\/wp-content\/uploads\/2017\/12\/gamma-1-768x576.jpg 768w, https:\/\/beta.hymach.it\/wp-content\/uploads\/2017\/12\/gamma-1-480x360.jpg 480w, https:\/\/beta.hymach.it\/wp-content\/uploads\/2017\/12\/gamma-1.jpg 800w\" sizes=\"(max-width: 300px) 100vw, 300px\" \/><br \/>\nHymach produziert zahlreiche gr\u00fcne Wartungsger\u00e4te:<\/p>\n<ul>\n<li><strong>Schneidemaschinen mit hydraulischem Arm f\u00fcr Instandhaltungsarbeiten von Gr\u00fcnfl\u00e4chen<\/strong> an Stra\u00dfen und Autobahnen , Abh\u00e4ngen, B\u00f6schungen \u2013auch tiefen-, Ufern von Fliessgew\u00e4ssern sowie in l\u00e4ndlichen Gebieten;<\/li>\n<li><strong>Schneidemaschinen mit Ansaugung<\/strong> des geschnittenen Materials f\u00fcr Instandhaltungsarbeiten von Gr\u00fcnfl\u00e4chen an Stra\u00dfen und Autobahnen, Abh\u00e4ngen, B\u00f6schungen \u2013auch tiefen-, Ufern von Fliessgew\u00e4ssern und in l\u00e4ndlichen Gebieten, wo die Entfernung von M\u00e4h-\/Schnittr\u00fcckst\u00e4nden erforderlich ist;<\/li>\n<li><strong>Schneidemaschinen mit Spreizfunktion<\/strong> f\u00fcr Instandhaltungsarbeiten von Gr\u00fcnfl\u00e4chen am Stra\u00dfenrand in Gegenwart von Barrieren, Bordsteinkanten, Pf\u00e4hlen und B\u00e4umen etc;<\/li>\n<li><strong>Heckenschneider f\u00fcr die Instandhaltungspflege<\/strong> von Hecken an Stra\u00dfenr\u00e4ndern, Verkehrsinseln sowie Abgrenzungen von st\u00e4dtischen Parks, l\u00e4ndlichen Gebieten etc.<\/li>\n<\/ul>\n<\/div>\n<\/div>\n<\/div>\n<\/div>\n<div class=\"section-page\">\n<div class=\"grid-container\">\n<div class=\"grid-x grid-padding-x\">\n<div class=\"large-12 cell\">\n<h3 class=\"section-title\">Reinigungsger\u00e4te<\/h3>\n<p><img decoding=\"async\" class=\"alignleft size-medium wp-image-1674\" src=\"https:\/\/www.hymach.it\/wp-content\/uploads\/2017\/12\/gamma-2-300x225.jpg\" alt=\"\" width=\"300\" height=\"225\" srcset=\"https:\/\/beta.hymach.it\/wp-content\/uploads\/2017\/12\/gamma-2-300x225.jpg 300w, https:\/\/beta.hymach.it\/wp-content\/uploads\/2017\/12\/gamma-2-768x576.jpg 768w, https:\/\/beta.hymach.it\/wp-content\/uploads\/2017\/12\/gamma-2-480x360.jpg 480w, https:\/\/beta.hymach.it\/wp-content\/uploads\/2017\/12\/gamma-2.jpg 800w\" sizes=\"(max-width: 300px) 100vw, 300px\" \/><br \/>\nWir produzieren auch professionelle Reinigungsger\u00e4te:<\/p>\n<ul>\n<li>B\u00fcrstenmaschinen mit hydraulischem Arm zur Reinigung der aktiven Fl\u00e4che von Photovoltaik-Platten auf Solarfeldern, der Strukturen von Zuchtanlagen und Gew\u00e4chsh\u00e4usern;<\/li>\n<li>B\u00fcrstenmaschinen mit hydraulischem Arm f\u00fcr die Reinigung der Paneele von Stra\u00dfensperren, Beschilderungen und Tunneln;<\/li>\n<li>B\u00fcrstenmaschinen zur Regeneration von Leitplanken und Holzbarrieren.<\/li>\n<\/ul>\n<\/div>\n<\/div>\n<\/div>\n<\/div>\n<div class=\"section-page section-alt\">\n<div class=\"grid-container\">\n<div class=\"grid-x grid-padding-x\">\n<div class=\"large-12 cell\">\n<h3 class=\"section-title\">Anwendung von Hymach-Ger\u00e4ten<\/h3>\n<p><img decoding=\"async\" class=\"alignright size-medium wp-image-1676\" src=\"https:\/\/www.hymach.it\/wp-content\/uploads\/2017\/12\/gamma-3-300x225.jpg\" alt=\"\" width=\"300\" height=\"225\" srcset=\"https:\/\/beta.hymach.it\/wp-content\/uploads\/2017\/12\/gamma-3-300x225.jpg 300w, https:\/\/beta.hymach.it\/wp-content\/uploads\/2017\/12\/gamma-3-768x576.jpg 768w, https:\/\/beta.hymach.it\/wp-content\/uploads\/2017\/12\/gamma-3-480x360.jpg 480w, https:\/\/beta.hymach.it\/wp-content\/uploads\/2017\/12\/gamma-3.jpg 800w\" sizes=\"(max-width: 300px) 100vw, 300px\" \/><br \/>\nHymach Ausr\u00fcstung kann angewendet werden:<\/p>\n<ul>\n<li>am vorderen und hinteren Heber von Traktoren;<\/li>\n<li>in zentraler Position an Traktoren mit speziell gefertigtem Kopplungsrahmen;<\/li>\n<li>an selbstfahrende Ger\u00e4tetr\u00e4ger mit vorder- oder r\u00fcckseitigen Befestigungspunkten oder am Tr\u00e4gerrahmen;<\/li>\n<li>an der Ger\u00e4tetr\u00e4ger-Platte oder am Kasten von Nutzfahrzeugen mittels eines demontierbaren speziell angefertigten Rahmens.<\/li>\n<\/ul>\n<\/div>\n<\/div>\n<\/div>\n<\/div>\n<div class=\"section-page\">\n<div class=\"grid-container\">\n<div class=\"grid-x grid-padding-x\">\n<div class=\"large-12 cell\">\n<h3 class=\"section-title\">Design und Produktion von Hymach-Ger\u00e4ten<\/h3>\n<p>Alle Ger\u00e4te werden intern konzipiert, dann Schritt f\u00fcr Schritt w\u00e4hrend des Produktionszyklus verfolgt und zum Schluss einzeln gepr\u00fcft.<\/p>\n<p>Die Strukturen, welche der Belastung der Lebenszyklen des Armes standzuhalten haben, sind aus qualitativ hochwertigem Stahl gefertigt. Die Grundelemente der Gelenke, Buchsen und Stifte bestehen aus Stahl, welcher einem H\u00e4rte- und Schleifverfahren unterzogen wurde, wodurch seine Resistenz erh\u00f6ht sowie die Funktion optimiert wird, was die Lebensdauer verl\u00e4ngert. Die mit Steuerventilen ausgestatteten Buchsen garantieren dabei eine hervorragende Man\u00f6vrierf\u00e4higkeit.<\/p>\n<p>Die Hauptkomponenten des Betriebssystems wie Pumpen und Motor, Multiplikator, Verteiler und K\u00fchler \u2013ausgew\u00e4hlt unter den von den besten Marken auf dem Markt vorgeschlagenen Produkten auf der Basis von Kapazit\u00e4t und Zuverl\u00e4ssigkeit bestimmen dagegen die hohe Effizienz in Leistung und Produktivit\u00e4t.<\/p>\n<p>Auch die Details unterliegen gr\u00f6\u00dfter Aufmerksamkeit, daher wird keine einzige Komponente \u2013selbst die am wenigsten wichtig erscheinende- zuf\u00e4llig gew\u00e4hlt, sondern sorgf\u00e4ltig studiert und dann ausgew\u00e4hlt, denn nur so ist eine bestm\u00f6gliche Funktion garantiert.<\/p>\n<p>Die gro\u00dfe Vielfalt an verf\u00fcgbaren Zubeh\u00f6r-Kopfteilen machen die Vorrichtungen \u00e4u\u00dferst vielseitig, dadurch dass man sie f\u00fcr verschiedene Eins\u00e4tze verwenden kann: H\u00e4cksler mit einer zweckm\u00e4\u00dfigen Schnittbreite von bis zu 2 Metern, H\u00e4cksler f\u00fcr Forstarbeiten, B\u00f6schungsm\u00e4her, Ger\u00e4te zum Reinigen von Gr\u00e4ben, Ger\u00e4tebarren zum Schneiden von R\u00fcmpfen und Ge\u00e4st, M\u00e4hbalken, Fadenk\u00f6pfe, B\u00fcrstenmaschinen, Heckenschneider.<\/p>\n<\/div>\n<\/div>\n<\/div>\n<\/div>\n<div class=\"section-page section-alt\">\n<div class=\"grid-container\">\n<div class=\"grid-x grid-padding-x\">\n<div class=\"large-12 cell\">\n<h3 class=\"section-title\">Sonderausstattungen<\/h3>\n<p><img loading=\"lazy\" decoding=\"async\" class=\"alignright size-medium wp-image-1678\" src=\"https:\/\/www.hymach.it\/wp-content\/uploads\/2017\/12\/gamma-5-225x300.jpg\" alt=\"\" width=\"225\" height=\"300\" srcset=\"https:\/\/beta.hymach.it\/wp-content\/uploads\/2017\/12\/gamma-5-225x300.jpg 225w, https:\/\/beta.hymach.it\/wp-content\/uploads\/2017\/12\/gamma-5.jpg 600w\" sizes=\"(max-width: 225px) 100vw, 225px\" \/><br \/>\nZur Gestaltung der am besten geeigneten Maschinen f\u00fcr die unterschiedlichen Arbeitsanforderungen sind verschiedene Sonderausstattungen erh\u00e4ltlich, darunter:<\/p>\n<ul>\n<li>Pumpen und Kolbenmotoren, mit geschlossenem oder offenen Kreis;<\/li>\n<li>elektro-hydraulische Verteilerspulen mit Funktionen, die \u00fcber Einhand-Joysticks kontrolliert werden, welche die Handhabung und die Sensibilit\u00e4t der Bedienungselemente erh\u00f6hen und ausgew\u00e4hlt werden k\u00f6nnen unter den diversen Typologien je nach gew\u00fcnschter Funktionalit\u00e4t;<\/li>\n<li>Frontstabilisator mit Steuervorrichtung zum Blockieren\/Entriegeln von der Kabine aus f\u00fcr eine verbesserte Benutzerfreundlichkeit;<\/li>\n<li>Floating-System, welches den gesamten Arbeitsapparat (Arm und Kopfteil) effektiv schwebend h\u00e4lt mit kontinuierlicher Anpassung an den Boden, mit dem Ergebnis, dass eine reale konstante Schnitth\u00f6he eingehalten wird, was zu einem gleichm\u00e4\u00dfigen Schnitt und zu einer gesteigerten Produktivit\u00e4t f\u00fchrt;<\/li>\n<li>St\u00fctzrad mit entsprechendem System zum Wiedereintritt in das Einheitsformat, was die erforderliche Ballastmenge reduziert, um das Gleichgewicht des Traktors bei ausgestrecktem Arm wiederherzustellen;<\/li>\n<li>dritter Gelenkpunkt des Arbeitsarms, um das Arbeiten an engen Stra\u00dfen zu erleichtern, ohne die Fahrbahn zu behindern, und um die Schnittarbeiten an B\u00f6schungen zu erleichtern, dadurch, dass man die M\u00f6glichkeit hat, sich nahe am Rand der Stra\u00dfe zu halten;<\/li>\n<li>Schwenkverbindung, die eine Drehung des Kopfteils von 360\u00b0 in Relation zur horizontalen Ebene erm\u00f6glicht und sich mit der Schnitt\u00f6ffnung nach hinten konfiguriert, was besonders dann n\u00fctzlich ist, wenn man die Vorteile der R\u00fcckw\u00e4rtsfahrt nutzen m\u00f6chte, mit der die Traktoren teilweise ausgestattet sein k\u00f6nnen, und um sowohl in normaler als auch entgegengesetzter Fahrtrichtung arbeiten zu k\u00f6nnen;<\/li>\n<li>Gebl\u00e4se zur S\u00e4uberung der Stra\u00dfenoberfl\u00e4che vom zerkleinerten Material.<\/li>\n<\/ul>\n<p>Die Maschinen der Basisversion sind konzipiert zum Ausf\u00fchren der Arbeiten auf der rechten Seite des Fahrzeugs, jedoch ist die Realisierung zum Arbeiten auch auf der linken Seite bereits vorgesehen.<\/p>\n<\/div>\n<\/div>\n<\/div>\n<\/div>\n<p>&nbsp;<\/p>\n","protected":false},"excerpt":{"rendered":"<p>Hymach produziert professionelle Maschinen, die sich durch Leistung, Innovation und Sicherheit auszeichnen. Um h\u00f6chste Qualit\u00e4t zu gew\u00e4hrleisten, f\u00fchrt Hymach umfangreiche Tests an jedem Produkt durch. Der Hymach-Maschinenpark umfasst 10 Kategorien: Front-Freischneider, Freischneider, Zentral-Freischneider, Profi-Freischneider, Absaug-Freischneider, Profi-Zerkleinerungsmaschinen, Freischneider f\u00fcr LKW, Schneidk\u00f6pfe, Werkzeugk\u00f6pfe, Reiniger f\u00fcr Photovoltaikmodule und mehr.<\/p>\n","protected":false},"author":1,"featured_media":3001,"parent":0,"menu_order":66,"comment_status":"open","ping_status":"closed","template":"elementor_header_footer","meta":{"_acf_changed":false,"footnotes":""},"categories":[],"sector":[],"carrier":[],"cat-page":[],"product-category":[],"class_list":["post-2148","page","type-page","status-publish","has-post-thumbnail","hentry"],"acf":[],"yoast_head":"<!-- This site is optimized with the Yoast SEO plugin v27.5 - https:\/\/yoast.com\/product\/yoast-seo-wordpress\/ -->\n<title>Hymach-Maschinen f\u00fcr die Gr\u00fcnpflege und professionelle Reinigung<\/title>\n<meta name=\"description\" content=\"Hymach ist spezialisiert auf den Verkauf und die Vermietung von Maschinen f\u00fcr die Gr\u00fcnpflege, aber auch f\u00fcr professionelle Reinigungsmaschinen.\" \/>\n<meta name=\"robots\" content=\"noindex, follow, max-snippet:-1, max-image-preview:large, max-video-preview:-1\" \/>\n<meta property=\"og:locale\" content=\"de_DE\" \/>\n<meta property=\"og:type\" content=\"article\" \/>\n<meta property=\"og:title\" content=\"Hymach-Maschinen f\u00fcr die Gr\u00fcnpflege und professionelle Reinigung\" \/>\n<meta property=\"og:description\" content=\"Hymach ist spezialisiert auf den Verkauf und die Vermietung von Maschinen f\u00fcr die Gr\u00fcnpflege, aber auch f\u00fcr professionelle Reinigungsmaschinen.\" \/>\n<meta property=\"og:url\" content=\"https:\/\/beta.hymach.it\/de\/produkte\/\" \/>\n<meta property=\"og:site_name\" content=\"Hymach\" \/>\n<meta property=\"article:modified_time\" content=\"2022-10-28T13:43:52+00:00\" \/>\n<meta property=\"og:image\" content=\"https:\/\/beta.hymach.it\/wp-content\/uploads\/2017\/11\/TDH-SM600-TR-se.jpg\" \/>\n\t<meta property=\"og:image:width\" content=\"1920\" \/>\n\t<meta property=\"og:image:height\" content=\"300\" \/>\n\t<meta property=\"og:image:type\" content=\"image\/jpeg\" \/>\n<meta name=\"twitter:label1\" content=\"Est. reading time\" \/>\n\t<meta name=\"twitter:data1\" content=\"5 minutes\" \/>\n<script type=\"application\/ld+json\" class=\"yoast-schema-graph\">{\"@context\":\"https:\\\/\\\/schema.org\",\"@graph\":[{\"@type\":\"WebPage\",\"@id\":\"https:\\\/\\\/beta.hymach.it\\\/de\\\/produkte\\\/\",\"url\":\"https:\\\/\\\/beta.hymach.it\\\/de\\\/produkte\\\/\",\"name\":\"Hymach-Maschinen f\u00fcr die Gr\u00fcnpflege und professionelle Reinigung\",\"isPartOf\":{\"@id\":\"https:\\\/\\\/beta.hymach.it\\\/de\\\/#website\"},\"primaryImageOfPage\":{\"@id\":\"https:\\\/\\\/beta.hymach.it\\\/de\\\/produkte\\\/#primaryimage\"},\"image\":{\"@id\":\"https:\\\/\\\/beta.hymach.it\\\/de\\\/produkte\\\/#primaryimage\"},\"thumbnailUrl\":\"https:\\\/\\\/beta.hymach.it\\\/wp-content\\\/uploads\\\/2017\\\/11\\\/TDH-SM600-TR-se.jpg\",\"datePublished\":\"2012-08-22T08:43:18+00:00\",\"dateModified\":\"2022-10-28T13:43:52+00:00\",\"description\":\"Hymach ist spezialisiert auf den Verkauf und die Vermietung von Maschinen f\u00fcr die Gr\u00fcnpflege, aber auch f\u00fcr professionelle Reinigungsmaschinen.\",\"breadcrumb\":{\"@id\":\"https:\\\/\\\/beta.hymach.it\\\/de\\\/produkte\\\/#breadcrumb\"},\"inLanguage\":\"de-DE\",\"potentialAction\":[{\"@type\":\"ReadAction\",\"target\":[\"https:\\\/\\\/beta.hymach.it\\\/de\\\/produkte\\\/\"]}]},{\"@type\":\"ImageObject\",\"inLanguage\":\"de-DE\",\"@id\":\"https:\\\/\\\/beta.hymach.it\\\/de\\\/produkte\\\/#primaryimage\",\"url\":\"https:\\\/\\\/beta.hymach.it\\\/wp-content\\\/uploads\\\/2017\\\/11\\\/TDH-SM600-TR-se.jpg\",\"contentUrl\":\"https:\\\/\\\/beta.hymach.it\\\/wp-content\\\/uploads\\\/2017\\\/11\\\/TDH-SM600-TR-se.jpg\",\"width\":1920,\"height\":300},{\"@type\":\"BreadcrumbList\",\"@id\":\"https:\\\/\\\/beta.hymach.it\\\/de\\\/produkte\\\/#breadcrumb\",\"itemListElement\":[{\"@type\":\"ListItem\",\"position\":1,\"name\":\"Home\",\"item\":\"https:\\\/\\\/beta.hymach.it\\\/de\\\/\"},{\"@type\":\"ListItem\",\"position\":2,\"name\":\"Produkte Hymach\"}]},{\"@type\":\"WebSite\",\"@id\":\"https:\\\/\\\/beta.hymach.it\\\/de\\\/#website\",\"url\":\"https:\\\/\\\/beta.hymach.it\\\/de\\\/\",\"name\":\"Hymach\",\"description\":\"Macchine per la manutenzione professionale del verde, semoventi portattrezzi multiuso radiocomandati e macchine per il lavaggio di pannelli solari.\",\"publisher\":{\"@id\":\"https:\\\/\\\/beta.hymach.it\\\/de\\\/#organization\"},\"potentialAction\":[{\"@type\":\"SearchAction\",\"target\":{\"@type\":\"EntryPoint\",\"urlTemplate\":\"https:\\\/\\\/beta.hymach.it\\\/de\\\/?s={search_term_string}\"},\"query-input\":{\"@type\":\"PropertyValueSpecification\",\"valueRequired\":true,\"valueName\":\"search_term_string\"}}],\"inLanguage\":\"de-DE\"},{\"@type\":\"Organization\",\"@id\":\"https:\\\/\\\/beta.hymach.it\\\/de\\\/#organization\",\"name\":\"Hymach\",\"url\":\"https:\\\/\\\/beta.hymach.it\\\/de\\\/\",\"logo\":{\"@type\":\"ImageObject\",\"inLanguage\":\"de-DE\",\"@id\":\"https:\\\/\\\/beta.hymach.it\\\/de\\\/#\\\/schema\\\/logo\\\/image\\\/\",\"url\":\"https:\\\/\\\/beta.hymach.it\\\/wp-content\\\/uploads\\\/2024\\\/08\\\/hymach_logo_2026.svg\",\"contentUrl\":\"https:\\\/\\\/beta.hymach.it\\\/wp-content\\\/uploads\\\/2024\\\/08\\\/hymach_logo_2026.svg\",\"width\":777,\"height\":88,\"caption\":\"Hymach\"},\"image\":{\"@id\":\"https:\\\/\\\/beta.hymach.it\\\/de\\\/#\\\/schema\\\/logo\\\/image\\\/\"}}]}<\/script>\n<!-- \/ Yoast SEO plugin. -->","yoast_head_json":{"title":"Hymach-Maschinen f\u00fcr die Gr\u00fcnpflege und professionelle Reinigung","description":"Hymach ist spezialisiert auf den Verkauf und die Vermietung von Maschinen f\u00fcr die Gr\u00fcnpflege, aber auch f\u00fcr professionelle Reinigungsmaschinen.","robots":{"index":"noindex","follow":"follow","max-snippet":"max-snippet:-1","max-image-preview":"max-image-preview:large","max-video-preview":"max-video-preview:-1"},"og_locale":"de_DE","og_type":"article","og_title":"Hymach-Maschinen f\u00fcr die Gr\u00fcnpflege und professionelle Reinigung","og_description":"Hymach ist spezialisiert auf den Verkauf und die Vermietung von Maschinen f\u00fcr die Gr\u00fcnpflege, aber auch f\u00fcr professionelle Reinigungsmaschinen.","og_url":"https:\/\/beta.hymach.it\/de\/produkte\/","og_site_name":"Hymach","article_modified_time":"2022-10-28T13:43:52+00:00","og_image":[{"width":1920,"height":300,"url":"https:\/\/beta.hymach.it\/wp-content\/uploads\/2017\/11\/TDH-SM600-TR-se.jpg","type":"image\/jpeg"}],"twitter_misc":{"Est. reading time":"5 minutes"},"schema":{"@context":"https:\/\/schema.org","@graph":[{"@type":"WebPage","@id":"https:\/\/beta.hymach.it\/de\/produkte\/","url":"https:\/\/beta.hymach.it\/de\/produkte\/","name":"Hymach-Maschinen f\u00fcr die Gr\u00fcnpflege und professionelle Reinigung","isPartOf":{"@id":"https:\/\/beta.hymach.it\/de\/#website"},"primaryImageOfPage":{"@id":"https:\/\/beta.hymach.it\/de\/produkte\/#primaryimage"},"image":{"@id":"https:\/\/beta.hymach.it\/de\/produkte\/#primaryimage"},"thumbnailUrl":"https:\/\/beta.hymach.it\/wp-content\/uploads\/2017\/11\/TDH-SM600-TR-se.jpg","datePublished":"2012-08-22T08:43:18+00:00","dateModified":"2022-10-28T13:43:52+00:00","description":"Hymach ist spezialisiert auf den Verkauf und die Vermietung von Maschinen f\u00fcr die Gr\u00fcnpflege, aber auch f\u00fcr professionelle Reinigungsmaschinen.","breadcrumb":{"@id":"https:\/\/beta.hymach.it\/de\/produkte\/#breadcrumb"},"inLanguage":"de-DE","potentialAction":[{"@type":"ReadAction","target":["https:\/\/beta.hymach.it\/de\/produkte\/"]}]},{"@type":"ImageObject","inLanguage":"de-DE","@id":"https:\/\/beta.hymach.it\/de\/produkte\/#primaryimage","url":"https:\/\/beta.hymach.it\/wp-content\/uploads\/2017\/11\/TDH-SM600-TR-se.jpg","contentUrl":"https:\/\/beta.hymach.it\/wp-content\/uploads\/2017\/11\/TDH-SM600-TR-se.jpg","width":1920,"height":300},{"@type":"BreadcrumbList","@id":"https:\/\/beta.hymach.it\/de\/produkte\/#breadcrumb","itemListElement":[{"@type":"ListItem","position":1,"name":"Home","item":"https:\/\/beta.hymach.it\/de\/"},{"@type":"ListItem","position":2,"name":"Produkte Hymach"}]},{"@type":"WebSite","@id":"https:\/\/beta.hymach.it\/de\/#website","url":"https:\/\/beta.hymach.it\/de\/","name":"Hymach","description":"Macchine per la manutenzione professionale del verde, semoventi portattrezzi multiuso radiocomandati e macchine per il lavaggio di pannelli solari.","publisher":{"@id":"https:\/\/beta.hymach.it\/de\/#organization"},"potentialAction":[{"@type":"SearchAction","target":{"@type":"EntryPoint","urlTemplate":"https:\/\/beta.hymach.it\/de\/?s={search_term_string}"},"query-input":{"@type":"PropertyValueSpecification","valueRequired":true,"valueName":"search_term_string"}}],"inLanguage":"de-DE"},{"@type":"Organization","@id":"https:\/\/beta.hymach.it\/de\/#organization","name":"Hymach","url":"https:\/\/beta.hymach.it\/de\/","logo":{"@type":"ImageObject","inLanguage":"de-DE","@id":"https:\/\/beta.hymach.it\/de\/#\/schema\/logo\/image\/","url":"https:\/\/beta.hymach.it\/wp-content\/uploads\/2024\/08\/hymach_logo_2026.svg","contentUrl":"https:\/\/beta.hymach.it\/wp-content\/uploads\/2024\/08\/hymach_logo_2026.svg","width":777,"height":88,"caption":"Hymach"},"image":{"@id":"https:\/\/beta.hymach.it\/de\/#\/schema\/logo\/image\/"}}]}},"_links":{"self":[{"href":"https:\/\/beta.hymach.it\/de\/wp-json\/wp\/v2\/pages\/2148","targetHints":{"allow":["GET"]}}],"collection":[{"href":"https:\/\/beta.hymach.it\/de\/wp-json\/wp\/v2\/pages"}],"about":[{"href":"https:\/\/beta.hymach.it\/de\/wp-json\/wp\/v2\/types\/page"}],"author":[{"embeddable":true,"href":"https:\/\/beta.hymach.it\/de\/wp-json\/wp\/v2\/users\/1"}],"replies":[{"embeddable":true,"href":"https:\/\/beta.hymach.it\/de\/wp-json\/wp\/v2\/comments?post=2148"}],"version-history":[{"count":4,"href":"https:\/\/beta.hymach.it\/de\/wp-json\/wp\/v2\/pages\/2148\/revisions"}],"predecessor-version":[{"id":7160,"href":"https:\/\/beta.hymach.it\/de\/wp-json\/wp\/v2\/pages\/2148\/revisions\/7160"}],"wp:featuredmedia":[{"embeddable":true,"href":"https:\/\/beta.hymach.it\/de\/wp-json\/wp\/v2\/media\/3001"}],"wp:attachment":[{"href":"https:\/\/beta.hymach.it\/de\/wp-json\/wp\/v2\/media?parent=2148"}],"wp:term":[{"taxonomy":"category","embeddable":true,"href":"https:\/\/beta.hymach.it\/de\/wp-json\/wp\/v2\/categories?post=2148"},{"taxonomy":"sector","embeddable":true,"href":"https:\/\/beta.hymach.it\/de\/wp-json\/wp\/v2\/sector?post=2148"},{"taxonomy":"carrier","embeddable":true,"href":"https:\/\/beta.hymach.it\/de\/wp-json\/wp\/v2\/carrier?post=2148"},{"taxonomy":"cat-page","embeddable":true,"href":"https:\/\/beta.hymach.it\/de\/wp-json\/wp\/v2\/cat-page?post=2148"},{"taxonomy":"product-category","embeddable":true,"href":"https:\/\/beta.hymach.it\/de\/wp-json\/wp\/v2\/product-category?post=2148"}],"curies":[{"name":"wp","href":"https:\/\/api.w.org\/{rel}","templated":true}]}}