{"id":2169,"date":"2012-08-27T09:43:41","date_gmt":"2012-08-27T07:43:41","guid":{"rendered":"https:\/\/www.hymach.it\/produkte\/decespugliatrici-frontali\/"},"modified":"2023-08-08T17:46:19","modified_gmt":"2023-08-08T15:46:19","slug":"frontbetriebene-maschinen","status":"publish","type":"page","link":"https:\/\/beta.hymach.it\/de\/frontbetriebene-maschinen\/","title":{"rendered":"Frontbetriebene Maschinen Hymach"},"content":{"rendered":"<h2>Aufbau und Komponenten von Frontal-Freischneidern<\/h2>\n<p>Geeignete Schneidemaschinen zum vorderen Anbringen an Traktoren bzw. an deren vorderen Heber mit Dreipunktaufh\u00e4ngung oder mittels Kopplungsrahmen an der Platte des Ger\u00e4tetr\u00e4gers, und mit Funktion \u00fcber die Verbindung mit deren Zapfwellenantrieb <strong>(PTO).<\/strong><br \/>\nAll diese Maschinen \u2013so wie auch andere individuelle Modelle unter den heckbetriebenen- k\u00f6nnen frontal auf Ger\u00e4tetr\u00e4ger-Fahrzeuge wie Lastwagen, Schaufelbagger, Bagger oder jegliches andere selbstangetriebene Fahrzeug installiert werden, welches geeignet ist und \u2013sofern dieses \u00fcber eine ad\u00e4quate Anlage verf\u00fcgt- direkt \u00fcber dessen Betriebsanlage funktionieren.<br \/>\nDie verschiedenen Serien im Katalog unterscheiden sich bei der Konstruktion des Formarmes nach L\u00e4nge sowie nach den anzubringenden Terminal-Werkzeugen.<\/p>\n<p><strong>Unsere Front-Schneidemaschinen sind angelehnt<\/strong> an diejenigen mit langen hydraulischen Arme, mit denen wir einst unsere gesch\u00e4ftliche Aktivit\u00e4t begonnen haben, und sie sind konstruiert nach dem gleichen Produktschema: robust, funktional und effizient.<br \/>\nDie Strukturen, hergestellt um der Belastung der Lebenszyklen des Armes standzuhalten, sind aus qualitativ hochwertigem Stahl gefertigt. Die Grundelemente der Gelenke, Buchsen und Stifte bestehen aus Stahl, welcher einem H\u00e4rte- und Schleifverfahren unterzogen wurde, wodurch seine Resistenz erh\u00f6ht sowie die Funktion optimiert wird, was die Lebensdauer verl\u00e4ngert. Die mit Steuerventilen ausgestatteten Buchsen garantieren dabei eine hervorragende Man\u00f6vrierf\u00e4higkeit.<\/p>\n","protected":false},"excerpt":{"rendered":"<p>All diese Maschinen \u2013so wie auch andere individuelle Modelle unter den heckbetriebenen- k\u00f6nnen frontal auf Ger\u00e4tetr\u00e4ger-Fahrzeuge wie Lastwagen, Schaufelbagger, Bagger oder jegliches andere selbstangetriebene Fahrzeug installiert werden, welches geeignet ist und \u2013sofern dieses \u00fcber eine ad\u00e4quate Anlage verf\u00fcgt- direkt \u00fcber dessen Betriebsanlage funktionieren.<br \/>\nDie verschiedenen Serien im Katalog unterscheiden sich bei der Konstruktion des Formarmes nach L\u00e4nge sowie nach den anzubringenden Terminal-Werkzeugen.<\/p>\n","protected":false},"author":1,"featured_media":12519,"parent":0,"menu_order":206,"comment_status":"closed","ping_status":"closed","template":"","meta":{"_acf_changed":false,"footnotes":""},"categories":[],"sector":[],"carrier":[],"cat-page":[],"product-category":[],"class_list":["post-2169","page","type-page","status-publish","has-post-thumbnail","hentry"],"acf":[],"yoast_head":"<!-- This site is optimized with the Yoast SEO plugin v27.5 - https:\/\/yoast.com\/product\/yoast-seo-wordpress\/ -->\n<title>Frontbetriebene Maschinen Hymach f\u00fcr die gr\u00fcnpflege<\/title>\n<meta name=\"description\" content=\"Frontmontierte Freischneider von Hymach sind Wartungsmaschinen, ideal zum M\u00e4hen von Stra\u00dfenb\u00f6schungen und vielem mehr.\" \/>\n<meta name=\"robots\" content=\"noindex, follow, max-snippet:-1, max-image-preview:large, max-video-preview:-1\" \/>\n<meta property=\"og:locale\" content=\"de_DE\" \/>\n<meta property=\"og:type\" content=\"article\" \/>\n<meta property=\"og:title\" content=\"Frontbetriebene Maschinen Hymach f\u00fcr die gr\u00fcnpflege\" \/>\n<meta property=\"og:description\" content=\"Frontmontierte Freischneider von Hymach sind Wartungsmaschinen, ideal zum M\u00e4hen von Stra\u00dfenb\u00f6schungen und vielem mehr.\" \/>\n<meta property=\"og:url\" content=\"https:\/\/beta.hymach.it\/de\/frontbetriebene-maschinen\/\" \/>\n<meta property=\"og:site_name\" content=\"Hymach\" \/>\n<meta property=\"article:modified_time\" content=\"2023-08-08T15:46:19+00:00\" \/>\n<meta property=\"og:image\" content=\"https:\/\/beta.hymach.it\/wp-content\/uploads\/2017\/12\/frontali-RoadRoe.jpg\" \/>\n\t<meta property=\"og:image:width\" content=\"500\" \/>\n\t<meta property=\"og:image:height\" content=\"364\" \/>\n\t<meta property=\"og:image:type\" content=\"image\/jpeg\" \/>\n<meta name=\"twitter:label1\" content=\"Est. reading time\" \/>\n\t<meta name=\"twitter:data1\" content=\"1 minute\" \/>\n<script type=\"application\/ld+json\" class=\"yoast-schema-graph\">{\"@context\":\"https:\\\/\\\/schema.org\",\"@graph\":[{\"@type\":\"WebPage\",\"@id\":\"https:\\\/\\\/beta.hymach.it\\\/de\\\/frontbetriebene-maschinen\\\/\",\"url\":\"https:\\\/\\\/beta.hymach.it\\\/de\\\/frontbetriebene-maschinen\\\/\",\"name\":\"Frontbetriebene Maschinen Hymach f\u00fcr die gr\u00fcnpflege\",\"isPartOf\":{\"@id\":\"https:\\\/\\\/beta.hymach.it\\\/de\\\/#website\"},\"primaryImageOfPage\":{\"@id\":\"https:\\\/\\\/beta.hymach.it\\\/de\\\/frontbetriebene-maschinen\\\/#primaryimage\"},\"image\":{\"@id\":\"https:\\\/\\\/beta.hymach.it\\\/de\\\/frontbetriebene-maschinen\\\/#primaryimage\"},\"thumbnailUrl\":\"https:\\\/\\\/beta.hymach.it\\\/wp-content\\\/uploads\\\/2026\\\/04\\\/Frontali.svg\",\"datePublished\":\"2012-08-27T07:43:41+00:00\",\"dateModified\":\"2023-08-08T15:46:19+00:00\",\"description\":\"Frontmontierte Freischneider von Hymach sind Wartungsmaschinen, ideal zum M\u00e4hen von Stra\u00dfenb\u00f6schungen und vielem mehr.\",\"breadcrumb\":{\"@id\":\"https:\\\/\\\/beta.hymach.it\\\/de\\\/frontbetriebene-maschinen\\\/#breadcrumb\"},\"inLanguage\":\"de-DE\",\"potentialAction\":[{\"@type\":\"ReadAction\",\"target\":[\"https:\\\/\\\/beta.hymach.it\\\/de\\\/frontbetriebene-maschinen\\\/\"]}]},{\"@type\":\"ImageObject\",\"inLanguage\":\"de-DE\",\"@id\":\"https:\\\/\\\/beta.hymach.it\\\/de\\\/frontbetriebene-maschinen\\\/#primaryimage\",\"url\":\"https:\\\/\\\/beta.hymach.it\\\/wp-content\\\/uploads\\\/2026\\\/04\\\/Frontali.svg\",\"contentUrl\":\"https:\\\/\\\/beta.hymach.it\\\/wp-content\\\/uploads\\\/2026\\\/04\\\/Frontali.svg\",\"width\":500,\"height\":500},{\"@type\":\"BreadcrumbList\",\"@id\":\"https:\\\/\\\/beta.hymach.it\\\/de\\\/frontbetriebene-maschinen\\\/#breadcrumb\",\"itemListElement\":[{\"@type\":\"ListItem\",\"position\":1,\"name\":\"Home\",\"item\":\"https:\\\/\\\/beta.hymach.it\\\/de\\\/\"},{\"@type\":\"ListItem\",\"position\":2,\"name\":\"Produkte Hymach\",\"item\":\"https:\\\/\\\/beta.hymach.it\\\/de\\\/produkte\\\/\"},{\"@type\":\"ListItem\",\"position\":3,\"name\":\"Frontbetriebene Maschinen Hymach\"}]},{\"@type\":\"WebSite\",\"@id\":\"https:\\\/\\\/beta.hymach.it\\\/de\\\/#website\",\"url\":\"https:\\\/\\\/beta.hymach.it\\\/de\\\/\",\"name\":\"Hymach\",\"description\":\"Macchine per la manutenzione professionale del verde, semoventi portattrezzi multiuso radiocomandati e macchine per il lavaggio di pannelli solari.\",\"publisher\":{\"@id\":\"https:\\\/\\\/beta.hymach.it\\\/de\\\/#organization\"},\"potentialAction\":[{\"@type\":\"SearchAction\",\"target\":{\"@type\":\"EntryPoint\",\"urlTemplate\":\"https:\\\/\\\/beta.hymach.it\\\/de\\\/?s={search_term_string}\"},\"query-input\":{\"@type\":\"PropertyValueSpecification\",\"valueRequired\":true,\"valueName\":\"search_term_string\"}}],\"inLanguage\":\"de-DE\"},{\"@type\":\"Organization\",\"@id\":\"https:\\\/\\\/beta.hymach.it\\\/de\\\/#organization\",\"name\":\"Hymach\",\"url\":\"https:\\\/\\\/beta.hymach.it\\\/de\\\/\",\"logo\":{\"@type\":\"ImageObject\",\"inLanguage\":\"de-DE\",\"@id\":\"https:\\\/\\\/beta.hymach.it\\\/de\\\/#\\\/schema\\\/logo\\\/image\\\/\",\"url\":\"https:\\\/\\\/beta.hymach.it\\\/wp-content\\\/uploads\\\/2024\\\/08\\\/hymach_logo_2026.svg\",\"contentUrl\":\"https:\\\/\\\/beta.hymach.it\\\/wp-content\\\/uploads\\\/2024\\\/08\\\/hymach_logo_2026.svg\",\"width\":777,\"height\":88,\"caption\":\"Hymach\"},\"image\":{\"@id\":\"https:\\\/\\\/beta.hymach.it\\\/de\\\/#\\\/schema\\\/logo\\\/image\\\/\"}}]}<\/script>\n<!-- \/ Yoast SEO plugin. -->","yoast_head_json":{"title":"Frontbetriebene Maschinen Hymach f\u00fcr die gr\u00fcnpflege","description":"Frontmontierte Freischneider von Hymach sind Wartungsmaschinen, ideal zum M\u00e4hen von Stra\u00dfenb\u00f6schungen und vielem mehr.","robots":{"index":"noindex","follow":"follow","max-snippet":"max-snippet:-1","max-image-preview":"max-image-preview:large","max-video-preview":"max-video-preview:-1"},"og_locale":"de_DE","og_type":"article","og_title":"Frontbetriebene Maschinen Hymach f\u00fcr die gr\u00fcnpflege","og_description":"Frontmontierte Freischneider von Hymach sind Wartungsmaschinen, ideal zum M\u00e4hen von Stra\u00dfenb\u00f6schungen und vielem mehr.","og_url":"https:\/\/beta.hymach.it\/de\/frontbetriebene-maschinen\/","og_site_name":"Hymach","article_modified_time":"2023-08-08T15:46:19+00:00","og_image":[{"width":500,"height":364,"url":"https:\/\/beta.hymach.it\/wp-content\/uploads\/2017\/12\/frontali-RoadRoe.jpg","type":"image\/jpeg"}],"twitter_misc":{"Est. reading time":"1 minute"},"schema":{"@context":"https:\/\/schema.org","@graph":[{"@type":"WebPage","@id":"https:\/\/beta.hymach.it\/de\/frontbetriebene-maschinen\/","url":"https:\/\/beta.hymach.it\/de\/frontbetriebene-maschinen\/","name":"Frontbetriebene Maschinen Hymach f\u00fcr die gr\u00fcnpflege","isPartOf":{"@id":"https:\/\/beta.hymach.it\/de\/#website"},"primaryImageOfPage":{"@id":"https:\/\/beta.hymach.it\/de\/frontbetriebene-maschinen\/#primaryimage"},"image":{"@id":"https:\/\/beta.hymach.it\/de\/frontbetriebene-maschinen\/#primaryimage"},"thumbnailUrl":"https:\/\/beta.hymach.it\/wp-content\/uploads\/2026\/04\/Frontali.svg","datePublished":"2012-08-27T07:43:41+00:00","dateModified":"2023-08-08T15:46:19+00:00","description":"Frontmontierte Freischneider von Hymach sind Wartungsmaschinen, ideal zum M\u00e4hen von Stra\u00dfenb\u00f6schungen und vielem mehr.","breadcrumb":{"@id":"https:\/\/beta.hymach.it\/de\/frontbetriebene-maschinen\/#breadcrumb"},"inLanguage":"de-DE","potentialAction":[{"@type":"ReadAction","target":["https:\/\/beta.hymach.it\/de\/frontbetriebene-maschinen\/"]}]},{"@type":"ImageObject","inLanguage":"de-DE","@id":"https:\/\/beta.hymach.it\/de\/frontbetriebene-maschinen\/#primaryimage","url":"https:\/\/beta.hymach.it\/wp-content\/uploads\/2026\/04\/Frontali.svg","contentUrl":"https:\/\/beta.hymach.it\/wp-content\/uploads\/2026\/04\/Frontali.svg","width":500,"height":500},{"@type":"BreadcrumbList","@id":"https:\/\/beta.hymach.it\/de\/frontbetriebene-maschinen\/#breadcrumb","itemListElement":[{"@type":"ListItem","position":1,"name":"Home","item":"https:\/\/beta.hymach.it\/de\/"},{"@type":"ListItem","position":2,"name":"Produkte Hymach","item":"https:\/\/beta.hymach.it\/de\/produkte\/"},{"@type":"ListItem","position":3,"name":"Frontbetriebene Maschinen Hymach"}]},{"@type":"WebSite","@id":"https:\/\/beta.hymach.it\/de\/#website","url":"https:\/\/beta.hymach.it\/de\/","name":"Hymach","description":"Macchine per la manutenzione professionale del verde, semoventi portattrezzi multiuso radiocomandati e macchine per il lavaggio di pannelli solari.","publisher":{"@id":"https:\/\/beta.hymach.it\/de\/#organization"},"potentialAction":[{"@type":"SearchAction","target":{"@type":"EntryPoint","urlTemplate":"https:\/\/beta.hymach.it\/de\/?s={search_term_string}"},"query-input":{"@type":"PropertyValueSpecification","valueRequired":true,"valueName":"search_term_string"}}],"inLanguage":"de-DE"},{"@type":"Organization","@id":"https:\/\/beta.hymach.it\/de\/#organization","name":"Hymach","url":"https:\/\/beta.hymach.it\/de\/","logo":{"@type":"ImageObject","inLanguage":"de-DE","@id":"https:\/\/beta.hymach.it\/de\/#\/schema\/logo\/image\/","url":"https:\/\/beta.hymach.it\/wp-content\/uploads\/2024\/08\/hymach_logo_2026.svg","contentUrl":"https:\/\/beta.hymach.it\/wp-content\/uploads\/2024\/08\/hymach_logo_2026.svg","width":777,"height":88,"caption":"Hymach"},"image":{"@id":"https:\/\/beta.hymach.it\/de\/#\/schema\/logo\/image\/"}}]}},"_links":{"self":[{"href":"https:\/\/beta.hymach.it\/de\/wp-json\/wp\/v2\/pages\/2169","targetHints":{"allow":["GET"]}}],"collection":[{"href":"https:\/\/beta.hymach.it\/de\/wp-json\/wp\/v2\/pages"}],"about":[{"href":"https:\/\/beta.hymach.it\/de\/wp-json\/wp\/v2\/types\/page"}],"author":[{"embeddable":true,"href":"https:\/\/beta.hymach.it\/de\/wp-json\/wp\/v2\/users\/1"}],"replies":[{"embeddable":true,"href":"https:\/\/beta.hymach.it\/de\/wp-json\/wp\/v2\/comments?post=2169"}],"version-history":[{"count":2,"href":"https:\/\/beta.hymach.it\/de\/wp-json\/wp\/v2\/pages\/2169\/revisions"}],"predecessor-version":[{"id":7162,"href":"https:\/\/beta.hymach.it\/de\/wp-json\/wp\/v2\/pages\/2169\/revisions\/7162"}],"wp:featuredmedia":[{"embeddable":true,"href":"https:\/\/beta.hymach.it\/de\/wp-json\/wp\/v2\/media\/12519"}],"wp:attachment":[{"href":"https:\/\/beta.hymach.it\/de\/wp-json\/wp\/v2\/media?parent=2169"}],"wp:term":[{"taxonomy":"category","embeddable":true,"href":"https:\/\/beta.hymach.it\/de\/wp-json\/wp\/v2\/categories?post=2169"},{"taxonomy":"sector","embeddable":true,"href":"https:\/\/beta.hymach.it\/de\/wp-json\/wp\/v2\/sector?post=2169"},{"taxonomy":"carrier","embeddable":true,"href":"https:\/\/beta.hymach.it\/de\/wp-json\/wp\/v2\/carrier?post=2169"},{"taxonomy":"cat-page","embeddable":true,"href":"https:\/\/beta.hymach.it\/de\/wp-json\/wp\/v2\/cat-page?post=2169"},{"taxonomy":"product-category","embeddable":true,"href":"https:\/\/beta.hymach.it\/de\/wp-json\/wp\/v2\/product-category?post=2169"}],"curies":[{"name":"wp","href":"https:\/\/api.w.org\/{rel}","templated":true}]}}