{"id":3724,"date":"2014-02-19T09:54:02","date_gmt":"2014-02-19T08:54:02","guid":{"rendered":"https:\/\/www.hymach.it\/produkte\/decespugliatrici-posteriori\/"},"modified":"2022-11-03T10:39:13","modified_gmt":"2022-11-03T09:39:13","slug":"heckbetriebene-schneidemaschinen","status":"publish","type":"page","link":"https:\/\/beta.hymach.it\/de\/heckbetriebene-schneidemaschinen\/","title":{"rendered":"Heckbetriebene Schneidemaschinen Hymach"},"content":{"rendered":"\n<h2 class=\"wp-block-heading\">Struttura ed elementi delle decespugliatrici posteriori<\/h2>\n\n\n\n<p>Le nostre <strong>decespugliatrici retroportate<\/strong> derivano da quelle con lunghi bracci idraulici con cui abbiamo iniziato l\u2019attivit\u00e0 e sono costruite rispettando la stessa idea di prodotto: robusto, funzionale ed efficiente. Le strutture, destinate a sopportare la sollecitazione dei cicli vita del braccio, sono realizzate con acciai di prima qualit\u00e0. <\/p>\n\n\n\n<p>Gli <strong>elementi fondamentali delle decespugliatrici posteriori<\/strong> sono le articolazioni, le boccole e le spine, componenti costruiti in acciaio sottoposto a trattamenti di durezza e rettifica, che ne aumenta la resistenza ed ne ottimizza la funzione allungandone la durata. I martinetti dotati di valvole di regolazione, garantiscono l\u2019ottima manovrabilit\u00e0.<\/p>\n\n\n\n<h2 class=\"wp-block-heading\">Componenti dell&#8217;impianto delle decespugliatrici posteriori<\/h2>\n\n\n\n<p>I <strong>componenti principali <\/strong>dell\u2019impianto di funzionamento di una <strong>decespugliatrice posteriore<\/strong> quali pompe e motore, moltiplicatore, distributore, radiatore, scelti tra quelli proposti dalle migliori marche sul mercato per prestazioni e affidabilit\u00e0, determinano invece l\u2019elevato rendimento in potenza e produttivit\u00e0.<br>La variet\u00e0 di scelta delle <em>testate trinciatrici<\/em> dei sistemi di taglio disponibili per le diverse tipologie di vegetazione e stato del suolo, assicurano la continuit\u00e0 e l\u2019uniformit\u00e0 dello sfalcio.<\/p>\n\n\n\n<h2 class=\"wp-block-heading\">Intercambiabilit\u00e0 e personalizzazione delle decespugliatrici posteriori<\/h2>\n\n\n\n<p>La possibilit\u00e0 di <strong>intercambiare la testata trinciatrice<\/strong> con altre testate utensili con poche semplici operazioni rende ogni macchina versatile in quanto utilizzabile per diverse lavorazioni.<br>Le <strong>decespugliatrici posteriori<\/strong>, normalmente considerate macchine di serie, possono essere <strong>personalizzate<\/strong> potendone modificare sia la struttura che l\u2019impiantistica secondo le specifiche esigenze dell\u2019utilizzatore.<\/p>\n\n\n\n<p>Per chi dispone di trattori a guida reversibile \u00e8 possibile predisporre l\u2019attrezzatura per lavoro in retroversione. Sono disponibili sia nella versione per lavoro a destra che in quella per lavoro a sinistra.<\/p>\n","protected":false},"excerpt":{"rendered":"<p>Struttura ed elementi delle decespugliatrici posteriori Le nostre decespugliatrici retroportate derivano da quelle con lunghi bracci idraulici con cui abbiamo iniziato l\u2019attivit\u00e0 e sono costruite rispettando la stessa idea di prodotto: robusto, funzionale ed efficiente. Le strutture, destinate a sopportare la sollecitazione dei cicli vita del braccio, sono realizzate con acciai di prima qualit\u00e0. Gli [&hellip;]<\/p>\n","protected":false},"author":1,"featured_media":12506,"parent":0,"menu_order":71,"comment_status":"closed","ping_status":"closed","template":"","meta":{"_acf_changed":false,"footnotes":""},"categories":[],"sector":[],"carrier":[],"cat-page":[],"product-category":[],"class_list":["post-3724","page","type-page","status-publish","has-post-thumbnail","hentry"],"acf":[],"yoast_head":"<!-- This site is optimized with the Yoast SEO plugin v27.4 - https:\/\/yoast.com\/product\/yoast-seo-wordpress\/ -->\n<title>Heckbetriebene Schneidemaschinen Hymach f\u00fcr die Gr\u00fcnpflege<\/title>\n<meta name=\"description\" content=\"Die Heckbetriebene Schneidemaschinen Hymach f\u00fcr die Gr\u00fcnpflege k\u00f6nnen an die Hebeb\u00fchne angeh\u00e4ngt und individuell angepasst werden.\" \/>\n<meta name=\"robots\" content=\"noindex, follow, max-snippet:-1, max-image-preview:large, max-video-preview:-1\" \/>\n<meta property=\"og:locale\" content=\"de_DE\" \/>\n<meta property=\"og:type\" content=\"article\" \/>\n<meta property=\"og:title\" content=\"Heckbetriebene Schneidemaschinen Hymach f\u00fcr die Gr\u00fcnpflege\" \/>\n<meta property=\"og:description\" content=\"Die Heckbetriebene Schneidemaschinen Hymach f\u00fcr die Gr\u00fcnpflege k\u00f6nnen an die Hebeb\u00fchne angeh\u00e4ngt und individuell angepasst werden.\" \/>\n<meta property=\"og:url\" content=\"https:\/\/beta.hymach.it\/de\/heckbetriebene-schneidemaschinen\/\" \/>\n<meta property=\"og:site_name\" content=\"Hymach\" \/>\n<meta property=\"article:modified_time\" content=\"2022-11-03T09:39:13+00:00\" \/>\n<meta property=\"og:image\" content=\"https:\/\/beta.hymach.it\/wp-content\/uploads\/2018\/05\/Trusty.jpg\" \/>\n\t<meta property=\"og:image:width\" content=\"1600\" \/>\n\t<meta property=\"og:image:height\" content=\"1209\" \/>\n\t<meta property=\"og:image:type\" content=\"image\/jpeg\" \/>\n<meta name=\"twitter:label1\" content=\"Est. reading time\" \/>\n\t<meta name=\"twitter:data1\" content=\"2 minutes\" \/>\n<script type=\"application\/ld+json\" class=\"yoast-schema-graph\">{\"@context\":\"https:\\\/\\\/schema.org\",\"@graph\":[{\"@type\":\"WebPage\",\"@id\":\"https:\\\/\\\/beta.hymach.it\\\/de\\\/heckbetriebene-schneidemaschinen\\\/\",\"url\":\"https:\\\/\\\/beta.hymach.it\\\/de\\\/heckbetriebene-schneidemaschinen\\\/\",\"name\":\"Heckbetriebene Schneidemaschinen Hymach f\u00fcr die Gr\u00fcnpflege\",\"isPartOf\":{\"@id\":\"https:\\\/\\\/beta.hymach.it\\\/de\\\/#website\"},\"primaryImageOfPage\":{\"@id\":\"https:\\\/\\\/beta.hymach.it\\\/de\\\/heckbetriebene-schneidemaschinen\\\/#primaryimage\"},\"image\":{\"@id\":\"https:\\\/\\\/beta.hymach.it\\\/de\\\/heckbetriebene-schneidemaschinen\\\/#primaryimage\"},\"thumbnailUrl\":\"https:\\\/\\\/beta.hymach.it\\\/wp-content\\\/uploads\\\/2026\\\/04\\\/Retroportati.svg\",\"datePublished\":\"2014-02-19T08:54:02+00:00\",\"dateModified\":\"2022-11-03T09:39:13+00:00\",\"description\":\"Die Heckbetriebene Schneidemaschinen Hymach f\u00fcr die Gr\u00fcnpflege k\u00f6nnen an die Hebeb\u00fchne angeh\u00e4ngt und individuell angepasst werden.\",\"breadcrumb\":{\"@id\":\"https:\\\/\\\/beta.hymach.it\\\/de\\\/heckbetriebene-schneidemaschinen\\\/#breadcrumb\"},\"inLanguage\":\"de-DE\",\"potentialAction\":[{\"@type\":\"ReadAction\",\"target\":[\"https:\\\/\\\/beta.hymach.it\\\/de\\\/heckbetriebene-schneidemaschinen\\\/\"]}]},{\"@type\":\"ImageObject\",\"inLanguage\":\"de-DE\",\"@id\":\"https:\\\/\\\/beta.hymach.it\\\/de\\\/heckbetriebene-schneidemaschinen\\\/#primaryimage\",\"url\":\"https:\\\/\\\/beta.hymach.it\\\/wp-content\\\/uploads\\\/2026\\\/04\\\/Retroportati.svg\",\"contentUrl\":\"https:\\\/\\\/beta.hymach.it\\\/wp-content\\\/uploads\\\/2026\\\/04\\\/Retroportati.svg\",\"width\":500,\"height\":500},{\"@type\":\"BreadcrumbList\",\"@id\":\"https:\\\/\\\/beta.hymach.it\\\/de\\\/heckbetriebene-schneidemaschinen\\\/#breadcrumb\",\"itemListElement\":[{\"@type\":\"ListItem\",\"position\":1,\"name\":\"Home\",\"item\":\"https:\\\/\\\/beta.hymach.it\\\/de\\\/\"},{\"@type\":\"ListItem\",\"position\":2,\"name\":\"Heckbetriebene Schneidemaschinen Hymach\"}]},{\"@type\":\"WebSite\",\"@id\":\"https:\\\/\\\/beta.hymach.it\\\/de\\\/#website\",\"url\":\"https:\\\/\\\/beta.hymach.it\\\/de\\\/\",\"name\":\"Hymach\",\"description\":\"Macchine per la manutenzione professionale del verde, semoventi portattrezzi multiuso radiocomandati e macchine per il lavaggio di pannelli solari.\",\"publisher\":{\"@id\":\"https:\\\/\\\/beta.hymach.it\\\/de\\\/#organization\"},\"potentialAction\":[{\"@type\":\"SearchAction\",\"target\":{\"@type\":\"EntryPoint\",\"urlTemplate\":\"https:\\\/\\\/beta.hymach.it\\\/de\\\/?s={search_term_string}\"},\"query-input\":{\"@type\":\"PropertyValueSpecification\",\"valueRequired\":true,\"valueName\":\"search_term_string\"}}],\"inLanguage\":\"de-DE\"},{\"@type\":\"Organization\",\"@id\":\"https:\\\/\\\/beta.hymach.it\\\/de\\\/#organization\",\"name\":\"Hymach\",\"url\":\"https:\\\/\\\/beta.hymach.it\\\/de\\\/\",\"logo\":{\"@type\":\"ImageObject\",\"inLanguage\":\"de-DE\",\"@id\":\"https:\\\/\\\/beta.hymach.it\\\/de\\\/#\\\/schema\\\/logo\\\/image\\\/\",\"url\":\"https:\\\/\\\/beta.hymach.it\\\/wp-content\\\/uploads\\\/2024\\\/08\\\/hymach_logo_2026.svg\",\"contentUrl\":\"https:\\\/\\\/beta.hymach.it\\\/wp-content\\\/uploads\\\/2024\\\/08\\\/hymach_logo_2026.svg\",\"width\":777,\"height\":88,\"caption\":\"Hymach\"},\"image\":{\"@id\":\"https:\\\/\\\/beta.hymach.it\\\/de\\\/#\\\/schema\\\/logo\\\/image\\\/\"}}]}<\/script>\n<!-- \/ Yoast SEO plugin. -->","yoast_head_json":{"title":"Heckbetriebene Schneidemaschinen Hymach f\u00fcr die Gr\u00fcnpflege","description":"Die Heckbetriebene Schneidemaschinen Hymach f\u00fcr die Gr\u00fcnpflege k\u00f6nnen an die Hebeb\u00fchne angeh\u00e4ngt und individuell angepasst werden.","robots":{"index":"noindex","follow":"follow","max-snippet":"max-snippet:-1","max-image-preview":"max-image-preview:large","max-video-preview":"max-video-preview:-1"},"og_locale":"de_DE","og_type":"article","og_title":"Heckbetriebene Schneidemaschinen Hymach f\u00fcr die Gr\u00fcnpflege","og_description":"Die Heckbetriebene Schneidemaschinen Hymach f\u00fcr die Gr\u00fcnpflege k\u00f6nnen an die Hebeb\u00fchne angeh\u00e4ngt und individuell angepasst werden.","og_url":"https:\/\/beta.hymach.it\/de\/heckbetriebene-schneidemaschinen\/","og_site_name":"Hymach","article_modified_time":"2022-11-03T09:39:13+00:00","og_image":[{"width":1600,"height":1209,"url":"https:\/\/beta.hymach.it\/wp-content\/uploads\/2018\/05\/Trusty.jpg","type":"image\/jpeg"}],"twitter_misc":{"Est. reading time":"2 minutes"},"schema":{"@context":"https:\/\/schema.org","@graph":[{"@type":"WebPage","@id":"https:\/\/beta.hymach.it\/de\/heckbetriebene-schneidemaschinen\/","url":"https:\/\/beta.hymach.it\/de\/heckbetriebene-schneidemaschinen\/","name":"Heckbetriebene Schneidemaschinen Hymach f\u00fcr die Gr\u00fcnpflege","isPartOf":{"@id":"https:\/\/beta.hymach.it\/de\/#website"},"primaryImageOfPage":{"@id":"https:\/\/beta.hymach.it\/de\/heckbetriebene-schneidemaschinen\/#primaryimage"},"image":{"@id":"https:\/\/beta.hymach.it\/de\/heckbetriebene-schneidemaschinen\/#primaryimage"},"thumbnailUrl":"https:\/\/beta.hymach.it\/wp-content\/uploads\/2026\/04\/Retroportati.svg","datePublished":"2014-02-19T08:54:02+00:00","dateModified":"2022-11-03T09:39:13+00:00","description":"Die Heckbetriebene Schneidemaschinen Hymach f\u00fcr die Gr\u00fcnpflege k\u00f6nnen an die Hebeb\u00fchne angeh\u00e4ngt und individuell angepasst werden.","breadcrumb":{"@id":"https:\/\/beta.hymach.it\/de\/heckbetriebene-schneidemaschinen\/#breadcrumb"},"inLanguage":"de-DE","potentialAction":[{"@type":"ReadAction","target":["https:\/\/beta.hymach.it\/de\/heckbetriebene-schneidemaschinen\/"]}]},{"@type":"ImageObject","inLanguage":"de-DE","@id":"https:\/\/beta.hymach.it\/de\/heckbetriebene-schneidemaschinen\/#primaryimage","url":"https:\/\/beta.hymach.it\/wp-content\/uploads\/2026\/04\/Retroportati.svg","contentUrl":"https:\/\/beta.hymach.it\/wp-content\/uploads\/2026\/04\/Retroportati.svg","width":500,"height":500},{"@type":"BreadcrumbList","@id":"https:\/\/beta.hymach.it\/de\/heckbetriebene-schneidemaschinen\/#breadcrumb","itemListElement":[{"@type":"ListItem","position":1,"name":"Home","item":"https:\/\/beta.hymach.it\/de\/"},{"@type":"ListItem","position":2,"name":"Heckbetriebene Schneidemaschinen Hymach"}]},{"@type":"WebSite","@id":"https:\/\/beta.hymach.it\/de\/#website","url":"https:\/\/beta.hymach.it\/de\/","name":"Hymach","description":"Macchine per la manutenzione professionale del verde, semoventi portattrezzi multiuso radiocomandati e macchine per il lavaggio di pannelli solari.","publisher":{"@id":"https:\/\/beta.hymach.it\/de\/#organization"},"potentialAction":[{"@type":"SearchAction","target":{"@type":"EntryPoint","urlTemplate":"https:\/\/beta.hymach.it\/de\/?s={search_term_string}"},"query-input":{"@type":"PropertyValueSpecification","valueRequired":true,"valueName":"search_term_string"}}],"inLanguage":"de-DE"},{"@type":"Organization","@id":"https:\/\/beta.hymach.it\/de\/#organization","name":"Hymach","url":"https:\/\/beta.hymach.it\/de\/","logo":{"@type":"ImageObject","inLanguage":"de-DE","@id":"https:\/\/beta.hymach.it\/de\/#\/schema\/logo\/image\/","url":"https:\/\/beta.hymach.it\/wp-content\/uploads\/2024\/08\/hymach_logo_2026.svg","contentUrl":"https:\/\/beta.hymach.it\/wp-content\/uploads\/2024\/08\/hymach_logo_2026.svg","width":777,"height":88,"caption":"Hymach"},"image":{"@id":"https:\/\/beta.hymach.it\/de\/#\/schema\/logo\/image\/"}}]}},"_links":{"self":[{"href":"https:\/\/beta.hymach.it\/de\/wp-json\/wp\/v2\/pages\/3724","targetHints":{"allow":["GET"]}}],"collection":[{"href":"https:\/\/beta.hymach.it\/de\/wp-json\/wp\/v2\/pages"}],"about":[{"href":"https:\/\/beta.hymach.it\/de\/wp-json\/wp\/v2\/types\/page"}],"author":[{"embeddable":true,"href":"https:\/\/beta.hymach.it\/de\/wp-json\/wp\/v2\/users\/1"}],"replies":[{"embeddable":true,"href":"https:\/\/beta.hymach.it\/de\/wp-json\/wp\/v2\/comments?post=3724"}],"version-history":[{"count":5,"href":"https:\/\/beta.hymach.it\/de\/wp-json\/wp\/v2\/pages\/3724\/revisions"}],"predecessor-version":[{"id":7183,"href":"https:\/\/beta.hymach.it\/de\/wp-json\/wp\/v2\/pages\/3724\/revisions\/7183"}],"wp:featuredmedia":[{"embeddable":true,"href":"https:\/\/beta.hymach.it\/de\/wp-json\/wp\/v2\/media\/12506"}],"wp:attachment":[{"href":"https:\/\/beta.hymach.it\/de\/wp-json\/wp\/v2\/media?parent=3724"}],"wp:term":[{"taxonomy":"category","embeddable":true,"href":"https:\/\/beta.hymach.it\/de\/wp-json\/wp\/v2\/categories?post=3724"},{"taxonomy":"sector","embeddable":true,"href":"https:\/\/beta.hymach.it\/de\/wp-json\/wp\/v2\/sector?post=3724"},{"taxonomy":"carrier","embeddable":true,"href":"https:\/\/beta.hymach.it\/de\/wp-json\/wp\/v2\/carrier?post=3724"},{"taxonomy":"cat-page","embeddable":true,"href":"https:\/\/beta.hymach.it\/de\/wp-json\/wp\/v2\/cat-page?post=3724"},{"taxonomy":"product-category","embeddable":true,"href":"https:\/\/beta.hymach.it\/de\/wp-json\/wp\/v2\/product-category?post=3724"}],"curies":[{"name":"wp","href":"https:\/\/api.w.org\/{rel}","templated":true}]}}