{"id":3753,"date":"2014-02-12T10:16:05","date_gmt":"2014-02-12T09:16:05","guid":{"rendered":"https:\/\/www.hymach.it\/produkte\/heckbetriebene-schneidemaschinen\/jolly\/"},"modified":"2022-11-03T10:54:40","modified_gmt":"2022-11-03T09:54:40","slug":"jolly","status":"publish","type":"page","link":"https:\/\/beta.hymach.it\/de\/heckbetriebene-schneidemaschinen\/jolly\/","title":{"rendered":"Freischneidemaschine Jolly Hymach"},"content":{"rendered":"<p><strong>B\u00f6schungsm\u00e4her mit hydraulischem Arm mit Rotor-H\u00e4ckslerkopfteil<\/strong> zum Anbringen an Traktoren kleinerer Dimensionen f\u00fcr Instandhaltungsarbeiten von Gr\u00fcnfl\u00e4chen an Seitenstreifen und kleineren Stra\u00dfenrandabh\u00e4ngen, Ufern von Fliessgew\u00e4ssern sowie in l\u00e4ndlichen Gebieten. Sie werden angeboten in den L\u00e4ngen<strong> von 5 und 6 Metern.<\/strong><\/p>\n<p>Die Beweglichkeit der Arme ist so konstruiert, dass das Schneiden\/M\u00e4hen per Drahtscheibe ausgef\u00fchrt werden kann, ohne sich notwendigerweise zur Fahrbahn bewegen zu m\u00fcssen, und das Verriegelungssystem des Armes mit R\u00fcckw\u00e4rtsdrehung macht die Maschine besonders geeignet f\u00fcr die Arbeit und den Transit auf schmalen Stra\u00dfen.<\/p>\n","protected":false},"excerpt":{"rendered":"<p>B\u00f6schungsm\u00e4her mit hydraulischem Arm mit Rotor-H\u00e4ckslerkopfteil zum Anbringen an Traktoren kleinerer Dimensionen f\u00fcr Instandhaltungsarbeiten von Gr\u00fcnfl\u00e4chen an Seitenstreifen und kleineren Stra\u00dfenrandabh\u00e4ngen, Ufern von Fliessgew\u00e4ssern sowie in l\u00e4ndlichen Gebieten. Sie werden angeboten in den L\u00e4ngen von 5 und 6 Metern. Die Beweglichkeit der Arme ist so konstruiert, dass das Schneiden\/M\u00e4hen per Drahtscheibe ausgef\u00fchrt werden kann, ohne [&hellip;]<\/p>\n","protected":false},"author":1,"featured_media":9249,"parent":3724,"menu_order":82,"comment_status":"closed","ping_status":"closed","template":"","meta":{"_acf_changed":false,"footnotes":""},"categories":[],"sector":[],"carrier":[],"cat-page":[],"product-category":[136],"class_list":["post-3753","page","type-page","status-publish","has-post-thumbnail","hentry","product-category-hintere-maeharme"],"acf":[],"yoast_head":"<!-- This site is optimized with the Yoast SEO plugin v27.5 - https:\/\/yoast.com\/product\/yoast-seo-wordpress\/ -->\n<title>Freischneidemaschine Jolly Hymach f\u00fcr die Gr\u00fcnpflege<\/title>\n<meta name=\"description\" content=\"Der Freischneidemaschine Jolly Hymach ist eine gr\u00fcne Wartungsmaschine, ideal zum M\u00e4hen von Gras an R\u00e4ndern und Stra\u00dfen\" \/>\n<meta name=\"robots\" content=\"noindex, follow, max-snippet:-1, max-image-preview:large, max-video-preview:-1\" \/>\n<meta property=\"og:locale\" content=\"de_DE\" \/>\n<meta property=\"og:type\" content=\"article\" \/>\n<meta property=\"og:title\" content=\"Freischneidemaschine Jolly Hymach f\u00fcr die Gr\u00fcnpflege\" \/>\n<meta property=\"og:description\" content=\"Der Freischneidemaschine Jolly Hymach ist eine gr\u00fcne Wartungsmaschine, ideal zum M\u00e4hen von Gras an R\u00e4ndern und Stra\u00dfen\" \/>\n<meta property=\"og:url\" content=\"https:\/\/beta.hymach.it\/de\/heckbetriebene-schneidemaschinen\/jolly\/\" \/>\n<meta property=\"og:site_name\" content=\"Hymach\" \/>\n<meta property=\"article:modified_time\" content=\"2022-11-03T09:54:40+00:00\" \/>\n<meta property=\"og:image\" content=\"https:\/\/beta.hymach.it\/wp-content\/uploads\/2024\/10\/braccio-tagliaerba-jolly-hymach-cover.jpg\" \/>\n\t<meta property=\"og:image:width\" content=\"1675\" \/>\n\t<meta property=\"og:image:height\" content=\"768\" \/>\n\t<meta property=\"og:image:type\" content=\"image\/jpeg\" \/>\n<meta name=\"twitter:label1\" content=\"Est. reading time\" \/>\n\t<meta name=\"twitter:data1\" content=\"1 minute\" \/>\n<script type=\"application\/ld+json\" class=\"yoast-schema-graph\">{\"@context\":\"https:\\\/\\\/schema.org\",\"@graph\":[{\"@type\":\"WebPage\",\"@id\":\"https:\\\/\\\/beta.hymach.it\\\/de\\\/heckbetriebene-schneidemaschinen\\\/jolly\\\/\",\"url\":\"https:\\\/\\\/beta.hymach.it\\\/de\\\/heckbetriebene-schneidemaschinen\\\/jolly\\\/\",\"name\":\"Freischneidemaschine Jolly Hymach f\u00fcr die Gr\u00fcnpflege\",\"isPartOf\":{\"@id\":\"https:\\\/\\\/beta.hymach.it\\\/de\\\/#website\"},\"primaryImageOfPage\":{\"@id\":\"https:\\\/\\\/beta.hymach.it\\\/de\\\/heckbetriebene-schneidemaschinen\\\/jolly\\\/#primaryimage\"},\"image\":{\"@id\":\"https:\\\/\\\/beta.hymach.it\\\/de\\\/heckbetriebene-schneidemaschinen\\\/jolly\\\/#primaryimage\"},\"thumbnailUrl\":\"https:\\\/\\\/beta.hymach.it\\\/wp-content\\\/uploads\\\/2024\\\/10\\\/braccio-tagliaerba-jolly-hymach-cover.jpg\",\"datePublished\":\"2014-02-12T09:16:05+00:00\",\"dateModified\":\"2022-11-03T09:54:40+00:00\",\"description\":\"Der Freischneidemaschine Jolly Hymach ist eine gr\u00fcne Wartungsmaschine, ideal zum M\u00e4hen von Gras an R\u00e4ndern und Stra\u00dfen\",\"breadcrumb\":{\"@id\":\"https:\\\/\\\/beta.hymach.it\\\/de\\\/heckbetriebene-schneidemaschinen\\\/jolly\\\/#breadcrumb\"},\"inLanguage\":\"de-DE\",\"potentialAction\":[{\"@type\":\"ReadAction\",\"target\":[\"https:\\\/\\\/beta.hymach.it\\\/de\\\/heckbetriebene-schneidemaschinen\\\/jolly\\\/\"]}]},{\"@type\":\"ImageObject\",\"inLanguage\":\"de-DE\",\"@id\":\"https:\\\/\\\/beta.hymach.it\\\/de\\\/heckbetriebene-schneidemaschinen\\\/jolly\\\/#primaryimage\",\"url\":\"https:\\\/\\\/beta.hymach.it\\\/wp-content\\\/uploads\\\/2024\\\/10\\\/braccio-tagliaerba-jolly-hymach-cover.jpg\",\"contentUrl\":\"https:\\\/\\\/beta.hymach.it\\\/wp-content\\\/uploads\\\/2024\\\/10\\\/braccio-tagliaerba-jolly-hymach-cover.jpg\",\"width\":1675,\"height\":768,\"caption\":\"Braccio tagliaerba Jolly di Hymach\"},{\"@type\":\"BreadcrumbList\",\"@id\":\"https:\\\/\\\/beta.hymach.it\\\/de\\\/heckbetriebene-schneidemaschinen\\\/jolly\\\/#breadcrumb\",\"itemListElement\":[{\"@type\":\"ListItem\",\"position\":1,\"name\":\"Home\",\"item\":\"https:\\\/\\\/beta.hymach.it\\\/de\\\/\"},{\"@type\":\"ListItem\",\"position\":2,\"name\":\"Heckbetriebene Schneidemaschinen Hymach\",\"item\":\"https:\\\/\\\/beta.hymach.it\\\/de\\\/heckbetriebene-schneidemaschinen\\\/\"},{\"@type\":\"ListItem\",\"position\":3,\"name\":\"Freischneidemaschine Jolly Hymach\"}]},{\"@type\":\"WebSite\",\"@id\":\"https:\\\/\\\/beta.hymach.it\\\/de\\\/#website\",\"url\":\"https:\\\/\\\/beta.hymach.it\\\/de\\\/\",\"name\":\"Hymach\",\"description\":\"Macchine per la manutenzione professionale del verde, semoventi portattrezzi multiuso radiocomandati e macchine per il lavaggio di pannelli solari.\",\"publisher\":{\"@id\":\"https:\\\/\\\/beta.hymach.it\\\/de\\\/#organization\"},\"potentialAction\":[{\"@type\":\"SearchAction\",\"target\":{\"@type\":\"EntryPoint\",\"urlTemplate\":\"https:\\\/\\\/beta.hymach.it\\\/de\\\/?s={search_term_string}\"},\"query-input\":{\"@type\":\"PropertyValueSpecification\",\"valueRequired\":true,\"valueName\":\"search_term_string\"}}],\"inLanguage\":\"de-DE\"},{\"@type\":\"Organization\",\"@id\":\"https:\\\/\\\/beta.hymach.it\\\/de\\\/#organization\",\"name\":\"Hymach\",\"url\":\"https:\\\/\\\/beta.hymach.it\\\/de\\\/\",\"logo\":{\"@type\":\"ImageObject\",\"inLanguage\":\"de-DE\",\"@id\":\"https:\\\/\\\/beta.hymach.it\\\/de\\\/#\\\/schema\\\/logo\\\/image\\\/\",\"url\":\"https:\\\/\\\/beta.hymach.it\\\/wp-content\\\/uploads\\\/2024\\\/08\\\/hymach_logo_2026.svg\",\"contentUrl\":\"https:\\\/\\\/beta.hymach.it\\\/wp-content\\\/uploads\\\/2024\\\/08\\\/hymach_logo_2026.svg\",\"width\":777,\"height\":88,\"caption\":\"Hymach\"},\"image\":{\"@id\":\"https:\\\/\\\/beta.hymach.it\\\/de\\\/#\\\/schema\\\/logo\\\/image\\\/\"}}]}<\/script>\n<!-- \/ Yoast SEO plugin. -->","yoast_head_json":{"title":"Freischneidemaschine Jolly Hymach f\u00fcr die Gr\u00fcnpflege","description":"Der Freischneidemaschine Jolly Hymach ist eine gr\u00fcne Wartungsmaschine, ideal zum M\u00e4hen von Gras an R\u00e4ndern und Stra\u00dfen","robots":{"index":"noindex","follow":"follow","max-snippet":"max-snippet:-1","max-image-preview":"max-image-preview:large","max-video-preview":"max-video-preview:-1"},"og_locale":"de_DE","og_type":"article","og_title":"Freischneidemaschine Jolly Hymach f\u00fcr die Gr\u00fcnpflege","og_description":"Der Freischneidemaschine Jolly Hymach ist eine gr\u00fcne Wartungsmaschine, ideal zum M\u00e4hen von Gras an R\u00e4ndern und Stra\u00dfen","og_url":"https:\/\/beta.hymach.it\/de\/heckbetriebene-schneidemaschinen\/jolly\/","og_site_name":"Hymach","article_modified_time":"2022-11-03T09:54:40+00:00","og_image":[{"width":1675,"height":768,"url":"https:\/\/beta.hymach.it\/wp-content\/uploads\/2024\/10\/braccio-tagliaerba-jolly-hymach-cover.jpg","type":"image\/jpeg"}],"twitter_misc":{"Est. reading time":"1 minute"},"schema":{"@context":"https:\/\/schema.org","@graph":[{"@type":"WebPage","@id":"https:\/\/beta.hymach.it\/de\/heckbetriebene-schneidemaschinen\/jolly\/","url":"https:\/\/beta.hymach.it\/de\/heckbetriebene-schneidemaschinen\/jolly\/","name":"Freischneidemaschine Jolly Hymach f\u00fcr die Gr\u00fcnpflege","isPartOf":{"@id":"https:\/\/beta.hymach.it\/de\/#website"},"primaryImageOfPage":{"@id":"https:\/\/beta.hymach.it\/de\/heckbetriebene-schneidemaschinen\/jolly\/#primaryimage"},"image":{"@id":"https:\/\/beta.hymach.it\/de\/heckbetriebene-schneidemaschinen\/jolly\/#primaryimage"},"thumbnailUrl":"https:\/\/beta.hymach.it\/wp-content\/uploads\/2024\/10\/braccio-tagliaerba-jolly-hymach-cover.jpg","datePublished":"2014-02-12T09:16:05+00:00","dateModified":"2022-11-03T09:54:40+00:00","description":"Der Freischneidemaschine Jolly Hymach ist eine gr\u00fcne Wartungsmaschine, ideal zum M\u00e4hen von Gras an R\u00e4ndern und Stra\u00dfen","breadcrumb":{"@id":"https:\/\/beta.hymach.it\/de\/heckbetriebene-schneidemaschinen\/jolly\/#breadcrumb"},"inLanguage":"de-DE","potentialAction":[{"@type":"ReadAction","target":["https:\/\/beta.hymach.it\/de\/heckbetriebene-schneidemaschinen\/jolly\/"]}]},{"@type":"ImageObject","inLanguage":"de-DE","@id":"https:\/\/beta.hymach.it\/de\/heckbetriebene-schneidemaschinen\/jolly\/#primaryimage","url":"https:\/\/beta.hymach.it\/wp-content\/uploads\/2024\/10\/braccio-tagliaerba-jolly-hymach-cover.jpg","contentUrl":"https:\/\/beta.hymach.it\/wp-content\/uploads\/2024\/10\/braccio-tagliaerba-jolly-hymach-cover.jpg","width":1675,"height":768,"caption":"Braccio tagliaerba Jolly di Hymach"},{"@type":"BreadcrumbList","@id":"https:\/\/beta.hymach.it\/de\/heckbetriebene-schneidemaschinen\/jolly\/#breadcrumb","itemListElement":[{"@type":"ListItem","position":1,"name":"Home","item":"https:\/\/beta.hymach.it\/de\/"},{"@type":"ListItem","position":2,"name":"Heckbetriebene Schneidemaschinen Hymach","item":"https:\/\/beta.hymach.it\/de\/heckbetriebene-schneidemaschinen\/"},{"@type":"ListItem","position":3,"name":"Freischneidemaschine Jolly Hymach"}]},{"@type":"WebSite","@id":"https:\/\/beta.hymach.it\/de\/#website","url":"https:\/\/beta.hymach.it\/de\/","name":"Hymach","description":"Macchine per la manutenzione professionale del verde, semoventi portattrezzi multiuso radiocomandati e macchine per il lavaggio di pannelli solari.","publisher":{"@id":"https:\/\/beta.hymach.it\/de\/#organization"},"potentialAction":[{"@type":"SearchAction","target":{"@type":"EntryPoint","urlTemplate":"https:\/\/beta.hymach.it\/de\/?s={search_term_string}"},"query-input":{"@type":"PropertyValueSpecification","valueRequired":true,"valueName":"search_term_string"}}],"inLanguage":"de-DE"},{"@type":"Organization","@id":"https:\/\/beta.hymach.it\/de\/#organization","name":"Hymach","url":"https:\/\/beta.hymach.it\/de\/","logo":{"@type":"ImageObject","inLanguage":"de-DE","@id":"https:\/\/beta.hymach.it\/de\/#\/schema\/logo\/image\/","url":"https:\/\/beta.hymach.it\/wp-content\/uploads\/2024\/08\/hymach_logo_2026.svg","contentUrl":"https:\/\/beta.hymach.it\/wp-content\/uploads\/2024\/08\/hymach_logo_2026.svg","width":777,"height":88,"caption":"Hymach"},"image":{"@id":"https:\/\/beta.hymach.it\/de\/#\/schema\/logo\/image\/"}}]}},"_links":{"self":[{"href":"https:\/\/beta.hymach.it\/de\/wp-json\/wp\/v2\/pages\/3753","targetHints":{"allow":["GET"]}}],"collection":[{"href":"https:\/\/beta.hymach.it\/de\/wp-json\/wp\/v2\/pages"}],"about":[{"href":"https:\/\/beta.hymach.it\/de\/wp-json\/wp\/v2\/types\/page"}],"author":[{"embeddable":true,"href":"https:\/\/beta.hymach.it\/de\/wp-json\/wp\/v2\/users\/1"}],"replies":[{"embeddable":true,"href":"https:\/\/beta.hymach.it\/de\/wp-json\/wp\/v2\/comments?post=3753"}],"version-history":[{"count":3,"href":"https:\/\/beta.hymach.it\/de\/wp-json\/wp\/v2\/pages\/3753\/revisions"}],"predecessor-version":[{"id":7189,"href":"https:\/\/beta.hymach.it\/de\/wp-json\/wp\/v2\/pages\/3753\/revisions\/7189"}],"up":[{"embeddable":true,"href":"https:\/\/beta.hymach.it\/de\/wp-json\/wp\/v2\/pages\/3724"}],"wp:featuredmedia":[{"embeddable":true,"href":"https:\/\/beta.hymach.it\/de\/wp-json\/wp\/v2\/media\/9249"}],"wp:attachment":[{"href":"https:\/\/beta.hymach.it\/de\/wp-json\/wp\/v2\/media?parent=3753"}],"wp:term":[{"taxonomy":"category","embeddable":true,"href":"https:\/\/beta.hymach.it\/de\/wp-json\/wp\/v2\/categories?post=3753"},{"taxonomy":"sector","embeddable":true,"href":"https:\/\/beta.hymach.it\/de\/wp-json\/wp\/v2\/sector?post=3753"},{"taxonomy":"carrier","embeddable":true,"href":"https:\/\/beta.hymach.it\/de\/wp-json\/wp\/v2\/carrier?post=3753"},{"taxonomy":"cat-page","embeddable":true,"href":"https:\/\/beta.hymach.it\/de\/wp-json\/wp\/v2\/cat-page?post=3753"},{"taxonomy":"product-category","embeddable":true,"href":"https:\/\/beta.hymach.it\/de\/wp-json\/wp\/v2\/product-category?post=3753"}],"curies":[{"name":"wp","href":"https:\/\/api.w.org\/{rel}","templated":true}]}}