{"id":3895,"date":"2014-02-02T09:12:16","date_gmt":"2014-02-02T08:12:16","guid":{"rendered":"https:\/\/www.hymach.it\/produkte\/heckbetriebene-schneidemaschinen\/juice\/"},"modified":"2022-11-03T11:24:53","modified_gmt":"2022-11-03T10:24:53","slug":"juice","status":"publish","type":"page","link":"https:\/\/beta.hymach.it\/de\/heckbetriebene-schneidemaschinen\/juice\/","title":{"rendered":"Freischneidemaschine Juice Hymach"},"content":{"rendered":"<p>Juice entstand f\u00fcr die <strong>M\u00e4h-Anforderungen auf terrassierten Weinbergen und Obstplantagen<\/strong>, ist aber auch zum Arbeiten in <strong>Situationen mit Hindernissen wie Leitplanken<\/strong>, Mauern, Stra\u00dfenschildern und vor allem auf engen Wegen oder Bergstra\u00dfen, wo es n\u00f6tig ist der Form zu folgen, ohne auf die Gegenfahrbahn zu kommen, bestens geeignet.<\/p>\n<p>Der <strong>Arm hat mehrere Gelenksegmente<\/strong>, um Pflanzenreihen oder Verkehrsschilder, Hecken oder sonstige Stra\u00dfenbegrenzungen zu \u00fcberwinden.<\/p>\n<p>Der Arm kann auch ausgefahren verwendet werden und in Hanglage arbeiten. Diese Ausr\u00fcstung ist somit <strong>in der Lage 360\u00b0<\/strong> umfassende Leistungen zu erbringen. Die kompakten Ma\u00dfe erlauben die Anbringung an Traktoren mit sehr schmaler Spurweite, wie die vom sogenannten Obstplantagentyp.<\/p>\n<p>Die Gesamtheit Traktor \u2013 Maschine kann so zwischen engstehenden Reihen durchdringen und auch besonders schmale Stra\u00dfen befahren. Obwohl es sich um eine Maschine reduzierter Gr\u00f6\u00dfe handelt wurden alle Teile aus denen sie besteht ausgew\u00e4hlt, um dauerhafte Produktivit\u00e4t und Widerstandsf\u00e4higkeit zu garantieren.<\/p>\n<p>Der <strong>Arm wird aus hochfestem Stahl Strength<\/strong> hergestellt, um einen hohen Grad an Festigkeit bei gleichzeitiger Elastizit\u00e4t zu garantieren.<\/p>\n<p>Juice zeichnet ich durch ausgezeichnete Man\u00f6vrierf\u00e4higkeit aus, ist schnell am Fahrzeug zu installieren und ebenso schnell abzunehmen, damit dieses frei wird f\u00fcr andere Arbeitseins\u00e4tze.<\/p>\n<p>Antrieb und Steuerung der Maschinenfunktionen k\u00f6nnen durch alle Arten von, an die M\u00e4hmaschine anzubringende Verteiler aktiviert werden und werden normalerweise je nach Anforderungen und W\u00fcnschen des Nutzers von der Herstellerfirma angeboten: vom Hydraulikverteiler mit mechanischen Schalthebeln bis zu verschiedenen Arten von elektrohydraulischen Verteilern mit \u00fcber Einhebel-Joystick aktivierten Steuerungen.<\/p>\n<p>Der eigens f\u00fcr den Arm dieser Maschine entworfene Schneidekopf beh\u00e4lt die bogenf\u00f6rmige Linie des Chassis der anderen Schneidek\u00f6pfe von Hymach bei und hat einen speziellen Rotor installiert, der wieder eine propellerf\u00f6rmige Anordnung der Schneidgruppen bietet: Charakteristiken, die einen gleichm\u00e4\u00dfigen Schnitt und ausgezeichnete Produktivit\u00e4t erm\u00f6glichen.<\/p>\n<p>Juice ist mit vollem Recht unter den<strong> professionellen Maschinen f\u00fcr die Gr\u00fcnpflege einzuordnen<\/strong>.<\/p>\n<p>Neben der Version f\u00fcr Traktoren sind Versionen f\u00fcr Traktoren mit umkehrbarem Fahrersitz, f\u00fcr LKW und auch f\u00fcr Kompaktlader mit Anschluss an die Betriebsanlage desselben erh\u00e4ltlich.<\/p>\n","protected":false},"excerpt":{"rendered":"<p>Freischneider Juice mit \u00f6ldynamischem Arm mit  Rotorschneidekopf f\u00fcr Wartungsarbeiten in Obstplantagen, Weinbergen und \u00fcberall dort, wo, um seitlich schneiden zu k\u00f6nnen, hohe Hindernisse \u00fcberwunden werden m\u00fcssen.<\/p>\n","protected":false},"author":1,"featured_media":9123,"parent":3724,"menu_order":151,"comment_status":"closed","ping_status":"closed","template":"","meta":{"_acf_changed":false,"footnotes":""},"categories":[],"sector":[],"carrier":[],"cat-page":[],"product-category":[137],"class_list":["post-3895","page","type-page","status-publish","has-post-thumbnail","hentry","product-category-ueberhang-maeharme"],"acf":[],"yoast_head":"<!-- This site is optimized with the Yoast SEO plugin v27.5 - https:\/\/yoast.com\/product\/yoast-seo-wordpress\/ -->\n<title>Freischneidemaschine Juice Hymach f\u00fcr die Gr\u00fcnpflege<\/title>\n<meta name=\"description\" content=\"Der Freischneidemaschine Juice Hymach ist eine gr\u00fcne Wartungsmaschine, in der Lage Gras in Obstg\u00e4rten und sehr engen Bereichen zu schneiden.\" \/>\n<meta name=\"robots\" content=\"noindex, follow, max-snippet:-1, max-image-preview:large, max-video-preview:-1\" \/>\n<meta property=\"og:locale\" content=\"de_DE\" \/>\n<meta property=\"og:type\" content=\"article\" \/>\n<meta property=\"og:title\" content=\"Freischneidemaschine Juice Hymach f\u00fcr die Gr\u00fcnpflege\" \/>\n<meta property=\"og:description\" content=\"Der Freischneidemaschine Juice Hymach ist eine gr\u00fcne Wartungsmaschine, in der Lage Gras in Obstg\u00e4rten und sehr engen Bereichen zu schneiden.\" \/>\n<meta property=\"og:url\" content=\"https:\/\/beta.hymach.it\/de\/heckbetriebene-schneidemaschinen\/juice\/\" \/>\n<meta property=\"og:site_name\" content=\"Hymach\" \/>\n<meta property=\"article:modified_time\" content=\"2022-11-03T10:24:53+00:00\" \/>\n<meta property=\"og:image\" content=\"https:\/\/beta.hymach.it\/wp-content\/uploads\/2024\/10\/braccio-tagliaerba-juice-hymach-cover.jpg\" \/>\n\t<meta property=\"og:image:width\" content=\"1675\" \/>\n\t<meta property=\"og:image:height\" content=\"768\" \/>\n\t<meta property=\"og:image:type\" content=\"image\/jpeg\" \/>\n<meta name=\"twitter:label1\" content=\"Est. reading time\" \/>\n\t<meta name=\"twitter:data1\" content=\"2 minutes\" \/>\n<script type=\"application\/ld+json\" class=\"yoast-schema-graph\">{\"@context\":\"https:\\\/\\\/schema.org\",\"@graph\":[{\"@type\":\"WebPage\",\"@id\":\"https:\\\/\\\/beta.hymach.it\\\/de\\\/heckbetriebene-schneidemaschinen\\\/juice\\\/\",\"url\":\"https:\\\/\\\/beta.hymach.it\\\/de\\\/heckbetriebene-schneidemaschinen\\\/juice\\\/\",\"name\":\"Freischneidemaschine Juice Hymach f\u00fcr die Gr\u00fcnpflege\",\"isPartOf\":{\"@id\":\"https:\\\/\\\/beta.hymach.it\\\/de\\\/#website\"},\"primaryImageOfPage\":{\"@id\":\"https:\\\/\\\/beta.hymach.it\\\/de\\\/heckbetriebene-schneidemaschinen\\\/juice\\\/#primaryimage\"},\"image\":{\"@id\":\"https:\\\/\\\/beta.hymach.it\\\/de\\\/heckbetriebene-schneidemaschinen\\\/juice\\\/#primaryimage\"},\"thumbnailUrl\":\"https:\\\/\\\/beta.hymach.it\\\/wp-content\\\/uploads\\\/2024\\\/10\\\/braccio-tagliaerba-juice-hymach-cover.jpg\",\"datePublished\":\"2014-02-02T08:12:16+00:00\",\"dateModified\":\"2022-11-03T10:24:53+00:00\",\"description\":\"Der Freischneidemaschine Juice Hymach ist eine gr\u00fcne Wartungsmaschine, in der Lage Gras in Obstg\u00e4rten und sehr engen Bereichen zu schneiden.\",\"breadcrumb\":{\"@id\":\"https:\\\/\\\/beta.hymach.it\\\/de\\\/heckbetriebene-schneidemaschinen\\\/juice\\\/#breadcrumb\"},\"inLanguage\":\"de-DE\",\"potentialAction\":[{\"@type\":\"ReadAction\",\"target\":[\"https:\\\/\\\/beta.hymach.it\\\/de\\\/heckbetriebene-schneidemaschinen\\\/juice\\\/\"]}]},{\"@type\":\"ImageObject\",\"inLanguage\":\"de-DE\",\"@id\":\"https:\\\/\\\/beta.hymach.it\\\/de\\\/heckbetriebene-schneidemaschinen\\\/juice\\\/#primaryimage\",\"url\":\"https:\\\/\\\/beta.hymach.it\\\/wp-content\\\/uploads\\\/2024\\\/10\\\/braccio-tagliaerba-juice-hymach-cover.jpg\",\"contentUrl\":\"https:\\\/\\\/beta.hymach.it\\\/wp-content\\\/uploads\\\/2024\\\/10\\\/braccio-tagliaerba-juice-hymach-cover.jpg\",\"width\":1675,\"height\":768,\"caption\":\"Braccio tagliaerba Juice Hymach\"},{\"@type\":\"BreadcrumbList\",\"@id\":\"https:\\\/\\\/beta.hymach.it\\\/de\\\/heckbetriebene-schneidemaschinen\\\/juice\\\/#breadcrumb\",\"itemListElement\":[{\"@type\":\"ListItem\",\"position\":1,\"name\":\"Home\",\"item\":\"https:\\\/\\\/beta.hymach.it\\\/de\\\/\"},{\"@type\":\"ListItem\",\"position\":2,\"name\":\"Heckbetriebene Schneidemaschinen Hymach\",\"item\":\"https:\\\/\\\/beta.hymach.it\\\/de\\\/heckbetriebene-schneidemaschinen\\\/\"},{\"@type\":\"ListItem\",\"position\":3,\"name\":\"Freischneidemaschine Juice Hymach\"}]},{\"@type\":\"WebSite\",\"@id\":\"https:\\\/\\\/beta.hymach.it\\\/de\\\/#website\",\"url\":\"https:\\\/\\\/beta.hymach.it\\\/de\\\/\",\"name\":\"Hymach\",\"description\":\"Macchine per la manutenzione professionale del verde, semoventi portattrezzi multiuso radiocomandati e macchine per il lavaggio di pannelli solari.\",\"publisher\":{\"@id\":\"https:\\\/\\\/beta.hymach.it\\\/de\\\/#organization\"},\"potentialAction\":[{\"@type\":\"SearchAction\",\"target\":{\"@type\":\"EntryPoint\",\"urlTemplate\":\"https:\\\/\\\/beta.hymach.it\\\/de\\\/?s={search_term_string}\"},\"query-input\":{\"@type\":\"PropertyValueSpecification\",\"valueRequired\":true,\"valueName\":\"search_term_string\"}}],\"inLanguage\":\"de-DE\"},{\"@type\":\"Organization\",\"@id\":\"https:\\\/\\\/beta.hymach.it\\\/de\\\/#organization\",\"name\":\"Hymach\",\"url\":\"https:\\\/\\\/beta.hymach.it\\\/de\\\/\",\"logo\":{\"@type\":\"ImageObject\",\"inLanguage\":\"de-DE\",\"@id\":\"https:\\\/\\\/beta.hymach.it\\\/de\\\/#\\\/schema\\\/logo\\\/image\\\/\",\"url\":\"https:\\\/\\\/beta.hymach.it\\\/wp-content\\\/uploads\\\/2024\\\/08\\\/hymach_logo_2026.svg\",\"contentUrl\":\"https:\\\/\\\/beta.hymach.it\\\/wp-content\\\/uploads\\\/2024\\\/08\\\/hymach_logo_2026.svg\",\"width\":777,\"height\":88,\"caption\":\"Hymach\"},\"image\":{\"@id\":\"https:\\\/\\\/beta.hymach.it\\\/de\\\/#\\\/schema\\\/logo\\\/image\\\/\"}}]}<\/script>\n<!-- \/ Yoast SEO plugin. -->","yoast_head_json":{"title":"Freischneidemaschine Juice Hymach f\u00fcr die Gr\u00fcnpflege","description":"Der Freischneidemaschine Juice Hymach ist eine gr\u00fcne Wartungsmaschine, in der Lage Gras in Obstg\u00e4rten und sehr engen Bereichen zu schneiden.","robots":{"index":"noindex","follow":"follow","max-snippet":"max-snippet:-1","max-image-preview":"max-image-preview:large","max-video-preview":"max-video-preview:-1"},"og_locale":"de_DE","og_type":"article","og_title":"Freischneidemaschine Juice Hymach f\u00fcr die Gr\u00fcnpflege","og_description":"Der Freischneidemaschine Juice Hymach ist eine gr\u00fcne Wartungsmaschine, in der Lage Gras in Obstg\u00e4rten und sehr engen Bereichen zu schneiden.","og_url":"https:\/\/beta.hymach.it\/de\/heckbetriebene-schneidemaschinen\/juice\/","og_site_name":"Hymach","article_modified_time":"2022-11-03T10:24:53+00:00","og_image":[{"width":1675,"height":768,"url":"https:\/\/beta.hymach.it\/wp-content\/uploads\/2024\/10\/braccio-tagliaerba-juice-hymach-cover.jpg","type":"image\/jpeg"}],"twitter_misc":{"Est. reading time":"2 minutes"},"schema":{"@context":"https:\/\/schema.org","@graph":[{"@type":"WebPage","@id":"https:\/\/beta.hymach.it\/de\/heckbetriebene-schneidemaschinen\/juice\/","url":"https:\/\/beta.hymach.it\/de\/heckbetriebene-schneidemaschinen\/juice\/","name":"Freischneidemaschine Juice Hymach f\u00fcr die Gr\u00fcnpflege","isPartOf":{"@id":"https:\/\/beta.hymach.it\/de\/#website"},"primaryImageOfPage":{"@id":"https:\/\/beta.hymach.it\/de\/heckbetriebene-schneidemaschinen\/juice\/#primaryimage"},"image":{"@id":"https:\/\/beta.hymach.it\/de\/heckbetriebene-schneidemaschinen\/juice\/#primaryimage"},"thumbnailUrl":"https:\/\/beta.hymach.it\/wp-content\/uploads\/2024\/10\/braccio-tagliaerba-juice-hymach-cover.jpg","datePublished":"2014-02-02T08:12:16+00:00","dateModified":"2022-11-03T10:24:53+00:00","description":"Der Freischneidemaschine Juice Hymach ist eine gr\u00fcne Wartungsmaschine, in der Lage Gras in Obstg\u00e4rten und sehr engen Bereichen zu schneiden.","breadcrumb":{"@id":"https:\/\/beta.hymach.it\/de\/heckbetriebene-schneidemaschinen\/juice\/#breadcrumb"},"inLanguage":"de-DE","potentialAction":[{"@type":"ReadAction","target":["https:\/\/beta.hymach.it\/de\/heckbetriebene-schneidemaschinen\/juice\/"]}]},{"@type":"ImageObject","inLanguage":"de-DE","@id":"https:\/\/beta.hymach.it\/de\/heckbetriebene-schneidemaschinen\/juice\/#primaryimage","url":"https:\/\/beta.hymach.it\/wp-content\/uploads\/2024\/10\/braccio-tagliaerba-juice-hymach-cover.jpg","contentUrl":"https:\/\/beta.hymach.it\/wp-content\/uploads\/2024\/10\/braccio-tagliaerba-juice-hymach-cover.jpg","width":1675,"height":768,"caption":"Braccio tagliaerba Juice Hymach"},{"@type":"BreadcrumbList","@id":"https:\/\/beta.hymach.it\/de\/heckbetriebene-schneidemaschinen\/juice\/#breadcrumb","itemListElement":[{"@type":"ListItem","position":1,"name":"Home","item":"https:\/\/beta.hymach.it\/de\/"},{"@type":"ListItem","position":2,"name":"Heckbetriebene Schneidemaschinen Hymach","item":"https:\/\/beta.hymach.it\/de\/heckbetriebene-schneidemaschinen\/"},{"@type":"ListItem","position":3,"name":"Freischneidemaschine Juice Hymach"}]},{"@type":"WebSite","@id":"https:\/\/beta.hymach.it\/de\/#website","url":"https:\/\/beta.hymach.it\/de\/","name":"Hymach","description":"Macchine per la manutenzione professionale del verde, semoventi portattrezzi multiuso radiocomandati e macchine per il lavaggio di pannelli solari.","publisher":{"@id":"https:\/\/beta.hymach.it\/de\/#organization"},"potentialAction":[{"@type":"SearchAction","target":{"@type":"EntryPoint","urlTemplate":"https:\/\/beta.hymach.it\/de\/?s={search_term_string}"},"query-input":{"@type":"PropertyValueSpecification","valueRequired":true,"valueName":"search_term_string"}}],"inLanguage":"de-DE"},{"@type":"Organization","@id":"https:\/\/beta.hymach.it\/de\/#organization","name":"Hymach","url":"https:\/\/beta.hymach.it\/de\/","logo":{"@type":"ImageObject","inLanguage":"de-DE","@id":"https:\/\/beta.hymach.it\/de\/#\/schema\/logo\/image\/","url":"https:\/\/beta.hymach.it\/wp-content\/uploads\/2024\/08\/hymach_logo_2026.svg","contentUrl":"https:\/\/beta.hymach.it\/wp-content\/uploads\/2024\/08\/hymach_logo_2026.svg","width":777,"height":88,"caption":"Hymach"},"image":{"@id":"https:\/\/beta.hymach.it\/de\/#\/schema\/logo\/image\/"}}]}},"_links":{"self":[{"href":"https:\/\/beta.hymach.it\/de\/wp-json\/wp\/v2\/pages\/3895","targetHints":{"allow":["GET"]}}],"collection":[{"href":"https:\/\/beta.hymach.it\/de\/wp-json\/wp\/v2\/pages"}],"about":[{"href":"https:\/\/beta.hymach.it\/de\/wp-json\/wp\/v2\/types\/page"}],"author":[{"embeddable":true,"href":"https:\/\/beta.hymach.it\/de\/wp-json\/wp\/v2\/users\/1"}],"replies":[{"embeddable":true,"href":"https:\/\/beta.hymach.it\/de\/wp-json\/wp\/v2\/comments?post=3895"}],"version-history":[{"count":7,"href":"https:\/\/beta.hymach.it\/de\/wp-json\/wp\/v2\/pages\/3895\/revisions"}],"predecessor-version":[{"id":7215,"href":"https:\/\/beta.hymach.it\/de\/wp-json\/wp\/v2\/pages\/3895\/revisions\/7215"}],"up":[{"embeddable":true,"href":"https:\/\/beta.hymach.it\/de\/wp-json\/wp\/v2\/pages\/3724"}],"wp:featuredmedia":[{"embeddable":true,"href":"https:\/\/beta.hymach.it\/de\/wp-json\/wp\/v2\/media\/9123"}],"wp:attachment":[{"href":"https:\/\/beta.hymach.it\/de\/wp-json\/wp\/v2\/media?parent=3895"}],"wp:term":[{"taxonomy":"category","embeddable":true,"href":"https:\/\/beta.hymach.it\/de\/wp-json\/wp\/v2\/categories?post=3895"},{"taxonomy":"sector","embeddable":true,"href":"https:\/\/beta.hymach.it\/de\/wp-json\/wp\/v2\/sector?post=3895"},{"taxonomy":"carrier","embeddable":true,"href":"https:\/\/beta.hymach.it\/de\/wp-json\/wp\/v2\/carrier?post=3895"},{"taxonomy":"cat-page","embeddable":true,"href":"https:\/\/beta.hymach.it\/de\/wp-json\/wp\/v2\/cat-page?post=3895"},{"taxonomy":"product-category","embeddable":true,"href":"https:\/\/beta.hymach.it\/de\/wp-json\/wp\/v2\/product-category?post=3895"}],"curies":[{"name":"wp","href":"https:\/\/api.w.org\/{rel}","templated":true}]}}