{"id":4103,"date":"2012-08-23T16:45:40","date_gmt":"2012-08-23T14:45:40","guid":{"rendered":"https:\/\/www.hymach.it\/produkte\/aspiranti\/"},"modified":"2023-03-31T15:51:29","modified_gmt":"2023-03-31T13:51:29","slug":"ansaugmaschinen","status":"publish","type":"page","link":"https:\/\/beta.hymach.it\/de\/ansaugmaschinen\/","title":{"rendered":"Ansaugende Freischneidemaschine Hymach"},"content":{"rendered":"\n<h2 class=\"wp-block-heading\">Installazione delle decespugliatrici aspiranti<\/h2>\n\n\n\n<p>Possono essere installate sul sollevatore posteriore di trattori con attacco tre punti o telaio di supporto integrativo o su autocarri con telaio scarrabile costruito a misura.<\/p>\n\n\n\n<h2 class=\"wp-block-heading\">Sistema di aspirazione delle decespugliatrici aspiranti<\/h2>\n\n\n\n<p>Il dispositivo che fa parte del <strong>sistema di aspirazione delle nostre decespugliatrici aspiranti<\/strong> pu\u00f2 essere sia con gruppo aspirazione a turbina (il materiale viene aspirato mediante un vortice d\u2019aria generato da una ventola) che con sistema a depressione integrato sul cassone di raccolta (il materiale viene risucchiato per il vuoto creato all\u2019interno del cassone).<\/p>\n\n\n\n<h2 class=\"wp-block-heading\">Elementi personalizzabili sulle decespugliatrici aspiranti<\/h2>\n\n\n\n<p>I diversi modelli di <strong>decespugliatrici aspiranti<\/strong> si diversificano, oltre che per il tipo di applicazione sul mezzo portante, per l\u2019estensione del braccio raggiungibile, che, su richiesta, disponendo di un mezzo adeguato, pu\u00f2 anche superare gli 8 mt dei modelli di serie. \u00c8 anche possibile realizzare strutture pi\u00f9 contenute per adattare <strong>la macchina per la manutenzione e la cura del verde<\/strong> a mezzi di modeste dimensioni.<\/p>\n\n\n\n<p>Il sistema telescopico del braccio e del tubo di aspirazione permette lo sfalcio a filo ruota e la chiusura compatta durante la circolazione.<\/p>\n\n\n\n<h2 class=\"wp-block-heading\">Strutture e componenti principali delle decespugliatrici aspiranti<\/h2>\n\n\n\n<p>Le <strong>strutture<\/strong>, destinate a sopportare la sollecitazione dei cicli vita del braccio, sono realizzate con acciai di prima qualit\u00e0. Gli elementi fondamentali delle articolazioni, boccole e spine, sono costruiti in acciaio sottoposto a trattamenti di durezza e rettifica, che ne aumenta la resistenza ed ne ottimizza la funzione allungandone la durata. I martinetti dotati di valvole di regolazione, garantiscono l\u2019ottima manovrabilit\u00e0. I <strong>componenti principali<\/strong> dell\u2019impianto di funzionamento delle <strong>decespugliatrici aspiranti <\/strong>quali pompe e motore, moltiplicatore, distributore, radiatore, scelti tra quelli proposti dalle migliori marche sul mercato per prestazioni e affidabilit\u00e0, determinano invece l\u2019elevato rendimento in potenza e produttivit\u00e0.<\/p>\n\n\n\n<h2 class=\"wp-block-heading\">Personalizzazioni e versioni di decespugliatrici aspiranti<\/h2>\n\n\n\n<p>\u00c8 possibile trasformare la<strong> macchina per la manutenzione e la cura del verde<\/strong>, anche temporaneamente, per<strong> lavori di solo sfalcio<\/strong>, escludendo l\u2019aspirazione, con la sostituzione della parte terminale del braccio e della testata.<br>Le<strong> decespugliatrici aspiranti<\/strong> possono essere personalizzate potendo modificare sia la struttura che l\u2019impiantistica secondo le specifiche esigenze dell\u2019utilizzatore e sono disponibili sia nella versione per lavoro a destra che in quella per lavoro a sinistra.<\/p>\n","protected":false},"excerpt":{"rendered":"<p>Installazione delle decespugliatrici aspiranti Possono essere installate sul sollevatore posteriore di trattori con attacco tre punti o telaio di supporto integrativo o su autocarri con telaio scarrabile costruito a misura. Sistema di aspirazione delle decespugliatrici aspiranti Il dispositivo che fa parte del sistema di aspirazione delle nostre decespugliatrici aspiranti pu\u00f2 essere sia con gruppo aspirazione [&hellip;]<\/p>\n","protected":false},"author":1,"featured_media":12526,"parent":0,"menu_order":274,"comment_status":"closed","ping_status":"closed","template":"","meta":{"_acf_changed":false,"footnotes":""},"categories":[],"sector":[],"carrier":[],"cat-page":[],"product-category":[],"class_list":["post-4103","page","type-page","status-publish","has-post-thumbnail","hentry"],"acf":[],"yoast_head":"<!-- This site is optimized with the Yoast SEO plugin v27.4 - https:\/\/yoast.com\/product\/yoast-seo-wordpress\/ -->\n<title>Ansaugende Freischneidemaschine Hymach f\u00fcr die Gr\u00fcnpflege<\/title>\n<meta name=\"description\" content=\"Hymach Saug-Freischneider ist eine gr\u00fcne Wartungsmaschine f\u00fcr Rasen mit Absaugsystem f\u00fcr das H\u00e4ckselgut.\" \/>\n<meta name=\"robots\" content=\"noindex, follow, max-snippet:-1, max-image-preview:large, max-video-preview:-1\" \/>\n<meta property=\"og:locale\" content=\"de_DE\" \/>\n<meta property=\"og:type\" content=\"article\" \/>\n<meta property=\"og:title\" content=\"Ansaugende Freischneidemaschine Hymach f\u00fcr die Gr\u00fcnpflege\" \/>\n<meta property=\"og:description\" content=\"Hymach Saug-Freischneider ist eine gr\u00fcne Wartungsmaschine f\u00fcr Rasen mit Absaugsystem f\u00fcr das H\u00e4ckselgut.\" \/>\n<meta property=\"og:url\" content=\"https:\/\/beta.hymach.it\/de\/ansaugmaschinen\/\" \/>\n<meta property=\"og:site_name\" content=\"Hymach\" \/>\n<meta property=\"article:modified_time\" content=\"2023-03-31T13:51:29+00:00\" \/>\n<meta property=\"og:image\" content=\"https:\/\/beta.hymach.it\/wp-content\/uploads\/2018\/05\/aspirante-tornado.jpg\" \/>\n\t<meta property=\"og:image:width\" content=\"500\" \/>\n\t<meta property=\"og:image:height\" content=\"465\" \/>\n\t<meta property=\"og:image:type\" content=\"image\/jpeg\" \/>\n<meta name=\"twitter:label1\" content=\"Est. reading time\" \/>\n\t<meta name=\"twitter:data1\" content=\"2 minutes\" \/>\n<script type=\"application\/ld+json\" class=\"yoast-schema-graph\">{\"@context\":\"https:\\\/\\\/schema.org\",\"@graph\":[{\"@type\":\"WebPage\",\"@id\":\"https:\\\/\\\/beta.hymach.it\\\/de\\\/ansaugmaschinen\\\/\",\"url\":\"https:\\\/\\\/beta.hymach.it\\\/de\\\/ansaugmaschinen\\\/\",\"name\":\"Ansaugende Freischneidemaschine Hymach f\u00fcr die Gr\u00fcnpflege\",\"isPartOf\":{\"@id\":\"https:\\\/\\\/beta.hymach.it\\\/de\\\/#website\"},\"primaryImageOfPage\":{\"@id\":\"https:\\\/\\\/beta.hymach.it\\\/de\\\/ansaugmaschinen\\\/#primaryimage\"},\"image\":{\"@id\":\"https:\\\/\\\/beta.hymach.it\\\/de\\\/ansaugmaschinen\\\/#primaryimage\"},\"thumbnailUrl\":\"https:\\\/\\\/beta.hymach.it\\\/wp-content\\\/uploads\\\/2026\\\/04\\\/Aspiranti.svg\",\"datePublished\":\"2012-08-23T14:45:40+00:00\",\"dateModified\":\"2023-03-31T13:51:29+00:00\",\"description\":\"Hymach Saug-Freischneider ist eine gr\u00fcne Wartungsmaschine f\u00fcr Rasen mit Absaugsystem f\u00fcr das H\u00e4ckselgut.\",\"breadcrumb\":{\"@id\":\"https:\\\/\\\/beta.hymach.it\\\/de\\\/ansaugmaschinen\\\/#breadcrumb\"},\"inLanguage\":\"de-DE\",\"potentialAction\":[{\"@type\":\"ReadAction\",\"target\":[\"https:\\\/\\\/beta.hymach.it\\\/de\\\/ansaugmaschinen\\\/\"]}]},{\"@type\":\"ImageObject\",\"inLanguage\":\"de-DE\",\"@id\":\"https:\\\/\\\/beta.hymach.it\\\/de\\\/ansaugmaschinen\\\/#primaryimage\",\"url\":\"https:\\\/\\\/beta.hymach.it\\\/wp-content\\\/uploads\\\/2026\\\/04\\\/Aspiranti.svg\",\"contentUrl\":\"https:\\\/\\\/beta.hymach.it\\\/wp-content\\\/uploads\\\/2026\\\/04\\\/Aspiranti.svg\",\"width\":500,\"height\":500},{\"@type\":\"BreadcrumbList\",\"@id\":\"https:\\\/\\\/beta.hymach.it\\\/de\\\/ansaugmaschinen\\\/#breadcrumb\",\"itemListElement\":[{\"@type\":\"ListItem\",\"position\":1,\"name\":\"Home\",\"item\":\"https:\\\/\\\/beta.hymach.it\\\/de\\\/\"},{\"@type\":\"ListItem\",\"position\":2,\"name\":\"Produkte Hymach\",\"item\":\"https:\\\/\\\/beta.hymach.it\\\/de\\\/produkte\\\/\"},{\"@type\":\"ListItem\",\"position\":3,\"name\":\"Ansaugende Freischneidemaschine Hymach\"}]},{\"@type\":\"WebSite\",\"@id\":\"https:\\\/\\\/beta.hymach.it\\\/de\\\/#website\",\"url\":\"https:\\\/\\\/beta.hymach.it\\\/de\\\/\",\"name\":\"Hymach\",\"description\":\"Macchine per la manutenzione professionale del verde, semoventi portattrezzi multiuso radiocomandati e macchine per il lavaggio di pannelli solari.\",\"publisher\":{\"@id\":\"https:\\\/\\\/beta.hymach.it\\\/de\\\/#organization\"},\"potentialAction\":[{\"@type\":\"SearchAction\",\"target\":{\"@type\":\"EntryPoint\",\"urlTemplate\":\"https:\\\/\\\/beta.hymach.it\\\/de\\\/?s={search_term_string}\"},\"query-input\":{\"@type\":\"PropertyValueSpecification\",\"valueRequired\":true,\"valueName\":\"search_term_string\"}}],\"inLanguage\":\"de-DE\"},{\"@type\":\"Organization\",\"@id\":\"https:\\\/\\\/beta.hymach.it\\\/de\\\/#organization\",\"name\":\"Hymach\",\"url\":\"https:\\\/\\\/beta.hymach.it\\\/de\\\/\",\"logo\":{\"@type\":\"ImageObject\",\"inLanguage\":\"de-DE\",\"@id\":\"https:\\\/\\\/beta.hymach.it\\\/de\\\/#\\\/schema\\\/logo\\\/image\\\/\",\"url\":\"https:\\\/\\\/beta.hymach.it\\\/wp-content\\\/uploads\\\/2024\\\/08\\\/hymach_logo_2026.svg\",\"contentUrl\":\"https:\\\/\\\/beta.hymach.it\\\/wp-content\\\/uploads\\\/2024\\\/08\\\/hymach_logo_2026.svg\",\"width\":777,\"height\":88,\"caption\":\"Hymach\"},\"image\":{\"@id\":\"https:\\\/\\\/beta.hymach.it\\\/de\\\/#\\\/schema\\\/logo\\\/image\\\/\"}}]}<\/script>\n<!-- \/ Yoast SEO plugin. -->","yoast_head_json":{"title":"Ansaugende Freischneidemaschine Hymach f\u00fcr die Gr\u00fcnpflege","description":"Hymach Saug-Freischneider ist eine gr\u00fcne Wartungsmaschine f\u00fcr Rasen mit Absaugsystem f\u00fcr das H\u00e4ckselgut.","robots":{"index":"noindex","follow":"follow","max-snippet":"max-snippet:-1","max-image-preview":"max-image-preview:large","max-video-preview":"max-video-preview:-1"},"og_locale":"de_DE","og_type":"article","og_title":"Ansaugende Freischneidemaschine Hymach f\u00fcr die Gr\u00fcnpflege","og_description":"Hymach Saug-Freischneider ist eine gr\u00fcne Wartungsmaschine f\u00fcr Rasen mit Absaugsystem f\u00fcr das H\u00e4ckselgut.","og_url":"https:\/\/beta.hymach.it\/de\/ansaugmaschinen\/","og_site_name":"Hymach","article_modified_time":"2023-03-31T13:51:29+00:00","og_image":[{"width":500,"height":465,"url":"https:\/\/beta.hymach.it\/wp-content\/uploads\/2018\/05\/aspirante-tornado.jpg","type":"image\/jpeg"}],"twitter_misc":{"Est. reading time":"2 minutes"},"schema":{"@context":"https:\/\/schema.org","@graph":[{"@type":"WebPage","@id":"https:\/\/beta.hymach.it\/de\/ansaugmaschinen\/","url":"https:\/\/beta.hymach.it\/de\/ansaugmaschinen\/","name":"Ansaugende Freischneidemaschine Hymach f\u00fcr die Gr\u00fcnpflege","isPartOf":{"@id":"https:\/\/beta.hymach.it\/de\/#website"},"primaryImageOfPage":{"@id":"https:\/\/beta.hymach.it\/de\/ansaugmaschinen\/#primaryimage"},"image":{"@id":"https:\/\/beta.hymach.it\/de\/ansaugmaschinen\/#primaryimage"},"thumbnailUrl":"https:\/\/beta.hymach.it\/wp-content\/uploads\/2026\/04\/Aspiranti.svg","datePublished":"2012-08-23T14:45:40+00:00","dateModified":"2023-03-31T13:51:29+00:00","description":"Hymach Saug-Freischneider ist eine gr\u00fcne Wartungsmaschine f\u00fcr Rasen mit Absaugsystem f\u00fcr das H\u00e4ckselgut.","breadcrumb":{"@id":"https:\/\/beta.hymach.it\/de\/ansaugmaschinen\/#breadcrumb"},"inLanguage":"de-DE","potentialAction":[{"@type":"ReadAction","target":["https:\/\/beta.hymach.it\/de\/ansaugmaschinen\/"]}]},{"@type":"ImageObject","inLanguage":"de-DE","@id":"https:\/\/beta.hymach.it\/de\/ansaugmaschinen\/#primaryimage","url":"https:\/\/beta.hymach.it\/wp-content\/uploads\/2026\/04\/Aspiranti.svg","contentUrl":"https:\/\/beta.hymach.it\/wp-content\/uploads\/2026\/04\/Aspiranti.svg","width":500,"height":500},{"@type":"BreadcrumbList","@id":"https:\/\/beta.hymach.it\/de\/ansaugmaschinen\/#breadcrumb","itemListElement":[{"@type":"ListItem","position":1,"name":"Home","item":"https:\/\/beta.hymach.it\/de\/"},{"@type":"ListItem","position":2,"name":"Produkte Hymach","item":"https:\/\/beta.hymach.it\/de\/produkte\/"},{"@type":"ListItem","position":3,"name":"Ansaugende Freischneidemaschine Hymach"}]},{"@type":"WebSite","@id":"https:\/\/beta.hymach.it\/de\/#website","url":"https:\/\/beta.hymach.it\/de\/","name":"Hymach","description":"Macchine per la manutenzione professionale del verde, semoventi portattrezzi multiuso radiocomandati e macchine per il lavaggio di pannelli solari.","publisher":{"@id":"https:\/\/beta.hymach.it\/de\/#organization"},"potentialAction":[{"@type":"SearchAction","target":{"@type":"EntryPoint","urlTemplate":"https:\/\/beta.hymach.it\/de\/?s={search_term_string}"},"query-input":{"@type":"PropertyValueSpecification","valueRequired":true,"valueName":"search_term_string"}}],"inLanguage":"de-DE"},{"@type":"Organization","@id":"https:\/\/beta.hymach.it\/de\/#organization","name":"Hymach","url":"https:\/\/beta.hymach.it\/de\/","logo":{"@type":"ImageObject","inLanguage":"de-DE","@id":"https:\/\/beta.hymach.it\/de\/#\/schema\/logo\/image\/","url":"https:\/\/beta.hymach.it\/wp-content\/uploads\/2024\/08\/hymach_logo_2026.svg","contentUrl":"https:\/\/beta.hymach.it\/wp-content\/uploads\/2024\/08\/hymach_logo_2026.svg","width":777,"height":88,"caption":"Hymach"},"image":{"@id":"https:\/\/beta.hymach.it\/de\/#\/schema\/logo\/image\/"}}]}},"_links":{"self":[{"href":"https:\/\/beta.hymach.it\/de\/wp-json\/wp\/v2\/pages\/4103","targetHints":{"allow":["GET"]}}],"collection":[{"href":"https:\/\/beta.hymach.it\/de\/wp-json\/wp\/v2\/pages"}],"about":[{"href":"https:\/\/beta.hymach.it\/de\/wp-json\/wp\/v2\/types\/page"}],"author":[{"embeddable":true,"href":"https:\/\/beta.hymach.it\/de\/wp-json\/wp\/v2\/users\/1"}],"replies":[{"embeddable":true,"href":"https:\/\/beta.hymach.it\/de\/wp-json\/wp\/v2\/comments?post=4103"}],"version-history":[{"count":4,"href":"https:\/\/beta.hymach.it\/de\/wp-json\/wp\/v2\/pages\/4103\/revisions"}],"predecessor-version":[{"id":7271,"href":"https:\/\/beta.hymach.it\/de\/wp-json\/wp\/v2\/pages\/4103\/revisions\/7271"}],"wp:featuredmedia":[{"embeddable":true,"href":"https:\/\/beta.hymach.it\/de\/wp-json\/wp\/v2\/media\/12526"}],"wp:attachment":[{"href":"https:\/\/beta.hymach.it\/de\/wp-json\/wp\/v2\/media?parent=4103"}],"wp:term":[{"taxonomy":"category","embeddable":true,"href":"https:\/\/beta.hymach.it\/de\/wp-json\/wp\/v2\/categories?post=4103"},{"taxonomy":"sector","embeddable":true,"href":"https:\/\/beta.hymach.it\/de\/wp-json\/wp\/v2\/sector?post=4103"},{"taxonomy":"carrier","embeddable":true,"href":"https:\/\/beta.hymach.it\/de\/wp-json\/wp\/v2\/carrier?post=4103"},{"taxonomy":"cat-page","embeddable":true,"href":"https:\/\/beta.hymach.it\/de\/wp-json\/wp\/v2\/cat-page?post=4103"},{"taxonomy":"product-category","embeddable":true,"href":"https:\/\/beta.hymach.it\/de\/wp-json\/wp\/v2\/product-category?post=4103"}],"curies":[{"name":"wp","href":"https:\/\/api.w.org\/{rel}","templated":true}]}}