{"id":4111,"date":"2014-02-18T12:00:33","date_gmt":"2014-02-18T11:00:33","guid":{"rendered":"https:\/\/www.hymach.it\/produkte\/ansaugmaschinen\/tornado\/"},"modified":"2023-03-31T16:16:23","modified_gmt":"2023-03-31T14:16:23","slug":"tornado","status":"publish","type":"page","link":"https:\/\/beta.hymach.it\/de\/ansaugmaschinen\/tornado\/","title":{"rendered":"Ansaugende Freischneidemaschine Tornado Hymach"},"content":{"rendered":"<p><strong>Ansaugende Freischneidemaschine\u00a0mit hydraulischem Arm mit Rotor-H\u00e4ckslerkopfteil<\/strong> zur Befestigung hinter der Zugmaschine f\u00fcr Instandhaltungsarbeiten von Gr\u00fcnfl\u00e4chen an Stra\u00dfen und Autobahnen, Abh\u00e4ngen, B\u00f6schungen -auch tiefen-, Ufern von Fliessgew\u00e4ssern sowie in l\u00e4ndlichen Gebieten. Die besonders leistungsf\u00e4hige Ansauganlage garantiert optimale Resultate und hohe Produktivit\u00e4t.<\/p>\n<p>Sie werden angeboten in den <strong>L\u00e4ngen von 6 und 8 Metern<\/strong>. Das Terminal besteht hier immer aus einem Teleskop mit einer oder zwei Sektionen, um auch entfernteste Punkte gut zu erreichen, um das Ausma\u00df auf der Stra\u00dfe auf ein Minimum zu reduzieren und um in Ruhestellung die Dimensionen beibehalten zu k\u00f6nnen.<\/p>\n","protected":false},"excerpt":{"rendered":"<p>Ansaugende Freischneidemaschine\u00a0mit hydraulischem Arm mit Rotor-H\u00e4ckslerkopfteil zur Befestigung hinter der Zugmaschine f\u00fcr Instandhaltungsarbeiten von Gr\u00fcnfl\u00e4chen an Stra\u00dfen und Autobahnen, Abh\u00e4ngen, B\u00f6schungen -auch tiefen-, Ufern von Fliessgew\u00e4ssern sowie in l\u00e4ndlichen Gebieten. Die besonders leistungsf\u00e4hige Ansauganlage garantiert optimale Resultate und hohe Produktivit\u00e4t. Sie werden angeboten in den L\u00e4ngen von 6 und 8 Metern. Das Terminal besteht hier [&hellip;]<\/p>\n","protected":false},"author":1,"featured_media":9643,"parent":4103,"menu_order":7,"comment_status":"closed","ping_status":"closed","template":"","meta":{"_acf_changed":false,"footnotes":""},"categories":[],"sector":[],"carrier":[],"cat-page":[],"product-category":[132],"class_list":["post-4111","page","type-page","status-publish","has-post-thumbnail","hentry","product-category-saug-maeharme"],"acf":[],"yoast_head":"<!-- This site is optimized with the Yoast SEO plugin v27.5 - https:\/\/yoast.com\/product\/yoast-seo-wordpress\/ -->\n<title>Ansaugende Freischneidemaschine Tornado Hymach f\u00fcr die Gr\u00fcnpflege<\/title>\n<meta name=\"description\" content=\"Der Ansaugende Freischneidemaschine Tornado Hymach ist eine gr\u00fcne Wartungsmaschine, ausgestattet mit einem verbesserten Saugsystem.\" \/>\n<meta name=\"robots\" content=\"noindex, follow, max-snippet:-1, max-image-preview:large, max-video-preview:-1\" \/>\n<meta property=\"og:locale\" content=\"de_DE\" \/>\n<meta property=\"og:type\" content=\"article\" \/>\n<meta property=\"og:title\" content=\"Ansaugende Freischneidemaschine Tornado Hymach f\u00fcr die Gr\u00fcnpflege\" \/>\n<meta property=\"og:description\" content=\"Der Ansaugende Freischneidemaschine Tornado Hymach ist eine gr\u00fcne Wartungsmaschine, ausgestattet mit einem verbesserten Saugsystem.\" \/>\n<meta property=\"og:url\" content=\"https:\/\/beta.hymach.it\/de\/ansaugmaschinen\/tornado\/\" \/>\n<meta property=\"og:site_name\" content=\"Hymach\" \/>\n<meta property=\"article:modified_time\" content=\"2023-03-31T14:16:23+00:00\" \/>\n<meta property=\"og:image\" content=\"https:\/\/beta.hymach.it\/wp-content\/uploads\/2024\/10\/braccio-tagliaerba-tornado-hymach-cover.jpg\" \/>\n\t<meta property=\"og:image:width\" content=\"1675\" \/>\n\t<meta property=\"og:image:height\" content=\"768\" \/>\n\t<meta property=\"og:image:type\" content=\"image\/jpeg\" \/>\n<meta name=\"twitter:label1\" content=\"Est. reading time\" \/>\n\t<meta name=\"twitter:data1\" content=\"1 minute\" \/>\n<script type=\"application\/ld+json\" class=\"yoast-schema-graph\">{\"@context\":\"https:\\\/\\\/schema.org\",\"@graph\":[{\"@type\":\"WebPage\",\"@id\":\"https:\\\/\\\/beta.hymach.it\\\/de\\\/ansaugmaschinen\\\/tornado\\\/\",\"url\":\"https:\\\/\\\/beta.hymach.it\\\/de\\\/ansaugmaschinen\\\/tornado\\\/\",\"name\":\"Ansaugende Freischneidemaschine Tornado Hymach f\u00fcr die Gr\u00fcnpflege\",\"isPartOf\":{\"@id\":\"https:\\\/\\\/beta.hymach.it\\\/de\\\/#website\"},\"primaryImageOfPage\":{\"@id\":\"https:\\\/\\\/beta.hymach.it\\\/de\\\/ansaugmaschinen\\\/tornado\\\/#primaryimage\"},\"image\":{\"@id\":\"https:\\\/\\\/beta.hymach.it\\\/de\\\/ansaugmaschinen\\\/tornado\\\/#primaryimage\"},\"thumbnailUrl\":\"https:\\\/\\\/beta.hymach.it\\\/wp-content\\\/uploads\\\/2024\\\/10\\\/braccio-tagliaerba-tornado-hymach-cover.jpg\",\"datePublished\":\"2014-02-18T11:00:33+00:00\",\"dateModified\":\"2023-03-31T14:16:23+00:00\",\"description\":\"Der Ansaugende Freischneidemaschine Tornado Hymach ist eine gr\u00fcne Wartungsmaschine, ausgestattet mit einem verbesserten Saugsystem.\",\"breadcrumb\":{\"@id\":\"https:\\\/\\\/beta.hymach.it\\\/de\\\/ansaugmaschinen\\\/tornado\\\/#breadcrumb\"},\"inLanguage\":\"de-DE\",\"potentialAction\":[{\"@type\":\"ReadAction\",\"target\":[\"https:\\\/\\\/beta.hymach.it\\\/de\\\/ansaugmaschinen\\\/tornado\\\/\"]}]},{\"@type\":\"ImageObject\",\"inLanguage\":\"de-DE\",\"@id\":\"https:\\\/\\\/beta.hymach.it\\\/de\\\/ansaugmaschinen\\\/tornado\\\/#primaryimage\",\"url\":\"https:\\\/\\\/beta.hymach.it\\\/wp-content\\\/uploads\\\/2024\\\/10\\\/braccio-tagliaerba-tornado-hymach-cover.jpg\",\"contentUrl\":\"https:\\\/\\\/beta.hymach.it\\\/wp-content\\\/uploads\\\/2024\\\/10\\\/braccio-tagliaerba-tornado-hymach-cover.jpg\",\"width\":1675,\"height\":768,\"caption\":\"Braccio tagliaerba aspirante Tornado di Hymach\"},{\"@type\":\"BreadcrumbList\",\"@id\":\"https:\\\/\\\/beta.hymach.it\\\/de\\\/ansaugmaschinen\\\/tornado\\\/#breadcrumb\",\"itemListElement\":[{\"@type\":\"ListItem\",\"position\":1,\"name\":\"Home\",\"item\":\"https:\\\/\\\/beta.hymach.it\\\/de\\\/\"},{\"@type\":\"ListItem\",\"position\":2,\"name\":\"Produkte Hymach\",\"item\":\"https:\\\/\\\/beta.hymach.it\\\/de\\\/produkte\\\/\"},{\"@type\":\"ListItem\",\"position\":3,\"name\":\"Ansaugende Freischneidemaschine Hymach\",\"item\":\"https:\\\/\\\/beta.hymach.it\\\/de\\\/produkte\\\/ansaugmaschinen\\\/\"},{\"@type\":\"ListItem\",\"position\":4,\"name\":\"Ansaugende Freischneidemaschine Tornado Hymach\"}]},{\"@type\":\"WebSite\",\"@id\":\"https:\\\/\\\/beta.hymach.it\\\/de\\\/#website\",\"url\":\"https:\\\/\\\/beta.hymach.it\\\/de\\\/\",\"name\":\"Hymach\",\"description\":\"Macchine per la manutenzione professionale del verde, semoventi portattrezzi multiuso radiocomandati e macchine per il lavaggio di pannelli solari.\",\"publisher\":{\"@id\":\"https:\\\/\\\/beta.hymach.it\\\/de\\\/#organization\"},\"potentialAction\":[{\"@type\":\"SearchAction\",\"target\":{\"@type\":\"EntryPoint\",\"urlTemplate\":\"https:\\\/\\\/beta.hymach.it\\\/de\\\/?s={search_term_string}\"},\"query-input\":{\"@type\":\"PropertyValueSpecification\",\"valueRequired\":true,\"valueName\":\"search_term_string\"}}],\"inLanguage\":\"de-DE\"},{\"@type\":\"Organization\",\"@id\":\"https:\\\/\\\/beta.hymach.it\\\/de\\\/#organization\",\"name\":\"Hymach\",\"url\":\"https:\\\/\\\/beta.hymach.it\\\/de\\\/\",\"logo\":{\"@type\":\"ImageObject\",\"inLanguage\":\"de-DE\",\"@id\":\"https:\\\/\\\/beta.hymach.it\\\/de\\\/#\\\/schema\\\/logo\\\/image\\\/\",\"url\":\"https:\\\/\\\/beta.hymach.it\\\/wp-content\\\/uploads\\\/2024\\\/08\\\/hymach_logo_2026.svg\",\"contentUrl\":\"https:\\\/\\\/beta.hymach.it\\\/wp-content\\\/uploads\\\/2024\\\/08\\\/hymach_logo_2026.svg\",\"width\":777,\"height\":88,\"caption\":\"Hymach\"},\"image\":{\"@id\":\"https:\\\/\\\/beta.hymach.it\\\/de\\\/#\\\/schema\\\/logo\\\/image\\\/\"}}]}<\/script>\n<!-- \/ Yoast SEO plugin. -->","yoast_head_json":{"title":"Ansaugende Freischneidemaschine Tornado Hymach f\u00fcr die Gr\u00fcnpflege","description":"Der Ansaugende Freischneidemaschine Tornado Hymach ist eine gr\u00fcne Wartungsmaschine, ausgestattet mit einem verbesserten Saugsystem.","robots":{"index":"noindex","follow":"follow","max-snippet":"max-snippet:-1","max-image-preview":"max-image-preview:large","max-video-preview":"max-video-preview:-1"},"og_locale":"de_DE","og_type":"article","og_title":"Ansaugende Freischneidemaschine Tornado Hymach f\u00fcr die Gr\u00fcnpflege","og_description":"Der Ansaugende Freischneidemaschine Tornado Hymach ist eine gr\u00fcne Wartungsmaschine, ausgestattet mit einem verbesserten Saugsystem.","og_url":"https:\/\/beta.hymach.it\/de\/ansaugmaschinen\/tornado\/","og_site_name":"Hymach","article_modified_time":"2023-03-31T14:16:23+00:00","og_image":[{"width":1675,"height":768,"url":"https:\/\/beta.hymach.it\/wp-content\/uploads\/2024\/10\/braccio-tagliaerba-tornado-hymach-cover.jpg","type":"image\/jpeg"}],"twitter_misc":{"Est. reading time":"1 minute"},"schema":{"@context":"https:\/\/schema.org","@graph":[{"@type":"WebPage","@id":"https:\/\/beta.hymach.it\/de\/ansaugmaschinen\/tornado\/","url":"https:\/\/beta.hymach.it\/de\/ansaugmaschinen\/tornado\/","name":"Ansaugende Freischneidemaschine Tornado Hymach f\u00fcr die Gr\u00fcnpflege","isPartOf":{"@id":"https:\/\/beta.hymach.it\/de\/#website"},"primaryImageOfPage":{"@id":"https:\/\/beta.hymach.it\/de\/ansaugmaschinen\/tornado\/#primaryimage"},"image":{"@id":"https:\/\/beta.hymach.it\/de\/ansaugmaschinen\/tornado\/#primaryimage"},"thumbnailUrl":"https:\/\/beta.hymach.it\/wp-content\/uploads\/2024\/10\/braccio-tagliaerba-tornado-hymach-cover.jpg","datePublished":"2014-02-18T11:00:33+00:00","dateModified":"2023-03-31T14:16:23+00:00","description":"Der Ansaugende Freischneidemaschine Tornado Hymach ist eine gr\u00fcne Wartungsmaschine, ausgestattet mit einem verbesserten Saugsystem.","breadcrumb":{"@id":"https:\/\/beta.hymach.it\/de\/ansaugmaschinen\/tornado\/#breadcrumb"},"inLanguage":"de-DE","potentialAction":[{"@type":"ReadAction","target":["https:\/\/beta.hymach.it\/de\/ansaugmaschinen\/tornado\/"]}]},{"@type":"ImageObject","inLanguage":"de-DE","@id":"https:\/\/beta.hymach.it\/de\/ansaugmaschinen\/tornado\/#primaryimage","url":"https:\/\/beta.hymach.it\/wp-content\/uploads\/2024\/10\/braccio-tagliaerba-tornado-hymach-cover.jpg","contentUrl":"https:\/\/beta.hymach.it\/wp-content\/uploads\/2024\/10\/braccio-tagliaerba-tornado-hymach-cover.jpg","width":1675,"height":768,"caption":"Braccio tagliaerba aspirante Tornado di Hymach"},{"@type":"BreadcrumbList","@id":"https:\/\/beta.hymach.it\/de\/ansaugmaschinen\/tornado\/#breadcrumb","itemListElement":[{"@type":"ListItem","position":1,"name":"Home","item":"https:\/\/beta.hymach.it\/de\/"},{"@type":"ListItem","position":2,"name":"Produkte Hymach","item":"https:\/\/beta.hymach.it\/de\/produkte\/"},{"@type":"ListItem","position":3,"name":"Ansaugende Freischneidemaschine Hymach","item":"https:\/\/beta.hymach.it\/de\/produkte\/ansaugmaschinen\/"},{"@type":"ListItem","position":4,"name":"Ansaugende Freischneidemaschine Tornado Hymach"}]},{"@type":"WebSite","@id":"https:\/\/beta.hymach.it\/de\/#website","url":"https:\/\/beta.hymach.it\/de\/","name":"Hymach","description":"Macchine per la manutenzione professionale del verde, semoventi portattrezzi multiuso radiocomandati e macchine per il lavaggio di pannelli solari.","publisher":{"@id":"https:\/\/beta.hymach.it\/de\/#organization"},"potentialAction":[{"@type":"SearchAction","target":{"@type":"EntryPoint","urlTemplate":"https:\/\/beta.hymach.it\/de\/?s={search_term_string}"},"query-input":{"@type":"PropertyValueSpecification","valueRequired":true,"valueName":"search_term_string"}}],"inLanguage":"de-DE"},{"@type":"Organization","@id":"https:\/\/beta.hymach.it\/de\/#organization","name":"Hymach","url":"https:\/\/beta.hymach.it\/de\/","logo":{"@type":"ImageObject","inLanguage":"de-DE","@id":"https:\/\/beta.hymach.it\/de\/#\/schema\/logo\/image\/","url":"https:\/\/beta.hymach.it\/wp-content\/uploads\/2024\/08\/hymach_logo_2026.svg","contentUrl":"https:\/\/beta.hymach.it\/wp-content\/uploads\/2024\/08\/hymach_logo_2026.svg","width":777,"height":88,"caption":"Hymach"},"image":{"@id":"https:\/\/beta.hymach.it\/de\/#\/schema\/logo\/image\/"}}]}},"_links":{"self":[{"href":"https:\/\/beta.hymach.it\/de\/wp-json\/wp\/v2\/pages\/4111","targetHints":{"allow":["GET"]}}],"collection":[{"href":"https:\/\/beta.hymach.it\/de\/wp-json\/wp\/v2\/pages"}],"about":[{"href":"https:\/\/beta.hymach.it\/de\/wp-json\/wp\/v2\/types\/page"}],"author":[{"embeddable":true,"href":"https:\/\/beta.hymach.it\/de\/wp-json\/wp\/v2\/users\/1"}],"replies":[{"embeddable":true,"href":"https:\/\/beta.hymach.it\/de\/wp-json\/wp\/v2\/comments?post=4111"}],"version-history":[{"count":3,"href":"https:\/\/beta.hymach.it\/de\/wp-json\/wp\/v2\/pages\/4111\/revisions"}],"predecessor-version":[{"id":7273,"href":"https:\/\/beta.hymach.it\/de\/wp-json\/wp\/v2\/pages\/4111\/revisions\/7273"}],"up":[{"embeddable":true,"href":"https:\/\/beta.hymach.it\/de\/wp-json\/wp\/v2\/pages\/4103"}],"wp:featuredmedia":[{"embeddable":true,"href":"https:\/\/beta.hymach.it\/de\/wp-json\/wp\/v2\/media\/9643"}],"wp:attachment":[{"href":"https:\/\/beta.hymach.it\/de\/wp-json\/wp\/v2\/media?parent=4111"}],"wp:term":[{"taxonomy":"category","embeddable":true,"href":"https:\/\/beta.hymach.it\/de\/wp-json\/wp\/v2\/categories?post=4111"},{"taxonomy":"sector","embeddable":true,"href":"https:\/\/beta.hymach.it\/de\/wp-json\/wp\/v2\/sector?post=4111"},{"taxonomy":"carrier","embeddable":true,"href":"https:\/\/beta.hymach.it\/de\/wp-json\/wp\/v2\/carrier?post=4111"},{"taxonomy":"cat-page","embeddable":true,"href":"https:\/\/beta.hymach.it\/de\/wp-json\/wp\/v2\/cat-page?post=4111"},{"taxonomy":"product-category","embeddable":true,"href":"https:\/\/beta.hymach.it\/de\/wp-json\/wp\/v2\/product-category?post=4111"}],"curies":[{"name":"wp","href":"https:\/\/api.w.org\/{rel}","templated":true}]}}