{"id":4327,"date":"2012-08-28T15:40:54","date_gmt":"2012-08-28T13:40:54","guid":{"rendered":"https:\/\/www.hymach.it\/produkte\/testate-trinciatrici\/"},"modified":"2023-08-08T17:20:56","modified_gmt":"2023-08-08T15:20:56","slug":"haecksler-kopfteile","status":"publish","type":"page","link":"https:\/\/beta.hymach.it\/de\/haecksler-kopfteile\/","title":{"rendered":"H\u00e4cksler-Kopfteile Hymach"},"content":{"rendered":"\n<h2 class=\"wp-block-heading\">Versioni di testate trinciatrici<\/h2>\n\n\n\n<p>Sono disponibili sia nella versione con trasmissione diretta motore-rotore che con quella indiretta grazie alla quale le sollecitazioni in lavoro vengono assorbite dalla cinghia di trasmissione al posto del motore che viene collocato in sede protetta.<\/p>\n\n\n\n<p>Le <strong>testate trinciatrici<\/strong>, sono <strong>macchine per la manutenzione e la cura del verde<\/strong>, presenti in diversi modelli che differiscono per dimensioni, struttura, materiali e destinazione d\u2019uso: dallo periodica manutenzione e cura del verde a lavori forestali.<\/p>\n\n\n\n<p>Tutti i modelli di<strong> testate trinciatrici<\/strong> hanno in comune la presenza di una corsia d\u2019aria uniforme tra l\u2019arco disegnato dal rotore in lavoro e la cofanatura in modo da agevolare lo scarico della vegetazione trinciata evitando ingorghi all\u2019interno della testata e favorendo continuit\u00e0 operativa.<\/p>\n\n\n\n<h2 class=\"wp-block-heading\">Testate trinciatrici per lavori impegnativi<\/h2>\n\n\n\n<p>Le <strong>testate trinciatrici<\/strong>, sono <strong>macchine per la manutenzione e la cura del verde<\/strong> destinate a lavori particolarmente impegnativi, dovendo affrontare vegetazione rigogliosa, non manutentata o costituita principalmente da arbusti o canne, sono disponibili con telaio abbattirami, meccanico o idraulico, per favorire l\u2019ingresso delle piante da tagliare.<\/p>\n","protected":false},"excerpt":{"rendered":"<p>Versioni di testate trinciatrici Sono disponibili sia nella versione con trasmissione diretta motore-rotore che con quella indiretta grazie alla quale le sollecitazioni in lavoro vengono assorbite dalla cinghia di trasmissione al posto del motore che viene collocato in sede protetta. Le testate trinciatrici, sono macchine per la manutenzione e la cura del verde, presenti in [&hellip;]<\/p>\n","protected":false},"author":1,"featured_media":12533,"parent":0,"menu_order":328,"comment_status":"closed","ping_status":"closed","template":"","meta":{"_acf_changed":false,"footnotes":""},"categories":[],"sector":[],"carrier":[],"cat-page":[],"product-category":[],"class_list":["post-4327","page","type-page","status-publish","has-post-thumbnail","hentry"],"acf":[],"yoast_head":"<!-- This site is optimized with the Yoast SEO plugin v27.4 - https:\/\/yoast.com\/product\/yoast-seo-wordpress\/ -->\n<title>H\u00e4cksler-Kopfteile Hymach f\u00fcr die Gr\u00fcnpflege<\/title>\n<meta name=\"description\" content=\"Der H\u00e4cksler-Kopfteile Hymach sind Wartungsmaschinen, Ideal zur Waldrodung. Finde mehr heraus.\" \/>\n<meta name=\"robots\" content=\"noindex, follow, max-snippet:-1, max-image-preview:large, max-video-preview:-1\" \/>\n<meta property=\"og:locale\" content=\"de_DE\" \/>\n<meta property=\"og:type\" content=\"article\" \/>\n<meta property=\"og:title\" content=\"H\u00e4cksler-Kopfteile Hymach f\u00fcr die Gr\u00fcnpflege\" \/>\n<meta property=\"og:description\" content=\"Der H\u00e4cksler-Kopfteile Hymach sind Wartungsmaschinen, Ideal zur Waldrodung. Finde mehr heraus.\" \/>\n<meta property=\"og:url\" content=\"https:\/\/beta.hymach.it\/de\/haecksler-kopfteile\/\" \/>\n<meta property=\"og:site_name\" content=\"Hymach\" \/>\n<meta property=\"article:modified_time\" content=\"2023-08-08T15:20:56+00:00\" \/>\n<meta property=\"og:image\" content=\"https:\/\/beta.hymach.it\/wp-content\/uploads\/2017\/12\/trinciatrici.jpg\" \/>\n\t<meta property=\"og:image:width\" content=\"800\" \/>\n\t<meta property=\"og:image:height\" content=\"600\" \/>\n\t<meta property=\"og:image:type\" content=\"image\/jpeg\" \/>\n<meta name=\"twitter:label1\" content=\"Est. reading time\" \/>\n\t<meta name=\"twitter:data1\" content=\"1 minute\" \/>\n<script type=\"application\/ld+json\" class=\"yoast-schema-graph\">{\"@context\":\"https:\\\/\\\/schema.org\",\"@graph\":[{\"@type\":\"WebPage\",\"@id\":\"https:\\\/\\\/beta.hymach.it\\\/de\\\/haecksler-kopfteile\\\/\",\"url\":\"https:\\\/\\\/beta.hymach.it\\\/de\\\/haecksler-kopfteile\\\/\",\"name\":\"H\u00e4cksler-Kopfteile Hymach f\u00fcr die Gr\u00fcnpflege\",\"isPartOf\":{\"@id\":\"https:\\\/\\\/beta.hymach.it\\\/de\\\/#website\"},\"primaryImageOfPage\":{\"@id\":\"https:\\\/\\\/beta.hymach.it\\\/de\\\/haecksler-kopfteile\\\/#primaryimage\"},\"image\":{\"@id\":\"https:\\\/\\\/beta.hymach.it\\\/de\\\/haecksler-kopfteile\\\/#primaryimage\"},\"thumbnailUrl\":\"https:\\\/\\\/beta.hymach.it\\\/wp-content\\\/uploads\\\/2026\\\/04\\\/Testate-trincianti.svg\",\"datePublished\":\"2012-08-28T13:40:54+00:00\",\"dateModified\":\"2023-08-08T15:20:56+00:00\",\"description\":\"Der H\u00e4cksler-Kopfteile Hymach sind Wartungsmaschinen, Ideal zur Waldrodung. Finde mehr heraus.\",\"breadcrumb\":{\"@id\":\"https:\\\/\\\/beta.hymach.it\\\/de\\\/haecksler-kopfteile\\\/#breadcrumb\"},\"inLanguage\":\"de-DE\",\"potentialAction\":[{\"@type\":\"ReadAction\",\"target\":[\"https:\\\/\\\/beta.hymach.it\\\/de\\\/haecksler-kopfteile\\\/\"]}]},{\"@type\":\"ImageObject\",\"inLanguage\":\"de-DE\",\"@id\":\"https:\\\/\\\/beta.hymach.it\\\/de\\\/haecksler-kopfteile\\\/#primaryimage\",\"url\":\"https:\\\/\\\/beta.hymach.it\\\/wp-content\\\/uploads\\\/2026\\\/04\\\/Testate-trincianti.svg\",\"contentUrl\":\"https:\\\/\\\/beta.hymach.it\\\/wp-content\\\/uploads\\\/2026\\\/04\\\/Testate-trincianti.svg\",\"width\":500,\"height\":500},{\"@type\":\"BreadcrumbList\",\"@id\":\"https:\\\/\\\/beta.hymach.it\\\/de\\\/haecksler-kopfteile\\\/#breadcrumb\",\"itemListElement\":[{\"@type\":\"ListItem\",\"position\":1,\"name\":\"Home\",\"item\":\"https:\\\/\\\/beta.hymach.it\\\/de\\\/\"},{\"@type\":\"ListItem\",\"position\":2,\"name\":\"Produkte Hymach\",\"item\":\"https:\\\/\\\/beta.hymach.it\\\/de\\\/produkte\\\/\"},{\"@type\":\"ListItem\",\"position\":3,\"name\":\"H\u00e4cksler-Kopfteile Hymach\"}]},{\"@type\":\"WebSite\",\"@id\":\"https:\\\/\\\/beta.hymach.it\\\/de\\\/#website\",\"url\":\"https:\\\/\\\/beta.hymach.it\\\/de\\\/\",\"name\":\"Hymach\",\"description\":\"Macchine per la manutenzione professionale del verde, semoventi portattrezzi multiuso radiocomandati e macchine per il lavaggio di pannelli solari.\",\"publisher\":{\"@id\":\"https:\\\/\\\/beta.hymach.it\\\/de\\\/#organization\"},\"potentialAction\":[{\"@type\":\"SearchAction\",\"target\":{\"@type\":\"EntryPoint\",\"urlTemplate\":\"https:\\\/\\\/beta.hymach.it\\\/de\\\/?s={search_term_string}\"},\"query-input\":{\"@type\":\"PropertyValueSpecification\",\"valueRequired\":true,\"valueName\":\"search_term_string\"}}],\"inLanguage\":\"de-DE\"},{\"@type\":\"Organization\",\"@id\":\"https:\\\/\\\/beta.hymach.it\\\/de\\\/#organization\",\"name\":\"Hymach\",\"url\":\"https:\\\/\\\/beta.hymach.it\\\/de\\\/\",\"logo\":{\"@type\":\"ImageObject\",\"inLanguage\":\"de-DE\",\"@id\":\"https:\\\/\\\/beta.hymach.it\\\/de\\\/#\\\/schema\\\/logo\\\/image\\\/\",\"url\":\"https:\\\/\\\/beta.hymach.it\\\/wp-content\\\/uploads\\\/2024\\\/08\\\/hymach_logo_2026.svg\",\"contentUrl\":\"https:\\\/\\\/beta.hymach.it\\\/wp-content\\\/uploads\\\/2024\\\/08\\\/hymach_logo_2026.svg\",\"width\":777,\"height\":88,\"caption\":\"Hymach\"},\"image\":{\"@id\":\"https:\\\/\\\/beta.hymach.it\\\/de\\\/#\\\/schema\\\/logo\\\/image\\\/\"}}]}<\/script>\n<!-- \/ Yoast SEO plugin. -->","yoast_head_json":{"title":"H\u00e4cksler-Kopfteile Hymach f\u00fcr die Gr\u00fcnpflege","description":"Der H\u00e4cksler-Kopfteile Hymach sind Wartungsmaschinen, Ideal zur Waldrodung. Finde mehr heraus.","robots":{"index":"noindex","follow":"follow","max-snippet":"max-snippet:-1","max-image-preview":"max-image-preview:large","max-video-preview":"max-video-preview:-1"},"og_locale":"de_DE","og_type":"article","og_title":"H\u00e4cksler-Kopfteile Hymach f\u00fcr die Gr\u00fcnpflege","og_description":"Der H\u00e4cksler-Kopfteile Hymach sind Wartungsmaschinen, Ideal zur Waldrodung. Finde mehr heraus.","og_url":"https:\/\/beta.hymach.it\/de\/haecksler-kopfteile\/","og_site_name":"Hymach","article_modified_time":"2023-08-08T15:20:56+00:00","og_image":[{"width":800,"height":600,"url":"https:\/\/beta.hymach.it\/wp-content\/uploads\/2017\/12\/trinciatrici.jpg","type":"image\/jpeg"}],"twitter_misc":{"Est. reading time":"1 minute"},"schema":{"@context":"https:\/\/schema.org","@graph":[{"@type":"WebPage","@id":"https:\/\/beta.hymach.it\/de\/haecksler-kopfteile\/","url":"https:\/\/beta.hymach.it\/de\/haecksler-kopfteile\/","name":"H\u00e4cksler-Kopfteile Hymach f\u00fcr die Gr\u00fcnpflege","isPartOf":{"@id":"https:\/\/beta.hymach.it\/de\/#website"},"primaryImageOfPage":{"@id":"https:\/\/beta.hymach.it\/de\/haecksler-kopfteile\/#primaryimage"},"image":{"@id":"https:\/\/beta.hymach.it\/de\/haecksler-kopfteile\/#primaryimage"},"thumbnailUrl":"https:\/\/beta.hymach.it\/wp-content\/uploads\/2026\/04\/Testate-trincianti.svg","datePublished":"2012-08-28T13:40:54+00:00","dateModified":"2023-08-08T15:20:56+00:00","description":"Der H\u00e4cksler-Kopfteile Hymach sind Wartungsmaschinen, Ideal zur Waldrodung. Finde mehr heraus.","breadcrumb":{"@id":"https:\/\/beta.hymach.it\/de\/haecksler-kopfteile\/#breadcrumb"},"inLanguage":"de-DE","potentialAction":[{"@type":"ReadAction","target":["https:\/\/beta.hymach.it\/de\/haecksler-kopfteile\/"]}]},{"@type":"ImageObject","inLanguage":"de-DE","@id":"https:\/\/beta.hymach.it\/de\/haecksler-kopfteile\/#primaryimage","url":"https:\/\/beta.hymach.it\/wp-content\/uploads\/2026\/04\/Testate-trincianti.svg","contentUrl":"https:\/\/beta.hymach.it\/wp-content\/uploads\/2026\/04\/Testate-trincianti.svg","width":500,"height":500},{"@type":"BreadcrumbList","@id":"https:\/\/beta.hymach.it\/de\/haecksler-kopfteile\/#breadcrumb","itemListElement":[{"@type":"ListItem","position":1,"name":"Home","item":"https:\/\/beta.hymach.it\/de\/"},{"@type":"ListItem","position":2,"name":"Produkte Hymach","item":"https:\/\/beta.hymach.it\/de\/produkte\/"},{"@type":"ListItem","position":3,"name":"H\u00e4cksler-Kopfteile Hymach"}]},{"@type":"WebSite","@id":"https:\/\/beta.hymach.it\/de\/#website","url":"https:\/\/beta.hymach.it\/de\/","name":"Hymach","description":"Macchine per la manutenzione professionale del verde, semoventi portattrezzi multiuso radiocomandati e macchine per il lavaggio di pannelli solari.","publisher":{"@id":"https:\/\/beta.hymach.it\/de\/#organization"},"potentialAction":[{"@type":"SearchAction","target":{"@type":"EntryPoint","urlTemplate":"https:\/\/beta.hymach.it\/de\/?s={search_term_string}"},"query-input":{"@type":"PropertyValueSpecification","valueRequired":true,"valueName":"search_term_string"}}],"inLanguage":"de-DE"},{"@type":"Organization","@id":"https:\/\/beta.hymach.it\/de\/#organization","name":"Hymach","url":"https:\/\/beta.hymach.it\/de\/","logo":{"@type":"ImageObject","inLanguage":"de-DE","@id":"https:\/\/beta.hymach.it\/de\/#\/schema\/logo\/image\/","url":"https:\/\/beta.hymach.it\/wp-content\/uploads\/2024\/08\/hymach_logo_2026.svg","contentUrl":"https:\/\/beta.hymach.it\/wp-content\/uploads\/2024\/08\/hymach_logo_2026.svg","width":777,"height":88,"caption":"Hymach"},"image":{"@id":"https:\/\/beta.hymach.it\/de\/#\/schema\/logo\/image\/"}}]}},"_links":{"self":[{"href":"https:\/\/beta.hymach.it\/de\/wp-json\/wp\/v2\/pages\/4327","targetHints":{"allow":["GET"]}}],"collection":[{"href":"https:\/\/beta.hymach.it\/de\/wp-json\/wp\/v2\/pages"}],"about":[{"href":"https:\/\/beta.hymach.it\/de\/wp-json\/wp\/v2\/types\/page"}],"author":[{"embeddable":true,"href":"https:\/\/beta.hymach.it\/de\/wp-json\/wp\/v2\/users\/1"}],"replies":[{"embeddable":true,"href":"https:\/\/beta.hymach.it\/de\/wp-json\/wp\/v2\/comments?post=4327"}],"version-history":[{"count":4,"href":"https:\/\/beta.hymach.it\/de\/wp-json\/wp\/v2\/pages\/4327\/revisions"}],"predecessor-version":[{"id":7324,"href":"https:\/\/beta.hymach.it\/de\/wp-json\/wp\/v2\/pages\/4327\/revisions\/7324"}],"wp:featuredmedia":[{"embeddable":true,"href":"https:\/\/beta.hymach.it\/de\/wp-json\/wp\/v2\/media\/12533"}],"wp:attachment":[{"href":"https:\/\/beta.hymach.it\/de\/wp-json\/wp\/v2\/media?parent=4327"}],"wp:term":[{"taxonomy":"category","embeddable":true,"href":"https:\/\/beta.hymach.it\/de\/wp-json\/wp\/v2\/categories?post=4327"},{"taxonomy":"sector","embeddable":true,"href":"https:\/\/beta.hymach.it\/de\/wp-json\/wp\/v2\/sector?post=4327"},{"taxonomy":"carrier","embeddable":true,"href":"https:\/\/beta.hymach.it\/de\/wp-json\/wp\/v2\/carrier?post=4327"},{"taxonomy":"cat-page","embeddable":true,"href":"https:\/\/beta.hymach.it\/de\/wp-json\/wp\/v2\/cat-page?post=4327"},{"taxonomy":"product-category","embeddable":true,"href":"https:\/\/beta.hymach.it\/de\/wp-json\/wp\/v2\/product-category?post=4327"}],"curies":[{"name":"wp","href":"https:\/\/api.w.org\/{rel}","templated":true}]}}