{"id":4340,"date":"2018-07-25T14:33:24","date_gmt":"2018-07-25T12:33:24","guid":{"rendered":"https:\/\/www.hymach.it\/produkte\/haecksler-kopfteile\/trinciatrice-trul\/"},"modified":"2023-08-08T17:40:02","modified_gmt":"2023-08-08T15:40:02","slug":"trul","status":"publish","type":"page","link":"https:\/\/beta.hymach.it\/de\/haecksler-kopfteile\/trul\/","title":{"rendered":"Kleiner Kopfteil f\u00fcr Rotationsschredder TRUL Hymach"},"content":{"rendered":"<p><strong>Kleiner Kopfteil f\u00fcr Rotationsschredder,<\/strong> ideal zur Anbringung auf kleine Gelenkarme &#8211; auch bei Minibaggern. Die Motor-Rotor-\u00dcbertragung erfolgt auf direktem Wege. Erh\u00e4ltlich mit einer nutzbaren Schnittbreite von <strong>80 und 100 cm.<\/strong><\/p>\n","protected":false},"excerpt":{"rendered":"<p>Kleiner Kopfteil f\u00fcr Rotationsschredder, ideal zur Anbringung auf kleine Gelenkarme &#8211; auch bei Minibaggern. Die Motor-Rotor-\u00dcbertragung erfolgt auf direktem Wege. Erh\u00e4ltlich mit einer nutzbaren Schnittbreite von 80 und 100 cm.<\/p>\n","protected":false},"author":1,"featured_media":3545,"parent":4327,"menu_order":354,"comment_status":"closed","ping_status":"closed","template":"","meta":{"_acf_changed":false,"footnotes":""},"categories":[],"sector":[],"carrier":[],"cat-page":[],"product-category":[],"class_list":["post-4340","page","type-page","status-publish","has-post-thumbnail","hentry"],"acf":[],"yoast_head":"<!-- This site is optimized with the Yoast SEO plugin v27.4 - https:\/\/yoast.com\/product\/yoast-seo-wordpress\/ -->\n<title>Kleiner Kopfteil f\u00fcr Rotationsschredder Trul Hymach f\u00fcr die gr\u00fcnpflege<\/title>\n<meta name=\"description\" content=\"Der Kleiner Kopfteil f\u00fcr Rotationsschredder Trul Hymach, is ideal zur Anbringung auf kleine Gelenkarme - auch bei Minibaggern, f\u00fcr die gr\u00fcnpflege.\" \/>\n<meta name=\"robots\" content=\"noindex, follow, max-snippet:-1, max-image-preview:large, max-video-preview:-1\" \/>\n<meta property=\"og:locale\" content=\"de_DE\" \/>\n<meta property=\"og:type\" content=\"article\" \/>\n<meta property=\"og:title\" content=\"Kleiner Kopfteil f\u00fcr Rotationsschredder Trul Hymach f\u00fcr die gr\u00fcnpflege\" \/>\n<meta property=\"og:description\" content=\"Der Kleiner Kopfteil f\u00fcr Rotationsschredder Trul Hymach, is ideal zur Anbringung auf kleine Gelenkarme - auch bei Minibaggern, f\u00fcr die gr\u00fcnpflege.\" \/>\n<meta property=\"og:url\" content=\"https:\/\/beta.hymach.it\/de\/haecksler-kopfteile\/trul\/\" \/>\n<meta property=\"og:site_name\" content=\"Hymach\" \/>\n<meta property=\"article:modified_time\" content=\"2023-08-08T15:40:02+00:00\" \/>\n<meta property=\"og:image\" content=\"https:\/\/beta.hymach.it\/wp-content\/uploads\/2018\/07\/TRUL.jpg\" \/>\n\t<meta property=\"og:image:width\" content=\"782\" \/>\n\t<meta property=\"og:image:height\" content=\"566\" \/>\n\t<meta property=\"og:image:type\" content=\"image\/jpeg\" \/>\n<meta name=\"twitter:label1\" content=\"Est. reading time\" \/>\n\t<meta name=\"twitter:data1\" content=\"1 minute\" \/>\n<script type=\"application\/ld+json\" class=\"yoast-schema-graph\">{\"@context\":\"https:\\\/\\\/schema.org\",\"@graph\":[{\"@type\":\"WebPage\",\"@id\":\"https:\\\/\\\/beta.hymach.it\\\/de\\\/haecksler-kopfteile\\\/trul\\\/\",\"url\":\"https:\\\/\\\/beta.hymach.it\\\/de\\\/haecksler-kopfteile\\\/trul\\\/\",\"name\":\"Kleiner Kopfteil f\u00fcr Rotationsschredder Trul Hymach f\u00fcr die gr\u00fcnpflege\",\"isPartOf\":{\"@id\":\"https:\\\/\\\/beta.hymach.it\\\/de\\\/#website\"},\"primaryImageOfPage\":{\"@id\":\"https:\\\/\\\/beta.hymach.it\\\/de\\\/haecksler-kopfteile\\\/trul\\\/#primaryimage\"},\"image\":{\"@id\":\"https:\\\/\\\/beta.hymach.it\\\/de\\\/haecksler-kopfteile\\\/trul\\\/#primaryimage\"},\"thumbnailUrl\":\"https:\\\/\\\/beta.hymach.it\\\/wp-content\\\/uploads\\\/2018\\\/07\\\/TRUL.jpg\",\"datePublished\":\"2018-07-25T12:33:24+00:00\",\"dateModified\":\"2023-08-08T15:40:02+00:00\",\"description\":\"Der Kleiner Kopfteil f\u00fcr Rotationsschredder Trul Hymach, is ideal zur Anbringung auf kleine Gelenkarme - auch bei Minibaggern, f\u00fcr die gr\u00fcnpflege.\",\"breadcrumb\":{\"@id\":\"https:\\\/\\\/beta.hymach.it\\\/de\\\/haecksler-kopfteile\\\/trul\\\/#breadcrumb\"},\"inLanguage\":\"de-DE\",\"potentialAction\":[{\"@type\":\"ReadAction\",\"target\":[\"https:\\\/\\\/beta.hymach.it\\\/de\\\/haecksler-kopfteile\\\/trul\\\/\"]}]},{\"@type\":\"ImageObject\",\"inLanguage\":\"de-DE\",\"@id\":\"https:\\\/\\\/beta.hymach.it\\\/de\\\/haecksler-kopfteile\\\/trul\\\/#primaryimage\",\"url\":\"https:\\\/\\\/beta.hymach.it\\\/wp-content\\\/uploads\\\/2018\\\/07\\\/TRUL.jpg\",\"contentUrl\":\"https:\\\/\\\/beta.hymach.it\\\/wp-content\\\/uploads\\\/2018\\\/07\\\/TRUL.jpg\",\"width\":782,\"height\":566},{\"@type\":\"BreadcrumbList\",\"@id\":\"https:\\\/\\\/beta.hymach.it\\\/de\\\/haecksler-kopfteile\\\/trul\\\/#breadcrumb\",\"itemListElement\":[{\"@type\":\"ListItem\",\"position\":1,\"name\":\"Home\",\"item\":\"https:\\\/\\\/beta.hymach.it\\\/de\\\/\"},{\"@type\":\"ListItem\",\"position\":2,\"name\":\"Produkte Hymach\",\"item\":\"https:\\\/\\\/beta.hymach.it\\\/de\\\/produkte\\\/\"},{\"@type\":\"ListItem\",\"position\":3,\"name\":\"H\u00e4cksler-Kopfteile Hymach\",\"item\":\"https:\\\/\\\/beta.hymach.it\\\/de\\\/produkte\\\/haecksler-kopfteile\\\/\"},{\"@type\":\"ListItem\",\"position\":4,\"name\":\"Kleiner Kopfteil f\u00fcr Rotationsschredder TRUL Hymach\"}]},{\"@type\":\"WebSite\",\"@id\":\"https:\\\/\\\/beta.hymach.it\\\/de\\\/#website\",\"url\":\"https:\\\/\\\/beta.hymach.it\\\/de\\\/\",\"name\":\"Hymach\",\"description\":\"Macchine per la manutenzione professionale del verde, semoventi portattrezzi multiuso radiocomandati e macchine per il lavaggio di pannelli solari.\",\"publisher\":{\"@id\":\"https:\\\/\\\/beta.hymach.it\\\/de\\\/#organization\"},\"potentialAction\":[{\"@type\":\"SearchAction\",\"target\":{\"@type\":\"EntryPoint\",\"urlTemplate\":\"https:\\\/\\\/beta.hymach.it\\\/de\\\/?s={search_term_string}\"},\"query-input\":{\"@type\":\"PropertyValueSpecification\",\"valueRequired\":true,\"valueName\":\"search_term_string\"}}],\"inLanguage\":\"de-DE\"},{\"@type\":\"Organization\",\"@id\":\"https:\\\/\\\/beta.hymach.it\\\/de\\\/#organization\",\"name\":\"Hymach\",\"url\":\"https:\\\/\\\/beta.hymach.it\\\/de\\\/\",\"logo\":{\"@type\":\"ImageObject\",\"inLanguage\":\"de-DE\",\"@id\":\"https:\\\/\\\/beta.hymach.it\\\/de\\\/#\\\/schema\\\/logo\\\/image\\\/\",\"url\":\"https:\\\/\\\/beta.hymach.it\\\/wp-content\\\/uploads\\\/2024\\\/08\\\/hymach_logo_2026.svg\",\"contentUrl\":\"https:\\\/\\\/beta.hymach.it\\\/wp-content\\\/uploads\\\/2024\\\/08\\\/hymach_logo_2026.svg\",\"width\":777,\"height\":88,\"caption\":\"Hymach\"},\"image\":{\"@id\":\"https:\\\/\\\/beta.hymach.it\\\/de\\\/#\\\/schema\\\/logo\\\/image\\\/\"}}]}<\/script>\n<!-- \/ Yoast SEO plugin. -->","yoast_head_json":{"title":"Kleiner Kopfteil f\u00fcr Rotationsschredder Trul Hymach f\u00fcr die gr\u00fcnpflege","description":"Der Kleiner Kopfteil f\u00fcr Rotationsschredder Trul Hymach, is ideal zur Anbringung auf kleine Gelenkarme - auch bei Minibaggern, f\u00fcr die gr\u00fcnpflege.","robots":{"index":"noindex","follow":"follow","max-snippet":"max-snippet:-1","max-image-preview":"max-image-preview:large","max-video-preview":"max-video-preview:-1"},"og_locale":"de_DE","og_type":"article","og_title":"Kleiner Kopfteil f\u00fcr Rotationsschredder Trul Hymach f\u00fcr die gr\u00fcnpflege","og_description":"Der Kleiner Kopfteil f\u00fcr Rotationsschredder Trul Hymach, is ideal zur Anbringung auf kleine Gelenkarme - auch bei Minibaggern, f\u00fcr die gr\u00fcnpflege.","og_url":"https:\/\/beta.hymach.it\/de\/haecksler-kopfteile\/trul\/","og_site_name":"Hymach","article_modified_time":"2023-08-08T15:40:02+00:00","og_image":[{"width":782,"height":566,"url":"https:\/\/beta.hymach.it\/wp-content\/uploads\/2018\/07\/TRUL.jpg","type":"image\/jpeg"}],"twitter_misc":{"Est. reading time":"1 minute"},"schema":{"@context":"https:\/\/schema.org","@graph":[{"@type":"WebPage","@id":"https:\/\/beta.hymach.it\/de\/haecksler-kopfteile\/trul\/","url":"https:\/\/beta.hymach.it\/de\/haecksler-kopfteile\/trul\/","name":"Kleiner Kopfteil f\u00fcr Rotationsschredder Trul Hymach f\u00fcr die gr\u00fcnpflege","isPartOf":{"@id":"https:\/\/beta.hymach.it\/de\/#website"},"primaryImageOfPage":{"@id":"https:\/\/beta.hymach.it\/de\/haecksler-kopfteile\/trul\/#primaryimage"},"image":{"@id":"https:\/\/beta.hymach.it\/de\/haecksler-kopfteile\/trul\/#primaryimage"},"thumbnailUrl":"https:\/\/beta.hymach.it\/wp-content\/uploads\/2018\/07\/TRUL.jpg","datePublished":"2018-07-25T12:33:24+00:00","dateModified":"2023-08-08T15:40:02+00:00","description":"Der Kleiner Kopfteil f\u00fcr Rotationsschredder Trul Hymach, is ideal zur Anbringung auf kleine Gelenkarme - auch bei Minibaggern, f\u00fcr die gr\u00fcnpflege.","breadcrumb":{"@id":"https:\/\/beta.hymach.it\/de\/haecksler-kopfteile\/trul\/#breadcrumb"},"inLanguage":"de-DE","potentialAction":[{"@type":"ReadAction","target":["https:\/\/beta.hymach.it\/de\/haecksler-kopfteile\/trul\/"]}]},{"@type":"ImageObject","inLanguage":"de-DE","@id":"https:\/\/beta.hymach.it\/de\/haecksler-kopfteile\/trul\/#primaryimage","url":"https:\/\/beta.hymach.it\/wp-content\/uploads\/2018\/07\/TRUL.jpg","contentUrl":"https:\/\/beta.hymach.it\/wp-content\/uploads\/2018\/07\/TRUL.jpg","width":782,"height":566},{"@type":"BreadcrumbList","@id":"https:\/\/beta.hymach.it\/de\/haecksler-kopfteile\/trul\/#breadcrumb","itemListElement":[{"@type":"ListItem","position":1,"name":"Home","item":"https:\/\/beta.hymach.it\/de\/"},{"@type":"ListItem","position":2,"name":"Produkte Hymach","item":"https:\/\/beta.hymach.it\/de\/produkte\/"},{"@type":"ListItem","position":3,"name":"H\u00e4cksler-Kopfteile Hymach","item":"https:\/\/beta.hymach.it\/de\/produkte\/haecksler-kopfteile\/"},{"@type":"ListItem","position":4,"name":"Kleiner Kopfteil f\u00fcr Rotationsschredder TRUL Hymach"}]},{"@type":"WebSite","@id":"https:\/\/beta.hymach.it\/de\/#website","url":"https:\/\/beta.hymach.it\/de\/","name":"Hymach","description":"Macchine per la manutenzione professionale del verde, semoventi portattrezzi multiuso radiocomandati e macchine per il lavaggio di pannelli solari.","publisher":{"@id":"https:\/\/beta.hymach.it\/de\/#organization"},"potentialAction":[{"@type":"SearchAction","target":{"@type":"EntryPoint","urlTemplate":"https:\/\/beta.hymach.it\/de\/?s={search_term_string}"},"query-input":{"@type":"PropertyValueSpecification","valueRequired":true,"valueName":"search_term_string"}}],"inLanguage":"de-DE"},{"@type":"Organization","@id":"https:\/\/beta.hymach.it\/de\/#organization","name":"Hymach","url":"https:\/\/beta.hymach.it\/de\/","logo":{"@type":"ImageObject","inLanguage":"de-DE","@id":"https:\/\/beta.hymach.it\/de\/#\/schema\/logo\/image\/","url":"https:\/\/beta.hymach.it\/wp-content\/uploads\/2024\/08\/hymach_logo_2026.svg","contentUrl":"https:\/\/beta.hymach.it\/wp-content\/uploads\/2024\/08\/hymach_logo_2026.svg","width":777,"height":88,"caption":"Hymach"},"image":{"@id":"https:\/\/beta.hymach.it\/de\/#\/schema\/logo\/image\/"}}]}},"_links":{"self":[{"href":"https:\/\/beta.hymach.it\/de\/wp-json\/wp\/v2\/pages\/4340","targetHints":{"allow":["GET"]}}],"collection":[{"href":"https:\/\/beta.hymach.it\/de\/wp-json\/wp\/v2\/pages"}],"about":[{"href":"https:\/\/beta.hymach.it\/de\/wp-json\/wp\/v2\/types\/page"}],"author":[{"embeddable":true,"href":"https:\/\/beta.hymach.it\/de\/wp-json\/wp\/v2\/users\/1"}],"replies":[{"embeddable":true,"href":"https:\/\/beta.hymach.it\/de\/wp-json\/wp\/v2\/comments?post=4340"}],"version-history":[{"count":3,"href":"https:\/\/beta.hymach.it\/de\/wp-json\/wp\/v2\/pages\/4340\/revisions"}],"predecessor-version":[{"id":7326,"href":"https:\/\/beta.hymach.it\/de\/wp-json\/wp\/v2\/pages\/4340\/revisions\/7326"}],"up":[{"embeddable":true,"href":"https:\/\/beta.hymach.it\/de\/wp-json\/wp\/v2\/pages\/4327"}],"wp:featuredmedia":[{"embeddable":true,"href":"https:\/\/beta.hymach.it\/de\/wp-json\/wp\/v2\/media\/3545"}],"wp:attachment":[{"href":"https:\/\/beta.hymach.it\/de\/wp-json\/wp\/v2\/media?parent=4340"}],"wp:term":[{"taxonomy":"category","embeddable":true,"href":"https:\/\/beta.hymach.it\/de\/wp-json\/wp\/v2\/categories?post=4340"},{"taxonomy":"sector","embeddable":true,"href":"https:\/\/beta.hymach.it\/de\/wp-json\/wp\/v2\/sector?post=4340"},{"taxonomy":"carrier","embeddable":true,"href":"https:\/\/beta.hymach.it\/de\/wp-json\/wp\/v2\/carrier?post=4340"},{"taxonomy":"cat-page","embeddable":true,"href":"https:\/\/beta.hymach.it\/de\/wp-json\/wp\/v2\/cat-page?post=4340"},{"taxonomy":"product-category","embeddable":true,"href":"https:\/\/beta.hymach.it\/de\/wp-json\/wp\/v2\/product-category?post=4340"}],"curies":[{"name":"wp","href":"https:\/\/api.w.org\/{rel}","templated":true}]}}