{"id":4348,"date":"2014-02-19T15:52:01","date_gmt":"2014-02-19T14:52:01","guid":{"rendered":"https:\/\/www.hymach.it\/produkte\/haecksler-kopfteile\/tlb\/"},"modified":"2023-08-08T17:45:24","modified_gmt":"2023-08-08T15:45:24","slug":"tlb","status":"publish","type":"page","link":"https:\/\/beta.hymach.it\/de\/haecksler-kopfteile\/tlb\/","title":{"rendered":"H\u00e4cksler Modell TLB Hymach"},"content":{"rendered":"<div class=\"row\">\n<div class=\"large-12 columns fullWidth\">\n<div class=\"main contenttesto\">\n<p><strong>H\u00e4cksler Modell TLB\u00a0der kleineren Dimension<\/strong>, charakterisiert durch ihre reduzierten Abmessungen und professionellen Leistungen. Die Motor-Rotor-\u00dcbertragung erfolgt direkt. Sie sind erh\u00e4ltlich in den n\u00fctzlichen Schnittbreiten <strong>von 80 cm und 100 cm.<\/strong><\/p>\n<\/div>\n<\/div>\n<\/div>\n<div class=\"row fullWidth-footer\">\n<div class=\"large-12 small-12 columns footer\"><\/div>\n<\/div>\n","protected":false},"excerpt":{"rendered":"<p>H\u00e4cksler Modell TLB\u00a0der kleineren Dimension, charakterisiert durch ihre reduzierten Abmessungen und professionellen Leistungen. Die Motor-Rotor-\u00dcbertragung erfolgt direkt. Sie sind erh\u00e4ltlich in den n\u00fctzlichen Schnittbreiten von 80 cm und 100 cm.<\/p>\n","protected":false},"author":1,"featured_media":9838,"parent":4327,"menu_order":341,"comment_status":"open","ping_status":"closed","template":"","meta":{"_acf_changed":false,"footnotes":""},"categories":[],"sector":[],"carrier":[],"cat-page":[],"product-category":[],"class_list":["post-4348","page","type-page","status-publish","has-post-thumbnail","hentry"],"acf":[],"yoast_head":"<!-- This site is optimized with the Yoast SEO plugin v27.4 - https:\/\/yoast.com\/product\/yoast-seo-wordpress\/ -->\n<title>H\u00e4cksler Modell TLB Hymach f\u00fcr die gr\u00fcnpflege<\/title>\n<meta name=\"description\" content=\"Der H\u00e4cksler Modell TLB\u00a0Hymach ist eine Maschine zur Pflege und Pflege von Gr\u00fcnfl\u00e4chen, ideal zum M\u00e4hen auf engstem Raum.\" \/>\n<meta name=\"robots\" content=\"noindex, follow, max-snippet:-1, max-image-preview:large, max-video-preview:-1\" \/>\n<meta property=\"og:locale\" content=\"de_DE\" \/>\n<meta property=\"og:type\" content=\"article\" \/>\n<meta property=\"og:title\" content=\"H\u00e4cksler Modell TLB Hymach f\u00fcr die gr\u00fcnpflege\" \/>\n<meta property=\"og:description\" content=\"Der H\u00e4cksler Modell TLB\u00a0Hymach ist eine Maschine zur Pflege und Pflege von Gr\u00fcnfl\u00e4chen, ideal zum M\u00e4hen auf engstem Raum.\" \/>\n<meta property=\"og:url\" content=\"https:\/\/beta.hymach.it\/de\/haecksler-kopfteile\/tlb\/\" \/>\n<meta property=\"og:site_name\" content=\"Hymach\" \/>\n<meta property=\"article:modified_time\" content=\"2023-08-08T15:45:24+00:00\" \/>\n<meta property=\"og:image\" content=\"https:\/\/beta.hymach.it\/wp-content\/uploads\/2024\/10\/Trinciatrici-TLB-hymach-cover.jpg\" \/>\n\t<meta property=\"og:image:width\" content=\"1675\" \/>\n\t<meta property=\"og:image:height\" content=\"768\" \/>\n\t<meta property=\"og:image:type\" content=\"image\/jpeg\" \/>\n<meta name=\"twitter:label1\" content=\"Est. reading time\" \/>\n\t<meta name=\"twitter:data1\" content=\"1 minute\" \/>\n<script type=\"application\/ld+json\" class=\"yoast-schema-graph\">{\"@context\":\"https:\\\/\\\/schema.org\",\"@graph\":[{\"@type\":\"WebPage\",\"@id\":\"https:\\\/\\\/beta.hymach.it\\\/de\\\/haecksler-kopfteile\\\/tlb\\\/\",\"url\":\"https:\\\/\\\/beta.hymach.it\\\/de\\\/haecksler-kopfteile\\\/tlb\\\/\",\"name\":\"H\u00e4cksler Modell TLB Hymach f\u00fcr die gr\u00fcnpflege\",\"isPartOf\":{\"@id\":\"https:\\\/\\\/beta.hymach.it\\\/de\\\/#website\"},\"primaryImageOfPage\":{\"@id\":\"https:\\\/\\\/beta.hymach.it\\\/de\\\/haecksler-kopfteile\\\/tlb\\\/#primaryimage\"},\"image\":{\"@id\":\"https:\\\/\\\/beta.hymach.it\\\/de\\\/haecksler-kopfteile\\\/tlb\\\/#primaryimage\"},\"thumbnailUrl\":\"https:\\\/\\\/beta.hymach.it\\\/wp-content\\\/uploads\\\/2024\\\/10\\\/Trinciatrici-TLB-hymach-cover.jpg\",\"datePublished\":\"2014-02-19T14:52:01+00:00\",\"dateModified\":\"2023-08-08T15:45:24+00:00\",\"description\":\"Der H\u00e4cksler Modell TLB\u00a0Hymach ist eine Maschine zur Pflege und Pflege von Gr\u00fcnfl\u00e4chen, ideal zum M\u00e4hen auf engstem Raum.\",\"breadcrumb\":{\"@id\":\"https:\\\/\\\/beta.hymach.it\\\/de\\\/haecksler-kopfteile\\\/tlb\\\/#breadcrumb\"},\"inLanguage\":\"de-DE\",\"potentialAction\":[{\"@type\":\"ReadAction\",\"target\":[\"https:\\\/\\\/beta.hymach.it\\\/de\\\/haecksler-kopfteile\\\/tlb\\\/\"]}]},{\"@type\":\"ImageObject\",\"inLanguage\":\"de-DE\",\"@id\":\"https:\\\/\\\/beta.hymach.it\\\/de\\\/haecksler-kopfteile\\\/tlb\\\/#primaryimage\",\"url\":\"https:\\\/\\\/beta.hymach.it\\\/wp-content\\\/uploads\\\/2024\\\/10\\\/Trinciatrici-TLB-hymach-cover.jpg\",\"contentUrl\":\"https:\\\/\\\/beta.hymach.it\\\/wp-content\\\/uploads\\\/2024\\\/10\\\/Trinciatrici-TLB-hymach-cover.jpg\",\"width\":1675,\"height\":768,\"caption\":\"Trinciatrice TLB di Hymach\"},{\"@type\":\"BreadcrumbList\",\"@id\":\"https:\\\/\\\/beta.hymach.it\\\/de\\\/haecksler-kopfteile\\\/tlb\\\/#breadcrumb\",\"itemListElement\":[{\"@type\":\"ListItem\",\"position\":1,\"name\":\"Home\",\"item\":\"https:\\\/\\\/beta.hymach.it\\\/de\\\/\"},{\"@type\":\"ListItem\",\"position\":2,\"name\":\"Produkte Hymach\",\"item\":\"https:\\\/\\\/beta.hymach.it\\\/de\\\/produkte\\\/\"},{\"@type\":\"ListItem\",\"position\":3,\"name\":\"H\u00e4cksler-Kopfteile Hymach\",\"item\":\"https:\\\/\\\/beta.hymach.it\\\/de\\\/produkte\\\/haecksler-kopfteile\\\/\"},{\"@type\":\"ListItem\",\"position\":4,\"name\":\"H\u00e4cksler Modell TLB Hymach\"}]},{\"@type\":\"WebSite\",\"@id\":\"https:\\\/\\\/beta.hymach.it\\\/de\\\/#website\",\"url\":\"https:\\\/\\\/beta.hymach.it\\\/de\\\/\",\"name\":\"Hymach\",\"description\":\"Macchine per la manutenzione professionale del verde, semoventi portattrezzi multiuso radiocomandati e macchine per il lavaggio di pannelli solari.\",\"publisher\":{\"@id\":\"https:\\\/\\\/beta.hymach.it\\\/de\\\/#organization\"},\"potentialAction\":[{\"@type\":\"SearchAction\",\"target\":{\"@type\":\"EntryPoint\",\"urlTemplate\":\"https:\\\/\\\/beta.hymach.it\\\/de\\\/?s={search_term_string}\"},\"query-input\":{\"@type\":\"PropertyValueSpecification\",\"valueRequired\":true,\"valueName\":\"search_term_string\"}}],\"inLanguage\":\"de-DE\"},{\"@type\":\"Organization\",\"@id\":\"https:\\\/\\\/beta.hymach.it\\\/de\\\/#organization\",\"name\":\"Hymach\",\"url\":\"https:\\\/\\\/beta.hymach.it\\\/de\\\/\",\"logo\":{\"@type\":\"ImageObject\",\"inLanguage\":\"de-DE\",\"@id\":\"https:\\\/\\\/beta.hymach.it\\\/de\\\/#\\\/schema\\\/logo\\\/image\\\/\",\"url\":\"https:\\\/\\\/beta.hymach.it\\\/wp-content\\\/uploads\\\/2024\\\/08\\\/hymach_logo_2026.svg\",\"contentUrl\":\"https:\\\/\\\/beta.hymach.it\\\/wp-content\\\/uploads\\\/2024\\\/08\\\/hymach_logo_2026.svg\",\"width\":777,\"height\":88,\"caption\":\"Hymach\"},\"image\":{\"@id\":\"https:\\\/\\\/beta.hymach.it\\\/de\\\/#\\\/schema\\\/logo\\\/image\\\/\"}}]}<\/script>\n<!-- \/ Yoast SEO plugin. -->","yoast_head_json":{"title":"H\u00e4cksler Modell TLB Hymach f\u00fcr die gr\u00fcnpflege","description":"Der H\u00e4cksler Modell TLB\u00a0Hymach ist eine Maschine zur Pflege und Pflege von Gr\u00fcnfl\u00e4chen, ideal zum M\u00e4hen auf engstem Raum.","robots":{"index":"noindex","follow":"follow","max-snippet":"max-snippet:-1","max-image-preview":"max-image-preview:large","max-video-preview":"max-video-preview:-1"},"og_locale":"de_DE","og_type":"article","og_title":"H\u00e4cksler Modell TLB Hymach f\u00fcr die gr\u00fcnpflege","og_description":"Der H\u00e4cksler Modell TLB\u00a0Hymach ist eine Maschine zur Pflege und Pflege von Gr\u00fcnfl\u00e4chen, ideal zum M\u00e4hen auf engstem Raum.","og_url":"https:\/\/beta.hymach.it\/de\/haecksler-kopfteile\/tlb\/","og_site_name":"Hymach","article_modified_time":"2023-08-08T15:45:24+00:00","og_image":[{"width":1675,"height":768,"url":"https:\/\/beta.hymach.it\/wp-content\/uploads\/2024\/10\/Trinciatrici-TLB-hymach-cover.jpg","type":"image\/jpeg"}],"twitter_misc":{"Est. reading time":"1 minute"},"schema":{"@context":"https:\/\/schema.org","@graph":[{"@type":"WebPage","@id":"https:\/\/beta.hymach.it\/de\/haecksler-kopfteile\/tlb\/","url":"https:\/\/beta.hymach.it\/de\/haecksler-kopfteile\/tlb\/","name":"H\u00e4cksler Modell TLB Hymach f\u00fcr die gr\u00fcnpflege","isPartOf":{"@id":"https:\/\/beta.hymach.it\/de\/#website"},"primaryImageOfPage":{"@id":"https:\/\/beta.hymach.it\/de\/haecksler-kopfteile\/tlb\/#primaryimage"},"image":{"@id":"https:\/\/beta.hymach.it\/de\/haecksler-kopfteile\/tlb\/#primaryimage"},"thumbnailUrl":"https:\/\/beta.hymach.it\/wp-content\/uploads\/2024\/10\/Trinciatrici-TLB-hymach-cover.jpg","datePublished":"2014-02-19T14:52:01+00:00","dateModified":"2023-08-08T15:45:24+00:00","description":"Der H\u00e4cksler Modell TLB\u00a0Hymach ist eine Maschine zur Pflege und Pflege von Gr\u00fcnfl\u00e4chen, ideal zum M\u00e4hen auf engstem Raum.","breadcrumb":{"@id":"https:\/\/beta.hymach.it\/de\/haecksler-kopfteile\/tlb\/#breadcrumb"},"inLanguage":"de-DE","potentialAction":[{"@type":"ReadAction","target":["https:\/\/beta.hymach.it\/de\/haecksler-kopfteile\/tlb\/"]}]},{"@type":"ImageObject","inLanguage":"de-DE","@id":"https:\/\/beta.hymach.it\/de\/haecksler-kopfteile\/tlb\/#primaryimage","url":"https:\/\/beta.hymach.it\/wp-content\/uploads\/2024\/10\/Trinciatrici-TLB-hymach-cover.jpg","contentUrl":"https:\/\/beta.hymach.it\/wp-content\/uploads\/2024\/10\/Trinciatrici-TLB-hymach-cover.jpg","width":1675,"height":768,"caption":"Trinciatrice TLB di Hymach"},{"@type":"BreadcrumbList","@id":"https:\/\/beta.hymach.it\/de\/haecksler-kopfteile\/tlb\/#breadcrumb","itemListElement":[{"@type":"ListItem","position":1,"name":"Home","item":"https:\/\/beta.hymach.it\/de\/"},{"@type":"ListItem","position":2,"name":"Produkte Hymach","item":"https:\/\/beta.hymach.it\/de\/produkte\/"},{"@type":"ListItem","position":3,"name":"H\u00e4cksler-Kopfteile Hymach","item":"https:\/\/beta.hymach.it\/de\/produkte\/haecksler-kopfteile\/"},{"@type":"ListItem","position":4,"name":"H\u00e4cksler Modell TLB Hymach"}]},{"@type":"WebSite","@id":"https:\/\/beta.hymach.it\/de\/#website","url":"https:\/\/beta.hymach.it\/de\/","name":"Hymach","description":"Macchine per la manutenzione professionale del verde, semoventi portattrezzi multiuso radiocomandati e macchine per il lavaggio di pannelli solari.","publisher":{"@id":"https:\/\/beta.hymach.it\/de\/#organization"},"potentialAction":[{"@type":"SearchAction","target":{"@type":"EntryPoint","urlTemplate":"https:\/\/beta.hymach.it\/de\/?s={search_term_string}"},"query-input":{"@type":"PropertyValueSpecification","valueRequired":true,"valueName":"search_term_string"}}],"inLanguage":"de-DE"},{"@type":"Organization","@id":"https:\/\/beta.hymach.it\/de\/#organization","name":"Hymach","url":"https:\/\/beta.hymach.it\/de\/","logo":{"@type":"ImageObject","inLanguage":"de-DE","@id":"https:\/\/beta.hymach.it\/de\/#\/schema\/logo\/image\/","url":"https:\/\/beta.hymach.it\/wp-content\/uploads\/2024\/08\/hymach_logo_2026.svg","contentUrl":"https:\/\/beta.hymach.it\/wp-content\/uploads\/2024\/08\/hymach_logo_2026.svg","width":777,"height":88,"caption":"Hymach"},"image":{"@id":"https:\/\/beta.hymach.it\/de\/#\/schema\/logo\/image\/"}}]}},"_links":{"self":[{"href":"https:\/\/beta.hymach.it\/de\/wp-json\/wp\/v2\/pages\/4348","targetHints":{"allow":["GET"]}}],"collection":[{"href":"https:\/\/beta.hymach.it\/de\/wp-json\/wp\/v2\/pages"}],"about":[{"href":"https:\/\/beta.hymach.it\/de\/wp-json\/wp\/v2\/types\/page"}],"author":[{"embeddable":true,"href":"https:\/\/beta.hymach.it\/de\/wp-json\/wp\/v2\/users\/1"}],"replies":[{"embeddable":true,"href":"https:\/\/beta.hymach.it\/de\/wp-json\/wp\/v2\/comments?post=4348"}],"version-history":[{"count":3,"href":"https:\/\/beta.hymach.it\/de\/wp-json\/wp\/v2\/pages\/4348\/revisions"}],"predecessor-version":[{"id":7328,"href":"https:\/\/beta.hymach.it\/de\/wp-json\/wp\/v2\/pages\/4348\/revisions\/7328"}],"up":[{"embeddable":true,"href":"https:\/\/beta.hymach.it\/de\/wp-json\/wp\/v2\/pages\/4327"}],"wp:featuredmedia":[{"embeddable":true,"href":"https:\/\/beta.hymach.it\/de\/wp-json\/wp\/v2\/media\/9838"}],"wp:attachment":[{"href":"https:\/\/beta.hymach.it\/de\/wp-json\/wp\/v2\/media?parent=4348"}],"wp:term":[{"taxonomy":"category","embeddable":true,"href":"https:\/\/beta.hymach.it\/de\/wp-json\/wp\/v2\/categories?post=4348"},{"taxonomy":"sector","embeddable":true,"href":"https:\/\/beta.hymach.it\/de\/wp-json\/wp\/v2\/sector?post=4348"},{"taxonomy":"carrier","embeddable":true,"href":"https:\/\/beta.hymach.it\/de\/wp-json\/wp\/v2\/carrier?post=4348"},{"taxonomy":"cat-page","embeddable":true,"href":"https:\/\/beta.hymach.it\/de\/wp-json\/wp\/v2\/cat-page?post=4348"},{"taxonomy":"product-category","embeddable":true,"href":"https:\/\/beta.hymach.it\/de\/wp-json\/wp\/v2\/product-category?post=4348"}],"curies":[{"name":"wp","href":"https:\/\/api.w.org\/{rel}","templated":true}]}}