{"id":4424,"date":"2014-02-18T09:03:12","date_gmt":"2014-02-18T08:03:12","guid":{"rendered":"https:\/\/www.hymach.it\/produkte\/zubehoer-kopfteile-fuer-verschiedene-anwendungen\/aspiranti\/"},"modified":"2025-02-14T14:45:12","modified_gmt":"2025-02-14T13:45:12","slug":"ansauggeraete-fuer-freischneider","status":"publish","type":"page","link":"https:\/\/beta.hymach.it\/de\/zubehoer-kopfteile-fuer-verschiedene-anwendungen\/ansauggeraete-fuer-freischneider\/","title":{"rendered":"Ansaugger\u00e4te f\u00fcr Freischneider"},"content":{"rendered":"\n<p>I <strong>sistemi aspiranti Hymach<\/strong>, <strong>applicabili alle decespugliatrici a braccio idraulico <\/strong>dotate di impianto di aspirazione, sono delle <strong>macchine per la manutenzione e la cura del verde<\/strong>, preposte alla raccolta di materiale vario, come fogliame, anche appiccicato al terreno, bottiglie, lattine, sacchetti, involucri vari, anche misti a pietrame, sassi e fango.<\/p>\n\n<p>I <strong>sistemi aspiranti per decespugliatric<\/strong>i sono l&#8217;ideale per <\/p>\n\n<ul class=\"wp-block-list\"><li>mantenere pulite le banchine stradali e le canalette di raccolta a lato strada<\/li><li>ripulire da rifiuti i bordi stradali pavimentati<\/li><li>abbassare le banchine stradali rimuovendo la vegetazione caduta e compattata al suolo<\/li><\/ul>\n","protected":false},"excerpt":{"rendered":"<p>I sistemi aspiranti Hymach, applicabili alle decespugliatrici a braccio idraulico dotate di impianto di aspirazione, sono delle macchine per la manutenzione e la cura del verde, preposte alla raccolta di materiale vario, come fogliame, anche appiccicato al terreno, bottiglie, lattine, sacchetti, involucri vari, anche misti a pietrame, sassi e fango. I sistemi aspiranti per decespugliatrici [&hellip;]<\/p>\n","protected":false},"author":1,"featured_media":3317,"parent":4416,"menu_order":316,"comment_status":"open","ping_status":"closed","template":"","meta":{"_acf_changed":false,"footnotes":""},"categories":[],"sector":[],"carrier":[],"cat-page":[],"product-category":[131],"class_list":["post-4424","page","type-page","status-publish","has-post-thumbnail","hentry","product-category-werkzeuge-und-zubehoer-fuer-maeharmgeraete"],"acf":[],"yoast_head":"<!-- This site is optimized with the Yoast SEO plugin v27.5 - https:\/\/yoast.com\/product\/yoast-seo-wordpress\/ -->\n<title>Ansaugger\u00e4te f\u00fcr Freischneider - Hymach<\/title>\n<meta name=\"description\" content=\"Hymach-Saugsysteme f\u00fcr Gr\u00fcnfl\u00e4chen &amp; Stra\u00dfen: Entfernt Laub, M\u00fcll &amp; Schmutz effizient mit hydraulischen M\u00e4harmen. Saubere &amp; sichere Stra\u00dfenr\u00e4nder.\" \/>\n<meta name=\"robots\" content=\"noindex, follow, max-snippet:-1, max-image-preview:large, max-video-preview:-1\" \/>\n<meta property=\"og:locale\" content=\"de_DE\" \/>\n<meta property=\"og:type\" content=\"article\" \/>\n<meta property=\"og:title\" content=\"Ansaugger\u00e4te f\u00fcr Freischneider - Hymach\" \/>\n<meta property=\"og:description\" content=\"Hymach-Saugsysteme f\u00fcr Gr\u00fcnfl\u00e4chen &amp; Stra\u00dfen: Entfernt Laub, M\u00fcll &amp; Schmutz effizient mit hydraulischen M\u00e4harmen. Saubere &amp; sichere Stra\u00dfenr\u00e4nder.\" \/>\n<meta property=\"og:url\" content=\"https:\/\/beta.hymach.it\/de\/zubehoer-kopfteile-fuer-verschiedene-anwendungen\/ansauggeraete-fuer-freischneider\/\" \/>\n<meta property=\"og:site_name\" content=\"Hymach\" \/>\n<meta property=\"article:modified_time\" content=\"2025-02-14T13:45:12+00:00\" \/>\n<meta property=\"og:image\" content=\"https:\/\/beta.hymach.it\/wp-content\/uploads\/2018\/05\/testate-utensili-Aspiranti.jpg\" \/>\n\t<meta property=\"og:image:width\" content=\"500\" \/>\n\t<meta property=\"og:image:height\" content=\"331\" \/>\n\t<meta property=\"og:image:type\" content=\"image\/jpeg\" \/>\n<meta name=\"twitter:label1\" content=\"Est. reading time\" \/>\n\t<meta name=\"twitter:data1\" content=\"1 minute\" \/>\n<script type=\"application\/ld+json\" class=\"yoast-schema-graph\">{\"@context\":\"https:\\\/\\\/schema.org\",\"@graph\":[{\"@type\":\"WebPage\",\"@id\":\"https:\\\/\\\/beta.hymach.it\\\/de\\\/zubehoer-kopfteile-fuer-verschiedene-anwendungen\\\/ansauggeraete-fuer-freischneider\\\/\",\"url\":\"https:\\\/\\\/beta.hymach.it\\\/de\\\/zubehoer-kopfteile-fuer-verschiedene-anwendungen\\\/ansauggeraete-fuer-freischneider\\\/\",\"name\":\"Ansaugger\u00e4te f\u00fcr Freischneider - Hymach\",\"isPartOf\":{\"@id\":\"https:\\\/\\\/beta.hymach.it\\\/de\\\/#website\"},\"primaryImageOfPage\":{\"@id\":\"https:\\\/\\\/beta.hymach.it\\\/de\\\/zubehoer-kopfteile-fuer-verschiedene-anwendungen\\\/ansauggeraete-fuer-freischneider\\\/#primaryimage\"},\"image\":{\"@id\":\"https:\\\/\\\/beta.hymach.it\\\/de\\\/zubehoer-kopfteile-fuer-verschiedene-anwendungen\\\/ansauggeraete-fuer-freischneider\\\/#primaryimage\"},\"thumbnailUrl\":\"https:\\\/\\\/beta.hymach.it\\\/wp-content\\\/uploads\\\/2018\\\/05\\\/testate-utensili-Aspiranti.jpg\",\"datePublished\":\"2014-02-18T08:03:12+00:00\",\"dateModified\":\"2025-02-14T13:45:12+00:00\",\"description\":\"Hymach-Saugsysteme f\u00fcr Gr\u00fcnfl\u00e4chen & Stra\u00dfen: Entfernt Laub, M\u00fcll & Schmutz effizient mit hydraulischen M\u00e4harmen. Saubere & sichere Stra\u00dfenr\u00e4nder.\",\"breadcrumb\":{\"@id\":\"https:\\\/\\\/beta.hymach.it\\\/de\\\/zubehoer-kopfteile-fuer-verschiedene-anwendungen\\\/ansauggeraete-fuer-freischneider\\\/#breadcrumb\"},\"inLanguage\":\"de-DE\",\"potentialAction\":[{\"@type\":\"ReadAction\",\"target\":[\"https:\\\/\\\/beta.hymach.it\\\/de\\\/zubehoer-kopfteile-fuer-verschiedene-anwendungen\\\/ansauggeraete-fuer-freischneider\\\/\"]}]},{\"@type\":\"ImageObject\",\"inLanguage\":\"de-DE\",\"@id\":\"https:\\\/\\\/beta.hymach.it\\\/de\\\/zubehoer-kopfteile-fuer-verschiedene-anwendungen\\\/ansauggeraete-fuer-freischneider\\\/#primaryimage\",\"url\":\"https:\\\/\\\/beta.hymach.it\\\/wp-content\\\/uploads\\\/2018\\\/05\\\/testate-utensili-Aspiranti.jpg\",\"contentUrl\":\"https:\\\/\\\/beta.hymach.it\\\/wp-content\\\/uploads\\\/2018\\\/05\\\/testate-utensili-Aspiranti.jpg\",\"width\":500,\"height\":331},{\"@type\":\"BreadcrumbList\",\"@id\":\"https:\\\/\\\/beta.hymach.it\\\/de\\\/zubehoer-kopfteile-fuer-verschiedene-anwendungen\\\/ansauggeraete-fuer-freischneider\\\/#breadcrumb\",\"itemListElement\":[{\"@type\":\"ListItem\",\"position\":1,\"name\":\"Home\",\"item\":\"https:\\\/\\\/beta.hymach.it\\\/de\\\/\"},{\"@type\":\"ListItem\",\"position\":2,\"name\":\"Produkte Hymach\",\"item\":\"https:\\\/\\\/beta.hymach.it\\\/de\\\/produkte\\\/\"},{\"@type\":\"ListItem\",\"position\":3,\"name\":\"Zubeh\u00f6r-Kopfteile f\u00fcr verschiedene Anwendungen\",\"item\":\"https:\\\/\\\/beta.hymach.it\\\/de\\\/produkte\\\/zubehoer-kopfteile-fuer-verschiedene-anwendungen\\\/\"},{\"@type\":\"ListItem\",\"position\":4,\"name\":\"Ansaugger\u00e4te f\u00fcr Freischneider\"}]},{\"@type\":\"WebSite\",\"@id\":\"https:\\\/\\\/beta.hymach.it\\\/de\\\/#website\",\"url\":\"https:\\\/\\\/beta.hymach.it\\\/de\\\/\",\"name\":\"Hymach\",\"description\":\"Macchine per la manutenzione professionale del verde, semoventi portattrezzi multiuso radiocomandati e macchine per il lavaggio di pannelli solari.\",\"publisher\":{\"@id\":\"https:\\\/\\\/beta.hymach.it\\\/de\\\/#organization\"},\"potentialAction\":[{\"@type\":\"SearchAction\",\"target\":{\"@type\":\"EntryPoint\",\"urlTemplate\":\"https:\\\/\\\/beta.hymach.it\\\/de\\\/?s={search_term_string}\"},\"query-input\":{\"@type\":\"PropertyValueSpecification\",\"valueRequired\":true,\"valueName\":\"search_term_string\"}}],\"inLanguage\":\"de-DE\"},{\"@type\":\"Organization\",\"@id\":\"https:\\\/\\\/beta.hymach.it\\\/de\\\/#organization\",\"name\":\"Hymach\",\"url\":\"https:\\\/\\\/beta.hymach.it\\\/de\\\/\",\"logo\":{\"@type\":\"ImageObject\",\"inLanguage\":\"de-DE\",\"@id\":\"https:\\\/\\\/beta.hymach.it\\\/de\\\/#\\\/schema\\\/logo\\\/image\\\/\",\"url\":\"https:\\\/\\\/beta.hymach.it\\\/wp-content\\\/uploads\\\/2024\\\/08\\\/hymach_logo_2026.svg\",\"contentUrl\":\"https:\\\/\\\/beta.hymach.it\\\/wp-content\\\/uploads\\\/2024\\\/08\\\/hymach_logo_2026.svg\",\"width\":777,\"height\":88,\"caption\":\"Hymach\"},\"image\":{\"@id\":\"https:\\\/\\\/beta.hymach.it\\\/de\\\/#\\\/schema\\\/logo\\\/image\\\/\"}}]}<\/script>\n<!-- \/ Yoast SEO plugin. -->","yoast_head_json":{"title":"Ansaugger\u00e4te f\u00fcr Freischneider - Hymach","description":"Hymach-Saugsysteme f\u00fcr Gr\u00fcnfl\u00e4chen & Stra\u00dfen: Entfernt Laub, M\u00fcll & Schmutz effizient mit hydraulischen M\u00e4harmen. Saubere & sichere Stra\u00dfenr\u00e4nder.","robots":{"index":"noindex","follow":"follow","max-snippet":"max-snippet:-1","max-image-preview":"max-image-preview:large","max-video-preview":"max-video-preview:-1"},"og_locale":"de_DE","og_type":"article","og_title":"Ansaugger\u00e4te f\u00fcr Freischneider - Hymach","og_description":"Hymach-Saugsysteme f\u00fcr Gr\u00fcnfl\u00e4chen & Stra\u00dfen: Entfernt Laub, M\u00fcll & Schmutz effizient mit hydraulischen M\u00e4harmen. Saubere & sichere Stra\u00dfenr\u00e4nder.","og_url":"https:\/\/beta.hymach.it\/de\/zubehoer-kopfteile-fuer-verschiedene-anwendungen\/ansauggeraete-fuer-freischneider\/","og_site_name":"Hymach","article_modified_time":"2025-02-14T13:45:12+00:00","og_image":[{"width":500,"height":331,"url":"https:\/\/beta.hymach.it\/wp-content\/uploads\/2018\/05\/testate-utensili-Aspiranti.jpg","type":"image\/jpeg"}],"twitter_misc":{"Est. reading time":"1 minute"},"schema":{"@context":"https:\/\/schema.org","@graph":[{"@type":"WebPage","@id":"https:\/\/beta.hymach.it\/de\/zubehoer-kopfteile-fuer-verschiedene-anwendungen\/ansauggeraete-fuer-freischneider\/","url":"https:\/\/beta.hymach.it\/de\/zubehoer-kopfteile-fuer-verschiedene-anwendungen\/ansauggeraete-fuer-freischneider\/","name":"Ansaugger\u00e4te f\u00fcr Freischneider - Hymach","isPartOf":{"@id":"https:\/\/beta.hymach.it\/de\/#website"},"primaryImageOfPage":{"@id":"https:\/\/beta.hymach.it\/de\/zubehoer-kopfteile-fuer-verschiedene-anwendungen\/ansauggeraete-fuer-freischneider\/#primaryimage"},"image":{"@id":"https:\/\/beta.hymach.it\/de\/zubehoer-kopfteile-fuer-verschiedene-anwendungen\/ansauggeraete-fuer-freischneider\/#primaryimage"},"thumbnailUrl":"https:\/\/beta.hymach.it\/wp-content\/uploads\/2018\/05\/testate-utensili-Aspiranti.jpg","datePublished":"2014-02-18T08:03:12+00:00","dateModified":"2025-02-14T13:45:12+00:00","description":"Hymach-Saugsysteme f\u00fcr Gr\u00fcnfl\u00e4chen & Stra\u00dfen: Entfernt Laub, M\u00fcll & Schmutz effizient mit hydraulischen M\u00e4harmen. Saubere & sichere Stra\u00dfenr\u00e4nder.","breadcrumb":{"@id":"https:\/\/beta.hymach.it\/de\/zubehoer-kopfteile-fuer-verschiedene-anwendungen\/ansauggeraete-fuer-freischneider\/#breadcrumb"},"inLanguage":"de-DE","potentialAction":[{"@type":"ReadAction","target":["https:\/\/beta.hymach.it\/de\/zubehoer-kopfteile-fuer-verschiedene-anwendungen\/ansauggeraete-fuer-freischneider\/"]}]},{"@type":"ImageObject","inLanguage":"de-DE","@id":"https:\/\/beta.hymach.it\/de\/zubehoer-kopfteile-fuer-verschiedene-anwendungen\/ansauggeraete-fuer-freischneider\/#primaryimage","url":"https:\/\/beta.hymach.it\/wp-content\/uploads\/2018\/05\/testate-utensili-Aspiranti.jpg","contentUrl":"https:\/\/beta.hymach.it\/wp-content\/uploads\/2018\/05\/testate-utensili-Aspiranti.jpg","width":500,"height":331},{"@type":"BreadcrumbList","@id":"https:\/\/beta.hymach.it\/de\/zubehoer-kopfteile-fuer-verschiedene-anwendungen\/ansauggeraete-fuer-freischneider\/#breadcrumb","itemListElement":[{"@type":"ListItem","position":1,"name":"Home","item":"https:\/\/beta.hymach.it\/de\/"},{"@type":"ListItem","position":2,"name":"Produkte Hymach","item":"https:\/\/beta.hymach.it\/de\/produkte\/"},{"@type":"ListItem","position":3,"name":"Zubeh\u00f6r-Kopfteile f\u00fcr verschiedene Anwendungen","item":"https:\/\/beta.hymach.it\/de\/produkte\/zubehoer-kopfteile-fuer-verschiedene-anwendungen\/"},{"@type":"ListItem","position":4,"name":"Ansaugger\u00e4te f\u00fcr Freischneider"}]},{"@type":"WebSite","@id":"https:\/\/beta.hymach.it\/de\/#website","url":"https:\/\/beta.hymach.it\/de\/","name":"Hymach","description":"Macchine per la manutenzione professionale del verde, semoventi portattrezzi multiuso radiocomandati e macchine per il lavaggio di pannelli solari.","publisher":{"@id":"https:\/\/beta.hymach.it\/de\/#organization"},"potentialAction":[{"@type":"SearchAction","target":{"@type":"EntryPoint","urlTemplate":"https:\/\/beta.hymach.it\/de\/?s={search_term_string}"},"query-input":{"@type":"PropertyValueSpecification","valueRequired":true,"valueName":"search_term_string"}}],"inLanguage":"de-DE"},{"@type":"Organization","@id":"https:\/\/beta.hymach.it\/de\/#organization","name":"Hymach","url":"https:\/\/beta.hymach.it\/de\/","logo":{"@type":"ImageObject","inLanguage":"de-DE","@id":"https:\/\/beta.hymach.it\/de\/#\/schema\/logo\/image\/","url":"https:\/\/beta.hymach.it\/wp-content\/uploads\/2024\/08\/hymach_logo_2026.svg","contentUrl":"https:\/\/beta.hymach.it\/wp-content\/uploads\/2024\/08\/hymach_logo_2026.svg","width":777,"height":88,"caption":"Hymach"},"image":{"@id":"https:\/\/beta.hymach.it\/de\/#\/schema\/logo\/image\/"}}]}},"_links":{"self":[{"href":"https:\/\/beta.hymach.it\/de\/wp-json\/wp\/v2\/pages\/4424","targetHints":{"allow":["GET"]}}],"collection":[{"href":"https:\/\/beta.hymach.it\/de\/wp-json\/wp\/v2\/pages"}],"about":[{"href":"https:\/\/beta.hymach.it\/de\/wp-json\/wp\/v2\/types\/page"}],"author":[{"embeddable":true,"href":"https:\/\/beta.hymach.it\/de\/wp-json\/wp\/v2\/users\/1"}],"replies":[{"embeddable":true,"href":"https:\/\/beta.hymach.it\/de\/wp-json\/wp\/v2\/comments?post=4424"}],"version-history":[{"count":7,"href":"https:\/\/beta.hymach.it\/de\/wp-json\/wp\/v2\/pages\/4424\/revisions"}],"predecessor-version":[{"id":11476,"href":"https:\/\/beta.hymach.it\/de\/wp-json\/wp\/v2\/pages\/4424\/revisions\/11476"}],"up":[{"embeddable":true,"href":"https:\/\/beta.hymach.it\/de\/wp-json\/wp\/v2\/pages\/4416"}],"wp:featuredmedia":[{"embeddable":true,"href":"https:\/\/beta.hymach.it\/de\/wp-json\/wp\/v2\/media\/3317"}],"wp:attachment":[{"href":"https:\/\/beta.hymach.it\/de\/wp-json\/wp\/v2\/media?parent=4424"}],"wp:term":[{"taxonomy":"category","embeddable":true,"href":"https:\/\/beta.hymach.it\/de\/wp-json\/wp\/v2\/categories?post=4424"},{"taxonomy":"sector","embeddable":true,"href":"https:\/\/beta.hymach.it\/de\/wp-json\/wp\/v2\/sector?post=4424"},{"taxonomy":"carrier","embeddable":true,"href":"https:\/\/beta.hymach.it\/de\/wp-json\/wp\/v2\/carrier?post=4424"},{"taxonomy":"cat-page","embeddable":true,"href":"https:\/\/beta.hymach.it\/de\/wp-json\/wp\/v2\/cat-page?post=4424"},{"taxonomy":"product-category","embeddable":true,"href":"https:\/\/beta.hymach.it\/de\/wp-json\/wp\/v2\/product-category?post=4424"}],"curies":[{"name":"wp","href":"https:\/\/api.w.org\/{rel}","templated":true}]}}