{"id":4663,"date":"2014-02-21T08:56:37","date_gmt":"2014-02-21T07:56:37","guid":{"rendered":"https:\/\/www.hymach.it\/produkte\/zubehoer-kopfteile-fuer-verschiedene-anwendungen\/toncarami\/"},"modified":"2025-02-14T15:07:43","modified_gmt":"2025-02-14T14:07:43","slug":"astschneider","status":"publish","type":"page","link":"https:\/\/beta.hymach.it\/de\/zubehoer-kopfteile-fuer-verschiedene-anwendungen\/astschneider\/","title":{"rendered":"Astschneider"},"content":{"rendered":"\n<p>Le <strong>barre troncarami<\/strong> idrauliche sono delle <strong>macchine per la manutenzione e la cura del verde<\/strong>, ideali per la tosatura di siepi e la sfrondatura di arbusti e alberi. <br\/>Sono dotate di dispositivi di regolazione di portata e di pressione indipendenti e possono essere applicate su qualsiasi attrezzatura a braccio articolato. <\/p>\n\n<p><br\/>Le <strong>barre troncarami<\/strong> sono composte da due lame lavorate a pettine, costruite in acciaio particolarmente resistente all\u2019usura, di cui una mobile e una fissa e sono dotate di un particolare meccanismo antinceppamento che permette sempre il taglio dei rami che entrano nelle lame senza che queste si blocchino. <\/p>\n\n<p><br\/>Sono disponibili in diversi modelli per il taglio di rami dal diametro di <strong>50 cm a 150 cm<\/strong> e nelle lunghezze di 1<strong>800, 2000, 2100 mm.<\/strong><\/p>\n","protected":false},"excerpt":{"rendered":"<p>Le barre troncarami idrauliche sono delle macchine per la manutenzione e la cura del verde, ideali per la tosatura di siepi e la sfrondatura di arbusti e alberi. Sono dotate di dispositivi di regolazione di portata e di pressione indipendenti e possono essere applicate su qualsiasi attrezzatura a braccio articolato. Le barre troncarami sono composte [&hellip;]<\/p>\n","protected":false},"author":1,"featured_media":3341,"parent":4416,"menu_order":285,"comment_status":"open","ping_status":"closed","template":"","meta":{"_acf_changed":false,"footnotes":""},"categories":[],"sector":[],"carrier":[],"cat-page":[],"product-category":[131],"class_list":["post-4663","page","type-page","status-publish","has-post-thumbnail","hentry","product-category-werkzeuge-und-zubehoer-fuer-maeharmgeraete"],"acf":[],"yoast_head":"<!-- This site is optimized with the Yoast SEO plugin v27.5 - https:\/\/yoast.com\/product\/yoast-seo-wordpress\/ -->\n<title>Astschneider - Hymach<\/title>\n<meta name=\"description\" content=\"Hymach-Hydraulische Astscheren: Perfekt f\u00fcr Hecken &amp; B\u00e4ume, mit verschlei\u00dffesten Klingen &amp; Antiblockiersystem. Erh\u00e4ltlich in verschiedenen Gr\u00f6\u00dfen bis 2100 mm\" \/>\n<meta name=\"robots\" content=\"noindex, follow, max-snippet:-1, max-image-preview:large, max-video-preview:-1\" \/>\n<meta property=\"og:locale\" content=\"de_DE\" \/>\n<meta property=\"og:type\" content=\"article\" \/>\n<meta property=\"og:title\" content=\"Astschneider - Hymach\" \/>\n<meta property=\"og:description\" content=\"Hymach-Hydraulische Astscheren: Perfekt f\u00fcr Hecken &amp; B\u00e4ume, mit verschlei\u00dffesten Klingen &amp; Antiblockiersystem. Erh\u00e4ltlich in verschiedenen Gr\u00f6\u00dfen bis 2100 mm\" \/>\n<meta property=\"og:url\" content=\"https:\/\/beta.hymach.it\/de\/zubehoer-kopfteile-fuer-verschiedene-anwendungen\/astschneider\/\" \/>\n<meta property=\"og:site_name\" content=\"Hymach\" \/>\n<meta property=\"article:modified_time\" content=\"2025-02-14T14:07:43+00:00\" \/>\n<meta property=\"og:image\" content=\"https:\/\/beta.hymach.it\/wp-content\/uploads\/2018\/05\/Troncarami.jpg\" \/>\n\t<meta property=\"og:image:width\" content=\"500\" \/>\n\t<meta property=\"og:image:height\" content=\"355\" \/>\n\t<meta property=\"og:image:type\" content=\"image\/jpeg\" \/>\n<meta name=\"twitter:label1\" content=\"Est. reading time\" \/>\n\t<meta name=\"twitter:data1\" content=\"1 minute\" \/>\n<script type=\"application\/ld+json\" class=\"yoast-schema-graph\">{\"@context\":\"https:\\\/\\\/schema.org\",\"@graph\":[{\"@type\":\"WebPage\",\"@id\":\"https:\\\/\\\/beta.hymach.it\\\/de\\\/zubehoer-kopfteile-fuer-verschiedene-anwendungen\\\/astschneider\\\/\",\"url\":\"https:\\\/\\\/beta.hymach.it\\\/de\\\/zubehoer-kopfteile-fuer-verschiedene-anwendungen\\\/astschneider\\\/\",\"name\":\"Astschneider - Hymach\",\"isPartOf\":{\"@id\":\"https:\\\/\\\/beta.hymach.it\\\/de\\\/#website\"},\"primaryImageOfPage\":{\"@id\":\"https:\\\/\\\/beta.hymach.it\\\/de\\\/zubehoer-kopfteile-fuer-verschiedene-anwendungen\\\/astschneider\\\/#primaryimage\"},\"image\":{\"@id\":\"https:\\\/\\\/beta.hymach.it\\\/de\\\/zubehoer-kopfteile-fuer-verschiedene-anwendungen\\\/astschneider\\\/#primaryimage\"},\"thumbnailUrl\":\"https:\\\/\\\/beta.hymach.it\\\/wp-content\\\/uploads\\\/2018\\\/05\\\/Troncarami.jpg\",\"datePublished\":\"2014-02-21T07:56:37+00:00\",\"dateModified\":\"2025-02-14T14:07:43+00:00\",\"description\":\"Hymach-Hydraulische Astscheren: Perfekt f\u00fcr Hecken & B\u00e4ume, mit verschlei\u00dffesten Klingen & Antiblockiersystem. Erh\u00e4ltlich in verschiedenen Gr\u00f6\u00dfen bis 2100 mm\",\"breadcrumb\":{\"@id\":\"https:\\\/\\\/beta.hymach.it\\\/de\\\/zubehoer-kopfteile-fuer-verschiedene-anwendungen\\\/astschneider\\\/#breadcrumb\"},\"inLanguage\":\"de-DE\",\"potentialAction\":[{\"@type\":\"ReadAction\",\"target\":[\"https:\\\/\\\/beta.hymach.it\\\/de\\\/zubehoer-kopfteile-fuer-verschiedene-anwendungen\\\/astschneider\\\/\"]}]},{\"@type\":\"ImageObject\",\"inLanguage\":\"de-DE\",\"@id\":\"https:\\\/\\\/beta.hymach.it\\\/de\\\/zubehoer-kopfteile-fuer-verschiedene-anwendungen\\\/astschneider\\\/#primaryimage\",\"url\":\"https:\\\/\\\/beta.hymach.it\\\/wp-content\\\/uploads\\\/2018\\\/05\\\/Troncarami.jpg\",\"contentUrl\":\"https:\\\/\\\/beta.hymach.it\\\/wp-content\\\/uploads\\\/2018\\\/05\\\/Troncarami.jpg\",\"width\":500,\"height\":355},{\"@type\":\"BreadcrumbList\",\"@id\":\"https:\\\/\\\/beta.hymach.it\\\/de\\\/zubehoer-kopfteile-fuer-verschiedene-anwendungen\\\/astschneider\\\/#breadcrumb\",\"itemListElement\":[{\"@type\":\"ListItem\",\"position\":1,\"name\":\"Home\",\"item\":\"https:\\\/\\\/beta.hymach.it\\\/de\\\/\"},{\"@type\":\"ListItem\",\"position\":2,\"name\":\"Produkte Hymach\",\"item\":\"https:\\\/\\\/beta.hymach.it\\\/de\\\/produkte\\\/\"},{\"@type\":\"ListItem\",\"position\":3,\"name\":\"Zubeh\u00f6r-Kopfteile f\u00fcr verschiedene Anwendungen\",\"item\":\"https:\\\/\\\/beta.hymach.it\\\/de\\\/produkte\\\/zubehoer-kopfteile-fuer-verschiedene-anwendungen\\\/\"},{\"@type\":\"ListItem\",\"position\":4,\"name\":\"Astschneider\"}]},{\"@type\":\"WebSite\",\"@id\":\"https:\\\/\\\/beta.hymach.it\\\/de\\\/#website\",\"url\":\"https:\\\/\\\/beta.hymach.it\\\/de\\\/\",\"name\":\"Hymach\",\"description\":\"Macchine per la manutenzione professionale del verde, semoventi portattrezzi multiuso radiocomandati e macchine per il lavaggio di pannelli solari.\",\"publisher\":{\"@id\":\"https:\\\/\\\/beta.hymach.it\\\/de\\\/#organization\"},\"potentialAction\":[{\"@type\":\"SearchAction\",\"target\":{\"@type\":\"EntryPoint\",\"urlTemplate\":\"https:\\\/\\\/beta.hymach.it\\\/de\\\/?s={search_term_string}\"},\"query-input\":{\"@type\":\"PropertyValueSpecification\",\"valueRequired\":true,\"valueName\":\"search_term_string\"}}],\"inLanguage\":\"de-DE\"},{\"@type\":\"Organization\",\"@id\":\"https:\\\/\\\/beta.hymach.it\\\/de\\\/#organization\",\"name\":\"Hymach\",\"url\":\"https:\\\/\\\/beta.hymach.it\\\/de\\\/\",\"logo\":{\"@type\":\"ImageObject\",\"inLanguage\":\"de-DE\",\"@id\":\"https:\\\/\\\/beta.hymach.it\\\/de\\\/#\\\/schema\\\/logo\\\/image\\\/\",\"url\":\"https:\\\/\\\/beta.hymach.it\\\/wp-content\\\/uploads\\\/2024\\\/08\\\/hymach_logo_2026.svg\",\"contentUrl\":\"https:\\\/\\\/beta.hymach.it\\\/wp-content\\\/uploads\\\/2024\\\/08\\\/hymach_logo_2026.svg\",\"width\":777,\"height\":88,\"caption\":\"Hymach\"},\"image\":{\"@id\":\"https:\\\/\\\/beta.hymach.it\\\/de\\\/#\\\/schema\\\/logo\\\/image\\\/\"}}]}<\/script>\n<!-- \/ Yoast SEO plugin. -->","yoast_head_json":{"title":"Astschneider - Hymach","description":"Hymach-Hydraulische Astscheren: Perfekt f\u00fcr Hecken & B\u00e4ume, mit verschlei\u00dffesten Klingen & Antiblockiersystem. Erh\u00e4ltlich in verschiedenen Gr\u00f6\u00dfen bis 2100 mm","robots":{"index":"noindex","follow":"follow","max-snippet":"max-snippet:-1","max-image-preview":"max-image-preview:large","max-video-preview":"max-video-preview:-1"},"og_locale":"de_DE","og_type":"article","og_title":"Astschneider - Hymach","og_description":"Hymach-Hydraulische Astscheren: Perfekt f\u00fcr Hecken & B\u00e4ume, mit verschlei\u00dffesten Klingen & Antiblockiersystem. Erh\u00e4ltlich in verschiedenen Gr\u00f6\u00dfen bis 2100 mm","og_url":"https:\/\/beta.hymach.it\/de\/zubehoer-kopfteile-fuer-verschiedene-anwendungen\/astschneider\/","og_site_name":"Hymach","article_modified_time":"2025-02-14T14:07:43+00:00","og_image":[{"width":500,"height":355,"url":"https:\/\/beta.hymach.it\/wp-content\/uploads\/2018\/05\/Troncarami.jpg","type":"image\/jpeg"}],"twitter_misc":{"Est. reading time":"1 minute"},"schema":{"@context":"https:\/\/schema.org","@graph":[{"@type":"WebPage","@id":"https:\/\/beta.hymach.it\/de\/zubehoer-kopfteile-fuer-verschiedene-anwendungen\/astschneider\/","url":"https:\/\/beta.hymach.it\/de\/zubehoer-kopfteile-fuer-verschiedene-anwendungen\/astschneider\/","name":"Astschneider - Hymach","isPartOf":{"@id":"https:\/\/beta.hymach.it\/de\/#website"},"primaryImageOfPage":{"@id":"https:\/\/beta.hymach.it\/de\/zubehoer-kopfteile-fuer-verschiedene-anwendungen\/astschneider\/#primaryimage"},"image":{"@id":"https:\/\/beta.hymach.it\/de\/zubehoer-kopfteile-fuer-verschiedene-anwendungen\/astschneider\/#primaryimage"},"thumbnailUrl":"https:\/\/beta.hymach.it\/wp-content\/uploads\/2018\/05\/Troncarami.jpg","datePublished":"2014-02-21T07:56:37+00:00","dateModified":"2025-02-14T14:07:43+00:00","description":"Hymach-Hydraulische Astscheren: Perfekt f\u00fcr Hecken & B\u00e4ume, mit verschlei\u00dffesten Klingen & Antiblockiersystem. Erh\u00e4ltlich in verschiedenen Gr\u00f6\u00dfen bis 2100 mm","breadcrumb":{"@id":"https:\/\/beta.hymach.it\/de\/zubehoer-kopfteile-fuer-verschiedene-anwendungen\/astschneider\/#breadcrumb"},"inLanguage":"de-DE","potentialAction":[{"@type":"ReadAction","target":["https:\/\/beta.hymach.it\/de\/zubehoer-kopfteile-fuer-verschiedene-anwendungen\/astschneider\/"]}]},{"@type":"ImageObject","inLanguage":"de-DE","@id":"https:\/\/beta.hymach.it\/de\/zubehoer-kopfteile-fuer-verschiedene-anwendungen\/astschneider\/#primaryimage","url":"https:\/\/beta.hymach.it\/wp-content\/uploads\/2018\/05\/Troncarami.jpg","contentUrl":"https:\/\/beta.hymach.it\/wp-content\/uploads\/2018\/05\/Troncarami.jpg","width":500,"height":355},{"@type":"BreadcrumbList","@id":"https:\/\/beta.hymach.it\/de\/zubehoer-kopfteile-fuer-verschiedene-anwendungen\/astschneider\/#breadcrumb","itemListElement":[{"@type":"ListItem","position":1,"name":"Home","item":"https:\/\/beta.hymach.it\/de\/"},{"@type":"ListItem","position":2,"name":"Produkte Hymach","item":"https:\/\/beta.hymach.it\/de\/produkte\/"},{"@type":"ListItem","position":3,"name":"Zubeh\u00f6r-Kopfteile f\u00fcr verschiedene Anwendungen","item":"https:\/\/beta.hymach.it\/de\/produkte\/zubehoer-kopfteile-fuer-verschiedene-anwendungen\/"},{"@type":"ListItem","position":4,"name":"Astschneider"}]},{"@type":"WebSite","@id":"https:\/\/beta.hymach.it\/de\/#website","url":"https:\/\/beta.hymach.it\/de\/","name":"Hymach","description":"Macchine per la manutenzione professionale del verde, semoventi portattrezzi multiuso radiocomandati e macchine per il lavaggio di pannelli solari.","publisher":{"@id":"https:\/\/beta.hymach.it\/de\/#organization"},"potentialAction":[{"@type":"SearchAction","target":{"@type":"EntryPoint","urlTemplate":"https:\/\/beta.hymach.it\/de\/?s={search_term_string}"},"query-input":{"@type":"PropertyValueSpecification","valueRequired":true,"valueName":"search_term_string"}}],"inLanguage":"de-DE"},{"@type":"Organization","@id":"https:\/\/beta.hymach.it\/de\/#organization","name":"Hymach","url":"https:\/\/beta.hymach.it\/de\/","logo":{"@type":"ImageObject","inLanguage":"de-DE","@id":"https:\/\/beta.hymach.it\/de\/#\/schema\/logo\/image\/","url":"https:\/\/beta.hymach.it\/wp-content\/uploads\/2024\/08\/hymach_logo_2026.svg","contentUrl":"https:\/\/beta.hymach.it\/wp-content\/uploads\/2024\/08\/hymach_logo_2026.svg","width":777,"height":88,"caption":"Hymach"},"image":{"@id":"https:\/\/beta.hymach.it\/de\/#\/schema\/logo\/image\/"}}]}},"_links":{"self":[{"href":"https:\/\/beta.hymach.it\/de\/wp-json\/wp\/v2\/pages\/4663","targetHints":{"allow":["GET"]}}],"collection":[{"href":"https:\/\/beta.hymach.it\/de\/wp-json\/wp\/v2\/pages"}],"about":[{"href":"https:\/\/beta.hymach.it\/de\/wp-json\/wp\/v2\/types\/page"}],"author":[{"embeddable":true,"href":"https:\/\/beta.hymach.it\/de\/wp-json\/wp\/v2\/users\/1"}],"replies":[{"embeddable":true,"href":"https:\/\/beta.hymach.it\/de\/wp-json\/wp\/v2\/comments?post=4663"}],"version-history":[{"count":3,"href":"https:\/\/beta.hymach.it\/de\/wp-json\/wp\/v2\/pages\/4663\/revisions"}],"predecessor-version":[{"id":11485,"href":"https:\/\/beta.hymach.it\/de\/wp-json\/wp\/v2\/pages\/4663\/revisions\/11485"}],"up":[{"embeddable":true,"href":"https:\/\/beta.hymach.it\/de\/wp-json\/wp\/v2\/pages\/4416"}],"wp:featuredmedia":[{"embeddable":true,"href":"https:\/\/beta.hymach.it\/de\/wp-json\/wp\/v2\/media\/3341"}],"wp:attachment":[{"href":"https:\/\/beta.hymach.it\/de\/wp-json\/wp\/v2\/media?parent=4663"}],"wp:term":[{"taxonomy":"category","embeddable":true,"href":"https:\/\/beta.hymach.it\/de\/wp-json\/wp\/v2\/categories?post=4663"},{"taxonomy":"sector","embeddable":true,"href":"https:\/\/beta.hymach.it\/de\/wp-json\/wp\/v2\/sector?post=4663"},{"taxonomy":"carrier","embeddable":true,"href":"https:\/\/beta.hymach.it\/de\/wp-json\/wp\/v2\/carrier?post=4663"},{"taxonomy":"cat-page","embeddable":true,"href":"https:\/\/beta.hymach.it\/de\/wp-json\/wp\/v2\/cat-page?post=4663"},{"taxonomy":"product-category","embeddable":true,"href":"https:\/\/beta.hymach.it\/de\/wp-json\/wp\/v2\/product-category?post=4663"}],"curies":[{"name":"wp","href":"https:\/\/api.w.org\/{rel}","templated":true}]}}