{"id":4673,"date":"2014-02-20T08:57:50","date_gmt":"2014-02-20T07:57:50","guid":{"rendered":"https:\/\/www.hymach.it\/produkte\/zubehoer-kopfteile-fuer-verschiedene-anwendungen\/sbanchinatrici\/"},"modified":"2025-02-14T15:00:25","modified_gmt":"2025-02-14T14:00:25","slug":"boeschungsmaeher","status":"publish","type":"page","link":"https:\/\/beta.hymach.it\/de\/zubehoer-kopfteile-fuer-verschiedene-anwendungen\/boeschungsmaeher\/","title":{"rendered":"B\u00f6schungsm\u00e4her"},"content":{"rendered":"\n<p><strong>Le<\/strong> <strong>sbanchinatrici <\/strong>di <strong>Hymach<\/strong>, sono <strong>delle macchine per la manutenzione e la cura del verde<\/strong>, che si distinguono per l\u2019apprezzabile <strong>larghezza di lavoro di 900 mm <\/strong>e per la conformazione delle palette che permettono di affrontare banchine con materiale sedimentato da tempo e con presenza di piccoli sassi e pietre, riportandole ad un livello inferiore a quello del manto stradale per consentire il normale deflusso delle acque piovane.<\/p>\n\n<p>Il rotore \u00e8 applicato a sbalzo e il lato esterno rimane completamente libero per far fuoriuscire il materiale raschiato ed evitare cos\u00ec accumuli all\u2019interno della testata.<\/p>\n","protected":false},"excerpt":{"rendered":"<p>Le sbanchinatrici di Hymach, sono delle macchine per la manutenzione e la cura del verde, che si distinguono per l\u2019apprezzabile larghezza di lavoro di 900 mm e per la conformazione delle palette che permettono di affrontare banchine con materiale sedimentato da tempo e con presenza di piccoli sassi e pietre, riportandole ad un livello inferiore [&hellip;]<\/p>\n","protected":false},"author":1,"featured_media":3333,"parent":4416,"menu_order":313,"comment_status":"open","ping_status":"closed","template":"","meta":{"_acf_changed":false,"footnotes":""},"categories":[],"sector":[],"carrier":[],"cat-page":[],"product-category":[131],"class_list":["post-4673","page","type-page","status-publish","has-post-thumbnail","hentry","product-category-werkzeuge-und-zubehoer-fuer-maeharmgeraete"],"acf":[],"yoast_head":"<!-- This site is optimized with the Yoast SEO plugin v27.5 - https:\/\/yoast.com\/product\/yoast-seo-wordpress\/ -->\n<title>B\u00f6schungsm\u00e4her - Hymach<\/title>\n<meta name=\"description\" content=\"Hymach-Sbanchinatrici: 900 cm Arbeitsbreite, ideal f\u00fcr Bankettpflege. Entfernt Sedimente &amp; Steine, verbessert den Wasserabfluss f\u00fcr sichere Stra\u00dfen.\" \/>\n<meta name=\"robots\" content=\"noindex, follow, max-snippet:-1, max-image-preview:large, max-video-preview:-1\" \/>\n<meta property=\"og:locale\" content=\"de_DE\" \/>\n<meta property=\"og:type\" content=\"article\" \/>\n<meta property=\"og:title\" content=\"B\u00f6schungsm\u00e4her - Hymach\" \/>\n<meta property=\"og:description\" content=\"Hymach-Sbanchinatrici: 900 cm Arbeitsbreite, ideal f\u00fcr Bankettpflege. Entfernt Sedimente &amp; Steine, verbessert den Wasserabfluss f\u00fcr sichere Stra\u00dfen.\" \/>\n<meta property=\"og:url\" content=\"https:\/\/beta.hymach.it\/de\/zubehoer-kopfteile-fuer-verschiedene-anwendungen\/boeschungsmaeher\/\" \/>\n<meta property=\"og:site_name\" content=\"Hymach\" \/>\n<meta property=\"article:modified_time\" content=\"2025-02-14T14:00:25+00:00\" \/>\n<meta property=\"og:image\" content=\"https:\/\/beta.hymach.it\/wp-content\/uploads\/2018\/05\/testate-utensili-Sbanchinatrice.jpg\" \/>\n\t<meta property=\"og:image:width\" content=\"500\" \/>\n\t<meta property=\"og:image:height\" content=\"396\" \/>\n\t<meta property=\"og:image:type\" content=\"image\/jpeg\" \/>\n<meta name=\"twitter:label1\" content=\"Est. reading time\" \/>\n\t<meta name=\"twitter:data1\" content=\"1 minute\" \/>\n<script type=\"application\/ld+json\" class=\"yoast-schema-graph\">{\"@context\":\"https:\\\/\\\/schema.org\",\"@graph\":[{\"@type\":\"WebPage\",\"@id\":\"https:\\\/\\\/beta.hymach.it\\\/de\\\/zubehoer-kopfteile-fuer-verschiedene-anwendungen\\\/boeschungsmaeher\\\/\",\"url\":\"https:\\\/\\\/beta.hymach.it\\\/de\\\/zubehoer-kopfteile-fuer-verschiedene-anwendungen\\\/boeschungsmaeher\\\/\",\"name\":\"B\u00f6schungsm\u00e4her - Hymach\",\"isPartOf\":{\"@id\":\"https:\\\/\\\/beta.hymach.it\\\/de\\\/#website\"},\"primaryImageOfPage\":{\"@id\":\"https:\\\/\\\/beta.hymach.it\\\/de\\\/zubehoer-kopfteile-fuer-verschiedene-anwendungen\\\/boeschungsmaeher\\\/#primaryimage\"},\"image\":{\"@id\":\"https:\\\/\\\/beta.hymach.it\\\/de\\\/zubehoer-kopfteile-fuer-verschiedene-anwendungen\\\/boeschungsmaeher\\\/#primaryimage\"},\"thumbnailUrl\":\"https:\\\/\\\/beta.hymach.it\\\/wp-content\\\/uploads\\\/2018\\\/05\\\/testate-utensili-Sbanchinatrice.jpg\",\"datePublished\":\"2014-02-20T07:57:50+00:00\",\"dateModified\":\"2025-02-14T14:00:25+00:00\",\"description\":\"Hymach-Sbanchinatrici: 900 cm Arbeitsbreite, ideal f\u00fcr Bankettpflege. Entfernt Sedimente & Steine, verbessert den Wasserabfluss f\u00fcr sichere Stra\u00dfen.\",\"breadcrumb\":{\"@id\":\"https:\\\/\\\/beta.hymach.it\\\/de\\\/zubehoer-kopfteile-fuer-verschiedene-anwendungen\\\/boeschungsmaeher\\\/#breadcrumb\"},\"inLanguage\":\"de-DE\",\"potentialAction\":[{\"@type\":\"ReadAction\",\"target\":[\"https:\\\/\\\/beta.hymach.it\\\/de\\\/zubehoer-kopfteile-fuer-verschiedene-anwendungen\\\/boeschungsmaeher\\\/\"]}]},{\"@type\":\"ImageObject\",\"inLanguage\":\"de-DE\",\"@id\":\"https:\\\/\\\/beta.hymach.it\\\/de\\\/zubehoer-kopfteile-fuer-verschiedene-anwendungen\\\/boeschungsmaeher\\\/#primaryimage\",\"url\":\"https:\\\/\\\/beta.hymach.it\\\/wp-content\\\/uploads\\\/2018\\\/05\\\/testate-utensili-Sbanchinatrice.jpg\",\"contentUrl\":\"https:\\\/\\\/beta.hymach.it\\\/wp-content\\\/uploads\\\/2018\\\/05\\\/testate-utensili-Sbanchinatrice.jpg\",\"width\":500,\"height\":396,\"caption\":\"sbanchinatrice\"},{\"@type\":\"BreadcrumbList\",\"@id\":\"https:\\\/\\\/beta.hymach.it\\\/de\\\/zubehoer-kopfteile-fuer-verschiedene-anwendungen\\\/boeschungsmaeher\\\/#breadcrumb\",\"itemListElement\":[{\"@type\":\"ListItem\",\"position\":1,\"name\":\"Home\",\"item\":\"https:\\\/\\\/beta.hymach.it\\\/de\\\/\"},{\"@type\":\"ListItem\",\"position\":2,\"name\":\"Produkte Hymach\",\"item\":\"https:\\\/\\\/beta.hymach.it\\\/de\\\/produkte\\\/\"},{\"@type\":\"ListItem\",\"position\":3,\"name\":\"Zubeh\u00f6r-Kopfteile f\u00fcr verschiedene Anwendungen\",\"item\":\"https:\\\/\\\/beta.hymach.it\\\/de\\\/produkte\\\/zubehoer-kopfteile-fuer-verschiedene-anwendungen\\\/\"},{\"@type\":\"ListItem\",\"position\":4,\"name\":\"B\u00f6schungsm\u00e4her\"}]},{\"@type\":\"WebSite\",\"@id\":\"https:\\\/\\\/beta.hymach.it\\\/de\\\/#website\",\"url\":\"https:\\\/\\\/beta.hymach.it\\\/de\\\/\",\"name\":\"Hymach\",\"description\":\"Macchine per la manutenzione professionale del verde, semoventi portattrezzi multiuso radiocomandati e macchine per il lavaggio di pannelli solari.\",\"publisher\":{\"@id\":\"https:\\\/\\\/beta.hymach.it\\\/de\\\/#organization\"},\"potentialAction\":[{\"@type\":\"SearchAction\",\"target\":{\"@type\":\"EntryPoint\",\"urlTemplate\":\"https:\\\/\\\/beta.hymach.it\\\/de\\\/?s={search_term_string}\"},\"query-input\":{\"@type\":\"PropertyValueSpecification\",\"valueRequired\":true,\"valueName\":\"search_term_string\"}}],\"inLanguage\":\"de-DE\"},{\"@type\":\"Organization\",\"@id\":\"https:\\\/\\\/beta.hymach.it\\\/de\\\/#organization\",\"name\":\"Hymach\",\"url\":\"https:\\\/\\\/beta.hymach.it\\\/de\\\/\",\"logo\":{\"@type\":\"ImageObject\",\"inLanguage\":\"de-DE\",\"@id\":\"https:\\\/\\\/beta.hymach.it\\\/de\\\/#\\\/schema\\\/logo\\\/image\\\/\",\"url\":\"https:\\\/\\\/beta.hymach.it\\\/wp-content\\\/uploads\\\/2024\\\/08\\\/hymach_logo_2026.svg\",\"contentUrl\":\"https:\\\/\\\/beta.hymach.it\\\/wp-content\\\/uploads\\\/2024\\\/08\\\/hymach_logo_2026.svg\",\"width\":777,\"height\":88,\"caption\":\"Hymach\"},\"image\":{\"@id\":\"https:\\\/\\\/beta.hymach.it\\\/de\\\/#\\\/schema\\\/logo\\\/image\\\/\"}}]}<\/script>\n<!-- \/ Yoast SEO plugin. -->","yoast_head_json":{"title":"B\u00f6schungsm\u00e4her - Hymach","description":"Hymach-Sbanchinatrici: 900 cm Arbeitsbreite, ideal f\u00fcr Bankettpflege. Entfernt Sedimente & Steine, verbessert den Wasserabfluss f\u00fcr sichere Stra\u00dfen.","robots":{"index":"noindex","follow":"follow","max-snippet":"max-snippet:-1","max-image-preview":"max-image-preview:large","max-video-preview":"max-video-preview:-1"},"og_locale":"de_DE","og_type":"article","og_title":"B\u00f6schungsm\u00e4her - Hymach","og_description":"Hymach-Sbanchinatrici: 900 cm Arbeitsbreite, ideal f\u00fcr Bankettpflege. Entfernt Sedimente & Steine, verbessert den Wasserabfluss f\u00fcr sichere Stra\u00dfen.","og_url":"https:\/\/beta.hymach.it\/de\/zubehoer-kopfteile-fuer-verschiedene-anwendungen\/boeschungsmaeher\/","og_site_name":"Hymach","article_modified_time":"2025-02-14T14:00:25+00:00","og_image":[{"width":500,"height":396,"url":"https:\/\/beta.hymach.it\/wp-content\/uploads\/2018\/05\/testate-utensili-Sbanchinatrice.jpg","type":"image\/jpeg"}],"twitter_misc":{"Est. reading time":"1 minute"},"schema":{"@context":"https:\/\/schema.org","@graph":[{"@type":"WebPage","@id":"https:\/\/beta.hymach.it\/de\/zubehoer-kopfteile-fuer-verschiedene-anwendungen\/boeschungsmaeher\/","url":"https:\/\/beta.hymach.it\/de\/zubehoer-kopfteile-fuer-verschiedene-anwendungen\/boeschungsmaeher\/","name":"B\u00f6schungsm\u00e4her - Hymach","isPartOf":{"@id":"https:\/\/beta.hymach.it\/de\/#website"},"primaryImageOfPage":{"@id":"https:\/\/beta.hymach.it\/de\/zubehoer-kopfteile-fuer-verschiedene-anwendungen\/boeschungsmaeher\/#primaryimage"},"image":{"@id":"https:\/\/beta.hymach.it\/de\/zubehoer-kopfteile-fuer-verschiedene-anwendungen\/boeschungsmaeher\/#primaryimage"},"thumbnailUrl":"https:\/\/beta.hymach.it\/wp-content\/uploads\/2018\/05\/testate-utensili-Sbanchinatrice.jpg","datePublished":"2014-02-20T07:57:50+00:00","dateModified":"2025-02-14T14:00:25+00:00","description":"Hymach-Sbanchinatrici: 900 cm Arbeitsbreite, ideal f\u00fcr Bankettpflege. Entfernt Sedimente & Steine, verbessert den Wasserabfluss f\u00fcr sichere Stra\u00dfen.","breadcrumb":{"@id":"https:\/\/beta.hymach.it\/de\/zubehoer-kopfteile-fuer-verschiedene-anwendungen\/boeschungsmaeher\/#breadcrumb"},"inLanguage":"de-DE","potentialAction":[{"@type":"ReadAction","target":["https:\/\/beta.hymach.it\/de\/zubehoer-kopfteile-fuer-verschiedene-anwendungen\/boeschungsmaeher\/"]}]},{"@type":"ImageObject","inLanguage":"de-DE","@id":"https:\/\/beta.hymach.it\/de\/zubehoer-kopfteile-fuer-verschiedene-anwendungen\/boeschungsmaeher\/#primaryimage","url":"https:\/\/beta.hymach.it\/wp-content\/uploads\/2018\/05\/testate-utensili-Sbanchinatrice.jpg","contentUrl":"https:\/\/beta.hymach.it\/wp-content\/uploads\/2018\/05\/testate-utensili-Sbanchinatrice.jpg","width":500,"height":396,"caption":"sbanchinatrice"},{"@type":"BreadcrumbList","@id":"https:\/\/beta.hymach.it\/de\/zubehoer-kopfteile-fuer-verschiedene-anwendungen\/boeschungsmaeher\/#breadcrumb","itemListElement":[{"@type":"ListItem","position":1,"name":"Home","item":"https:\/\/beta.hymach.it\/de\/"},{"@type":"ListItem","position":2,"name":"Produkte Hymach","item":"https:\/\/beta.hymach.it\/de\/produkte\/"},{"@type":"ListItem","position":3,"name":"Zubeh\u00f6r-Kopfteile f\u00fcr verschiedene Anwendungen","item":"https:\/\/beta.hymach.it\/de\/produkte\/zubehoer-kopfteile-fuer-verschiedene-anwendungen\/"},{"@type":"ListItem","position":4,"name":"B\u00f6schungsm\u00e4her"}]},{"@type":"WebSite","@id":"https:\/\/beta.hymach.it\/de\/#website","url":"https:\/\/beta.hymach.it\/de\/","name":"Hymach","description":"Macchine per la manutenzione professionale del verde, semoventi portattrezzi multiuso radiocomandati e macchine per il lavaggio di pannelli solari.","publisher":{"@id":"https:\/\/beta.hymach.it\/de\/#organization"},"potentialAction":[{"@type":"SearchAction","target":{"@type":"EntryPoint","urlTemplate":"https:\/\/beta.hymach.it\/de\/?s={search_term_string}"},"query-input":{"@type":"PropertyValueSpecification","valueRequired":true,"valueName":"search_term_string"}}],"inLanguage":"de-DE"},{"@type":"Organization","@id":"https:\/\/beta.hymach.it\/de\/#organization","name":"Hymach","url":"https:\/\/beta.hymach.it\/de\/","logo":{"@type":"ImageObject","inLanguage":"de-DE","@id":"https:\/\/beta.hymach.it\/de\/#\/schema\/logo\/image\/","url":"https:\/\/beta.hymach.it\/wp-content\/uploads\/2024\/08\/hymach_logo_2026.svg","contentUrl":"https:\/\/beta.hymach.it\/wp-content\/uploads\/2024\/08\/hymach_logo_2026.svg","width":777,"height":88,"caption":"Hymach"},"image":{"@id":"https:\/\/beta.hymach.it\/de\/#\/schema\/logo\/image\/"}}]}},"_links":{"self":[{"href":"https:\/\/beta.hymach.it\/de\/wp-json\/wp\/v2\/pages\/4673","targetHints":{"allow":["GET"]}}],"collection":[{"href":"https:\/\/beta.hymach.it\/de\/wp-json\/wp\/v2\/pages"}],"about":[{"href":"https:\/\/beta.hymach.it\/de\/wp-json\/wp\/v2\/types\/page"}],"author":[{"embeddable":true,"href":"https:\/\/beta.hymach.it\/de\/wp-json\/wp\/v2\/users\/1"}],"replies":[{"embeddable":true,"href":"https:\/\/beta.hymach.it\/de\/wp-json\/wp\/v2\/comments?post=4673"}],"version-history":[{"count":4,"href":"https:\/\/beta.hymach.it\/de\/wp-json\/wp\/v2\/pages\/4673\/revisions"}],"predecessor-version":[{"id":11482,"href":"https:\/\/beta.hymach.it\/de\/wp-json\/wp\/v2\/pages\/4673\/revisions\/11482"}],"up":[{"embeddable":true,"href":"https:\/\/beta.hymach.it\/de\/wp-json\/wp\/v2\/pages\/4416"}],"wp:featuredmedia":[{"embeddable":true,"href":"https:\/\/beta.hymach.it\/de\/wp-json\/wp\/v2\/media\/3333"}],"wp:attachment":[{"href":"https:\/\/beta.hymach.it\/de\/wp-json\/wp\/v2\/media?parent=4673"}],"wp:term":[{"taxonomy":"category","embeddable":true,"href":"https:\/\/beta.hymach.it\/de\/wp-json\/wp\/v2\/categories?post=4673"},{"taxonomy":"sector","embeddable":true,"href":"https:\/\/beta.hymach.it\/de\/wp-json\/wp\/v2\/sector?post=4673"},{"taxonomy":"carrier","embeddable":true,"href":"https:\/\/beta.hymach.it\/de\/wp-json\/wp\/v2\/carrier?post=4673"},{"taxonomy":"cat-page","embeddable":true,"href":"https:\/\/beta.hymach.it\/de\/wp-json\/wp\/v2\/cat-page?post=4673"},{"taxonomy":"product-category","embeddable":true,"href":"https:\/\/beta.hymach.it\/de\/wp-json\/wp\/v2\/product-category?post=4673"}],"curies":[{"name":"wp","href":"https:\/\/api.w.org\/{rel}","templated":true}]}}