{"id":4681,"date":"2014-02-19T09:02:03","date_gmt":"2014-02-19T08:02:03","guid":{"rendered":"https:\/\/www.hymach.it\/produkte\/zubehoer-kopfteile-fuer-verschiedene-anwendungen\/rotofossi\/"},"modified":"2025-02-14T14:55:36","modified_gmt":"2025-02-14T13:55:36","slug":"rotor-grabensohlenfraesen","status":"publish","type":"page","link":"https:\/\/beta.hymach.it\/de\/zubehoer-kopfteile-fuer-verschiedene-anwendungen\/rotor-grabensohlenfraesen\/","title":{"rendered":"Rotor-Grabensohlenfr\u00e4sen"},"content":{"rendered":"\n<p>Grazie al rotore a 6 palette, i <strong>rotofossi <\/strong>di<strong> Hymach<\/strong> sono delle <strong>macchine per la manutenzione e la cura del verde<\/strong>, in grado di asportare il materiale sedimentato nei fossi pulendone il fondo per riportarlo alla profondit\u00e0 originale. <\/p>\n\n<p><br\/>Il materiale asportato viene depositato sulla sponda del fosso stesso grazie al carter direzionale regolabile.<\/p>\n","protected":false},"excerpt":{"rendered":"<p>Grazie al rotore a 6 palette, i rotofossi di Hymach sono delle macchine per la manutenzione e la cura del verde, in grado di asportare il materiale sedimentato nei fossi pulendone il fondo per riportarlo alla profondit\u00e0 originale. Il materiale asportato viene depositato sulla sponda del fosso stesso grazie al carter direzionale regolabile.<\/p>\n","protected":false},"author":1,"featured_media":3329,"parent":4416,"menu_order":307,"comment_status":"open","ping_status":"closed","template":"","meta":{"_acf_changed":false,"footnotes":""},"categories":[],"sector":[],"carrier":[],"cat-page":[],"product-category":[131],"class_list":["post-4681","page","type-page","status-publish","has-post-thumbnail","hentry","product-category-werkzeuge-und-zubehoer-fuer-maeharmgeraete"],"acf":[],"yoast_head":"<!-- This site is optimized with the Yoast SEO plugin v27.5 - https:\/\/yoast.com\/product\/yoast-seo-wordpress\/ -->\n<title>Rotor-Grabensohlenfr\u00e4sen - Hymach<\/title>\n<meta name=\"description\" content=\"Hymach-Rotofr\u00e4sen f\u00fcr Grabenreinigung: Entfernt Sedimente effizient mit 6-Schaufel-Rotor &amp; verstellbarem Auswurf. Pr\u00e4zise, zuverl\u00e4ssig &amp; umweltfreundlich.\" \/>\n<meta name=\"robots\" content=\"noindex, follow, max-snippet:-1, max-image-preview:large, max-video-preview:-1\" \/>\n<meta property=\"og:locale\" content=\"de_DE\" \/>\n<meta property=\"og:type\" content=\"article\" \/>\n<meta property=\"og:title\" content=\"Rotor-Grabensohlenfr\u00e4sen - Hymach\" \/>\n<meta property=\"og:description\" content=\"Hymach-Rotofr\u00e4sen f\u00fcr Grabenreinigung: Entfernt Sedimente effizient mit 6-Schaufel-Rotor &amp; verstellbarem Auswurf. Pr\u00e4zise, zuverl\u00e4ssig &amp; umweltfreundlich.\" \/>\n<meta property=\"og:url\" content=\"https:\/\/beta.hymach.it\/de\/zubehoer-kopfteile-fuer-verschiedene-anwendungen\/rotor-grabensohlenfraesen\/\" \/>\n<meta property=\"og:site_name\" content=\"Hymach\" \/>\n<meta property=\"article:modified_time\" content=\"2025-02-14T13:55:36+00:00\" \/>\n<meta property=\"og:image\" content=\"https:\/\/beta.hymach.it\/wp-content\/uploads\/2018\/05\/testate-utensili-Rotofossi.jpg\" \/>\n\t<meta property=\"og:image:width\" content=\"500\" \/>\n\t<meta property=\"og:image:height\" content=\"418\" \/>\n\t<meta property=\"og:image:type\" content=\"image\/jpeg\" \/>\n<meta name=\"twitter:label1\" content=\"Est. reading time\" \/>\n\t<meta name=\"twitter:data1\" content=\"1 minute\" \/>\n<script type=\"application\/ld+json\" class=\"yoast-schema-graph\">{\"@context\":\"https:\\\/\\\/schema.org\",\"@graph\":[{\"@type\":\"WebPage\",\"@id\":\"https:\\\/\\\/beta.hymach.it\\\/de\\\/zubehoer-kopfteile-fuer-verschiedene-anwendungen\\\/rotor-grabensohlenfraesen\\\/\",\"url\":\"https:\\\/\\\/beta.hymach.it\\\/de\\\/zubehoer-kopfteile-fuer-verschiedene-anwendungen\\\/rotor-grabensohlenfraesen\\\/\",\"name\":\"Rotor-Grabensohlenfr\u00e4sen - Hymach\",\"isPartOf\":{\"@id\":\"https:\\\/\\\/beta.hymach.it\\\/de\\\/#website\"},\"primaryImageOfPage\":{\"@id\":\"https:\\\/\\\/beta.hymach.it\\\/de\\\/zubehoer-kopfteile-fuer-verschiedene-anwendungen\\\/rotor-grabensohlenfraesen\\\/#primaryimage\"},\"image\":{\"@id\":\"https:\\\/\\\/beta.hymach.it\\\/de\\\/zubehoer-kopfteile-fuer-verschiedene-anwendungen\\\/rotor-grabensohlenfraesen\\\/#primaryimage\"},\"thumbnailUrl\":\"https:\\\/\\\/beta.hymach.it\\\/wp-content\\\/uploads\\\/2018\\\/05\\\/testate-utensili-Rotofossi.jpg\",\"datePublished\":\"2014-02-19T08:02:03+00:00\",\"dateModified\":\"2025-02-14T13:55:36+00:00\",\"description\":\"Hymach-Rotofr\u00e4sen f\u00fcr Grabenreinigung: Entfernt Sedimente effizient mit 6-Schaufel-Rotor & verstellbarem Auswurf. Pr\u00e4zise, zuverl\u00e4ssig & umweltfreundlich.\",\"breadcrumb\":{\"@id\":\"https:\\\/\\\/beta.hymach.it\\\/de\\\/zubehoer-kopfteile-fuer-verschiedene-anwendungen\\\/rotor-grabensohlenfraesen\\\/#breadcrumb\"},\"inLanguage\":\"de-DE\",\"potentialAction\":[{\"@type\":\"ReadAction\",\"target\":[\"https:\\\/\\\/beta.hymach.it\\\/de\\\/zubehoer-kopfteile-fuer-verschiedene-anwendungen\\\/rotor-grabensohlenfraesen\\\/\"]}]},{\"@type\":\"ImageObject\",\"inLanguage\":\"de-DE\",\"@id\":\"https:\\\/\\\/beta.hymach.it\\\/de\\\/zubehoer-kopfteile-fuer-verschiedene-anwendungen\\\/rotor-grabensohlenfraesen\\\/#primaryimage\",\"url\":\"https:\\\/\\\/beta.hymach.it\\\/wp-content\\\/uploads\\\/2018\\\/05\\\/testate-utensili-Rotofossi.jpg\",\"contentUrl\":\"https:\\\/\\\/beta.hymach.it\\\/wp-content\\\/uploads\\\/2018\\\/05\\\/testate-utensili-Rotofossi.jpg\",\"width\":500,\"height\":418},{\"@type\":\"BreadcrumbList\",\"@id\":\"https:\\\/\\\/beta.hymach.it\\\/de\\\/zubehoer-kopfteile-fuer-verschiedene-anwendungen\\\/rotor-grabensohlenfraesen\\\/#breadcrumb\",\"itemListElement\":[{\"@type\":\"ListItem\",\"position\":1,\"name\":\"Home\",\"item\":\"https:\\\/\\\/beta.hymach.it\\\/de\\\/\"},{\"@type\":\"ListItem\",\"position\":2,\"name\":\"Produkte Hymach\",\"item\":\"https:\\\/\\\/beta.hymach.it\\\/de\\\/produkte\\\/\"},{\"@type\":\"ListItem\",\"position\":3,\"name\":\"Zubeh\u00f6r-Kopfteile f\u00fcr verschiedene Anwendungen\",\"item\":\"https:\\\/\\\/beta.hymach.it\\\/de\\\/produkte\\\/zubehoer-kopfteile-fuer-verschiedene-anwendungen\\\/\"},{\"@type\":\"ListItem\",\"position\":4,\"name\":\"Rotor-Grabensohlenfr\u00e4sen\"}]},{\"@type\":\"WebSite\",\"@id\":\"https:\\\/\\\/beta.hymach.it\\\/de\\\/#website\",\"url\":\"https:\\\/\\\/beta.hymach.it\\\/de\\\/\",\"name\":\"Hymach\",\"description\":\"Macchine per la manutenzione professionale del verde, semoventi portattrezzi multiuso radiocomandati e macchine per il lavaggio di pannelli solari.\",\"publisher\":{\"@id\":\"https:\\\/\\\/beta.hymach.it\\\/de\\\/#organization\"},\"potentialAction\":[{\"@type\":\"SearchAction\",\"target\":{\"@type\":\"EntryPoint\",\"urlTemplate\":\"https:\\\/\\\/beta.hymach.it\\\/de\\\/?s={search_term_string}\"},\"query-input\":{\"@type\":\"PropertyValueSpecification\",\"valueRequired\":true,\"valueName\":\"search_term_string\"}}],\"inLanguage\":\"de-DE\"},{\"@type\":\"Organization\",\"@id\":\"https:\\\/\\\/beta.hymach.it\\\/de\\\/#organization\",\"name\":\"Hymach\",\"url\":\"https:\\\/\\\/beta.hymach.it\\\/de\\\/\",\"logo\":{\"@type\":\"ImageObject\",\"inLanguage\":\"de-DE\",\"@id\":\"https:\\\/\\\/beta.hymach.it\\\/de\\\/#\\\/schema\\\/logo\\\/image\\\/\",\"url\":\"https:\\\/\\\/beta.hymach.it\\\/wp-content\\\/uploads\\\/2024\\\/08\\\/hymach_logo_2026.svg\",\"contentUrl\":\"https:\\\/\\\/beta.hymach.it\\\/wp-content\\\/uploads\\\/2024\\\/08\\\/hymach_logo_2026.svg\",\"width\":777,\"height\":88,\"caption\":\"Hymach\"},\"image\":{\"@id\":\"https:\\\/\\\/beta.hymach.it\\\/de\\\/#\\\/schema\\\/logo\\\/image\\\/\"}}]}<\/script>\n<!-- \/ Yoast SEO plugin. -->","yoast_head_json":{"title":"Rotor-Grabensohlenfr\u00e4sen - Hymach","description":"Hymach-Rotofr\u00e4sen f\u00fcr Grabenreinigung: Entfernt Sedimente effizient mit 6-Schaufel-Rotor & verstellbarem Auswurf. Pr\u00e4zise, zuverl\u00e4ssig & umweltfreundlich.","robots":{"index":"noindex","follow":"follow","max-snippet":"max-snippet:-1","max-image-preview":"max-image-preview:large","max-video-preview":"max-video-preview:-1"},"og_locale":"de_DE","og_type":"article","og_title":"Rotor-Grabensohlenfr\u00e4sen - Hymach","og_description":"Hymach-Rotofr\u00e4sen f\u00fcr Grabenreinigung: Entfernt Sedimente effizient mit 6-Schaufel-Rotor & verstellbarem Auswurf. Pr\u00e4zise, zuverl\u00e4ssig & umweltfreundlich.","og_url":"https:\/\/beta.hymach.it\/de\/zubehoer-kopfteile-fuer-verschiedene-anwendungen\/rotor-grabensohlenfraesen\/","og_site_name":"Hymach","article_modified_time":"2025-02-14T13:55:36+00:00","og_image":[{"width":500,"height":418,"url":"https:\/\/beta.hymach.it\/wp-content\/uploads\/2018\/05\/testate-utensili-Rotofossi.jpg","type":"image\/jpeg"}],"twitter_misc":{"Est. reading time":"1 minute"},"schema":{"@context":"https:\/\/schema.org","@graph":[{"@type":"WebPage","@id":"https:\/\/beta.hymach.it\/de\/zubehoer-kopfteile-fuer-verschiedene-anwendungen\/rotor-grabensohlenfraesen\/","url":"https:\/\/beta.hymach.it\/de\/zubehoer-kopfteile-fuer-verschiedene-anwendungen\/rotor-grabensohlenfraesen\/","name":"Rotor-Grabensohlenfr\u00e4sen - Hymach","isPartOf":{"@id":"https:\/\/beta.hymach.it\/de\/#website"},"primaryImageOfPage":{"@id":"https:\/\/beta.hymach.it\/de\/zubehoer-kopfteile-fuer-verschiedene-anwendungen\/rotor-grabensohlenfraesen\/#primaryimage"},"image":{"@id":"https:\/\/beta.hymach.it\/de\/zubehoer-kopfteile-fuer-verschiedene-anwendungen\/rotor-grabensohlenfraesen\/#primaryimage"},"thumbnailUrl":"https:\/\/beta.hymach.it\/wp-content\/uploads\/2018\/05\/testate-utensili-Rotofossi.jpg","datePublished":"2014-02-19T08:02:03+00:00","dateModified":"2025-02-14T13:55:36+00:00","description":"Hymach-Rotofr\u00e4sen f\u00fcr Grabenreinigung: Entfernt Sedimente effizient mit 6-Schaufel-Rotor & verstellbarem Auswurf. Pr\u00e4zise, zuverl\u00e4ssig & umweltfreundlich.","breadcrumb":{"@id":"https:\/\/beta.hymach.it\/de\/zubehoer-kopfteile-fuer-verschiedene-anwendungen\/rotor-grabensohlenfraesen\/#breadcrumb"},"inLanguage":"de-DE","potentialAction":[{"@type":"ReadAction","target":["https:\/\/beta.hymach.it\/de\/zubehoer-kopfteile-fuer-verschiedene-anwendungen\/rotor-grabensohlenfraesen\/"]}]},{"@type":"ImageObject","inLanguage":"de-DE","@id":"https:\/\/beta.hymach.it\/de\/zubehoer-kopfteile-fuer-verschiedene-anwendungen\/rotor-grabensohlenfraesen\/#primaryimage","url":"https:\/\/beta.hymach.it\/wp-content\/uploads\/2018\/05\/testate-utensili-Rotofossi.jpg","contentUrl":"https:\/\/beta.hymach.it\/wp-content\/uploads\/2018\/05\/testate-utensili-Rotofossi.jpg","width":500,"height":418},{"@type":"BreadcrumbList","@id":"https:\/\/beta.hymach.it\/de\/zubehoer-kopfteile-fuer-verschiedene-anwendungen\/rotor-grabensohlenfraesen\/#breadcrumb","itemListElement":[{"@type":"ListItem","position":1,"name":"Home","item":"https:\/\/beta.hymach.it\/de\/"},{"@type":"ListItem","position":2,"name":"Produkte Hymach","item":"https:\/\/beta.hymach.it\/de\/produkte\/"},{"@type":"ListItem","position":3,"name":"Zubeh\u00f6r-Kopfteile f\u00fcr verschiedene Anwendungen","item":"https:\/\/beta.hymach.it\/de\/produkte\/zubehoer-kopfteile-fuer-verschiedene-anwendungen\/"},{"@type":"ListItem","position":4,"name":"Rotor-Grabensohlenfr\u00e4sen"}]},{"@type":"WebSite","@id":"https:\/\/beta.hymach.it\/de\/#website","url":"https:\/\/beta.hymach.it\/de\/","name":"Hymach","description":"Macchine per la manutenzione professionale del verde, semoventi portattrezzi multiuso radiocomandati e macchine per il lavaggio di pannelli solari.","publisher":{"@id":"https:\/\/beta.hymach.it\/de\/#organization"},"potentialAction":[{"@type":"SearchAction","target":{"@type":"EntryPoint","urlTemplate":"https:\/\/beta.hymach.it\/de\/?s={search_term_string}"},"query-input":{"@type":"PropertyValueSpecification","valueRequired":true,"valueName":"search_term_string"}}],"inLanguage":"de-DE"},{"@type":"Organization","@id":"https:\/\/beta.hymach.it\/de\/#organization","name":"Hymach","url":"https:\/\/beta.hymach.it\/de\/","logo":{"@type":"ImageObject","inLanguage":"de-DE","@id":"https:\/\/beta.hymach.it\/de\/#\/schema\/logo\/image\/","url":"https:\/\/beta.hymach.it\/wp-content\/uploads\/2024\/08\/hymach_logo_2026.svg","contentUrl":"https:\/\/beta.hymach.it\/wp-content\/uploads\/2024\/08\/hymach_logo_2026.svg","width":777,"height":88,"caption":"Hymach"},"image":{"@id":"https:\/\/beta.hymach.it\/de\/#\/schema\/logo\/image\/"}}]}},"_links":{"self":[{"href":"https:\/\/beta.hymach.it\/de\/wp-json\/wp\/v2\/pages\/4681","targetHints":{"allow":["GET"]}}],"collection":[{"href":"https:\/\/beta.hymach.it\/de\/wp-json\/wp\/v2\/pages"}],"about":[{"href":"https:\/\/beta.hymach.it\/de\/wp-json\/wp\/v2\/types\/page"}],"author":[{"embeddable":true,"href":"https:\/\/beta.hymach.it\/de\/wp-json\/wp\/v2\/users\/1"}],"replies":[{"embeddable":true,"href":"https:\/\/beta.hymach.it\/de\/wp-json\/wp\/v2\/comments?post=4681"}],"version-history":[{"count":3,"href":"https:\/\/beta.hymach.it\/de\/wp-json\/wp\/v2\/pages\/4681\/revisions"}],"predecessor-version":[{"id":11478,"href":"https:\/\/beta.hymach.it\/de\/wp-json\/wp\/v2\/pages\/4681\/revisions\/11478"}],"up":[{"embeddable":true,"href":"https:\/\/beta.hymach.it\/de\/wp-json\/wp\/v2\/pages\/4416"}],"wp:featuredmedia":[{"embeddable":true,"href":"https:\/\/beta.hymach.it\/de\/wp-json\/wp\/v2\/media\/3329"}],"wp:attachment":[{"href":"https:\/\/beta.hymach.it\/de\/wp-json\/wp\/v2\/media?parent=4681"}],"wp:term":[{"taxonomy":"category","embeddable":true,"href":"https:\/\/beta.hymach.it\/de\/wp-json\/wp\/v2\/categories?post=4681"},{"taxonomy":"sector","embeddable":true,"href":"https:\/\/beta.hymach.it\/de\/wp-json\/wp\/v2\/sector?post=4681"},{"taxonomy":"carrier","embeddable":true,"href":"https:\/\/beta.hymach.it\/de\/wp-json\/wp\/v2\/carrier?post=4681"},{"taxonomy":"cat-page","embeddable":true,"href":"https:\/\/beta.hymach.it\/de\/wp-json\/wp\/v2\/cat-page?post=4681"},{"taxonomy":"product-category","embeddable":true,"href":"https:\/\/beta.hymach.it\/de\/wp-json\/wp\/v2\/product-category?post=4681"}],"curies":[{"name":"wp","href":"https:\/\/api.w.org\/{rel}","templated":true}]}}