{"id":4696,"date":"2014-02-16T09:04:36","date_gmt":"2014-02-16T08:04:36","guid":{"rendered":"https:\/\/www.hymach.it\/produkte\/zubehoer-kopfteile-fuer-verschiedene-anwendungen\/falciatrici-a-pettine\/"},"modified":"2025-02-14T14:37:48","modified_gmt":"2025-02-14T13:37:48","slug":"maeher-mit-kammaehnlichen-messern","status":"publish","type":"page","link":"https:\/\/beta.hymach.it\/de\/zubehoer-kopfteile-fuer-verschiedene-anwendungen\/maeher-mit-kammaehnlichen-messern\/","title":{"rendered":"M\u00e4her mit kamm\u00e4hnlichen Messern"},"content":{"rendered":"\n<p><strong>Le falciatrici a pettine Hymach, <\/strong>sono <strong>delle macchine per la manutenzione e la cura del verde<\/strong>, ideali per la fienagione e la manutenzione di siepi sono adatte al taglio di arbusti con rami <strong>fino al diametro 2,5 cm<\/strong> e possono essere applicate su qualsiasi attrezzatura a braccio articolato. <\/p>\n\n<p>L\u2019elemento falciante \u00e8 costituito da due lame a pettine a movimento alternato. <\/p>\n\n<p>Sono disponibili con lunghezza di <strong>1200, 1400 e 2000 mm.<\/strong><\/p>\n","protected":false},"excerpt":{"rendered":"<p>Le falciatrici a pettine Hymach, sono delle macchine per la manutenzione e la cura del verde, ideali per la fienagione e la manutenzione di siepi sono adatte al taglio di arbusti con rami fino al diametro 2,5 cm e possono essere applicate su qualsiasi attrezzatura a braccio articolato. L\u2019elemento falciante \u00e8 costituito da due lame [&hellip;]<\/p>\n","protected":false},"author":1,"featured_media":3325,"parent":4416,"menu_order":301,"comment_status":"open","ping_status":"closed","template":"","meta":{"_acf_changed":false,"footnotes":""},"categories":[],"sector":[],"carrier":[],"cat-page":[],"product-category":[131],"class_list":["post-4696","page","type-page","status-publish","has-post-thumbnail","hentry","product-category-werkzeuge-und-zubehoer-fuer-maeharmgeraete"],"acf":[],"yoast_head":"<!-- This site is optimized with the Yoast SEO plugin v27.5 - https:\/\/yoast.com\/product\/yoast-seo-wordpress\/ -->\n<title>M\u00e4her mit kamm\u00e4hnlichen Messern - Hymach<\/title>\n<meta name=\"description\" content=\"Pr\u00e4zise Hymach-Kamm-M\u00e4her f\u00fcr Heuwerbung &amp; Heckenschnitt. Schneidet \u00c4ste bis 2,5 cm, kompatibel mit Gelenkauslegern. Effizient &amp; vielseitig.\" \/>\n<meta name=\"robots\" content=\"noindex, follow, max-snippet:-1, max-image-preview:large, max-video-preview:-1\" \/>\n<meta property=\"og:locale\" content=\"de_DE\" \/>\n<meta property=\"og:type\" content=\"article\" \/>\n<meta property=\"og:title\" content=\"M\u00e4her mit kamm\u00e4hnlichen Messern - Hymach\" \/>\n<meta property=\"og:description\" content=\"Pr\u00e4zise Hymach-Kamm-M\u00e4her f\u00fcr Heuwerbung &amp; Heckenschnitt. Schneidet \u00c4ste bis 2,5 cm, kompatibel mit Gelenkauslegern. Effizient &amp; vielseitig.\" \/>\n<meta property=\"og:url\" content=\"https:\/\/beta.hymach.it\/de\/zubehoer-kopfteile-fuer-verschiedene-anwendungen\/maeher-mit-kammaehnlichen-messern\/\" \/>\n<meta property=\"og:site_name\" content=\"Hymach\" \/>\n<meta property=\"article:modified_time\" content=\"2025-02-14T13:37:48+00:00\" \/>\n<meta property=\"og:image\" content=\"https:\/\/beta.hymach.it\/wp-content\/uploads\/2018\/05\/testate-utensili-Falciatrici.jpg\" \/>\n\t<meta property=\"og:image:width\" content=\"500\" \/>\n\t<meta property=\"og:image:height\" content=\"272\" \/>\n\t<meta property=\"og:image:type\" content=\"image\/jpeg\" \/>\n<meta name=\"twitter:label1\" content=\"Est. reading time\" \/>\n\t<meta name=\"twitter:data1\" content=\"1 minute\" \/>\n<script type=\"application\/ld+json\" class=\"yoast-schema-graph\">{\"@context\":\"https:\\\/\\\/schema.org\",\"@graph\":[{\"@type\":\"WebPage\",\"@id\":\"https:\\\/\\\/beta.hymach.it\\\/de\\\/zubehoer-kopfteile-fuer-verschiedene-anwendungen\\\/maeher-mit-kammaehnlichen-messern\\\/\",\"url\":\"https:\\\/\\\/beta.hymach.it\\\/de\\\/zubehoer-kopfteile-fuer-verschiedene-anwendungen\\\/maeher-mit-kammaehnlichen-messern\\\/\",\"name\":\"M\u00e4her mit kamm\u00e4hnlichen Messern - Hymach\",\"isPartOf\":{\"@id\":\"https:\\\/\\\/beta.hymach.it\\\/de\\\/#website\"},\"primaryImageOfPage\":{\"@id\":\"https:\\\/\\\/beta.hymach.it\\\/de\\\/zubehoer-kopfteile-fuer-verschiedene-anwendungen\\\/maeher-mit-kammaehnlichen-messern\\\/#primaryimage\"},\"image\":{\"@id\":\"https:\\\/\\\/beta.hymach.it\\\/de\\\/zubehoer-kopfteile-fuer-verschiedene-anwendungen\\\/maeher-mit-kammaehnlichen-messern\\\/#primaryimage\"},\"thumbnailUrl\":\"https:\\\/\\\/beta.hymach.it\\\/wp-content\\\/uploads\\\/2018\\\/05\\\/testate-utensili-Falciatrici.jpg\",\"datePublished\":\"2014-02-16T08:04:36+00:00\",\"dateModified\":\"2025-02-14T13:37:48+00:00\",\"description\":\"Pr\u00e4zise Hymach-Kamm-M\u00e4her f\u00fcr Heuwerbung & Heckenschnitt. Schneidet \u00c4ste bis 2,5 cm, kompatibel mit Gelenkauslegern. Effizient & vielseitig.\",\"breadcrumb\":{\"@id\":\"https:\\\/\\\/beta.hymach.it\\\/de\\\/zubehoer-kopfteile-fuer-verschiedene-anwendungen\\\/maeher-mit-kammaehnlichen-messern\\\/#breadcrumb\"},\"inLanguage\":\"de-DE\",\"potentialAction\":[{\"@type\":\"ReadAction\",\"target\":[\"https:\\\/\\\/beta.hymach.it\\\/de\\\/zubehoer-kopfteile-fuer-verschiedene-anwendungen\\\/maeher-mit-kammaehnlichen-messern\\\/\"]}]},{\"@type\":\"ImageObject\",\"inLanguage\":\"de-DE\",\"@id\":\"https:\\\/\\\/beta.hymach.it\\\/de\\\/zubehoer-kopfteile-fuer-verschiedene-anwendungen\\\/maeher-mit-kammaehnlichen-messern\\\/#primaryimage\",\"url\":\"https:\\\/\\\/beta.hymach.it\\\/wp-content\\\/uploads\\\/2018\\\/05\\\/testate-utensili-Falciatrici.jpg\",\"contentUrl\":\"https:\\\/\\\/beta.hymach.it\\\/wp-content\\\/uploads\\\/2018\\\/05\\\/testate-utensili-Falciatrici.jpg\",\"width\":500,\"height\":272},{\"@type\":\"BreadcrumbList\",\"@id\":\"https:\\\/\\\/beta.hymach.it\\\/de\\\/zubehoer-kopfteile-fuer-verschiedene-anwendungen\\\/maeher-mit-kammaehnlichen-messern\\\/#breadcrumb\",\"itemListElement\":[{\"@type\":\"ListItem\",\"position\":1,\"name\":\"Home\",\"item\":\"https:\\\/\\\/beta.hymach.it\\\/de\\\/\"},{\"@type\":\"ListItem\",\"position\":2,\"name\":\"Produkte Hymach\",\"item\":\"https:\\\/\\\/beta.hymach.it\\\/de\\\/produkte\\\/\"},{\"@type\":\"ListItem\",\"position\":3,\"name\":\"Zubeh\u00f6r-Kopfteile f\u00fcr verschiedene Anwendungen\",\"item\":\"https:\\\/\\\/beta.hymach.it\\\/de\\\/produkte\\\/zubehoer-kopfteile-fuer-verschiedene-anwendungen\\\/\"},{\"@type\":\"ListItem\",\"position\":4,\"name\":\"M\u00e4her mit kamm\u00e4hnlichen Messern\"}]},{\"@type\":\"WebSite\",\"@id\":\"https:\\\/\\\/beta.hymach.it\\\/de\\\/#website\",\"url\":\"https:\\\/\\\/beta.hymach.it\\\/de\\\/\",\"name\":\"Hymach\",\"description\":\"Macchine per la manutenzione professionale del verde, semoventi portattrezzi multiuso radiocomandati e macchine per il lavaggio di pannelli solari.\",\"publisher\":{\"@id\":\"https:\\\/\\\/beta.hymach.it\\\/de\\\/#organization\"},\"potentialAction\":[{\"@type\":\"SearchAction\",\"target\":{\"@type\":\"EntryPoint\",\"urlTemplate\":\"https:\\\/\\\/beta.hymach.it\\\/de\\\/?s={search_term_string}\"},\"query-input\":{\"@type\":\"PropertyValueSpecification\",\"valueRequired\":true,\"valueName\":\"search_term_string\"}}],\"inLanguage\":\"de-DE\"},{\"@type\":\"Organization\",\"@id\":\"https:\\\/\\\/beta.hymach.it\\\/de\\\/#organization\",\"name\":\"Hymach\",\"url\":\"https:\\\/\\\/beta.hymach.it\\\/de\\\/\",\"logo\":{\"@type\":\"ImageObject\",\"inLanguage\":\"de-DE\",\"@id\":\"https:\\\/\\\/beta.hymach.it\\\/de\\\/#\\\/schema\\\/logo\\\/image\\\/\",\"url\":\"https:\\\/\\\/beta.hymach.it\\\/wp-content\\\/uploads\\\/2024\\\/08\\\/hymach_logo_2026.svg\",\"contentUrl\":\"https:\\\/\\\/beta.hymach.it\\\/wp-content\\\/uploads\\\/2024\\\/08\\\/hymach_logo_2026.svg\",\"width\":777,\"height\":88,\"caption\":\"Hymach\"},\"image\":{\"@id\":\"https:\\\/\\\/beta.hymach.it\\\/de\\\/#\\\/schema\\\/logo\\\/image\\\/\"}}]}<\/script>\n<!-- \/ Yoast SEO plugin. -->","yoast_head_json":{"title":"M\u00e4her mit kamm\u00e4hnlichen Messern - Hymach","description":"Pr\u00e4zise Hymach-Kamm-M\u00e4her f\u00fcr Heuwerbung & Heckenschnitt. Schneidet \u00c4ste bis 2,5 cm, kompatibel mit Gelenkauslegern. Effizient & vielseitig.","robots":{"index":"noindex","follow":"follow","max-snippet":"max-snippet:-1","max-image-preview":"max-image-preview:large","max-video-preview":"max-video-preview:-1"},"og_locale":"de_DE","og_type":"article","og_title":"M\u00e4her mit kamm\u00e4hnlichen Messern - Hymach","og_description":"Pr\u00e4zise Hymach-Kamm-M\u00e4her f\u00fcr Heuwerbung & Heckenschnitt. Schneidet \u00c4ste bis 2,5 cm, kompatibel mit Gelenkauslegern. Effizient & vielseitig.","og_url":"https:\/\/beta.hymach.it\/de\/zubehoer-kopfteile-fuer-verschiedene-anwendungen\/maeher-mit-kammaehnlichen-messern\/","og_site_name":"Hymach","article_modified_time":"2025-02-14T13:37:48+00:00","og_image":[{"width":500,"height":272,"url":"https:\/\/beta.hymach.it\/wp-content\/uploads\/2018\/05\/testate-utensili-Falciatrici.jpg","type":"image\/jpeg"}],"twitter_misc":{"Est. reading time":"1 minute"},"schema":{"@context":"https:\/\/schema.org","@graph":[{"@type":"WebPage","@id":"https:\/\/beta.hymach.it\/de\/zubehoer-kopfteile-fuer-verschiedene-anwendungen\/maeher-mit-kammaehnlichen-messern\/","url":"https:\/\/beta.hymach.it\/de\/zubehoer-kopfteile-fuer-verschiedene-anwendungen\/maeher-mit-kammaehnlichen-messern\/","name":"M\u00e4her mit kamm\u00e4hnlichen Messern - Hymach","isPartOf":{"@id":"https:\/\/beta.hymach.it\/de\/#website"},"primaryImageOfPage":{"@id":"https:\/\/beta.hymach.it\/de\/zubehoer-kopfteile-fuer-verschiedene-anwendungen\/maeher-mit-kammaehnlichen-messern\/#primaryimage"},"image":{"@id":"https:\/\/beta.hymach.it\/de\/zubehoer-kopfteile-fuer-verschiedene-anwendungen\/maeher-mit-kammaehnlichen-messern\/#primaryimage"},"thumbnailUrl":"https:\/\/beta.hymach.it\/wp-content\/uploads\/2018\/05\/testate-utensili-Falciatrici.jpg","datePublished":"2014-02-16T08:04:36+00:00","dateModified":"2025-02-14T13:37:48+00:00","description":"Pr\u00e4zise Hymach-Kamm-M\u00e4her f\u00fcr Heuwerbung & Heckenschnitt. Schneidet \u00c4ste bis 2,5 cm, kompatibel mit Gelenkauslegern. Effizient & vielseitig.","breadcrumb":{"@id":"https:\/\/beta.hymach.it\/de\/zubehoer-kopfteile-fuer-verschiedene-anwendungen\/maeher-mit-kammaehnlichen-messern\/#breadcrumb"},"inLanguage":"de-DE","potentialAction":[{"@type":"ReadAction","target":["https:\/\/beta.hymach.it\/de\/zubehoer-kopfteile-fuer-verschiedene-anwendungen\/maeher-mit-kammaehnlichen-messern\/"]}]},{"@type":"ImageObject","inLanguage":"de-DE","@id":"https:\/\/beta.hymach.it\/de\/zubehoer-kopfteile-fuer-verschiedene-anwendungen\/maeher-mit-kammaehnlichen-messern\/#primaryimage","url":"https:\/\/beta.hymach.it\/wp-content\/uploads\/2018\/05\/testate-utensili-Falciatrici.jpg","contentUrl":"https:\/\/beta.hymach.it\/wp-content\/uploads\/2018\/05\/testate-utensili-Falciatrici.jpg","width":500,"height":272},{"@type":"BreadcrumbList","@id":"https:\/\/beta.hymach.it\/de\/zubehoer-kopfteile-fuer-verschiedene-anwendungen\/maeher-mit-kammaehnlichen-messern\/#breadcrumb","itemListElement":[{"@type":"ListItem","position":1,"name":"Home","item":"https:\/\/beta.hymach.it\/de\/"},{"@type":"ListItem","position":2,"name":"Produkte Hymach","item":"https:\/\/beta.hymach.it\/de\/produkte\/"},{"@type":"ListItem","position":3,"name":"Zubeh\u00f6r-Kopfteile f\u00fcr verschiedene Anwendungen","item":"https:\/\/beta.hymach.it\/de\/produkte\/zubehoer-kopfteile-fuer-verschiedene-anwendungen\/"},{"@type":"ListItem","position":4,"name":"M\u00e4her mit kamm\u00e4hnlichen Messern"}]},{"@type":"WebSite","@id":"https:\/\/beta.hymach.it\/de\/#website","url":"https:\/\/beta.hymach.it\/de\/","name":"Hymach","description":"Macchine per la manutenzione professionale del verde, semoventi portattrezzi multiuso radiocomandati e macchine per il lavaggio di pannelli solari.","publisher":{"@id":"https:\/\/beta.hymach.it\/de\/#organization"},"potentialAction":[{"@type":"SearchAction","target":{"@type":"EntryPoint","urlTemplate":"https:\/\/beta.hymach.it\/de\/?s={search_term_string}"},"query-input":{"@type":"PropertyValueSpecification","valueRequired":true,"valueName":"search_term_string"}}],"inLanguage":"de-DE"},{"@type":"Organization","@id":"https:\/\/beta.hymach.it\/de\/#organization","name":"Hymach","url":"https:\/\/beta.hymach.it\/de\/","logo":{"@type":"ImageObject","inLanguage":"de-DE","@id":"https:\/\/beta.hymach.it\/de\/#\/schema\/logo\/image\/","url":"https:\/\/beta.hymach.it\/wp-content\/uploads\/2024\/08\/hymach_logo_2026.svg","contentUrl":"https:\/\/beta.hymach.it\/wp-content\/uploads\/2024\/08\/hymach_logo_2026.svg","width":777,"height":88,"caption":"Hymach"},"image":{"@id":"https:\/\/beta.hymach.it\/de\/#\/schema\/logo\/image\/"}}]}},"_links":{"self":[{"href":"https:\/\/beta.hymach.it\/de\/wp-json\/wp\/v2\/pages\/4696","targetHints":{"allow":["GET"]}}],"collection":[{"href":"https:\/\/beta.hymach.it\/de\/wp-json\/wp\/v2\/pages"}],"about":[{"href":"https:\/\/beta.hymach.it\/de\/wp-json\/wp\/v2\/types\/page"}],"author":[{"embeddable":true,"href":"https:\/\/beta.hymach.it\/de\/wp-json\/wp\/v2\/users\/1"}],"replies":[{"embeddable":true,"href":"https:\/\/beta.hymach.it\/de\/wp-json\/wp\/v2\/comments?post=4696"}],"version-history":[{"count":3,"href":"https:\/\/beta.hymach.it\/de\/wp-json\/wp\/v2\/pages\/4696\/revisions"}],"predecessor-version":[{"id":11473,"href":"https:\/\/beta.hymach.it\/de\/wp-json\/wp\/v2\/pages\/4696\/revisions\/11473"}],"up":[{"embeddable":true,"href":"https:\/\/beta.hymach.it\/de\/wp-json\/wp\/v2\/pages\/4416"}],"wp:featuredmedia":[{"embeddable":true,"href":"https:\/\/beta.hymach.it\/de\/wp-json\/wp\/v2\/media\/3325"}],"wp:attachment":[{"href":"https:\/\/beta.hymach.it\/de\/wp-json\/wp\/v2\/media?parent=4696"}],"wp:term":[{"taxonomy":"category","embeddable":true,"href":"https:\/\/beta.hymach.it\/de\/wp-json\/wp\/v2\/categories?post=4696"},{"taxonomy":"sector","embeddable":true,"href":"https:\/\/beta.hymach.it\/de\/wp-json\/wp\/v2\/sector?post=4696"},{"taxonomy":"carrier","embeddable":true,"href":"https:\/\/beta.hymach.it\/de\/wp-json\/wp\/v2\/carrier?post=4696"},{"taxonomy":"cat-page","embeddable":true,"href":"https:\/\/beta.hymach.it\/de\/wp-json\/wp\/v2\/cat-page?post=4696"},{"taxonomy":"product-category","embeddable":true,"href":"https:\/\/beta.hymach.it\/de\/wp-json\/wp\/v2\/product-category?post=4696"}],"curies":[{"name":"wp","href":"https:\/\/api.w.org\/{rel}","templated":true}]}}