{"id":2102,"date":"2012-08-20T16:06:28","date_gmt":"2012-08-20T16:06:28","guid":{"rendered":"https:\/\/www.hymach.it\/decespugliatrici-trinciatrici-hymach\/"},"modified":"2022-10-26T12:34:45","modified_gmt":"2022-10-26T10:34:45","slug":"la-empresa","status":"publish","type":"page","link":"https:\/\/beta.hymach.it\/es\/la-empresa\/","title":{"rendered":"Hymach: historia de la empresa"},"content":{"rendered":"<p><a href=\"https:\/\/www.hymach.it\/wp-content\/uploads\/2012\/08\/foto-azienda.jpg\" data-rel=\"lightbox-image-0\" data-rl_title=\"\" data-rl_caption=\"\"><img fetchpriority=\"high\" decoding=\"async\" class=\"alignright size-full wp-image-7\" title=\"\" src=\"https:\/\/www.hymach.it\/wp-content\/uploads\/2012\/08\/foto-azienda.jpg\" alt=\"\" width=\"360\" height=\"170\" srcset=\"https:\/\/beta.hymach.it\/wp-content\/uploads\/2012\/08\/foto-azienda.jpg 360w, https:\/\/beta.hymach.it\/wp-content\/uploads\/2012\/08\/foto-azienda-300x141.jpg 300w\" sizes=\"(max-width: 360px) 100vw, 360px\" \/><\/a><\/p>\n<p><strong>En el 30\u00ba a\u00f1o<\/strong> de nuestras actividades hemos trabajado en el proyecto de la desbrozadora radio controlada Robot HP60, actual motivo de orgullo e imagen de una realidad empresarial viva, din\u00e1mica y de acuerdo a los tiempos.<\/p>\n<p>En esta nueva desbrozadora se encuentra toda la experiencia derivada de los trabajos de treinta a\u00f1os vividos realmente en el campo habiendo tenido, desde el comienzo de nuestra actividad, como objetivo la realizaci\u00f3n de productos personalizados que pudieran satisfacer plenamente las exigencias de nuestros clientes que operan en el \u00e1mbito del mantenimiento del verde profesional.<\/p>\n<p>La empresa nace el 23 de septiembre 1983 bas\u00e1ndose <strong>en la experiencia ya adquirida en el sector<\/strong> por la persona que todav\u00eda representa y que siempre ha cre\u00eddo en el contacto directo con el cliente porque ciertamente que solo de esa manera es posible darse cuenta de las exigencias operativas a ser satisfechas.<\/p>\n<p>Este conjunto de firme voluntad de apuntar a la calidad real de los propios productos, ha hecho de Hymach lo que es hoy. Las materias primas y las instalaciones han sido elegidas no solo entre las mejores marcas sino tambi\u00e9n en base a las prestaciones que pudieran obtenerse en t\u00e9rminos de eficiencia y duraci\u00f3n El producto ten\u00eda, y tiene, que llevar necesariamente las 3C (tres caracter\u00edsticas irrenunciables): robusto, funcional y eficiente. Y tampoco pod\u00eda se de otra manera ya que la producci\u00f3n inicial estaba concentrada en brazos de hasta 18 metros de longitud, dispositivos sacudidores (en aquellos a\u00f1os no estaban tan difundidos) y las aspiradoras de las cuales Hymach fue la precursora, al principio con las dos funciones de corte y aspiraci\u00f3n, separadas y a continuaci\u00f3n con la soluci\u00f3n para unirlas simplificando la m\u00e1quina y obteniendo prestaciones \u00f3ptimas ya sea en la siega como en la recolecci\u00f3n. De hecho, estos tipos de m\u00e1quinas no pod\u00edan aceptar compromisos en t\u00e9rminos de calidad porque cualquier renuncia hubiera perjudicado una de las 3C.<\/p>\n<p><strong>Los mismos principio<\/strong>s de inspiraci\u00f3n se vieron reflejados en la producci\u00f3n de aquellas que se retienen normalmente como m\u00e1quinas de serie, las desbrozadoras montadas atr\u00e1s, y he aqu\u00ed que los largos brazos ventrales se acortan , manteniendo, sin embargo, las caracter\u00edsticas estructurales, para constituir el armaz\u00f3n \u2013 tanque de las m\u00e1quinas a engancharse en el levantador posterior de los tractores.<\/p>\n<p>Pero la empresa no par\u00f3 all\u00ed, y produce m\u00e1quinas montadas posteriormente espec\u00edficas para tractores de gu\u00eda reversible, que pueden usarse con versi\u00f3n de retro-marcha y luego en los dos sentidos de marcha estudiando sistemas apropiados de rotaci\u00f3n para el cabezal y el brazo. Gracias a la flexibilidad del proyecto nacen luego m\u00e1quinas que pueden aplicarse al levantador frontal de tractores y de otros medios mecanizados dotados de una conexi\u00f3n apropiada. Se han logrado desbrozadoras a ser aplicadas a la caja con armaz\u00f3n descargable y en la placa de soporte de herramientas de medios motorizados. <strong>En el 2010,<\/strong> con la cantidad de conocimientos t\u00e9cnicos adquiridos, comienza el proyecto Solarclean que desde el principio nos lleva a realizar equipos para la limpieza de <strong>los paneles foto-voltaicos<\/strong> (en los campos solares y en estructuras de cr\u00eda e invernaderos) a ser aplicados a medios mecanizados tambi\u00e9n con orugas, y luego concretados en una m\u00e1quina motorizada radio controlada destinada a este uso espec\u00edfico.<\/p>\n<p>Todas las m\u00e1quinas de cat\u00e1logo siguen siendo objeto de mejoras cada vez que se llega a captar una soluci\u00f3n t\u00e9cnica innovativa y una aplicaci\u00f3n con dispositivos que hagan su uso m\u00e1s sencillo.<br \/>\nHemos elegido desarrollar nuestro sistema de gesti\u00f3n de calidad conforme a la norma <strong>UNI EN ISO 9001<\/strong> hacia el final de los a\u00f1os 90, obteniendo la certificaci\u00f3n, todav\u00eda vigente por parte de la RINA SpA en el 1999.<\/p>\n<p><strong>Las competencias adquiridas, el entusiasmo y la determinaci\u00f3n,<\/strong> nos sostienen y nos dan fuerza en la vida diaria de la empresa y en el desarrollo continuo de procesos de mejora empresarial haciendo nuestros los valores en los cuales se basa la empresa y que nos permiten encontrar aquella inspiraci\u00f3n que llevan a las instituciones a la innovaci\u00f3n de productos existentes y a la realizaci\u00f3n de productos nuevos. Con confianza en nuestros productos y en nuestras capacidades de adaptaci\u00f3n, estamos convencidos que mantenerse en una uni\u00f3n \u00f3ptima entre tradiciones y modernidad sea el camino a ser recorrido tambi\u00e9n en el futuro.<\/p>\n","protected":false},"excerpt":{"rendered":"<p>Hymach naci\u00f3 el 23 de septiembre de 1983 en la experiencia adquirida en el sector por el hombre que todav\u00eda lo representa, Cav. Giacinto Ricci, y siempre ha cre\u00eddo en el contacto directo con el cliente, porque es cierto que solo de esta manera podemos realmente darnos cuenta de c\u00f3mo se pueden satisfacer las necesidades operativas reales.<\/p>\n","protected":false},"author":1,"featured_media":0,"parent":0,"menu_order":408,"comment_status":"open","ping_status":"closed","template":"elementor_header_footer","meta":{"_acf_changed":false,"footnotes":""},"categories":[],"sector":[],"carrier":[],"cat-page":[],"product-category":[],"class_list":["post-2102","page","type-page","status-publish","hentry"],"acf":[],"yoast_head":"<!-- This site is optimized with the Yoast SEO plugin v27.5 - https:\/\/yoast.com\/product\/yoast-seo-wordpress\/ -->\n<title>Hymach: historia de la empresa<\/title>\n<meta name=\"description\" content=\"Hymach se especializa en la producci\u00f3n y venta de m\u00e1quinas para el mantenimiento verde: desbrozadoras, trituradoras controladas por radio y m\u00e1s\" \/>\n<meta name=\"robots\" content=\"noindex, follow, max-snippet:-1, max-image-preview:large, max-video-preview:-1\" \/>\n<meta property=\"og:locale\" content=\"es_ES\" \/>\n<meta property=\"og:type\" content=\"article\" \/>\n<meta property=\"og:title\" content=\"Hymach: historia de la empresa\" \/>\n<meta property=\"og:description\" content=\"Hymach se especializa en la producci\u00f3n y venta de m\u00e1quinas para el mantenimiento verde: desbrozadoras, trituradoras controladas por radio y m\u00e1s\" \/>\n<meta property=\"og:url\" content=\"https:\/\/beta.hymach.it\/es\/la-empresa\/\" \/>\n<meta property=\"og:site_name\" content=\"Hymach\" \/>\n<meta property=\"article:modified_time\" content=\"2022-10-26T10:34:45+00:00\" \/>\n<meta property=\"og:image\" content=\"https:\/\/beta.hymach.it\/wp-content\/uploads\/2012\/08\/foto-azienda.jpg\" \/>\n\t<meta property=\"og:image:width\" content=\"360\" \/>\n\t<meta property=\"og:image:height\" content=\"170\" \/>\n\t<meta property=\"og:image:type\" content=\"image\/jpeg\" \/>\n<meta name=\"twitter:label1\" content=\"Est. reading time\" \/>\n\t<meta name=\"twitter:data1\" content=\"4 minutes\" \/>\n<script type=\"application\/ld+json\" class=\"yoast-schema-graph\">{\"@context\":\"https:\\\/\\\/schema.org\",\"@graph\":[{\"@type\":\"WebPage\",\"@id\":\"https:\\\/\\\/beta.hymach.it\\\/es\\\/la-empresa\\\/\",\"url\":\"https:\\\/\\\/beta.hymach.it\\\/es\\\/la-empresa\\\/\",\"name\":\"Hymach: historia de la empresa\",\"isPartOf\":{\"@id\":\"https:\\\/\\\/beta.hymach.it\\\/es\\\/#website\"},\"primaryImageOfPage\":{\"@id\":\"https:\\\/\\\/beta.hymach.it\\\/es\\\/la-empresa\\\/#primaryimage\"},\"image\":{\"@id\":\"https:\\\/\\\/beta.hymach.it\\\/es\\\/la-empresa\\\/#primaryimage\"},\"thumbnailUrl\":\"https:\\\/\\\/www.hymach.it\\\/wp-content\\\/uploads\\\/2012\\\/08\\\/foto-azienda.jpg\",\"datePublished\":\"2012-08-20T16:06:28+00:00\",\"dateModified\":\"2022-10-26T10:34:45+00:00\",\"description\":\"Hymach se especializa en la producci\u00f3n y venta de m\u00e1quinas para el mantenimiento verde: desbrozadoras, trituradoras controladas por radio y m\u00e1s\",\"breadcrumb\":{\"@id\":\"https:\\\/\\\/beta.hymach.it\\\/es\\\/la-empresa\\\/#breadcrumb\"},\"inLanguage\":\"es-ES\",\"potentialAction\":[{\"@type\":\"ReadAction\",\"target\":[\"https:\\\/\\\/beta.hymach.it\\\/es\\\/la-empresa\\\/\"]}]},{\"@type\":\"ImageObject\",\"inLanguage\":\"es-ES\",\"@id\":\"https:\\\/\\\/beta.hymach.it\\\/es\\\/la-empresa\\\/#primaryimage\",\"url\":\"https:\\\/\\\/www.hymach.it\\\/wp-content\\\/uploads\\\/2012\\\/08\\\/foto-azienda.jpg\",\"contentUrl\":\"https:\\\/\\\/www.hymach.it\\\/wp-content\\\/uploads\\\/2012\\\/08\\\/foto-azienda.jpg\"},{\"@type\":\"BreadcrumbList\",\"@id\":\"https:\\\/\\\/beta.hymach.it\\\/es\\\/la-empresa\\\/#breadcrumb\",\"itemListElement\":[{\"@type\":\"ListItem\",\"position\":1,\"name\":\"Home\",\"item\":\"https:\\\/\\\/beta.hymach.it\\\/es\\\/\"},{\"@type\":\"ListItem\",\"position\":2,\"name\":\"Hymach: historia de la empresa\"}]},{\"@type\":\"WebSite\",\"@id\":\"https:\\\/\\\/beta.hymach.it\\\/es\\\/#website\",\"url\":\"https:\\\/\\\/beta.hymach.it\\\/es\\\/\",\"name\":\"Hymach\",\"description\":\"Macchine per la manutenzione professionale del verde, semoventi portattrezzi multiuso radiocomandati e macchine per il lavaggio di pannelli solari.\",\"publisher\":{\"@id\":\"https:\\\/\\\/beta.hymach.it\\\/es\\\/#organization\"},\"potentialAction\":[{\"@type\":\"SearchAction\",\"target\":{\"@type\":\"EntryPoint\",\"urlTemplate\":\"https:\\\/\\\/beta.hymach.it\\\/es\\\/?s={search_term_string}\"},\"query-input\":{\"@type\":\"PropertyValueSpecification\",\"valueRequired\":true,\"valueName\":\"search_term_string\"}}],\"inLanguage\":\"es-ES\"},{\"@type\":\"Organization\",\"@id\":\"https:\\\/\\\/beta.hymach.it\\\/es\\\/#organization\",\"name\":\"Hymach\",\"url\":\"https:\\\/\\\/beta.hymach.it\\\/es\\\/\",\"logo\":{\"@type\":\"ImageObject\",\"inLanguage\":\"es-ES\",\"@id\":\"https:\\\/\\\/beta.hymach.it\\\/es\\\/#\\\/schema\\\/logo\\\/image\\\/\",\"url\":\"https:\\\/\\\/beta.hymach.it\\\/wp-content\\\/uploads\\\/2024\\\/08\\\/hymach_logo_2026.svg\",\"contentUrl\":\"https:\\\/\\\/beta.hymach.it\\\/wp-content\\\/uploads\\\/2024\\\/08\\\/hymach_logo_2026.svg\",\"width\":777,\"height\":88,\"caption\":\"Hymach\"},\"image\":{\"@id\":\"https:\\\/\\\/beta.hymach.it\\\/es\\\/#\\\/schema\\\/logo\\\/image\\\/\"}}]}<\/script>\n<!-- \/ Yoast SEO plugin. -->","yoast_head_json":{"title":"Hymach: historia de la empresa","description":"Hymach se especializa en la producci\u00f3n y venta de m\u00e1quinas para el mantenimiento verde: desbrozadoras, trituradoras controladas por radio y m\u00e1s","robots":{"index":"noindex","follow":"follow","max-snippet":"max-snippet:-1","max-image-preview":"max-image-preview:large","max-video-preview":"max-video-preview:-1"},"og_locale":"es_ES","og_type":"article","og_title":"Hymach: historia de la empresa","og_description":"Hymach se especializa en la producci\u00f3n y venta de m\u00e1quinas para el mantenimiento verde: desbrozadoras, trituradoras controladas por radio y m\u00e1s","og_url":"https:\/\/beta.hymach.it\/es\/la-empresa\/","og_site_name":"Hymach","article_modified_time":"2022-10-26T10:34:45+00:00","og_image":[{"width":360,"height":170,"url":"https:\/\/beta.hymach.it\/wp-content\/uploads\/2012\/08\/foto-azienda.jpg","type":"image\/jpeg"}],"twitter_misc":{"Est. reading time":"4 minutes"},"schema":{"@context":"https:\/\/schema.org","@graph":[{"@type":"WebPage","@id":"https:\/\/beta.hymach.it\/es\/la-empresa\/","url":"https:\/\/beta.hymach.it\/es\/la-empresa\/","name":"Hymach: historia de la empresa","isPartOf":{"@id":"https:\/\/beta.hymach.it\/es\/#website"},"primaryImageOfPage":{"@id":"https:\/\/beta.hymach.it\/es\/la-empresa\/#primaryimage"},"image":{"@id":"https:\/\/beta.hymach.it\/es\/la-empresa\/#primaryimage"},"thumbnailUrl":"https:\/\/www.hymach.it\/wp-content\/uploads\/2012\/08\/foto-azienda.jpg","datePublished":"2012-08-20T16:06:28+00:00","dateModified":"2022-10-26T10:34:45+00:00","description":"Hymach se especializa en la producci\u00f3n y venta de m\u00e1quinas para el mantenimiento verde: desbrozadoras, trituradoras controladas por radio y m\u00e1s","breadcrumb":{"@id":"https:\/\/beta.hymach.it\/es\/la-empresa\/#breadcrumb"},"inLanguage":"es-ES","potentialAction":[{"@type":"ReadAction","target":["https:\/\/beta.hymach.it\/es\/la-empresa\/"]}]},{"@type":"ImageObject","inLanguage":"es-ES","@id":"https:\/\/beta.hymach.it\/es\/la-empresa\/#primaryimage","url":"https:\/\/www.hymach.it\/wp-content\/uploads\/2012\/08\/foto-azienda.jpg","contentUrl":"https:\/\/www.hymach.it\/wp-content\/uploads\/2012\/08\/foto-azienda.jpg"},{"@type":"BreadcrumbList","@id":"https:\/\/beta.hymach.it\/es\/la-empresa\/#breadcrumb","itemListElement":[{"@type":"ListItem","position":1,"name":"Home","item":"https:\/\/beta.hymach.it\/es\/"},{"@type":"ListItem","position":2,"name":"Hymach: historia de la empresa"}]},{"@type":"WebSite","@id":"https:\/\/beta.hymach.it\/es\/#website","url":"https:\/\/beta.hymach.it\/es\/","name":"Hymach","description":"Macchine per la manutenzione professionale del verde, semoventi portattrezzi multiuso radiocomandati e macchine per il lavaggio di pannelli solari.","publisher":{"@id":"https:\/\/beta.hymach.it\/es\/#organization"},"potentialAction":[{"@type":"SearchAction","target":{"@type":"EntryPoint","urlTemplate":"https:\/\/beta.hymach.it\/es\/?s={search_term_string}"},"query-input":{"@type":"PropertyValueSpecification","valueRequired":true,"valueName":"search_term_string"}}],"inLanguage":"es-ES"},{"@type":"Organization","@id":"https:\/\/beta.hymach.it\/es\/#organization","name":"Hymach","url":"https:\/\/beta.hymach.it\/es\/","logo":{"@type":"ImageObject","inLanguage":"es-ES","@id":"https:\/\/beta.hymach.it\/es\/#\/schema\/logo\/image\/","url":"https:\/\/beta.hymach.it\/wp-content\/uploads\/2024\/08\/hymach_logo_2026.svg","contentUrl":"https:\/\/beta.hymach.it\/wp-content\/uploads\/2024\/08\/hymach_logo_2026.svg","width":777,"height":88,"caption":"Hymach"},"image":{"@id":"https:\/\/beta.hymach.it\/es\/#\/schema\/logo\/image\/"}}]}},"_links":{"self":[{"href":"https:\/\/beta.hymach.it\/es\/wp-json\/wp\/v2\/pages\/2102","targetHints":{"allow":["GET"]}}],"collection":[{"href":"https:\/\/beta.hymach.it\/es\/wp-json\/wp\/v2\/pages"}],"about":[{"href":"https:\/\/beta.hymach.it\/es\/wp-json\/wp\/v2\/types\/page"}],"author":[{"embeddable":true,"href":"https:\/\/beta.hymach.it\/es\/wp-json\/wp\/v2\/users\/1"}],"replies":[{"embeddable":true,"href":"https:\/\/beta.hymach.it\/es\/wp-json\/wp\/v2\/comments?post=2102"}],"version-history":[{"count":5,"href":"https:\/\/beta.hymach.it\/es\/wp-json\/wp\/v2\/pages\/2102\/revisions"}],"predecessor-version":[{"id":6904,"href":"https:\/\/beta.hymach.it\/es\/wp-json\/wp\/v2\/pages\/2102\/revisions\/6904"}],"wp:attachment":[{"href":"https:\/\/beta.hymach.it\/es\/wp-json\/wp\/v2\/media?parent=2102"}],"wp:term":[{"taxonomy":"category","embeddable":true,"href":"https:\/\/beta.hymach.it\/es\/wp-json\/wp\/v2\/categories?post=2102"},{"taxonomy":"sector","embeddable":true,"href":"https:\/\/beta.hymach.it\/es\/wp-json\/wp\/v2\/sector?post=2102"},{"taxonomy":"carrier","embeddable":true,"href":"https:\/\/beta.hymach.it\/es\/wp-json\/wp\/v2\/carrier?post=2102"},{"taxonomy":"cat-page","embeddable":true,"href":"https:\/\/beta.hymach.it\/es\/wp-json\/wp\/v2\/cat-page?post=2102"},{"taxonomy":"product-category","embeddable":true,"href":"https:\/\/beta.hymach.it\/es\/wp-json\/wp\/v2\/product-category?post=2102"}],"curies":[{"name":"wp","href":"https:\/\/api.w.org\/{rel}","templated":true}]}}