{"id":2170,"date":"2012-08-27T09:43:41","date_gmt":"2012-08-27T07:43:41","guid":{"rendered":"https:\/\/www.hymach.it\/productos\/decespugliatrici-frontali\/"},"modified":"2024-12-11T17:10:26","modified_gmt":"2024-12-11T16:10:26","slug":"frontales","status":"publish","type":"page","link":"https:\/\/beta.hymach.it\/es\/frontales\/","title":{"rendered":"Desbrozadoras frontales Hymach"},"content":{"rendered":"\t\t<div data-elementor-type=\"wp-page\" data-elementor-id=\"2170\" class=\"elementor elementor-2170 elementor-96\" data-elementor-post-type=\"page\">\n\t\t\t\t<div class=\"elementor-element elementor-element-186d5073 e-flex e-con-boxed e-con e-parent\" data-id=\"186d5073\" data-element_type=\"container\" data-e-type=\"container\">\n\t\t\t\t\t<div class=\"e-con-inner\">\n\t\t\t\t<div class=\"elementor-element elementor-element-5759fa44 elementor-widget elementor-widget-text-editor\" data-id=\"5759fa44\" data-element_type=\"widget\" data-e-type=\"widget\" data-widget_type=\"text-editor.default\">\n\t\t\t\t<div class=\"elementor-widget-container\">\n\t\t\t\t\t\t\t\t\t<h2>Estructura y componentes de desbrozadoras frontales<\/h2><p><strong>Desbrozadoras<\/strong>\u00a0preparadas para ser aplicadas en la parte frontal de tractores, sobre el levantador anterior con conexi\u00f3n de tres puntos o por medio de armaz\u00f3n de acople a la placa de soporte herramientas, y funciona gracias a la conexi\u00f3n con el\u00a0<strong>PTO del tractor.<\/strong><\/p><p>Todas las m\u00e1quinas as\u00ed como otros modelos que se usan para instalaciones posteriores, pueden instalarse en el frente de veh\u00edculos que soportan herramientas tales como medios motorizados, palas, o palas cargadoras o cualquier veh\u00edculo motorizado que sea apropiado y, toda vez que el mismo disponga de una instalaci\u00f3n apropiada, que funcione directamente con la instalaci\u00f3n de servicio del mismo.<br \/>Las varias series del cat\u00e1logo difieren en la construcci\u00f3n del brazo conformada de acuerdo a la longitud y de las herramientas terminales aplicables.<\/p><p>Nuestras desbrozadoras frontales derivan de aquellas que poseen largos brazos hidr\u00e1ulicos con las cuales hemos comenzado las actividades y han sido construidas respetando la misma idea de producto: robusto, funcional y eficiente.<\/p><p>Las estructuras, destinadas a soportar el esfuerzo de los ciclos de vida del brazo, se han fabricado con aceros de primera calidad. Los elementos fundamentales de las articulaciones, bujes y enchufes, se han construidos con acero que ha recibido tratamientos de dureza y rectificaci\u00f3n lo que aumenta la resistencia y optimiza el funcionamiento alargando la duraci\u00f3n. Los martinetes equipados con v\u00e1lvulas de regulaci\u00f3n,<strong>\u00a0garantiza la \u00f3ptima maniobrabilidad.<\/strong><\/p><p>Los componentes principales de la instalaci\u00f3n del funcionamiento tales como las bombas y motor, multiplicador, distribuidor, radiador, elegidos entre aquellos propuestos por la mejores marcas del mercado por su rendimiento y confiabilidad, determinan el elevado rendimiento de la potencia y de la productividad.<\/p>\t\t\t\t\t\t\t\t<\/div>\n\t\t\t\t<\/div>\n\t\t\t\t\t<\/div>\n\t\t\t\t<\/div>\n\t\t\t\t<\/div>\n\t\t","protected":false},"excerpt":{"rendered":"<p>Todas las m\u00e1quinas as\u00ed como otros modelos que se usan para instalaciones posteriores, pueden instalarse en el frente de veh\u00edculos que soportan herramientas tales como medios motorizados, palas, o palas cargadoras o cualquier veh\u00edculo motorizado que sea apropiado y, toda vez que el mismo disponga de una instalaci\u00f3n apropiada, que funcione directamente con la instalaci\u00f3n de servicio del mismo.<br \/>\nLas varias series del cat\u00e1logo difieren en la construcci\u00f3n del brazo conformada de acuerdo a la longitud y de las herramientas terminales aplicables.<\/p>\n","protected":false},"author":1,"featured_media":12520,"parent":0,"menu_order":206,"comment_status":"closed","ping_status":"closed","template":"","meta":{"_acf_changed":false,"footnotes":""},"categories":[],"sector":[],"carrier":[],"cat-page":[],"product-category":[],"class_list":["post-2170","page","type-page","status-publish","has-post-thumbnail","hentry"],"acf":[],"yoast_head":"<!-- This site is optimized with the Yoast SEO plugin v27.5 - https:\/\/yoast.com\/product\/yoast-seo-wordpress\/ -->\n<title>Desbrozadoras frontales Hymach para el mantenimiento verde<\/title>\n<meta name=\"description\" content=\"Las desbrozadoras frontales Hymach son m\u00e1quinas para el mantenimiento verde, ideales para segar terraplenes de carreteras y mucho m\u00e1s.\" \/>\n<meta name=\"robots\" content=\"noindex, follow, max-snippet:-1, max-image-preview:large, max-video-preview:-1\" \/>\n<meta property=\"og:locale\" content=\"es_ES\" \/>\n<meta property=\"og:type\" content=\"article\" \/>\n<meta property=\"og:title\" content=\"Desbrozadoras frontales Hymach para el mantenimiento verde\" \/>\n<meta property=\"og:description\" content=\"Las desbrozadoras frontales Hymach son m\u00e1quinas para el mantenimiento verde, ideales para segar terraplenes de carreteras y mucho m\u00e1s.\" \/>\n<meta property=\"og:url\" content=\"https:\/\/beta.hymach.it\/es\/frontales\/\" \/>\n<meta property=\"og:site_name\" content=\"Hymach\" \/>\n<meta property=\"article:modified_time\" content=\"2024-12-11T16:10:26+00:00\" \/>\n<meta property=\"og:image\" content=\"https:\/\/beta.hymach.it\/wp-content\/uploads\/2017\/12\/frontali-RoadRoe.jpg\" \/>\n\t<meta property=\"og:image:width\" content=\"500\" \/>\n\t<meta property=\"og:image:height\" content=\"364\" \/>\n\t<meta property=\"og:image:type\" content=\"image\/jpeg\" \/>\n<meta name=\"twitter:label1\" content=\"Est. reading time\" \/>\n\t<meta name=\"twitter:data1\" content=\"2 minutes\" \/>\n<script type=\"application\/ld+json\" class=\"yoast-schema-graph\">{\"@context\":\"https:\\\/\\\/schema.org\",\"@graph\":[{\"@type\":\"WebPage\",\"@id\":\"https:\\\/\\\/beta.hymach.it\\\/es\\\/frontales\\\/\",\"url\":\"https:\\\/\\\/beta.hymach.it\\\/es\\\/frontales\\\/\",\"name\":\"Desbrozadoras frontales Hymach para el mantenimiento verde\",\"isPartOf\":{\"@id\":\"https:\\\/\\\/beta.hymach.it\\\/es\\\/#website\"},\"primaryImageOfPage\":{\"@id\":\"https:\\\/\\\/beta.hymach.it\\\/es\\\/frontales\\\/#primaryimage\"},\"image\":{\"@id\":\"https:\\\/\\\/beta.hymach.it\\\/es\\\/frontales\\\/#primaryimage\"},\"thumbnailUrl\":\"https:\\\/\\\/beta.hymach.it\\\/wp-content\\\/uploads\\\/2026\\\/04\\\/Frontali.svg\",\"datePublished\":\"2012-08-27T07:43:41+00:00\",\"dateModified\":\"2024-12-11T16:10:26+00:00\",\"description\":\"Las desbrozadoras frontales Hymach son m\u00e1quinas para el mantenimiento verde, ideales para segar terraplenes de carreteras y mucho m\u00e1s.\",\"breadcrumb\":{\"@id\":\"https:\\\/\\\/beta.hymach.it\\\/es\\\/frontales\\\/#breadcrumb\"},\"inLanguage\":\"es-ES\",\"potentialAction\":[{\"@type\":\"ReadAction\",\"target\":[\"https:\\\/\\\/beta.hymach.it\\\/es\\\/frontales\\\/\"]}]},{\"@type\":\"ImageObject\",\"inLanguage\":\"es-ES\",\"@id\":\"https:\\\/\\\/beta.hymach.it\\\/es\\\/frontales\\\/#primaryimage\",\"url\":\"https:\\\/\\\/beta.hymach.it\\\/wp-content\\\/uploads\\\/2026\\\/04\\\/Frontali.svg\",\"contentUrl\":\"https:\\\/\\\/beta.hymach.it\\\/wp-content\\\/uploads\\\/2026\\\/04\\\/Frontali.svg\",\"width\":500,\"height\":500},{\"@type\":\"BreadcrumbList\",\"@id\":\"https:\\\/\\\/beta.hymach.it\\\/es\\\/frontales\\\/#breadcrumb\",\"itemListElement\":[{\"@type\":\"ListItem\",\"position\":1,\"name\":\"Home\",\"item\":\"https:\\\/\\\/beta.hymach.it\\\/es\\\/\"},{\"@type\":\"ListItem\",\"position\":2,\"name\":\"Productos\",\"item\":\"https:\\\/\\\/beta.hymach.it\\\/es\\\/productos\\\/\"},{\"@type\":\"ListItem\",\"position\":3,\"name\":\"Desbrozadoras frontales Hymach\"}]},{\"@type\":\"WebSite\",\"@id\":\"https:\\\/\\\/beta.hymach.it\\\/es\\\/#website\",\"url\":\"https:\\\/\\\/beta.hymach.it\\\/es\\\/\",\"name\":\"Hymach\",\"description\":\"Macchine per la manutenzione professionale del verde, semoventi portattrezzi multiuso radiocomandati e macchine per il lavaggio di pannelli solari.\",\"publisher\":{\"@id\":\"https:\\\/\\\/beta.hymach.it\\\/es\\\/#organization\"},\"potentialAction\":[{\"@type\":\"SearchAction\",\"target\":{\"@type\":\"EntryPoint\",\"urlTemplate\":\"https:\\\/\\\/beta.hymach.it\\\/es\\\/?s={search_term_string}\"},\"query-input\":{\"@type\":\"PropertyValueSpecification\",\"valueRequired\":true,\"valueName\":\"search_term_string\"}}],\"inLanguage\":\"es-ES\"},{\"@type\":\"Organization\",\"@id\":\"https:\\\/\\\/beta.hymach.it\\\/es\\\/#organization\",\"name\":\"Hymach\",\"url\":\"https:\\\/\\\/beta.hymach.it\\\/es\\\/\",\"logo\":{\"@type\":\"ImageObject\",\"inLanguage\":\"es-ES\",\"@id\":\"https:\\\/\\\/beta.hymach.it\\\/es\\\/#\\\/schema\\\/logo\\\/image\\\/\",\"url\":\"https:\\\/\\\/beta.hymach.it\\\/wp-content\\\/uploads\\\/2024\\\/08\\\/hymach_logo_2026.svg\",\"contentUrl\":\"https:\\\/\\\/beta.hymach.it\\\/wp-content\\\/uploads\\\/2024\\\/08\\\/hymach_logo_2026.svg\",\"width\":777,\"height\":88,\"caption\":\"Hymach\"},\"image\":{\"@id\":\"https:\\\/\\\/beta.hymach.it\\\/es\\\/#\\\/schema\\\/logo\\\/image\\\/\"}}]}<\/script>\n<!-- \/ Yoast SEO plugin. -->","yoast_head_json":{"title":"Desbrozadoras frontales Hymach para el mantenimiento verde","description":"Las desbrozadoras frontales Hymach son m\u00e1quinas para el mantenimiento verde, ideales para segar terraplenes de carreteras y mucho m\u00e1s.","robots":{"index":"noindex","follow":"follow","max-snippet":"max-snippet:-1","max-image-preview":"max-image-preview:large","max-video-preview":"max-video-preview:-1"},"og_locale":"es_ES","og_type":"article","og_title":"Desbrozadoras frontales Hymach para el mantenimiento verde","og_description":"Las desbrozadoras frontales Hymach son m\u00e1quinas para el mantenimiento verde, ideales para segar terraplenes de carreteras y mucho m\u00e1s.","og_url":"https:\/\/beta.hymach.it\/es\/frontales\/","og_site_name":"Hymach","article_modified_time":"2024-12-11T16:10:26+00:00","og_image":[{"width":500,"height":364,"url":"https:\/\/beta.hymach.it\/wp-content\/uploads\/2017\/12\/frontali-RoadRoe.jpg","type":"image\/jpeg"}],"twitter_misc":{"Est. reading time":"2 minutes"},"schema":{"@context":"https:\/\/schema.org","@graph":[{"@type":"WebPage","@id":"https:\/\/beta.hymach.it\/es\/frontales\/","url":"https:\/\/beta.hymach.it\/es\/frontales\/","name":"Desbrozadoras frontales Hymach para el mantenimiento verde","isPartOf":{"@id":"https:\/\/beta.hymach.it\/es\/#website"},"primaryImageOfPage":{"@id":"https:\/\/beta.hymach.it\/es\/frontales\/#primaryimage"},"image":{"@id":"https:\/\/beta.hymach.it\/es\/frontales\/#primaryimage"},"thumbnailUrl":"https:\/\/beta.hymach.it\/wp-content\/uploads\/2026\/04\/Frontali.svg","datePublished":"2012-08-27T07:43:41+00:00","dateModified":"2024-12-11T16:10:26+00:00","description":"Las desbrozadoras frontales Hymach son m\u00e1quinas para el mantenimiento verde, ideales para segar terraplenes de carreteras y mucho m\u00e1s.","breadcrumb":{"@id":"https:\/\/beta.hymach.it\/es\/frontales\/#breadcrumb"},"inLanguage":"es-ES","potentialAction":[{"@type":"ReadAction","target":["https:\/\/beta.hymach.it\/es\/frontales\/"]}]},{"@type":"ImageObject","inLanguage":"es-ES","@id":"https:\/\/beta.hymach.it\/es\/frontales\/#primaryimage","url":"https:\/\/beta.hymach.it\/wp-content\/uploads\/2026\/04\/Frontali.svg","contentUrl":"https:\/\/beta.hymach.it\/wp-content\/uploads\/2026\/04\/Frontali.svg","width":500,"height":500},{"@type":"BreadcrumbList","@id":"https:\/\/beta.hymach.it\/es\/frontales\/#breadcrumb","itemListElement":[{"@type":"ListItem","position":1,"name":"Home","item":"https:\/\/beta.hymach.it\/es\/"},{"@type":"ListItem","position":2,"name":"Productos","item":"https:\/\/beta.hymach.it\/es\/productos\/"},{"@type":"ListItem","position":3,"name":"Desbrozadoras frontales Hymach"}]},{"@type":"WebSite","@id":"https:\/\/beta.hymach.it\/es\/#website","url":"https:\/\/beta.hymach.it\/es\/","name":"Hymach","description":"Macchine per la manutenzione professionale del verde, semoventi portattrezzi multiuso radiocomandati e macchine per il lavaggio di pannelli solari.","publisher":{"@id":"https:\/\/beta.hymach.it\/es\/#organization"},"potentialAction":[{"@type":"SearchAction","target":{"@type":"EntryPoint","urlTemplate":"https:\/\/beta.hymach.it\/es\/?s={search_term_string}"},"query-input":{"@type":"PropertyValueSpecification","valueRequired":true,"valueName":"search_term_string"}}],"inLanguage":"es-ES"},{"@type":"Organization","@id":"https:\/\/beta.hymach.it\/es\/#organization","name":"Hymach","url":"https:\/\/beta.hymach.it\/es\/","logo":{"@type":"ImageObject","inLanguage":"es-ES","@id":"https:\/\/beta.hymach.it\/es\/#\/schema\/logo\/image\/","url":"https:\/\/beta.hymach.it\/wp-content\/uploads\/2024\/08\/hymach_logo_2026.svg","contentUrl":"https:\/\/beta.hymach.it\/wp-content\/uploads\/2024\/08\/hymach_logo_2026.svg","width":777,"height":88,"caption":"Hymach"},"image":{"@id":"https:\/\/beta.hymach.it\/es\/#\/schema\/logo\/image\/"}}]}},"_links":{"self":[{"href":"https:\/\/beta.hymach.it\/es\/wp-json\/wp\/v2\/pages\/2170","targetHints":{"allow":["GET"]}}],"collection":[{"href":"https:\/\/beta.hymach.it\/es\/wp-json\/wp\/v2\/pages"}],"about":[{"href":"https:\/\/beta.hymach.it\/es\/wp-json\/wp\/v2\/types\/page"}],"author":[{"embeddable":true,"href":"https:\/\/beta.hymach.it\/es\/wp-json\/wp\/v2\/users\/1"}],"replies":[{"embeddable":true,"href":"https:\/\/beta.hymach.it\/es\/wp-json\/wp\/v2\/comments?post=2170"}],"version-history":[{"count":5,"href":"https:\/\/beta.hymach.it\/es\/wp-json\/wp\/v2\/pages\/2170\/revisions"}],"predecessor-version":[{"id":10858,"href":"https:\/\/beta.hymach.it\/es\/wp-json\/wp\/v2\/pages\/2170\/revisions\/10858"}],"wp:featuredmedia":[{"embeddable":true,"href":"https:\/\/beta.hymach.it\/es\/wp-json\/wp\/v2\/media\/12520"}],"wp:attachment":[{"href":"https:\/\/beta.hymach.it\/es\/wp-json\/wp\/v2\/media?parent=2170"}],"wp:term":[{"taxonomy":"category","embeddable":true,"href":"https:\/\/beta.hymach.it\/es\/wp-json\/wp\/v2\/categories?post=2170"},{"taxonomy":"sector","embeddable":true,"href":"https:\/\/beta.hymach.it\/es\/wp-json\/wp\/v2\/sector?post=2170"},{"taxonomy":"carrier","embeddable":true,"href":"https:\/\/beta.hymach.it\/es\/wp-json\/wp\/v2\/carrier?post=2170"},{"taxonomy":"cat-page","embeddable":true,"href":"https:\/\/beta.hymach.it\/es\/wp-json\/wp\/v2\/cat-page?post=2170"},{"taxonomy":"product-category","embeddable":true,"href":"https:\/\/beta.hymach.it\/es\/wp-json\/wp\/v2\/product-category?post=2170"}],"curies":[{"name":"wp","href":"https:\/\/api.w.org\/{rel}","templated":true}]}}