{"id":3948,"date":"2012-08-27T10:10:40","date_gmt":"2012-08-27T08:10:40","guid":{"rendered":"https:\/\/www.hymach.it\/productos\/decespugliatrici-centrali\/"},"modified":"2025-02-13T12:14:06","modified_gmt":"2025-02-13T11:14:06","slug":"centrales","status":"publish","type":"page","link":"https:\/\/beta.hymach.it\/es\/centrales\/","title":{"rendered":"Desbrozadoras centrales Hymach"},"content":{"rendered":"\n<h2 class=\"wp-block-heading\">Braccio articolato delle nostre decespugliatrici centrali<\/h2>\n\n\n\n<p>Caratteristica comune \u00e8 il braccio articolato a due segmenti e, per i modelli di <strong>decespugliatrici centrali<\/strong> a partire da 6 metri di lunghezza, del terminale telescopico con sistema canna da pesca per raggiungere la massima estensione e allo stesso tempo essere in grado di lavorare anche sulle banchine a filo ruota e configurarsi con dimensioni contenute per la circolazione su strada.<\/p>\n\n\n\n<h2 class=\"wp-block-heading\">Collegamento delle decespugliatrici centrali al telaio del trattore<\/h2>\n\n\n\n<p>L&#8217;applicazione classica prevede il <strong>collegamento della decespugliatrice centrale <\/strong>su uno specifico telaio appositamente costruito per il trattore ed applicato centralmente a questo, struttura che comunque \u00e8 in qualsiasi momento rimovibile dal trattore per consentire allo stesso altri utilizzi. Il telaio di accoppiamento pu\u00f2 abbracciare il trattore, mantenendo comune la possibilit\u00e0 di intervenire agevolmente al corpo dello stesso in quanto apribile superiormente, oppure passare al di sotto del cofano, secondo la preferenza dell&#8217;utilizzatore e la tipologia di trattore.<\/p>\n\n\n\n<p>La cerniera di rotazione del braccio pu\u00f2 essere standard o ribassata a seconda si voglia superare ostacoli a bordo strada o sfruttare pi\u00f9 lunghezza possibile anche in profondit\u00e0.<\/p>\n\n\n\n<p>Il gruppo serbatoio-centralina idraulica \u00e8 portato posteriormente e funziona mediante collegamento alla PTO del trattore. Le diverse serie a catalogo differiscono per la costruzione del braccio conformata secondo la lunghezza e gli attrezzi terminali applicabili.<\/p>\n\n\n\n<h2 class=\"wp-block-heading\">Componenti principali delle decespugliatrici centrali<\/h2>\n\n\n\n<p>Le strutture, destinate a sopportare la sollecitazione dei cicli vita del braccio, sono realizzate con acciai di prima qualit\u00e0. I <strong>c<\/strong>omponenti principali delle nostre decespugliatrici centrali, ovvero gli elementi fondamentali delle articolazioni, boccole e spine, sono costruiti in acciaio sottoposto a trattamenti di durezza e rettifica, che ne aumenta la resistenza ed ne ottimizza la funzione allungandone la durata. I martinetti dotati di valvole di regolazione, garantiscono l\u2019ottima manovrabilit\u00e0.<\/p>\n\n\n\n<p>I componenti principali dell\u2019impianto di funzionamento quali pompe e motore, moltiplicatore, distributore, radiatore, scelti tra quelli proposti dalle migliori marche sul mercato per prestazioni e affidabilit\u00e0, determinano l\u2019elevato rendimento in potenza e produttivit\u00e0.<\/p>\n\n\n\n<h2 class=\"wp-block-heading\">Variet\u00e0 e intercambiabilit\u00e0 delle testate per le decespugliatrici centrali<\/h2>\n\n\n\n<p>La <strong>variet\u00e0 di scelta delle testate trinciatrici<\/strong> per le <strong>decespugliatrici centrali<\/strong> sta nei sistemi di taglio disponibili per le diverse tipologie di vegetazione e stato del suolo, i quali assicurano la continuit\u00e0 e l\u2019uniformit\u00e0 dello sfalcio.<br>La possibilit\u00e0 di <strong>intercambiare la testata trinciatrice<\/strong> con altre testate utensili con poche semplici operazioni rende la <strong>macchina per la manutenzione e la cura del verde<\/strong> versatile utilizzabile per diverse lavorazioni.<\/p>\n\n\n\n<p>Le <strong>decespugliatrici centrali<\/strong> possono essere ulteriormente personalizzate potendo modificare sia la struttura che l\u2019impiantistica secondo le specifiche esigenze dell\u2019utilizzatore. Sono disponibili sia nella versione per lavoro a destra che in quella per lavoro a sinistra.<\/p>\n","protected":false},"excerpt":{"rendered":"<p>Braccio articolato delle nostre decespugliatrici centrali Caratteristica comune \u00e8 il braccio articolato a due segmenti e, per i modelli di decespugliatrici centrali a partire da 6 metri di lunghezza, del terminale telescopico con sistema canna da pesca per raggiungere la massima estensione e allo stesso tempo essere in grado di lavorare anche sulle banchine a [&hellip;]<\/p>\n","protected":false},"author":1,"featured_media":12514,"parent":0,"menu_order":165,"comment_status":"closed","ping_status":"closed","template":"","meta":{"_acf_changed":false,"footnotes":""},"categories":[],"sector":[],"carrier":[],"cat-page":[],"product-category":[],"class_list":["post-3948","page","type-page","status-publish","has-post-thumbnail","hentry"],"acf":[],"yoast_head":"<!-- This site is optimized with the Yoast SEO plugin v27.4 - https:\/\/yoast.com\/product\/yoast-seo-wordpress\/ -->\n<title>Desbrozadoras centrales Hymach para mantenimiento verde<\/title>\n<meta name=\"description\" content=\"Las desbrozadoras centrales Hymach son m\u00e1quinas de mantenimiento verde, ideales para cortar hierba y arbustos en el muelle y terraplenes.\" \/>\n<meta name=\"robots\" content=\"noindex, follow, max-snippet:-1, max-image-preview:large, max-video-preview:-1\" \/>\n<meta property=\"og:locale\" content=\"es_ES\" \/>\n<meta property=\"og:type\" content=\"article\" \/>\n<meta property=\"og:title\" content=\"Desbrozadoras centrales Hymach para mantenimiento verde\" \/>\n<meta property=\"og:description\" content=\"Las desbrozadoras centrales Hymach son m\u00e1quinas de mantenimiento verde, ideales para cortar hierba y arbustos en el muelle y terraplenes.\" \/>\n<meta property=\"og:url\" content=\"https:\/\/beta.hymach.it\/es\/centrales\/\" \/>\n<meta property=\"og:site_name\" content=\"Hymach\" \/>\n<meta property=\"article:modified_time\" content=\"2025-02-13T11:14:06+00:00\" \/>\n<meta property=\"og:image\" content=\"https:\/\/beta.hymach.it\/wp-content\/uploads\/2018\/05\/extreme.jpg\" \/>\n\t<meta property=\"og:image:width\" content=\"1600\" \/>\n\t<meta property=\"og:image:height\" content=\"1549\" \/>\n\t<meta property=\"og:image:type\" content=\"image\/jpeg\" \/>\n<meta name=\"twitter:label1\" content=\"Est. reading time\" \/>\n\t<meta name=\"twitter:data1\" content=\"3 minutes\" \/>\n<script type=\"application\/ld+json\" class=\"yoast-schema-graph\">{\"@context\":\"https:\\\/\\\/schema.org\",\"@graph\":[{\"@type\":\"WebPage\",\"@id\":\"https:\\\/\\\/beta.hymach.it\\\/es\\\/centrales\\\/\",\"url\":\"https:\\\/\\\/beta.hymach.it\\\/es\\\/centrales\\\/\",\"name\":\"Desbrozadoras centrales Hymach para mantenimiento verde\",\"isPartOf\":{\"@id\":\"https:\\\/\\\/beta.hymach.it\\\/es\\\/#website\"},\"primaryImageOfPage\":{\"@id\":\"https:\\\/\\\/beta.hymach.it\\\/es\\\/centrales\\\/#primaryimage\"},\"image\":{\"@id\":\"https:\\\/\\\/beta.hymach.it\\\/es\\\/centrales\\\/#primaryimage\"},\"thumbnailUrl\":\"https:\\\/\\\/beta.hymach.it\\\/wp-content\\\/uploads\\\/2026\\\/04\\\/Centrali.svg\",\"datePublished\":\"2012-08-27T08:10:40+00:00\",\"dateModified\":\"2025-02-13T11:14:06+00:00\",\"description\":\"Las desbrozadoras centrales Hymach son m\u00e1quinas de mantenimiento verde, ideales para cortar hierba y arbustos en el muelle y terraplenes.\",\"breadcrumb\":{\"@id\":\"https:\\\/\\\/beta.hymach.it\\\/es\\\/centrales\\\/#breadcrumb\"},\"inLanguage\":\"es-ES\",\"potentialAction\":[{\"@type\":\"ReadAction\",\"target\":[\"https:\\\/\\\/beta.hymach.it\\\/es\\\/centrales\\\/\"]}]},{\"@type\":\"ImageObject\",\"inLanguage\":\"es-ES\",\"@id\":\"https:\\\/\\\/beta.hymach.it\\\/es\\\/centrales\\\/#primaryimage\",\"url\":\"https:\\\/\\\/beta.hymach.it\\\/wp-content\\\/uploads\\\/2026\\\/04\\\/Centrali.svg\",\"contentUrl\":\"https:\\\/\\\/beta.hymach.it\\\/wp-content\\\/uploads\\\/2026\\\/04\\\/Centrali.svg\",\"width\":500,\"height\":500},{\"@type\":\"BreadcrumbList\",\"@id\":\"https:\\\/\\\/beta.hymach.it\\\/es\\\/centrales\\\/#breadcrumb\",\"itemListElement\":[{\"@type\":\"ListItem\",\"position\":1,\"name\":\"Home\",\"item\":\"https:\\\/\\\/beta.hymach.it\\\/es\\\/\"},{\"@type\":\"ListItem\",\"position\":2,\"name\":\"Productos\",\"item\":\"https:\\\/\\\/beta.hymach.it\\\/es\\\/productos\\\/\"},{\"@type\":\"ListItem\",\"position\":3,\"name\":\"Desbrozadoras centrales Hymach\"}]},{\"@type\":\"WebSite\",\"@id\":\"https:\\\/\\\/beta.hymach.it\\\/es\\\/#website\",\"url\":\"https:\\\/\\\/beta.hymach.it\\\/es\\\/\",\"name\":\"Hymach\",\"description\":\"Macchine per la manutenzione professionale del verde, semoventi portattrezzi multiuso radiocomandati e macchine per il lavaggio di pannelli solari.\",\"publisher\":{\"@id\":\"https:\\\/\\\/beta.hymach.it\\\/es\\\/#organization\"},\"potentialAction\":[{\"@type\":\"SearchAction\",\"target\":{\"@type\":\"EntryPoint\",\"urlTemplate\":\"https:\\\/\\\/beta.hymach.it\\\/es\\\/?s={search_term_string}\"},\"query-input\":{\"@type\":\"PropertyValueSpecification\",\"valueRequired\":true,\"valueName\":\"search_term_string\"}}],\"inLanguage\":\"es-ES\"},{\"@type\":\"Organization\",\"@id\":\"https:\\\/\\\/beta.hymach.it\\\/es\\\/#organization\",\"name\":\"Hymach\",\"url\":\"https:\\\/\\\/beta.hymach.it\\\/es\\\/\",\"logo\":{\"@type\":\"ImageObject\",\"inLanguage\":\"es-ES\",\"@id\":\"https:\\\/\\\/beta.hymach.it\\\/es\\\/#\\\/schema\\\/logo\\\/image\\\/\",\"url\":\"https:\\\/\\\/beta.hymach.it\\\/wp-content\\\/uploads\\\/2024\\\/08\\\/hymach_logo_2026.svg\",\"contentUrl\":\"https:\\\/\\\/beta.hymach.it\\\/wp-content\\\/uploads\\\/2024\\\/08\\\/hymach_logo_2026.svg\",\"width\":777,\"height\":88,\"caption\":\"Hymach\"},\"image\":{\"@id\":\"https:\\\/\\\/beta.hymach.it\\\/es\\\/#\\\/schema\\\/logo\\\/image\\\/\"}}]}<\/script>\n<!-- \/ Yoast SEO plugin. -->","yoast_head_json":{"title":"Desbrozadoras centrales Hymach para mantenimiento verde","description":"Las desbrozadoras centrales Hymach son m\u00e1quinas de mantenimiento verde, ideales para cortar hierba y arbustos en el muelle y terraplenes.","robots":{"index":"noindex","follow":"follow","max-snippet":"max-snippet:-1","max-image-preview":"max-image-preview:large","max-video-preview":"max-video-preview:-1"},"og_locale":"es_ES","og_type":"article","og_title":"Desbrozadoras centrales Hymach para mantenimiento verde","og_description":"Las desbrozadoras centrales Hymach son m\u00e1quinas de mantenimiento verde, ideales para cortar hierba y arbustos en el muelle y terraplenes.","og_url":"https:\/\/beta.hymach.it\/es\/centrales\/","og_site_name":"Hymach","article_modified_time":"2025-02-13T11:14:06+00:00","og_image":[{"width":1600,"height":1549,"url":"https:\/\/beta.hymach.it\/wp-content\/uploads\/2018\/05\/extreme.jpg","type":"image\/jpeg"}],"twitter_misc":{"Est. reading time":"3 minutes"},"schema":{"@context":"https:\/\/schema.org","@graph":[{"@type":"WebPage","@id":"https:\/\/beta.hymach.it\/es\/centrales\/","url":"https:\/\/beta.hymach.it\/es\/centrales\/","name":"Desbrozadoras centrales Hymach para mantenimiento verde","isPartOf":{"@id":"https:\/\/beta.hymach.it\/es\/#website"},"primaryImageOfPage":{"@id":"https:\/\/beta.hymach.it\/es\/centrales\/#primaryimage"},"image":{"@id":"https:\/\/beta.hymach.it\/es\/centrales\/#primaryimage"},"thumbnailUrl":"https:\/\/beta.hymach.it\/wp-content\/uploads\/2026\/04\/Centrali.svg","datePublished":"2012-08-27T08:10:40+00:00","dateModified":"2025-02-13T11:14:06+00:00","description":"Las desbrozadoras centrales Hymach son m\u00e1quinas de mantenimiento verde, ideales para cortar hierba y arbustos en el muelle y terraplenes.","breadcrumb":{"@id":"https:\/\/beta.hymach.it\/es\/centrales\/#breadcrumb"},"inLanguage":"es-ES","potentialAction":[{"@type":"ReadAction","target":["https:\/\/beta.hymach.it\/es\/centrales\/"]}]},{"@type":"ImageObject","inLanguage":"es-ES","@id":"https:\/\/beta.hymach.it\/es\/centrales\/#primaryimage","url":"https:\/\/beta.hymach.it\/wp-content\/uploads\/2026\/04\/Centrali.svg","contentUrl":"https:\/\/beta.hymach.it\/wp-content\/uploads\/2026\/04\/Centrali.svg","width":500,"height":500},{"@type":"BreadcrumbList","@id":"https:\/\/beta.hymach.it\/es\/centrales\/#breadcrumb","itemListElement":[{"@type":"ListItem","position":1,"name":"Home","item":"https:\/\/beta.hymach.it\/es\/"},{"@type":"ListItem","position":2,"name":"Productos","item":"https:\/\/beta.hymach.it\/es\/productos\/"},{"@type":"ListItem","position":3,"name":"Desbrozadoras centrales Hymach"}]},{"@type":"WebSite","@id":"https:\/\/beta.hymach.it\/es\/#website","url":"https:\/\/beta.hymach.it\/es\/","name":"Hymach","description":"Macchine per la manutenzione professionale del verde, semoventi portattrezzi multiuso radiocomandati e macchine per il lavaggio di pannelli solari.","publisher":{"@id":"https:\/\/beta.hymach.it\/es\/#organization"},"potentialAction":[{"@type":"SearchAction","target":{"@type":"EntryPoint","urlTemplate":"https:\/\/beta.hymach.it\/es\/?s={search_term_string}"},"query-input":{"@type":"PropertyValueSpecification","valueRequired":true,"valueName":"search_term_string"}}],"inLanguage":"es-ES"},{"@type":"Organization","@id":"https:\/\/beta.hymach.it\/es\/#organization","name":"Hymach","url":"https:\/\/beta.hymach.it\/es\/","logo":{"@type":"ImageObject","inLanguage":"es-ES","@id":"https:\/\/beta.hymach.it\/es\/#\/schema\/logo\/image\/","url":"https:\/\/beta.hymach.it\/wp-content\/uploads\/2024\/08\/hymach_logo_2026.svg","contentUrl":"https:\/\/beta.hymach.it\/wp-content\/uploads\/2024\/08\/hymach_logo_2026.svg","width":777,"height":88,"caption":"Hymach"},"image":{"@id":"https:\/\/beta.hymach.it\/es\/#\/schema\/logo\/image\/"}}]}},"_links":{"self":[{"href":"https:\/\/beta.hymach.it\/es\/wp-json\/wp\/v2\/pages\/3948","targetHints":{"allow":["GET"]}}],"collection":[{"href":"https:\/\/beta.hymach.it\/es\/wp-json\/wp\/v2\/pages"}],"about":[{"href":"https:\/\/beta.hymach.it\/es\/wp-json\/wp\/v2\/types\/page"}],"author":[{"embeddable":true,"href":"https:\/\/beta.hymach.it\/es\/wp-json\/wp\/v2\/users\/1"}],"replies":[{"embeddable":true,"href":"https:\/\/beta.hymach.it\/es\/wp-json\/wp\/v2\/comments?post=3948"}],"version-history":[{"count":6,"href":"https:\/\/beta.hymach.it\/es\/wp-json\/wp\/v2\/pages\/3948\/revisions"}],"predecessor-version":[{"id":6976,"href":"https:\/\/beta.hymach.it\/es\/wp-json\/wp\/v2\/pages\/3948\/revisions\/6976"}],"wp:featuredmedia":[{"embeddable":true,"href":"https:\/\/beta.hymach.it\/es\/wp-json\/wp\/v2\/media\/12514"}],"wp:attachment":[{"href":"https:\/\/beta.hymach.it\/es\/wp-json\/wp\/v2\/media?parent=3948"}],"wp:term":[{"taxonomy":"category","embeddable":true,"href":"https:\/\/beta.hymach.it\/es\/wp-json\/wp\/v2\/categories?post=3948"},{"taxonomy":"sector","embeddable":true,"href":"https:\/\/beta.hymach.it\/es\/wp-json\/wp\/v2\/sector?post=3948"},{"taxonomy":"carrier","embeddable":true,"href":"https:\/\/beta.hymach.it\/es\/wp-json\/wp\/v2\/carrier?post=3948"},{"taxonomy":"cat-page","embeddable":true,"href":"https:\/\/beta.hymach.it\/es\/wp-json\/wp\/v2\/cat-page?post=3948"},{"taxonomy":"product-category","embeddable":true,"href":"https:\/\/beta.hymach.it\/es\/wp-json\/wp\/v2\/product-category?post=3948"}],"curies":[{"name":"wp","href":"https:\/\/api.w.org\/{rel}","templated":true}]}}