{"id":4112,"date":"2014-02-18T12:00:33","date_gmt":"2014-02-18T11:00:33","guid":{"rendered":"https:\/\/www.hymach.it\/productos\/aspiradoras\/tornado\/"},"modified":"2025-02-13T15:48:27","modified_gmt":"2025-02-13T14:48:27","slug":"brazo-desbrozador-tornado","status":"publish","type":"page","link":"https:\/\/beta.hymach.it\/es\/aspiradoras\/brazo-desbrozador-tornado\/","title":{"rendered":"Brazo desbrozador Tornado Hymach"},"content":{"rendered":"<p><strong>Las desbrozadoras aspiradoras con brazo oleo-din\u00e1mico con cabezal picador de rotor<\/strong>,<strong>\u00a0<\/strong>a ser aplicado posteriormente a tractores, <strong>son m\u00e1quinas de mantenimiento verde <\/strong>de las carreteras y autopistas, en pendientes, terraplenes a\u00fan profundos, bordes de arroyos y en \u00e1reas campestres. La instalaci\u00f3n de aspiraci\u00f3n de alta potencia garantiza \u00f3ptimos resultados y alta productividad.<\/p>\n<p>Se propone una longitud<strong> de 6 y 8 metros.<\/strong> El terminal siempre es telesc\u00f3pico, de una o dos secciones, para alcanzar los puntos m\u00e1s lejanos, reducir al m\u00ednimo las dimensiones en posici\u00f3n de reposo.<\/p>\n","protected":false},"excerpt":{"rendered":"<p>Las desbrozadoras aspiradoras con brazo oleo-din\u00e1mico con cabezal picador de rotor,\u00a0a ser aplicado posteriormente a tractores, son m\u00e1quinas de mantenimiento verde de las carreteras y autopistas, en pendientes, terraplenes a\u00fan profundos, bordes de arroyos y en \u00e1reas campestres. La instalaci\u00f3n de aspiraci\u00f3n de alta potencia garantiza \u00f3ptimos resultados y alta productividad. Se propone una longitud [&hellip;]<\/p>\n","protected":false},"author":1,"featured_media":9644,"parent":4104,"menu_order":5,"comment_status":"closed","ping_status":"closed","template":"","meta":{"_acf_changed":false,"footnotes":""},"categories":[],"sector":[],"carrier":[],"cat-page":[],"product-category":[121],"class_list":["post-4112","page","type-page","status-publish","has-post-thumbnail","hentry","product-category-brazos-desbrozador-con-aspiracion"],"acf":[],"yoast_head":"<!-- This site is optimized with the Yoast SEO plugin v27.5 - https:\/\/yoast.com\/product\/yoast-seo-wordpress\/ -->\n<title>Brazo desbrozador Tornado Hymach<\/title>\n<meta name=\"description\" content=\"La desbrozadora Tornado Hymach es una m\u00e1quina para el mantenimiento verde, equipado con un sistema de succi\u00f3n mejorado.\" \/>\n<meta name=\"robots\" content=\"noindex, follow, max-snippet:-1, max-image-preview:large, max-video-preview:-1\" \/>\n<meta property=\"og:locale\" content=\"es_ES\" \/>\n<meta property=\"og:type\" content=\"article\" \/>\n<meta property=\"og:title\" content=\"Brazo desbrozador Tornado Hymach\" \/>\n<meta property=\"og:description\" content=\"La desbrozadora Tornado Hymach es una m\u00e1quina para el mantenimiento verde, equipado con un sistema de succi\u00f3n mejorado.\" \/>\n<meta property=\"og:url\" content=\"https:\/\/beta.hymach.it\/es\/aspiradoras\/brazo-desbrozador-tornado\/\" \/>\n<meta property=\"og:site_name\" content=\"Hymach\" \/>\n<meta property=\"article:modified_time\" content=\"2025-02-13T14:48:27+00:00\" \/>\n<meta property=\"og:image\" content=\"https:\/\/beta.hymach.it\/wp-content\/uploads\/2024\/10\/braccio-tagliaerba-tornado-hymach-cover.jpg\" \/>\n\t<meta property=\"og:image:width\" content=\"1675\" \/>\n\t<meta property=\"og:image:height\" content=\"768\" \/>\n\t<meta property=\"og:image:type\" content=\"image\/jpeg\" \/>\n<meta name=\"twitter:label1\" content=\"Est. reading time\" \/>\n\t<meta name=\"twitter:data1\" content=\"1 minute\" \/>\n<script type=\"application\/ld+json\" class=\"yoast-schema-graph\">{\"@context\":\"https:\\\/\\\/schema.org\",\"@graph\":[{\"@type\":\"WebPage\",\"@id\":\"https:\\\/\\\/beta.hymach.it\\\/es\\\/aspiradoras\\\/brazo-desbrozador-tornado\\\/\",\"url\":\"https:\\\/\\\/beta.hymach.it\\\/es\\\/aspiradoras\\\/brazo-desbrozador-tornado\\\/\",\"name\":\"Brazo desbrozador Tornado Hymach\",\"isPartOf\":{\"@id\":\"https:\\\/\\\/beta.hymach.it\\\/es\\\/#website\"},\"primaryImageOfPage\":{\"@id\":\"https:\\\/\\\/beta.hymach.it\\\/es\\\/aspiradoras\\\/brazo-desbrozador-tornado\\\/#primaryimage\"},\"image\":{\"@id\":\"https:\\\/\\\/beta.hymach.it\\\/es\\\/aspiradoras\\\/brazo-desbrozador-tornado\\\/#primaryimage\"},\"thumbnailUrl\":\"https:\\\/\\\/beta.hymach.it\\\/wp-content\\\/uploads\\\/2024\\\/10\\\/braccio-tagliaerba-tornado-hymach-cover.jpg\",\"datePublished\":\"2014-02-18T11:00:33+00:00\",\"dateModified\":\"2025-02-13T14:48:27+00:00\",\"description\":\"La desbrozadora Tornado Hymach es una m\u00e1quina para el mantenimiento verde, equipado con un sistema de succi\u00f3n mejorado.\",\"breadcrumb\":{\"@id\":\"https:\\\/\\\/beta.hymach.it\\\/es\\\/aspiradoras\\\/brazo-desbrozador-tornado\\\/#breadcrumb\"},\"inLanguage\":\"es-ES\",\"potentialAction\":[{\"@type\":\"ReadAction\",\"target\":[\"https:\\\/\\\/beta.hymach.it\\\/es\\\/aspiradoras\\\/brazo-desbrozador-tornado\\\/\"]}]},{\"@type\":\"ImageObject\",\"inLanguage\":\"es-ES\",\"@id\":\"https:\\\/\\\/beta.hymach.it\\\/es\\\/aspiradoras\\\/brazo-desbrozador-tornado\\\/#primaryimage\",\"url\":\"https:\\\/\\\/beta.hymach.it\\\/wp-content\\\/uploads\\\/2024\\\/10\\\/braccio-tagliaerba-tornado-hymach-cover.jpg\",\"contentUrl\":\"https:\\\/\\\/beta.hymach.it\\\/wp-content\\\/uploads\\\/2024\\\/10\\\/braccio-tagliaerba-tornado-hymach-cover.jpg\",\"width\":1675,\"height\":768,\"caption\":\"Braccio tagliaerba aspirante Tornado di Hymach\"},{\"@type\":\"BreadcrumbList\",\"@id\":\"https:\\\/\\\/beta.hymach.it\\\/es\\\/aspiradoras\\\/brazo-desbrozador-tornado\\\/#breadcrumb\",\"itemListElement\":[{\"@type\":\"ListItem\",\"position\":1,\"name\":\"Home\",\"item\":\"https:\\\/\\\/beta.hymach.it\\\/es\\\/\"},{\"@type\":\"ListItem\",\"position\":2,\"name\":\"Productos\",\"item\":\"https:\\\/\\\/beta.hymach.it\\\/es\\\/productos\\\/\"},{\"@type\":\"ListItem\",\"position\":3,\"name\":\"Desbrozadoras aspiradoras Hymach\",\"item\":\"https:\\\/\\\/beta.hymach.it\\\/es\\\/productos\\\/aspiradoras\\\/\"},{\"@type\":\"ListItem\",\"position\":4,\"name\":\"Brazo desbrozador Tornado Hymach\"}]},{\"@type\":\"WebSite\",\"@id\":\"https:\\\/\\\/beta.hymach.it\\\/es\\\/#website\",\"url\":\"https:\\\/\\\/beta.hymach.it\\\/es\\\/\",\"name\":\"Hymach\",\"description\":\"Macchine per la manutenzione professionale del verde, semoventi portattrezzi multiuso radiocomandati e macchine per il lavaggio di pannelli solari.\",\"publisher\":{\"@id\":\"https:\\\/\\\/beta.hymach.it\\\/es\\\/#organization\"},\"potentialAction\":[{\"@type\":\"SearchAction\",\"target\":{\"@type\":\"EntryPoint\",\"urlTemplate\":\"https:\\\/\\\/beta.hymach.it\\\/es\\\/?s={search_term_string}\"},\"query-input\":{\"@type\":\"PropertyValueSpecification\",\"valueRequired\":true,\"valueName\":\"search_term_string\"}}],\"inLanguage\":\"es-ES\"},{\"@type\":\"Organization\",\"@id\":\"https:\\\/\\\/beta.hymach.it\\\/es\\\/#organization\",\"name\":\"Hymach\",\"url\":\"https:\\\/\\\/beta.hymach.it\\\/es\\\/\",\"logo\":{\"@type\":\"ImageObject\",\"inLanguage\":\"es-ES\",\"@id\":\"https:\\\/\\\/beta.hymach.it\\\/es\\\/#\\\/schema\\\/logo\\\/image\\\/\",\"url\":\"https:\\\/\\\/beta.hymach.it\\\/wp-content\\\/uploads\\\/2024\\\/08\\\/hymach_logo_2026.svg\",\"contentUrl\":\"https:\\\/\\\/beta.hymach.it\\\/wp-content\\\/uploads\\\/2024\\\/08\\\/hymach_logo_2026.svg\",\"width\":777,\"height\":88,\"caption\":\"Hymach\"},\"image\":{\"@id\":\"https:\\\/\\\/beta.hymach.it\\\/es\\\/#\\\/schema\\\/logo\\\/image\\\/\"}}]}<\/script>\n<!-- \/ Yoast SEO plugin. -->","yoast_head_json":{"title":"Brazo desbrozador Tornado Hymach","description":"La desbrozadora Tornado Hymach es una m\u00e1quina para el mantenimiento verde, equipado con un sistema de succi\u00f3n mejorado.","robots":{"index":"noindex","follow":"follow","max-snippet":"max-snippet:-1","max-image-preview":"max-image-preview:large","max-video-preview":"max-video-preview:-1"},"og_locale":"es_ES","og_type":"article","og_title":"Brazo desbrozador Tornado Hymach","og_description":"La desbrozadora Tornado Hymach es una m\u00e1quina para el mantenimiento verde, equipado con un sistema de succi\u00f3n mejorado.","og_url":"https:\/\/beta.hymach.it\/es\/aspiradoras\/brazo-desbrozador-tornado\/","og_site_name":"Hymach","article_modified_time":"2025-02-13T14:48:27+00:00","og_image":[{"width":1675,"height":768,"url":"https:\/\/beta.hymach.it\/wp-content\/uploads\/2024\/10\/braccio-tagliaerba-tornado-hymach-cover.jpg","type":"image\/jpeg"}],"twitter_misc":{"Est. reading time":"1 minute"},"schema":{"@context":"https:\/\/schema.org","@graph":[{"@type":"WebPage","@id":"https:\/\/beta.hymach.it\/es\/aspiradoras\/brazo-desbrozador-tornado\/","url":"https:\/\/beta.hymach.it\/es\/aspiradoras\/brazo-desbrozador-tornado\/","name":"Brazo desbrozador Tornado Hymach","isPartOf":{"@id":"https:\/\/beta.hymach.it\/es\/#website"},"primaryImageOfPage":{"@id":"https:\/\/beta.hymach.it\/es\/aspiradoras\/brazo-desbrozador-tornado\/#primaryimage"},"image":{"@id":"https:\/\/beta.hymach.it\/es\/aspiradoras\/brazo-desbrozador-tornado\/#primaryimage"},"thumbnailUrl":"https:\/\/beta.hymach.it\/wp-content\/uploads\/2024\/10\/braccio-tagliaerba-tornado-hymach-cover.jpg","datePublished":"2014-02-18T11:00:33+00:00","dateModified":"2025-02-13T14:48:27+00:00","description":"La desbrozadora Tornado Hymach es una m\u00e1quina para el mantenimiento verde, equipado con un sistema de succi\u00f3n mejorado.","breadcrumb":{"@id":"https:\/\/beta.hymach.it\/es\/aspiradoras\/brazo-desbrozador-tornado\/#breadcrumb"},"inLanguage":"es-ES","potentialAction":[{"@type":"ReadAction","target":["https:\/\/beta.hymach.it\/es\/aspiradoras\/brazo-desbrozador-tornado\/"]}]},{"@type":"ImageObject","inLanguage":"es-ES","@id":"https:\/\/beta.hymach.it\/es\/aspiradoras\/brazo-desbrozador-tornado\/#primaryimage","url":"https:\/\/beta.hymach.it\/wp-content\/uploads\/2024\/10\/braccio-tagliaerba-tornado-hymach-cover.jpg","contentUrl":"https:\/\/beta.hymach.it\/wp-content\/uploads\/2024\/10\/braccio-tagliaerba-tornado-hymach-cover.jpg","width":1675,"height":768,"caption":"Braccio tagliaerba aspirante Tornado di Hymach"},{"@type":"BreadcrumbList","@id":"https:\/\/beta.hymach.it\/es\/aspiradoras\/brazo-desbrozador-tornado\/#breadcrumb","itemListElement":[{"@type":"ListItem","position":1,"name":"Home","item":"https:\/\/beta.hymach.it\/es\/"},{"@type":"ListItem","position":2,"name":"Productos","item":"https:\/\/beta.hymach.it\/es\/productos\/"},{"@type":"ListItem","position":3,"name":"Desbrozadoras aspiradoras Hymach","item":"https:\/\/beta.hymach.it\/es\/productos\/aspiradoras\/"},{"@type":"ListItem","position":4,"name":"Brazo desbrozador Tornado Hymach"}]},{"@type":"WebSite","@id":"https:\/\/beta.hymach.it\/es\/#website","url":"https:\/\/beta.hymach.it\/es\/","name":"Hymach","description":"Macchine per la manutenzione professionale del verde, semoventi portattrezzi multiuso radiocomandati e macchine per il lavaggio di pannelli solari.","publisher":{"@id":"https:\/\/beta.hymach.it\/es\/#organization"},"potentialAction":[{"@type":"SearchAction","target":{"@type":"EntryPoint","urlTemplate":"https:\/\/beta.hymach.it\/es\/?s={search_term_string}"},"query-input":{"@type":"PropertyValueSpecification","valueRequired":true,"valueName":"search_term_string"}}],"inLanguage":"es-ES"},{"@type":"Organization","@id":"https:\/\/beta.hymach.it\/es\/#organization","name":"Hymach","url":"https:\/\/beta.hymach.it\/es\/","logo":{"@type":"ImageObject","inLanguage":"es-ES","@id":"https:\/\/beta.hymach.it\/es\/#\/schema\/logo\/image\/","url":"https:\/\/beta.hymach.it\/wp-content\/uploads\/2024\/08\/hymach_logo_2026.svg","contentUrl":"https:\/\/beta.hymach.it\/wp-content\/uploads\/2024\/08\/hymach_logo_2026.svg","width":777,"height":88,"caption":"Hymach"},"image":{"@id":"https:\/\/beta.hymach.it\/es\/#\/schema\/logo\/image\/"}}]}},"_links":{"self":[{"href":"https:\/\/beta.hymach.it\/es\/wp-json\/wp\/v2\/pages\/4112","targetHints":{"allow":["GET"]}}],"collection":[{"href":"https:\/\/beta.hymach.it\/es\/wp-json\/wp\/v2\/pages"}],"about":[{"href":"https:\/\/beta.hymach.it\/es\/wp-json\/wp\/v2\/types\/page"}],"author":[{"embeddable":true,"href":"https:\/\/beta.hymach.it\/es\/wp-json\/wp\/v2\/users\/1"}],"replies":[{"embeddable":true,"href":"https:\/\/beta.hymach.it\/es\/wp-json\/wp\/v2\/comments?post=4112"}],"version-history":[{"count":4,"href":"https:\/\/beta.hymach.it\/es\/wp-json\/wp\/v2\/pages\/4112\/revisions"}],"predecessor-version":[{"id":11427,"href":"https:\/\/beta.hymach.it\/es\/wp-json\/wp\/v2\/pages\/4112\/revisions\/11427"}],"up":[{"embeddable":true,"href":"https:\/\/beta.hymach.it\/es\/wp-json\/wp\/v2\/pages\/4104"}],"wp:featuredmedia":[{"embeddable":true,"href":"https:\/\/beta.hymach.it\/es\/wp-json\/wp\/v2\/media\/9644"}],"wp:attachment":[{"href":"https:\/\/beta.hymach.it\/es\/wp-json\/wp\/v2\/media?parent=4112"}],"wp:term":[{"taxonomy":"category","embeddable":true,"href":"https:\/\/beta.hymach.it\/es\/wp-json\/wp\/v2\/categories?post=4112"},{"taxonomy":"sector","embeddable":true,"href":"https:\/\/beta.hymach.it\/es\/wp-json\/wp\/v2\/sector?post=4112"},{"taxonomy":"carrier","embeddable":true,"href":"https:\/\/beta.hymach.it\/es\/wp-json\/wp\/v2\/carrier?post=4112"},{"taxonomy":"cat-page","embeddable":true,"href":"https:\/\/beta.hymach.it\/es\/wp-json\/wp\/v2\/cat-page?post=4112"},{"taxonomy":"product-category","embeddable":true,"href":"https:\/\/beta.hymach.it\/es\/wp-json\/wp\/v2\/product-category?post=4112"}],"curies":[{"name":"wp","href":"https:\/\/api.w.org\/{rel}","templated":true}]}}