{"id":4362,"date":"2014-02-18T15:52:14","date_gmt":"2014-02-18T14:52:14","guid":{"rendered":"https:\/\/www.hymach.it\/productos\/cabezales-picadores\/tsl\/"},"modified":"2025-02-12T17:51:13","modified_gmt":"2025-02-12T16:51:13","slug":"trituradora-tsl","status":"publish","type":"page","link":"https:\/\/beta.hymach.it\/es\/cabezales-picadores\/trituradora-tsl\/","title":{"rendered":"Trituradora TSL Hymach"},"content":{"rendered":"<div class=\"row\">\n<div class=\"large-12 columns fullWidth\">\n<div class=\"main contenttesto\">\n<p><strong>Picadoras TSL&nbsp;de banda media.<\/strong>&nbsp;La transmisi\u00f3n motor-rotor puede ser directa o indirecta. Est\u00e1n disponibles anchos de corte \u00fatil de<strong> 100 cm y de 120 cm.<\/strong><\/p>\n<\/div>\n<\/div>\n<\/div>\n<div class=\"row fullWidth-footer\">\n<div class=\"large-12 small-12 columns footer\"><\/div>\n<\/div>\n","protected":false},"excerpt":{"rendered":"<p>Picadoras TSL&nbsp;de banda media.&nbsp;La transmisi\u00f3n motor-rotor puede ser directa o indirecta. Est\u00e1n disponibles anchos de corte \u00fatil de 100 cm y de 120 cm.<\/p>\n","protected":false},"author":1,"featured_media":3310,"parent":4328,"menu_order":364,"comment_status":"closed","ping_status":"closed","template":"","meta":{"_acf_changed":false,"footnotes":""},"categories":[],"sector":[],"carrier":[],"cat-page":[],"product-category":[],"class_list":["post-4362","page","type-page","status-publish","has-post-thumbnail","hentry"],"acf":[],"yoast_head":"<!-- This site is optimized with the Yoast SEO plugin v27.4 - https:\/\/yoast.com\/product\/yoast-seo-wordpress\/ -->\n<title>Trituradora TSL Hymach<\/title>\n<meta name=\"description\" content=\"La trituradora TSL Hymach, es una m\u00e1quina para el mantenimiento verde, con transmisi\u00f3n motor-rotor que puede ser directa o indirecta.\" \/>\n<meta name=\"robots\" content=\"noindex, follow, max-snippet:-1, max-image-preview:large, max-video-preview:-1\" \/>\n<meta property=\"og:locale\" content=\"es_ES\" \/>\n<meta property=\"og:type\" content=\"article\" \/>\n<meta property=\"og:title\" content=\"Trituradora TSL Hymach\" \/>\n<meta property=\"og:description\" content=\"La trituradora TSL Hymach, es una m\u00e1quina para el mantenimiento verde, con transmisi\u00f3n motor-rotor que puede ser directa o indirecta.\" \/>\n<meta property=\"og:url\" content=\"https:\/\/beta.hymach.it\/es\/cabezales-picadores\/trituradora-tsl\/\" \/>\n<meta property=\"og:site_name\" content=\"Hymach\" \/>\n<meta property=\"article:modified_time\" content=\"2025-02-12T16:51:13+00:00\" \/>\n<meta property=\"og:image\" content=\"https:\/\/beta.hymach.it\/wp-content\/uploads\/2018\/05\/Trinciatrici-TSL.jpg\" \/>\n\t<meta property=\"og:image:width\" content=\"500\" \/>\n\t<meta property=\"og:image:height\" content=\"371\" \/>\n\t<meta property=\"og:image:type\" content=\"image\/jpeg\" \/>\n<meta name=\"twitter:label1\" content=\"Est. reading time\" \/>\n\t<meta name=\"twitter:data1\" content=\"1 minute\" \/>\n<script type=\"application\/ld+json\" class=\"yoast-schema-graph\">{\"@context\":\"https:\\\/\\\/schema.org\",\"@graph\":[{\"@type\":\"WebPage\",\"@id\":\"https:\\\/\\\/beta.hymach.it\\\/es\\\/cabezales-picadores\\\/trituradora-tsl\\\/\",\"url\":\"https:\\\/\\\/beta.hymach.it\\\/es\\\/cabezales-picadores\\\/trituradora-tsl\\\/\",\"name\":\"Trituradora TSL Hymach\",\"isPartOf\":{\"@id\":\"https:\\\/\\\/beta.hymach.it\\\/es\\\/#website\"},\"primaryImageOfPage\":{\"@id\":\"https:\\\/\\\/beta.hymach.it\\\/es\\\/cabezales-picadores\\\/trituradora-tsl\\\/#primaryimage\"},\"image\":{\"@id\":\"https:\\\/\\\/beta.hymach.it\\\/es\\\/cabezales-picadores\\\/trituradora-tsl\\\/#primaryimage\"},\"thumbnailUrl\":\"https:\\\/\\\/beta.hymach.it\\\/wp-content\\\/uploads\\\/2018\\\/05\\\/Trinciatrici-TSL.jpg\",\"datePublished\":\"2014-02-18T14:52:14+00:00\",\"dateModified\":\"2025-02-12T16:51:13+00:00\",\"description\":\"La trituradora TSL Hymach, es una m\u00e1quina para el mantenimiento verde, con transmisi\u00f3n motor-rotor que puede ser directa o indirecta.\",\"breadcrumb\":{\"@id\":\"https:\\\/\\\/beta.hymach.it\\\/es\\\/cabezales-picadores\\\/trituradora-tsl\\\/#breadcrumb\"},\"inLanguage\":\"es-ES\",\"potentialAction\":[{\"@type\":\"ReadAction\",\"target\":[\"https:\\\/\\\/beta.hymach.it\\\/es\\\/cabezales-picadores\\\/trituradora-tsl\\\/\"]}]},{\"@type\":\"ImageObject\",\"inLanguage\":\"es-ES\",\"@id\":\"https:\\\/\\\/beta.hymach.it\\\/es\\\/cabezales-picadores\\\/trituradora-tsl\\\/#primaryimage\",\"url\":\"https:\\\/\\\/beta.hymach.it\\\/wp-content\\\/uploads\\\/2018\\\/05\\\/Trinciatrici-TSL.jpg\",\"contentUrl\":\"https:\\\/\\\/beta.hymach.it\\\/wp-content\\\/uploads\\\/2018\\\/05\\\/Trinciatrici-TSL.jpg\",\"width\":500,\"height\":371},{\"@type\":\"BreadcrumbList\",\"@id\":\"https:\\\/\\\/beta.hymach.it\\\/es\\\/cabezales-picadores\\\/trituradora-tsl\\\/#breadcrumb\",\"itemListElement\":[{\"@type\":\"ListItem\",\"position\":1,\"name\":\"Home\",\"item\":\"https:\\\/\\\/beta.hymach.it\\\/es\\\/\"},{\"@type\":\"ListItem\",\"position\":2,\"name\":\"Productos\",\"item\":\"https:\\\/\\\/beta.hymach.it\\\/es\\\/productos\\\/\"},{\"@type\":\"ListItem\",\"position\":3,\"name\":\"Cabezales picadores Hymach\",\"item\":\"https:\\\/\\\/beta.hymach.it\\\/es\\\/productos\\\/cabezales-picadores\\\/\"},{\"@type\":\"ListItem\",\"position\":4,\"name\":\"Trituradora TSL Hymach\"}]},{\"@type\":\"WebSite\",\"@id\":\"https:\\\/\\\/beta.hymach.it\\\/es\\\/#website\",\"url\":\"https:\\\/\\\/beta.hymach.it\\\/es\\\/\",\"name\":\"Hymach\",\"description\":\"Macchine per la manutenzione professionale del verde, semoventi portattrezzi multiuso radiocomandati e macchine per il lavaggio di pannelli solari.\",\"publisher\":{\"@id\":\"https:\\\/\\\/beta.hymach.it\\\/es\\\/#organization\"},\"potentialAction\":[{\"@type\":\"SearchAction\",\"target\":{\"@type\":\"EntryPoint\",\"urlTemplate\":\"https:\\\/\\\/beta.hymach.it\\\/es\\\/?s={search_term_string}\"},\"query-input\":{\"@type\":\"PropertyValueSpecification\",\"valueRequired\":true,\"valueName\":\"search_term_string\"}}],\"inLanguage\":\"es-ES\"},{\"@type\":\"Organization\",\"@id\":\"https:\\\/\\\/beta.hymach.it\\\/es\\\/#organization\",\"name\":\"Hymach\",\"url\":\"https:\\\/\\\/beta.hymach.it\\\/es\\\/\",\"logo\":{\"@type\":\"ImageObject\",\"inLanguage\":\"es-ES\",\"@id\":\"https:\\\/\\\/beta.hymach.it\\\/es\\\/#\\\/schema\\\/logo\\\/image\\\/\",\"url\":\"https:\\\/\\\/beta.hymach.it\\\/wp-content\\\/uploads\\\/2024\\\/08\\\/hymach_logo_2026.svg\",\"contentUrl\":\"https:\\\/\\\/beta.hymach.it\\\/wp-content\\\/uploads\\\/2024\\\/08\\\/hymach_logo_2026.svg\",\"width\":777,\"height\":88,\"caption\":\"Hymach\"},\"image\":{\"@id\":\"https:\\\/\\\/beta.hymach.it\\\/es\\\/#\\\/schema\\\/logo\\\/image\\\/\"}}]}<\/script>\n<!-- \/ Yoast SEO plugin. -->","yoast_head_json":{"title":"Trituradora TSL Hymach","description":"La trituradora TSL Hymach, es una m\u00e1quina para el mantenimiento verde, con transmisi\u00f3n motor-rotor que puede ser directa o indirecta.","robots":{"index":"noindex","follow":"follow","max-snippet":"max-snippet:-1","max-image-preview":"max-image-preview:large","max-video-preview":"max-video-preview:-1"},"og_locale":"es_ES","og_type":"article","og_title":"Trituradora TSL Hymach","og_description":"La trituradora TSL Hymach, es una m\u00e1quina para el mantenimiento verde, con transmisi\u00f3n motor-rotor que puede ser directa o indirecta.","og_url":"https:\/\/beta.hymach.it\/es\/cabezales-picadores\/trituradora-tsl\/","og_site_name":"Hymach","article_modified_time":"2025-02-12T16:51:13+00:00","og_image":[{"width":500,"height":371,"url":"https:\/\/beta.hymach.it\/wp-content\/uploads\/2018\/05\/Trinciatrici-TSL.jpg","type":"image\/jpeg"}],"twitter_misc":{"Est. reading time":"1 minute"},"schema":{"@context":"https:\/\/schema.org","@graph":[{"@type":"WebPage","@id":"https:\/\/beta.hymach.it\/es\/cabezales-picadores\/trituradora-tsl\/","url":"https:\/\/beta.hymach.it\/es\/cabezales-picadores\/trituradora-tsl\/","name":"Trituradora TSL Hymach","isPartOf":{"@id":"https:\/\/beta.hymach.it\/es\/#website"},"primaryImageOfPage":{"@id":"https:\/\/beta.hymach.it\/es\/cabezales-picadores\/trituradora-tsl\/#primaryimage"},"image":{"@id":"https:\/\/beta.hymach.it\/es\/cabezales-picadores\/trituradora-tsl\/#primaryimage"},"thumbnailUrl":"https:\/\/beta.hymach.it\/wp-content\/uploads\/2018\/05\/Trinciatrici-TSL.jpg","datePublished":"2014-02-18T14:52:14+00:00","dateModified":"2025-02-12T16:51:13+00:00","description":"La trituradora TSL Hymach, es una m\u00e1quina para el mantenimiento verde, con transmisi\u00f3n motor-rotor que puede ser directa o indirecta.","breadcrumb":{"@id":"https:\/\/beta.hymach.it\/es\/cabezales-picadores\/trituradora-tsl\/#breadcrumb"},"inLanguage":"es-ES","potentialAction":[{"@type":"ReadAction","target":["https:\/\/beta.hymach.it\/es\/cabezales-picadores\/trituradora-tsl\/"]}]},{"@type":"ImageObject","inLanguage":"es-ES","@id":"https:\/\/beta.hymach.it\/es\/cabezales-picadores\/trituradora-tsl\/#primaryimage","url":"https:\/\/beta.hymach.it\/wp-content\/uploads\/2018\/05\/Trinciatrici-TSL.jpg","contentUrl":"https:\/\/beta.hymach.it\/wp-content\/uploads\/2018\/05\/Trinciatrici-TSL.jpg","width":500,"height":371},{"@type":"BreadcrumbList","@id":"https:\/\/beta.hymach.it\/es\/cabezales-picadores\/trituradora-tsl\/#breadcrumb","itemListElement":[{"@type":"ListItem","position":1,"name":"Home","item":"https:\/\/beta.hymach.it\/es\/"},{"@type":"ListItem","position":2,"name":"Productos","item":"https:\/\/beta.hymach.it\/es\/productos\/"},{"@type":"ListItem","position":3,"name":"Cabezales picadores Hymach","item":"https:\/\/beta.hymach.it\/es\/productos\/cabezales-picadores\/"},{"@type":"ListItem","position":4,"name":"Trituradora TSL Hymach"}]},{"@type":"WebSite","@id":"https:\/\/beta.hymach.it\/es\/#website","url":"https:\/\/beta.hymach.it\/es\/","name":"Hymach","description":"Macchine per la manutenzione professionale del verde, semoventi portattrezzi multiuso radiocomandati e macchine per il lavaggio di pannelli solari.","publisher":{"@id":"https:\/\/beta.hymach.it\/es\/#organization"},"potentialAction":[{"@type":"SearchAction","target":{"@type":"EntryPoint","urlTemplate":"https:\/\/beta.hymach.it\/es\/?s={search_term_string}"},"query-input":{"@type":"PropertyValueSpecification","valueRequired":true,"valueName":"search_term_string"}}],"inLanguage":"es-ES"},{"@type":"Organization","@id":"https:\/\/beta.hymach.it\/es\/#organization","name":"Hymach","url":"https:\/\/beta.hymach.it\/es\/","logo":{"@type":"ImageObject","inLanguage":"es-ES","@id":"https:\/\/beta.hymach.it\/es\/#\/schema\/logo\/image\/","url":"https:\/\/beta.hymach.it\/wp-content\/uploads\/2024\/08\/hymach_logo_2026.svg","contentUrl":"https:\/\/beta.hymach.it\/wp-content\/uploads\/2024\/08\/hymach_logo_2026.svg","width":777,"height":88,"caption":"Hymach"},"image":{"@id":"https:\/\/beta.hymach.it\/es\/#\/schema\/logo\/image\/"}}]}},"_links":{"self":[{"href":"https:\/\/beta.hymach.it\/es\/wp-json\/wp\/v2\/pages\/4362","targetHints":{"allow":["GET"]}}],"collection":[{"href":"https:\/\/beta.hymach.it\/es\/wp-json\/wp\/v2\/pages"}],"about":[{"href":"https:\/\/beta.hymach.it\/es\/wp-json\/wp\/v2\/types\/page"}],"author":[{"embeddable":true,"href":"https:\/\/beta.hymach.it\/es\/wp-json\/wp\/v2\/users\/1"}],"replies":[{"embeddable":true,"href":"https:\/\/beta.hymach.it\/es\/wp-json\/wp\/v2\/comments?post=4362"}],"version-history":[{"count":4,"href":"https:\/\/beta.hymach.it\/es\/wp-json\/wp\/v2\/pages\/4362\/revisions"}],"predecessor-version":[{"id":11233,"href":"https:\/\/beta.hymach.it\/es\/wp-json\/wp\/v2\/pages\/4362\/revisions\/11233"}],"up":[{"embeddable":true,"href":"https:\/\/beta.hymach.it\/es\/wp-json\/wp\/v2\/pages\/4328"}],"wp:featuredmedia":[{"embeddable":true,"href":"https:\/\/beta.hymach.it\/es\/wp-json\/wp\/v2\/media\/3310"}],"wp:attachment":[{"href":"https:\/\/beta.hymach.it\/es\/wp-json\/wp\/v2\/media?parent=4362"}],"wp:term":[{"taxonomy":"category","embeddable":true,"href":"https:\/\/beta.hymach.it\/es\/wp-json\/wp\/v2\/categories?post=4362"},{"taxonomy":"sector","embeddable":true,"href":"https:\/\/beta.hymach.it\/es\/wp-json\/wp\/v2\/sector?post=4362"},{"taxonomy":"carrier","embeddable":true,"href":"https:\/\/beta.hymach.it\/es\/wp-json\/wp\/v2\/carrier?post=4362"},{"taxonomy":"cat-page","embeddable":true,"href":"https:\/\/beta.hymach.it\/es\/wp-json\/wp\/v2\/cat-page?post=4362"},{"taxonomy":"product-category","embeddable":true,"href":"https:\/\/beta.hymach.it\/es\/wp-json\/wp\/v2\/product-category?post=4362"}],"curies":[{"name":"wp","href":"https:\/\/api.w.org\/{rel}","templated":true}]}}