{"id":4395,"date":"2014-02-10T16:00:47","date_gmt":"2014-02-10T15:00:47","guid":{"rendered":"https:\/\/www.hymach.it\/productos\/cabezales-picadores\/dts\/"},"modified":"2025-02-12T17:20:21","modified_gmt":"2025-02-12T16:20:21","slug":"trituradora-dts-hymach","status":"publish","type":"page","link":"https:\/\/beta.hymach.it\/es\/cabezales-picadores\/trituradora-dts-hymach\/","title":{"rendered":"Trituradora DTS Hymach"},"content":{"rendered":"<div class=\"row\">\n<div class=\"large-12 columns fullWidth\">\n<div class=\"main contenttesto\">\n<p><strong>Picadoras DTS equipadas con grupo segador adicional<\/strong>&nbsp;para la siega en presencia de obst\u00e1culos. La transmisi\u00f3n motor-rotor es indirecta Se disponen largos de corte \u00fatil de 100 cm y de 120 cm.<\/p>\n<\/div>\n<\/div>\n<\/div>\n<div class=\"row fullWidth-footer\">\n<div class=\"large-12 small-12 columns footer\"><\/div>\n<\/div>\n","protected":false},"excerpt":{"rendered":"<p>Picadoras DTS equipadas con grupo segador adicional&nbsp;para la siega en presencia de obst\u00e1culos. La transmisi\u00f3n motor-rotor es indirecta Se disponen largos de corte \u00fatil de 100 cm y de 120 cm.<\/p>\n","protected":false},"author":1,"featured_media":3286,"parent":4328,"menu_order":330,"comment_status":"closed","ping_status":"closed","template":"","meta":{"_acf_changed":false,"footnotes":""},"categories":[],"sector":[],"carrier":[],"cat-page":[],"product-category":[],"class_list":["post-4395","page","type-page","status-publish","has-post-thumbnail","hentry"],"acf":[],"yoast_head":"<!-- This site is optimized with the Yoast SEO plugin v27.4 - https:\/\/yoast.com\/product\/yoast-seo-wordpress\/ -->\n<title>Trituradora DTS Hymach<\/title>\n<meta name=\"description\" content=\"La trituradora DTS Hymach, es una m\u00e1quina para el mantenimiento verde, equipado con una unidad de siega adicional para segar en presencia de obst\u00e1culos.\" \/>\n<meta name=\"robots\" content=\"noindex, follow, max-snippet:-1, max-image-preview:large, max-video-preview:-1\" \/>\n<meta property=\"og:locale\" content=\"es_ES\" \/>\n<meta property=\"og:type\" content=\"article\" \/>\n<meta property=\"og:title\" content=\"Trituradora DTS Hymach\" \/>\n<meta property=\"og:description\" content=\"La trituradora DTS Hymach, es una m\u00e1quina para el mantenimiento verde, equipado con una unidad de siega adicional para segar en presencia de obst\u00e1culos.\" \/>\n<meta property=\"og:url\" content=\"https:\/\/beta.hymach.it\/es\/cabezales-picadores\/trituradora-dts-hymach\/\" \/>\n<meta property=\"og:site_name\" content=\"Hymach\" \/>\n<meta property=\"article:modified_time\" content=\"2025-02-12T16:20:21+00:00\" \/>\n<meta property=\"og:image\" content=\"https:\/\/beta.hymach.it\/wp-content\/uploads\/2018\/05\/Trinciatrici-DTS.jpg\" \/>\n\t<meta property=\"og:image:width\" content=\"500\" \/>\n\t<meta property=\"og:image:height\" content=\"375\" \/>\n\t<meta property=\"og:image:type\" content=\"image\/jpeg\" \/>\n<meta name=\"twitter:label1\" content=\"Est. reading time\" \/>\n\t<meta name=\"twitter:data1\" content=\"1 minute\" \/>\n<script type=\"application\/ld+json\" class=\"yoast-schema-graph\">{\"@context\":\"https:\\\/\\\/schema.org\",\"@graph\":[{\"@type\":\"WebPage\",\"@id\":\"https:\\\/\\\/beta.hymach.it\\\/es\\\/cabezales-picadores\\\/trituradora-dts-hymach\\\/\",\"url\":\"https:\\\/\\\/beta.hymach.it\\\/es\\\/cabezales-picadores\\\/trituradora-dts-hymach\\\/\",\"name\":\"Trituradora DTS Hymach\",\"isPartOf\":{\"@id\":\"https:\\\/\\\/beta.hymach.it\\\/es\\\/#website\"},\"primaryImageOfPage\":{\"@id\":\"https:\\\/\\\/beta.hymach.it\\\/es\\\/cabezales-picadores\\\/trituradora-dts-hymach\\\/#primaryimage\"},\"image\":{\"@id\":\"https:\\\/\\\/beta.hymach.it\\\/es\\\/cabezales-picadores\\\/trituradora-dts-hymach\\\/#primaryimage\"},\"thumbnailUrl\":\"https:\\\/\\\/beta.hymach.it\\\/wp-content\\\/uploads\\\/2018\\\/05\\\/Trinciatrici-DTS.jpg\",\"datePublished\":\"2014-02-10T15:00:47+00:00\",\"dateModified\":\"2025-02-12T16:20:21+00:00\",\"description\":\"La trituradora DTS Hymach, es una m\u00e1quina para el mantenimiento verde, equipado con una unidad de siega adicional para segar en presencia de obst\u00e1culos.\",\"breadcrumb\":{\"@id\":\"https:\\\/\\\/beta.hymach.it\\\/es\\\/cabezales-picadores\\\/trituradora-dts-hymach\\\/#breadcrumb\"},\"inLanguage\":\"es-ES\",\"potentialAction\":[{\"@type\":\"ReadAction\",\"target\":[\"https:\\\/\\\/beta.hymach.it\\\/es\\\/cabezales-picadores\\\/trituradora-dts-hymach\\\/\"]}]},{\"@type\":\"ImageObject\",\"inLanguage\":\"es-ES\",\"@id\":\"https:\\\/\\\/beta.hymach.it\\\/es\\\/cabezales-picadores\\\/trituradora-dts-hymach\\\/#primaryimage\",\"url\":\"https:\\\/\\\/beta.hymach.it\\\/wp-content\\\/uploads\\\/2018\\\/05\\\/Trinciatrici-DTS.jpg\",\"contentUrl\":\"https:\\\/\\\/beta.hymach.it\\\/wp-content\\\/uploads\\\/2018\\\/05\\\/Trinciatrici-DTS.jpg\",\"width\":500,\"height\":375},{\"@type\":\"BreadcrumbList\",\"@id\":\"https:\\\/\\\/beta.hymach.it\\\/es\\\/cabezales-picadores\\\/trituradora-dts-hymach\\\/#breadcrumb\",\"itemListElement\":[{\"@type\":\"ListItem\",\"position\":1,\"name\":\"Home\",\"item\":\"https:\\\/\\\/beta.hymach.it\\\/es\\\/\"},{\"@type\":\"ListItem\",\"position\":2,\"name\":\"Productos\",\"item\":\"https:\\\/\\\/beta.hymach.it\\\/es\\\/productos\\\/\"},{\"@type\":\"ListItem\",\"position\":3,\"name\":\"Cabezales picadores Hymach\",\"item\":\"https:\\\/\\\/beta.hymach.it\\\/es\\\/productos\\\/cabezales-picadores\\\/\"},{\"@type\":\"ListItem\",\"position\":4,\"name\":\"Trituradora DTS Hymach\"}]},{\"@type\":\"WebSite\",\"@id\":\"https:\\\/\\\/beta.hymach.it\\\/es\\\/#website\",\"url\":\"https:\\\/\\\/beta.hymach.it\\\/es\\\/\",\"name\":\"Hymach\",\"description\":\"Macchine per la manutenzione professionale del verde, semoventi portattrezzi multiuso radiocomandati e macchine per il lavaggio di pannelli solari.\",\"publisher\":{\"@id\":\"https:\\\/\\\/beta.hymach.it\\\/es\\\/#organization\"},\"potentialAction\":[{\"@type\":\"SearchAction\",\"target\":{\"@type\":\"EntryPoint\",\"urlTemplate\":\"https:\\\/\\\/beta.hymach.it\\\/es\\\/?s={search_term_string}\"},\"query-input\":{\"@type\":\"PropertyValueSpecification\",\"valueRequired\":true,\"valueName\":\"search_term_string\"}}],\"inLanguage\":\"es-ES\"},{\"@type\":\"Organization\",\"@id\":\"https:\\\/\\\/beta.hymach.it\\\/es\\\/#organization\",\"name\":\"Hymach\",\"url\":\"https:\\\/\\\/beta.hymach.it\\\/es\\\/\",\"logo\":{\"@type\":\"ImageObject\",\"inLanguage\":\"es-ES\",\"@id\":\"https:\\\/\\\/beta.hymach.it\\\/es\\\/#\\\/schema\\\/logo\\\/image\\\/\",\"url\":\"https:\\\/\\\/beta.hymach.it\\\/wp-content\\\/uploads\\\/2024\\\/08\\\/hymach_logo_2026.svg\",\"contentUrl\":\"https:\\\/\\\/beta.hymach.it\\\/wp-content\\\/uploads\\\/2024\\\/08\\\/hymach_logo_2026.svg\",\"width\":777,\"height\":88,\"caption\":\"Hymach\"},\"image\":{\"@id\":\"https:\\\/\\\/beta.hymach.it\\\/es\\\/#\\\/schema\\\/logo\\\/image\\\/\"}}]}<\/script>\n<!-- \/ Yoast SEO plugin. -->","yoast_head_json":{"title":"Trituradora DTS Hymach","description":"La trituradora DTS Hymach, es una m\u00e1quina para el mantenimiento verde, equipado con una unidad de siega adicional para segar en presencia de obst\u00e1culos.","robots":{"index":"noindex","follow":"follow","max-snippet":"max-snippet:-1","max-image-preview":"max-image-preview:large","max-video-preview":"max-video-preview:-1"},"og_locale":"es_ES","og_type":"article","og_title":"Trituradora DTS Hymach","og_description":"La trituradora DTS Hymach, es una m\u00e1quina para el mantenimiento verde, equipado con una unidad de siega adicional para segar en presencia de obst\u00e1culos.","og_url":"https:\/\/beta.hymach.it\/es\/cabezales-picadores\/trituradora-dts-hymach\/","og_site_name":"Hymach","article_modified_time":"2025-02-12T16:20:21+00:00","og_image":[{"width":500,"height":375,"url":"https:\/\/beta.hymach.it\/wp-content\/uploads\/2018\/05\/Trinciatrici-DTS.jpg","type":"image\/jpeg"}],"twitter_misc":{"Est. reading time":"1 minute"},"schema":{"@context":"https:\/\/schema.org","@graph":[{"@type":"WebPage","@id":"https:\/\/beta.hymach.it\/es\/cabezales-picadores\/trituradora-dts-hymach\/","url":"https:\/\/beta.hymach.it\/es\/cabezales-picadores\/trituradora-dts-hymach\/","name":"Trituradora DTS Hymach","isPartOf":{"@id":"https:\/\/beta.hymach.it\/es\/#website"},"primaryImageOfPage":{"@id":"https:\/\/beta.hymach.it\/es\/cabezales-picadores\/trituradora-dts-hymach\/#primaryimage"},"image":{"@id":"https:\/\/beta.hymach.it\/es\/cabezales-picadores\/trituradora-dts-hymach\/#primaryimage"},"thumbnailUrl":"https:\/\/beta.hymach.it\/wp-content\/uploads\/2018\/05\/Trinciatrici-DTS.jpg","datePublished":"2014-02-10T15:00:47+00:00","dateModified":"2025-02-12T16:20:21+00:00","description":"La trituradora DTS Hymach, es una m\u00e1quina para el mantenimiento verde, equipado con una unidad de siega adicional para segar en presencia de obst\u00e1culos.","breadcrumb":{"@id":"https:\/\/beta.hymach.it\/es\/cabezales-picadores\/trituradora-dts-hymach\/#breadcrumb"},"inLanguage":"es-ES","potentialAction":[{"@type":"ReadAction","target":["https:\/\/beta.hymach.it\/es\/cabezales-picadores\/trituradora-dts-hymach\/"]}]},{"@type":"ImageObject","inLanguage":"es-ES","@id":"https:\/\/beta.hymach.it\/es\/cabezales-picadores\/trituradora-dts-hymach\/#primaryimage","url":"https:\/\/beta.hymach.it\/wp-content\/uploads\/2018\/05\/Trinciatrici-DTS.jpg","contentUrl":"https:\/\/beta.hymach.it\/wp-content\/uploads\/2018\/05\/Trinciatrici-DTS.jpg","width":500,"height":375},{"@type":"BreadcrumbList","@id":"https:\/\/beta.hymach.it\/es\/cabezales-picadores\/trituradora-dts-hymach\/#breadcrumb","itemListElement":[{"@type":"ListItem","position":1,"name":"Home","item":"https:\/\/beta.hymach.it\/es\/"},{"@type":"ListItem","position":2,"name":"Productos","item":"https:\/\/beta.hymach.it\/es\/productos\/"},{"@type":"ListItem","position":3,"name":"Cabezales picadores Hymach","item":"https:\/\/beta.hymach.it\/es\/productos\/cabezales-picadores\/"},{"@type":"ListItem","position":4,"name":"Trituradora DTS Hymach"}]},{"@type":"WebSite","@id":"https:\/\/beta.hymach.it\/es\/#website","url":"https:\/\/beta.hymach.it\/es\/","name":"Hymach","description":"Macchine per la manutenzione professionale del verde, semoventi portattrezzi multiuso radiocomandati e macchine per il lavaggio di pannelli solari.","publisher":{"@id":"https:\/\/beta.hymach.it\/es\/#organization"},"potentialAction":[{"@type":"SearchAction","target":{"@type":"EntryPoint","urlTemplate":"https:\/\/beta.hymach.it\/es\/?s={search_term_string}"},"query-input":{"@type":"PropertyValueSpecification","valueRequired":true,"valueName":"search_term_string"}}],"inLanguage":"es-ES"},{"@type":"Organization","@id":"https:\/\/beta.hymach.it\/es\/#organization","name":"Hymach","url":"https:\/\/beta.hymach.it\/es\/","logo":{"@type":"ImageObject","inLanguage":"es-ES","@id":"https:\/\/beta.hymach.it\/es\/#\/schema\/logo\/image\/","url":"https:\/\/beta.hymach.it\/wp-content\/uploads\/2024\/08\/hymach_logo_2026.svg","contentUrl":"https:\/\/beta.hymach.it\/wp-content\/uploads\/2024\/08\/hymach_logo_2026.svg","width":777,"height":88,"caption":"Hymach"},"image":{"@id":"https:\/\/beta.hymach.it\/es\/#\/schema\/logo\/image\/"}}]}},"_links":{"self":[{"href":"https:\/\/beta.hymach.it\/es\/wp-json\/wp\/v2\/pages\/4395","targetHints":{"allow":["GET"]}}],"collection":[{"href":"https:\/\/beta.hymach.it\/es\/wp-json\/wp\/v2\/pages"}],"about":[{"href":"https:\/\/beta.hymach.it\/es\/wp-json\/wp\/v2\/types\/page"}],"author":[{"embeddable":true,"href":"https:\/\/beta.hymach.it\/es\/wp-json\/wp\/v2\/users\/1"}],"replies":[{"embeddable":true,"href":"https:\/\/beta.hymach.it\/es\/wp-json\/wp\/v2\/comments?post=4395"}],"version-history":[{"count":4,"href":"https:\/\/beta.hymach.it\/es\/wp-json\/wp\/v2\/pages\/4395\/revisions"}],"predecessor-version":[{"id":11210,"href":"https:\/\/beta.hymach.it\/es\/wp-json\/wp\/v2\/pages\/4395\/revisions\/11210"}],"up":[{"embeddable":true,"href":"https:\/\/beta.hymach.it\/es\/wp-json\/wp\/v2\/pages\/4328"}],"wp:featuredmedia":[{"embeddable":true,"href":"https:\/\/beta.hymach.it\/es\/wp-json\/wp\/v2\/media\/3286"}],"wp:attachment":[{"href":"https:\/\/beta.hymach.it\/es\/wp-json\/wp\/v2\/media?parent=4395"}],"wp:term":[{"taxonomy":"category","embeddable":true,"href":"https:\/\/beta.hymach.it\/es\/wp-json\/wp\/v2\/categories?post=4395"},{"taxonomy":"sector","embeddable":true,"href":"https:\/\/beta.hymach.it\/es\/wp-json\/wp\/v2\/sector?post=4395"},{"taxonomy":"carrier","embeddable":true,"href":"https:\/\/beta.hymach.it\/es\/wp-json\/wp\/v2\/carrier?post=4395"},{"taxonomy":"cat-page","embeddable":true,"href":"https:\/\/beta.hymach.it\/es\/wp-json\/wp\/v2\/cat-page?post=4395"},{"taxonomy":"product-category","embeddable":true,"href":"https:\/\/beta.hymach.it\/es\/wp-json\/wp\/v2\/product-category?post=4395"}],"curies":[{"name":"wp","href":"https:\/\/api.w.org\/{rel}","templated":true}]}}