{"id":4408,"date":"2014-02-12T15:42:57","date_gmt":"2014-02-12T14:42:57","guid":{"rendered":"https:\/\/www.hymach.it\/productos\/cabezales-picadores\/tf\/"},"modified":"2025-02-13T10:52:39","modified_gmt":"2025-02-13T09:52:39","slug":"trituradora-tf-hymach","status":"publish","type":"page","link":"https:\/\/beta.hymach.it\/es\/cabezales-picadores\/trituradora-tf-hymach\/","title":{"rendered":"Trituradora TF Hymach"},"content":{"rendered":"<div class=\"row\">\n<div class=\"large-12 columns fullWidth\">\n<div class=\"main contenttesto\">\n<p><strong>Picadoras para trabajos forestales<\/strong>. Est\u00e1n equipadas con armazones cortadoras de ramas. La transmisi\u00f3n motor-rotor es indirecta Actualmente la longitud de corte \u00fatil disponible es de <strong>120 cm.<\/strong><\/p>\n<\/div>\n<\/div>\n<\/div>\n<div class=\"row fullWidth-footer\">\n<div class=\"large-12 small-12 columns footer\"><\/div>\n<\/div>\n","protected":false},"excerpt":{"rendered":"<p>Picadoras para trabajos forestales. Est\u00e1n equipadas con armazones cortadoras de ramas. La transmisi\u00f3n motor-rotor es indirecta Actualmente la longitud de corte \u00fatil disponible es de 120 cm.<\/p>\n","protected":false},"author":1,"featured_media":3290,"parent":4328,"menu_order":338,"comment_status":"closed","ping_status":"closed","template":"","meta":{"_acf_changed":false,"footnotes":""},"categories":[],"sector":[],"carrier":[],"cat-page":[],"product-category":[],"class_list":["post-4408","page","type-page","status-publish","has-post-thumbnail","hentry"],"acf":[],"yoast_head":"<!-- This site is optimized with the Yoast SEO plugin v27.4 - https:\/\/yoast.com\/product\/yoast-seo-wordpress\/ -->\n<title>Trituradora TF Hymach<\/title>\n<meta name=\"description\" content=\"La cabezal picador TF Hymach, es una m\u00e1quina para el mantenimiento verde, ideal para la siega forestal\" \/>\n<meta name=\"robots\" content=\"noindex, follow, max-snippet:-1, max-image-preview:large, max-video-preview:-1\" \/>\n<meta property=\"og:locale\" content=\"es_ES\" \/>\n<meta property=\"og:type\" content=\"article\" \/>\n<meta property=\"og:title\" content=\"Trituradora TF Hymach\" \/>\n<meta property=\"og:description\" content=\"La cabezal picador TF Hymach, es una m\u00e1quina para el mantenimiento verde, ideal para la siega forestal\" \/>\n<meta property=\"og:url\" content=\"https:\/\/beta.hymach.it\/es\/cabezales-picadores\/trituradora-tf-hymach\/\" \/>\n<meta property=\"og:site_name\" content=\"Hymach\" \/>\n<meta property=\"article:modified_time\" content=\"2025-02-13T09:52:39+00:00\" \/>\n<meta property=\"og:image\" content=\"https:\/\/beta.hymach.it\/wp-content\/uploads\/2018\/05\/Trinciatrici-TF.jpg\" \/>\n\t<meta property=\"og:image:width\" content=\"500\" \/>\n\t<meta property=\"og:image:height\" content=\"366\" \/>\n\t<meta property=\"og:image:type\" content=\"image\/jpeg\" \/>\n<meta name=\"twitter:label1\" content=\"Est. reading time\" \/>\n\t<meta name=\"twitter:data1\" content=\"1 minute\" \/>\n<script type=\"application\/ld+json\" class=\"yoast-schema-graph\">{\"@context\":\"https:\\\/\\\/schema.org\",\"@graph\":[{\"@type\":\"WebPage\",\"@id\":\"https:\\\/\\\/beta.hymach.it\\\/es\\\/cabezales-picadores\\\/trituradora-tf-hymach\\\/\",\"url\":\"https:\\\/\\\/beta.hymach.it\\\/es\\\/cabezales-picadores\\\/trituradora-tf-hymach\\\/\",\"name\":\"Trituradora TF Hymach\",\"isPartOf\":{\"@id\":\"https:\\\/\\\/beta.hymach.it\\\/es\\\/#website\"},\"primaryImageOfPage\":{\"@id\":\"https:\\\/\\\/beta.hymach.it\\\/es\\\/cabezales-picadores\\\/trituradora-tf-hymach\\\/#primaryimage\"},\"image\":{\"@id\":\"https:\\\/\\\/beta.hymach.it\\\/es\\\/cabezales-picadores\\\/trituradora-tf-hymach\\\/#primaryimage\"},\"thumbnailUrl\":\"https:\\\/\\\/beta.hymach.it\\\/wp-content\\\/uploads\\\/2018\\\/05\\\/Trinciatrici-TF.jpg\",\"datePublished\":\"2014-02-12T14:42:57+00:00\",\"dateModified\":\"2025-02-13T09:52:39+00:00\",\"description\":\"La cabezal picador TF Hymach, es una m\u00e1quina para el mantenimiento verde, ideal para la siega forestal\",\"breadcrumb\":{\"@id\":\"https:\\\/\\\/beta.hymach.it\\\/es\\\/cabezales-picadores\\\/trituradora-tf-hymach\\\/#breadcrumb\"},\"inLanguage\":\"es-ES\",\"potentialAction\":[{\"@type\":\"ReadAction\",\"target\":[\"https:\\\/\\\/beta.hymach.it\\\/es\\\/cabezales-picadores\\\/trituradora-tf-hymach\\\/\"]}]},{\"@type\":\"ImageObject\",\"inLanguage\":\"es-ES\",\"@id\":\"https:\\\/\\\/beta.hymach.it\\\/es\\\/cabezales-picadores\\\/trituradora-tf-hymach\\\/#primaryimage\",\"url\":\"https:\\\/\\\/beta.hymach.it\\\/wp-content\\\/uploads\\\/2018\\\/05\\\/Trinciatrici-TF.jpg\",\"contentUrl\":\"https:\\\/\\\/beta.hymach.it\\\/wp-content\\\/uploads\\\/2018\\\/05\\\/Trinciatrici-TF.jpg\",\"width\":500,\"height\":366},{\"@type\":\"BreadcrumbList\",\"@id\":\"https:\\\/\\\/beta.hymach.it\\\/es\\\/cabezales-picadores\\\/trituradora-tf-hymach\\\/#breadcrumb\",\"itemListElement\":[{\"@type\":\"ListItem\",\"position\":1,\"name\":\"Home\",\"item\":\"https:\\\/\\\/beta.hymach.it\\\/es\\\/\"},{\"@type\":\"ListItem\",\"position\":2,\"name\":\"Productos\",\"item\":\"https:\\\/\\\/beta.hymach.it\\\/es\\\/productos\\\/\"},{\"@type\":\"ListItem\",\"position\":3,\"name\":\"Cabezales picadores Hymach\",\"item\":\"https:\\\/\\\/beta.hymach.it\\\/es\\\/productos\\\/cabezales-picadores\\\/\"},{\"@type\":\"ListItem\",\"position\":4,\"name\":\"Trituradora TF Hymach\"}]},{\"@type\":\"WebSite\",\"@id\":\"https:\\\/\\\/beta.hymach.it\\\/es\\\/#website\",\"url\":\"https:\\\/\\\/beta.hymach.it\\\/es\\\/\",\"name\":\"Hymach\",\"description\":\"Macchine per la manutenzione professionale del verde, semoventi portattrezzi multiuso radiocomandati e macchine per il lavaggio di pannelli solari.\",\"publisher\":{\"@id\":\"https:\\\/\\\/beta.hymach.it\\\/es\\\/#organization\"},\"potentialAction\":[{\"@type\":\"SearchAction\",\"target\":{\"@type\":\"EntryPoint\",\"urlTemplate\":\"https:\\\/\\\/beta.hymach.it\\\/es\\\/?s={search_term_string}\"},\"query-input\":{\"@type\":\"PropertyValueSpecification\",\"valueRequired\":true,\"valueName\":\"search_term_string\"}}],\"inLanguage\":\"es-ES\"},{\"@type\":\"Organization\",\"@id\":\"https:\\\/\\\/beta.hymach.it\\\/es\\\/#organization\",\"name\":\"Hymach\",\"url\":\"https:\\\/\\\/beta.hymach.it\\\/es\\\/\",\"logo\":{\"@type\":\"ImageObject\",\"inLanguage\":\"es-ES\",\"@id\":\"https:\\\/\\\/beta.hymach.it\\\/es\\\/#\\\/schema\\\/logo\\\/image\\\/\",\"url\":\"https:\\\/\\\/beta.hymach.it\\\/wp-content\\\/uploads\\\/2024\\\/08\\\/hymach_logo_2026.svg\",\"contentUrl\":\"https:\\\/\\\/beta.hymach.it\\\/wp-content\\\/uploads\\\/2024\\\/08\\\/hymach_logo_2026.svg\",\"width\":777,\"height\":88,\"caption\":\"Hymach\"},\"image\":{\"@id\":\"https:\\\/\\\/beta.hymach.it\\\/es\\\/#\\\/schema\\\/logo\\\/image\\\/\"}}]}<\/script>\n<!-- \/ Yoast SEO plugin. -->","yoast_head_json":{"title":"Trituradora TF Hymach","description":"La cabezal picador TF Hymach, es una m\u00e1quina para el mantenimiento verde, ideal para la siega forestal","robots":{"index":"noindex","follow":"follow","max-snippet":"max-snippet:-1","max-image-preview":"max-image-preview:large","max-video-preview":"max-video-preview:-1"},"og_locale":"es_ES","og_type":"article","og_title":"Trituradora TF Hymach","og_description":"La cabezal picador TF Hymach, es una m\u00e1quina para el mantenimiento verde, ideal para la siega forestal","og_url":"https:\/\/beta.hymach.it\/es\/cabezales-picadores\/trituradora-tf-hymach\/","og_site_name":"Hymach","article_modified_time":"2025-02-13T09:52:39+00:00","og_image":[{"width":500,"height":366,"url":"https:\/\/beta.hymach.it\/wp-content\/uploads\/2018\/05\/Trinciatrici-TF.jpg","type":"image\/jpeg"}],"twitter_misc":{"Est. reading time":"1 minute"},"schema":{"@context":"https:\/\/schema.org","@graph":[{"@type":"WebPage","@id":"https:\/\/beta.hymach.it\/es\/cabezales-picadores\/trituradora-tf-hymach\/","url":"https:\/\/beta.hymach.it\/es\/cabezales-picadores\/trituradora-tf-hymach\/","name":"Trituradora TF Hymach","isPartOf":{"@id":"https:\/\/beta.hymach.it\/es\/#website"},"primaryImageOfPage":{"@id":"https:\/\/beta.hymach.it\/es\/cabezales-picadores\/trituradora-tf-hymach\/#primaryimage"},"image":{"@id":"https:\/\/beta.hymach.it\/es\/cabezales-picadores\/trituradora-tf-hymach\/#primaryimage"},"thumbnailUrl":"https:\/\/beta.hymach.it\/wp-content\/uploads\/2018\/05\/Trinciatrici-TF.jpg","datePublished":"2014-02-12T14:42:57+00:00","dateModified":"2025-02-13T09:52:39+00:00","description":"La cabezal picador TF Hymach, es una m\u00e1quina para el mantenimiento verde, ideal para la siega forestal","breadcrumb":{"@id":"https:\/\/beta.hymach.it\/es\/cabezales-picadores\/trituradora-tf-hymach\/#breadcrumb"},"inLanguage":"es-ES","potentialAction":[{"@type":"ReadAction","target":["https:\/\/beta.hymach.it\/es\/cabezales-picadores\/trituradora-tf-hymach\/"]}]},{"@type":"ImageObject","inLanguage":"es-ES","@id":"https:\/\/beta.hymach.it\/es\/cabezales-picadores\/trituradora-tf-hymach\/#primaryimage","url":"https:\/\/beta.hymach.it\/wp-content\/uploads\/2018\/05\/Trinciatrici-TF.jpg","contentUrl":"https:\/\/beta.hymach.it\/wp-content\/uploads\/2018\/05\/Trinciatrici-TF.jpg","width":500,"height":366},{"@type":"BreadcrumbList","@id":"https:\/\/beta.hymach.it\/es\/cabezales-picadores\/trituradora-tf-hymach\/#breadcrumb","itemListElement":[{"@type":"ListItem","position":1,"name":"Home","item":"https:\/\/beta.hymach.it\/es\/"},{"@type":"ListItem","position":2,"name":"Productos","item":"https:\/\/beta.hymach.it\/es\/productos\/"},{"@type":"ListItem","position":3,"name":"Cabezales picadores Hymach","item":"https:\/\/beta.hymach.it\/es\/productos\/cabezales-picadores\/"},{"@type":"ListItem","position":4,"name":"Trituradora TF Hymach"}]},{"@type":"WebSite","@id":"https:\/\/beta.hymach.it\/es\/#website","url":"https:\/\/beta.hymach.it\/es\/","name":"Hymach","description":"Macchine per la manutenzione professionale del verde, semoventi portattrezzi multiuso radiocomandati e macchine per il lavaggio di pannelli solari.","publisher":{"@id":"https:\/\/beta.hymach.it\/es\/#organization"},"potentialAction":[{"@type":"SearchAction","target":{"@type":"EntryPoint","urlTemplate":"https:\/\/beta.hymach.it\/es\/?s={search_term_string}"},"query-input":{"@type":"PropertyValueSpecification","valueRequired":true,"valueName":"search_term_string"}}],"inLanguage":"es-ES"},{"@type":"Organization","@id":"https:\/\/beta.hymach.it\/es\/#organization","name":"Hymach","url":"https:\/\/beta.hymach.it\/es\/","logo":{"@type":"ImageObject","inLanguage":"es-ES","@id":"https:\/\/beta.hymach.it\/es\/#\/schema\/logo\/image\/","url":"https:\/\/beta.hymach.it\/wp-content\/uploads\/2024\/08\/hymach_logo_2026.svg","contentUrl":"https:\/\/beta.hymach.it\/wp-content\/uploads\/2024\/08\/hymach_logo_2026.svg","width":777,"height":88,"caption":"Hymach"},"image":{"@id":"https:\/\/beta.hymach.it\/es\/#\/schema\/logo\/image\/"}}]}},"_links":{"self":[{"href":"https:\/\/beta.hymach.it\/es\/wp-json\/wp\/v2\/pages\/4408","targetHints":{"allow":["GET"]}}],"collection":[{"href":"https:\/\/beta.hymach.it\/es\/wp-json\/wp\/v2\/pages"}],"about":[{"href":"https:\/\/beta.hymach.it\/es\/wp-json\/wp\/v2\/types\/page"}],"author":[{"embeddable":true,"href":"https:\/\/beta.hymach.it\/es\/wp-json\/wp\/v2\/users\/1"}],"replies":[{"embeddable":true,"href":"https:\/\/beta.hymach.it\/es\/wp-json\/wp\/v2\/comments?post=4408"}],"version-history":[{"count":4,"href":"https:\/\/beta.hymach.it\/es\/wp-json\/wp\/v2\/pages\/4408\/revisions"}],"predecessor-version":[{"id":11238,"href":"https:\/\/beta.hymach.it\/es\/wp-json\/wp\/v2\/pages\/4408\/revisions\/11238"}],"up":[{"embeddable":true,"href":"https:\/\/beta.hymach.it\/es\/wp-json\/wp\/v2\/pages\/4328"}],"wp:featuredmedia":[{"embeddable":true,"href":"https:\/\/beta.hymach.it\/es\/wp-json\/wp\/v2\/media\/3290"}],"wp:attachment":[{"href":"https:\/\/beta.hymach.it\/es\/wp-json\/wp\/v2\/media?parent=4408"}],"wp:term":[{"taxonomy":"category","embeddable":true,"href":"https:\/\/beta.hymach.it\/es\/wp-json\/wp\/v2\/categories?post=4408"},{"taxonomy":"sector","embeddable":true,"href":"https:\/\/beta.hymach.it\/es\/wp-json\/wp\/v2\/sector?post=4408"},{"taxonomy":"carrier","embeddable":true,"href":"https:\/\/beta.hymach.it\/es\/wp-json\/wp\/v2\/carrier?post=4408"},{"taxonomy":"cat-page","embeddable":true,"href":"https:\/\/beta.hymach.it\/es\/wp-json\/wp\/v2\/cat-page?post=4408"},{"taxonomy":"product-category","embeddable":true,"href":"https:\/\/beta.hymach.it\/es\/wp-json\/wp\/v2\/product-category?post=4408"}],"curies":[{"name":"wp","href":"https:\/\/api.w.org\/{rel}","templated":true}]}}