{"id":4441,"date":"2018-05-02T15:24:26","date_gmt":"2018-05-02T13:24:26","guid":{"rendered":"https:\/\/www.hymach.it\/productos\/pulidoras\/pulitrice-guard-rail-woody\/"},"modified":"2025-02-12T15:37:21","modified_gmt":"2025-02-12T14:37:21","slug":"woody","status":"publish","type":"page","link":"https:\/\/beta.hymach.it\/es\/productos\/pulidoras\/woody\/","title":{"rendered":"Maquina Woody Hymach para la regeneracion de gard-rails de madera"},"content":{"rendered":"<p>Con cepillos rotativos trabaja tambi\u00e9n <strong>WOODY<\/strong>, <strong>m\u00e1quina para la regeneraci\u00f3n de gard-rails de madera.<\/strong> Los cepillos quitan suavemente la p\u00e1tina de la madera que puede ser vuelta a tratar para volver a otorgar a la barrera el aspecto original. El material extra\u00eddo es aspirado de tal manera a no esparcir polvos en el aire. Puede aplicarse sobre cualquier medio sin un automotor apropiado a soportarlo.<\/p>\n","protected":false},"excerpt":{"rendered":"<p>Con cepillos rotativos trabaja tambi\u00e9n WOODY, m\u00e1quina para la regeneraci\u00f3n de gard-rails de madera. Los cepillos quitan suavemente la p\u00e1tina de la madera que puede ser vuelta a tratar para volver a otorgar a la barrera el aspecto original. El material extra\u00eddo es aspirado de tal manera a no esparcir polvos en el aire. Puede [&hellip;]<\/p>\n","protected":false},"author":1,"featured_media":3354,"parent":4429,"menu_order":397,"comment_status":"closed","ping_status":"closed","template":"","meta":{"_acf_changed":false,"footnotes":""},"categories":[],"sector":[],"carrier":[],"cat-page":[],"product-category":[121,127],"class_list":["post-4441","page","type-page","status-publish","has-post-thumbnail","hentry","product-category-brazos-desbrozador-con-aspiracion","product-category-maquinas-para-la-limpieza-de-paneles-solares"],"acf":[],"yoast_head":"<!-- This site is optimized with the Yoast SEO plugin v27.4 - https:\/\/yoast.com\/product\/yoast-seo-wordpress\/ -->\n<title>Maquina Woody Hymach para la regeneracion de gard-rails de madera<\/title>\n<meta name=\"description\" content=\"El limpiador Hymach Woody es la m\u00e1quina con cepillos giratorios que elimina la p\u00e1tina de suciedad de la barandilla de madera. Desc\u00fabrelo ahora.\" \/>\n<meta name=\"robots\" content=\"noindex, follow, max-snippet:-1, max-image-preview:large, max-video-preview:-1\" \/>\n<meta property=\"og:locale\" content=\"es_ES\" \/>\n<meta property=\"og:type\" content=\"article\" \/>\n<meta property=\"og:title\" content=\"Maquina Woody Hymach para la regeneracion de gard-rails de madera\" \/>\n<meta property=\"og:description\" content=\"El limpiador Hymach Woody es la m\u00e1quina con cepillos giratorios que elimina la p\u00e1tina de suciedad de la barandilla de madera. Desc\u00fabrelo ahora.\" \/>\n<meta property=\"og:url\" content=\"https:\/\/beta.hymach.it\/es\/productos\/pulidoras\/woody\/\" \/>\n<meta property=\"og:site_name\" content=\"Hymach\" \/>\n<meta property=\"article:modified_time\" content=\"2025-02-12T14:37:21+00:00\" \/>\n<meta property=\"og:image\" content=\"https:\/\/beta.hymach.it\/wp-content\/uploads\/2018\/05\/pulitrici-Woody.jpg\" \/>\n\t<meta property=\"og:image:width\" content=\"500\" \/>\n\t<meta property=\"og:image:height\" content=\"605\" \/>\n\t<meta property=\"og:image:type\" content=\"image\/jpeg\" \/>\n<meta name=\"twitter:label1\" content=\"Est. reading time\" \/>\n\t<meta name=\"twitter:data1\" content=\"1 minute\" \/>\n<script type=\"application\/ld+json\" class=\"yoast-schema-graph\">{\"@context\":\"https:\\\/\\\/schema.org\",\"@graph\":[{\"@type\":\"WebPage\",\"@id\":\"https:\\\/\\\/beta.hymach.it\\\/es\\\/productos\\\/pulidoras\\\/woody\\\/\",\"url\":\"https:\\\/\\\/beta.hymach.it\\\/es\\\/productos\\\/pulidoras\\\/woody\\\/\",\"name\":\"Maquina Woody Hymach para la regeneracion de gard-rails de madera\",\"isPartOf\":{\"@id\":\"https:\\\/\\\/beta.hymach.it\\\/es\\\/#website\"},\"primaryImageOfPage\":{\"@id\":\"https:\\\/\\\/beta.hymach.it\\\/es\\\/productos\\\/pulidoras\\\/woody\\\/#primaryimage\"},\"image\":{\"@id\":\"https:\\\/\\\/beta.hymach.it\\\/es\\\/productos\\\/pulidoras\\\/woody\\\/#primaryimage\"},\"thumbnailUrl\":\"https:\\\/\\\/beta.hymach.it\\\/wp-content\\\/uploads\\\/2018\\\/05\\\/pulitrici-Woody.jpg\",\"datePublished\":\"2018-05-02T13:24:26+00:00\",\"dateModified\":\"2025-02-12T14:37:21+00:00\",\"description\":\"El limpiador Hymach Woody es la m\u00e1quina con cepillos giratorios que elimina la p\u00e1tina de suciedad de la barandilla de madera. Desc\u00fabrelo ahora.\",\"breadcrumb\":{\"@id\":\"https:\\\/\\\/beta.hymach.it\\\/es\\\/productos\\\/pulidoras\\\/woody\\\/#breadcrumb\"},\"inLanguage\":\"es-ES\",\"potentialAction\":[{\"@type\":\"ReadAction\",\"target\":[\"https:\\\/\\\/beta.hymach.it\\\/es\\\/productos\\\/pulidoras\\\/woody\\\/\"]}]},{\"@type\":\"ImageObject\",\"inLanguage\":\"es-ES\",\"@id\":\"https:\\\/\\\/beta.hymach.it\\\/es\\\/productos\\\/pulidoras\\\/woody\\\/#primaryimage\",\"url\":\"https:\\\/\\\/beta.hymach.it\\\/wp-content\\\/uploads\\\/2018\\\/05\\\/pulitrici-Woody.jpg\",\"contentUrl\":\"https:\\\/\\\/beta.hymach.it\\\/wp-content\\\/uploads\\\/2018\\\/05\\\/pulitrici-Woody.jpg\",\"width\":500,\"height\":605,\"caption\":\"Woody Hymach\"},{\"@type\":\"BreadcrumbList\",\"@id\":\"https:\\\/\\\/beta.hymach.it\\\/es\\\/productos\\\/pulidoras\\\/woody\\\/#breadcrumb\",\"itemListElement\":[{\"@type\":\"ListItem\",\"position\":1,\"name\":\"Home\",\"item\":\"https:\\\/\\\/beta.hymach.it\\\/es\\\/\"},{\"@type\":\"ListItem\",\"position\":2,\"name\":\"Productos\",\"item\":\"https:\\\/\\\/beta.hymach.it\\\/es\\\/productos\\\/\"},{\"@type\":\"ListItem\",\"position\":3,\"name\":\"Pulidoras Hymach\",\"item\":\"https:\\\/\\\/beta.hymach.it\\\/es\\\/productos\\\/pulidoras\\\/\"},{\"@type\":\"ListItem\",\"position\":4,\"name\":\"Maquina Woody Hymach para la regeneracion de gard-rails de madera\"}]},{\"@type\":\"WebSite\",\"@id\":\"https:\\\/\\\/beta.hymach.it\\\/es\\\/#website\",\"url\":\"https:\\\/\\\/beta.hymach.it\\\/es\\\/\",\"name\":\"Hymach\",\"description\":\"Macchine per la manutenzione professionale del verde, semoventi portattrezzi multiuso radiocomandati e macchine per il lavaggio di pannelli solari.\",\"publisher\":{\"@id\":\"https:\\\/\\\/beta.hymach.it\\\/es\\\/#organization\"},\"potentialAction\":[{\"@type\":\"SearchAction\",\"target\":{\"@type\":\"EntryPoint\",\"urlTemplate\":\"https:\\\/\\\/beta.hymach.it\\\/es\\\/?s={search_term_string}\"},\"query-input\":{\"@type\":\"PropertyValueSpecification\",\"valueRequired\":true,\"valueName\":\"search_term_string\"}}],\"inLanguage\":\"es-ES\"},{\"@type\":\"Organization\",\"@id\":\"https:\\\/\\\/beta.hymach.it\\\/es\\\/#organization\",\"name\":\"Hymach\",\"url\":\"https:\\\/\\\/beta.hymach.it\\\/es\\\/\",\"logo\":{\"@type\":\"ImageObject\",\"inLanguage\":\"es-ES\",\"@id\":\"https:\\\/\\\/beta.hymach.it\\\/es\\\/#\\\/schema\\\/logo\\\/image\\\/\",\"url\":\"https:\\\/\\\/beta.hymach.it\\\/wp-content\\\/uploads\\\/2024\\\/08\\\/hymach_logo_2026.svg\",\"contentUrl\":\"https:\\\/\\\/beta.hymach.it\\\/wp-content\\\/uploads\\\/2024\\\/08\\\/hymach_logo_2026.svg\",\"width\":777,\"height\":88,\"caption\":\"Hymach\"},\"image\":{\"@id\":\"https:\\\/\\\/beta.hymach.it\\\/es\\\/#\\\/schema\\\/logo\\\/image\\\/\"}}]}<\/script>\n<!-- \/ Yoast SEO plugin. -->","yoast_head_json":{"title":"Maquina Woody Hymach para la regeneracion de gard-rails de madera","description":"El limpiador Hymach Woody es la m\u00e1quina con cepillos giratorios que elimina la p\u00e1tina de suciedad de la barandilla de madera. Desc\u00fabrelo ahora.","robots":{"index":"noindex","follow":"follow","max-snippet":"max-snippet:-1","max-image-preview":"max-image-preview:large","max-video-preview":"max-video-preview:-1"},"og_locale":"es_ES","og_type":"article","og_title":"Maquina Woody Hymach para la regeneracion de gard-rails de madera","og_description":"El limpiador Hymach Woody es la m\u00e1quina con cepillos giratorios que elimina la p\u00e1tina de suciedad de la barandilla de madera. Desc\u00fabrelo ahora.","og_url":"https:\/\/beta.hymach.it\/es\/productos\/pulidoras\/woody\/","og_site_name":"Hymach","article_modified_time":"2025-02-12T14:37:21+00:00","og_image":[{"width":500,"height":605,"url":"https:\/\/beta.hymach.it\/wp-content\/uploads\/2018\/05\/pulitrici-Woody.jpg","type":"image\/jpeg"}],"twitter_misc":{"Est. reading time":"1 minute"},"schema":{"@context":"https:\/\/schema.org","@graph":[{"@type":"WebPage","@id":"https:\/\/beta.hymach.it\/es\/productos\/pulidoras\/woody\/","url":"https:\/\/beta.hymach.it\/es\/productos\/pulidoras\/woody\/","name":"Maquina Woody Hymach para la regeneracion de gard-rails de madera","isPartOf":{"@id":"https:\/\/beta.hymach.it\/es\/#website"},"primaryImageOfPage":{"@id":"https:\/\/beta.hymach.it\/es\/productos\/pulidoras\/woody\/#primaryimage"},"image":{"@id":"https:\/\/beta.hymach.it\/es\/productos\/pulidoras\/woody\/#primaryimage"},"thumbnailUrl":"https:\/\/beta.hymach.it\/wp-content\/uploads\/2018\/05\/pulitrici-Woody.jpg","datePublished":"2018-05-02T13:24:26+00:00","dateModified":"2025-02-12T14:37:21+00:00","description":"El limpiador Hymach Woody es la m\u00e1quina con cepillos giratorios que elimina la p\u00e1tina de suciedad de la barandilla de madera. Desc\u00fabrelo ahora.","breadcrumb":{"@id":"https:\/\/beta.hymach.it\/es\/productos\/pulidoras\/woody\/#breadcrumb"},"inLanguage":"es-ES","potentialAction":[{"@type":"ReadAction","target":["https:\/\/beta.hymach.it\/es\/productos\/pulidoras\/woody\/"]}]},{"@type":"ImageObject","inLanguage":"es-ES","@id":"https:\/\/beta.hymach.it\/es\/productos\/pulidoras\/woody\/#primaryimage","url":"https:\/\/beta.hymach.it\/wp-content\/uploads\/2018\/05\/pulitrici-Woody.jpg","contentUrl":"https:\/\/beta.hymach.it\/wp-content\/uploads\/2018\/05\/pulitrici-Woody.jpg","width":500,"height":605,"caption":"Woody Hymach"},{"@type":"BreadcrumbList","@id":"https:\/\/beta.hymach.it\/es\/productos\/pulidoras\/woody\/#breadcrumb","itemListElement":[{"@type":"ListItem","position":1,"name":"Home","item":"https:\/\/beta.hymach.it\/es\/"},{"@type":"ListItem","position":2,"name":"Productos","item":"https:\/\/beta.hymach.it\/es\/productos\/"},{"@type":"ListItem","position":3,"name":"Pulidoras Hymach","item":"https:\/\/beta.hymach.it\/es\/productos\/pulidoras\/"},{"@type":"ListItem","position":4,"name":"Maquina Woody Hymach para la regeneracion de gard-rails de madera"}]},{"@type":"WebSite","@id":"https:\/\/beta.hymach.it\/es\/#website","url":"https:\/\/beta.hymach.it\/es\/","name":"Hymach","description":"Macchine per la manutenzione professionale del verde, semoventi portattrezzi multiuso radiocomandati e macchine per il lavaggio di pannelli solari.","publisher":{"@id":"https:\/\/beta.hymach.it\/es\/#organization"},"potentialAction":[{"@type":"SearchAction","target":{"@type":"EntryPoint","urlTemplate":"https:\/\/beta.hymach.it\/es\/?s={search_term_string}"},"query-input":{"@type":"PropertyValueSpecification","valueRequired":true,"valueName":"search_term_string"}}],"inLanguage":"es-ES"},{"@type":"Organization","@id":"https:\/\/beta.hymach.it\/es\/#organization","name":"Hymach","url":"https:\/\/beta.hymach.it\/es\/","logo":{"@type":"ImageObject","inLanguage":"es-ES","@id":"https:\/\/beta.hymach.it\/es\/#\/schema\/logo\/image\/","url":"https:\/\/beta.hymach.it\/wp-content\/uploads\/2024\/08\/hymach_logo_2026.svg","contentUrl":"https:\/\/beta.hymach.it\/wp-content\/uploads\/2024\/08\/hymach_logo_2026.svg","width":777,"height":88,"caption":"Hymach"},"image":{"@id":"https:\/\/beta.hymach.it\/es\/#\/schema\/logo\/image\/"}}]}},"_links":{"self":[{"href":"https:\/\/beta.hymach.it\/es\/wp-json\/wp\/v2\/pages\/4441","targetHints":{"allow":["GET"]}}],"collection":[{"href":"https:\/\/beta.hymach.it\/es\/wp-json\/wp\/v2\/pages"}],"about":[{"href":"https:\/\/beta.hymach.it\/es\/wp-json\/wp\/v2\/types\/page"}],"author":[{"embeddable":true,"href":"https:\/\/beta.hymach.it\/es\/wp-json\/wp\/v2\/users\/1"}],"replies":[{"embeddable":true,"href":"https:\/\/beta.hymach.it\/es\/wp-json\/wp\/v2\/comments?post=4441"}],"version-history":[{"count":4,"href":"https:\/\/beta.hymach.it\/es\/wp-json\/wp\/v2\/pages\/4441\/revisions"}],"predecessor-version":[{"id":11150,"href":"https:\/\/beta.hymach.it\/es\/wp-json\/wp\/v2\/pages\/4441\/revisions\/11150"}],"up":[{"embeddable":true,"href":"https:\/\/beta.hymach.it\/es\/wp-json\/wp\/v2\/pages\/4429"}],"wp:featuredmedia":[{"embeddable":true,"href":"https:\/\/beta.hymach.it\/es\/wp-json\/wp\/v2\/media\/3354"}],"wp:attachment":[{"href":"https:\/\/beta.hymach.it\/es\/wp-json\/wp\/v2\/media?parent=4441"}],"wp:term":[{"taxonomy":"category","embeddable":true,"href":"https:\/\/beta.hymach.it\/es\/wp-json\/wp\/v2\/categories?post=4441"},{"taxonomy":"sector","embeddable":true,"href":"https:\/\/beta.hymach.it\/es\/wp-json\/wp\/v2\/sector?post=4441"},{"taxonomy":"carrier","embeddable":true,"href":"https:\/\/beta.hymach.it\/es\/wp-json\/wp\/v2\/carrier?post=4441"},{"taxonomy":"cat-page","embeddable":true,"href":"https:\/\/beta.hymach.it\/es\/wp-json\/wp\/v2\/cat-page?post=4441"},{"taxonomy":"product-category","embeddable":true,"href":"https:\/\/beta.hymach.it\/es\/wp-json\/wp\/v2\/product-category?post=4441"}],"curies":[{"name":"wp","href":"https:\/\/api.w.org\/{rel}","templated":true}]}}