{"id":4455,"date":"2018-05-02T15:22:04","date_gmt":"2018-05-02T13:22:04","guid":{"rendered":"https:\/\/www.hymach.it\/productos\/pulidoras\/pulitrice-pannelli-solari-solar-clean\/"},"modified":"2025-02-12T17:04:35","modified_gmt":"2025-02-12T16:04:35","slug":"limpiadora-solarclean-para-paneles-solares-y-fotovoltaicos","status":"publish","type":"page","link":"https:\/\/beta.hymach.it\/es\/productos\/pulidoras\/limpiadora-solarclean-para-paneles-solares-y-fotovoltaicos\/","title":{"rendered":"Limpiadora SolarClean\u00ae para paneles solares y fotovoltaicos Hymach"},"content":{"rendered":"<p><strong>De la s\u00f3lida experiencia en m\u00e1quinas de movimientos hidr\u00e1ulicos<\/strong> han nacido equipos para el lavado de paneles foto-voltaicos y barreras de carreteras y para la regeneraci\u00f3n de guard-rails de madera. Pensando en los parques foto-voltaicos se nos ha ocurrido nata <strong>SOLARCLEAN<\/strong>, <strong>m\u00e1quina para la limpieza de paneles<\/strong> que usa lavado con cepillo rotativo a ser aplicada a veh\u00edculos automotores y tractores agr\u00edcolas y ahora tambi\u00e9n automotores radio-controlados que adem\u00e1s pueden llevar una picadora para el mantenimiento del verde en los parques solares.<\/p>\n<p><img decoding=\"async\" class=\"alignright size-thumbnail wp-image-1917\" src=\"https:\/\/www.hymach.it\/wp-content\/uploads\/2018\/05\/pulitrice-SolarcleanEvo-150x150.jpg\" alt=\"\" width=\"150\" height=\"150\" srcset=\"https:\/\/beta.hymach.it\/wp-content\/uploads\/2018\/05\/pulitrice-SolarcleanEvo-150x150.jpg 150w, https:\/\/beta.hymach.it\/wp-content\/uploads\/2018\/05\/pulitrice-SolarcleanEvo-125x125.jpg 125w\" sizes=\"(max-width: 150px) 100vw, 150px\" \/>El limpiador de paneles fotovoltaicos <strong>SOLARCLEAN<\/strong> es un producto vers\u00e1til.<br \/>\nAl reemplazar el cepillo, es posible utilizarlo para el lavado de barreras de ruido de carreteras y autopistas, cortavientos, se\u00f1ales y t\u00faneles.<\/p>\n","protected":false},"excerpt":{"rendered":"<p>De la s\u00f3lida experiencia en m\u00e1quinas de movimientos hidr\u00e1ulicos han nacido equipos para el lavado de paneles foto-voltaicos y barreras de carreteras y para la regeneraci\u00f3n de guard-rails de madera. Pensando en los parques foto-voltaicos se nos ha ocurrido nata SOLARCLEAN, m\u00e1quina para la limpieza de paneles que usa lavado con cepillo rotativo a ser [&hellip;]<\/p>\n","protected":false},"author":1,"featured_media":9911,"parent":4429,"menu_order":391,"comment_status":"closed","ping_status":"closed","template":"","meta":{"_acf_changed":false,"footnotes":""},"categories":[],"sector":[],"carrier":[],"cat-page":[],"product-category":[121,127],"class_list":["post-4455","page","type-page","status-publish","has-post-thumbnail","hentry","product-category-brazos-desbrozador-con-aspiracion","product-category-maquinas-para-la-limpieza-de-paneles-solares"],"acf":[],"yoast_head":"<!-- This site is optimized with the Yoast SEO plugin v27.4 - https:\/\/yoast.com\/product\/yoast-seo-wordpress\/ -->\n<title>Limpiadora SolarClean\u00ae para paneles solares y fotovoltaicos Hymach<\/title>\n<meta name=\"description\" content=\"SolarClean es la m\u00e1quina para la limpieza de paneles solares mediante lavado con cepillo giratorio para aplicar en veh\u00edculos autopropulsados \u200b\u200by tractores.\" \/>\n<meta name=\"robots\" content=\"noindex, follow, max-snippet:-1, max-image-preview:large, max-video-preview:-1\" \/>\n<meta property=\"og:locale\" content=\"es_ES\" \/>\n<meta property=\"og:type\" content=\"article\" \/>\n<meta property=\"og:title\" content=\"Limpiadora SolarClean\u00ae para paneles solares y fotovoltaicos Hymach\" \/>\n<meta property=\"og:description\" content=\"SolarClean es la m\u00e1quina para la limpieza de paneles solares mediante lavado con cepillo giratorio para aplicar en veh\u00edculos autopropulsados \u200b\u200by tractores.\" \/>\n<meta property=\"og:url\" content=\"https:\/\/beta.hymach.it\/es\/productos\/pulidoras\/limpiadora-solarclean-para-paneles-solares-y-fotovoltaicos\/\" \/>\n<meta property=\"og:site_name\" content=\"Hymach\" \/>\n<meta property=\"article:modified_time\" content=\"2025-02-12T16:04:35+00:00\" \/>\n<meta property=\"og:image\" content=\"https:\/\/beta.hymach.it\/wp-content\/uploads\/2024\/10\/SolarcleanPro-hymach-cover.jpg\" \/>\n\t<meta property=\"og:image:width\" content=\"1675\" \/>\n\t<meta property=\"og:image:height\" content=\"768\" \/>\n\t<meta property=\"og:image:type\" content=\"image\/jpeg\" \/>\n<meta name=\"twitter:label1\" content=\"Est. reading time\" \/>\n\t<meta name=\"twitter:data1\" content=\"2 minutes\" \/>\n<script type=\"application\/ld+json\" class=\"yoast-schema-graph\">{\"@context\":\"https:\\\/\\\/schema.org\",\"@graph\":[{\"@type\":\"WebPage\",\"@id\":\"https:\\\/\\\/beta.hymach.it\\\/es\\\/productos\\\/pulidoras\\\/limpiadora-solarclean-para-paneles-solares-y-fotovoltaicos\\\/\",\"url\":\"https:\\\/\\\/beta.hymach.it\\\/es\\\/productos\\\/pulidoras\\\/limpiadora-solarclean-para-paneles-solares-y-fotovoltaicos\\\/\",\"name\":\"Limpiadora SolarClean\u00ae para paneles solares y fotovoltaicos Hymach\",\"isPartOf\":{\"@id\":\"https:\\\/\\\/beta.hymach.it\\\/es\\\/#website\"},\"primaryImageOfPage\":{\"@id\":\"https:\\\/\\\/beta.hymach.it\\\/es\\\/productos\\\/pulidoras\\\/limpiadora-solarclean-para-paneles-solares-y-fotovoltaicos\\\/#primaryimage\"},\"image\":{\"@id\":\"https:\\\/\\\/beta.hymach.it\\\/es\\\/productos\\\/pulidoras\\\/limpiadora-solarclean-para-paneles-solares-y-fotovoltaicos\\\/#primaryimage\"},\"thumbnailUrl\":\"https:\\\/\\\/beta.hymach.it\\\/wp-content\\\/uploads\\\/2024\\\/10\\\/SolarcleanPro-hymach-cover.jpg\",\"datePublished\":\"2018-05-02T13:22:04+00:00\",\"dateModified\":\"2025-02-12T16:04:35+00:00\",\"description\":\"SolarClean es la m\u00e1quina para la limpieza de paneles solares mediante lavado con cepillo giratorio para aplicar en veh\u00edculos autopropulsados \u200b\u200by tractores.\",\"breadcrumb\":{\"@id\":\"https:\\\/\\\/beta.hymach.it\\\/es\\\/productos\\\/pulidoras\\\/limpiadora-solarclean-para-paneles-solares-y-fotovoltaicos\\\/#breadcrumb\"},\"inLanguage\":\"es-ES\",\"potentialAction\":[{\"@type\":\"ReadAction\",\"target\":[\"https:\\\/\\\/beta.hymach.it\\\/es\\\/productos\\\/pulidoras\\\/limpiadora-solarclean-para-paneles-solares-y-fotovoltaicos\\\/\"]}]},{\"@type\":\"ImageObject\",\"inLanguage\":\"es-ES\",\"@id\":\"https:\\\/\\\/beta.hymach.it\\\/es\\\/productos\\\/pulidoras\\\/limpiadora-solarclean-para-paneles-solares-y-fotovoltaicos\\\/#primaryimage\",\"url\":\"https:\\\/\\\/beta.hymach.it\\\/wp-content\\\/uploads\\\/2024\\\/10\\\/SolarcleanPro-hymach-cover.jpg\",\"contentUrl\":\"https:\\\/\\\/beta.hymach.it\\\/wp-content\\\/uploads\\\/2024\\\/10\\\/SolarcleanPro-hymach-cover.jpg\",\"width\":1675,\"height\":768},{\"@type\":\"BreadcrumbList\",\"@id\":\"https:\\\/\\\/beta.hymach.it\\\/es\\\/productos\\\/pulidoras\\\/limpiadora-solarclean-para-paneles-solares-y-fotovoltaicos\\\/#breadcrumb\",\"itemListElement\":[{\"@type\":\"ListItem\",\"position\":1,\"name\":\"Home\",\"item\":\"https:\\\/\\\/beta.hymach.it\\\/es\\\/\"},{\"@type\":\"ListItem\",\"position\":2,\"name\":\"Productos\",\"item\":\"https:\\\/\\\/beta.hymach.it\\\/es\\\/productos\\\/\"},{\"@type\":\"ListItem\",\"position\":3,\"name\":\"Pulidoras Hymach\",\"item\":\"https:\\\/\\\/beta.hymach.it\\\/es\\\/productos\\\/pulidoras\\\/\"},{\"@type\":\"ListItem\",\"position\":4,\"name\":\"Limpiadora SolarClean\u00ae para paneles solares y fotovoltaicos Hymach\"}]},{\"@type\":\"WebSite\",\"@id\":\"https:\\\/\\\/beta.hymach.it\\\/es\\\/#website\",\"url\":\"https:\\\/\\\/beta.hymach.it\\\/es\\\/\",\"name\":\"Hymach\",\"description\":\"Macchine per la manutenzione professionale del verde, semoventi portattrezzi multiuso radiocomandati e macchine per il lavaggio di pannelli solari.\",\"publisher\":{\"@id\":\"https:\\\/\\\/beta.hymach.it\\\/es\\\/#organization\"},\"potentialAction\":[{\"@type\":\"SearchAction\",\"target\":{\"@type\":\"EntryPoint\",\"urlTemplate\":\"https:\\\/\\\/beta.hymach.it\\\/es\\\/?s={search_term_string}\"},\"query-input\":{\"@type\":\"PropertyValueSpecification\",\"valueRequired\":true,\"valueName\":\"search_term_string\"}}],\"inLanguage\":\"es-ES\"},{\"@type\":\"Organization\",\"@id\":\"https:\\\/\\\/beta.hymach.it\\\/es\\\/#organization\",\"name\":\"Hymach\",\"url\":\"https:\\\/\\\/beta.hymach.it\\\/es\\\/\",\"logo\":{\"@type\":\"ImageObject\",\"inLanguage\":\"es-ES\",\"@id\":\"https:\\\/\\\/beta.hymach.it\\\/es\\\/#\\\/schema\\\/logo\\\/image\\\/\",\"url\":\"https:\\\/\\\/beta.hymach.it\\\/wp-content\\\/uploads\\\/2024\\\/08\\\/hymach_logo_2026.svg\",\"contentUrl\":\"https:\\\/\\\/beta.hymach.it\\\/wp-content\\\/uploads\\\/2024\\\/08\\\/hymach_logo_2026.svg\",\"width\":777,\"height\":88,\"caption\":\"Hymach\"},\"image\":{\"@id\":\"https:\\\/\\\/beta.hymach.it\\\/es\\\/#\\\/schema\\\/logo\\\/image\\\/\"}}]}<\/script>\n<!-- \/ Yoast SEO plugin. -->","yoast_head_json":{"title":"Limpiadora SolarClean\u00ae para paneles solares y fotovoltaicos Hymach","description":"SolarClean es la m\u00e1quina para la limpieza de paneles solares mediante lavado con cepillo giratorio para aplicar en veh\u00edculos autopropulsados \u200b\u200by tractores.","robots":{"index":"noindex","follow":"follow","max-snippet":"max-snippet:-1","max-image-preview":"max-image-preview:large","max-video-preview":"max-video-preview:-1"},"og_locale":"es_ES","og_type":"article","og_title":"Limpiadora SolarClean\u00ae para paneles solares y fotovoltaicos Hymach","og_description":"SolarClean es la m\u00e1quina para la limpieza de paneles solares mediante lavado con cepillo giratorio para aplicar en veh\u00edculos autopropulsados \u200b\u200by tractores.","og_url":"https:\/\/beta.hymach.it\/es\/productos\/pulidoras\/limpiadora-solarclean-para-paneles-solares-y-fotovoltaicos\/","og_site_name":"Hymach","article_modified_time":"2025-02-12T16:04:35+00:00","og_image":[{"width":1675,"height":768,"url":"https:\/\/beta.hymach.it\/wp-content\/uploads\/2024\/10\/SolarcleanPro-hymach-cover.jpg","type":"image\/jpeg"}],"twitter_misc":{"Est. reading time":"2 minutes"},"schema":{"@context":"https:\/\/schema.org","@graph":[{"@type":"WebPage","@id":"https:\/\/beta.hymach.it\/es\/productos\/pulidoras\/limpiadora-solarclean-para-paneles-solares-y-fotovoltaicos\/","url":"https:\/\/beta.hymach.it\/es\/productos\/pulidoras\/limpiadora-solarclean-para-paneles-solares-y-fotovoltaicos\/","name":"Limpiadora SolarClean\u00ae para paneles solares y fotovoltaicos Hymach","isPartOf":{"@id":"https:\/\/beta.hymach.it\/es\/#website"},"primaryImageOfPage":{"@id":"https:\/\/beta.hymach.it\/es\/productos\/pulidoras\/limpiadora-solarclean-para-paneles-solares-y-fotovoltaicos\/#primaryimage"},"image":{"@id":"https:\/\/beta.hymach.it\/es\/productos\/pulidoras\/limpiadora-solarclean-para-paneles-solares-y-fotovoltaicos\/#primaryimage"},"thumbnailUrl":"https:\/\/beta.hymach.it\/wp-content\/uploads\/2024\/10\/SolarcleanPro-hymach-cover.jpg","datePublished":"2018-05-02T13:22:04+00:00","dateModified":"2025-02-12T16:04:35+00:00","description":"SolarClean es la m\u00e1quina para la limpieza de paneles solares mediante lavado con cepillo giratorio para aplicar en veh\u00edculos autopropulsados \u200b\u200by tractores.","breadcrumb":{"@id":"https:\/\/beta.hymach.it\/es\/productos\/pulidoras\/limpiadora-solarclean-para-paneles-solares-y-fotovoltaicos\/#breadcrumb"},"inLanguage":"es-ES","potentialAction":[{"@type":"ReadAction","target":["https:\/\/beta.hymach.it\/es\/productos\/pulidoras\/limpiadora-solarclean-para-paneles-solares-y-fotovoltaicos\/"]}]},{"@type":"ImageObject","inLanguage":"es-ES","@id":"https:\/\/beta.hymach.it\/es\/productos\/pulidoras\/limpiadora-solarclean-para-paneles-solares-y-fotovoltaicos\/#primaryimage","url":"https:\/\/beta.hymach.it\/wp-content\/uploads\/2024\/10\/SolarcleanPro-hymach-cover.jpg","contentUrl":"https:\/\/beta.hymach.it\/wp-content\/uploads\/2024\/10\/SolarcleanPro-hymach-cover.jpg","width":1675,"height":768},{"@type":"BreadcrumbList","@id":"https:\/\/beta.hymach.it\/es\/productos\/pulidoras\/limpiadora-solarclean-para-paneles-solares-y-fotovoltaicos\/#breadcrumb","itemListElement":[{"@type":"ListItem","position":1,"name":"Home","item":"https:\/\/beta.hymach.it\/es\/"},{"@type":"ListItem","position":2,"name":"Productos","item":"https:\/\/beta.hymach.it\/es\/productos\/"},{"@type":"ListItem","position":3,"name":"Pulidoras Hymach","item":"https:\/\/beta.hymach.it\/es\/productos\/pulidoras\/"},{"@type":"ListItem","position":4,"name":"Limpiadora SolarClean\u00ae para paneles solares y fotovoltaicos Hymach"}]},{"@type":"WebSite","@id":"https:\/\/beta.hymach.it\/es\/#website","url":"https:\/\/beta.hymach.it\/es\/","name":"Hymach","description":"Macchine per la manutenzione professionale del verde, semoventi portattrezzi multiuso radiocomandati e macchine per il lavaggio di pannelli solari.","publisher":{"@id":"https:\/\/beta.hymach.it\/es\/#organization"},"potentialAction":[{"@type":"SearchAction","target":{"@type":"EntryPoint","urlTemplate":"https:\/\/beta.hymach.it\/es\/?s={search_term_string}"},"query-input":{"@type":"PropertyValueSpecification","valueRequired":true,"valueName":"search_term_string"}}],"inLanguage":"es-ES"},{"@type":"Organization","@id":"https:\/\/beta.hymach.it\/es\/#organization","name":"Hymach","url":"https:\/\/beta.hymach.it\/es\/","logo":{"@type":"ImageObject","inLanguage":"es-ES","@id":"https:\/\/beta.hymach.it\/es\/#\/schema\/logo\/image\/","url":"https:\/\/beta.hymach.it\/wp-content\/uploads\/2024\/08\/hymach_logo_2026.svg","contentUrl":"https:\/\/beta.hymach.it\/wp-content\/uploads\/2024\/08\/hymach_logo_2026.svg","width":777,"height":88,"caption":"Hymach"},"image":{"@id":"https:\/\/beta.hymach.it\/es\/#\/schema\/logo\/image\/"}}]}},"_links":{"self":[{"href":"https:\/\/beta.hymach.it\/es\/wp-json\/wp\/v2\/pages\/4455","targetHints":{"allow":["GET"]}}],"collection":[{"href":"https:\/\/beta.hymach.it\/es\/wp-json\/wp\/v2\/pages"}],"about":[{"href":"https:\/\/beta.hymach.it\/es\/wp-json\/wp\/v2\/types\/page"}],"author":[{"embeddable":true,"href":"https:\/\/beta.hymach.it\/es\/wp-json\/wp\/v2\/users\/1"}],"replies":[{"embeddable":true,"href":"https:\/\/beta.hymach.it\/es\/wp-json\/wp\/v2\/comments?post=4455"}],"version-history":[{"count":5,"href":"https:\/\/beta.hymach.it\/es\/wp-json\/wp\/v2\/pages\/4455\/revisions"}],"predecessor-version":[{"id":11194,"href":"https:\/\/beta.hymach.it\/es\/wp-json\/wp\/v2\/pages\/4455\/revisions\/11194"}],"up":[{"embeddable":true,"href":"https:\/\/beta.hymach.it\/es\/wp-json\/wp\/v2\/pages\/4429"}],"wp:featuredmedia":[{"embeddable":true,"href":"https:\/\/beta.hymach.it\/es\/wp-json\/wp\/v2\/media\/9911"}],"wp:attachment":[{"href":"https:\/\/beta.hymach.it\/es\/wp-json\/wp\/v2\/media?parent=4455"}],"wp:term":[{"taxonomy":"category","embeddable":true,"href":"https:\/\/beta.hymach.it\/es\/wp-json\/wp\/v2\/categories?post=4455"},{"taxonomy":"sector","embeddable":true,"href":"https:\/\/beta.hymach.it\/es\/wp-json\/wp\/v2\/sector?post=4455"},{"taxonomy":"carrier","embeddable":true,"href":"https:\/\/beta.hymach.it\/es\/wp-json\/wp\/v2\/carrier?post=4455"},{"taxonomy":"cat-page","embeddable":true,"href":"https:\/\/beta.hymach.it\/es\/wp-json\/wp\/v2\/cat-page?post=4455"},{"taxonomy":"product-category","embeddable":true,"href":"https:\/\/beta.hymach.it\/es\/wp-json\/wp\/v2\/product-category?post=4455"}],"curies":[{"name":"wp","href":"https:\/\/api.w.org\/{rel}","templated":true}]}}