{"id":4712,"date":"2014-02-14T09:06:37","date_gmt":"2014-02-14T08:06:37","guid":{"rendered":"https:\/\/www.hymach.it\/productos\/cabezales-de-herramientas-para-diversos-usos\/spazzolatrici\/"},"modified":"2025-02-12T12:57:20","modified_gmt":"2025-02-12T11:57:20","slug":"cepilladoras","status":"publish","type":"page","link":"https:\/\/beta.hymach.it\/es\/cabezales-de-herramientas-para-diversos-usos\/cepilladoras\/","title":{"rendered":"Cepilladoras Hymach"},"content":{"rendered":"\n<p>Le <strong>spazzolatrici a braccio<\/strong> di <strong>Hymach<\/strong>, sono delle macchine che trovano applicazione nei lavori di pulizia di muretti di contenimento, di rinforzo o rivestimento, pavimentazioni, marciapiedi.<\/p>\n\n\n\n<p>Hanno la notevole ampiezza di lavoro di <strong>1300 mm<\/strong>, ma rimangono contenute nelle dimensioni globali, quindi particolarmente adatte nelle operazioni di pulizia in passaggi stretti. <\/p>\n\n\n\n<p>Possono lavorare con <strong>un\u2019inclinazione fino a 280\u00b0.<\/strong><\/p>\n","protected":false},"excerpt":{"rendered":"<p>Le spazzolatrici a braccio di Hymach, sono delle macchine che trovano applicazione nei lavori di pulizia di muretti di contenimento, di rinforzo o rivestimento, pavimentazioni, marciapiedi. Hanno la notevole ampiezza di lavoro di 1300 mm, ma rimangono contenute nelle dimensioni globali, quindi particolarmente adatte nelle operazioni di pulizia in passaggi stretti. Possono lavorare con un\u2019inclinazione [&hellip;]<\/p>\n","protected":false},"author":1,"featured_media":3338,"parent":4417,"menu_order":321,"comment_status":"open","ping_status":"closed","template":"","meta":{"_acf_changed":false,"footnotes":""},"categories":[],"sector":[],"carrier":[],"cat-page":[],"product-category":[120],"class_list":["post-4712","page","type-page","status-publish","has-post-thumbnail","hentry","product-category-herramientas-y-accesorios-para-brazos-desbrozadores"],"acf":[],"yoast_head":"<!-- This site is optimized with the Yoast SEO plugin v27.5 - https:\/\/yoast.com\/product\/yoast-seo-wordpress\/ -->\n<title>Cepilladoras Hymach para trabajos de limpieza en aceras<\/title>\n<meta name=\"description\" content=\"Las cepilladoras Hymach son \u00fatiles para limpiar pisos, aceras y m\u00e1s. Desc\u00fabrelos ahora.\" \/>\n<meta name=\"robots\" content=\"noindex, follow, max-snippet:-1, max-image-preview:large, max-video-preview:-1\" \/>\n<meta property=\"og:locale\" content=\"es_ES\" \/>\n<meta property=\"og:type\" content=\"article\" \/>\n<meta property=\"og:title\" content=\"Cepilladoras Hymach para trabajos de limpieza en aceras\" \/>\n<meta property=\"og:description\" content=\"Las cepilladoras Hymach son \u00fatiles para limpiar pisos, aceras y m\u00e1s. Desc\u00fabrelos ahora.\" \/>\n<meta property=\"og:url\" content=\"https:\/\/beta.hymach.it\/es\/cabezales-de-herramientas-para-diversos-usos\/cepilladoras\/\" \/>\n<meta property=\"og:site_name\" content=\"Hymach\" \/>\n<meta property=\"article:modified_time\" content=\"2025-02-12T11:57:20+00:00\" \/>\n<meta property=\"og:image\" content=\"https:\/\/beta.hymach.it\/wp-content\/uploads\/2018\/05\/testate-utensili-Spazzolatrice.jpg\" \/>\n\t<meta property=\"og:image:width\" content=\"500\" \/>\n\t<meta property=\"og:image:height\" content=\"336\" \/>\n\t<meta property=\"og:image:type\" content=\"image\/jpeg\" \/>\n<meta name=\"twitter:label1\" content=\"Est. reading time\" \/>\n\t<meta name=\"twitter:data1\" content=\"1 minute\" \/>\n<script type=\"application\/ld+json\" class=\"yoast-schema-graph\">{\"@context\":\"https:\\\/\\\/schema.org\",\"@graph\":[{\"@type\":\"WebPage\",\"@id\":\"https:\\\/\\\/beta.hymach.it\\\/es\\\/cabezales-de-herramientas-para-diversos-usos\\\/cepilladoras\\\/\",\"url\":\"https:\\\/\\\/beta.hymach.it\\\/es\\\/cabezales-de-herramientas-para-diversos-usos\\\/cepilladoras\\\/\",\"name\":\"Cepilladoras Hymach para trabajos de limpieza en aceras\",\"isPartOf\":{\"@id\":\"https:\\\/\\\/beta.hymach.it\\\/es\\\/#website\"},\"primaryImageOfPage\":{\"@id\":\"https:\\\/\\\/beta.hymach.it\\\/es\\\/cabezales-de-herramientas-para-diversos-usos\\\/cepilladoras\\\/#primaryimage\"},\"image\":{\"@id\":\"https:\\\/\\\/beta.hymach.it\\\/es\\\/cabezales-de-herramientas-para-diversos-usos\\\/cepilladoras\\\/#primaryimage\"},\"thumbnailUrl\":\"https:\\\/\\\/beta.hymach.it\\\/wp-content\\\/uploads\\\/2018\\\/05\\\/testate-utensili-Spazzolatrice.jpg\",\"datePublished\":\"2014-02-14T08:06:37+00:00\",\"dateModified\":\"2025-02-12T11:57:20+00:00\",\"description\":\"Las cepilladoras Hymach son \u00fatiles para limpiar pisos, aceras y m\u00e1s. Desc\u00fabrelos ahora.\",\"breadcrumb\":{\"@id\":\"https:\\\/\\\/beta.hymach.it\\\/es\\\/cabezales-de-herramientas-para-diversos-usos\\\/cepilladoras\\\/#breadcrumb\"},\"inLanguage\":\"es-ES\",\"potentialAction\":[{\"@type\":\"ReadAction\",\"target\":[\"https:\\\/\\\/beta.hymach.it\\\/es\\\/cabezales-de-herramientas-para-diversos-usos\\\/cepilladoras\\\/\"]}]},{\"@type\":\"ImageObject\",\"inLanguage\":\"es-ES\",\"@id\":\"https:\\\/\\\/beta.hymach.it\\\/es\\\/cabezales-de-herramientas-para-diversos-usos\\\/cepilladoras\\\/#primaryimage\",\"url\":\"https:\\\/\\\/beta.hymach.it\\\/wp-content\\\/uploads\\\/2018\\\/05\\\/testate-utensili-Spazzolatrice.jpg\",\"contentUrl\":\"https:\\\/\\\/beta.hymach.it\\\/wp-content\\\/uploads\\\/2018\\\/05\\\/testate-utensili-Spazzolatrice.jpg\",\"width\":500,\"height\":336},{\"@type\":\"BreadcrumbList\",\"@id\":\"https:\\\/\\\/beta.hymach.it\\\/es\\\/cabezales-de-herramientas-para-diversos-usos\\\/cepilladoras\\\/#breadcrumb\",\"itemListElement\":[{\"@type\":\"ListItem\",\"position\":1,\"name\":\"Home\",\"item\":\"https:\\\/\\\/beta.hymach.it\\\/es\\\/\"},{\"@type\":\"ListItem\",\"position\":2,\"name\":\"Productos\",\"item\":\"https:\\\/\\\/beta.hymach.it\\\/es\\\/productos\\\/\"},{\"@type\":\"ListItem\",\"position\":3,\"name\":\"Cabezales de herramientas Hymach para diversos usos\",\"item\":\"https:\\\/\\\/beta.hymach.it\\\/es\\\/productos\\\/cabezales-de-herramientas-para-diversos-usos\\\/\"},{\"@type\":\"ListItem\",\"position\":4,\"name\":\"Cepilladoras Hymach\"}]},{\"@type\":\"WebSite\",\"@id\":\"https:\\\/\\\/beta.hymach.it\\\/es\\\/#website\",\"url\":\"https:\\\/\\\/beta.hymach.it\\\/es\\\/\",\"name\":\"Hymach\",\"description\":\"Macchine per la manutenzione professionale del verde, semoventi portattrezzi multiuso radiocomandati e macchine per il lavaggio di pannelli solari.\",\"publisher\":{\"@id\":\"https:\\\/\\\/beta.hymach.it\\\/es\\\/#organization\"},\"potentialAction\":[{\"@type\":\"SearchAction\",\"target\":{\"@type\":\"EntryPoint\",\"urlTemplate\":\"https:\\\/\\\/beta.hymach.it\\\/es\\\/?s={search_term_string}\"},\"query-input\":{\"@type\":\"PropertyValueSpecification\",\"valueRequired\":true,\"valueName\":\"search_term_string\"}}],\"inLanguage\":\"es-ES\"},{\"@type\":\"Organization\",\"@id\":\"https:\\\/\\\/beta.hymach.it\\\/es\\\/#organization\",\"name\":\"Hymach\",\"url\":\"https:\\\/\\\/beta.hymach.it\\\/es\\\/\",\"logo\":{\"@type\":\"ImageObject\",\"inLanguage\":\"es-ES\",\"@id\":\"https:\\\/\\\/beta.hymach.it\\\/es\\\/#\\\/schema\\\/logo\\\/image\\\/\",\"url\":\"https:\\\/\\\/beta.hymach.it\\\/wp-content\\\/uploads\\\/2024\\\/08\\\/hymach_logo_2026.svg\",\"contentUrl\":\"https:\\\/\\\/beta.hymach.it\\\/wp-content\\\/uploads\\\/2024\\\/08\\\/hymach_logo_2026.svg\",\"width\":777,\"height\":88,\"caption\":\"Hymach\"},\"image\":{\"@id\":\"https:\\\/\\\/beta.hymach.it\\\/es\\\/#\\\/schema\\\/logo\\\/image\\\/\"}}]}<\/script>\n<!-- \/ Yoast SEO plugin. -->","yoast_head_json":{"title":"Cepilladoras Hymach para trabajos de limpieza en aceras","description":"Las cepilladoras Hymach son \u00fatiles para limpiar pisos, aceras y m\u00e1s. Desc\u00fabrelos ahora.","robots":{"index":"noindex","follow":"follow","max-snippet":"max-snippet:-1","max-image-preview":"max-image-preview:large","max-video-preview":"max-video-preview:-1"},"og_locale":"es_ES","og_type":"article","og_title":"Cepilladoras Hymach para trabajos de limpieza en aceras","og_description":"Las cepilladoras Hymach son \u00fatiles para limpiar pisos, aceras y m\u00e1s. Desc\u00fabrelos ahora.","og_url":"https:\/\/beta.hymach.it\/es\/cabezales-de-herramientas-para-diversos-usos\/cepilladoras\/","og_site_name":"Hymach","article_modified_time":"2025-02-12T11:57:20+00:00","og_image":[{"width":500,"height":336,"url":"https:\/\/beta.hymach.it\/wp-content\/uploads\/2018\/05\/testate-utensili-Spazzolatrice.jpg","type":"image\/jpeg"}],"twitter_misc":{"Est. reading time":"1 minute"},"schema":{"@context":"https:\/\/schema.org","@graph":[{"@type":"WebPage","@id":"https:\/\/beta.hymach.it\/es\/cabezales-de-herramientas-para-diversos-usos\/cepilladoras\/","url":"https:\/\/beta.hymach.it\/es\/cabezales-de-herramientas-para-diversos-usos\/cepilladoras\/","name":"Cepilladoras Hymach para trabajos de limpieza en aceras","isPartOf":{"@id":"https:\/\/beta.hymach.it\/es\/#website"},"primaryImageOfPage":{"@id":"https:\/\/beta.hymach.it\/es\/cabezales-de-herramientas-para-diversos-usos\/cepilladoras\/#primaryimage"},"image":{"@id":"https:\/\/beta.hymach.it\/es\/cabezales-de-herramientas-para-diversos-usos\/cepilladoras\/#primaryimage"},"thumbnailUrl":"https:\/\/beta.hymach.it\/wp-content\/uploads\/2018\/05\/testate-utensili-Spazzolatrice.jpg","datePublished":"2014-02-14T08:06:37+00:00","dateModified":"2025-02-12T11:57:20+00:00","description":"Las cepilladoras Hymach son \u00fatiles para limpiar pisos, aceras y m\u00e1s. Desc\u00fabrelos ahora.","breadcrumb":{"@id":"https:\/\/beta.hymach.it\/es\/cabezales-de-herramientas-para-diversos-usos\/cepilladoras\/#breadcrumb"},"inLanguage":"es-ES","potentialAction":[{"@type":"ReadAction","target":["https:\/\/beta.hymach.it\/es\/cabezales-de-herramientas-para-diversos-usos\/cepilladoras\/"]}]},{"@type":"ImageObject","inLanguage":"es-ES","@id":"https:\/\/beta.hymach.it\/es\/cabezales-de-herramientas-para-diversos-usos\/cepilladoras\/#primaryimage","url":"https:\/\/beta.hymach.it\/wp-content\/uploads\/2018\/05\/testate-utensili-Spazzolatrice.jpg","contentUrl":"https:\/\/beta.hymach.it\/wp-content\/uploads\/2018\/05\/testate-utensili-Spazzolatrice.jpg","width":500,"height":336},{"@type":"BreadcrumbList","@id":"https:\/\/beta.hymach.it\/es\/cabezales-de-herramientas-para-diversos-usos\/cepilladoras\/#breadcrumb","itemListElement":[{"@type":"ListItem","position":1,"name":"Home","item":"https:\/\/beta.hymach.it\/es\/"},{"@type":"ListItem","position":2,"name":"Productos","item":"https:\/\/beta.hymach.it\/es\/productos\/"},{"@type":"ListItem","position":3,"name":"Cabezales de herramientas Hymach para diversos usos","item":"https:\/\/beta.hymach.it\/es\/productos\/cabezales-de-herramientas-para-diversos-usos\/"},{"@type":"ListItem","position":4,"name":"Cepilladoras Hymach"}]},{"@type":"WebSite","@id":"https:\/\/beta.hymach.it\/es\/#website","url":"https:\/\/beta.hymach.it\/es\/","name":"Hymach","description":"Macchine per la manutenzione professionale del verde, semoventi portattrezzi multiuso radiocomandati e macchine per il lavaggio di pannelli solari.","publisher":{"@id":"https:\/\/beta.hymach.it\/es\/#organization"},"potentialAction":[{"@type":"SearchAction","target":{"@type":"EntryPoint","urlTemplate":"https:\/\/beta.hymach.it\/es\/?s={search_term_string}"},"query-input":{"@type":"PropertyValueSpecification","valueRequired":true,"valueName":"search_term_string"}}],"inLanguage":"es-ES"},{"@type":"Organization","@id":"https:\/\/beta.hymach.it\/es\/#organization","name":"Hymach","url":"https:\/\/beta.hymach.it\/es\/","logo":{"@type":"ImageObject","inLanguage":"es-ES","@id":"https:\/\/beta.hymach.it\/es\/#\/schema\/logo\/image\/","url":"https:\/\/beta.hymach.it\/wp-content\/uploads\/2024\/08\/hymach_logo_2026.svg","contentUrl":"https:\/\/beta.hymach.it\/wp-content\/uploads\/2024\/08\/hymach_logo_2026.svg","width":777,"height":88,"caption":"Hymach"},"image":{"@id":"https:\/\/beta.hymach.it\/es\/#\/schema\/logo\/image\/"}}]}},"_links":{"self":[{"href":"https:\/\/beta.hymach.it\/es\/wp-json\/wp\/v2\/pages\/4712","targetHints":{"allow":["GET"]}}],"collection":[{"href":"https:\/\/beta.hymach.it\/es\/wp-json\/wp\/v2\/pages"}],"about":[{"href":"https:\/\/beta.hymach.it\/es\/wp-json\/wp\/v2\/types\/page"}],"author":[{"embeddable":true,"href":"https:\/\/beta.hymach.it\/es\/wp-json\/wp\/v2\/users\/1"}],"replies":[{"embeddable":true,"href":"https:\/\/beta.hymach.it\/es\/wp-json\/wp\/v2\/comments?post=4712"}],"version-history":[{"count":6,"href":"https:\/\/beta.hymach.it\/es\/wp-json\/wp\/v2\/pages\/4712\/revisions"}],"predecessor-version":[{"id":11103,"href":"https:\/\/beta.hymach.it\/es\/wp-json\/wp\/v2\/pages\/4712\/revisions\/11103"}],"up":[{"embeddable":true,"href":"https:\/\/beta.hymach.it\/es\/wp-json\/wp\/v2\/pages\/4417"}],"wp:featuredmedia":[{"embeddable":true,"href":"https:\/\/beta.hymach.it\/es\/wp-json\/wp\/v2\/media\/3338"}],"wp:attachment":[{"href":"https:\/\/beta.hymach.it\/es\/wp-json\/wp\/v2\/media?parent=4712"}],"wp:term":[{"taxonomy":"category","embeddable":true,"href":"https:\/\/beta.hymach.it\/es\/wp-json\/wp\/v2\/categories?post=4712"},{"taxonomy":"sector","embeddable":true,"href":"https:\/\/beta.hymach.it\/es\/wp-json\/wp\/v2\/sector?post=4712"},{"taxonomy":"carrier","embeddable":true,"href":"https:\/\/beta.hymach.it\/es\/wp-json\/wp\/v2\/carrier?post=4712"},{"taxonomy":"cat-page","embeddable":true,"href":"https:\/\/beta.hymach.it\/es\/wp-json\/wp\/v2\/cat-page?post=4712"},{"taxonomy":"product-category","embeddable":true,"href":"https:\/\/beta.hymach.it\/es\/wp-json\/wp\/v2\/product-category?post=4712"}],"curies":[{"name":"wp","href":"https:\/\/api.w.org\/{rel}","templated":true}]}}