{"id":2100,"date":"2012-08-20T16:06:28","date_gmt":"2012-08-20T16:06:28","guid":{"rendered":"https:\/\/www.hymach.it\/decespugliatrici-trinciatrici-hymach\/"},"modified":"2022-10-20T11:03:15","modified_gmt":"2022-10-20T09:03:15","slug":"entreprise","status":"publish","type":"page","link":"https:\/\/beta.hymach.it\/fr\/entreprise\/","title":{"rendered":"Hymach: l&#8217;histoire de l&#8217;entreprise"},"content":{"rendered":"<p><a href=\"https:\/\/www.hymach.it\/wp-content\/uploads\/2012\/08\/foto-azienda.jpg\" data-rel=\"lightbox-image-0\" data-rl_title=\"\" data-rl_caption=\"\"><img fetchpriority=\"high\" decoding=\"async\" class=\"alignright size-full wp-image-7\" title=\"\" src=\"https:\/\/www.hymach.it\/wp-content\/uploads\/2012\/08\/foto-azienda.jpg\" alt=\"\" width=\"360\" height=\"170\" srcset=\"https:\/\/beta.hymach.it\/wp-content\/uploads\/2012\/08\/foto-azienda.jpg 360w, https:\/\/beta.hymach.it\/wp-content\/uploads\/2012\/08\/foto-azienda-300x141.jpg 300w\" sizes=\"(max-width: 360px) 100vw, 360px\" \/><\/a><\/p>\n<p><strong>Pour la 30e ann\u00e9e d\u2019activit\u00e9<\/strong>, nous avons travaill\u00e9 sur le projet de d\u00e9broussailleuse radiocommand\u00e9e Robot HP60, qui repr\u00e9sente actuellement un point fort \u00e0 l\u2019image de notre entreprise : <strong>vivante, dynamique et moderne.<\/strong><\/p>\n<p>Ce nouveau broyeur r\u00e9sume toute la comp\u00e9tence provenant de trente ans d\u2019exp\u00e9rience dans notre domaine et qui a eu pour objectif, d\u00e8s le d\u00e9but de notre activit\u00e9, de r\u00e9aliser des produits personnalis\u00e9s pour r\u00e9pondre pleinement aux exigences de nos clients qui travaillent dans la maintenance professionnelle des espaces verts.<\/p>\n<p>L\u2019entreprise a vu le jour le <strong>23 septembre 1983,<\/strong> \u00e0 partir de l\u2019exp\u00e9rience d\u00e9j\u00e0 acquise dans le domaine humain, qui la repr\u00e9sente encore aujourd\u2019hui : notre soci\u00e9t\u00e9 a toujours cru dans le contact direct avec le client, forte de la conviction qu\u2019il n\u2019y a que de cette mani\u00e8re que l\u2019on comprend vraiment les exigences auxquelles il faut r\u00e9pondre.<\/p>\n<p>Ce fait, alli\u00e9 \u00e0 la forte volont\u00e9 de miser sur la qualit\u00e9 r\u00e9elle des produits, a fait de Hymach l\u2019entreprise qu\u2019elle est aujourd\u2019hui. Les mati\u00e8res premi\u00e8res et les installations sont choisies non seulement parmi les meilleures marques mais aussi selon la fiabilit\u00e9 des performances, en termes d\u2019efficacit\u00e9 et de dur\u00e9e. En effet, le produit devait, et doit encore aujourd\u2019hui, correspondre obligatoirement aux 3 \u00ab C \u00bb (les trois Caract\u00e9ristiques incontournables) : robuste, fonctionnel et efficace. Il ne pouvait pas en \u00eatre autrement, car la production initiale \u00e9tait centr\u00e9e sur des bras allant jusqu\u2019\u00e0 18 m\u00e8tres de longueur, des machines \u00e0 effacement automatique (ce qui n\u2019\u00e9tait pas si courant \u00e0 cette \u00e9poque), et des aspirantes, dont Hymach a \u00e9t\u00e9 le pr\u00e9curseur, d\u2019abord avec les deux fonctions s\u00e9par\u00e9es (coupe et aspiration), puis dans une solution qui les unit, simplifiant ainsi la machine et fournissant des performances optimales aussi bien dans le fauchage que dans le ramassage. En effet, ces typologies de machines ne pouvaient pas admettre de compromis en termes de qualit\u00e9, car toute renonciation aurait port\u00e9 pr\u00e9judice \u00e0 un des 3 \u00ab C \u00bb.<\/p>\n<p>Ce sont les m\u00eames principes qui ont inspir\u00e9 la production de ce qu\u2019on consid\u00e8re comme des machines de s\u00e9rie, les d\u00e9broussailleuses arri\u00e8re : on a r\u00e9duit les longs bras ventraux tout en gardant les caract\u00e9ristiques structurelles, pour constituer, avec le ch\u00e2ssis-r\u00e9servoir, des machines \u00e0 atteler au relevage arri\u00e8re du tracteur.<\/p>\n<p>Mais l\u2019entreprise est all\u00e9e plus loin, en produisant des machines arri\u00e8re sp\u00e9cifiques pour les tracteurs r\u00e9versibles, utilisables d\u2019abord en marche arri\u00e8re puis dans les deux sens de marche, gr\u00e2ce \u00e0 des syst\u00e8mes de rotation pour la t\u00eate de broyage et pour le bras. La souplesse de l\u2019ing\u00e9niosit\u00e9 de l\u2019entreprise permet ensuite de cr\u00e9er des machines \u00e0 atteler au relevage avant du tracteur, ainsi que d\u2019autres moyens automoteurs \u00e9quip\u00e9s d\u2019un attelage adapt\u00e9. L\u2019entreprise r\u00e9alise alors des d\u00e9broussailleuses \u00e0 accrocher sur caisson de camion avec ch\u00e2ssis d\u00e9montable et sur plaque frontale porte-outils sur camion.<\/p>\n<p>En 2010, forte de ses connaissances techniques, l\u2019entreprise fait d\u00e9marrer le projet Solarclean. Celui-ci consiste tout d\u2019abord en la r\u00e9alisation d\u2019outils pour le nettoyage des panneaux photovolta\u00efques (dans les champs de panneaux et sur les structures d\u2019\u00e9levage et serres), \u00e0 atteler \u00e0 des moyens automoteurs parfois sur chenilles. C\u2019est alors que se concr\u00e9tise la r\u00e9alisation d\u2019une machine automotrice radiocommand\u00e9e expr\u00e8s pour cet usage.<\/p>\n<p>Toutes les machines pr\u00e9sentes dans le catalogue continuent \u00e0 faire l\u2019objet d\u2019am\u00e9liorations d\u00e8s qu\u2019une solution technique innovante voit le jour, ou bien d\u2019ajouts de dispositifs qui facilitent leur utilisation.<\/p>\n<p>Nous avons choisi de d\u00e9velopper notre syst\u00e8me de gestion de la qualit\u00e9 conform\u00e9ment \u00e0 la norme UNI EN ISO 9001, d\u00e8s la fin des ann\u00e9es 1990, en obtenant cette certification, active encore aujourd\u2019hui, et d\u00e9livr\u00e9e en 1999 par l\u2019entreprise RINA SpA.<\/p>\n<p>Les comp\u00e9tences acquises, l\u2019enthousiasme et la d\u00e9termination nous soutiennent et nous donnent la force de vivre pleinement notre entreprise jour apr\u00e8s jour, afin de d\u00e9velopper constamment notre processus d\u2019am\u00e9lioration qui tourne autour des valeurs sur lesquelles a \u00e9t\u00e9 fond\u00e9e l\u2019entreprise : celles-ci nous permettent de trouver de nouvelles id\u00e9es, des intuitions qui nous poussent \u00e0 moderniser les produits existants et \u00e0 en cr\u00e9er de nouveaux. La confiance dans nos produits et dans nos capacit\u00e9s d\u2019adaptation fait na\u00eetre en nous la conviction que la parfaite union entre tradition et modernit\u00e9 est le chemin \u00e0 suivre \u00e9galement pour le futur.<\/p>\n<p>Le Robot HP60 exprime justement l\u2019essence de cet \u00e9quilibre : tradition \u2013 les 3 \u00ab C \u00bb qui caract\u00e9risent notre vision du produit sont sans aucun doute respect\u00e9s \u2013 et modernit\u00e9 \u2013 le produit est \u00e9quip\u00e9 de dispositifs \u00e9lectroniques de contr\u00f4le et de r\u00e9glage automatique dernier cri.<\/p>\n","protected":false},"excerpt":{"rendered":"<p>Hymach est n\u00e9 le 23 septembre 1983 de l&#8217;exp\u00e9rience d\u00e9j\u00e0 acquise dans le secteur par l&#8217;homme qui le repr\u00e9sente toujours, Cav. Giacinto Ricci, et a toujours cru au contact direct avec le client, car il est certain que ce n\u2019est que de cette mani\u00e8re que nous pourrons vraiment comprendre comment r\u00e9pondre au mieux aux besoins op\u00e9rationnels r\u00e9els.<\/p>\n","protected":false},"author":1,"featured_media":0,"parent":0,"menu_order":407,"comment_status":"open","ping_status":"closed","template":"elementor_header_footer","meta":{"_acf_changed":false,"footnotes":""},"categories":[],"sector":[],"carrier":[],"cat-page":[],"product-category":[],"class_list":["post-2100","page","type-page","status-publish","hentry"],"acf":[],"yoast_head":"<!-- This site is optimized with the Yoast SEO plugin v27.5 - https:\/\/yoast.com\/product\/yoast-seo-wordpress\/ -->\n<title>Hymach: leader dans la production de machines d&#039;entretien du vertes<\/title>\n<meta name=\"description\" content=\"Hymach est une entreprise italienne sp\u00e9cialis\u00e9e dans la production de machines pour l&#039;entretien du vert, le lavage des panneaux photovolta\u00efques et plus encore.\" \/>\n<meta name=\"robots\" content=\"noindex, follow, max-snippet:-1, max-image-preview:large, max-video-preview:-1\" \/>\n<meta property=\"og:locale\" content=\"fr_FR\" \/>\n<meta property=\"og:type\" content=\"article\" \/>\n<meta property=\"og:title\" content=\"Hymach: leader dans la production de machines d&#039;entretien du vertes\" \/>\n<meta property=\"og:description\" content=\"Hymach est une entreprise italienne sp\u00e9cialis\u00e9e dans la production de machines pour l&#039;entretien du vert, le lavage des panneaux photovolta\u00efques et plus encore.\" \/>\n<meta property=\"og:url\" content=\"https:\/\/beta.hymach.it\/fr\/entreprise\/\" \/>\n<meta property=\"og:site_name\" content=\"Hymach\" \/>\n<meta property=\"article:modified_time\" content=\"2022-10-20T09:03:15+00:00\" \/>\n<meta property=\"og:image\" content=\"https:\/\/beta.hymach.it\/wp-content\/uploads\/2012\/08\/foto-azienda.jpg\" \/>\n\t<meta property=\"og:image:width\" content=\"360\" \/>\n\t<meta property=\"og:image:height\" content=\"170\" \/>\n\t<meta property=\"og:image:type\" content=\"image\/jpeg\" \/>\n<meta name=\"twitter:label1\" content=\"Est. reading time\" \/>\n\t<meta name=\"twitter:data1\" content=\"5 minutes\" \/>\n<script type=\"application\/ld+json\" class=\"yoast-schema-graph\">{\"@context\":\"https:\\\/\\\/schema.org\",\"@graph\":[{\"@type\":\"WebPage\",\"@id\":\"https:\\\/\\\/beta.hymach.it\\\/fr\\\/entreprise\\\/\",\"url\":\"https:\\\/\\\/beta.hymach.it\\\/fr\\\/entreprise\\\/\",\"name\":\"Hymach: leader dans la production de machines d'entretien du vertes\",\"isPartOf\":{\"@id\":\"https:\\\/\\\/beta.hymach.it\\\/fr\\\/#website\"},\"primaryImageOfPage\":{\"@id\":\"https:\\\/\\\/beta.hymach.it\\\/fr\\\/entreprise\\\/#primaryimage\"},\"image\":{\"@id\":\"https:\\\/\\\/beta.hymach.it\\\/fr\\\/entreprise\\\/#primaryimage\"},\"thumbnailUrl\":\"https:\\\/\\\/www.hymach.it\\\/wp-content\\\/uploads\\\/2012\\\/08\\\/foto-azienda.jpg\",\"datePublished\":\"2012-08-20T16:06:28+00:00\",\"dateModified\":\"2022-10-20T09:03:15+00:00\",\"description\":\"Hymach est une entreprise italienne sp\u00e9cialis\u00e9e dans la production de machines pour l'entretien du vert, le lavage des panneaux photovolta\u00efques et plus encore.\",\"breadcrumb\":{\"@id\":\"https:\\\/\\\/beta.hymach.it\\\/fr\\\/entreprise\\\/#breadcrumb\"},\"inLanguage\":\"fr-FR\",\"potentialAction\":[{\"@type\":\"ReadAction\",\"target\":[\"https:\\\/\\\/beta.hymach.it\\\/fr\\\/entreprise\\\/\"]}]},{\"@type\":\"ImageObject\",\"inLanguage\":\"fr-FR\",\"@id\":\"https:\\\/\\\/beta.hymach.it\\\/fr\\\/entreprise\\\/#primaryimage\",\"url\":\"https:\\\/\\\/www.hymach.it\\\/wp-content\\\/uploads\\\/2012\\\/08\\\/foto-azienda.jpg\",\"contentUrl\":\"https:\\\/\\\/www.hymach.it\\\/wp-content\\\/uploads\\\/2012\\\/08\\\/foto-azienda.jpg\"},{\"@type\":\"BreadcrumbList\",\"@id\":\"https:\\\/\\\/beta.hymach.it\\\/fr\\\/entreprise\\\/#breadcrumb\",\"itemListElement\":[{\"@type\":\"ListItem\",\"position\":1,\"name\":\"Home\",\"item\":\"https:\\\/\\\/beta.hymach.it\\\/fr\\\/\"},{\"@type\":\"ListItem\",\"position\":2,\"name\":\"Hymach: l&#8217;histoire de l&#8217;entreprise\"}]},{\"@type\":\"WebSite\",\"@id\":\"https:\\\/\\\/beta.hymach.it\\\/fr\\\/#website\",\"url\":\"https:\\\/\\\/beta.hymach.it\\\/fr\\\/\",\"name\":\"Hymach\",\"description\":\"Macchine per la manutenzione del verde\",\"publisher\":{\"@id\":\"https:\\\/\\\/beta.hymach.it\\\/fr\\\/#organization\"},\"potentialAction\":[{\"@type\":\"SearchAction\",\"target\":{\"@type\":\"EntryPoint\",\"urlTemplate\":\"https:\\\/\\\/beta.hymach.it\\\/fr\\\/?s={search_term_string}\"},\"query-input\":{\"@type\":\"PropertyValueSpecification\",\"valueRequired\":true,\"valueName\":\"search_term_string\"}}],\"inLanguage\":\"fr-FR\"},{\"@type\":\"Organization\",\"@id\":\"https:\\\/\\\/beta.hymach.it\\\/fr\\\/#organization\",\"name\":\"Hymach\",\"url\":\"https:\\\/\\\/beta.hymach.it\\\/fr\\\/\",\"logo\":{\"@type\":\"ImageObject\",\"inLanguage\":\"fr-FR\",\"@id\":\"https:\\\/\\\/beta.hymach.it\\\/fr\\\/#\\\/schema\\\/logo\\\/image\\\/\",\"url\":\"https:\\\/\\\/beta.hymach.it\\\/wp-content\\\/uploads\\\/2024\\\/08\\\/hymach_logo_2026.svg\",\"contentUrl\":\"https:\\\/\\\/beta.hymach.it\\\/wp-content\\\/uploads\\\/2024\\\/08\\\/hymach_logo_2026.svg\",\"width\":777,\"height\":88,\"caption\":\"Hymach\"},\"image\":{\"@id\":\"https:\\\/\\\/beta.hymach.it\\\/fr\\\/#\\\/schema\\\/logo\\\/image\\\/\"}}]}<\/script>\n<!-- \/ Yoast SEO plugin. -->","yoast_head_json":{"title":"Hymach: leader dans la production de machines d'entretien du vertes","description":"Hymach est une entreprise italienne sp\u00e9cialis\u00e9e dans la production de machines pour l'entretien du vert, le lavage des panneaux photovolta\u00efques et plus encore.","robots":{"index":"noindex","follow":"follow","max-snippet":"max-snippet:-1","max-image-preview":"max-image-preview:large","max-video-preview":"max-video-preview:-1"},"og_locale":"fr_FR","og_type":"article","og_title":"Hymach: leader dans la production de machines d'entretien du vertes","og_description":"Hymach est une entreprise italienne sp\u00e9cialis\u00e9e dans la production de machines pour l'entretien du vert, le lavage des panneaux photovolta\u00efques et plus encore.","og_url":"https:\/\/beta.hymach.it\/fr\/entreprise\/","og_site_name":"Hymach","article_modified_time":"2022-10-20T09:03:15+00:00","og_image":[{"width":360,"height":170,"url":"https:\/\/beta.hymach.it\/wp-content\/uploads\/2012\/08\/foto-azienda.jpg","type":"image\/jpeg"}],"twitter_misc":{"Est. reading time":"5 minutes"},"schema":{"@context":"https:\/\/schema.org","@graph":[{"@type":"WebPage","@id":"https:\/\/beta.hymach.it\/fr\/entreprise\/","url":"https:\/\/beta.hymach.it\/fr\/entreprise\/","name":"Hymach: leader dans la production de machines d'entretien du vertes","isPartOf":{"@id":"https:\/\/beta.hymach.it\/fr\/#website"},"primaryImageOfPage":{"@id":"https:\/\/beta.hymach.it\/fr\/entreprise\/#primaryimage"},"image":{"@id":"https:\/\/beta.hymach.it\/fr\/entreprise\/#primaryimage"},"thumbnailUrl":"https:\/\/www.hymach.it\/wp-content\/uploads\/2012\/08\/foto-azienda.jpg","datePublished":"2012-08-20T16:06:28+00:00","dateModified":"2022-10-20T09:03:15+00:00","description":"Hymach est une entreprise italienne sp\u00e9cialis\u00e9e dans la production de machines pour l'entretien du vert, le lavage des panneaux photovolta\u00efques et plus encore.","breadcrumb":{"@id":"https:\/\/beta.hymach.it\/fr\/entreprise\/#breadcrumb"},"inLanguage":"fr-FR","potentialAction":[{"@type":"ReadAction","target":["https:\/\/beta.hymach.it\/fr\/entreprise\/"]}]},{"@type":"ImageObject","inLanguage":"fr-FR","@id":"https:\/\/beta.hymach.it\/fr\/entreprise\/#primaryimage","url":"https:\/\/www.hymach.it\/wp-content\/uploads\/2012\/08\/foto-azienda.jpg","contentUrl":"https:\/\/www.hymach.it\/wp-content\/uploads\/2012\/08\/foto-azienda.jpg"},{"@type":"BreadcrumbList","@id":"https:\/\/beta.hymach.it\/fr\/entreprise\/#breadcrumb","itemListElement":[{"@type":"ListItem","position":1,"name":"Home","item":"https:\/\/beta.hymach.it\/fr\/"},{"@type":"ListItem","position":2,"name":"Hymach: l&#8217;histoire de l&#8217;entreprise"}]},{"@type":"WebSite","@id":"https:\/\/beta.hymach.it\/fr\/#website","url":"https:\/\/beta.hymach.it\/fr\/","name":"Hymach","description":"Macchine per la manutenzione del verde","publisher":{"@id":"https:\/\/beta.hymach.it\/fr\/#organization"},"potentialAction":[{"@type":"SearchAction","target":{"@type":"EntryPoint","urlTemplate":"https:\/\/beta.hymach.it\/fr\/?s={search_term_string}"},"query-input":{"@type":"PropertyValueSpecification","valueRequired":true,"valueName":"search_term_string"}}],"inLanguage":"fr-FR"},{"@type":"Organization","@id":"https:\/\/beta.hymach.it\/fr\/#organization","name":"Hymach","url":"https:\/\/beta.hymach.it\/fr\/","logo":{"@type":"ImageObject","inLanguage":"fr-FR","@id":"https:\/\/beta.hymach.it\/fr\/#\/schema\/logo\/image\/","url":"https:\/\/beta.hymach.it\/wp-content\/uploads\/2024\/08\/hymach_logo_2026.svg","contentUrl":"https:\/\/beta.hymach.it\/wp-content\/uploads\/2024\/08\/hymach_logo_2026.svg","width":777,"height":88,"caption":"Hymach"},"image":{"@id":"https:\/\/beta.hymach.it\/fr\/#\/schema\/logo\/image\/"}}]}},"_links":{"self":[{"href":"https:\/\/beta.hymach.it\/fr\/wp-json\/wp\/v2\/pages\/2100","targetHints":{"allow":["GET"]}}],"collection":[{"href":"https:\/\/beta.hymach.it\/fr\/wp-json\/wp\/v2\/pages"}],"about":[{"href":"https:\/\/beta.hymach.it\/fr\/wp-json\/wp\/v2\/types\/page"}],"author":[{"embeddable":true,"href":"https:\/\/beta.hymach.it\/fr\/wp-json\/wp\/v2\/users\/1"}],"replies":[{"embeddable":true,"href":"https:\/\/beta.hymach.it\/fr\/wp-json\/wp\/v2\/comments?post=2100"}],"version-history":[{"count":3,"href":"https:\/\/beta.hymach.it\/fr\/wp-json\/wp\/v2\/pages\/2100\/revisions"}],"predecessor-version":[{"id":6723,"href":"https:\/\/beta.hymach.it\/fr\/wp-json\/wp\/v2\/pages\/2100\/revisions\/6723"}],"wp:attachment":[{"href":"https:\/\/beta.hymach.it\/fr\/wp-json\/wp\/v2\/media?parent=2100"}],"wp:term":[{"taxonomy":"category","embeddable":true,"href":"https:\/\/beta.hymach.it\/fr\/wp-json\/wp\/v2\/categories?post=2100"},{"taxonomy":"sector","embeddable":true,"href":"https:\/\/beta.hymach.it\/fr\/wp-json\/wp\/v2\/sector?post=2100"},{"taxonomy":"carrier","embeddable":true,"href":"https:\/\/beta.hymach.it\/fr\/wp-json\/wp\/v2\/carrier?post=2100"},{"taxonomy":"cat-page","embeddable":true,"href":"https:\/\/beta.hymach.it\/fr\/wp-json\/wp\/v2\/cat-page?post=2100"},{"taxonomy":"product-category","embeddable":true,"href":"https:\/\/beta.hymach.it\/fr\/wp-json\/wp\/v2\/product-category?post=2100"}],"curies":[{"name":"wp","href":"https:\/\/api.w.org\/{rel}","templated":true}]}}