{"id":2111,"date":"2017-11-23T12:24:39","date_gmt":"2017-11-23T11:24:39","guid":{"rendered":"https:\/\/www.hymach.it\/servizi\/"},"modified":"2022-10-25T17:40:25","modified_gmt":"2022-10-25T15:40:25","slug":"service","status":"publish","type":"page","link":"https:\/\/beta.hymach.it\/fr\/service\/","title":{"rendered":"Service Hymach"},"content":{"rendered":"<p><strong>Hymach<\/strong> propose \u00e0 ses clients une s\u00e9rie de services pour compl\u00e9ter son offre:<\/p>\n<ul>\n<li>service commercial d&#8217;assistance pr\u00e9-vente pour le choix du produit le mieux adapt\u00e9 aux besoins sp\u00e9cifiques du client;<\/li>\n<li>service d&#8217;assistance pour les pratiques d&#8217;homologation de type de v\u00e9hicule;<\/li>\n<li>service de fourniture de pi\u00e8ces d\u00e9tach\u00e9es;<\/li>\n<li>service d&#8217;assistance apr\u00e8s-vente pour les r\u00e9parations et \/ ou modifications de l&#8217;\u00e9quipement, m\u00eame \u00e0 domicile avec un atelier mobile.<\/li>\n<\/ul>\n<p><a class=\"button primary\" href=\"https:\/\/beta.hymach.it\/fr\/contacts\/\">Contactez-nous pour plus d&#8217;informations!<\/a><\/p>\n","protected":false},"excerpt":{"rendered":"<p>Hymach propose \u00e0 ses clients une s\u00e9rie de services pour compl\u00e9ter son offre: service commercial d&#8217;assistance pr\u00e9-vente pour le choix du produit le mieux adapt\u00e9 aux besoins sp\u00e9cifiques du client; service d&#8217;assistance pour les pratiques d&#8217;homologation de type de v\u00e9hicule; service de fourniture de pi\u00e8ces d\u00e9tach\u00e9es; service d&#8217;assistance apr\u00e8s-vente pour les r\u00e9parations et \/ ou [&hellip;]<\/p>\n","protected":false},"author":1,"featured_media":0,"parent":0,"menu_order":403,"comment_status":"closed","ping_status":"closed","template":"elementor_header_footer","meta":{"_acf_changed":false,"footnotes":""},"categories":[],"sector":[],"carrier":[],"cat-page":[],"product-category":[],"class_list":["post-2111","page","type-page","status-publish","hentry"],"acf":[],"yoast_head":"<!-- This site is optimized with the Yoast SEO plugin v27.5 - https:\/\/yoast.com\/product\/yoast-seo-wordpress\/ -->\n<title>Service Hymach<\/title>\n<meta name=\"description\" content=\"Hymach propose \u00e0 ses clients une s\u00e9rie de services pour compl\u00e9ter sa offert : assistance, pi\u00e8ces d\u00e9tach\u00e9es et conseil avant et apr\u00e8s vente\" \/>\n<meta name=\"robots\" content=\"noindex, follow, max-snippet:-1, max-image-preview:large, max-video-preview:-1\" \/>\n<meta property=\"og:locale\" content=\"fr_FR\" \/>\n<meta property=\"og:type\" content=\"article\" \/>\n<meta property=\"og:title\" content=\"Service Hymach\" \/>\n<meta property=\"og:description\" content=\"Hymach propose \u00e0 ses clients une s\u00e9rie de services pour compl\u00e9ter sa offert : assistance, pi\u00e8ces d\u00e9tach\u00e9es et conseil avant et apr\u00e8s vente\" \/>\n<meta property=\"og:url\" content=\"https:\/\/beta.hymach.it\/fr\/service\/\" \/>\n<meta property=\"og:site_name\" content=\"Hymach\" \/>\n<meta property=\"article:modified_time\" content=\"2022-10-25T15:40:25+00:00\" \/>\n<meta name=\"twitter:label1\" content=\"Est. reading time\" \/>\n\t<meta name=\"twitter:data1\" content=\"1 minute\" \/>\n<script type=\"application\/ld+json\" class=\"yoast-schema-graph\">{\"@context\":\"https:\\\/\\\/schema.org\",\"@graph\":[{\"@type\":\"WebPage\",\"@id\":\"https:\\\/\\\/beta.hymach.it\\\/fr\\\/service\\\/\",\"url\":\"https:\\\/\\\/beta.hymach.it\\\/fr\\\/service\\\/\",\"name\":\"Service Hymach\",\"isPartOf\":{\"@id\":\"https:\\\/\\\/beta.hymach.it\\\/fr\\\/#website\"},\"datePublished\":\"2017-11-23T11:24:39+00:00\",\"dateModified\":\"2022-10-25T15:40:25+00:00\",\"description\":\"Hymach propose \u00e0 ses clients une s\u00e9rie de services pour compl\u00e9ter sa offert : assistance, pi\u00e8ces d\u00e9tach\u00e9es et conseil avant et apr\u00e8s vente\",\"breadcrumb\":{\"@id\":\"https:\\\/\\\/beta.hymach.it\\\/fr\\\/service\\\/#breadcrumb\"},\"inLanguage\":\"fr-FR\",\"potentialAction\":[{\"@type\":\"ReadAction\",\"target\":[\"https:\\\/\\\/beta.hymach.it\\\/fr\\\/service\\\/\"]}]},{\"@type\":\"BreadcrumbList\",\"@id\":\"https:\\\/\\\/beta.hymach.it\\\/fr\\\/service\\\/#breadcrumb\",\"itemListElement\":[{\"@type\":\"ListItem\",\"position\":1,\"name\":\"Home\",\"item\":\"https:\\\/\\\/beta.hymach.it\\\/fr\\\/\"},{\"@type\":\"ListItem\",\"position\":2,\"name\":\"Service Hymach\"}]},{\"@type\":\"WebSite\",\"@id\":\"https:\\\/\\\/beta.hymach.it\\\/fr\\\/#website\",\"url\":\"https:\\\/\\\/beta.hymach.it\\\/fr\\\/\",\"name\":\"Hymach\",\"description\":\"Macchine per la manutenzione del verde\",\"publisher\":{\"@id\":\"https:\\\/\\\/beta.hymach.it\\\/fr\\\/#organization\"},\"potentialAction\":[{\"@type\":\"SearchAction\",\"target\":{\"@type\":\"EntryPoint\",\"urlTemplate\":\"https:\\\/\\\/beta.hymach.it\\\/fr\\\/?s={search_term_string}\"},\"query-input\":{\"@type\":\"PropertyValueSpecification\",\"valueRequired\":true,\"valueName\":\"search_term_string\"}}],\"inLanguage\":\"fr-FR\"},{\"@type\":\"Organization\",\"@id\":\"https:\\\/\\\/beta.hymach.it\\\/fr\\\/#organization\",\"name\":\"Hymach\",\"url\":\"https:\\\/\\\/beta.hymach.it\\\/fr\\\/\",\"logo\":{\"@type\":\"ImageObject\",\"inLanguage\":\"fr-FR\",\"@id\":\"https:\\\/\\\/beta.hymach.it\\\/fr\\\/#\\\/schema\\\/logo\\\/image\\\/\",\"url\":\"https:\\\/\\\/beta.hymach.it\\\/wp-content\\\/uploads\\\/2024\\\/08\\\/hymach_logo_2026.svg\",\"contentUrl\":\"https:\\\/\\\/beta.hymach.it\\\/wp-content\\\/uploads\\\/2024\\\/08\\\/hymach_logo_2026.svg\",\"width\":777,\"height\":88,\"caption\":\"Hymach\"},\"image\":{\"@id\":\"https:\\\/\\\/beta.hymach.it\\\/fr\\\/#\\\/schema\\\/logo\\\/image\\\/\"}}]}<\/script>\n<!-- \/ Yoast SEO plugin. -->","yoast_head_json":{"title":"Service Hymach","description":"Hymach propose \u00e0 ses clients une s\u00e9rie de services pour compl\u00e9ter sa offert : assistance, pi\u00e8ces d\u00e9tach\u00e9es et conseil avant et apr\u00e8s vente","robots":{"index":"noindex","follow":"follow","max-snippet":"max-snippet:-1","max-image-preview":"max-image-preview:large","max-video-preview":"max-video-preview:-1"},"og_locale":"fr_FR","og_type":"article","og_title":"Service Hymach","og_description":"Hymach propose \u00e0 ses clients une s\u00e9rie de services pour compl\u00e9ter sa offert : assistance, pi\u00e8ces d\u00e9tach\u00e9es et conseil avant et apr\u00e8s vente","og_url":"https:\/\/beta.hymach.it\/fr\/service\/","og_site_name":"Hymach","article_modified_time":"2022-10-25T15:40:25+00:00","twitter_misc":{"Est. reading time":"1 minute"},"schema":{"@context":"https:\/\/schema.org","@graph":[{"@type":"WebPage","@id":"https:\/\/beta.hymach.it\/fr\/service\/","url":"https:\/\/beta.hymach.it\/fr\/service\/","name":"Service Hymach","isPartOf":{"@id":"https:\/\/beta.hymach.it\/fr\/#website"},"datePublished":"2017-11-23T11:24:39+00:00","dateModified":"2022-10-25T15:40:25+00:00","description":"Hymach propose \u00e0 ses clients une s\u00e9rie de services pour compl\u00e9ter sa offert : assistance, pi\u00e8ces d\u00e9tach\u00e9es et conseil avant et apr\u00e8s vente","breadcrumb":{"@id":"https:\/\/beta.hymach.it\/fr\/service\/#breadcrumb"},"inLanguage":"fr-FR","potentialAction":[{"@type":"ReadAction","target":["https:\/\/beta.hymach.it\/fr\/service\/"]}]},{"@type":"BreadcrumbList","@id":"https:\/\/beta.hymach.it\/fr\/service\/#breadcrumb","itemListElement":[{"@type":"ListItem","position":1,"name":"Home","item":"https:\/\/beta.hymach.it\/fr\/"},{"@type":"ListItem","position":2,"name":"Service Hymach"}]},{"@type":"WebSite","@id":"https:\/\/beta.hymach.it\/fr\/#website","url":"https:\/\/beta.hymach.it\/fr\/","name":"Hymach","description":"Macchine per la manutenzione del verde","publisher":{"@id":"https:\/\/beta.hymach.it\/fr\/#organization"},"potentialAction":[{"@type":"SearchAction","target":{"@type":"EntryPoint","urlTemplate":"https:\/\/beta.hymach.it\/fr\/?s={search_term_string}"},"query-input":{"@type":"PropertyValueSpecification","valueRequired":true,"valueName":"search_term_string"}}],"inLanguage":"fr-FR"},{"@type":"Organization","@id":"https:\/\/beta.hymach.it\/fr\/#organization","name":"Hymach","url":"https:\/\/beta.hymach.it\/fr\/","logo":{"@type":"ImageObject","inLanguage":"fr-FR","@id":"https:\/\/beta.hymach.it\/fr\/#\/schema\/logo\/image\/","url":"https:\/\/beta.hymach.it\/wp-content\/uploads\/2024\/08\/hymach_logo_2026.svg","contentUrl":"https:\/\/beta.hymach.it\/wp-content\/uploads\/2024\/08\/hymach_logo_2026.svg","width":777,"height":88,"caption":"Hymach"},"image":{"@id":"https:\/\/beta.hymach.it\/fr\/#\/schema\/logo\/image\/"}}]}},"_links":{"self":[{"href":"https:\/\/beta.hymach.it\/fr\/wp-json\/wp\/v2\/pages\/2111","targetHints":{"allow":["GET"]}}],"collection":[{"href":"https:\/\/beta.hymach.it\/fr\/wp-json\/wp\/v2\/pages"}],"about":[{"href":"https:\/\/beta.hymach.it\/fr\/wp-json\/wp\/v2\/types\/page"}],"author":[{"embeddable":true,"href":"https:\/\/beta.hymach.it\/fr\/wp-json\/wp\/v2\/users\/1"}],"replies":[{"embeddable":true,"href":"https:\/\/beta.hymach.it\/fr\/wp-json\/wp\/v2\/comments?post=2111"}],"version-history":[{"count":4,"href":"https:\/\/beta.hymach.it\/fr\/wp-json\/wp\/v2\/pages\/2111\/revisions"}],"predecessor-version":[{"id":6890,"href":"https:\/\/beta.hymach.it\/fr\/wp-json\/wp\/v2\/pages\/2111\/revisions\/6890"}],"wp:attachment":[{"href":"https:\/\/beta.hymach.it\/fr\/wp-json\/wp\/v2\/media?parent=2111"}],"wp:term":[{"taxonomy":"category","embeddable":true,"href":"https:\/\/beta.hymach.it\/fr\/wp-json\/wp\/v2\/categories?post=2111"},{"taxonomy":"sector","embeddable":true,"href":"https:\/\/beta.hymach.it\/fr\/wp-json\/wp\/v2\/sector?post=2111"},{"taxonomy":"carrier","embeddable":true,"href":"https:\/\/beta.hymach.it\/fr\/wp-json\/wp\/v2\/carrier?post=2111"},{"taxonomy":"cat-page","embeddable":true,"href":"https:\/\/beta.hymach.it\/fr\/wp-json\/wp\/v2\/cat-page?post=2111"},{"taxonomy":"product-category","embeddable":true,"href":"https:\/\/beta.hymach.it\/fr\/wp-json\/wp\/v2\/product-category?post=2111"}],"curies":[{"name":"wp","href":"https:\/\/api.w.org\/{rel}","templated":true}]}}