{"id":2168,"date":"2012-08-27T09:43:41","date_gmt":"2012-08-27T07:43:41","guid":{"rendered":"https:\/\/www.hymach.it\/produits\/decespugliatrici-frontali\/"},"modified":"2025-02-13T12:31:18","modified_gmt":"2025-02-13T11:31:18","slug":"frontales","status":"publish","type":"page","link":"https:\/\/beta.hymach.it\/fr\/frontales\/","title":{"rendered":"Bras de tondeuse frontales Hymach"},"content":{"rendered":"\t\t<div data-elementor-type=\"wp-page\" data-elementor-id=\"2168\" class=\"elementor elementor-2168 elementor-96\" data-elementor-post-type=\"page\">\n\t\t\t\t<div class=\"elementor-element elementor-element-186d5073 e-flex e-con-boxed e-con e-parent\" data-id=\"186d5073\" data-element_type=\"container\" data-e-type=\"container\">\n\t\t\t\t\t<div class=\"e-con-inner\">\n\t\t\t\t<div class=\"elementor-element elementor-element-5759fa44 elementor-widget elementor-widget-text-editor\" data-id=\"5759fa44\" data-element_type=\"widget\" data-e-type=\"widget\" data-widget_type=\"text-editor.default\">\n\t\t\t\t<div class=\"elementor-widget-container\">\n\t\t\t\t\t\t\t\t\t<h2 class=\"wp-block-heading\">Structure et composants des bras de tondeuse avant frontales<\/h2><p>Les \u00e9l\u00e9ments fondamentaux des articulations, des bagues et des axes des <strong>bras de tondeuse frontales<\/strong> pour tracteurs sont fabriqu\u00e9s en acier soumis \u00e0 des traitements de trempe et de meulage, qui augmentent leur r\u00e9sistance et optimisent leur fonction, prolongeant ainsi leur dur\u00e9e de vie. Les <em>v\u00e9rins \u00e9quip\u00e9s de vannes de r\u00e9gulation<\/em> garantissent une excellente maniabilit\u00e9.<br \/>Les principaux composants du syst\u00e8me d&#8217;exploitation tels que les pompes et le moteur, le multiplicateur, le distributeur, le radiateur, choisis parmi ceux propos\u00e9s par les meilleures marques du march\u00e9 pour les performances et la fiabilit\u00e9, d\u00e9terminent les hautes performances en puissance et en productivit\u00e9.<\/p><h2 class=\"wp-block-heading\">Polyvalence et modularit\u00e9 des t\u00eates pour bras de tondeuses frontales<\/h2><p>La vari\u00e9t\u00e9 de choix de t\u00eates de coupe et de syst\u00e8mes de coupe disponibles pour les diff\u00e9rents types de v\u00e9g\u00e9tation et conditions de sol, assure la continuit\u00e9 et l&#8217;uniformit\u00e9 de la tonte. La possibilit\u00e9 d&#8217;interchanger le broyeur avec d&#8217;autres t\u00eates d&#8217;outils avec quelques op\u00e9rations simples rend chaque machine <em>polyvalente<\/em> car elle peut \u00eatre utilis\u00e9e pour diff\u00e9rents processus.<br \/>Les <strong>bras de tondeuse frontales<\/strong> peuvent \u00eatre <em>personnalis\u00e9s<\/em> en modifiant \u00e0 la fois la structure et le syst\u00e8me en fonction des besoins sp\u00e9cifiques de l&#8217;utilisateur. Ils sont disponibles en version droitier et gaucher.<\/p>\t\t\t\t\t\t\t\t<\/div>\n\t\t\t\t<\/div>\n\t\t\t\t\t<\/div>\n\t\t\t\t<\/div>\n\t\t\t\t<\/div>\n\t\t","protected":false},"excerpt":{"rendered":"<p>Toutes les machines, de m\u00eame que d\u2019autres mod\u00e8les parmi les machines arri\u00e8re, peuvent \u00eatre install\u00e9es frontalement sur des v\u00e9hicules porte-outils, comme les camions, les pelles m\u00e9caniques, tractopelles ou tout autre moyen automoteur ad\u00e9quat et pr\u00e9dispos\u00e9 : les machines fonctionnent alors directement avec l\u2019installation de service de l\u2019engin.<\/p>\n<p>Les s\u00e9ries pr\u00e9sentes dans le catalogue se diff\u00e9rencient par la construction du bras, selon sa longueur et selon les outils applicables.<br \/>\nNos d\u00e9broussailleuses frontales sont une extension de celles \u00e0 longs bras hydrauliques avec lesquelles nous avons commenc\u00e9 notre activit\u00e9. Elles ont \u00e9t\u00e9 construites dans le respect de notre id\u00e9e du produit : robuste, fonctionnel et efficace.<\/p>\n","protected":false},"author":1,"featured_media":12518,"parent":0,"menu_order":206,"comment_status":"closed","ping_status":"closed","template":"","meta":{"_acf_changed":false,"footnotes":""},"categories":[],"sector":[],"carrier":[],"cat-page":[],"product-category":[],"class_list":["post-2168","page","type-page","status-publish","has-post-thumbnail","hentry"],"acf":[],"yoast_head":"<!-- This site is optimized with the Yoast SEO plugin v27.5 - https:\/\/yoast.com\/product\/yoast-seo-wordpress\/ -->\n<title>Bras de tondeuse frontales Hymach pour l&#039;entretien du vert<\/title>\n<meta name=\"description\" content=\"Les bras de tondeuse frontales Hymach sont des machines pour l&#039;entretien du vert, id\u00e9al pour couper les haies de route, et bien plus encore.\" \/>\n<meta name=\"robots\" content=\"noindex, follow, max-snippet:-1, max-image-preview:large, max-video-preview:-1\" \/>\n<meta property=\"og:locale\" content=\"fr_FR\" \/>\n<meta property=\"og:type\" content=\"article\" \/>\n<meta property=\"og:title\" content=\"Bras de tondeuse frontales Hymach pour l&#039;entretien du vert\" \/>\n<meta property=\"og:description\" content=\"Les bras de tondeuse frontales Hymach sont des machines pour l&#039;entretien du vert, id\u00e9al pour couper les haies de route, et bien plus encore.\" \/>\n<meta property=\"og:url\" content=\"https:\/\/beta.hymach.it\/fr\/frontales\/\" \/>\n<meta property=\"og:site_name\" content=\"Hymach\" \/>\n<meta property=\"article:modified_time\" content=\"2025-02-13T11:31:18+00:00\" \/>\n<meta property=\"og:image\" content=\"https:\/\/beta.hymach.it\/wp-content\/uploads\/2017\/12\/frontali-RoadRoe.jpg\" \/>\n\t<meta property=\"og:image:width\" content=\"500\" \/>\n\t<meta property=\"og:image:height\" content=\"364\" \/>\n\t<meta property=\"og:image:type\" content=\"image\/jpeg\" \/>\n<meta name=\"twitter:label1\" content=\"Est. reading time\" \/>\n\t<meta name=\"twitter:data1\" content=\"2 minutes\" \/>\n<script type=\"application\/ld+json\" class=\"yoast-schema-graph\">{\"@context\":\"https:\\\/\\\/schema.org\",\"@graph\":[{\"@type\":\"WebPage\",\"@id\":\"https:\\\/\\\/beta.hymach.it\\\/fr\\\/frontales\\\/\",\"url\":\"https:\\\/\\\/beta.hymach.it\\\/fr\\\/frontales\\\/\",\"name\":\"Bras de tondeuse frontales Hymach pour l'entretien du vert\",\"isPartOf\":{\"@id\":\"https:\\\/\\\/beta.hymach.it\\\/fr\\\/#website\"},\"primaryImageOfPage\":{\"@id\":\"https:\\\/\\\/beta.hymach.it\\\/fr\\\/frontales\\\/#primaryimage\"},\"image\":{\"@id\":\"https:\\\/\\\/beta.hymach.it\\\/fr\\\/frontales\\\/#primaryimage\"},\"thumbnailUrl\":\"https:\\\/\\\/beta.hymach.it\\\/wp-content\\\/uploads\\\/2026\\\/04\\\/Frontali.svg\",\"datePublished\":\"2012-08-27T07:43:41+00:00\",\"dateModified\":\"2025-02-13T11:31:18+00:00\",\"description\":\"Les bras de tondeuse frontales Hymach sont des machines pour l'entretien du vert, id\u00e9al pour couper les haies de route, et bien plus encore.\",\"breadcrumb\":{\"@id\":\"https:\\\/\\\/beta.hymach.it\\\/fr\\\/frontales\\\/#breadcrumb\"},\"inLanguage\":\"fr-FR\",\"potentialAction\":[{\"@type\":\"ReadAction\",\"target\":[\"https:\\\/\\\/beta.hymach.it\\\/fr\\\/frontales\\\/\"]}]},{\"@type\":\"ImageObject\",\"inLanguage\":\"fr-FR\",\"@id\":\"https:\\\/\\\/beta.hymach.it\\\/fr\\\/frontales\\\/#primaryimage\",\"url\":\"https:\\\/\\\/beta.hymach.it\\\/wp-content\\\/uploads\\\/2026\\\/04\\\/Frontali.svg\",\"contentUrl\":\"https:\\\/\\\/beta.hymach.it\\\/wp-content\\\/uploads\\\/2026\\\/04\\\/Frontali.svg\",\"width\":500,\"height\":500},{\"@type\":\"BreadcrumbList\",\"@id\":\"https:\\\/\\\/beta.hymach.it\\\/fr\\\/frontales\\\/#breadcrumb\",\"itemListElement\":[{\"@type\":\"ListItem\",\"position\":1,\"name\":\"Home\",\"item\":\"https:\\\/\\\/beta.hymach.it\\\/fr\\\/\"},{\"@type\":\"ListItem\",\"position\":2,\"name\":\"Produits\",\"item\":\"https:\\\/\\\/beta.hymach.it\\\/fr\\\/produits\\\/\"},{\"@type\":\"ListItem\",\"position\":3,\"name\":\"Bras de tondeuse frontales Hymach\"}]},{\"@type\":\"WebSite\",\"@id\":\"https:\\\/\\\/beta.hymach.it\\\/fr\\\/#website\",\"url\":\"https:\\\/\\\/beta.hymach.it\\\/fr\\\/\",\"name\":\"Hymach\",\"description\":\"Macchine per la manutenzione del verde\",\"publisher\":{\"@id\":\"https:\\\/\\\/beta.hymach.it\\\/fr\\\/#organization\"},\"potentialAction\":[{\"@type\":\"SearchAction\",\"target\":{\"@type\":\"EntryPoint\",\"urlTemplate\":\"https:\\\/\\\/beta.hymach.it\\\/fr\\\/?s={search_term_string}\"},\"query-input\":{\"@type\":\"PropertyValueSpecification\",\"valueRequired\":true,\"valueName\":\"search_term_string\"}}],\"inLanguage\":\"fr-FR\"},{\"@type\":\"Organization\",\"@id\":\"https:\\\/\\\/beta.hymach.it\\\/fr\\\/#organization\",\"name\":\"Hymach\",\"url\":\"https:\\\/\\\/beta.hymach.it\\\/fr\\\/\",\"logo\":{\"@type\":\"ImageObject\",\"inLanguage\":\"fr-FR\",\"@id\":\"https:\\\/\\\/beta.hymach.it\\\/fr\\\/#\\\/schema\\\/logo\\\/image\\\/\",\"url\":\"https:\\\/\\\/beta.hymach.it\\\/wp-content\\\/uploads\\\/2024\\\/08\\\/hymach_logo_2026.svg\",\"contentUrl\":\"https:\\\/\\\/beta.hymach.it\\\/wp-content\\\/uploads\\\/2024\\\/08\\\/hymach_logo_2026.svg\",\"width\":777,\"height\":88,\"caption\":\"Hymach\"},\"image\":{\"@id\":\"https:\\\/\\\/beta.hymach.it\\\/fr\\\/#\\\/schema\\\/logo\\\/image\\\/\"}}]}<\/script>\n<!-- \/ Yoast SEO plugin. -->","yoast_head_json":{"title":"Bras de tondeuse frontales Hymach pour l'entretien du vert","description":"Les bras de tondeuse frontales Hymach sont des machines pour l'entretien du vert, id\u00e9al pour couper les haies de route, et bien plus encore.","robots":{"index":"noindex","follow":"follow","max-snippet":"max-snippet:-1","max-image-preview":"max-image-preview:large","max-video-preview":"max-video-preview:-1"},"og_locale":"fr_FR","og_type":"article","og_title":"Bras de tondeuse frontales Hymach pour l'entretien du vert","og_description":"Les bras de tondeuse frontales Hymach sont des machines pour l'entretien du vert, id\u00e9al pour couper les haies de route, et bien plus encore.","og_url":"https:\/\/beta.hymach.it\/fr\/frontales\/","og_site_name":"Hymach","article_modified_time":"2025-02-13T11:31:18+00:00","og_image":[{"width":500,"height":364,"url":"https:\/\/beta.hymach.it\/wp-content\/uploads\/2017\/12\/frontali-RoadRoe.jpg","type":"image\/jpeg"}],"twitter_misc":{"Est. reading time":"2 minutes"},"schema":{"@context":"https:\/\/schema.org","@graph":[{"@type":"WebPage","@id":"https:\/\/beta.hymach.it\/fr\/frontales\/","url":"https:\/\/beta.hymach.it\/fr\/frontales\/","name":"Bras de tondeuse frontales Hymach pour l'entretien du vert","isPartOf":{"@id":"https:\/\/beta.hymach.it\/fr\/#website"},"primaryImageOfPage":{"@id":"https:\/\/beta.hymach.it\/fr\/frontales\/#primaryimage"},"image":{"@id":"https:\/\/beta.hymach.it\/fr\/frontales\/#primaryimage"},"thumbnailUrl":"https:\/\/beta.hymach.it\/wp-content\/uploads\/2026\/04\/Frontali.svg","datePublished":"2012-08-27T07:43:41+00:00","dateModified":"2025-02-13T11:31:18+00:00","description":"Les bras de tondeuse frontales Hymach sont des machines pour l'entretien du vert, id\u00e9al pour couper les haies de route, et bien plus encore.","breadcrumb":{"@id":"https:\/\/beta.hymach.it\/fr\/frontales\/#breadcrumb"},"inLanguage":"fr-FR","potentialAction":[{"@type":"ReadAction","target":["https:\/\/beta.hymach.it\/fr\/frontales\/"]}]},{"@type":"ImageObject","inLanguage":"fr-FR","@id":"https:\/\/beta.hymach.it\/fr\/frontales\/#primaryimage","url":"https:\/\/beta.hymach.it\/wp-content\/uploads\/2026\/04\/Frontali.svg","contentUrl":"https:\/\/beta.hymach.it\/wp-content\/uploads\/2026\/04\/Frontali.svg","width":500,"height":500},{"@type":"BreadcrumbList","@id":"https:\/\/beta.hymach.it\/fr\/frontales\/#breadcrumb","itemListElement":[{"@type":"ListItem","position":1,"name":"Home","item":"https:\/\/beta.hymach.it\/fr\/"},{"@type":"ListItem","position":2,"name":"Produits","item":"https:\/\/beta.hymach.it\/fr\/produits\/"},{"@type":"ListItem","position":3,"name":"Bras de tondeuse frontales Hymach"}]},{"@type":"WebSite","@id":"https:\/\/beta.hymach.it\/fr\/#website","url":"https:\/\/beta.hymach.it\/fr\/","name":"Hymach","description":"Macchine per la manutenzione del verde","publisher":{"@id":"https:\/\/beta.hymach.it\/fr\/#organization"},"potentialAction":[{"@type":"SearchAction","target":{"@type":"EntryPoint","urlTemplate":"https:\/\/beta.hymach.it\/fr\/?s={search_term_string}"},"query-input":{"@type":"PropertyValueSpecification","valueRequired":true,"valueName":"search_term_string"}}],"inLanguage":"fr-FR"},{"@type":"Organization","@id":"https:\/\/beta.hymach.it\/fr\/#organization","name":"Hymach","url":"https:\/\/beta.hymach.it\/fr\/","logo":{"@type":"ImageObject","inLanguage":"fr-FR","@id":"https:\/\/beta.hymach.it\/fr\/#\/schema\/logo\/image\/","url":"https:\/\/beta.hymach.it\/wp-content\/uploads\/2024\/08\/hymach_logo_2026.svg","contentUrl":"https:\/\/beta.hymach.it\/wp-content\/uploads\/2024\/08\/hymach_logo_2026.svg","width":777,"height":88,"caption":"Hymach"},"image":{"@id":"https:\/\/beta.hymach.it\/fr\/#\/schema\/logo\/image\/"}}]}},"_links":{"self":[{"href":"https:\/\/beta.hymach.it\/fr\/wp-json\/wp\/v2\/pages\/2168","targetHints":{"allow":["GET"]}}],"collection":[{"href":"https:\/\/beta.hymach.it\/fr\/wp-json\/wp\/v2\/pages"}],"about":[{"href":"https:\/\/beta.hymach.it\/fr\/wp-json\/wp\/v2\/types\/page"}],"author":[{"embeddable":true,"href":"https:\/\/beta.hymach.it\/fr\/wp-json\/wp\/v2\/users\/1"}],"replies":[{"embeddable":true,"href":"https:\/\/beta.hymach.it\/fr\/wp-json\/wp\/v2\/comments?post=2168"}],"version-history":[{"count":7,"href":"https:\/\/beta.hymach.it\/fr\/wp-json\/wp\/v2\/pages\/2168\/revisions"}],"predecessor-version":[{"id":11295,"href":"https:\/\/beta.hymach.it\/fr\/wp-json\/wp\/v2\/pages\/2168\/revisions\/11295"}],"wp:featuredmedia":[{"embeddable":true,"href":"https:\/\/beta.hymach.it\/fr\/wp-json\/wp\/v2\/media\/12518"}],"wp:attachment":[{"href":"https:\/\/beta.hymach.it\/fr\/wp-json\/wp\/v2\/media?parent=2168"}],"wp:term":[{"taxonomy":"category","embeddable":true,"href":"https:\/\/beta.hymach.it\/fr\/wp-json\/wp\/v2\/categories?post=2168"},{"taxonomy":"sector","embeddable":true,"href":"https:\/\/beta.hymach.it\/fr\/wp-json\/wp\/v2\/sector?post=2168"},{"taxonomy":"carrier","embeddable":true,"href":"https:\/\/beta.hymach.it\/fr\/wp-json\/wp\/v2\/carrier?post=2168"},{"taxonomy":"cat-page","embeddable":true,"href":"https:\/\/beta.hymach.it\/fr\/wp-json\/wp\/v2\/cat-page?post=2168"},{"taxonomy":"product-category","embeddable":true,"href":"https:\/\/beta.hymach.it\/fr\/wp-json\/wp\/v2\/product-category?post=2168"}],"curies":[{"name":"wp","href":"https:\/\/api.w.org\/{rel}","templated":true}]}}