{"id":3723,"date":"2014-02-19T09:54:02","date_gmt":"2014-02-19T08:54:02","guid":{"rendered":"https:\/\/www.hymach.it\/produits\/decespugliatrici-posteriori\/"},"modified":"2025-02-13T12:40:00","modified_gmt":"2025-02-13T11:40:00","slug":"arriere","status":"publish","type":"page","link":"https:\/\/beta.hymach.it\/fr\/arriere\/","title":{"rendered":"Bras de tondeuse arri\u00e8re Hymach"},"content":{"rendered":"\n<h2 class=\"wp-block-heading\">Structure et \u00e9l\u00e9ments des bras de tondeuse arri\u00e8re<\/h2>\n\n\n\n<p>Nos<strong> bras de tondeuse mont\u00e9s \u00e0 l&#8217;arri\u00e8re<\/strong> sont d\u00e9riv\u00e9s de ceux \u00e0 longs bras hydrauliques avec lesquels nous avons d\u00e9marr\u00e9 notre activit\u00e9 et sont construits avec la m\u00eame id\u00e9e de produit \u00e0 l&#8217;esprit : robuste, fonctionnel et efficace. Les structures, con\u00e7ues pour r\u00e9sister aux contraintes des cycles de vie du bras, sont r\u00e9alis\u00e9es avec des aciers de premi\u00e8re qualit\u00e9.<\/p>\n\n\n\n<p>Les <strong>\u00e9l\u00e9ments fondamentaux des bras de tondeuse arri\u00e8re<\/strong> sont les articulations, les bagues et les axes, composants en acier soumis \u00e0 des traitements de trempe et de rectification, qui augmentent leur r\u00e9sistance et optimisent leur fonctionnement, prolongeant ainsi leur dur\u00e9e de vie. Les v\u00e9rins \u00e9quip\u00e9s de vannes de r\u00e9gulation garantissent une excellente maniabilit\u00e9.<\/p>\n\n\n\n<h2 class=\"wp-block-heading\">Composants du syst\u00e8me de bras de tondeuse arri\u00e8re<\/h2>\n\n\n\n<p>Les <strong>principaux composants<\/strong> du syst\u00e8me de fonctionnement d&#8217;un<strong> bras de tondeuse arri\u00e8re<\/strong> tels que les pompes et le moteur, le multiplicateur, le distributeur, le radiateur, choisis parmi ceux propos\u00e9s par les meilleures marques du march\u00e9 pour les performances et la fiabilit\u00e9, d\u00e9terminent les hautes performances en puissance et en productivit\u00e9.<br>La vari\u00e9t\u00e9 du choix de <em>broyeurs <\/em>et de syst\u00e8mes de coupe disponibles pour les diff\u00e9rents types de v\u00e9g\u00e9tation et conditions de sol, assure la continuit\u00e9 et l&#8217;uniformit\u00e9 de la tonte.<\/p>\n\n\n\n<h2 class=\"wp-block-heading\">Interchangeabilit\u00e9 et personnalisation des bras de tondeuse arri\u00e8re<\/h2>\n\n\n\n<p>La possibilit\u00e9 d&#8217;<strong>interchanger le broyeur<\/strong> avec d&#8217;autres t\u00eates d&#8217;outils avec quelques op\u00e9rations simples rend chaque machine polyvalente car elle peut \u00eatre utilis\u00e9e pour diff\u00e9rents processus.<br>Les bras de coupe arri\u00e8re, normalement consid\u00e9r\u00e9s comme des machines standard, peuvent \u00eatre <strong>personnalis\u00e9s <\/strong>en modifiant \u00e0 la fois la structure et le syst\u00e8me en fonction des besoins sp\u00e9cifiques de l&#8217;utilisateur.<\/p>\n\n\n\n<p>Pour ceux qui poss\u00e8dent des tracteurs r\u00e9versibles, il est possible de pr\u00e9parer l&#8217;\u00e9quipement pour le travail en marche arri\u00e8re. Ils sont disponibles en version droitier et gaucher.<\/p>\n","protected":false},"excerpt":{"rendered":"<p>Structure et \u00e9l\u00e9ments des bras de tondeuse arri\u00e8re Nos bras de tondeuse mont\u00e9s \u00e0 l&#8217;arri\u00e8re sont d\u00e9riv\u00e9s de ceux \u00e0 longs bras hydrauliques avec lesquels nous avons d\u00e9marr\u00e9 notre activit\u00e9 et sont construits avec la m\u00eame id\u00e9e de produit \u00e0 l&#8217;esprit : robuste, fonctionnel et efficace. Les structures, con\u00e7ues pour r\u00e9sister aux contraintes des cycles [&hellip;]<\/p>\n","protected":false},"author":1,"featured_media":12505,"parent":0,"menu_order":71,"comment_status":"closed","ping_status":"closed","template":"","meta":{"_acf_changed":false,"footnotes":""},"categories":[],"sector":[],"carrier":[],"cat-page":[],"product-category":[],"class_list":["post-3723","page","type-page","status-publish","has-post-thumbnail","hentry"],"acf":[],"yoast_head":"<!-- This site is optimized with the Yoast SEO plugin v27.4 - https:\/\/yoast.com\/product\/yoast-seo-wordpress\/ -->\n<title>Bras de tondeuse arri\u00e8re Hymach pour l&#039;entretien du green<\/title>\n<meta name=\"description\" content=\"Les bras de tondeuse arri\u00e8re Hymach pour tracteurs peuvent \u00eatre accroch\u00e9es au relevage et peuvent \u00eatre personnalis\u00e9es. En savoir plus.\" \/>\n<meta name=\"robots\" content=\"noindex, follow, max-snippet:-1, max-image-preview:large, max-video-preview:-1\" \/>\n<meta property=\"og:locale\" content=\"fr_FR\" \/>\n<meta property=\"og:type\" content=\"article\" \/>\n<meta property=\"og:title\" content=\"Bras de tondeuse arri\u00e8re Hymach pour l&#039;entretien du green\" \/>\n<meta property=\"og:description\" content=\"Les bras de tondeuse arri\u00e8re Hymach pour tracteurs peuvent \u00eatre accroch\u00e9es au relevage et peuvent \u00eatre personnalis\u00e9es. En savoir plus.\" \/>\n<meta property=\"og:url\" content=\"https:\/\/beta.hymach.it\/fr\/arriere\/\" \/>\n<meta property=\"og:site_name\" content=\"Hymach\" \/>\n<meta property=\"article:modified_time\" content=\"2025-02-13T11:40:00+00:00\" \/>\n<meta property=\"og:image\" content=\"https:\/\/beta.hymach.it\/wp-content\/uploads\/2018\/05\/Trusty.jpg\" \/>\n\t<meta property=\"og:image:width\" content=\"1600\" \/>\n\t<meta property=\"og:image:height\" content=\"1209\" \/>\n\t<meta property=\"og:image:type\" content=\"image\/jpeg\" \/>\n<meta name=\"twitter:label1\" content=\"Est. reading time\" \/>\n\t<meta name=\"twitter:data1\" content=\"2 minutes\" \/>\n<script type=\"application\/ld+json\" class=\"yoast-schema-graph\">{\"@context\":\"https:\\\/\\\/schema.org\",\"@graph\":[{\"@type\":\"WebPage\",\"@id\":\"https:\\\/\\\/beta.hymach.it\\\/fr\\\/arriere\\\/\",\"url\":\"https:\\\/\\\/beta.hymach.it\\\/fr\\\/arriere\\\/\",\"name\":\"Bras de tondeuse arri\u00e8re Hymach pour l'entretien du green\",\"isPartOf\":{\"@id\":\"https:\\\/\\\/beta.hymach.it\\\/fr\\\/#website\"},\"primaryImageOfPage\":{\"@id\":\"https:\\\/\\\/beta.hymach.it\\\/fr\\\/arriere\\\/#primaryimage\"},\"image\":{\"@id\":\"https:\\\/\\\/beta.hymach.it\\\/fr\\\/arriere\\\/#primaryimage\"},\"thumbnailUrl\":\"https:\\\/\\\/beta.hymach.it\\\/wp-content\\\/uploads\\\/2026\\\/04\\\/Retroportati.svg\",\"datePublished\":\"2014-02-19T08:54:02+00:00\",\"dateModified\":\"2025-02-13T11:40:00+00:00\",\"description\":\"Les bras de tondeuse arri\u00e8re Hymach pour tracteurs peuvent \u00eatre accroch\u00e9es au relevage et peuvent \u00eatre personnalis\u00e9es. En savoir plus.\",\"breadcrumb\":{\"@id\":\"https:\\\/\\\/beta.hymach.it\\\/fr\\\/arriere\\\/#breadcrumb\"},\"inLanguage\":\"fr-FR\",\"potentialAction\":[{\"@type\":\"ReadAction\",\"target\":[\"https:\\\/\\\/beta.hymach.it\\\/fr\\\/arriere\\\/\"]}]},{\"@type\":\"ImageObject\",\"inLanguage\":\"fr-FR\",\"@id\":\"https:\\\/\\\/beta.hymach.it\\\/fr\\\/arriere\\\/#primaryimage\",\"url\":\"https:\\\/\\\/beta.hymach.it\\\/wp-content\\\/uploads\\\/2026\\\/04\\\/Retroportati.svg\",\"contentUrl\":\"https:\\\/\\\/beta.hymach.it\\\/wp-content\\\/uploads\\\/2026\\\/04\\\/Retroportati.svg\",\"width\":500,\"height\":500},{\"@type\":\"BreadcrumbList\",\"@id\":\"https:\\\/\\\/beta.hymach.it\\\/fr\\\/arriere\\\/#breadcrumb\",\"itemListElement\":[{\"@type\":\"ListItem\",\"position\":1,\"name\":\"Home\",\"item\":\"https:\\\/\\\/beta.hymach.it\\\/fr\\\/\"},{\"@type\":\"ListItem\",\"position\":2,\"name\":\"Bras de tondeuse arri\u00e8re Hymach\"}]},{\"@type\":\"WebSite\",\"@id\":\"https:\\\/\\\/beta.hymach.it\\\/fr\\\/#website\",\"url\":\"https:\\\/\\\/beta.hymach.it\\\/fr\\\/\",\"name\":\"Hymach\",\"description\":\"Macchine per la manutenzione del verde\",\"publisher\":{\"@id\":\"https:\\\/\\\/beta.hymach.it\\\/fr\\\/#organization\"},\"potentialAction\":[{\"@type\":\"SearchAction\",\"target\":{\"@type\":\"EntryPoint\",\"urlTemplate\":\"https:\\\/\\\/beta.hymach.it\\\/fr\\\/?s={search_term_string}\"},\"query-input\":{\"@type\":\"PropertyValueSpecification\",\"valueRequired\":true,\"valueName\":\"search_term_string\"}}],\"inLanguage\":\"fr-FR\"},{\"@type\":\"Organization\",\"@id\":\"https:\\\/\\\/beta.hymach.it\\\/fr\\\/#organization\",\"name\":\"Hymach\",\"url\":\"https:\\\/\\\/beta.hymach.it\\\/fr\\\/\",\"logo\":{\"@type\":\"ImageObject\",\"inLanguage\":\"fr-FR\",\"@id\":\"https:\\\/\\\/beta.hymach.it\\\/fr\\\/#\\\/schema\\\/logo\\\/image\\\/\",\"url\":\"https:\\\/\\\/beta.hymach.it\\\/wp-content\\\/uploads\\\/2024\\\/08\\\/hymach_logo_2026.svg\",\"contentUrl\":\"https:\\\/\\\/beta.hymach.it\\\/wp-content\\\/uploads\\\/2024\\\/08\\\/hymach_logo_2026.svg\",\"width\":777,\"height\":88,\"caption\":\"Hymach\"},\"image\":{\"@id\":\"https:\\\/\\\/beta.hymach.it\\\/fr\\\/#\\\/schema\\\/logo\\\/image\\\/\"}}]}<\/script>\n<!-- \/ Yoast SEO plugin. -->","yoast_head_json":{"title":"Bras de tondeuse arri\u00e8re Hymach pour l'entretien du green","description":"Les bras de tondeuse arri\u00e8re Hymach pour tracteurs peuvent \u00eatre accroch\u00e9es au relevage et peuvent \u00eatre personnalis\u00e9es. En savoir plus.","robots":{"index":"noindex","follow":"follow","max-snippet":"max-snippet:-1","max-image-preview":"max-image-preview:large","max-video-preview":"max-video-preview:-1"},"og_locale":"fr_FR","og_type":"article","og_title":"Bras de tondeuse arri\u00e8re Hymach pour l'entretien du green","og_description":"Les bras de tondeuse arri\u00e8re Hymach pour tracteurs peuvent \u00eatre accroch\u00e9es au relevage et peuvent \u00eatre personnalis\u00e9es. En savoir plus.","og_url":"https:\/\/beta.hymach.it\/fr\/arriere\/","og_site_name":"Hymach","article_modified_time":"2025-02-13T11:40:00+00:00","og_image":[{"width":1600,"height":1209,"url":"https:\/\/beta.hymach.it\/wp-content\/uploads\/2018\/05\/Trusty.jpg","type":"image\/jpeg"}],"twitter_misc":{"Est. reading time":"2 minutes"},"schema":{"@context":"https:\/\/schema.org","@graph":[{"@type":"WebPage","@id":"https:\/\/beta.hymach.it\/fr\/arriere\/","url":"https:\/\/beta.hymach.it\/fr\/arriere\/","name":"Bras de tondeuse arri\u00e8re Hymach pour l'entretien du green","isPartOf":{"@id":"https:\/\/beta.hymach.it\/fr\/#website"},"primaryImageOfPage":{"@id":"https:\/\/beta.hymach.it\/fr\/arriere\/#primaryimage"},"image":{"@id":"https:\/\/beta.hymach.it\/fr\/arriere\/#primaryimage"},"thumbnailUrl":"https:\/\/beta.hymach.it\/wp-content\/uploads\/2026\/04\/Retroportati.svg","datePublished":"2014-02-19T08:54:02+00:00","dateModified":"2025-02-13T11:40:00+00:00","description":"Les bras de tondeuse arri\u00e8re Hymach pour tracteurs peuvent \u00eatre accroch\u00e9es au relevage et peuvent \u00eatre personnalis\u00e9es. En savoir plus.","breadcrumb":{"@id":"https:\/\/beta.hymach.it\/fr\/arriere\/#breadcrumb"},"inLanguage":"fr-FR","potentialAction":[{"@type":"ReadAction","target":["https:\/\/beta.hymach.it\/fr\/arriere\/"]}]},{"@type":"ImageObject","inLanguage":"fr-FR","@id":"https:\/\/beta.hymach.it\/fr\/arriere\/#primaryimage","url":"https:\/\/beta.hymach.it\/wp-content\/uploads\/2026\/04\/Retroportati.svg","contentUrl":"https:\/\/beta.hymach.it\/wp-content\/uploads\/2026\/04\/Retroportati.svg","width":500,"height":500},{"@type":"BreadcrumbList","@id":"https:\/\/beta.hymach.it\/fr\/arriere\/#breadcrumb","itemListElement":[{"@type":"ListItem","position":1,"name":"Home","item":"https:\/\/beta.hymach.it\/fr\/"},{"@type":"ListItem","position":2,"name":"Bras de tondeuse arri\u00e8re Hymach"}]},{"@type":"WebSite","@id":"https:\/\/beta.hymach.it\/fr\/#website","url":"https:\/\/beta.hymach.it\/fr\/","name":"Hymach","description":"Macchine per la manutenzione del verde","publisher":{"@id":"https:\/\/beta.hymach.it\/fr\/#organization"},"potentialAction":[{"@type":"SearchAction","target":{"@type":"EntryPoint","urlTemplate":"https:\/\/beta.hymach.it\/fr\/?s={search_term_string}"},"query-input":{"@type":"PropertyValueSpecification","valueRequired":true,"valueName":"search_term_string"}}],"inLanguage":"fr-FR"},{"@type":"Organization","@id":"https:\/\/beta.hymach.it\/fr\/#organization","name":"Hymach","url":"https:\/\/beta.hymach.it\/fr\/","logo":{"@type":"ImageObject","inLanguage":"fr-FR","@id":"https:\/\/beta.hymach.it\/fr\/#\/schema\/logo\/image\/","url":"https:\/\/beta.hymach.it\/wp-content\/uploads\/2024\/08\/hymach_logo_2026.svg","contentUrl":"https:\/\/beta.hymach.it\/wp-content\/uploads\/2024\/08\/hymach_logo_2026.svg","width":777,"height":88,"caption":"Hymach"},"image":{"@id":"https:\/\/beta.hymach.it\/fr\/#\/schema\/logo\/image\/"}}]}},"_links":{"self":[{"href":"https:\/\/beta.hymach.it\/fr\/wp-json\/wp\/v2\/pages\/3723","targetHints":{"allow":["GET"]}}],"collection":[{"href":"https:\/\/beta.hymach.it\/fr\/wp-json\/wp\/v2\/pages"}],"about":[{"href":"https:\/\/beta.hymach.it\/fr\/wp-json\/wp\/v2\/types\/page"}],"author":[{"embeddable":true,"href":"https:\/\/beta.hymach.it\/fr\/wp-json\/wp\/v2\/users\/1"}],"replies":[{"embeddable":true,"href":"https:\/\/beta.hymach.it\/fr\/wp-json\/wp\/v2\/comments?post=3723"}],"version-history":[{"count":6,"href":"https:\/\/beta.hymach.it\/fr\/wp-json\/wp\/v2\/pages\/3723\/revisions"}],"predecessor-version":[{"id":11297,"href":"https:\/\/beta.hymach.it\/fr\/wp-json\/wp\/v2\/pages\/3723\/revisions\/11297"}],"wp:featuredmedia":[{"embeddable":true,"href":"https:\/\/beta.hymach.it\/fr\/wp-json\/wp\/v2\/media\/12505"}],"wp:attachment":[{"href":"https:\/\/beta.hymach.it\/fr\/wp-json\/wp\/v2\/media?parent=3723"}],"wp:term":[{"taxonomy":"category","embeddable":true,"href":"https:\/\/beta.hymach.it\/fr\/wp-json\/wp\/v2\/categories?post=3723"},{"taxonomy":"sector","embeddable":true,"href":"https:\/\/beta.hymach.it\/fr\/wp-json\/wp\/v2\/sector?post=3723"},{"taxonomy":"carrier","embeddable":true,"href":"https:\/\/beta.hymach.it\/fr\/wp-json\/wp\/v2\/carrier?post=3723"},{"taxonomy":"cat-page","embeddable":true,"href":"https:\/\/beta.hymach.it\/fr\/wp-json\/wp\/v2\/cat-page?post=3723"},{"taxonomy":"product-category","embeddable":true,"href":"https:\/\/beta.hymach.it\/fr\/wp-json\/wp\/v2\/product-category?post=3723"}],"curies":[{"name":"wp","href":"https:\/\/api.w.org\/{rel}","templated":true}]}}