{"id":3752,"date":"2014-02-12T10:16:05","date_gmt":"2014-02-12T09:16:05","guid":{"rendered":"https:\/\/www.hymach.it\/produits\/arriere\/jolly\/"},"modified":"2025-02-11T10:40:40","modified_gmt":"2025-02-11T09:40:40","slug":"jolly","status":"publish","type":"page","link":"https:\/\/beta.hymach.it\/fr\/arriere\/jolly\/","title":{"rendered":"Bras de tondeuse arri\u00e8re Jolly Hymach"},"content":{"rendered":"<p><strong>D\u00e9broussailleuses \u00e0 bras ol\u00e9ohydraulique,<\/strong> avec t\u00eate de broyage \u00e0 rotor, \u00e0 atteler sur tracteurs de petites dimensions, pour travaux de maintenance des espaces verts sur accotements et petits talus au bord des routes, berges peu profondes, rives de cours d\u2019eau et zones champ\u00eatres.<\/p>\n<p>Ces dispositifs existent en longueurs <strong>de 5\u00a0m\u00e8tres et de 6\u00a0m\u00e8tres.<\/strong><\/p>\n<p>L\u2019articulation des bras est r\u00e9alis\u00e9e de mani\u00e8re \u00e0 faucher m\u00eame dans la zone la plus proche des roues sans devoir obligatoirement se d\u00e9caler sur la chauss\u00e9e\u00a0; en outre, la fermeture du bras se fait par rotation en arri\u00e8re.<\/p>\n<p>Par cons\u00e9quent, cette machine est particuli\u00e8rement adapt\u00e9e au travail et \u00e0 la circulation sur routes \u00e9troites.<\/p>\n","protected":false},"excerpt":{"rendered":"<p>D\u00e9broussailleuses \u00e0 bras ol\u00e9ohydraulique, avec t\u00eate de broyage \u00e0 rotor, \u00e0 atteler sur tracteurs de petites dimensions, pour travaux de maintenance des espaces verts sur accotements et petits talus au bord des routes, berges peu profondes, rives de cours d\u2019eau et zones champ\u00eatres. Ces dispositifs existent en longueurs de 5\u00a0m\u00e8tres et de 6\u00a0m\u00e8tres. L\u2019articulation des [&hellip;]<\/p>\n","protected":false},"author":1,"featured_media":9248,"parent":3723,"menu_order":80,"comment_status":"closed","ping_status":"closed","template":"","meta":{"_acf_changed":false,"footnotes":""},"categories":[],"sector":[],"carrier":[],"cat-page":[],"product-category":[147],"class_list":["post-3752","page","type-page","status-publish","has-post-thumbnail","hentry","product-category-bras-de-tondeuse-arriere"],"acf":[],"yoast_head":"<!-- This site is optimized with the Yoast SEO plugin v27.5 - https:\/\/yoast.com\/product\/yoast-seo-wordpress\/ -->\n<title>Bras de tondeuse arri\u00e8re Jolly Hymach pour l&#039;entretien du vert<\/title>\n<meta name=\"description\" content=\"Le bras de tondeuse arri\u00e8re Jolly Hymach est une machine pour l&#039;entretien du vert, id\u00e9al pour tondre l&#039;herbe long des petits talus et des quais.\" \/>\n<meta name=\"robots\" content=\"noindex, follow, max-snippet:-1, max-image-preview:large, max-video-preview:-1\" \/>\n<meta property=\"og:locale\" content=\"fr_FR\" \/>\n<meta property=\"og:type\" content=\"article\" \/>\n<meta property=\"og:title\" content=\"Bras de tondeuse arri\u00e8re Jolly Hymach pour l&#039;entretien du vert\" \/>\n<meta property=\"og:description\" content=\"Le bras de tondeuse arri\u00e8re Jolly Hymach est une machine pour l&#039;entretien du vert, id\u00e9al pour tondre l&#039;herbe long des petits talus et des quais.\" \/>\n<meta property=\"og:url\" content=\"https:\/\/beta.hymach.it\/fr\/arriere\/jolly\/\" \/>\n<meta property=\"og:site_name\" content=\"Hymach\" \/>\n<meta property=\"article:modified_time\" content=\"2025-02-11T09:40:40+00:00\" \/>\n<meta property=\"og:image\" content=\"https:\/\/beta.hymach.it\/wp-content\/uploads\/2024\/10\/braccio-tagliaerba-jolly-hymach-cover.jpg\" \/>\n\t<meta property=\"og:image:width\" content=\"1675\" \/>\n\t<meta property=\"og:image:height\" content=\"768\" \/>\n\t<meta property=\"og:image:type\" content=\"image\/jpeg\" \/>\n<meta name=\"twitter:label1\" content=\"Est. reading time\" \/>\n\t<meta name=\"twitter:data1\" content=\"1 minute\" \/>\n<script type=\"application\/ld+json\" class=\"yoast-schema-graph\">{\"@context\":\"https:\\\/\\\/schema.org\",\"@graph\":[{\"@type\":\"WebPage\",\"@id\":\"https:\\\/\\\/beta.hymach.it\\\/fr\\\/arriere\\\/jolly\\\/\",\"url\":\"https:\\\/\\\/beta.hymach.it\\\/fr\\\/arriere\\\/jolly\\\/\",\"name\":\"Bras de tondeuse arri\u00e8re Jolly Hymach pour l'entretien du vert\",\"isPartOf\":{\"@id\":\"https:\\\/\\\/beta.hymach.it\\\/fr\\\/#website\"},\"primaryImageOfPage\":{\"@id\":\"https:\\\/\\\/beta.hymach.it\\\/fr\\\/arriere\\\/jolly\\\/#primaryimage\"},\"image\":{\"@id\":\"https:\\\/\\\/beta.hymach.it\\\/fr\\\/arriere\\\/jolly\\\/#primaryimage\"},\"thumbnailUrl\":\"https:\\\/\\\/beta.hymach.it\\\/wp-content\\\/uploads\\\/2024\\\/10\\\/braccio-tagliaerba-jolly-hymach-cover.jpg\",\"datePublished\":\"2014-02-12T09:16:05+00:00\",\"dateModified\":\"2025-02-11T09:40:40+00:00\",\"description\":\"Le bras de tondeuse arri\u00e8re Jolly Hymach est une machine pour l'entretien du vert, id\u00e9al pour tondre l'herbe long des petits talus et des quais.\",\"breadcrumb\":{\"@id\":\"https:\\\/\\\/beta.hymach.it\\\/fr\\\/arriere\\\/jolly\\\/#breadcrumb\"},\"inLanguage\":\"fr-FR\",\"potentialAction\":[{\"@type\":\"ReadAction\",\"target\":[\"https:\\\/\\\/beta.hymach.it\\\/fr\\\/arriere\\\/jolly\\\/\"]}]},{\"@type\":\"ImageObject\",\"inLanguage\":\"fr-FR\",\"@id\":\"https:\\\/\\\/beta.hymach.it\\\/fr\\\/arriere\\\/jolly\\\/#primaryimage\",\"url\":\"https:\\\/\\\/beta.hymach.it\\\/wp-content\\\/uploads\\\/2024\\\/10\\\/braccio-tagliaerba-jolly-hymach-cover.jpg\",\"contentUrl\":\"https:\\\/\\\/beta.hymach.it\\\/wp-content\\\/uploads\\\/2024\\\/10\\\/braccio-tagliaerba-jolly-hymach-cover.jpg\",\"width\":1675,\"height\":768,\"caption\":\"Braccio tagliaerba Jolly di Hymach\"},{\"@type\":\"BreadcrumbList\",\"@id\":\"https:\\\/\\\/beta.hymach.it\\\/fr\\\/arriere\\\/jolly\\\/#breadcrumb\",\"itemListElement\":[{\"@type\":\"ListItem\",\"position\":1,\"name\":\"Home\",\"item\":\"https:\\\/\\\/beta.hymach.it\\\/fr\\\/\"},{\"@type\":\"ListItem\",\"position\":2,\"name\":\"Bras de tondeuse arri\u00e8re Hymach\",\"item\":\"https:\\\/\\\/beta.hymach.it\\\/fr\\\/arriere\\\/\"},{\"@type\":\"ListItem\",\"position\":3,\"name\":\"Bras de tondeuse arri\u00e8re Jolly Hymach\"}]},{\"@type\":\"WebSite\",\"@id\":\"https:\\\/\\\/beta.hymach.it\\\/fr\\\/#website\",\"url\":\"https:\\\/\\\/beta.hymach.it\\\/fr\\\/\",\"name\":\"Hymach\",\"description\":\"Macchine per la manutenzione del verde\",\"publisher\":{\"@id\":\"https:\\\/\\\/beta.hymach.it\\\/fr\\\/#organization\"},\"potentialAction\":[{\"@type\":\"SearchAction\",\"target\":{\"@type\":\"EntryPoint\",\"urlTemplate\":\"https:\\\/\\\/beta.hymach.it\\\/fr\\\/?s={search_term_string}\"},\"query-input\":{\"@type\":\"PropertyValueSpecification\",\"valueRequired\":true,\"valueName\":\"search_term_string\"}}],\"inLanguage\":\"fr-FR\"},{\"@type\":\"Organization\",\"@id\":\"https:\\\/\\\/beta.hymach.it\\\/fr\\\/#organization\",\"name\":\"Hymach\",\"url\":\"https:\\\/\\\/beta.hymach.it\\\/fr\\\/\",\"logo\":{\"@type\":\"ImageObject\",\"inLanguage\":\"fr-FR\",\"@id\":\"https:\\\/\\\/beta.hymach.it\\\/fr\\\/#\\\/schema\\\/logo\\\/image\\\/\",\"url\":\"https:\\\/\\\/beta.hymach.it\\\/wp-content\\\/uploads\\\/2024\\\/08\\\/hymach_logo_2026.svg\",\"contentUrl\":\"https:\\\/\\\/beta.hymach.it\\\/wp-content\\\/uploads\\\/2024\\\/08\\\/hymach_logo_2026.svg\",\"width\":777,\"height\":88,\"caption\":\"Hymach\"},\"image\":{\"@id\":\"https:\\\/\\\/beta.hymach.it\\\/fr\\\/#\\\/schema\\\/logo\\\/image\\\/\"}}]}<\/script>\n<!-- \/ Yoast SEO plugin. -->","yoast_head_json":{"title":"Bras de tondeuse arri\u00e8re Jolly Hymach pour l'entretien du vert","description":"Le bras de tondeuse arri\u00e8re Jolly Hymach est une machine pour l'entretien du vert, id\u00e9al pour tondre l'herbe long des petits talus et des quais.","robots":{"index":"noindex","follow":"follow","max-snippet":"max-snippet:-1","max-image-preview":"max-image-preview:large","max-video-preview":"max-video-preview:-1"},"og_locale":"fr_FR","og_type":"article","og_title":"Bras de tondeuse arri\u00e8re Jolly Hymach pour l'entretien du vert","og_description":"Le bras de tondeuse arri\u00e8re Jolly Hymach est une machine pour l'entretien du vert, id\u00e9al pour tondre l'herbe long des petits talus et des quais.","og_url":"https:\/\/beta.hymach.it\/fr\/arriere\/jolly\/","og_site_name":"Hymach","article_modified_time":"2025-02-11T09:40:40+00:00","og_image":[{"width":1675,"height":768,"url":"https:\/\/beta.hymach.it\/wp-content\/uploads\/2024\/10\/braccio-tagliaerba-jolly-hymach-cover.jpg","type":"image\/jpeg"}],"twitter_misc":{"Est. reading time":"1 minute"},"schema":{"@context":"https:\/\/schema.org","@graph":[{"@type":"WebPage","@id":"https:\/\/beta.hymach.it\/fr\/arriere\/jolly\/","url":"https:\/\/beta.hymach.it\/fr\/arriere\/jolly\/","name":"Bras de tondeuse arri\u00e8re Jolly Hymach pour l'entretien du vert","isPartOf":{"@id":"https:\/\/beta.hymach.it\/fr\/#website"},"primaryImageOfPage":{"@id":"https:\/\/beta.hymach.it\/fr\/arriere\/jolly\/#primaryimage"},"image":{"@id":"https:\/\/beta.hymach.it\/fr\/arriere\/jolly\/#primaryimage"},"thumbnailUrl":"https:\/\/beta.hymach.it\/wp-content\/uploads\/2024\/10\/braccio-tagliaerba-jolly-hymach-cover.jpg","datePublished":"2014-02-12T09:16:05+00:00","dateModified":"2025-02-11T09:40:40+00:00","description":"Le bras de tondeuse arri\u00e8re Jolly Hymach est une machine pour l'entretien du vert, id\u00e9al pour tondre l'herbe long des petits talus et des quais.","breadcrumb":{"@id":"https:\/\/beta.hymach.it\/fr\/arriere\/jolly\/#breadcrumb"},"inLanguage":"fr-FR","potentialAction":[{"@type":"ReadAction","target":["https:\/\/beta.hymach.it\/fr\/arriere\/jolly\/"]}]},{"@type":"ImageObject","inLanguage":"fr-FR","@id":"https:\/\/beta.hymach.it\/fr\/arriere\/jolly\/#primaryimage","url":"https:\/\/beta.hymach.it\/wp-content\/uploads\/2024\/10\/braccio-tagliaerba-jolly-hymach-cover.jpg","contentUrl":"https:\/\/beta.hymach.it\/wp-content\/uploads\/2024\/10\/braccio-tagliaerba-jolly-hymach-cover.jpg","width":1675,"height":768,"caption":"Braccio tagliaerba Jolly di Hymach"},{"@type":"BreadcrumbList","@id":"https:\/\/beta.hymach.it\/fr\/arriere\/jolly\/#breadcrumb","itemListElement":[{"@type":"ListItem","position":1,"name":"Home","item":"https:\/\/beta.hymach.it\/fr\/"},{"@type":"ListItem","position":2,"name":"Bras de tondeuse arri\u00e8re Hymach","item":"https:\/\/beta.hymach.it\/fr\/arriere\/"},{"@type":"ListItem","position":3,"name":"Bras de tondeuse arri\u00e8re Jolly Hymach"}]},{"@type":"WebSite","@id":"https:\/\/beta.hymach.it\/fr\/#website","url":"https:\/\/beta.hymach.it\/fr\/","name":"Hymach","description":"Macchine per la manutenzione del verde","publisher":{"@id":"https:\/\/beta.hymach.it\/fr\/#organization"},"potentialAction":[{"@type":"SearchAction","target":{"@type":"EntryPoint","urlTemplate":"https:\/\/beta.hymach.it\/fr\/?s={search_term_string}"},"query-input":{"@type":"PropertyValueSpecification","valueRequired":true,"valueName":"search_term_string"}}],"inLanguage":"fr-FR"},{"@type":"Organization","@id":"https:\/\/beta.hymach.it\/fr\/#organization","name":"Hymach","url":"https:\/\/beta.hymach.it\/fr\/","logo":{"@type":"ImageObject","inLanguage":"fr-FR","@id":"https:\/\/beta.hymach.it\/fr\/#\/schema\/logo\/image\/","url":"https:\/\/beta.hymach.it\/wp-content\/uploads\/2024\/08\/hymach_logo_2026.svg","contentUrl":"https:\/\/beta.hymach.it\/wp-content\/uploads\/2024\/08\/hymach_logo_2026.svg","width":777,"height":88,"caption":"Hymach"},"image":{"@id":"https:\/\/beta.hymach.it\/fr\/#\/schema\/logo\/image\/"}}]}},"_links":{"self":[{"href":"https:\/\/beta.hymach.it\/fr\/wp-json\/wp\/v2\/pages\/3752","targetHints":{"allow":["GET"]}}],"collection":[{"href":"https:\/\/beta.hymach.it\/fr\/wp-json\/wp\/v2\/pages"}],"about":[{"href":"https:\/\/beta.hymach.it\/fr\/wp-json\/wp\/v2\/types\/page"}],"author":[{"embeddable":true,"href":"https:\/\/beta.hymach.it\/fr\/wp-json\/wp\/v2\/users\/1"}],"replies":[{"embeddable":true,"href":"https:\/\/beta.hymach.it\/fr\/wp-json\/wp\/v2\/comments?post=3752"}],"version-history":[{"count":6,"href":"https:\/\/beta.hymach.it\/fr\/wp-json\/wp\/v2\/pages\/3752\/revisions"}],"predecessor-version":[{"id":11013,"href":"https:\/\/beta.hymach.it\/fr\/wp-json\/wp\/v2\/pages\/3752\/revisions\/11013"}],"up":[{"embeddable":true,"href":"https:\/\/beta.hymach.it\/fr\/wp-json\/wp\/v2\/pages\/3723"}],"wp:featuredmedia":[{"embeddable":true,"href":"https:\/\/beta.hymach.it\/fr\/wp-json\/wp\/v2\/media\/9248"}],"wp:attachment":[{"href":"https:\/\/beta.hymach.it\/fr\/wp-json\/wp\/v2\/media?parent=3752"}],"wp:term":[{"taxonomy":"category","embeddable":true,"href":"https:\/\/beta.hymach.it\/fr\/wp-json\/wp\/v2\/categories?post=3752"},{"taxonomy":"sector","embeddable":true,"href":"https:\/\/beta.hymach.it\/fr\/wp-json\/wp\/v2\/sector?post=3752"},{"taxonomy":"carrier","embeddable":true,"href":"https:\/\/beta.hymach.it\/fr\/wp-json\/wp\/v2\/carrier?post=3752"},{"taxonomy":"cat-page","embeddable":true,"href":"https:\/\/beta.hymach.it\/fr\/wp-json\/wp\/v2\/cat-page?post=3752"},{"taxonomy":"product-category","embeddable":true,"href":"https:\/\/beta.hymach.it\/fr\/wp-json\/wp\/v2\/product-category?post=3752"}],"curies":[{"name":"wp","href":"https:\/\/api.w.org\/{rel}","templated":true}]}}