{"id":3832,"date":"2014-02-07T11:59:59","date_gmt":"2014-02-07T10:59:59","guid":{"rendered":"https:\/\/www.hymach.it\/produits\/arriere\/energy\/"},"modified":"2025-02-11T14:37:53","modified_gmt":"2025-02-11T13:37:53","slug":"energy","status":"publish","type":"page","link":"https:\/\/beta.hymach.it\/fr\/arriere\/energy\/","title":{"rendered":"Bras de tondeuse arri\u00e8re Energy Hymach"},"content":{"rendered":"\n<p>Energy \u00e8 la<strong> macchina per la manutenzione e la cura del verde<\/strong> per lo <strong>sfalcio erba a bordo strada<\/strong> della gamma professionale <strong>Hymach.<\/strong><\/p>\n\n\n\n<p>Prodotta senza economia per ottenere quella qualit\u00e0 che contraddistingue le attrezzature offerte da Hymach, oltre ad essere offerta con una <strong>lunghezza di sbraccio che va dai 6m a 10m<\/strong> \u00e8 personalizzabile al massimo per incontrare pi\u00f9 esigenze possibili degli utilizzatori che operano in questo ambito.<\/p>\n\n\n\n<p>Trattandosi di una <strong>retroportata<\/strong> a tutti gli effetti, Energy si rivolge prevalentemente a coloro che vogliono dotarsi di una macchina per la manutenzione e la cura del verde di alta gamma, ma che preferiscono non vincolare la macchina ad un trattore per ragioni operative e\/o economiche.<\/p>\n\n\n\n<p>Energy \u00e8 configurata per <strong>attacco posteriore<\/strong> ed il sistema di aggancio e sgancio rapido su sollevatore posteriore, oltre ai soliti tre punti standard, pu\u00f2 essere dotato di un sistema di aggancio supplementare, con ulteriori due elementi di giunzione che consentono l&#8217;applicazione di due ulteriori tiranti che creano un tutt&#8217;uno con il mezzo senza creare rollii di torsione del braccio rispetto al trattore.<\/p>\n\n\n\n<p><strong>La lunghezza<\/strong> del braccio determinata da due segmenti pi\u00f9 telescopico <strong>pu\u00f2 variare da 6m fino a 10m<\/strong> a seconda del peso del trattore a cui si applica e naturalmente della necessit\u00e0 di lavoro che si andranno ad affrontare. Per i modelli da 9m e 10m, \u00e8 previsto un doppio telescopico. Il braccio, caratteristico di Hymach, \u00e8 di forma esagonale allungato, <strong>costruito in domex 700 ad alta resistenza ed elasticit\u00e0<\/strong> con un&#8217;unica saldatura sull&#8217;esagono.<\/p>\n\n\n\n<p>Ha pattini registrabili a piattello filettato esterno e col supporto controfilettato saldato direttamente sul braccio, spingente a sua volta su pattini in ertalon che garantiscono antiusura e autolubrificazione.<\/p>\n\n\n\n<p>La particolare conformazione dei segmenti articolati ed il terminale telescopico, azionato tramite cilindro idraulico,<strong> permettono di lavorare a filo ruota senza ingombrare la carreggiata opposta<\/strong> e, durante il trasferimento su strada, non eccedere nell&#8217;ingombro in altezza.<\/p>\n\n\n\n<p>La testata \u00e8 munita di trasmissione a cinghia, che <strong>assorbe le sollecitazioni durante il lavoro preservando il motore<\/strong>, ed \u00e8 proposta con taglio utile da 1.050, 1.250, 1.500 e 2.000 mm.<\/p>\n\n\n\n<p>Oltre alla trinciatrice a rotore naturalmente \u00e8 possibile installare diversi tipi di testata come <strong>tagliasiepi<\/strong>, <strong>barre per fienagione<\/strong>, <strong>sbanchinatrici<\/strong>, <strong>roto\u00adfossi<\/strong>.<\/p>\n\n\n\n<p>La versione base installa pompe ad ingranaggi ad alto rendimento, distributore idraulico con comandi a leve, scambiatore di calore, testata con taglio utile da 120 cm.<\/p>\n\n\n\n<p>Hymach propone come <strong>pacchetto opzionale<\/strong>, anche per questa macchina per la manutenzione e la cura del verde, la configurazione Premium Plus che \u00e8 quanto di meglio si pu\u00f2 realizzare per avere il massimo della potenza e la miglior maneggevolezza e prevede: <\/p>\n\n\n\n<ul class=\"wp-block-list\"><li>Pompa a pistoni a circuito chiuso per la funzione falciante; <\/li><li>Distributore per i servizi elettroidraulico proporzionale integrale comandato da manipolatore joystick monoleva;<\/li><li>Pannello digitale di controllo con comandi intuitivi per tutte le funzioni, dotato inoltre di programma di manutenzione assistita (autodiagnosi);<\/li><li>Scambiatore di calore ad azionamento indipendente, per consentire la sua accensione gi\u00e0 ad inizio lavoro onde evitare il surriscaldamento dell&#8217;olio ed il conseguente rallentamento dei movimenti del braccio.<\/li><\/ul>\n\n\n\n<p>Inoltre \u00e8 disponibile il <strong>sistema di galleggiamento<\/strong> che rende l&#8217;intero apparato di lavoro (braccio e testata) effettivamente flottante con costante adeguamento al terreno, dispositivo questo che consente, una volta posizionata la testata in assetto di lavoro ed inserito il sistema direttamente dal quadro comandi della macchina per la manutenzione e la cura del verde, di non occuparsi pi\u00f9 di dirigerlo in quanto <strong>si autoadegua a dossi ed avvallamenti del terreno mantenendo una altezza di taglio realmente costante<\/strong> e ottenere cos\u00ec un taglio uniforme, maggiore produttivit\u00e0 e <strong>meno stress per l&#8217;operatore<\/strong>.<\/p>\n\n\n\n<p>Anche il serbatoio dell&#8217;olio \u00e8 realizzato in modo tale da non irrigidire la struttura ed evitare rotture sulle parti saldate ed \u00e8 facilmente sostituibile in caso di necessit\u00e0.<\/p>\n","protected":false},"excerpt":{"rendered":"<p>Energy \u00e8 la macchina per la manutenzione e la cura del verde per lo sfalcio erba a bordo strada della gamma professionale Hymach. Prodotta senza economia per ottenere quella qualit\u00e0 che contraddistingue le attrezzature offerte da Hymach, oltre ad essere offerta con una lunghezza di sbraccio che va dai 6m a 10m \u00e8 personalizzabile al [&hellip;]<\/p>\n","protected":false},"author":1,"featured_media":9149,"parent":3723,"menu_order":115,"comment_status":"closed","ping_status":"closed","template":"","meta":{"_acf_changed":false,"footnotes":""},"categories":[],"sector":[],"carrier":[],"cat-page":[],"product-category":[147],"class_list":["post-3832","page","type-page","status-publish","has-post-thumbnail","hentry","product-category-bras-de-tondeuse-arriere"],"acf":[],"yoast_head":"<!-- This site is optimized with the Yoast SEO plugin v27.3 - https:\/\/yoast.com\/product\/yoast-seo-wordpress\/ -->\n<title>Bras de tondeuse arri\u00e8re Energy Hymach pour l&#039;entretien du vert<\/title>\n<meta name=\"description\" content=\"Le bras de tondeuse arri\u00e8re Energy Hymach est une machine pour l&#039;entretien du vert, id\u00e9al pour tondre l&#039;herbe long des quais, des remblais et bien plus encore.\" \/>\n<meta name=\"robots\" content=\"noindex, follow, max-snippet:-1, max-image-preview:large, max-video-preview:-1\" \/>\n<meta property=\"og:locale\" content=\"fr_FR\" \/>\n<meta property=\"og:type\" content=\"article\" \/>\n<meta property=\"og:title\" content=\"Bras de tondeuse arri\u00e8re Energy Hymach pour l&#039;entretien du vert\" \/>\n<meta property=\"og:description\" content=\"Le bras de tondeuse arri\u00e8re Energy Hymach est une machine pour l&#039;entretien du vert, id\u00e9al pour tondre l&#039;herbe long des quais, des remblais et bien plus encore.\" \/>\n<meta property=\"og:url\" content=\"https:\/\/beta.hymach.it\/fr\/arriere\/energy\/\" \/>\n<meta property=\"og:site_name\" content=\"Hymach\" \/>\n<meta property=\"article:modified_time\" content=\"2025-02-11T13:37:53+00:00\" \/>\n<meta property=\"og:image\" content=\"https:\/\/beta.hymach.it\/wp-content\/uploads\/2024\/10\/braccio-tagliaerba-energy-hymach-cover.jpg\" \/>\n\t<meta property=\"og:image:width\" content=\"1675\" \/>\n\t<meta property=\"og:image:height\" content=\"768\" \/>\n\t<meta property=\"og:image:type\" content=\"image\/jpeg\" \/>\n<meta name=\"twitter:label1\" content=\"Est. reading time\" \/>\n\t<meta name=\"twitter:data1\" content=\"4 minutes\" \/>\n<script type=\"application\/ld+json\" class=\"yoast-schema-graph\">{\"@context\":\"https:\\\/\\\/schema.org\",\"@graph\":[{\"@type\":\"WebPage\",\"@id\":\"https:\\\/\\\/beta.hymach.it\\\/fr\\\/arriere\\\/energy\\\/\",\"url\":\"https:\\\/\\\/beta.hymach.it\\\/fr\\\/arriere\\\/energy\\\/\",\"name\":\"Bras de tondeuse arri\u00e8re Energy Hymach pour l'entretien du vert\",\"isPartOf\":{\"@id\":\"https:\\\/\\\/beta.hymach.it\\\/fr\\\/#website\"},\"primaryImageOfPage\":{\"@id\":\"https:\\\/\\\/beta.hymach.it\\\/fr\\\/arriere\\\/energy\\\/#primaryimage\"},\"image\":{\"@id\":\"https:\\\/\\\/beta.hymach.it\\\/fr\\\/arriere\\\/energy\\\/#primaryimage\"},\"thumbnailUrl\":\"https:\\\/\\\/beta.hymach.it\\\/wp-content\\\/uploads\\\/2024\\\/10\\\/braccio-tagliaerba-energy-hymach-cover.jpg\",\"datePublished\":\"2014-02-07T10:59:59+00:00\",\"dateModified\":\"2025-02-11T13:37:53+00:00\",\"description\":\"Le bras de tondeuse arri\u00e8re Energy Hymach est une machine pour l'entretien du vert, id\u00e9al pour tondre l'herbe long des quais, des remblais et bien plus encore.\",\"breadcrumb\":{\"@id\":\"https:\\\/\\\/beta.hymach.it\\\/fr\\\/arriere\\\/energy\\\/#breadcrumb\"},\"inLanguage\":\"fr-FR\",\"potentialAction\":[{\"@type\":\"ReadAction\",\"target\":[\"https:\\\/\\\/beta.hymach.it\\\/fr\\\/arriere\\\/energy\\\/\"]}]},{\"@type\":\"ImageObject\",\"inLanguage\":\"fr-FR\",\"@id\":\"https:\\\/\\\/beta.hymach.it\\\/fr\\\/arriere\\\/energy\\\/#primaryimage\",\"url\":\"https:\\\/\\\/beta.hymach.it\\\/wp-content\\\/uploads\\\/2024\\\/10\\\/braccio-tagliaerba-energy-hymach-cover.jpg\",\"contentUrl\":\"https:\\\/\\\/beta.hymach.it\\\/wp-content\\\/uploads\\\/2024\\\/10\\\/braccio-tagliaerba-energy-hymach-cover.jpg\",\"width\":1675,\"height\":768,\"caption\":\"Braccio tagliaerba Energy Hymach\"},{\"@type\":\"BreadcrumbList\",\"@id\":\"https:\\\/\\\/beta.hymach.it\\\/fr\\\/arriere\\\/energy\\\/#breadcrumb\",\"itemListElement\":[{\"@type\":\"ListItem\",\"position\":1,\"name\":\"Home\",\"item\":\"https:\\\/\\\/beta.hymach.it\\\/fr\\\/\"},{\"@type\":\"ListItem\",\"position\":2,\"name\":\"Bras de tondeuse arri\u00e8re Hymach\",\"item\":\"https:\\\/\\\/beta.hymach.it\\\/fr\\\/arriere\\\/\"},{\"@type\":\"ListItem\",\"position\":3,\"name\":\"Bras de tondeuse arri\u00e8re Energy Hymach\"}]},{\"@type\":\"WebSite\",\"@id\":\"https:\\\/\\\/beta.hymach.it\\\/fr\\\/#website\",\"url\":\"https:\\\/\\\/beta.hymach.it\\\/fr\\\/\",\"name\":\"Hymach\",\"description\":\"Macchine per la manutenzione del verde\",\"publisher\":{\"@id\":\"https:\\\/\\\/beta.hymach.it\\\/fr\\\/#organization\"},\"potentialAction\":[{\"@type\":\"SearchAction\",\"target\":{\"@type\":\"EntryPoint\",\"urlTemplate\":\"https:\\\/\\\/beta.hymach.it\\\/fr\\\/?s={search_term_string}\"},\"query-input\":{\"@type\":\"PropertyValueSpecification\",\"valueRequired\":true,\"valueName\":\"search_term_string\"}}],\"inLanguage\":\"fr-FR\"},{\"@type\":\"Organization\",\"@id\":\"https:\\\/\\\/beta.hymach.it\\\/fr\\\/#organization\",\"name\":\"Hymach\",\"url\":\"https:\\\/\\\/beta.hymach.it\\\/fr\\\/\",\"logo\":{\"@type\":\"ImageObject\",\"inLanguage\":\"fr-FR\",\"@id\":\"https:\\\/\\\/beta.hymach.it\\\/fr\\\/#\\\/schema\\\/logo\\\/image\\\/\",\"url\":\"https:\\\/\\\/beta.hymach.it\\\/wp-content\\\/uploads\\\/2024\\\/08\\\/hymach_logo_2026.svg\",\"contentUrl\":\"https:\\\/\\\/beta.hymach.it\\\/wp-content\\\/uploads\\\/2024\\\/08\\\/hymach_logo_2026.svg\",\"width\":777,\"height\":88,\"caption\":\"Hymach\"},\"image\":{\"@id\":\"https:\\\/\\\/beta.hymach.it\\\/fr\\\/#\\\/schema\\\/logo\\\/image\\\/\"}}]}<\/script>\n<!-- \/ Yoast SEO plugin. -->","yoast_head_json":{"title":"Bras de tondeuse arri\u00e8re Energy Hymach pour l'entretien du vert","description":"Le bras de tondeuse arri\u00e8re Energy Hymach est une machine pour l'entretien du vert, id\u00e9al pour tondre l'herbe long des quais, des remblais et bien plus encore.","robots":{"index":"noindex","follow":"follow","max-snippet":"max-snippet:-1","max-image-preview":"max-image-preview:large","max-video-preview":"max-video-preview:-1"},"og_locale":"fr_FR","og_type":"article","og_title":"Bras de tondeuse arri\u00e8re Energy Hymach pour l'entretien du vert","og_description":"Le bras de tondeuse arri\u00e8re Energy Hymach est une machine pour l'entretien du vert, id\u00e9al pour tondre l'herbe long des quais, des remblais et bien plus encore.","og_url":"https:\/\/beta.hymach.it\/fr\/arriere\/energy\/","og_site_name":"Hymach","article_modified_time":"2025-02-11T13:37:53+00:00","og_image":[{"width":1675,"height":768,"url":"https:\/\/beta.hymach.it\/wp-content\/uploads\/2024\/10\/braccio-tagliaerba-energy-hymach-cover.jpg","type":"image\/jpeg"}],"twitter_misc":{"Est. reading time":"4 minutes"},"schema":{"@context":"https:\/\/schema.org","@graph":[{"@type":"WebPage","@id":"https:\/\/beta.hymach.it\/fr\/arriere\/energy\/","url":"https:\/\/beta.hymach.it\/fr\/arriere\/energy\/","name":"Bras de tondeuse arri\u00e8re Energy Hymach pour l'entretien du vert","isPartOf":{"@id":"https:\/\/beta.hymach.it\/fr\/#website"},"primaryImageOfPage":{"@id":"https:\/\/beta.hymach.it\/fr\/arriere\/energy\/#primaryimage"},"image":{"@id":"https:\/\/beta.hymach.it\/fr\/arriere\/energy\/#primaryimage"},"thumbnailUrl":"https:\/\/beta.hymach.it\/wp-content\/uploads\/2024\/10\/braccio-tagliaerba-energy-hymach-cover.jpg","datePublished":"2014-02-07T10:59:59+00:00","dateModified":"2025-02-11T13:37:53+00:00","description":"Le bras de tondeuse arri\u00e8re Energy Hymach est une machine pour l'entretien du vert, id\u00e9al pour tondre l'herbe long des quais, des remblais et bien plus encore.","breadcrumb":{"@id":"https:\/\/beta.hymach.it\/fr\/arriere\/energy\/#breadcrumb"},"inLanguage":"fr-FR","potentialAction":[{"@type":"ReadAction","target":["https:\/\/beta.hymach.it\/fr\/arriere\/energy\/"]}]},{"@type":"ImageObject","inLanguage":"fr-FR","@id":"https:\/\/beta.hymach.it\/fr\/arriere\/energy\/#primaryimage","url":"https:\/\/beta.hymach.it\/wp-content\/uploads\/2024\/10\/braccio-tagliaerba-energy-hymach-cover.jpg","contentUrl":"https:\/\/beta.hymach.it\/wp-content\/uploads\/2024\/10\/braccio-tagliaerba-energy-hymach-cover.jpg","width":1675,"height":768,"caption":"Braccio tagliaerba Energy Hymach"},{"@type":"BreadcrumbList","@id":"https:\/\/beta.hymach.it\/fr\/arriere\/energy\/#breadcrumb","itemListElement":[{"@type":"ListItem","position":1,"name":"Home","item":"https:\/\/beta.hymach.it\/fr\/"},{"@type":"ListItem","position":2,"name":"Bras de tondeuse arri\u00e8re Hymach","item":"https:\/\/beta.hymach.it\/fr\/arriere\/"},{"@type":"ListItem","position":3,"name":"Bras de tondeuse arri\u00e8re Energy Hymach"}]},{"@type":"WebSite","@id":"https:\/\/beta.hymach.it\/fr\/#website","url":"https:\/\/beta.hymach.it\/fr\/","name":"Hymach","description":"Macchine per la manutenzione del verde","publisher":{"@id":"https:\/\/beta.hymach.it\/fr\/#organization"},"potentialAction":[{"@type":"SearchAction","target":{"@type":"EntryPoint","urlTemplate":"https:\/\/beta.hymach.it\/fr\/?s={search_term_string}"},"query-input":{"@type":"PropertyValueSpecification","valueRequired":true,"valueName":"search_term_string"}}],"inLanguage":"fr-FR"},{"@type":"Organization","@id":"https:\/\/beta.hymach.it\/fr\/#organization","name":"Hymach","url":"https:\/\/beta.hymach.it\/fr\/","logo":{"@type":"ImageObject","inLanguage":"fr-FR","@id":"https:\/\/beta.hymach.it\/fr\/#\/schema\/logo\/image\/","url":"https:\/\/beta.hymach.it\/wp-content\/uploads\/2024\/08\/hymach_logo_2026.svg","contentUrl":"https:\/\/beta.hymach.it\/wp-content\/uploads\/2024\/08\/hymach_logo_2026.svg","width":777,"height":88,"caption":"Hymach"},"image":{"@id":"https:\/\/beta.hymach.it\/fr\/#\/schema\/logo\/image\/"}}]}},"_links":{"self":[{"href":"https:\/\/beta.hymach.it\/fr\/wp-json\/wp\/v2\/pages\/3832","targetHints":{"allow":["GET"]}}],"collection":[{"href":"https:\/\/beta.hymach.it\/fr\/wp-json\/wp\/v2\/pages"}],"about":[{"href":"https:\/\/beta.hymach.it\/fr\/wp-json\/wp\/v2\/types\/page"}],"author":[{"embeddable":true,"href":"https:\/\/beta.hymach.it\/fr\/wp-json\/wp\/v2\/users\/1"}],"replies":[{"embeddable":true,"href":"https:\/\/beta.hymach.it\/fr\/wp-json\/wp\/v2\/comments?post=3832"}],"version-history":[{"count":8,"href":"https:\/\/beta.hymach.it\/fr\/wp-json\/wp\/v2\/pages\/3832\/revisions"}],"predecessor-version":[{"id":11026,"href":"https:\/\/beta.hymach.it\/fr\/wp-json\/wp\/v2\/pages\/3832\/revisions\/11026"}],"up":[{"embeddable":true,"href":"https:\/\/beta.hymach.it\/fr\/wp-json\/wp\/v2\/pages\/3723"}],"wp:featuredmedia":[{"embeddable":true,"href":"https:\/\/beta.hymach.it\/fr\/wp-json\/wp\/v2\/media\/9149"}],"wp:attachment":[{"href":"https:\/\/beta.hymach.it\/fr\/wp-json\/wp\/v2\/media?parent=3832"}],"wp:term":[{"taxonomy":"category","embeddable":true,"href":"https:\/\/beta.hymach.it\/fr\/wp-json\/wp\/v2\/categories?post=3832"},{"taxonomy":"sector","embeddable":true,"href":"https:\/\/beta.hymach.it\/fr\/wp-json\/wp\/v2\/sector?post=3832"},{"taxonomy":"carrier","embeddable":true,"href":"https:\/\/beta.hymach.it\/fr\/wp-json\/wp\/v2\/carrier?post=3832"},{"taxonomy":"cat-page","embeddable":true,"href":"https:\/\/beta.hymach.it\/fr\/wp-json\/wp\/v2\/cat-page?post=3832"},{"taxonomy":"product-category","embeddable":true,"href":"https:\/\/beta.hymach.it\/fr\/wp-json\/wp\/v2\/product-category?post=3832"}],"curies":[{"name":"wp","href":"https:\/\/api.w.org\/{rel}","templated":true}]}}