{"id":3894,"date":"2014-02-02T09:12:16","date_gmt":"2014-02-02T08:12:16","guid":{"rendered":"https:\/\/www.hymach.it\/produits\/arriere\/juice\/"},"modified":"2025-02-11T15:25:20","modified_gmt":"2025-02-11T14:25:20","slug":"juice","status":"publish","type":"page","link":"https:\/\/beta.hymach.it\/fr\/arriere\/juice\/","title":{"rendered":"Bras de tondeuse arri\u00e8re Juice Hymach"},"content":{"rendered":"<p>Juice est n\u00e9e des exigences de <strong>d\u00e9sherbage dans les vignobles et les vergers en terrasses<\/strong>, mais elle est \u00e9galement parfaite pour des <strong>situations comportant la pr\u00e9sence d&#8217;obstacles<\/strong> tels que glissi\u00e8res de s\u00e9curit\u00e9, murs, signalisation routi\u00e8re, et est particuli\u00e8rement adapt\u00e9e aux rues \u00e9troites et aux situations de montagne o\u00f9 il est n\u00e9cessaire de garder une coupe r\u00e9guli\u00e8re sans envahir la voie oppos\u00e9e.<\/p>\n<p>Le <strong>bras comporte plusieurs segments articul\u00e9s<\/strong> afin de pouvoir franchir des rang\u00e9es de plantes ou des panneaux verticaux, des haies ou d&#8217;autres barri\u00e8res routi\u00e8res.<\/p>\n<p>Le bras peut \u00e9galement \u00eatre utilis\u00e9 d\u00e9ploy\u00e9 et travailler en escarpement.<\/p>\n<p>Un \u00e9quipement en mesure d&#8217;offrir des performances \u00e0 360\u00b0.<\/p>\n<p>Ses <strong>dimensions compactes<\/strong> permettent de l&#8217;utiliser sur des tracteurs avec un \u00e9cartement de voie tr\u00e8s \u00e9troit, comme les tracteurs dits de type fruitier.<\/p>\n<p>L&#8217;ensemble tracteur-machine peut ainsi se faufiler entre des rangs serr\u00e9s et traverser des routes particuli\u00e8rement \u00e9troites.<\/p>\n<p>Bien qu&#8217;il s&#8217;agisse d&#8217;une machine de petite taille, tous les \u00e9l\u00e9ments qui la composent sont s\u00e9lectionn\u00e9s pour garantir productivit\u00e9 et durabilit\u00e9.<\/p>\n<p>Le bras est r\u00e9alis\u00e9 en <strong>acier haute r\u00e9sistance Strength<\/strong> afin d&#8217;offrir \u00e0 la fois une solidit\u00e9 satisfaisante et une bonne \u00e9lasticit\u00e9.<\/p>\n<p>Juice se caract\u00e9rise par une excellente maniabilit\u00e9, s&#8217;installe rapidement sur le v\u00e9hicule et se d\u00e9tache tout aussi rapidement pour d&#8217;autres utilisations.<\/p>\n<p>La mise en \u0153uvre et le contr\u00f4le des fonctions de la machine peuvent \u00eatre r\u00e9alis\u00e9s avec n&#8217;importe quel type de distributeur applicable aux faucheuses et normalement propos\u00e9 par le constructeur, en fonction des besoins et des pr\u00e9f\u00e9rences de l&#8217;utilisateur : du distributeur hydraulique \u00e0 commande m\u00e9canique par leviers aux diff\u00e9rents types de distributeurs \u00e9lectrohydrauliques \u00e0 commande par manipulateur \u00e0 levier unique.<\/p>\n<p>La<strong> t\u00eate de broyage<\/strong>, sp\u00e9cialement con\u00e7ue pour le bras de cette machine, maintient le profil courbe du ch\u00e2ssis des autres t\u00eates de broyage Hymach, et est \u00e9quip\u00e9e d&#8217;un rotor sp\u00e9cifique qui pr\u00e9sente la disposition des unit\u00e9s de coupe en h\u00e9lice, caract\u00e9ristiques permettant une coupe uniforme et une excellente production.<\/p>\n<p>Juice figure \u00e0 plein titre parmi les <strong>machines professionnelles pour les travaux d&#8217;entretien des espaces verts<\/strong>.<\/p>\n<p>Outre la version tracteur, il existe \u00e9galement une version pour tracteur \u00e0 guidage r\u00e9versible, une version pour camion et une version pour chargeuse compacte avec raccordement au syst\u00e8me de service.<\/p>\n","protected":false},"excerpt":{"rendered":"<p>D\u00e9broussailleuses hydrauliques avec t\u00eate de broyage \u00e0 rotor pour les travaux d&#8217;entretien des vergers, des vignobles et partout o\u00f9 l&#8217;on doit enjamber de gros obstacles pour couper sur le c\u00f4t\u00e9.<\/p>\n","protected":false},"author":1,"featured_media":9122,"parent":3723,"menu_order":152,"comment_status":"closed","ping_status":"closed","template":"","meta":{"_acf_changed":false,"footnotes":""},"categories":[],"sector":[],"carrier":[],"cat-page":[],"product-category":[148],"class_list":["post-3894","page","type-page","status-publish","has-post-thumbnail","hentry","product-category-bras-de-tondeuse-sous-glissiere"],"acf":[],"yoast_head":"<!-- This site is optimized with the Yoast SEO plugin v27.5 - https:\/\/yoast.com\/product\/yoast-seo-wordpress\/ -->\n<title>Bras de tondeuse arri\u00e8re Juice Hymach pour l&#039;entretien du vert<\/title>\n<meta name=\"description\" content=\"Le bras de tondeuse arri\u00e8re Juice Hymach est une machine pour l&#039;entretien du vert, capable de couper l&#039;herbe dans les vergers et les zones tr\u00e8s \u00e9troites.\" \/>\n<meta name=\"robots\" content=\"noindex, follow, max-snippet:-1, max-image-preview:large, max-video-preview:-1\" \/>\n<meta property=\"og:locale\" content=\"fr_FR\" \/>\n<meta property=\"og:type\" content=\"article\" \/>\n<meta property=\"og:title\" content=\"Bras de tondeuse arri\u00e8re Juice Hymach pour l&#039;entretien du vert\" \/>\n<meta property=\"og:description\" content=\"Le bras de tondeuse arri\u00e8re Juice Hymach est une machine pour l&#039;entretien du vert, capable de couper l&#039;herbe dans les vergers et les zones tr\u00e8s \u00e9troites.\" \/>\n<meta property=\"og:url\" content=\"https:\/\/beta.hymach.it\/fr\/arriere\/juice\/\" \/>\n<meta property=\"og:site_name\" content=\"Hymach\" \/>\n<meta property=\"article:modified_time\" content=\"2025-02-11T14:25:20+00:00\" \/>\n<meta property=\"og:image\" content=\"https:\/\/beta.hymach.it\/wp-content\/uploads\/2024\/10\/braccio-tagliaerba-juice-hymach-cover.jpg\" \/>\n\t<meta property=\"og:image:width\" content=\"1675\" \/>\n\t<meta property=\"og:image:height\" content=\"768\" \/>\n\t<meta property=\"og:image:type\" content=\"image\/jpeg\" \/>\n<meta name=\"twitter:label1\" content=\"Est. reading time\" \/>\n\t<meta name=\"twitter:data1\" content=\"3 minutes\" \/>\n<script type=\"application\/ld+json\" class=\"yoast-schema-graph\">{\"@context\":\"https:\\\/\\\/schema.org\",\"@graph\":[{\"@type\":\"WebPage\",\"@id\":\"https:\\\/\\\/beta.hymach.it\\\/fr\\\/arriere\\\/juice\\\/\",\"url\":\"https:\\\/\\\/beta.hymach.it\\\/fr\\\/arriere\\\/juice\\\/\",\"name\":\"Bras de tondeuse arri\u00e8re Juice Hymach pour l'entretien du vert\",\"isPartOf\":{\"@id\":\"https:\\\/\\\/beta.hymach.it\\\/fr\\\/#website\"},\"primaryImageOfPage\":{\"@id\":\"https:\\\/\\\/beta.hymach.it\\\/fr\\\/arriere\\\/juice\\\/#primaryimage\"},\"image\":{\"@id\":\"https:\\\/\\\/beta.hymach.it\\\/fr\\\/arriere\\\/juice\\\/#primaryimage\"},\"thumbnailUrl\":\"https:\\\/\\\/beta.hymach.it\\\/wp-content\\\/uploads\\\/2024\\\/10\\\/braccio-tagliaerba-juice-hymach-cover.jpg\",\"datePublished\":\"2014-02-02T08:12:16+00:00\",\"dateModified\":\"2025-02-11T14:25:20+00:00\",\"description\":\"Le bras de tondeuse arri\u00e8re Juice Hymach est une machine pour l'entretien du vert, capable de couper l'herbe dans les vergers et les zones tr\u00e8s \u00e9troites.\",\"breadcrumb\":{\"@id\":\"https:\\\/\\\/beta.hymach.it\\\/fr\\\/arriere\\\/juice\\\/#breadcrumb\"},\"inLanguage\":\"fr-FR\",\"potentialAction\":[{\"@type\":\"ReadAction\",\"target\":[\"https:\\\/\\\/beta.hymach.it\\\/fr\\\/arriere\\\/juice\\\/\"]}]},{\"@type\":\"ImageObject\",\"inLanguage\":\"fr-FR\",\"@id\":\"https:\\\/\\\/beta.hymach.it\\\/fr\\\/arriere\\\/juice\\\/#primaryimage\",\"url\":\"https:\\\/\\\/beta.hymach.it\\\/wp-content\\\/uploads\\\/2024\\\/10\\\/braccio-tagliaerba-juice-hymach-cover.jpg\",\"contentUrl\":\"https:\\\/\\\/beta.hymach.it\\\/wp-content\\\/uploads\\\/2024\\\/10\\\/braccio-tagliaerba-juice-hymach-cover.jpg\",\"width\":1675,\"height\":768,\"caption\":\"Braccio tagliaerba Juice Hymach\"},{\"@type\":\"BreadcrumbList\",\"@id\":\"https:\\\/\\\/beta.hymach.it\\\/fr\\\/arriere\\\/juice\\\/#breadcrumb\",\"itemListElement\":[{\"@type\":\"ListItem\",\"position\":1,\"name\":\"Home\",\"item\":\"https:\\\/\\\/beta.hymach.it\\\/fr\\\/\"},{\"@type\":\"ListItem\",\"position\":2,\"name\":\"Bras de tondeuse arri\u00e8re Hymach\",\"item\":\"https:\\\/\\\/beta.hymach.it\\\/fr\\\/arriere\\\/\"},{\"@type\":\"ListItem\",\"position\":3,\"name\":\"Bras de tondeuse arri\u00e8re Juice Hymach\"}]},{\"@type\":\"WebSite\",\"@id\":\"https:\\\/\\\/beta.hymach.it\\\/fr\\\/#website\",\"url\":\"https:\\\/\\\/beta.hymach.it\\\/fr\\\/\",\"name\":\"Hymach\",\"description\":\"Macchine per la manutenzione del verde\",\"publisher\":{\"@id\":\"https:\\\/\\\/beta.hymach.it\\\/fr\\\/#organization\"},\"potentialAction\":[{\"@type\":\"SearchAction\",\"target\":{\"@type\":\"EntryPoint\",\"urlTemplate\":\"https:\\\/\\\/beta.hymach.it\\\/fr\\\/?s={search_term_string}\"},\"query-input\":{\"@type\":\"PropertyValueSpecification\",\"valueRequired\":true,\"valueName\":\"search_term_string\"}}],\"inLanguage\":\"fr-FR\"},{\"@type\":\"Organization\",\"@id\":\"https:\\\/\\\/beta.hymach.it\\\/fr\\\/#organization\",\"name\":\"Hymach\",\"url\":\"https:\\\/\\\/beta.hymach.it\\\/fr\\\/\",\"logo\":{\"@type\":\"ImageObject\",\"inLanguage\":\"fr-FR\",\"@id\":\"https:\\\/\\\/beta.hymach.it\\\/fr\\\/#\\\/schema\\\/logo\\\/image\\\/\",\"url\":\"https:\\\/\\\/beta.hymach.it\\\/wp-content\\\/uploads\\\/2024\\\/08\\\/hymach_logo_2026.svg\",\"contentUrl\":\"https:\\\/\\\/beta.hymach.it\\\/wp-content\\\/uploads\\\/2024\\\/08\\\/hymach_logo_2026.svg\",\"width\":777,\"height\":88,\"caption\":\"Hymach\"},\"image\":{\"@id\":\"https:\\\/\\\/beta.hymach.it\\\/fr\\\/#\\\/schema\\\/logo\\\/image\\\/\"}}]}<\/script>\n<!-- \/ Yoast SEO plugin. -->","yoast_head_json":{"title":"Bras de tondeuse arri\u00e8re Juice Hymach pour l'entretien du vert","description":"Le bras de tondeuse arri\u00e8re Juice Hymach est une machine pour l'entretien du vert, capable de couper l'herbe dans les vergers et les zones tr\u00e8s \u00e9troites.","robots":{"index":"noindex","follow":"follow","max-snippet":"max-snippet:-1","max-image-preview":"max-image-preview:large","max-video-preview":"max-video-preview:-1"},"og_locale":"fr_FR","og_type":"article","og_title":"Bras de tondeuse arri\u00e8re Juice Hymach pour l'entretien du vert","og_description":"Le bras de tondeuse arri\u00e8re Juice Hymach est une machine pour l'entretien du vert, capable de couper l'herbe dans les vergers et les zones tr\u00e8s \u00e9troites.","og_url":"https:\/\/beta.hymach.it\/fr\/arriere\/juice\/","og_site_name":"Hymach","article_modified_time":"2025-02-11T14:25:20+00:00","og_image":[{"width":1675,"height":768,"url":"https:\/\/beta.hymach.it\/wp-content\/uploads\/2024\/10\/braccio-tagliaerba-juice-hymach-cover.jpg","type":"image\/jpeg"}],"twitter_misc":{"Est. reading time":"3 minutes"},"schema":{"@context":"https:\/\/schema.org","@graph":[{"@type":"WebPage","@id":"https:\/\/beta.hymach.it\/fr\/arriere\/juice\/","url":"https:\/\/beta.hymach.it\/fr\/arriere\/juice\/","name":"Bras de tondeuse arri\u00e8re Juice Hymach pour l'entretien du vert","isPartOf":{"@id":"https:\/\/beta.hymach.it\/fr\/#website"},"primaryImageOfPage":{"@id":"https:\/\/beta.hymach.it\/fr\/arriere\/juice\/#primaryimage"},"image":{"@id":"https:\/\/beta.hymach.it\/fr\/arriere\/juice\/#primaryimage"},"thumbnailUrl":"https:\/\/beta.hymach.it\/wp-content\/uploads\/2024\/10\/braccio-tagliaerba-juice-hymach-cover.jpg","datePublished":"2014-02-02T08:12:16+00:00","dateModified":"2025-02-11T14:25:20+00:00","description":"Le bras de tondeuse arri\u00e8re Juice Hymach est une machine pour l'entretien du vert, capable de couper l'herbe dans les vergers et les zones tr\u00e8s \u00e9troites.","breadcrumb":{"@id":"https:\/\/beta.hymach.it\/fr\/arriere\/juice\/#breadcrumb"},"inLanguage":"fr-FR","potentialAction":[{"@type":"ReadAction","target":["https:\/\/beta.hymach.it\/fr\/arriere\/juice\/"]}]},{"@type":"ImageObject","inLanguage":"fr-FR","@id":"https:\/\/beta.hymach.it\/fr\/arriere\/juice\/#primaryimage","url":"https:\/\/beta.hymach.it\/wp-content\/uploads\/2024\/10\/braccio-tagliaerba-juice-hymach-cover.jpg","contentUrl":"https:\/\/beta.hymach.it\/wp-content\/uploads\/2024\/10\/braccio-tagliaerba-juice-hymach-cover.jpg","width":1675,"height":768,"caption":"Braccio tagliaerba Juice Hymach"},{"@type":"BreadcrumbList","@id":"https:\/\/beta.hymach.it\/fr\/arriere\/juice\/#breadcrumb","itemListElement":[{"@type":"ListItem","position":1,"name":"Home","item":"https:\/\/beta.hymach.it\/fr\/"},{"@type":"ListItem","position":2,"name":"Bras de tondeuse arri\u00e8re Hymach","item":"https:\/\/beta.hymach.it\/fr\/arriere\/"},{"@type":"ListItem","position":3,"name":"Bras de tondeuse arri\u00e8re Juice Hymach"}]},{"@type":"WebSite","@id":"https:\/\/beta.hymach.it\/fr\/#website","url":"https:\/\/beta.hymach.it\/fr\/","name":"Hymach","description":"Macchine per la manutenzione del verde","publisher":{"@id":"https:\/\/beta.hymach.it\/fr\/#organization"},"potentialAction":[{"@type":"SearchAction","target":{"@type":"EntryPoint","urlTemplate":"https:\/\/beta.hymach.it\/fr\/?s={search_term_string}"},"query-input":{"@type":"PropertyValueSpecification","valueRequired":true,"valueName":"search_term_string"}}],"inLanguage":"fr-FR"},{"@type":"Organization","@id":"https:\/\/beta.hymach.it\/fr\/#organization","name":"Hymach","url":"https:\/\/beta.hymach.it\/fr\/","logo":{"@type":"ImageObject","inLanguage":"fr-FR","@id":"https:\/\/beta.hymach.it\/fr\/#\/schema\/logo\/image\/","url":"https:\/\/beta.hymach.it\/wp-content\/uploads\/2024\/08\/hymach_logo_2026.svg","contentUrl":"https:\/\/beta.hymach.it\/wp-content\/uploads\/2024\/08\/hymach_logo_2026.svg","width":777,"height":88,"caption":"Hymach"},"image":{"@id":"https:\/\/beta.hymach.it\/fr\/#\/schema\/logo\/image\/"}}]}},"_links":{"self":[{"href":"https:\/\/beta.hymach.it\/fr\/wp-json\/wp\/v2\/pages\/3894","targetHints":{"allow":["GET"]}}],"collection":[{"href":"https:\/\/beta.hymach.it\/fr\/wp-json\/wp\/v2\/pages"}],"about":[{"href":"https:\/\/beta.hymach.it\/fr\/wp-json\/wp\/v2\/types\/page"}],"author":[{"embeddable":true,"href":"https:\/\/beta.hymach.it\/fr\/wp-json\/wp\/v2\/users\/1"}],"replies":[{"embeddable":true,"href":"https:\/\/beta.hymach.it\/fr\/wp-json\/wp\/v2\/comments?post=3894"}],"version-history":[{"count":8,"href":"https:\/\/beta.hymach.it\/fr\/wp-json\/wp\/v2\/pages\/3894\/revisions"}],"predecessor-version":[{"id":11034,"href":"https:\/\/beta.hymach.it\/fr\/wp-json\/wp\/v2\/pages\/3894\/revisions\/11034"}],"up":[{"embeddable":true,"href":"https:\/\/beta.hymach.it\/fr\/wp-json\/wp\/v2\/pages\/3723"}],"wp:featuredmedia":[{"embeddable":true,"href":"https:\/\/beta.hymach.it\/fr\/wp-json\/wp\/v2\/media\/9122"}],"wp:attachment":[{"href":"https:\/\/beta.hymach.it\/fr\/wp-json\/wp\/v2\/media?parent=3894"}],"wp:term":[{"taxonomy":"category","embeddable":true,"href":"https:\/\/beta.hymach.it\/fr\/wp-json\/wp\/v2\/categories?post=3894"},{"taxonomy":"sector","embeddable":true,"href":"https:\/\/beta.hymach.it\/fr\/wp-json\/wp\/v2\/sector?post=3894"},{"taxonomy":"carrier","embeddable":true,"href":"https:\/\/beta.hymach.it\/fr\/wp-json\/wp\/v2\/carrier?post=3894"},{"taxonomy":"cat-page","embeddable":true,"href":"https:\/\/beta.hymach.it\/fr\/wp-json\/wp\/v2\/cat-page?post=3894"},{"taxonomy":"product-category","embeddable":true,"href":"https:\/\/beta.hymach.it\/fr\/wp-json\/wp\/v2\/product-category?post=3894"}],"curies":[{"name":"wp","href":"https:\/\/api.w.org\/{rel}","templated":true}]}}