{"id":3946,"date":"2012-08-27T10:10:40","date_gmt":"2012-08-27T08:10:40","guid":{"rendered":"https:\/\/www.hymach.it\/produits\/decespugliatrici-centrali\/"},"modified":"2025-02-13T12:49:40","modified_gmt":"2025-02-13T11:49:40","slug":"centrales","status":"publish","type":"page","link":"https:\/\/beta.hymach.it\/fr\/centrales\/","title":{"rendered":"Bras de tondeuse centrales Hymach"},"content":{"rendered":"\n<h2 class=\"wp-block-heading\">Bras articul\u00e9 de nos bras de tondeuse centrales<\/h2>\n\n\n\n<p>Une caract\u00e9ristique commune est le bras articul\u00e9 \u00e0 deux segments et, pour les mod\u00e8les des <strong>bras de tondeuse centrales <\/strong>\u00e0 partir de 6 m\u00e8tres de longueur, le terminal t\u00e9lescopique avec syst\u00e8me de canne \u00e0 p\u00eache pour atteindre une extension maximale et en m\u00eame temps pouvoir travailler sur les accotements au ras de la roue et \u00eatre configur\u00e9 avec des dimensions r\u00e9duites pour la circulation routi\u00e8re.<\/p>\n\n\n\n<h2 class=\"wp-block-heading\">Raccordement des bras de tondeuse centrales au ch\u00e2ssis du tracteur<\/h2>\n\n\n\n<p>L&#8217;application classique consiste \u00e0 relier le <strong>bras de tondeuse centrale <\/strong>\u00e0 un ch\u00e2ssis sp\u00e9cifique sp\u00e9cialement construit pour le tracteur et appliqu\u00e9 centralement sur celui-ci, structure qui peut cependant \u00eatre retir\u00e9e du tracteur \u00e0 tout moment pour permettre son utilisation \u00e0 d&#8217;autres fins. Le ch\u00e2ssis d&#8217;attelage peut embrasser le tracteur, en conservant la possibilit\u00e9 d&#8217;intervenir facilement sur sa carrosserie puisqu&#8217;il peut s&#8217;ouvrir par le haut, ou passer sous le capot, selon la pr\u00e9f\u00e9rence de l&#8217;utilisateur et le type de tracteur.<\/p>\n\n\n\n<p>La charni\u00e8re de rotation du bras peut \u00eatre standard ou abaiss\u00e9e selon que vous souhaitiez surmonter les obstacles sur le bord de la route ou exploiter le plus de longueur possible m\u00eame en profondeur.<\/p>\n\n\n\n<p>Le groupe de commande du r\u00e9servoir et de l&#8217;unit\u00e9 hydraulique est mont\u00e9 \u00e0 l&#8217;arri\u00e8re et fonctionne en le connectant \u00e0 la prise de force du tracteur. Les diff\u00e9rentes s\u00e9ries du catalogue diff\u00e8rent par la construction du bras fa\u00e7onn\u00e9 en fonction de la longueur et des outils terminaux applicables.<\/p>\n\n\n\n<h2 class=\"wp-block-heading\">Principaux composants des bras de tondeuse centrales<\/h2>\n\n\n\n<p>Les structures, con\u00e7ues pour r\u00e9sister aux contraintes des cycles de vie du bras, sont r\u00e9alis\u00e9es avec des aciers de premi\u00e8re qualit\u00e9. Les principaux composants de nos bras de tondeuse centrales, c&#8217;est-\u00e0-dire les \u00e9l\u00e9ments fondamentaux des articulations, des bagues et des axes, sont fabriqu\u00e9s en acier soumis \u00e0 des traitements de trempe et de rectification, ce qui augmente leur r\u00e9sistance et optimise leur fonction, prolongeant ainsi leur dur\u00e9e de vie. Les v\u00e9rins \u00e9quip\u00e9s de vannes de r\u00e9gulation garantissent une excellente maniabilit\u00e9.<\/p>\n\n\n\n<p>Les principaux composants du syst\u00e8me d&#8217;exploitation tels que les pompes et le moteur, le multiplicateur, le distributeur, le radiateur, choisis parmi ceux propos\u00e9s par les meilleures marques du march\u00e9 pour les performances et la fiabilit\u00e9, d\u00e9terminent la haute efficacit\u00e9 en termes de puissance et de productivit\u00e9.<\/p>\n\n\n\n<h2 class=\"wp-block-heading\">Vari\u00e9t\u00e9 et interchangeabilit\u00e9 des t\u00eates pour bras de tondeuse centrales<\/h2>\n\n\n\n<p>La v<strong>ari\u00e9t\u00e9 de choix des broyeurs<\/strong> pour <strong>bras de tondeuse centrales<\/strong> r\u00e9side dans les syst\u00e8mes de coupe disponibles pour les diff\u00e9rents types de v\u00e9g\u00e9tation et de conditions de sol, qui assurent la continuit\u00e9 et l&#8217;uniformit\u00e9 de la tonte.<br>La possibilit\u00e9 d&#8217;<strong>interchanger le <strong>broyeurs<\/strong> <\/strong> avec d&#8217;autres t\u00eates d&#8217;outils avec quelques op\u00e9rations simples rend la machine d&#8217;entretien et d&#8217;entretien des espaces verts polyvalente et utilisable pour diff\u00e9rents processus.<\/p>\n\n\n\n<p>Les<strong> bras de tondeuse centrales <\/strong>peuvent \u00eatre davantage personnalis\u00e9es en modifiant \u00e0 la fois la structure et le syst\u00e8me en fonction des besoins sp\u00e9cifiques de l&#8217;utilisateur. Ils sont disponibles en version droitier et gaucher.<\/p>\n","protected":false},"excerpt":{"rendered":"<p>Bras articul\u00e9 de nos bras de tondeuse centrales Une caract\u00e9ristique commune est le bras articul\u00e9 \u00e0 deux segments et, pour les mod\u00e8les des bras de tondeuse centrales \u00e0 partir de 6 m\u00e8tres de longueur, le terminal t\u00e9lescopique avec syst\u00e8me de canne \u00e0 p\u00eache pour atteindre une extension maximale et en m\u00eame temps pouvoir travailler sur [&hellip;]<\/p>\n","protected":false},"author":1,"featured_media":12512,"parent":0,"menu_order":165,"comment_status":"closed","ping_status":"closed","template":"","meta":{"_acf_changed":false,"footnotes":""},"categories":[],"sector":[],"carrier":[],"cat-page":[],"product-category":[],"class_list":["post-3946","page","type-page","status-publish","has-post-thumbnail","hentry"],"acf":[],"yoast_head":"<!-- This site is optimized with the Yoast SEO plugin v27.4 - https:\/\/yoast.com\/product\/yoast-seo-wordpress\/ -->\n<title>D\u00e9broussailleuses centrales Hymach pour l&#039;entretien du vert<\/title>\n<meta name=\"description\" content=\"Les d\u00e9broussailleuses centrales Hymach sont des machines pour l&#039;entretien du vert, id\u00e9ales pour couper les haies de route, et bien plus encore.\" \/>\n<meta name=\"robots\" content=\"noindex, follow, max-snippet:-1, max-image-preview:large, max-video-preview:-1\" \/>\n<meta property=\"og:locale\" content=\"fr_FR\" \/>\n<meta property=\"og:type\" content=\"article\" \/>\n<meta property=\"og:title\" content=\"D\u00e9broussailleuses centrales Hymach pour l&#039;entretien du vert\" \/>\n<meta property=\"og:description\" content=\"Les d\u00e9broussailleuses centrales Hymach sont des machines pour l&#039;entretien du vert, id\u00e9ales pour couper les haies de route, et bien plus encore.\" \/>\n<meta property=\"og:url\" content=\"https:\/\/beta.hymach.it\/fr\/centrales\/\" \/>\n<meta property=\"og:site_name\" content=\"Hymach\" \/>\n<meta property=\"article:modified_time\" content=\"2025-02-13T11:49:40+00:00\" \/>\n<meta property=\"og:image\" content=\"https:\/\/beta.hymach.it\/wp-content\/uploads\/2018\/05\/extreme.jpg\" \/>\n\t<meta property=\"og:image:width\" content=\"1600\" \/>\n\t<meta property=\"og:image:height\" content=\"1549\" \/>\n\t<meta property=\"og:image:type\" content=\"image\/jpeg\" \/>\n<meta name=\"twitter:label1\" content=\"Est. reading time\" \/>\n\t<meta name=\"twitter:data1\" content=\"3 minutes\" \/>\n<script type=\"application\/ld+json\" class=\"yoast-schema-graph\">{\"@context\":\"https:\\\/\\\/schema.org\",\"@graph\":[{\"@type\":\"WebPage\",\"@id\":\"https:\\\/\\\/beta.hymach.it\\\/fr\\\/centrales\\\/\",\"url\":\"https:\\\/\\\/beta.hymach.it\\\/fr\\\/centrales\\\/\",\"name\":\"D\u00e9broussailleuses centrales Hymach pour l'entretien du vert\",\"isPartOf\":{\"@id\":\"https:\\\/\\\/beta.hymach.it\\\/fr\\\/#website\"},\"primaryImageOfPage\":{\"@id\":\"https:\\\/\\\/beta.hymach.it\\\/fr\\\/centrales\\\/#primaryimage\"},\"image\":{\"@id\":\"https:\\\/\\\/beta.hymach.it\\\/fr\\\/centrales\\\/#primaryimage\"},\"thumbnailUrl\":\"https:\\\/\\\/beta.hymach.it\\\/wp-content\\\/uploads\\\/2026\\\/04\\\/Centrali.svg\",\"datePublished\":\"2012-08-27T08:10:40+00:00\",\"dateModified\":\"2025-02-13T11:49:40+00:00\",\"description\":\"Les d\u00e9broussailleuses centrales Hymach sont des machines pour l'entretien du vert, id\u00e9ales pour couper les haies de route, et bien plus encore.\",\"breadcrumb\":{\"@id\":\"https:\\\/\\\/beta.hymach.it\\\/fr\\\/centrales\\\/#breadcrumb\"},\"inLanguage\":\"fr-FR\",\"potentialAction\":[{\"@type\":\"ReadAction\",\"target\":[\"https:\\\/\\\/beta.hymach.it\\\/fr\\\/centrales\\\/\"]}]},{\"@type\":\"ImageObject\",\"inLanguage\":\"fr-FR\",\"@id\":\"https:\\\/\\\/beta.hymach.it\\\/fr\\\/centrales\\\/#primaryimage\",\"url\":\"https:\\\/\\\/beta.hymach.it\\\/wp-content\\\/uploads\\\/2026\\\/04\\\/Centrali.svg\",\"contentUrl\":\"https:\\\/\\\/beta.hymach.it\\\/wp-content\\\/uploads\\\/2026\\\/04\\\/Centrali.svg\",\"width\":500,\"height\":500},{\"@type\":\"BreadcrumbList\",\"@id\":\"https:\\\/\\\/beta.hymach.it\\\/fr\\\/centrales\\\/#breadcrumb\",\"itemListElement\":[{\"@type\":\"ListItem\",\"position\":1,\"name\":\"Home\",\"item\":\"https:\\\/\\\/beta.hymach.it\\\/fr\\\/\"},{\"@type\":\"ListItem\",\"position\":2,\"name\":\"Produits\",\"item\":\"https:\\\/\\\/beta.hymach.it\\\/fr\\\/produits\\\/\"},{\"@type\":\"ListItem\",\"position\":3,\"name\":\"Bras de tondeuse centrales Hymach\"}]},{\"@type\":\"WebSite\",\"@id\":\"https:\\\/\\\/beta.hymach.it\\\/fr\\\/#website\",\"url\":\"https:\\\/\\\/beta.hymach.it\\\/fr\\\/\",\"name\":\"Hymach\",\"description\":\"Macchine per la manutenzione del verde\",\"publisher\":{\"@id\":\"https:\\\/\\\/beta.hymach.it\\\/fr\\\/#organization\"},\"potentialAction\":[{\"@type\":\"SearchAction\",\"target\":{\"@type\":\"EntryPoint\",\"urlTemplate\":\"https:\\\/\\\/beta.hymach.it\\\/fr\\\/?s={search_term_string}\"},\"query-input\":{\"@type\":\"PropertyValueSpecification\",\"valueRequired\":true,\"valueName\":\"search_term_string\"}}],\"inLanguage\":\"fr-FR\"},{\"@type\":\"Organization\",\"@id\":\"https:\\\/\\\/beta.hymach.it\\\/fr\\\/#organization\",\"name\":\"Hymach\",\"url\":\"https:\\\/\\\/beta.hymach.it\\\/fr\\\/\",\"logo\":{\"@type\":\"ImageObject\",\"inLanguage\":\"fr-FR\",\"@id\":\"https:\\\/\\\/beta.hymach.it\\\/fr\\\/#\\\/schema\\\/logo\\\/image\\\/\",\"url\":\"https:\\\/\\\/beta.hymach.it\\\/wp-content\\\/uploads\\\/2024\\\/08\\\/hymach_logo_2026.svg\",\"contentUrl\":\"https:\\\/\\\/beta.hymach.it\\\/wp-content\\\/uploads\\\/2024\\\/08\\\/hymach_logo_2026.svg\",\"width\":777,\"height\":88,\"caption\":\"Hymach\"},\"image\":{\"@id\":\"https:\\\/\\\/beta.hymach.it\\\/fr\\\/#\\\/schema\\\/logo\\\/image\\\/\"}}]}<\/script>\n<!-- \/ Yoast SEO plugin. -->","yoast_head_json":{"title":"D\u00e9broussailleuses centrales Hymach pour l'entretien du vert","description":"Les d\u00e9broussailleuses centrales Hymach sont des machines pour l'entretien du vert, id\u00e9ales pour couper les haies de route, et bien plus encore.","robots":{"index":"noindex","follow":"follow","max-snippet":"max-snippet:-1","max-image-preview":"max-image-preview:large","max-video-preview":"max-video-preview:-1"},"og_locale":"fr_FR","og_type":"article","og_title":"D\u00e9broussailleuses centrales Hymach pour l'entretien du vert","og_description":"Les d\u00e9broussailleuses centrales Hymach sont des machines pour l'entretien du vert, id\u00e9ales pour couper les haies de route, et bien plus encore.","og_url":"https:\/\/beta.hymach.it\/fr\/centrales\/","og_site_name":"Hymach","article_modified_time":"2025-02-13T11:49:40+00:00","og_image":[{"width":1600,"height":1549,"url":"https:\/\/beta.hymach.it\/wp-content\/uploads\/2018\/05\/extreme.jpg","type":"image\/jpeg"}],"twitter_misc":{"Est. reading time":"3 minutes"},"schema":{"@context":"https:\/\/schema.org","@graph":[{"@type":"WebPage","@id":"https:\/\/beta.hymach.it\/fr\/centrales\/","url":"https:\/\/beta.hymach.it\/fr\/centrales\/","name":"D\u00e9broussailleuses centrales Hymach pour l'entretien du vert","isPartOf":{"@id":"https:\/\/beta.hymach.it\/fr\/#website"},"primaryImageOfPage":{"@id":"https:\/\/beta.hymach.it\/fr\/centrales\/#primaryimage"},"image":{"@id":"https:\/\/beta.hymach.it\/fr\/centrales\/#primaryimage"},"thumbnailUrl":"https:\/\/beta.hymach.it\/wp-content\/uploads\/2026\/04\/Centrali.svg","datePublished":"2012-08-27T08:10:40+00:00","dateModified":"2025-02-13T11:49:40+00:00","description":"Les d\u00e9broussailleuses centrales Hymach sont des machines pour l'entretien du vert, id\u00e9ales pour couper les haies de route, et bien plus encore.","breadcrumb":{"@id":"https:\/\/beta.hymach.it\/fr\/centrales\/#breadcrumb"},"inLanguage":"fr-FR","potentialAction":[{"@type":"ReadAction","target":["https:\/\/beta.hymach.it\/fr\/centrales\/"]}]},{"@type":"ImageObject","inLanguage":"fr-FR","@id":"https:\/\/beta.hymach.it\/fr\/centrales\/#primaryimage","url":"https:\/\/beta.hymach.it\/wp-content\/uploads\/2026\/04\/Centrali.svg","contentUrl":"https:\/\/beta.hymach.it\/wp-content\/uploads\/2026\/04\/Centrali.svg","width":500,"height":500},{"@type":"BreadcrumbList","@id":"https:\/\/beta.hymach.it\/fr\/centrales\/#breadcrumb","itemListElement":[{"@type":"ListItem","position":1,"name":"Home","item":"https:\/\/beta.hymach.it\/fr\/"},{"@type":"ListItem","position":2,"name":"Produits","item":"https:\/\/beta.hymach.it\/fr\/produits\/"},{"@type":"ListItem","position":3,"name":"Bras de tondeuse centrales Hymach"}]},{"@type":"WebSite","@id":"https:\/\/beta.hymach.it\/fr\/#website","url":"https:\/\/beta.hymach.it\/fr\/","name":"Hymach","description":"Macchine per la manutenzione del verde","publisher":{"@id":"https:\/\/beta.hymach.it\/fr\/#organization"},"potentialAction":[{"@type":"SearchAction","target":{"@type":"EntryPoint","urlTemplate":"https:\/\/beta.hymach.it\/fr\/?s={search_term_string}"},"query-input":{"@type":"PropertyValueSpecification","valueRequired":true,"valueName":"search_term_string"}}],"inLanguage":"fr-FR"},{"@type":"Organization","@id":"https:\/\/beta.hymach.it\/fr\/#organization","name":"Hymach","url":"https:\/\/beta.hymach.it\/fr\/","logo":{"@type":"ImageObject","inLanguage":"fr-FR","@id":"https:\/\/beta.hymach.it\/fr\/#\/schema\/logo\/image\/","url":"https:\/\/beta.hymach.it\/wp-content\/uploads\/2024\/08\/hymach_logo_2026.svg","contentUrl":"https:\/\/beta.hymach.it\/wp-content\/uploads\/2024\/08\/hymach_logo_2026.svg","width":777,"height":88,"caption":"Hymach"},"image":{"@id":"https:\/\/beta.hymach.it\/fr\/#\/schema\/logo\/image\/"}}]}},"_links":{"self":[{"href":"https:\/\/beta.hymach.it\/fr\/wp-json\/wp\/v2\/pages\/3946","targetHints":{"allow":["GET"]}}],"collection":[{"href":"https:\/\/beta.hymach.it\/fr\/wp-json\/wp\/v2\/pages"}],"about":[{"href":"https:\/\/beta.hymach.it\/fr\/wp-json\/wp\/v2\/types\/page"}],"author":[{"embeddable":true,"href":"https:\/\/beta.hymach.it\/fr\/wp-json\/wp\/v2\/users\/1"}],"replies":[{"embeddable":true,"href":"https:\/\/beta.hymach.it\/fr\/wp-json\/wp\/v2\/comments?post=3946"}],"version-history":[{"count":7,"href":"https:\/\/beta.hymach.it\/fr\/wp-json\/wp\/v2\/pages\/3946\/revisions"}],"predecessor-version":[{"id":11301,"href":"https:\/\/beta.hymach.it\/fr\/wp-json\/wp\/v2\/pages\/3946\/revisions\/11301"}],"wp:featuredmedia":[{"embeddable":true,"href":"https:\/\/beta.hymach.it\/fr\/wp-json\/wp\/v2\/media\/12512"}],"wp:attachment":[{"href":"https:\/\/beta.hymach.it\/fr\/wp-json\/wp\/v2\/media?parent=3946"}],"wp:term":[{"taxonomy":"category","embeddable":true,"href":"https:\/\/beta.hymach.it\/fr\/wp-json\/wp\/v2\/categories?post=3946"},{"taxonomy":"sector","embeddable":true,"href":"https:\/\/beta.hymach.it\/fr\/wp-json\/wp\/v2\/sector?post=3946"},{"taxonomy":"carrier","embeddable":true,"href":"https:\/\/beta.hymach.it\/fr\/wp-json\/wp\/v2\/carrier?post=3946"},{"taxonomy":"cat-page","embeddable":true,"href":"https:\/\/beta.hymach.it\/fr\/wp-json\/wp\/v2\/cat-page?post=3946"},{"taxonomy":"product-category","embeddable":true,"href":"https:\/\/beta.hymach.it\/fr\/wp-json\/wp\/v2\/product-category?post=3946"}],"curies":[{"name":"wp","href":"https:\/\/api.w.org\/{rel}","templated":true}]}}