{"id":4102,"date":"2012-08-23T16:45:40","date_gmt":"2012-08-23T14:45:40","guid":{"rendered":"https:\/\/www.hymach.it\/produits\/aspiranti\/"},"modified":"2025-02-13T14:09:12","modified_gmt":"2025-02-13T13:09:12","slug":"aspirantes","status":"publish","type":"page","link":"https:\/\/beta.hymach.it\/fr\/aspirantes\/","title":{"rendered":"Bras de tondeuse aspirants Hymach"},"content":{"rendered":"\n<h2 class=\"wp-block-heading\">Installation de bras de tondeuse aspirants<\/h2>\n\n\n\n<p>Ils peuvent \u00eatre install\u00e9s sur le relevage arri\u00e8re des tracteurs \u00e9quip\u00e9s d&#8217;un attelage trois points ou d&#8217;un ch\u00e2ssis de support suppl\u00e9mentaire ou sur des camions \u00e9quip\u00e9s d&#8217;une caisse mobile sur mesure.<\/p>\n\n\n\n<h2 class=\"wp-block-heading\">Syst\u00e8me d&#8217;aspiration des bras de tondeuse aspirants<\/h2>\n\n\n\n<p>Le dispositif qui fait partie du <strong>syst\u00e8me d&#8217;aspiration de nos bras de tondeuse aspirants<\/strong> peut \u00eatre soit avec un groupe d&#8217;aspiration \u00e0 turbine (le mat\u00e9riau est aspir\u00e9 par un vortex d&#8217;air g\u00e9n\u00e9r\u00e9 par un ventilateur) soit avec un syst\u00e8me de vide int\u00e9gr\u00e9 au bac de ramassage (le mat\u00e9riau est aspir\u00e9 par le vide cr\u00e9\u00e9 \u00e0 l&#8217;int\u00e9rieur du bac).<\/p>\n\n\n\n<h2 class=\"wp-block-heading\">\u00c9l\u00e9ments personnalisables sur les bras de tondeuse aspirants<\/h2>\n\n\n\n<p>Les diff\u00e9rents mod\u00e8les de <strong>bras de tondeuse aspirants<\/strong> diff\u00e8rent non seulement par le type d&#8217;application sur le v\u00e9hicule porteur, mais \u00e9galement par l&#8217;extension du bras atteignable qui, sur demande, avec un \u00e9quipement adapt\u00e9, peut m\u00eame d\u00e9passer les 8 m des mod\u00e8les standards. Il est \u00e9galement possible de cr\u00e9er des structures plus petites pour adapter la <strong>machine destin\u00e9e \u00e0 l&#8217;entretien et \u00e0 la maintenance des espaces verts<\/strong> \u00e0 des v\u00e9hicules de taille modeste.<\/p>\n\n\n\n<p>Le syst\u00e8me t\u00e9lescopique du bras et du tube d&#8217;aspiration permet une tonte au ras de la roue et un repliage compact pendant la circulation.<\/p>\n\n\n\n<h2 class=\"wp-block-heading\">Structures et principaux composants des bras de tondeuse aspirants<\/h2>\n\n\n\n<p>Les structures, con\u00e7ues pour r\u00e9sister aux contraintes des cycles de vie du bras, sont r\u00e9alis\u00e9es avec des aciers de premi\u00e8re qualit\u00e9. Les \u00e9l\u00e9ments fondamentaux des articulations, bagues et axes, sont fabriqu\u00e9s en acier soumis \u00e0 des traitements de trempe et de rectification, ce qui augmente leur r\u00e9sistance et optimise leur fonction, prolongeant ainsi leur dur\u00e9e de vie. Les v\u00e9rins \u00e9quip\u00e9s de vannes de r\u00e9gulation garantissent une excellente maniabilit\u00e9. Les <strong>principaux composants<\/strong> du syst\u00e8me de fonctionnement des <strong>bras de tondeuse aspirants<\/strong> tels que les pompes et le moteur, le multiplicateur, le distributeur, le radiateur, choisis parmi ceux propos\u00e9s par les meilleures marques du march\u00e9 pour les performances et la fiabilit\u00e9, d\u00e9terminent les hautes performances en puissance et en productivit\u00e9.<\/p>\n\n\n\n<h2 class=\"wp-block-heading\">Personnalisations et versions des bras de tondeuse aspirants<\/h2>\n\n\n\n<p>Il est possible de transformer la <strong>machine pour l&#8217;entretien des espaces verts<\/strong>, m\u00eame temporairement, pour des <strong>travaux de tonte<\/strong> uniquement, hors aspiration, en rempla\u00e7ant la partie terminale du bras et le broyeur.<br>Les <strong>bras de tondeuse aspirants<\/strong> peuvent \u00eatre personnalis\u00e9es en modifiant \u00e0 la fois la structure et le syst\u00e8me en fonction des besoins sp\u00e9cifiques de l&#8217;utilisateur et sont disponibles en version droite et gauche.<\/p>\n","protected":false},"excerpt":{"rendered":"<p>Installation de bras de tondeuse aspirants Ils peuvent \u00eatre install\u00e9s sur le relevage arri\u00e8re des tracteurs \u00e9quip\u00e9s d&#8217;un attelage trois points ou d&#8217;un ch\u00e2ssis de support suppl\u00e9mentaire ou sur des camions \u00e9quip\u00e9s d&#8217;une caisse mobile sur mesure. Syst\u00e8me d&#8217;aspiration des bras de tondeuse aspirants Le dispositif qui fait partie du syst\u00e8me d&#8217;aspiration de nos bras [&hellip;]<\/p>\n","protected":false},"author":1,"featured_media":12525,"parent":0,"menu_order":274,"comment_status":"closed","ping_status":"closed","template":"","meta":{"_acf_changed":false,"footnotes":""},"categories":[],"sector":[],"carrier":[],"cat-page":[],"product-category":[],"class_list":["post-4102","page","type-page","status-publish","has-post-thumbnail","hentry"],"acf":[],"yoast_head":"<!-- This site is optimized with the Yoast SEO plugin v27.4 - https:\/\/yoast.com\/product\/yoast-seo-wordpress\/ -->\n<title>Bras de tondeurs aspirants Hymach pour l&#039;entretien du vert<\/title>\n<meta name=\"description\" content=\"Les bras de tondeurs aspirants Hymach sont des machines pour l&#039;entretien du vert, \u00e9quip\u00e9 d&#039;un syst\u00e8me d&#039;aspiration pour le mat\u00e9riel hach\u00e9.\" \/>\n<meta name=\"robots\" content=\"noindex, follow, max-snippet:-1, max-image-preview:large, max-video-preview:-1\" \/>\n<meta property=\"og:locale\" content=\"fr_FR\" \/>\n<meta property=\"og:type\" content=\"article\" \/>\n<meta property=\"og:title\" content=\"Bras de tondeurs aspirants Hymach pour l&#039;entretien du vert\" \/>\n<meta property=\"og:description\" content=\"Les bras de tondeurs aspirants Hymach sont des machines pour l&#039;entretien du vert, \u00e9quip\u00e9 d&#039;un syst\u00e8me d&#039;aspiration pour le mat\u00e9riel hach\u00e9.\" \/>\n<meta property=\"og:url\" content=\"https:\/\/beta.hymach.it\/fr\/aspirantes\/\" \/>\n<meta property=\"og:site_name\" content=\"Hymach\" \/>\n<meta property=\"article:modified_time\" content=\"2025-02-13T13:09:12+00:00\" \/>\n<meta property=\"og:image\" content=\"https:\/\/beta.hymach.it\/wp-content\/uploads\/2018\/05\/aspirante-tornado.jpg\" \/>\n\t<meta property=\"og:image:width\" content=\"500\" \/>\n\t<meta property=\"og:image:height\" content=\"465\" \/>\n\t<meta property=\"og:image:type\" content=\"image\/jpeg\" \/>\n<meta name=\"twitter:label1\" content=\"Est. reading time\" \/>\n\t<meta name=\"twitter:data1\" content=\"3 minutes\" \/>\n<script type=\"application\/ld+json\" class=\"yoast-schema-graph\">{\"@context\":\"https:\\\/\\\/schema.org\",\"@graph\":[{\"@type\":\"WebPage\",\"@id\":\"https:\\\/\\\/beta.hymach.it\\\/fr\\\/aspirantes\\\/\",\"url\":\"https:\\\/\\\/beta.hymach.it\\\/fr\\\/aspirantes\\\/\",\"name\":\"Bras de tondeurs aspirants Hymach pour l'entretien du vert\",\"isPartOf\":{\"@id\":\"https:\\\/\\\/beta.hymach.it\\\/fr\\\/#website\"},\"primaryImageOfPage\":{\"@id\":\"https:\\\/\\\/beta.hymach.it\\\/fr\\\/aspirantes\\\/#primaryimage\"},\"image\":{\"@id\":\"https:\\\/\\\/beta.hymach.it\\\/fr\\\/aspirantes\\\/#primaryimage\"},\"thumbnailUrl\":\"https:\\\/\\\/beta.hymach.it\\\/wp-content\\\/uploads\\\/2026\\\/04\\\/Aspiranti.svg\",\"datePublished\":\"2012-08-23T14:45:40+00:00\",\"dateModified\":\"2025-02-13T13:09:12+00:00\",\"description\":\"Les bras de tondeurs aspirants Hymach sont des machines pour l'entretien du vert, \u00e9quip\u00e9 d'un syst\u00e8me d'aspiration pour le mat\u00e9riel hach\u00e9.\",\"breadcrumb\":{\"@id\":\"https:\\\/\\\/beta.hymach.it\\\/fr\\\/aspirantes\\\/#breadcrumb\"},\"inLanguage\":\"fr-FR\",\"potentialAction\":[{\"@type\":\"ReadAction\",\"target\":[\"https:\\\/\\\/beta.hymach.it\\\/fr\\\/aspirantes\\\/\"]}]},{\"@type\":\"ImageObject\",\"inLanguage\":\"fr-FR\",\"@id\":\"https:\\\/\\\/beta.hymach.it\\\/fr\\\/aspirantes\\\/#primaryimage\",\"url\":\"https:\\\/\\\/beta.hymach.it\\\/wp-content\\\/uploads\\\/2026\\\/04\\\/Aspiranti.svg\",\"contentUrl\":\"https:\\\/\\\/beta.hymach.it\\\/wp-content\\\/uploads\\\/2026\\\/04\\\/Aspiranti.svg\",\"width\":500,\"height\":500},{\"@type\":\"BreadcrumbList\",\"@id\":\"https:\\\/\\\/beta.hymach.it\\\/fr\\\/aspirantes\\\/#breadcrumb\",\"itemListElement\":[{\"@type\":\"ListItem\",\"position\":1,\"name\":\"Home\",\"item\":\"https:\\\/\\\/beta.hymach.it\\\/fr\\\/\"},{\"@type\":\"ListItem\",\"position\":2,\"name\":\"Produits\",\"item\":\"https:\\\/\\\/beta.hymach.it\\\/fr\\\/produits\\\/\"},{\"@type\":\"ListItem\",\"position\":3,\"name\":\"Bras de tondeuse aspirants Hymach\"}]},{\"@type\":\"WebSite\",\"@id\":\"https:\\\/\\\/beta.hymach.it\\\/fr\\\/#website\",\"url\":\"https:\\\/\\\/beta.hymach.it\\\/fr\\\/\",\"name\":\"Hymach\",\"description\":\"Macchine per la manutenzione del verde\",\"publisher\":{\"@id\":\"https:\\\/\\\/beta.hymach.it\\\/fr\\\/#organization\"},\"potentialAction\":[{\"@type\":\"SearchAction\",\"target\":{\"@type\":\"EntryPoint\",\"urlTemplate\":\"https:\\\/\\\/beta.hymach.it\\\/fr\\\/?s={search_term_string}\"},\"query-input\":{\"@type\":\"PropertyValueSpecification\",\"valueRequired\":true,\"valueName\":\"search_term_string\"}}],\"inLanguage\":\"fr-FR\"},{\"@type\":\"Organization\",\"@id\":\"https:\\\/\\\/beta.hymach.it\\\/fr\\\/#organization\",\"name\":\"Hymach\",\"url\":\"https:\\\/\\\/beta.hymach.it\\\/fr\\\/\",\"logo\":{\"@type\":\"ImageObject\",\"inLanguage\":\"fr-FR\",\"@id\":\"https:\\\/\\\/beta.hymach.it\\\/fr\\\/#\\\/schema\\\/logo\\\/image\\\/\",\"url\":\"https:\\\/\\\/beta.hymach.it\\\/wp-content\\\/uploads\\\/2024\\\/08\\\/hymach_logo_2026.svg\",\"contentUrl\":\"https:\\\/\\\/beta.hymach.it\\\/wp-content\\\/uploads\\\/2024\\\/08\\\/hymach_logo_2026.svg\",\"width\":777,\"height\":88,\"caption\":\"Hymach\"},\"image\":{\"@id\":\"https:\\\/\\\/beta.hymach.it\\\/fr\\\/#\\\/schema\\\/logo\\\/image\\\/\"}}]}<\/script>\n<!-- \/ Yoast SEO plugin. -->","yoast_head_json":{"title":"Bras de tondeurs aspirants Hymach pour l'entretien du vert","description":"Les bras de tondeurs aspirants Hymach sont des machines pour l'entretien du vert, \u00e9quip\u00e9 d'un syst\u00e8me d'aspiration pour le mat\u00e9riel hach\u00e9.","robots":{"index":"noindex","follow":"follow","max-snippet":"max-snippet:-1","max-image-preview":"max-image-preview:large","max-video-preview":"max-video-preview:-1"},"og_locale":"fr_FR","og_type":"article","og_title":"Bras de tondeurs aspirants Hymach pour l'entretien du vert","og_description":"Les bras de tondeurs aspirants Hymach sont des machines pour l'entretien du vert, \u00e9quip\u00e9 d'un syst\u00e8me d'aspiration pour le mat\u00e9riel hach\u00e9.","og_url":"https:\/\/beta.hymach.it\/fr\/aspirantes\/","og_site_name":"Hymach","article_modified_time":"2025-02-13T13:09:12+00:00","og_image":[{"width":500,"height":465,"url":"https:\/\/beta.hymach.it\/wp-content\/uploads\/2018\/05\/aspirante-tornado.jpg","type":"image\/jpeg"}],"twitter_misc":{"Est. reading time":"3 minutes"},"schema":{"@context":"https:\/\/schema.org","@graph":[{"@type":"WebPage","@id":"https:\/\/beta.hymach.it\/fr\/aspirantes\/","url":"https:\/\/beta.hymach.it\/fr\/aspirantes\/","name":"Bras de tondeurs aspirants Hymach pour l'entretien du vert","isPartOf":{"@id":"https:\/\/beta.hymach.it\/fr\/#website"},"primaryImageOfPage":{"@id":"https:\/\/beta.hymach.it\/fr\/aspirantes\/#primaryimage"},"image":{"@id":"https:\/\/beta.hymach.it\/fr\/aspirantes\/#primaryimage"},"thumbnailUrl":"https:\/\/beta.hymach.it\/wp-content\/uploads\/2026\/04\/Aspiranti.svg","datePublished":"2012-08-23T14:45:40+00:00","dateModified":"2025-02-13T13:09:12+00:00","description":"Les bras de tondeurs aspirants Hymach sont des machines pour l'entretien du vert, \u00e9quip\u00e9 d'un syst\u00e8me d'aspiration pour le mat\u00e9riel hach\u00e9.","breadcrumb":{"@id":"https:\/\/beta.hymach.it\/fr\/aspirantes\/#breadcrumb"},"inLanguage":"fr-FR","potentialAction":[{"@type":"ReadAction","target":["https:\/\/beta.hymach.it\/fr\/aspirantes\/"]}]},{"@type":"ImageObject","inLanguage":"fr-FR","@id":"https:\/\/beta.hymach.it\/fr\/aspirantes\/#primaryimage","url":"https:\/\/beta.hymach.it\/wp-content\/uploads\/2026\/04\/Aspiranti.svg","contentUrl":"https:\/\/beta.hymach.it\/wp-content\/uploads\/2026\/04\/Aspiranti.svg","width":500,"height":500},{"@type":"BreadcrumbList","@id":"https:\/\/beta.hymach.it\/fr\/aspirantes\/#breadcrumb","itemListElement":[{"@type":"ListItem","position":1,"name":"Home","item":"https:\/\/beta.hymach.it\/fr\/"},{"@type":"ListItem","position":2,"name":"Produits","item":"https:\/\/beta.hymach.it\/fr\/produits\/"},{"@type":"ListItem","position":3,"name":"Bras de tondeuse aspirants Hymach"}]},{"@type":"WebSite","@id":"https:\/\/beta.hymach.it\/fr\/#website","url":"https:\/\/beta.hymach.it\/fr\/","name":"Hymach","description":"Macchine per la manutenzione del verde","publisher":{"@id":"https:\/\/beta.hymach.it\/fr\/#organization"},"potentialAction":[{"@type":"SearchAction","target":{"@type":"EntryPoint","urlTemplate":"https:\/\/beta.hymach.it\/fr\/?s={search_term_string}"},"query-input":{"@type":"PropertyValueSpecification","valueRequired":true,"valueName":"search_term_string"}}],"inLanguage":"fr-FR"},{"@type":"Organization","@id":"https:\/\/beta.hymach.it\/fr\/#organization","name":"Hymach","url":"https:\/\/beta.hymach.it\/fr\/","logo":{"@type":"ImageObject","inLanguage":"fr-FR","@id":"https:\/\/beta.hymach.it\/fr\/#\/schema\/logo\/image\/","url":"https:\/\/beta.hymach.it\/wp-content\/uploads\/2024\/08\/hymach_logo_2026.svg","contentUrl":"https:\/\/beta.hymach.it\/wp-content\/uploads\/2024\/08\/hymach_logo_2026.svg","width":777,"height":88,"caption":"Hymach"},"image":{"@id":"https:\/\/beta.hymach.it\/fr\/#\/schema\/logo\/image\/"}}]}},"_links":{"self":[{"href":"https:\/\/beta.hymach.it\/fr\/wp-json\/wp\/v2\/pages\/4102","targetHints":{"allow":["GET"]}}],"collection":[{"href":"https:\/\/beta.hymach.it\/fr\/wp-json\/wp\/v2\/pages"}],"about":[{"href":"https:\/\/beta.hymach.it\/fr\/wp-json\/wp\/v2\/types\/page"}],"author":[{"embeddable":true,"href":"https:\/\/beta.hymach.it\/fr\/wp-json\/wp\/v2\/users\/1"}],"replies":[{"embeddable":true,"href":"https:\/\/beta.hymach.it\/fr\/wp-json\/wp\/v2\/comments?post=4102"}],"version-history":[{"count":6,"href":"https:\/\/beta.hymach.it\/fr\/wp-json\/wp\/v2\/pages\/4102\/revisions"}],"predecessor-version":[{"id":11322,"href":"https:\/\/beta.hymach.it\/fr\/wp-json\/wp\/v2\/pages\/4102\/revisions\/11322"}],"wp:featuredmedia":[{"embeddable":true,"href":"https:\/\/beta.hymach.it\/fr\/wp-json\/wp\/v2\/media\/12525"}],"wp:attachment":[{"href":"https:\/\/beta.hymach.it\/fr\/wp-json\/wp\/v2\/media?parent=4102"}],"wp:term":[{"taxonomy":"category","embeddable":true,"href":"https:\/\/beta.hymach.it\/fr\/wp-json\/wp\/v2\/categories?post=4102"},{"taxonomy":"sector","embeddable":true,"href":"https:\/\/beta.hymach.it\/fr\/wp-json\/wp\/v2\/sector?post=4102"},{"taxonomy":"carrier","embeddable":true,"href":"https:\/\/beta.hymach.it\/fr\/wp-json\/wp\/v2\/carrier?post=4102"},{"taxonomy":"cat-page","embeddable":true,"href":"https:\/\/beta.hymach.it\/fr\/wp-json\/wp\/v2\/cat-page?post=4102"},{"taxonomy":"product-category","embeddable":true,"href":"https:\/\/beta.hymach.it\/fr\/wp-json\/wp\/v2\/product-category?post=4102"}],"curies":[{"name":"wp","href":"https:\/\/api.w.org\/{rel}","templated":true}]}}