{"id":4110,"date":"2014-02-18T12:00:33","date_gmt":"2014-02-18T11:00:33","guid":{"rendered":"https:\/\/www.hymach.it\/produits\/aspirantes\/tornado\/"},"modified":"2025-02-12T09:48:26","modified_gmt":"2025-02-12T08:48:26","slug":"tornado","status":"publish","type":"page","link":"https:\/\/beta.hymach.it\/fr\/aspirantes\/tornado\/","title":{"rendered":"Bras de tondeuse aspirant Tornado Hymach"},"content":{"rendered":"<p><strong>D\u00e9broussailleuses aspirantes \u00e0 bras ol\u00e9ohydraulique<\/strong>, avec t\u00eate de broyage \u00e0 rotor, \u00e0 accrocher \u00e0 l\u2019arri\u00e8re du tracteur, pour travaux de maintenance des espaces verts sur routes et autoroutes, sur talus, berges m\u00eame profondes, rives de cours d\u2019eau et zones champ\u00eatres. Le dispositif d\u2019aspiration, particuli\u00e8rement puissant, garantit d\u2019excellents r\u00e9sultats et une productivit\u00e9 \u00e9lev\u00e9e.<\/p>\n<p>Ces dispositifs existent en longueurs <strong>de 6\u00a0m\u00e8tres et de 8\u00a0m\u00e8tres<\/strong>. L\u2019extr\u00e9mit\u00e9 est toujours t\u00e9lescopique, \u00e0 une ou deux sections, pour atteindre les points les plus \u00e9loign\u00e9s, r\u00e9duire au minimum le gabarit et contenir les dimensions en position de repos.<\/p>\n","protected":false},"excerpt":{"rendered":"<p>D\u00e9broussailleuses aspirantes \u00e0 bras ol\u00e9ohydraulique, avec t\u00eate de broyage \u00e0 rotor, \u00e0 accrocher \u00e0 l\u2019arri\u00e8re du tracteur, pour travaux de maintenance des espaces verts sur routes et autoroutes, sur talus, berges m\u00eame profondes, rives de cours d\u2019eau et zones champ\u00eatres. Le dispositif d\u2019aspiration, particuli\u00e8rement puissant, garantit d\u2019excellents r\u00e9sultats et une productivit\u00e9 \u00e9lev\u00e9e. Ces dispositifs existent [&hellip;]<\/p>\n","protected":false},"author":1,"featured_media":9642,"parent":4102,"menu_order":4,"comment_status":"closed","ping_status":"closed","template":"","meta":{"_acf_changed":false,"footnotes":""},"categories":[],"sector":[],"carrier":[],"cat-page":[],"product-category":[143],"class_list":["post-4110","page","type-page","status-publish","has-post-thumbnail","hentry","product-category-bras-de-tondeuse-aspirants"],"acf":[],"yoast_head":"<!-- This site is optimized with the Yoast SEO plugin v27.5 - https:\/\/yoast.com\/product\/yoast-seo-wordpress\/ -->\n<title>Bras de tondeuse aspirant Tornado Hymach pour l&#039;entretien du vert<\/title>\n<meta name=\"description\" content=\"Le bras de tondeuse aspirant Tornado Hymach est une machine pour l&#039;entretien du vert, \u00e9quip\u00e9 d&#039;un syst\u00e8me d&#039;aspiration am\u00e9lior\u00e9.\" \/>\n<meta name=\"robots\" content=\"noindex, follow, max-snippet:-1, max-image-preview:large, max-video-preview:-1\" \/>\n<meta property=\"og:locale\" content=\"fr_FR\" \/>\n<meta property=\"og:type\" content=\"article\" \/>\n<meta property=\"og:title\" content=\"Bras de tondeuse aspirant Tornado Hymach pour l&#039;entretien du vert\" \/>\n<meta property=\"og:description\" content=\"Le bras de tondeuse aspirant Tornado Hymach est une machine pour l&#039;entretien du vert, \u00e9quip\u00e9 d&#039;un syst\u00e8me d&#039;aspiration am\u00e9lior\u00e9.\" \/>\n<meta property=\"og:url\" content=\"https:\/\/beta.hymach.it\/fr\/aspirantes\/tornado\/\" \/>\n<meta property=\"og:site_name\" content=\"Hymach\" \/>\n<meta property=\"article:modified_time\" content=\"2025-02-12T08:48:26+00:00\" \/>\n<meta property=\"og:image\" content=\"https:\/\/beta.hymach.it\/wp-content\/uploads\/2024\/10\/braccio-tagliaerba-tornado-hymach-cover.jpg\" \/>\n\t<meta property=\"og:image:width\" content=\"1675\" \/>\n\t<meta property=\"og:image:height\" content=\"768\" \/>\n\t<meta property=\"og:image:type\" content=\"image\/jpeg\" \/>\n<meta name=\"twitter:label1\" content=\"Est. reading time\" \/>\n\t<meta name=\"twitter:data1\" content=\"1 minute\" \/>\n<script type=\"application\/ld+json\" class=\"yoast-schema-graph\">{\"@context\":\"https:\\\/\\\/schema.org\",\"@graph\":[{\"@type\":\"WebPage\",\"@id\":\"https:\\\/\\\/beta.hymach.it\\\/fr\\\/aspirantes\\\/tornado\\\/\",\"url\":\"https:\\\/\\\/beta.hymach.it\\\/fr\\\/aspirantes\\\/tornado\\\/\",\"name\":\"Bras de tondeuse aspirant Tornado Hymach pour l'entretien du vert\",\"isPartOf\":{\"@id\":\"https:\\\/\\\/beta.hymach.it\\\/fr\\\/#website\"},\"primaryImageOfPage\":{\"@id\":\"https:\\\/\\\/beta.hymach.it\\\/fr\\\/aspirantes\\\/tornado\\\/#primaryimage\"},\"image\":{\"@id\":\"https:\\\/\\\/beta.hymach.it\\\/fr\\\/aspirantes\\\/tornado\\\/#primaryimage\"},\"thumbnailUrl\":\"https:\\\/\\\/beta.hymach.it\\\/wp-content\\\/uploads\\\/2024\\\/10\\\/braccio-tagliaerba-tornado-hymach-cover.jpg\",\"datePublished\":\"2014-02-18T11:00:33+00:00\",\"dateModified\":\"2025-02-12T08:48:26+00:00\",\"description\":\"Le bras de tondeuse aspirant Tornado Hymach est une machine pour l'entretien du vert, \u00e9quip\u00e9 d'un syst\u00e8me d'aspiration am\u00e9lior\u00e9.\",\"breadcrumb\":{\"@id\":\"https:\\\/\\\/beta.hymach.it\\\/fr\\\/aspirantes\\\/tornado\\\/#breadcrumb\"},\"inLanguage\":\"fr-FR\",\"potentialAction\":[{\"@type\":\"ReadAction\",\"target\":[\"https:\\\/\\\/beta.hymach.it\\\/fr\\\/aspirantes\\\/tornado\\\/\"]}]},{\"@type\":\"ImageObject\",\"inLanguage\":\"fr-FR\",\"@id\":\"https:\\\/\\\/beta.hymach.it\\\/fr\\\/aspirantes\\\/tornado\\\/#primaryimage\",\"url\":\"https:\\\/\\\/beta.hymach.it\\\/wp-content\\\/uploads\\\/2024\\\/10\\\/braccio-tagliaerba-tornado-hymach-cover.jpg\",\"contentUrl\":\"https:\\\/\\\/beta.hymach.it\\\/wp-content\\\/uploads\\\/2024\\\/10\\\/braccio-tagliaerba-tornado-hymach-cover.jpg\",\"width\":1675,\"height\":768,\"caption\":\"Braccio tagliaerba aspirante Tornado di Hymach\"},{\"@type\":\"BreadcrumbList\",\"@id\":\"https:\\\/\\\/beta.hymach.it\\\/fr\\\/aspirantes\\\/tornado\\\/#breadcrumb\",\"itemListElement\":[{\"@type\":\"ListItem\",\"position\":1,\"name\":\"Home\",\"item\":\"https:\\\/\\\/beta.hymach.it\\\/fr\\\/\"},{\"@type\":\"ListItem\",\"position\":2,\"name\":\"Produits\",\"item\":\"https:\\\/\\\/beta.hymach.it\\\/fr\\\/produits\\\/\"},{\"@type\":\"ListItem\",\"position\":3,\"name\":\"Bras de tondeuse aspirants Hymach\",\"item\":\"https:\\\/\\\/beta.hymach.it\\\/fr\\\/produits\\\/aspirantes\\\/\"},{\"@type\":\"ListItem\",\"position\":4,\"name\":\"Bras de tondeuse aspirant Tornado Hymach\"}]},{\"@type\":\"WebSite\",\"@id\":\"https:\\\/\\\/beta.hymach.it\\\/fr\\\/#website\",\"url\":\"https:\\\/\\\/beta.hymach.it\\\/fr\\\/\",\"name\":\"Hymach\",\"description\":\"Macchine per la manutenzione del verde\",\"publisher\":{\"@id\":\"https:\\\/\\\/beta.hymach.it\\\/fr\\\/#organization\"},\"potentialAction\":[{\"@type\":\"SearchAction\",\"target\":{\"@type\":\"EntryPoint\",\"urlTemplate\":\"https:\\\/\\\/beta.hymach.it\\\/fr\\\/?s={search_term_string}\"},\"query-input\":{\"@type\":\"PropertyValueSpecification\",\"valueRequired\":true,\"valueName\":\"search_term_string\"}}],\"inLanguage\":\"fr-FR\"},{\"@type\":\"Organization\",\"@id\":\"https:\\\/\\\/beta.hymach.it\\\/fr\\\/#organization\",\"name\":\"Hymach\",\"url\":\"https:\\\/\\\/beta.hymach.it\\\/fr\\\/\",\"logo\":{\"@type\":\"ImageObject\",\"inLanguage\":\"fr-FR\",\"@id\":\"https:\\\/\\\/beta.hymach.it\\\/fr\\\/#\\\/schema\\\/logo\\\/image\\\/\",\"url\":\"https:\\\/\\\/beta.hymach.it\\\/wp-content\\\/uploads\\\/2024\\\/08\\\/hymach_logo_2026.svg\",\"contentUrl\":\"https:\\\/\\\/beta.hymach.it\\\/wp-content\\\/uploads\\\/2024\\\/08\\\/hymach_logo_2026.svg\",\"width\":777,\"height\":88,\"caption\":\"Hymach\"},\"image\":{\"@id\":\"https:\\\/\\\/beta.hymach.it\\\/fr\\\/#\\\/schema\\\/logo\\\/image\\\/\"}}]}<\/script>\n<!-- \/ Yoast SEO plugin. -->","yoast_head_json":{"title":"Bras de tondeuse aspirant Tornado Hymach pour l'entretien du vert","description":"Le bras de tondeuse aspirant Tornado Hymach est une machine pour l'entretien du vert, \u00e9quip\u00e9 d'un syst\u00e8me d'aspiration am\u00e9lior\u00e9.","robots":{"index":"noindex","follow":"follow","max-snippet":"max-snippet:-1","max-image-preview":"max-image-preview:large","max-video-preview":"max-video-preview:-1"},"og_locale":"fr_FR","og_type":"article","og_title":"Bras de tondeuse aspirant Tornado Hymach pour l'entretien du vert","og_description":"Le bras de tondeuse aspirant Tornado Hymach est une machine pour l'entretien du vert, \u00e9quip\u00e9 d'un syst\u00e8me d'aspiration am\u00e9lior\u00e9.","og_url":"https:\/\/beta.hymach.it\/fr\/aspirantes\/tornado\/","og_site_name":"Hymach","article_modified_time":"2025-02-12T08:48:26+00:00","og_image":[{"width":1675,"height":768,"url":"https:\/\/beta.hymach.it\/wp-content\/uploads\/2024\/10\/braccio-tagliaerba-tornado-hymach-cover.jpg","type":"image\/jpeg"}],"twitter_misc":{"Est. reading time":"1 minute"},"schema":{"@context":"https:\/\/schema.org","@graph":[{"@type":"WebPage","@id":"https:\/\/beta.hymach.it\/fr\/aspirantes\/tornado\/","url":"https:\/\/beta.hymach.it\/fr\/aspirantes\/tornado\/","name":"Bras de tondeuse aspirant Tornado Hymach pour l'entretien du vert","isPartOf":{"@id":"https:\/\/beta.hymach.it\/fr\/#website"},"primaryImageOfPage":{"@id":"https:\/\/beta.hymach.it\/fr\/aspirantes\/tornado\/#primaryimage"},"image":{"@id":"https:\/\/beta.hymach.it\/fr\/aspirantes\/tornado\/#primaryimage"},"thumbnailUrl":"https:\/\/beta.hymach.it\/wp-content\/uploads\/2024\/10\/braccio-tagliaerba-tornado-hymach-cover.jpg","datePublished":"2014-02-18T11:00:33+00:00","dateModified":"2025-02-12T08:48:26+00:00","description":"Le bras de tondeuse aspirant Tornado Hymach est une machine pour l'entretien du vert, \u00e9quip\u00e9 d'un syst\u00e8me d'aspiration am\u00e9lior\u00e9.","breadcrumb":{"@id":"https:\/\/beta.hymach.it\/fr\/aspirantes\/tornado\/#breadcrumb"},"inLanguage":"fr-FR","potentialAction":[{"@type":"ReadAction","target":["https:\/\/beta.hymach.it\/fr\/aspirantes\/tornado\/"]}]},{"@type":"ImageObject","inLanguage":"fr-FR","@id":"https:\/\/beta.hymach.it\/fr\/aspirantes\/tornado\/#primaryimage","url":"https:\/\/beta.hymach.it\/wp-content\/uploads\/2024\/10\/braccio-tagliaerba-tornado-hymach-cover.jpg","contentUrl":"https:\/\/beta.hymach.it\/wp-content\/uploads\/2024\/10\/braccio-tagliaerba-tornado-hymach-cover.jpg","width":1675,"height":768,"caption":"Braccio tagliaerba aspirante Tornado di Hymach"},{"@type":"BreadcrumbList","@id":"https:\/\/beta.hymach.it\/fr\/aspirantes\/tornado\/#breadcrumb","itemListElement":[{"@type":"ListItem","position":1,"name":"Home","item":"https:\/\/beta.hymach.it\/fr\/"},{"@type":"ListItem","position":2,"name":"Produits","item":"https:\/\/beta.hymach.it\/fr\/produits\/"},{"@type":"ListItem","position":3,"name":"Bras de tondeuse aspirants Hymach","item":"https:\/\/beta.hymach.it\/fr\/produits\/aspirantes\/"},{"@type":"ListItem","position":4,"name":"Bras de tondeuse aspirant Tornado Hymach"}]},{"@type":"WebSite","@id":"https:\/\/beta.hymach.it\/fr\/#website","url":"https:\/\/beta.hymach.it\/fr\/","name":"Hymach","description":"Macchine per la manutenzione del verde","publisher":{"@id":"https:\/\/beta.hymach.it\/fr\/#organization"},"potentialAction":[{"@type":"SearchAction","target":{"@type":"EntryPoint","urlTemplate":"https:\/\/beta.hymach.it\/fr\/?s={search_term_string}"},"query-input":{"@type":"PropertyValueSpecification","valueRequired":true,"valueName":"search_term_string"}}],"inLanguage":"fr-FR"},{"@type":"Organization","@id":"https:\/\/beta.hymach.it\/fr\/#organization","name":"Hymach","url":"https:\/\/beta.hymach.it\/fr\/","logo":{"@type":"ImageObject","inLanguage":"fr-FR","@id":"https:\/\/beta.hymach.it\/fr\/#\/schema\/logo\/image\/","url":"https:\/\/beta.hymach.it\/wp-content\/uploads\/2024\/08\/hymach_logo_2026.svg","contentUrl":"https:\/\/beta.hymach.it\/wp-content\/uploads\/2024\/08\/hymach_logo_2026.svg","width":777,"height":88,"caption":"Hymach"},"image":{"@id":"https:\/\/beta.hymach.it\/fr\/#\/schema\/logo\/image\/"}}]}},"_links":{"self":[{"href":"https:\/\/beta.hymach.it\/fr\/wp-json\/wp\/v2\/pages\/4110","targetHints":{"allow":["GET"]}}],"collection":[{"href":"https:\/\/beta.hymach.it\/fr\/wp-json\/wp\/v2\/pages"}],"about":[{"href":"https:\/\/beta.hymach.it\/fr\/wp-json\/wp\/v2\/types\/page"}],"author":[{"embeddable":true,"href":"https:\/\/beta.hymach.it\/fr\/wp-json\/wp\/v2\/users\/1"}],"replies":[{"embeddable":true,"href":"https:\/\/beta.hymach.it\/fr\/wp-json\/wp\/v2\/comments?post=4110"}],"version-history":[{"count":4,"href":"https:\/\/beta.hymach.it\/fr\/wp-json\/wp\/v2\/pages\/4110\/revisions"}],"predecessor-version":[{"id":11076,"href":"https:\/\/beta.hymach.it\/fr\/wp-json\/wp\/v2\/pages\/4110\/revisions\/11076"}],"up":[{"embeddable":true,"href":"https:\/\/beta.hymach.it\/fr\/wp-json\/wp\/v2\/pages\/4102"}],"wp:featuredmedia":[{"embeddable":true,"href":"https:\/\/beta.hymach.it\/fr\/wp-json\/wp\/v2\/media\/9642"}],"wp:attachment":[{"href":"https:\/\/beta.hymach.it\/fr\/wp-json\/wp\/v2\/media?parent=4110"}],"wp:term":[{"taxonomy":"category","embeddable":true,"href":"https:\/\/beta.hymach.it\/fr\/wp-json\/wp\/v2\/categories?post=4110"},{"taxonomy":"sector","embeddable":true,"href":"https:\/\/beta.hymach.it\/fr\/wp-json\/wp\/v2\/sector?post=4110"},{"taxonomy":"carrier","embeddable":true,"href":"https:\/\/beta.hymach.it\/fr\/wp-json\/wp\/v2\/carrier?post=4110"},{"taxonomy":"cat-page","embeddable":true,"href":"https:\/\/beta.hymach.it\/fr\/wp-json\/wp\/v2\/cat-page?post=4110"},{"taxonomy":"product-category","embeddable":true,"href":"https:\/\/beta.hymach.it\/fr\/wp-json\/wp\/v2\/product-category?post=4110"}],"curies":[{"name":"wp","href":"https:\/\/api.w.org\/{rel}","templated":true}]}}