{"id":4326,"date":"2012-08-28T15:40:54","date_gmt":"2012-08-28T13:40:54","guid":{"rendered":"https:\/\/www.hymach.it\/produits\/testate-trinciatrici\/"},"modified":"2025-02-13T14:25:57","modified_gmt":"2025-02-13T13:25:57","slug":"broyeurs","status":"publish","type":"page","link":"https:\/\/beta.hymach.it\/fr\/broyeurs\/","title":{"rendered":"Broyeurs Hymach"},"content":{"rendered":"\n<h2 class=\"wp-block-heading\">Versions de broyeurs<\/h2>\n\n\n\n<p>Ils sont disponibles aussi bien dans la version avec transmission directe moteur-rotor que dans la version indirecte gr\u00e2ce \u00e0 laquelle les contraintes pendant le fonctionnement sont absorb\u00e9es par la courroie de transmission au lieu du moteur qui est plac\u00e9 dans un si\u00e8ge prot\u00e9g\u00e9.<\/p>\n\n\n\n<p>Les <strong>broyeurs <\/strong>sont des <strong>machines pour l&#8217;entretien et le soin des espaces verts<\/strong>, disponibles en diff\u00e9rents mod\u00e8les qui diff\u00e8rent par leur taille, leur structure, leurs mat\u00e9riaux et leur utilisation pr\u00e9vue: de l&#8217;entretien et du soin p\u00e9riodiques des espaces verts aux travaux forestiers.<\/p>\n\n\n\n<p>Tous les mod\u00e8les de <strong>broyeurs <\/strong>ont en commun la pr\u00e9sence d&#8217;un parcours d&#8217;air uniforme entre l&#8217;arc dessin\u00e9 par le rotor en travail et la hotte afin de faciliter le d\u00e9chargement de la v\u00e9g\u00e9tation broy\u00e9e, en \u00e9vitant les blocages \u00e0 l&#8217;int\u00e9rieur de la t\u00eate et en favorisant la continuit\u00e9 op\u00e9rationnelle.<\/p>\n\n\n\n<h2 class=\"wp-block-heading\">Broyeurs pour travaux exigeants<\/h2>\n\n\n\n<p>Les <strong>broyeurs <\/strong>sont des<strong> machines pour l&#8217;entretien et le soin des espaces verts<\/strong> destin\u00e9es \u00e0 des travaux particuli\u00e8rement exigeants, devant faire face \u00e0 une v\u00e9g\u00e9tation luxuriante, non entretenue ou constitu\u00e9e principalement d&#8217;arbustes ou de roseaux, elles sont disponibles avec un ch\u00e2ssis \u00e9brancheur m\u00e9canique ou hydraulique, pour faciliter l&#8217;entr\u00e9e des plantes \u00e0 couper.<\/p>\n","protected":false},"excerpt":{"rendered":"<p>Versions de broyeurs Ils sont disponibles aussi bien dans la version avec transmission directe moteur-rotor que dans la version indirecte gr\u00e2ce \u00e0 laquelle les contraintes pendant le fonctionnement sont absorb\u00e9es par la courroie de transmission au lieu du moteur qui est plac\u00e9 dans un si\u00e8ge prot\u00e9g\u00e9. Les broyeurs sont des machines pour l&#8217;entretien et le [&hellip;]<\/p>\n","protected":false},"author":1,"featured_media":12532,"parent":0,"menu_order":328,"comment_status":"closed","ping_status":"closed","template":"","meta":{"_acf_changed":false,"footnotes":""},"categories":[],"sector":[],"carrier":[],"cat-page":[],"product-category":[],"class_list":["post-4326","page","type-page","status-publish","has-post-thumbnail","hentry"],"acf":[],"yoast_head":"<!-- This site is optimized with the Yoast SEO plugin v27.4 - https:\/\/yoast.com\/product\/yoast-seo-wordpress\/ -->\n<title>Broyeurs Hymach pour l&#039;entretien du vert<\/title>\n<meta name=\"description\" content=\"Les broyeurs Hymach sont des machines pour l&#039;entretien du vert, id\u00e9ales pour tondre l&#039;herbe long des routes et dans les bois.\" \/>\n<meta name=\"robots\" content=\"noindex, follow, max-snippet:-1, max-image-preview:large, max-video-preview:-1\" \/>\n<meta property=\"og:locale\" content=\"fr_FR\" \/>\n<meta property=\"og:type\" content=\"article\" \/>\n<meta property=\"og:title\" content=\"Broyeurs Hymach pour l&#039;entretien du vert\" \/>\n<meta property=\"og:description\" content=\"Les broyeurs Hymach sont des machines pour l&#039;entretien du vert, id\u00e9ales pour tondre l&#039;herbe long des routes et dans les bois.\" \/>\n<meta property=\"og:url\" content=\"https:\/\/beta.hymach.it\/fr\/broyeurs\/\" \/>\n<meta property=\"og:site_name\" content=\"Hymach\" \/>\n<meta property=\"article:modified_time\" content=\"2025-02-13T13:25:57+00:00\" \/>\n<meta property=\"og:image\" content=\"https:\/\/beta.hymach.it\/wp-content\/uploads\/2017\/12\/trinciatrici.jpg\" \/>\n\t<meta property=\"og:image:width\" content=\"800\" \/>\n\t<meta property=\"og:image:height\" content=\"600\" \/>\n\t<meta property=\"og:image:type\" content=\"image\/jpeg\" \/>\n<meta name=\"twitter:label1\" content=\"Est. reading time\" \/>\n\t<meta name=\"twitter:data1\" content=\"2 minutes\" \/>\n<script type=\"application\/ld+json\" class=\"yoast-schema-graph\">{\"@context\":\"https:\\\/\\\/schema.org\",\"@graph\":[{\"@type\":\"WebPage\",\"@id\":\"https:\\\/\\\/beta.hymach.it\\\/fr\\\/broyeurs\\\/\",\"url\":\"https:\\\/\\\/beta.hymach.it\\\/fr\\\/broyeurs\\\/\",\"name\":\"Broyeurs Hymach pour l'entretien du vert\",\"isPartOf\":{\"@id\":\"https:\\\/\\\/beta.hymach.it\\\/fr\\\/#website\"},\"primaryImageOfPage\":{\"@id\":\"https:\\\/\\\/beta.hymach.it\\\/fr\\\/broyeurs\\\/#primaryimage\"},\"image\":{\"@id\":\"https:\\\/\\\/beta.hymach.it\\\/fr\\\/broyeurs\\\/#primaryimage\"},\"thumbnailUrl\":\"https:\\\/\\\/beta.hymach.it\\\/wp-content\\\/uploads\\\/2026\\\/04\\\/Testate-trincianti.svg\",\"datePublished\":\"2012-08-28T13:40:54+00:00\",\"dateModified\":\"2025-02-13T13:25:57+00:00\",\"description\":\"Les broyeurs Hymach sont des machines pour l'entretien du vert, id\u00e9ales pour tondre l'herbe long des routes et dans les bois.\",\"breadcrumb\":{\"@id\":\"https:\\\/\\\/beta.hymach.it\\\/fr\\\/broyeurs\\\/#breadcrumb\"},\"inLanguage\":\"fr-FR\",\"potentialAction\":[{\"@type\":\"ReadAction\",\"target\":[\"https:\\\/\\\/beta.hymach.it\\\/fr\\\/broyeurs\\\/\"]}]},{\"@type\":\"ImageObject\",\"inLanguage\":\"fr-FR\",\"@id\":\"https:\\\/\\\/beta.hymach.it\\\/fr\\\/broyeurs\\\/#primaryimage\",\"url\":\"https:\\\/\\\/beta.hymach.it\\\/wp-content\\\/uploads\\\/2026\\\/04\\\/Testate-trincianti.svg\",\"contentUrl\":\"https:\\\/\\\/beta.hymach.it\\\/wp-content\\\/uploads\\\/2026\\\/04\\\/Testate-trincianti.svg\",\"width\":500,\"height\":500},{\"@type\":\"BreadcrumbList\",\"@id\":\"https:\\\/\\\/beta.hymach.it\\\/fr\\\/broyeurs\\\/#breadcrumb\",\"itemListElement\":[{\"@type\":\"ListItem\",\"position\":1,\"name\":\"Home\",\"item\":\"https:\\\/\\\/beta.hymach.it\\\/fr\\\/\"},{\"@type\":\"ListItem\",\"position\":2,\"name\":\"Produits\",\"item\":\"https:\\\/\\\/beta.hymach.it\\\/fr\\\/produits\\\/\"},{\"@type\":\"ListItem\",\"position\":3,\"name\":\"Broyeurs Hymach\"}]},{\"@type\":\"WebSite\",\"@id\":\"https:\\\/\\\/beta.hymach.it\\\/fr\\\/#website\",\"url\":\"https:\\\/\\\/beta.hymach.it\\\/fr\\\/\",\"name\":\"Hymach\",\"description\":\"Macchine per la manutenzione del verde\",\"publisher\":{\"@id\":\"https:\\\/\\\/beta.hymach.it\\\/fr\\\/#organization\"},\"potentialAction\":[{\"@type\":\"SearchAction\",\"target\":{\"@type\":\"EntryPoint\",\"urlTemplate\":\"https:\\\/\\\/beta.hymach.it\\\/fr\\\/?s={search_term_string}\"},\"query-input\":{\"@type\":\"PropertyValueSpecification\",\"valueRequired\":true,\"valueName\":\"search_term_string\"}}],\"inLanguage\":\"fr-FR\"},{\"@type\":\"Organization\",\"@id\":\"https:\\\/\\\/beta.hymach.it\\\/fr\\\/#organization\",\"name\":\"Hymach\",\"url\":\"https:\\\/\\\/beta.hymach.it\\\/fr\\\/\",\"logo\":{\"@type\":\"ImageObject\",\"inLanguage\":\"fr-FR\",\"@id\":\"https:\\\/\\\/beta.hymach.it\\\/fr\\\/#\\\/schema\\\/logo\\\/image\\\/\",\"url\":\"https:\\\/\\\/beta.hymach.it\\\/wp-content\\\/uploads\\\/2024\\\/08\\\/hymach_logo_2026.svg\",\"contentUrl\":\"https:\\\/\\\/beta.hymach.it\\\/wp-content\\\/uploads\\\/2024\\\/08\\\/hymach_logo_2026.svg\",\"width\":777,\"height\":88,\"caption\":\"Hymach\"},\"image\":{\"@id\":\"https:\\\/\\\/beta.hymach.it\\\/fr\\\/#\\\/schema\\\/logo\\\/image\\\/\"}}]}<\/script>\n<!-- \/ Yoast SEO plugin. -->","yoast_head_json":{"title":"Broyeurs Hymach pour l'entretien du vert","description":"Les broyeurs Hymach sont des machines pour l'entretien du vert, id\u00e9ales pour tondre l'herbe long des routes et dans les bois.","robots":{"index":"noindex","follow":"follow","max-snippet":"max-snippet:-1","max-image-preview":"max-image-preview:large","max-video-preview":"max-video-preview:-1"},"og_locale":"fr_FR","og_type":"article","og_title":"Broyeurs Hymach pour l'entretien du vert","og_description":"Les broyeurs Hymach sont des machines pour l'entretien du vert, id\u00e9ales pour tondre l'herbe long des routes et dans les bois.","og_url":"https:\/\/beta.hymach.it\/fr\/broyeurs\/","og_site_name":"Hymach","article_modified_time":"2025-02-13T13:25:57+00:00","og_image":[{"width":800,"height":600,"url":"https:\/\/beta.hymach.it\/wp-content\/uploads\/2017\/12\/trinciatrici.jpg","type":"image\/jpeg"}],"twitter_misc":{"Est. reading time":"2 minutes"},"schema":{"@context":"https:\/\/schema.org","@graph":[{"@type":"WebPage","@id":"https:\/\/beta.hymach.it\/fr\/broyeurs\/","url":"https:\/\/beta.hymach.it\/fr\/broyeurs\/","name":"Broyeurs Hymach pour l'entretien du vert","isPartOf":{"@id":"https:\/\/beta.hymach.it\/fr\/#website"},"primaryImageOfPage":{"@id":"https:\/\/beta.hymach.it\/fr\/broyeurs\/#primaryimage"},"image":{"@id":"https:\/\/beta.hymach.it\/fr\/broyeurs\/#primaryimage"},"thumbnailUrl":"https:\/\/beta.hymach.it\/wp-content\/uploads\/2026\/04\/Testate-trincianti.svg","datePublished":"2012-08-28T13:40:54+00:00","dateModified":"2025-02-13T13:25:57+00:00","description":"Les broyeurs Hymach sont des machines pour l'entretien du vert, id\u00e9ales pour tondre l'herbe long des routes et dans les bois.","breadcrumb":{"@id":"https:\/\/beta.hymach.it\/fr\/broyeurs\/#breadcrumb"},"inLanguage":"fr-FR","potentialAction":[{"@type":"ReadAction","target":["https:\/\/beta.hymach.it\/fr\/broyeurs\/"]}]},{"@type":"ImageObject","inLanguage":"fr-FR","@id":"https:\/\/beta.hymach.it\/fr\/broyeurs\/#primaryimage","url":"https:\/\/beta.hymach.it\/wp-content\/uploads\/2026\/04\/Testate-trincianti.svg","contentUrl":"https:\/\/beta.hymach.it\/wp-content\/uploads\/2026\/04\/Testate-trincianti.svg","width":500,"height":500},{"@type":"BreadcrumbList","@id":"https:\/\/beta.hymach.it\/fr\/broyeurs\/#breadcrumb","itemListElement":[{"@type":"ListItem","position":1,"name":"Home","item":"https:\/\/beta.hymach.it\/fr\/"},{"@type":"ListItem","position":2,"name":"Produits","item":"https:\/\/beta.hymach.it\/fr\/produits\/"},{"@type":"ListItem","position":3,"name":"Broyeurs Hymach"}]},{"@type":"WebSite","@id":"https:\/\/beta.hymach.it\/fr\/#website","url":"https:\/\/beta.hymach.it\/fr\/","name":"Hymach","description":"Macchine per la manutenzione del verde","publisher":{"@id":"https:\/\/beta.hymach.it\/fr\/#organization"},"potentialAction":[{"@type":"SearchAction","target":{"@type":"EntryPoint","urlTemplate":"https:\/\/beta.hymach.it\/fr\/?s={search_term_string}"},"query-input":{"@type":"PropertyValueSpecification","valueRequired":true,"valueName":"search_term_string"}}],"inLanguage":"fr-FR"},{"@type":"Organization","@id":"https:\/\/beta.hymach.it\/fr\/#organization","name":"Hymach","url":"https:\/\/beta.hymach.it\/fr\/","logo":{"@type":"ImageObject","inLanguage":"fr-FR","@id":"https:\/\/beta.hymach.it\/fr\/#\/schema\/logo\/image\/","url":"https:\/\/beta.hymach.it\/wp-content\/uploads\/2024\/08\/hymach_logo_2026.svg","contentUrl":"https:\/\/beta.hymach.it\/wp-content\/uploads\/2024\/08\/hymach_logo_2026.svg","width":777,"height":88,"caption":"Hymach"},"image":{"@id":"https:\/\/beta.hymach.it\/fr\/#\/schema\/logo\/image\/"}}]}},"_links":{"self":[{"href":"https:\/\/beta.hymach.it\/fr\/wp-json\/wp\/v2\/pages\/4326","targetHints":{"allow":["GET"]}}],"collection":[{"href":"https:\/\/beta.hymach.it\/fr\/wp-json\/wp\/v2\/pages"}],"about":[{"href":"https:\/\/beta.hymach.it\/fr\/wp-json\/wp\/v2\/types\/page"}],"author":[{"embeddable":true,"href":"https:\/\/beta.hymach.it\/fr\/wp-json\/wp\/v2\/users\/1"}],"replies":[{"embeddable":true,"href":"https:\/\/beta.hymach.it\/fr\/wp-json\/wp\/v2\/comments?post=4326"}],"version-history":[{"count":6,"href":"https:\/\/beta.hymach.it\/fr\/wp-json\/wp\/v2\/pages\/4326\/revisions"}],"predecessor-version":[{"id":11351,"href":"https:\/\/beta.hymach.it\/fr\/wp-json\/wp\/v2\/pages\/4326\/revisions\/11351"}],"wp:featuredmedia":[{"embeddable":true,"href":"https:\/\/beta.hymach.it\/fr\/wp-json\/wp\/v2\/media\/12532"}],"wp:attachment":[{"href":"https:\/\/beta.hymach.it\/fr\/wp-json\/wp\/v2\/media?parent=4326"}],"wp:term":[{"taxonomy":"category","embeddable":true,"href":"https:\/\/beta.hymach.it\/fr\/wp-json\/wp\/v2\/categories?post=4326"},{"taxonomy":"sector","embeddable":true,"href":"https:\/\/beta.hymach.it\/fr\/wp-json\/wp\/v2\/sector?post=4326"},{"taxonomy":"carrier","embeddable":true,"href":"https:\/\/beta.hymach.it\/fr\/wp-json\/wp\/v2\/carrier?post=4326"},{"taxonomy":"cat-page","embeddable":true,"href":"https:\/\/beta.hymach.it\/fr\/wp-json\/wp\/v2\/cat-page?post=4326"},{"taxonomy":"product-category","embeddable":true,"href":"https:\/\/beta.hymach.it\/fr\/wp-json\/wp\/v2\/product-category?post=4326"}],"curies":[{"name":"wp","href":"https:\/\/api.w.org\/{rel}","templated":true}]}}