{"id":4347,"date":"2014-02-19T15:52:01","date_gmt":"2014-02-19T14:52:01","guid":{"rendered":"https:\/\/www.hymach.it\/produits\/tetes-de-broyage\/tlb\/"},"modified":"2025-02-12T16:48:37","modified_gmt":"2025-02-12T15:48:37","slug":"tlb","status":"publish","type":"page","link":"https:\/\/beta.hymach.it\/fr\/broyeurs\/tlb\/","title":{"rendered":"Broyeur TLB Hymach"},"content":{"rendered":"<div class=\"row\">\n<div class=\"large-12 columns fullWidth\">\n<div class=\"main contenttesto\">\n<p><b>Broyeurs mod\u00e8le TLB cat\u00e9gorie petite<\/b>, caract\u00e9ris\u00e9s par un gabarit r\u00e9duit mais adapt\u00e9s aux exigences professionnelles. La transmission moteur-rotor est directe. Ces machines sont disponibles pour une largeur de coupe utile <strong>de 80&nbsp;cm et 100&nbsp;cm.<\/strong><\/p>\n<\/div>\n<\/div>\n<\/div>\n<div class=\"row fullWidth-footer\">\n<div class=\"large-12 small-12 columns footer\"><\/div>\n<\/div>\n","protected":false},"excerpt":{"rendered":"<p>Broyeurs mod\u00e8le TLB cat\u00e9gorie petite, caract\u00e9ris\u00e9s par un gabarit r\u00e9duit mais adapt\u00e9s aux exigences professionnelles. La transmission moteur-rotor est directe. Ces machines sont disponibles pour une largeur de coupe utile de 80&nbsp;cm et 100&nbsp;cm.<\/p>\n","protected":false},"author":1,"featured_media":9837,"parent":4326,"menu_order":343,"comment_status":"open","ping_status":"closed","template":"","meta":{"_acf_changed":false,"footnotes":""},"categories":[],"sector":[],"carrier":[],"cat-page":[],"product-category":[],"class_list":["post-4347","page","type-page","status-publish","has-post-thumbnail","hentry"],"acf":[],"yoast_head":"<!-- This site is optimized with the Yoast SEO plugin v27.4 - https:\/\/yoast.com\/product\/yoast-seo-wordpress\/ -->\n<title>Broyeur TLB Hymach pour l&#039;entretien du vert<\/title>\n<meta name=\"description\" content=\"Le broyeur TLB Hymach est une machine pour l&#039;entretien du vert, id\u00e9al pour une application sur des mini-pelles. Disponible pour une largeur de coupe utile de 80\u00a0cm et 100\u00a0cm.\" \/>\n<meta name=\"robots\" content=\"noindex, follow, max-snippet:-1, max-image-preview:large, max-video-preview:-1\" \/>\n<meta property=\"og:locale\" content=\"fr_FR\" \/>\n<meta property=\"og:type\" content=\"article\" \/>\n<meta property=\"og:title\" content=\"Broyeur TLB Hymach pour l&#039;entretien du vert\" \/>\n<meta property=\"og:description\" content=\"Le broyeur TLB Hymach est une machine pour l&#039;entretien du vert, id\u00e9al pour une application sur des mini-pelles. Disponible pour une largeur de coupe utile de 80\u00a0cm et 100\u00a0cm.\" \/>\n<meta property=\"og:url\" content=\"https:\/\/beta.hymach.it\/fr\/broyeurs\/tlb\/\" \/>\n<meta property=\"og:site_name\" content=\"Hymach\" \/>\n<meta property=\"article:modified_time\" content=\"2025-02-12T15:48:37+00:00\" \/>\n<meta property=\"og:image\" content=\"https:\/\/beta.hymach.it\/wp-content\/uploads\/2024\/10\/Trinciatrici-TLB-hymach-cover.jpg\" \/>\n\t<meta property=\"og:image:width\" content=\"1675\" \/>\n\t<meta property=\"og:image:height\" content=\"768\" \/>\n\t<meta property=\"og:image:type\" content=\"image\/jpeg\" \/>\n<meta name=\"twitter:label1\" content=\"Est. reading time\" \/>\n\t<meta name=\"twitter:data1\" content=\"1 minute\" \/>\n<script type=\"application\/ld+json\" class=\"yoast-schema-graph\">{\"@context\":\"https:\\\/\\\/schema.org\",\"@graph\":[{\"@type\":\"WebPage\",\"@id\":\"https:\\\/\\\/beta.hymach.it\\\/fr\\\/broyeurs\\\/tlb\\\/\",\"url\":\"https:\\\/\\\/beta.hymach.it\\\/fr\\\/broyeurs\\\/tlb\\\/\",\"name\":\"Broyeur TLB Hymach pour l'entretien du vert\",\"isPartOf\":{\"@id\":\"https:\\\/\\\/beta.hymach.it\\\/fr\\\/#website\"},\"primaryImageOfPage\":{\"@id\":\"https:\\\/\\\/beta.hymach.it\\\/fr\\\/broyeurs\\\/tlb\\\/#primaryimage\"},\"image\":{\"@id\":\"https:\\\/\\\/beta.hymach.it\\\/fr\\\/broyeurs\\\/tlb\\\/#primaryimage\"},\"thumbnailUrl\":\"https:\\\/\\\/beta.hymach.it\\\/wp-content\\\/uploads\\\/2024\\\/10\\\/Trinciatrici-TLB-hymach-cover.jpg\",\"datePublished\":\"2014-02-19T14:52:01+00:00\",\"dateModified\":\"2025-02-12T15:48:37+00:00\",\"description\":\"Le broyeur TLB Hymach est une machine pour l'entretien du vert, id\u00e9al pour une application sur des mini-pelles. Disponible pour une largeur de coupe utile de 80\u00a0cm et 100\u00a0cm.\",\"breadcrumb\":{\"@id\":\"https:\\\/\\\/beta.hymach.it\\\/fr\\\/broyeurs\\\/tlb\\\/#breadcrumb\"},\"inLanguage\":\"fr-FR\",\"potentialAction\":[{\"@type\":\"ReadAction\",\"target\":[\"https:\\\/\\\/beta.hymach.it\\\/fr\\\/broyeurs\\\/tlb\\\/\"]}]},{\"@type\":\"ImageObject\",\"inLanguage\":\"fr-FR\",\"@id\":\"https:\\\/\\\/beta.hymach.it\\\/fr\\\/broyeurs\\\/tlb\\\/#primaryimage\",\"url\":\"https:\\\/\\\/beta.hymach.it\\\/wp-content\\\/uploads\\\/2024\\\/10\\\/Trinciatrici-TLB-hymach-cover.jpg\",\"contentUrl\":\"https:\\\/\\\/beta.hymach.it\\\/wp-content\\\/uploads\\\/2024\\\/10\\\/Trinciatrici-TLB-hymach-cover.jpg\",\"width\":1675,\"height\":768,\"caption\":\"Trinciatrice TLB di Hymach\"},{\"@type\":\"BreadcrumbList\",\"@id\":\"https:\\\/\\\/beta.hymach.it\\\/fr\\\/broyeurs\\\/tlb\\\/#breadcrumb\",\"itemListElement\":[{\"@type\":\"ListItem\",\"position\":1,\"name\":\"Home\",\"item\":\"https:\\\/\\\/beta.hymach.it\\\/fr\\\/\"},{\"@type\":\"ListItem\",\"position\":2,\"name\":\"Produits\",\"item\":\"https:\\\/\\\/beta.hymach.it\\\/fr\\\/produits\\\/\"},{\"@type\":\"ListItem\",\"position\":3,\"name\":\"Broyeurs Hymach\",\"item\":\"https:\\\/\\\/beta.hymach.it\\\/fr\\\/produits\\\/broyeurs\\\/\"},{\"@type\":\"ListItem\",\"position\":4,\"name\":\"Broyeur TLB Hymach\"}]},{\"@type\":\"WebSite\",\"@id\":\"https:\\\/\\\/beta.hymach.it\\\/fr\\\/#website\",\"url\":\"https:\\\/\\\/beta.hymach.it\\\/fr\\\/\",\"name\":\"Hymach\",\"description\":\"Macchine per la manutenzione del verde\",\"publisher\":{\"@id\":\"https:\\\/\\\/beta.hymach.it\\\/fr\\\/#organization\"},\"potentialAction\":[{\"@type\":\"SearchAction\",\"target\":{\"@type\":\"EntryPoint\",\"urlTemplate\":\"https:\\\/\\\/beta.hymach.it\\\/fr\\\/?s={search_term_string}\"},\"query-input\":{\"@type\":\"PropertyValueSpecification\",\"valueRequired\":true,\"valueName\":\"search_term_string\"}}],\"inLanguage\":\"fr-FR\"},{\"@type\":\"Organization\",\"@id\":\"https:\\\/\\\/beta.hymach.it\\\/fr\\\/#organization\",\"name\":\"Hymach\",\"url\":\"https:\\\/\\\/beta.hymach.it\\\/fr\\\/\",\"logo\":{\"@type\":\"ImageObject\",\"inLanguage\":\"fr-FR\",\"@id\":\"https:\\\/\\\/beta.hymach.it\\\/fr\\\/#\\\/schema\\\/logo\\\/image\\\/\",\"url\":\"https:\\\/\\\/beta.hymach.it\\\/wp-content\\\/uploads\\\/2024\\\/08\\\/hymach_logo_2026.svg\",\"contentUrl\":\"https:\\\/\\\/beta.hymach.it\\\/wp-content\\\/uploads\\\/2024\\\/08\\\/hymach_logo_2026.svg\",\"width\":777,\"height\":88,\"caption\":\"Hymach\"},\"image\":{\"@id\":\"https:\\\/\\\/beta.hymach.it\\\/fr\\\/#\\\/schema\\\/logo\\\/image\\\/\"}}]}<\/script>\n<!-- \/ Yoast SEO plugin. -->","yoast_head_json":{"title":"Broyeur TLB Hymach pour l'entretien du vert","description":"Le broyeur TLB Hymach est une machine pour l'entretien du vert, id\u00e9al pour une application sur des mini-pelles. Disponible pour une largeur de coupe utile de 80\u00a0cm et 100\u00a0cm.","robots":{"index":"noindex","follow":"follow","max-snippet":"max-snippet:-1","max-image-preview":"max-image-preview:large","max-video-preview":"max-video-preview:-1"},"og_locale":"fr_FR","og_type":"article","og_title":"Broyeur TLB Hymach pour l'entretien du vert","og_description":"Le broyeur TLB Hymach est une machine pour l'entretien du vert, id\u00e9al pour une application sur des mini-pelles. Disponible pour une largeur de coupe utile de 80\u00a0cm et 100\u00a0cm.","og_url":"https:\/\/beta.hymach.it\/fr\/broyeurs\/tlb\/","og_site_name":"Hymach","article_modified_time":"2025-02-12T15:48:37+00:00","og_image":[{"width":1675,"height":768,"url":"https:\/\/beta.hymach.it\/wp-content\/uploads\/2024\/10\/Trinciatrici-TLB-hymach-cover.jpg","type":"image\/jpeg"}],"twitter_misc":{"Est. reading time":"1 minute"},"schema":{"@context":"https:\/\/schema.org","@graph":[{"@type":"WebPage","@id":"https:\/\/beta.hymach.it\/fr\/broyeurs\/tlb\/","url":"https:\/\/beta.hymach.it\/fr\/broyeurs\/tlb\/","name":"Broyeur TLB Hymach pour l'entretien du vert","isPartOf":{"@id":"https:\/\/beta.hymach.it\/fr\/#website"},"primaryImageOfPage":{"@id":"https:\/\/beta.hymach.it\/fr\/broyeurs\/tlb\/#primaryimage"},"image":{"@id":"https:\/\/beta.hymach.it\/fr\/broyeurs\/tlb\/#primaryimage"},"thumbnailUrl":"https:\/\/beta.hymach.it\/wp-content\/uploads\/2024\/10\/Trinciatrici-TLB-hymach-cover.jpg","datePublished":"2014-02-19T14:52:01+00:00","dateModified":"2025-02-12T15:48:37+00:00","description":"Le broyeur TLB Hymach est une machine pour l'entretien du vert, id\u00e9al pour une application sur des mini-pelles. Disponible pour une largeur de coupe utile de 80\u00a0cm et 100\u00a0cm.","breadcrumb":{"@id":"https:\/\/beta.hymach.it\/fr\/broyeurs\/tlb\/#breadcrumb"},"inLanguage":"fr-FR","potentialAction":[{"@type":"ReadAction","target":["https:\/\/beta.hymach.it\/fr\/broyeurs\/tlb\/"]}]},{"@type":"ImageObject","inLanguage":"fr-FR","@id":"https:\/\/beta.hymach.it\/fr\/broyeurs\/tlb\/#primaryimage","url":"https:\/\/beta.hymach.it\/wp-content\/uploads\/2024\/10\/Trinciatrici-TLB-hymach-cover.jpg","contentUrl":"https:\/\/beta.hymach.it\/wp-content\/uploads\/2024\/10\/Trinciatrici-TLB-hymach-cover.jpg","width":1675,"height":768,"caption":"Trinciatrice TLB di Hymach"},{"@type":"BreadcrumbList","@id":"https:\/\/beta.hymach.it\/fr\/broyeurs\/tlb\/#breadcrumb","itemListElement":[{"@type":"ListItem","position":1,"name":"Home","item":"https:\/\/beta.hymach.it\/fr\/"},{"@type":"ListItem","position":2,"name":"Produits","item":"https:\/\/beta.hymach.it\/fr\/produits\/"},{"@type":"ListItem","position":3,"name":"Broyeurs Hymach","item":"https:\/\/beta.hymach.it\/fr\/produits\/broyeurs\/"},{"@type":"ListItem","position":4,"name":"Broyeur TLB Hymach"}]},{"@type":"WebSite","@id":"https:\/\/beta.hymach.it\/fr\/#website","url":"https:\/\/beta.hymach.it\/fr\/","name":"Hymach","description":"Macchine per la manutenzione del verde","publisher":{"@id":"https:\/\/beta.hymach.it\/fr\/#organization"},"potentialAction":[{"@type":"SearchAction","target":{"@type":"EntryPoint","urlTemplate":"https:\/\/beta.hymach.it\/fr\/?s={search_term_string}"},"query-input":{"@type":"PropertyValueSpecification","valueRequired":true,"valueName":"search_term_string"}}],"inLanguage":"fr-FR"},{"@type":"Organization","@id":"https:\/\/beta.hymach.it\/fr\/#organization","name":"Hymach","url":"https:\/\/beta.hymach.it\/fr\/","logo":{"@type":"ImageObject","inLanguage":"fr-FR","@id":"https:\/\/beta.hymach.it\/fr\/#\/schema\/logo\/image\/","url":"https:\/\/beta.hymach.it\/wp-content\/uploads\/2024\/08\/hymach_logo_2026.svg","contentUrl":"https:\/\/beta.hymach.it\/wp-content\/uploads\/2024\/08\/hymach_logo_2026.svg","width":777,"height":88,"caption":"Hymach"},"image":{"@id":"https:\/\/beta.hymach.it\/fr\/#\/schema\/logo\/image\/"}}]}},"_links":{"self":[{"href":"https:\/\/beta.hymach.it\/fr\/wp-json\/wp\/v2\/pages\/4347","targetHints":{"allow":["GET"]}}],"collection":[{"href":"https:\/\/beta.hymach.it\/fr\/wp-json\/wp\/v2\/pages"}],"about":[{"href":"https:\/\/beta.hymach.it\/fr\/wp-json\/wp\/v2\/types\/page"}],"author":[{"embeddable":true,"href":"https:\/\/beta.hymach.it\/fr\/wp-json\/wp\/v2\/users\/1"}],"replies":[{"embeddable":true,"href":"https:\/\/beta.hymach.it\/fr\/wp-json\/wp\/v2\/comments?post=4347"}],"version-history":[{"count":5,"href":"https:\/\/beta.hymach.it\/fr\/wp-json\/wp\/v2\/pages\/4347\/revisions"}],"predecessor-version":[{"id":11174,"href":"https:\/\/beta.hymach.it\/fr\/wp-json\/wp\/v2\/pages\/4347\/revisions\/11174"}],"up":[{"embeddable":true,"href":"https:\/\/beta.hymach.it\/fr\/wp-json\/wp\/v2\/pages\/4326"}],"wp:featuredmedia":[{"embeddable":true,"href":"https:\/\/beta.hymach.it\/fr\/wp-json\/wp\/v2\/media\/9837"}],"wp:attachment":[{"href":"https:\/\/beta.hymach.it\/fr\/wp-json\/wp\/v2\/media?parent=4347"}],"wp:term":[{"taxonomy":"category","embeddable":true,"href":"https:\/\/beta.hymach.it\/fr\/wp-json\/wp\/v2\/categories?post=4347"},{"taxonomy":"sector","embeddable":true,"href":"https:\/\/beta.hymach.it\/fr\/wp-json\/wp\/v2\/sector?post=4347"},{"taxonomy":"carrier","embeddable":true,"href":"https:\/\/beta.hymach.it\/fr\/wp-json\/wp\/v2\/carrier?post=4347"},{"taxonomy":"cat-page","embeddable":true,"href":"https:\/\/beta.hymach.it\/fr\/wp-json\/wp\/v2\/cat-page?post=4347"},{"taxonomy":"product-category","embeddable":true,"href":"https:\/\/beta.hymach.it\/fr\/wp-json\/wp\/v2\/product-category?post=4347"}],"curies":[{"name":"wp","href":"https:\/\/api.w.org\/{rel}","templated":true}]}}