{"id":4385,"date":"2014-02-13T15:57:18","date_gmt":"2014-02-13T14:57:18","guid":{"rendered":"https:\/\/www.hymach.it\/produits\/tetes-de-broyage\/tspa\/"},"modified":"2025-02-12T17:23:40","modified_gmt":"2025-02-12T16:23:40","slug":"tspa","status":"publish","type":"page","link":"https:\/\/beta.hymach.it\/fr\/broyeurs\/tspa\/","title":{"rendered":"Broyeur TSPA Hymach"},"content":{"rendered":"<div class=\"row\">\n<div class=\"large-12 columns fullWidth\">\n<div class=\"main contenttesto\">\n<p><strong>Broyeurs TSPA cat\u00e9gorie grande.<\/strong>\u00a0Le capot sp\u00e9cial, dot\u00e9 d\u2019une structure en aluminium multicouche, rend ce dispositif plus l\u00e9ger et en r\u00e9duit les \u00e9missions sonores, compar\u00e9 aux autres broyeurs de la m\u00eame cat\u00e9gorie, pour une r\u00e9sistance \u00e9gale. La transmission moteur-rotor peut \u00eatre directe ou indirecte. Ces machines sont disponibles pour une largeur de coupe utile <strong>de 100\u00a0cm et de 120\u00a0cm.<\/strong><\/p>\n<\/div>\n<\/div>\n<\/div>\n<div class=\"row fullWidth-footer\">\n<div class=\"large-12 small-12 columns footer\"><\/div>\n<\/div>\n","protected":false},"excerpt":{"rendered":"<p>Broyeurs TSPA cat\u00e9gorie grande.\u00a0Le capot sp\u00e9cial, dot\u00e9 d\u2019une structure en aluminium multicouche, rend ce dispositif plus l\u00e9ger et en r\u00e9duit les \u00e9missions sonores, compar\u00e9 aux autres broyeurs de la m\u00eame cat\u00e9gorie, pour une r\u00e9sistance \u00e9gale. La transmission moteur-rotor peut \u00eatre directe ou indirecte. Ces machines sont disponibles pour une largeur de coupe utile de 100\u00a0cm [&hellip;]<\/p>\n","protected":false},"author":1,"featured_media":3312,"parent":4326,"menu_order":369,"comment_status":"closed","ping_status":"closed","template":"","meta":{"_acf_changed":false,"footnotes":""},"categories":[],"sector":[],"carrier":[],"cat-page":[],"product-category":[],"class_list":["post-4385","page","type-page","status-publish","has-post-thumbnail","hentry"],"acf":[],"yoast_head":"<!-- This site is optimized with the Yoast SEO plugin v27.4 - https:\/\/yoast.com\/product\/yoast-seo-wordpress\/ -->\n<title>Broyeur TSPA Hymach pour l&#039;entretien du vert<\/title>\n<meta name=\"description\" content=\"Le broyeur TSPA Hymach est une machine pour l&#039;entretien du vert,haut de gamme, avec une largeur de coupe utile de 150 et 200 cm.\" \/>\n<meta name=\"robots\" content=\"noindex, follow, max-snippet:-1, max-image-preview:large, max-video-preview:-1\" \/>\n<meta property=\"og:locale\" content=\"fr_FR\" \/>\n<meta property=\"og:type\" content=\"article\" \/>\n<meta property=\"og:title\" content=\"Broyeur TSPA Hymach pour l&#039;entretien du vert\" \/>\n<meta property=\"og:description\" content=\"Le broyeur TSPA Hymach est une machine pour l&#039;entretien du vert,haut de gamme, avec une largeur de coupe utile de 150 et 200 cm.\" \/>\n<meta property=\"og:url\" content=\"https:\/\/beta.hymach.it\/fr\/broyeurs\/tspa\/\" \/>\n<meta property=\"og:site_name\" content=\"Hymach\" \/>\n<meta property=\"article:modified_time\" content=\"2025-02-12T16:23:40+00:00\" \/>\n<meta property=\"og:image\" content=\"https:\/\/beta.hymach.it\/wp-content\/uploads\/2018\/05\/Trinciatrici-TSPA.jpg\" \/>\n\t<meta property=\"og:image:width\" content=\"500\" \/>\n\t<meta property=\"og:image:height\" content=\"341\" \/>\n\t<meta property=\"og:image:type\" content=\"image\/jpeg\" \/>\n<meta name=\"twitter:label1\" content=\"Est. reading time\" \/>\n\t<meta name=\"twitter:data1\" content=\"1 minute\" \/>\n<script type=\"application\/ld+json\" class=\"yoast-schema-graph\">{\"@context\":\"https:\\\/\\\/schema.org\",\"@graph\":[{\"@type\":\"WebPage\",\"@id\":\"https:\\\/\\\/beta.hymach.it\\\/fr\\\/broyeurs\\\/tspa\\\/\",\"url\":\"https:\\\/\\\/beta.hymach.it\\\/fr\\\/broyeurs\\\/tspa\\\/\",\"name\":\"Broyeur TSPA Hymach pour l'entretien du vert\",\"isPartOf\":{\"@id\":\"https:\\\/\\\/beta.hymach.it\\\/fr\\\/#website\"},\"primaryImageOfPage\":{\"@id\":\"https:\\\/\\\/beta.hymach.it\\\/fr\\\/broyeurs\\\/tspa\\\/#primaryimage\"},\"image\":{\"@id\":\"https:\\\/\\\/beta.hymach.it\\\/fr\\\/broyeurs\\\/tspa\\\/#primaryimage\"},\"thumbnailUrl\":\"https:\\\/\\\/beta.hymach.it\\\/wp-content\\\/uploads\\\/2018\\\/05\\\/Trinciatrici-TSPA.jpg\",\"datePublished\":\"2014-02-13T14:57:18+00:00\",\"dateModified\":\"2025-02-12T16:23:40+00:00\",\"description\":\"Le broyeur TSPA Hymach est une machine pour l'entretien du vert,haut de gamme, avec une largeur de coupe utile de 150 et 200 cm.\",\"breadcrumb\":{\"@id\":\"https:\\\/\\\/beta.hymach.it\\\/fr\\\/broyeurs\\\/tspa\\\/#breadcrumb\"},\"inLanguage\":\"fr-FR\",\"potentialAction\":[{\"@type\":\"ReadAction\",\"target\":[\"https:\\\/\\\/beta.hymach.it\\\/fr\\\/broyeurs\\\/tspa\\\/\"]}]},{\"@type\":\"ImageObject\",\"inLanguage\":\"fr-FR\",\"@id\":\"https:\\\/\\\/beta.hymach.it\\\/fr\\\/broyeurs\\\/tspa\\\/#primaryimage\",\"url\":\"https:\\\/\\\/beta.hymach.it\\\/wp-content\\\/uploads\\\/2018\\\/05\\\/Trinciatrici-TSPA.jpg\",\"contentUrl\":\"https:\\\/\\\/beta.hymach.it\\\/wp-content\\\/uploads\\\/2018\\\/05\\\/Trinciatrici-TSPA.jpg\",\"width\":500,\"height\":341},{\"@type\":\"BreadcrumbList\",\"@id\":\"https:\\\/\\\/beta.hymach.it\\\/fr\\\/broyeurs\\\/tspa\\\/#breadcrumb\",\"itemListElement\":[{\"@type\":\"ListItem\",\"position\":1,\"name\":\"Home\",\"item\":\"https:\\\/\\\/beta.hymach.it\\\/fr\\\/\"},{\"@type\":\"ListItem\",\"position\":2,\"name\":\"Produits\",\"item\":\"https:\\\/\\\/beta.hymach.it\\\/fr\\\/produits\\\/\"},{\"@type\":\"ListItem\",\"position\":3,\"name\":\"Broyeurs Hymach\",\"item\":\"https:\\\/\\\/beta.hymach.it\\\/fr\\\/produits\\\/broyeurs\\\/\"},{\"@type\":\"ListItem\",\"position\":4,\"name\":\"Broyeur TSPA Hymach\"}]},{\"@type\":\"WebSite\",\"@id\":\"https:\\\/\\\/beta.hymach.it\\\/fr\\\/#website\",\"url\":\"https:\\\/\\\/beta.hymach.it\\\/fr\\\/\",\"name\":\"Hymach\",\"description\":\"Macchine per la manutenzione del verde\",\"publisher\":{\"@id\":\"https:\\\/\\\/beta.hymach.it\\\/fr\\\/#organization\"},\"potentialAction\":[{\"@type\":\"SearchAction\",\"target\":{\"@type\":\"EntryPoint\",\"urlTemplate\":\"https:\\\/\\\/beta.hymach.it\\\/fr\\\/?s={search_term_string}\"},\"query-input\":{\"@type\":\"PropertyValueSpecification\",\"valueRequired\":true,\"valueName\":\"search_term_string\"}}],\"inLanguage\":\"fr-FR\"},{\"@type\":\"Organization\",\"@id\":\"https:\\\/\\\/beta.hymach.it\\\/fr\\\/#organization\",\"name\":\"Hymach\",\"url\":\"https:\\\/\\\/beta.hymach.it\\\/fr\\\/\",\"logo\":{\"@type\":\"ImageObject\",\"inLanguage\":\"fr-FR\",\"@id\":\"https:\\\/\\\/beta.hymach.it\\\/fr\\\/#\\\/schema\\\/logo\\\/image\\\/\",\"url\":\"https:\\\/\\\/beta.hymach.it\\\/wp-content\\\/uploads\\\/2024\\\/08\\\/hymach_logo_2026.svg\",\"contentUrl\":\"https:\\\/\\\/beta.hymach.it\\\/wp-content\\\/uploads\\\/2024\\\/08\\\/hymach_logo_2026.svg\",\"width\":777,\"height\":88,\"caption\":\"Hymach\"},\"image\":{\"@id\":\"https:\\\/\\\/beta.hymach.it\\\/fr\\\/#\\\/schema\\\/logo\\\/image\\\/\"}}]}<\/script>\n<!-- \/ Yoast SEO plugin. -->","yoast_head_json":{"title":"Broyeur TSPA Hymach pour l'entretien du vert","description":"Le broyeur TSPA Hymach est une machine pour l'entretien du vert,haut de gamme, avec une largeur de coupe utile de 150 et 200 cm.","robots":{"index":"noindex","follow":"follow","max-snippet":"max-snippet:-1","max-image-preview":"max-image-preview:large","max-video-preview":"max-video-preview:-1"},"og_locale":"fr_FR","og_type":"article","og_title":"Broyeur TSPA Hymach pour l'entretien du vert","og_description":"Le broyeur TSPA Hymach est une machine pour l'entretien du vert,haut de gamme, avec une largeur de coupe utile de 150 et 200 cm.","og_url":"https:\/\/beta.hymach.it\/fr\/broyeurs\/tspa\/","og_site_name":"Hymach","article_modified_time":"2025-02-12T16:23:40+00:00","og_image":[{"width":500,"height":341,"url":"https:\/\/beta.hymach.it\/wp-content\/uploads\/2018\/05\/Trinciatrici-TSPA.jpg","type":"image\/jpeg"}],"twitter_misc":{"Est. reading time":"1 minute"},"schema":{"@context":"https:\/\/schema.org","@graph":[{"@type":"WebPage","@id":"https:\/\/beta.hymach.it\/fr\/broyeurs\/tspa\/","url":"https:\/\/beta.hymach.it\/fr\/broyeurs\/tspa\/","name":"Broyeur TSPA Hymach pour l'entretien du vert","isPartOf":{"@id":"https:\/\/beta.hymach.it\/fr\/#website"},"primaryImageOfPage":{"@id":"https:\/\/beta.hymach.it\/fr\/broyeurs\/tspa\/#primaryimage"},"image":{"@id":"https:\/\/beta.hymach.it\/fr\/broyeurs\/tspa\/#primaryimage"},"thumbnailUrl":"https:\/\/beta.hymach.it\/wp-content\/uploads\/2018\/05\/Trinciatrici-TSPA.jpg","datePublished":"2014-02-13T14:57:18+00:00","dateModified":"2025-02-12T16:23:40+00:00","description":"Le broyeur TSPA Hymach est une machine pour l'entretien du vert,haut de gamme, avec une largeur de coupe utile de 150 et 200 cm.","breadcrumb":{"@id":"https:\/\/beta.hymach.it\/fr\/broyeurs\/tspa\/#breadcrumb"},"inLanguage":"fr-FR","potentialAction":[{"@type":"ReadAction","target":["https:\/\/beta.hymach.it\/fr\/broyeurs\/tspa\/"]}]},{"@type":"ImageObject","inLanguage":"fr-FR","@id":"https:\/\/beta.hymach.it\/fr\/broyeurs\/tspa\/#primaryimage","url":"https:\/\/beta.hymach.it\/wp-content\/uploads\/2018\/05\/Trinciatrici-TSPA.jpg","contentUrl":"https:\/\/beta.hymach.it\/wp-content\/uploads\/2018\/05\/Trinciatrici-TSPA.jpg","width":500,"height":341},{"@type":"BreadcrumbList","@id":"https:\/\/beta.hymach.it\/fr\/broyeurs\/tspa\/#breadcrumb","itemListElement":[{"@type":"ListItem","position":1,"name":"Home","item":"https:\/\/beta.hymach.it\/fr\/"},{"@type":"ListItem","position":2,"name":"Produits","item":"https:\/\/beta.hymach.it\/fr\/produits\/"},{"@type":"ListItem","position":3,"name":"Broyeurs Hymach","item":"https:\/\/beta.hymach.it\/fr\/produits\/broyeurs\/"},{"@type":"ListItem","position":4,"name":"Broyeur TSPA Hymach"}]},{"@type":"WebSite","@id":"https:\/\/beta.hymach.it\/fr\/#website","url":"https:\/\/beta.hymach.it\/fr\/","name":"Hymach","description":"Macchine per la manutenzione del verde","publisher":{"@id":"https:\/\/beta.hymach.it\/fr\/#organization"},"potentialAction":[{"@type":"SearchAction","target":{"@type":"EntryPoint","urlTemplate":"https:\/\/beta.hymach.it\/fr\/?s={search_term_string}"},"query-input":{"@type":"PropertyValueSpecification","valueRequired":true,"valueName":"search_term_string"}}],"inLanguage":"fr-FR"},{"@type":"Organization","@id":"https:\/\/beta.hymach.it\/fr\/#organization","name":"Hymach","url":"https:\/\/beta.hymach.it\/fr\/","logo":{"@type":"ImageObject","inLanguage":"fr-FR","@id":"https:\/\/beta.hymach.it\/fr\/#\/schema\/logo\/image\/","url":"https:\/\/beta.hymach.it\/wp-content\/uploads\/2024\/08\/hymach_logo_2026.svg","contentUrl":"https:\/\/beta.hymach.it\/wp-content\/uploads\/2024\/08\/hymach_logo_2026.svg","width":777,"height":88,"caption":"Hymach"},"image":{"@id":"https:\/\/beta.hymach.it\/fr\/#\/schema\/logo\/image\/"}}]}},"_links":{"self":[{"href":"https:\/\/beta.hymach.it\/fr\/wp-json\/wp\/v2\/pages\/4385","targetHints":{"allow":["GET"]}}],"collection":[{"href":"https:\/\/beta.hymach.it\/fr\/wp-json\/wp\/v2\/pages"}],"about":[{"href":"https:\/\/beta.hymach.it\/fr\/wp-json\/wp\/v2\/types\/page"}],"author":[{"embeddable":true,"href":"https:\/\/beta.hymach.it\/fr\/wp-json\/wp\/v2\/users\/1"}],"replies":[{"embeddable":true,"href":"https:\/\/beta.hymach.it\/fr\/wp-json\/wp\/v2\/comments?post=4385"}],"version-history":[{"count":4,"href":"https:\/\/beta.hymach.it\/fr\/wp-json\/wp\/v2\/pages\/4385\/revisions"}],"predecessor-version":[{"id":11214,"href":"https:\/\/beta.hymach.it\/fr\/wp-json\/wp\/v2\/pages\/4385\/revisions\/11214"}],"up":[{"embeddable":true,"href":"https:\/\/beta.hymach.it\/fr\/wp-json\/wp\/v2\/pages\/4326"}],"wp:featuredmedia":[{"embeddable":true,"href":"https:\/\/beta.hymach.it\/fr\/wp-json\/wp\/v2\/media\/3312"}],"wp:attachment":[{"href":"https:\/\/beta.hymach.it\/fr\/wp-json\/wp\/v2\/media?parent=4385"}],"wp:term":[{"taxonomy":"category","embeddable":true,"href":"https:\/\/beta.hymach.it\/fr\/wp-json\/wp\/v2\/categories?post=4385"},{"taxonomy":"sector","embeddable":true,"href":"https:\/\/beta.hymach.it\/fr\/wp-json\/wp\/v2\/sector?post=4385"},{"taxonomy":"carrier","embeddable":true,"href":"https:\/\/beta.hymach.it\/fr\/wp-json\/wp\/v2\/carrier?post=4385"},{"taxonomy":"cat-page","embeddable":true,"href":"https:\/\/beta.hymach.it\/fr\/wp-json\/wp\/v2\/cat-page?post=4385"},{"taxonomy":"product-category","embeddable":true,"href":"https:\/\/beta.hymach.it\/fr\/wp-json\/wp\/v2\/product-category?post=4385"}],"curies":[{"name":"wp","href":"https:\/\/api.w.org\/{rel}","templated":true}]}}