{"id":4427,"date":"2012-08-28T09:13:03","date_gmt":"2012-08-28T07:13:03","guid":{"rendered":"https:\/\/www.hymach.it\/produits\/pulizia-pannelli-fotovoltaici\/"},"modified":"2025-02-13T14:56:38","modified_gmt":"2025-02-13T13:56:38","slug":"machines-de-nettoyage","status":"publish","type":"page","link":"https:\/\/beta.hymach.it\/fr\/produits\/machines-de-nettoyage\/","title":{"rendered":"Machines de nettoyage de panneaux solaires et de barri\u00e8res routi\u00e8res"},"content":{"rendered":"<p>La solide exp\u00e9rience de Hymach des machines de manutention hydrauliques a donn\u00e9 naissance \u00e0 des \u00e9quipements pour le <strong> lavage des panneaux photovolta\u00efques <\/strong> et des barri\u00e8res de s\u00e9curit\u00e9 ainsi que pour la r\u00e9g\u00e9n\u00e9ration des garde-corps en bois.<\/p>\n\n\n<h2 class=\"wp-block-heading\">Solarclean\u00ae: nettoyage professionnel des panneaux et des barri\u00e8res<\/h2>\n\n\n\n<p>La pollution caus\u00e9e par les agents atmosph\u00e9riques, les fum\u00e9es des activit\u00e9s de production, les d\u00e9chets organiques cristallis\u00e9s, les insectes, entra\u00eenent une diminution progressive de l&#8217;efficacit\u00e9 et du rendement \u00e9nerg\u00e9tique des <strong>panneaux photovolta\u00efques<\/strong>, variable selon les situations environnementales et locales. <strong>SolarClean\u00ae<\/strong> est une solution professionnelle qui vous permet de nettoyer parfaitement vos panneaux photovolta\u00efques rapidement et en toute s\u00e9curit\u00e9.<\/p>\n\n\n\n<p>Pour les parcs photovolta\u00efques, Hymach a produit et test\u00e9, obtenant les r\u00e9sultats souhait\u00e9s en termes d&#8217;efficacit\u00e9 et d&#8217;efficience, <strong>SolarClean\u00ae <\/strong>\u00e0 travers un kit de nettoyage de panneaux photovolta\u00efques compos\u00e9 de brosses rotatives \u00e0 appliquer sur les v\u00e9hicules automoteurs et les tracteurs agricoles.<\/p>\n\n\n\n<h2 class=\"wp-block-heading\">Entretien et nettoyage professionnel des glissi\u00e8res de s\u00e9curit\u00e9 routi\u00e8re<\/h2>\n\n\n\n<p>La machine professionnelle SolarClean\u00ae convient \u00e9galement \u00e0 l&#8217;<strong>entretien et au nettoyage professionnels des barri\u00e8res routi\u00e8res<\/strong>, au lavage des parapets routiers, des garde-corps, des panneaux, des murs en b\u00e9ton, des tunnels routiers.<\/p>\n\n\n\n<p>Il suffit de remplacer l&#8217;unit\u00e9 de nettoyage, gr\u00e2ce aux articulations des bras, pour transformer <strong>SolarClean\u00ae<\/strong> en une machine professionnelle de nettoyage de panneaux insonorisants install\u00e9s le long des rocades ou des routes \u00e0 fort trafic. Le nettoyage professionnel des tunnels routiers contribue \u00e0 pr\u00e9server la valeur des constructions de tunnels et augmente la s\u00e9curit\u00e9 du trafic urbain.<\/p>\n","protected":false},"excerpt":{"rendered":"<p>La solide exp\u00e9rience de Hymach des machines de manutention hydrauliques a donn\u00e9 naissance \u00e0 des \u00e9quipements pour le lavage des panneaux photovolta\u00efques et des barri\u00e8res de s\u00e9curit\u00e9 ainsi que pour la r\u00e9g\u00e9n\u00e9ration des garde-corps en bois. Solarclean\u00ae: nettoyage professionnel des panneaux et des barri\u00e8res La pollution caus\u00e9e par les agents atmosph\u00e9riques, les fum\u00e9es des activit\u00e9s [&hellip;]<\/p>\n","protected":false},"author":1,"featured_media":3588,"parent":2147,"menu_order":383,"comment_status":"closed","ping_status":"closed","template":"","meta":{"_acf_changed":false,"footnotes":""},"categories":[],"sector":[],"carrier":[],"cat-page":[],"product-category":[],"class_list":["post-4427","page","type-page","status-publish","has-post-thumbnail","hentry"],"acf":[],"yoast_head":"<!-- This site is optimized with the Yoast SEO plugin v27.5 - https:\/\/yoast.com\/product\/yoast-seo-wordpress\/ -->\n<title>Machines de nettoyage Hymach<\/title>\n<meta name=\"description\" content=\"Les machines de nettoyage Hymach sont sp\u00e9cialis\u00e9s dans le nettoyage de panneaux photovolta\u00efques et dans la r\u00e9g\u00e9n\u00e9ration et les garde-corps en bois.\" \/>\n<meta name=\"robots\" content=\"noindex, follow, max-snippet:-1, max-image-preview:large, max-video-preview:-1\" \/>\n<meta property=\"og:locale\" content=\"fr_FR\" \/>\n<meta property=\"og:type\" content=\"article\" \/>\n<meta property=\"og:title\" content=\"Machines de nettoyage Hymach\" \/>\n<meta property=\"og:description\" content=\"Les machines de nettoyage Hymach sont sp\u00e9cialis\u00e9s dans le nettoyage de panneaux photovolta\u00efques et dans la r\u00e9g\u00e9n\u00e9ration et les garde-corps en bois.\" \/>\n<meta property=\"og:url\" content=\"https:\/\/beta.hymach.it\/fr\/produits\/machines-de-nettoyage\/\" \/>\n<meta property=\"og:site_name\" content=\"Hymach\" \/>\n<meta property=\"article:modified_time\" content=\"2025-02-13T13:56:38+00:00\" \/>\n<meta property=\"og:image\" content=\"https:\/\/beta.hymach.it\/wp-content\/uploads\/2018\/09\/SolarcleanPro.jpg\" \/>\n\t<meta property=\"og:image:width\" content=\"1920\" \/>\n\t<meta property=\"og:image:height\" content=\"1474\" \/>\n\t<meta property=\"og:image:type\" content=\"image\/jpeg\" \/>\n<meta name=\"twitter:label1\" content=\"Est. reading time\" \/>\n\t<meta name=\"twitter:data1\" content=\"2 minutes\" \/>\n<script type=\"application\/ld+json\" class=\"yoast-schema-graph\">{\"@context\":\"https:\\\/\\\/schema.org\",\"@graph\":[{\"@type\":\"WebPage\",\"@id\":\"https:\\\/\\\/beta.hymach.it\\\/fr\\\/produits\\\/machines-de-nettoyage\\\/\",\"url\":\"https:\\\/\\\/beta.hymach.it\\\/fr\\\/produits\\\/machines-de-nettoyage\\\/\",\"name\":\"Machines de nettoyage Hymach\",\"isPartOf\":{\"@id\":\"https:\\\/\\\/beta.hymach.it\\\/fr\\\/#website\"},\"primaryImageOfPage\":{\"@id\":\"https:\\\/\\\/beta.hymach.it\\\/fr\\\/produits\\\/machines-de-nettoyage\\\/#primaryimage\"},\"image\":{\"@id\":\"https:\\\/\\\/beta.hymach.it\\\/fr\\\/produits\\\/machines-de-nettoyage\\\/#primaryimage\"},\"thumbnailUrl\":\"https:\\\/\\\/beta.hymach.it\\\/wp-content\\\/uploads\\\/2018\\\/09\\\/SolarcleanPro.jpg\",\"datePublished\":\"2012-08-28T07:13:03+00:00\",\"dateModified\":\"2025-02-13T13:56:38+00:00\",\"description\":\"Les machines de nettoyage Hymach sont sp\u00e9cialis\u00e9s dans le nettoyage de panneaux photovolta\u00efques et dans la r\u00e9g\u00e9n\u00e9ration et les garde-corps en bois.\",\"breadcrumb\":{\"@id\":\"https:\\\/\\\/beta.hymach.it\\\/fr\\\/produits\\\/machines-de-nettoyage\\\/#breadcrumb\"},\"inLanguage\":\"fr-FR\",\"potentialAction\":[{\"@type\":\"ReadAction\",\"target\":[\"https:\\\/\\\/beta.hymach.it\\\/fr\\\/produits\\\/machines-de-nettoyage\\\/\"]}]},{\"@type\":\"ImageObject\",\"inLanguage\":\"fr-FR\",\"@id\":\"https:\\\/\\\/beta.hymach.it\\\/fr\\\/produits\\\/machines-de-nettoyage\\\/#primaryimage\",\"url\":\"https:\\\/\\\/beta.hymach.it\\\/wp-content\\\/uploads\\\/2018\\\/09\\\/SolarcleanPro.jpg\",\"contentUrl\":\"https:\\\/\\\/beta.hymach.it\\\/wp-content\\\/uploads\\\/2018\\\/09\\\/SolarcleanPro.jpg\",\"width\":1920,\"height\":1474},{\"@type\":\"BreadcrumbList\",\"@id\":\"https:\\\/\\\/beta.hymach.it\\\/fr\\\/produits\\\/machines-de-nettoyage\\\/#breadcrumb\",\"itemListElement\":[{\"@type\":\"ListItem\",\"position\":1,\"name\":\"Home\",\"item\":\"https:\\\/\\\/beta.hymach.it\\\/fr\\\/\"},{\"@type\":\"ListItem\",\"position\":2,\"name\":\"Produits\",\"item\":\"https:\\\/\\\/beta.hymach.it\\\/fr\\\/produits\\\/\"},{\"@type\":\"ListItem\",\"position\":3,\"name\":\"Machines de nettoyage de panneaux solaires et de barri\u00e8res routi\u00e8res\"}]},{\"@type\":\"WebSite\",\"@id\":\"https:\\\/\\\/beta.hymach.it\\\/fr\\\/#website\",\"url\":\"https:\\\/\\\/beta.hymach.it\\\/fr\\\/\",\"name\":\"Hymach\",\"description\":\"Macchine per la manutenzione del verde\",\"publisher\":{\"@id\":\"https:\\\/\\\/beta.hymach.it\\\/fr\\\/#organization\"},\"potentialAction\":[{\"@type\":\"SearchAction\",\"target\":{\"@type\":\"EntryPoint\",\"urlTemplate\":\"https:\\\/\\\/beta.hymach.it\\\/fr\\\/?s={search_term_string}\"},\"query-input\":{\"@type\":\"PropertyValueSpecification\",\"valueRequired\":true,\"valueName\":\"search_term_string\"}}],\"inLanguage\":\"fr-FR\"},{\"@type\":\"Organization\",\"@id\":\"https:\\\/\\\/beta.hymach.it\\\/fr\\\/#organization\",\"name\":\"Hymach\",\"url\":\"https:\\\/\\\/beta.hymach.it\\\/fr\\\/\",\"logo\":{\"@type\":\"ImageObject\",\"inLanguage\":\"fr-FR\",\"@id\":\"https:\\\/\\\/beta.hymach.it\\\/fr\\\/#\\\/schema\\\/logo\\\/image\\\/\",\"url\":\"https:\\\/\\\/beta.hymach.it\\\/wp-content\\\/uploads\\\/2024\\\/08\\\/hymach_logo_2026.svg\",\"contentUrl\":\"https:\\\/\\\/beta.hymach.it\\\/wp-content\\\/uploads\\\/2024\\\/08\\\/hymach_logo_2026.svg\",\"width\":777,\"height\":88,\"caption\":\"Hymach\"},\"image\":{\"@id\":\"https:\\\/\\\/beta.hymach.it\\\/fr\\\/#\\\/schema\\\/logo\\\/image\\\/\"}}]}<\/script>\n<!-- \/ Yoast SEO plugin. -->","yoast_head_json":{"title":"Machines de nettoyage Hymach","description":"Les machines de nettoyage Hymach sont sp\u00e9cialis\u00e9s dans le nettoyage de panneaux photovolta\u00efques et dans la r\u00e9g\u00e9n\u00e9ration et les garde-corps en bois.","robots":{"index":"noindex","follow":"follow","max-snippet":"max-snippet:-1","max-image-preview":"max-image-preview:large","max-video-preview":"max-video-preview:-1"},"og_locale":"fr_FR","og_type":"article","og_title":"Machines de nettoyage Hymach","og_description":"Les machines de nettoyage Hymach sont sp\u00e9cialis\u00e9s dans le nettoyage de panneaux photovolta\u00efques et dans la r\u00e9g\u00e9n\u00e9ration et les garde-corps en bois.","og_url":"https:\/\/beta.hymach.it\/fr\/produits\/machines-de-nettoyage\/","og_site_name":"Hymach","article_modified_time":"2025-02-13T13:56:38+00:00","og_image":[{"width":1920,"height":1474,"url":"https:\/\/beta.hymach.it\/wp-content\/uploads\/2018\/09\/SolarcleanPro.jpg","type":"image\/jpeg"}],"twitter_misc":{"Est. reading time":"2 minutes"},"schema":{"@context":"https:\/\/schema.org","@graph":[{"@type":"WebPage","@id":"https:\/\/beta.hymach.it\/fr\/produits\/machines-de-nettoyage\/","url":"https:\/\/beta.hymach.it\/fr\/produits\/machines-de-nettoyage\/","name":"Machines de nettoyage Hymach","isPartOf":{"@id":"https:\/\/beta.hymach.it\/fr\/#website"},"primaryImageOfPage":{"@id":"https:\/\/beta.hymach.it\/fr\/produits\/machines-de-nettoyage\/#primaryimage"},"image":{"@id":"https:\/\/beta.hymach.it\/fr\/produits\/machines-de-nettoyage\/#primaryimage"},"thumbnailUrl":"https:\/\/beta.hymach.it\/wp-content\/uploads\/2018\/09\/SolarcleanPro.jpg","datePublished":"2012-08-28T07:13:03+00:00","dateModified":"2025-02-13T13:56:38+00:00","description":"Les machines de nettoyage Hymach sont sp\u00e9cialis\u00e9s dans le nettoyage de panneaux photovolta\u00efques et dans la r\u00e9g\u00e9n\u00e9ration et les garde-corps en bois.","breadcrumb":{"@id":"https:\/\/beta.hymach.it\/fr\/produits\/machines-de-nettoyage\/#breadcrumb"},"inLanguage":"fr-FR","potentialAction":[{"@type":"ReadAction","target":["https:\/\/beta.hymach.it\/fr\/produits\/machines-de-nettoyage\/"]}]},{"@type":"ImageObject","inLanguage":"fr-FR","@id":"https:\/\/beta.hymach.it\/fr\/produits\/machines-de-nettoyage\/#primaryimage","url":"https:\/\/beta.hymach.it\/wp-content\/uploads\/2018\/09\/SolarcleanPro.jpg","contentUrl":"https:\/\/beta.hymach.it\/wp-content\/uploads\/2018\/09\/SolarcleanPro.jpg","width":1920,"height":1474},{"@type":"BreadcrumbList","@id":"https:\/\/beta.hymach.it\/fr\/produits\/machines-de-nettoyage\/#breadcrumb","itemListElement":[{"@type":"ListItem","position":1,"name":"Home","item":"https:\/\/beta.hymach.it\/fr\/"},{"@type":"ListItem","position":2,"name":"Produits","item":"https:\/\/beta.hymach.it\/fr\/produits\/"},{"@type":"ListItem","position":3,"name":"Machines de nettoyage de panneaux solaires et de barri\u00e8res routi\u00e8res"}]},{"@type":"WebSite","@id":"https:\/\/beta.hymach.it\/fr\/#website","url":"https:\/\/beta.hymach.it\/fr\/","name":"Hymach","description":"Macchine per la manutenzione del verde","publisher":{"@id":"https:\/\/beta.hymach.it\/fr\/#organization"},"potentialAction":[{"@type":"SearchAction","target":{"@type":"EntryPoint","urlTemplate":"https:\/\/beta.hymach.it\/fr\/?s={search_term_string}"},"query-input":{"@type":"PropertyValueSpecification","valueRequired":true,"valueName":"search_term_string"}}],"inLanguage":"fr-FR"},{"@type":"Organization","@id":"https:\/\/beta.hymach.it\/fr\/#organization","name":"Hymach","url":"https:\/\/beta.hymach.it\/fr\/","logo":{"@type":"ImageObject","inLanguage":"fr-FR","@id":"https:\/\/beta.hymach.it\/fr\/#\/schema\/logo\/image\/","url":"https:\/\/beta.hymach.it\/wp-content\/uploads\/2024\/08\/hymach_logo_2026.svg","contentUrl":"https:\/\/beta.hymach.it\/wp-content\/uploads\/2024\/08\/hymach_logo_2026.svg","width":777,"height":88,"caption":"Hymach"},"image":{"@id":"https:\/\/beta.hymach.it\/fr\/#\/schema\/logo\/image\/"}}]}},"_links":{"self":[{"href":"https:\/\/beta.hymach.it\/fr\/wp-json\/wp\/v2\/pages\/4427","targetHints":{"allow":["GET"]}}],"collection":[{"href":"https:\/\/beta.hymach.it\/fr\/wp-json\/wp\/v2\/pages"}],"about":[{"href":"https:\/\/beta.hymach.it\/fr\/wp-json\/wp\/v2\/types\/page"}],"author":[{"embeddable":true,"href":"https:\/\/beta.hymach.it\/fr\/wp-json\/wp\/v2\/users\/1"}],"replies":[{"embeddable":true,"href":"https:\/\/beta.hymach.it\/fr\/wp-json\/wp\/v2\/comments?post=4427"}],"version-history":[{"count":6,"href":"https:\/\/beta.hymach.it\/fr\/wp-json\/wp\/v2\/pages\/4427\/revisions"}],"predecessor-version":[{"id":11405,"href":"https:\/\/beta.hymach.it\/fr\/wp-json\/wp\/v2\/pages\/4427\/revisions\/11405"}],"up":[{"embeddable":true,"href":"https:\/\/beta.hymach.it\/fr\/wp-json\/wp\/v2\/pages\/2147"}],"wp:featuredmedia":[{"embeddable":true,"href":"https:\/\/beta.hymach.it\/fr\/wp-json\/wp\/v2\/media\/3588"}],"wp:attachment":[{"href":"https:\/\/beta.hymach.it\/fr\/wp-json\/wp\/v2\/media?parent=4427"}],"wp:term":[{"taxonomy":"category","embeddable":true,"href":"https:\/\/beta.hymach.it\/fr\/wp-json\/wp\/v2\/categories?post=4427"},{"taxonomy":"sector","embeddable":true,"href":"https:\/\/beta.hymach.it\/fr\/wp-json\/wp\/v2\/sector?post=4427"},{"taxonomy":"carrier","embeddable":true,"href":"https:\/\/beta.hymach.it\/fr\/wp-json\/wp\/v2\/carrier?post=4427"},{"taxonomy":"cat-page","embeddable":true,"href":"https:\/\/beta.hymach.it\/fr\/wp-json\/wp\/v2\/cat-page?post=4427"},{"taxonomy":"product-category","embeddable":true,"href":"https:\/\/beta.hymach.it\/fr\/wp-json\/wp\/v2\/product-category?post=4427"}],"curies":[{"name":"wp","href":"https:\/\/api.w.org\/{rel}","templated":true}]}}