{"id":4439,"date":"2018-05-02T15:24:26","date_gmt":"2018-05-02T13:24:26","guid":{"rendered":"https:\/\/www.hymach.it\/produits\/nettoyeuses\/pulitrice-guard-rail-woody\/"},"modified":"2025-02-12T17:15:20","modified_gmt":"2025-02-12T16:15:20","slug":"woody","status":"publish","type":"page","link":"https:\/\/beta.hymach.it\/fr\/produits\/machines-de-nettoyage\/woody\/","title":{"rendered":"Woody Hymach"},"content":{"rendered":"<p><strong>WOODY<\/strong>, la <strong>machine pour nettoyer les glissi\u00e8res de s\u00e9curit\u00e9 en bois<\/strong>, travaille elle aussi avec des brosses rotatives. Les brosses d\u00e9tachent doucement la couche qui s\u2019est d\u00e9pos\u00e9e sur le bois, qui peut ensuite \u00eatre trait\u00e9 pour redonner \u00e0 la glissi\u00e8re son aspect original. Les \u00e9l\u00e9ments d\u00e9tach\u00e9s sont aspir\u00e9s de mani\u00e8re \u00e0 ne pas disperser de poussi\u00e8re dans l\u2019air. La machine peut \u00eatre appliqu\u00e9e \u00e0 n\u2019importe quel moyen automoteur qui la supporte.<\/p>\n","protected":false},"excerpt":{"rendered":"<p>WOODY, la machine pour nettoyer les glissi\u00e8res de s\u00e9curit\u00e9 en bois, travaille elle aussi avec des brosses rotatives. Les brosses d\u00e9tachent doucement la couche qui s\u2019est d\u00e9pos\u00e9e sur le bois, qui peut ensuite \u00eatre trait\u00e9 pour redonner \u00e0 la glissi\u00e8re son aspect original. Les \u00e9l\u00e9ments d\u00e9tach\u00e9s sont aspir\u00e9s de mani\u00e8re \u00e0 ne pas disperser de [&hellip;]<\/p>\n","protected":false},"author":1,"featured_media":3352,"parent":4427,"menu_order":396,"comment_status":"closed","ping_status":"closed","template":"","meta":{"_acf_changed":false,"footnotes":""},"categories":[],"sector":[],"carrier":[],"cat-page":[],"product-category":[143,149],"class_list":["post-4439","page","type-page","status-publish","has-post-thumbnail","hentry","product-category-bras-de-tondeuse-aspirants","product-category-machines-de-nettoyage-de-panneaux-solaires"],"acf":[],"yoast_head":"<!-- This site is optimized with the Yoast SEO plugin v27.4 - https:\/\/yoast.com\/product\/yoast-seo-wordpress\/ -->\n<title>Woody Hymach: machine pour nettoyer les glissi\u00e8res de s\u00e9curit\u00e9 en bois<\/title>\n<meta name=\"description\" content=\"Le nettoyeur Hymach Woody est la machine \u00e0 brosses rotatives pour nettoyer les glissi\u00e8res de s\u00e9curit\u00e9 en bois.\" \/>\n<meta name=\"robots\" content=\"noindex, follow, max-snippet:-1, max-image-preview:large, max-video-preview:-1\" \/>\n<meta property=\"og:locale\" content=\"fr_FR\" \/>\n<meta property=\"og:type\" content=\"article\" \/>\n<meta property=\"og:title\" content=\"Woody Hymach: machine pour nettoyer les glissi\u00e8res de s\u00e9curit\u00e9 en bois\" \/>\n<meta property=\"og:description\" content=\"Le nettoyeur Hymach Woody est la machine \u00e0 brosses rotatives pour nettoyer les glissi\u00e8res de s\u00e9curit\u00e9 en bois.\" \/>\n<meta property=\"og:url\" content=\"https:\/\/beta.hymach.it\/fr\/produits\/machines-de-nettoyage\/woody\/\" \/>\n<meta property=\"og:site_name\" content=\"Hymach\" \/>\n<meta property=\"article:modified_time\" content=\"2025-02-12T16:15:20+00:00\" \/>\n<meta property=\"og:image\" content=\"https:\/\/beta.hymach.it\/wp-content\/uploads\/2018\/05\/pulitrici-Woody.jpg\" \/>\n\t<meta property=\"og:image:width\" content=\"500\" \/>\n\t<meta property=\"og:image:height\" content=\"605\" \/>\n\t<meta property=\"og:image:type\" content=\"image\/jpeg\" \/>\n<meta name=\"twitter:label1\" content=\"Est. reading time\" \/>\n\t<meta name=\"twitter:data1\" content=\"1 minute\" \/>\n<script type=\"application\/ld+json\" class=\"yoast-schema-graph\">{\"@context\":\"https:\\\/\\\/schema.org\",\"@graph\":[{\"@type\":\"WebPage\",\"@id\":\"https:\\\/\\\/beta.hymach.it\\\/fr\\\/produits\\\/machines-de-nettoyage\\\/woody\\\/\",\"url\":\"https:\\\/\\\/beta.hymach.it\\\/fr\\\/produits\\\/machines-de-nettoyage\\\/woody\\\/\",\"name\":\"Woody Hymach: machine pour nettoyer les glissi\u00e8res de s\u00e9curit\u00e9 en bois\",\"isPartOf\":{\"@id\":\"https:\\\/\\\/beta.hymach.it\\\/fr\\\/#website\"},\"primaryImageOfPage\":{\"@id\":\"https:\\\/\\\/beta.hymach.it\\\/fr\\\/produits\\\/machines-de-nettoyage\\\/woody\\\/#primaryimage\"},\"image\":{\"@id\":\"https:\\\/\\\/beta.hymach.it\\\/fr\\\/produits\\\/machines-de-nettoyage\\\/woody\\\/#primaryimage\"},\"thumbnailUrl\":\"https:\\\/\\\/beta.hymach.it\\\/wp-content\\\/uploads\\\/2018\\\/05\\\/pulitrici-Woody.jpg\",\"datePublished\":\"2018-05-02T13:24:26+00:00\",\"dateModified\":\"2025-02-12T16:15:20+00:00\",\"description\":\"Le nettoyeur Hymach Woody est la machine \u00e0 brosses rotatives pour nettoyer les glissi\u00e8res de s\u00e9curit\u00e9 en bois.\",\"breadcrumb\":{\"@id\":\"https:\\\/\\\/beta.hymach.it\\\/fr\\\/produits\\\/machines-de-nettoyage\\\/woody\\\/#breadcrumb\"},\"inLanguage\":\"fr-FR\",\"potentialAction\":[{\"@type\":\"ReadAction\",\"target\":[\"https:\\\/\\\/beta.hymach.it\\\/fr\\\/produits\\\/machines-de-nettoyage\\\/woody\\\/\"]}]},{\"@type\":\"ImageObject\",\"inLanguage\":\"fr-FR\",\"@id\":\"https:\\\/\\\/beta.hymach.it\\\/fr\\\/produits\\\/machines-de-nettoyage\\\/woody\\\/#primaryimage\",\"url\":\"https:\\\/\\\/beta.hymach.it\\\/wp-content\\\/uploads\\\/2018\\\/05\\\/pulitrici-Woody.jpg\",\"contentUrl\":\"https:\\\/\\\/beta.hymach.it\\\/wp-content\\\/uploads\\\/2018\\\/05\\\/pulitrici-Woody.jpg\",\"width\":500,\"height\":605,\"caption\":\"Woody Hymach\"},{\"@type\":\"BreadcrumbList\",\"@id\":\"https:\\\/\\\/beta.hymach.it\\\/fr\\\/produits\\\/machines-de-nettoyage\\\/woody\\\/#breadcrumb\",\"itemListElement\":[{\"@type\":\"ListItem\",\"position\":1,\"name\":\"Home\",\"item\":\"https:\\\/\\\/beta.hymach.it\\\/fr\\\/\"},{\"@type\":\"ListItem\",\"position\":2,\"name\":\"Produits\",\"item\":\"https:\\\/\\\/beta.hymach.it\\\/fr\\\/produits\\\/\"},{\"@type\":\"ListItem\",\"position\":3,\"name\":\"Machines de nettoyage de panneaux solaires et de barri\u00e8res routi\u00e8res\",\"item\":\"https:\\\/\\\/beta.hymach.it\\\/fr\\\/produits\\\/machines-de-nettoyage\\\/\"},{\"@type\":\"ListItem\",\"position\":4,\"name\":\"Woody Hymach\"}]},{\"@type\":\"WebSite\",\"@id\":\"https:\\\/\\\/beta.hymach.it\\\/fr\\\/#website\",\"url\":\"https:\\\/\\\/beta.hymach.it\\\/fr\\\/\",\"name\":\"Hymach\",\"description\":\"Macchine per la manutenzione del verde\",\"publisher\":{\"@id\":\"https:\\\/\\\/beta.hymach.it\\\/fr\\\/#organization\"},\"potentialAction\":[{\"@type\":\"SearchAction\",\"target\":{\"@type\":\"EntryPoint\",\"urlTemplate\":\"https:\\\/\\\/beta.hymach.it\\\/fr\\\/?s={search_term_string}\"},\"query-input\":{\"@type\":\"PropertyValueSpecification\",\"valueRequired\":true,\"valueName\":\"search_term_string\"}}],\"inLanguage\":\"fr-FR\"},{\"@type\":\"Organization\",\"@id\":\"https:\\\/\\\/beta.hymach.it\\\/fr\\\/#organization\",\"name\":\"Hymach\",\"url\":\"https:\\\/\\\/beta.hymach.it\\\/fr\\\/\",\"logo\":{\"@type\":\"ImageObject\",\"inLanguage\":\"fr-FR\",\"@id\":\"https:\\\/\\\/beta.hymach.it\\\/fr\\\/#\\\/schema\\\/logo\\\/image\\\/\",\"url\":\"https:\\\/\\\/beta.hymach.it\\\/wp-content\\\/uploads\\\/2024\\\/08\\\/hymach_logo_2026.svg\",\"contentUrl\":\"https:\\\/\\\/beta.hymach.it\\\/wp-content\\\/uploads\\\/2024\\\/08\\\/hymach_logo_2026.svg\",\"width\":777,\"height\":88,\"caption\":\"Hymach\"},\"image\":{\"@id\":\"https:\\\/\\\/beta.hymach.it\\\/fr\\\/#\\\/schema\\\/logo\\\/image\\\/\"}}]}<\/script>\n<!-- \/ Yoast SEO plugin. -->","yoast_head_json":{"title":"Woody Hymach: machine pour nettoyer les glissi\u00e8res de s\u00e9curit\u00e9 en bois","description":"Le nettoyeur Hymach Woody est la machine \u00e0 brosses rotatives pour nettoyer les glissi\u00e8res de s\u00e9curit\u00e9 en bois.","robots":{"index":"noindex","follow":"follow","max-snippet":"max-snippet:-1","max-image-preview":"max-image-preview:large","max-video-preview":"max-video-preview:-1"},"og_locale":"fr_FR","og_type":"article","og_title":"Woody Hymach: machine pour nettoyer les glissi\u00e8res de s\u00e9curit\u00e9 en bois","og_description":"Le nettoyeur Hymach Woody est la machine \u00e0 brosses rotatives pour nettoyer les glissi\u00e8res de s\u00e9curit\u00e9 en bois.","og_url":"https:\/\/beta.hymach.it\/fr\/produits\/machines-de-nettoyage\/woody\/","og_site_name":"Hymach","article_modified_time":"2025-02-12T16:15:20+00:00","og_image":[{"width":500,"height":605,"url":"https:\/\/beta.hymach.it\/wp-content\/uploads\/2018\/05\/pulitrici-Woody.jpg","type":"image\/jpeg"}],"twitter_misc":{"Est. reading time":"1 minute"},"schema":{"@context":"https:\/\/schema.org","@graph":[{"@type":"WebPage","@id":"https:\/\/beta.hymach.it\/fr\/produits\/machines-de-nettoyage\/woody\/","url":"https:\/\/beta.hymach.it\/fr\/produits\/machines-de-nettoyage\/woody\/","name":"Woody Hymach: machine pour nettoyer les glissi\u00e8res de s\u00e9curit\u00e9 en bois","isPartOf":{"@id":"https:\/\/beta.hymach.it\/fr\/#website"},"primaryImageOfPage":{"@id":"https:\/\/beta.hymach.it\/fr\/produits\/machines-de-nettoyage\/woody\/#primaryimage"},"image":{"@id":"https:\/\/beta.hymach.it\/fr\/produits\/machines-de-nettoyage\/woody\/#primaryimage"},"thumbnailUrl":"https:\/\/beta.hymach.it\/wp-content\/uploads\/2018\/05\/pulitrici-Woody.jpg","datePublished":"2018-05-02T13:24:26+00:00","dateModified":"2025-02-12T16:15:20+00:00","description":"Le nettoyeur Hymach Woody est la machine \u00e0 brosses rotatives pour nettoyer les glissi\u00e8res de s\u00e9curit\u00e9 en bois.","breadcrumb":{"@id":"https:\/\/beta.hymach.it\/fr\/produits\/machines-de-nettoyage\/woody\/#breadcrumb"},"inLanguage":"fr-FR","potentialAction":[{"@type":"ReadAction","target":["https:\/\/beta.hymach.it\/fr\/produits\/machines-de-nettoyage\/woody\/"]}]},{"@type":"ImageObject","inLanguage":"fr-FR","@id":"https:\/\/beta.hymach.it\/fr\/produits\/machines-de-nettoyage\/woody\/#primaryimage","url":"https:\/\/beta.hymach.it\/wp-content\/uploads\/2018\/05\/pulitrici-Woody.jpg","contentUrl":"https:\/\/beta.hymach.it\/wp-content\/uploads\/2018\/05\/pulitrici-Woody.jpg","width":500,"height":605,"caption":"Woody Hymach"},{"@type":"BreadcrumbList","@id":"https:\/\/beta.hymach.it\/fr\/produits\/machines-de-nettoyage\/woody\/#breadcrumb","itemListElement":[{"@type":"ListItem","position":1,"name":"Home","item":"https:\/\/beta.hymach.it\/fr\/"},{"@type":"ListItem","position":2,"name":"Produits","item":"https:\/\/beta.hymach.it\/fr\/produits\/"},{"@type":"ListItem","position":3,"name":"Machines de nettoyage de panneaux solaires et de barri\u00e8res routi\u00e8res","item":"https:\/\/beta.hymach.it\/fr\/produits\/machines-de-nettoyage\/"},{"@type":"ListItem","position":4,"name":"Woody Hymach"}]},{"@type":"WebSite","@id":"https:\/\/beta.hymach.it\/fr\/#website","url":"https:\/\/beta.hymach.it\/fr\/","name":"Hymach","description":"Macchine per la manutenzione del verde","publisher":{"@id":"https:\/\/beta.hymach.it\/fr\/#organization"},"potentialAction":[{"@type":"SearchAction","target":{"@type":"EntryPoint","urlTemplate":"https:\/\/beta.hymach.it\/fr\/?s={search_term_string}"},"query-input":{"@type":"PropertyValueSpecification","valueRequired":true,"valueName":"search_term_string"}}],"inLanguage":"fr-FR"},{"@type":"Organization","@id":"https:\/\/beta.hymach.it\/fr\/#organization","name":"Hymach","url":"https:\/\/beta.hymach.it\/fr\/","logo":{"@type":"ImageObject","inLanguage":"fr-FR","@id":"https:\/\/beta.hymach.it\/fr\/#\/schema\/logo\/image\/","url":"https:\/\/beta.hymach.it\/wp-content\/uploads\/2024\/08\/hymach_logo_2026.svg","contentUrl":"https:\/\/beta.hymach.it\/wp-content\/uploads\/2024\/08\/hymach_logo_2026.svg","width":777,"height":88,"caption":"Hymach"},"image":{"@id":"https:\/\/beta.hymach.it\/fr\/#\/schema\/logo\/image\/"}}]}},"_links":{"self":[{"href":"https:\/\/beta.hymach.it\/fr\/wp-json\/wp\/v2\/pages\/4439","targetHints":{"allow":["GET"]}}],"collection":[{"href":"https:\/\/beta.hymach.it\/fr\/wp-json\/wp\/v2\/pages"}],"about":[{"href":"https:\/\/beta.hymach.it\/fr\/wp-json\/wp\/v2\/types\/page"}],"author":[{"embeddable":true,"href":"https:\/\/beta.hymach.it\/fr\/wp-json\/wp\/v2\/users\/1"}],"replies":[{"embeddable":true,"href":"https:\/\/beta.hymach.it\/fr\/wp-json\/wp\/v2\/comments?post=4439"}],"version-history":[{"count":5,"href":"https:\/\/beta.hymach.it\/fr\/wp-json\/wp\/v2\/pages\/4439\/revisions"}],"predecessor-version":[{"id":11204,"href":"https:\/\/beta.hymach.it\/fr\/wp-json\/wp\/v2\/pages\/4439\/revisions\/11204"}],"up":[{"embeddable":true,"href":"https:\/\/beta.hymach.it\/fr\/wp-json\/wp\/v2\/pages\/4427"}],"wp:featuredmedia":[{"embeddable":true,"href":"https:\/\/beta.hymach.it\/fr\/wp-json\/wp\/v2\/media\/3352"}],"wp:attachment":[{"href":"https:\/\/beta.hymach.it\/fr\/wp-json\/wp\/v2\/media?parent=4439"}],"wp:term":[{"taxonomy":"category","embeddable":true,"href":"https:\/\/beta.hymach.it\/fr\/wp-json\/wp\/v2\/categories?post=4439"},{"taxonomy":"sector","embeddable":true,"href":"https:\/\/beta.hymach.it\/fr\/wp-json\/wp\/v2\/sector?post=4439"},{"taxonomy":"carrier","embeddable":true,"href":"https:\/\/beta.hymach.it\/fr\/wp-json\/wp\/v2\/carrier?post=4439"},{"taxonomy":"cat-page","embeddable":true,"href":"https:\/\/beta.hymach.it\/fr\/wp-json\/wp\/v2\/cat-page?post=4439"},{"taxonomy":"product-category","embeddable":true,"href":"https:\/\/beta.hymach.it\/fr\/wp-json\/wp\/v2\/product-category?post=4439"}],"curies":[{"name":"wp","href":"https:\/\/api.w.org\/{rel}","templated":true}]}}