{"id":4453,"date":"2018-05-02T15:22:04","date_gmt":"2018-05-02T13:22:04","guid":{"rendered":"https:\/\/www.hymach.it\/produits\/nettoyeuses\/pulitrice-pannelli-solari-solar-clean\/"},"modified":"2025-02-12T17:37:25","modified_gmt":"2025-02-12T16:37:25","slug":"nettoyant-solar-clean-hymach-panneaux-photovoltaiques","status":"publish","type":"page","link":"https:\/\/beta.hymach.it\/fr\/produits\/machines-de-nettoyage\/nettoyant-solar-clean-hymach-panneaux-photovoltaiques\/","title":{"rendered":"Nettoyant SolarClean Hymach pour panneaux photovolta\u00efques"},"content":{"rendered":"<p>La solide exp\u00e9rience de notre entreprise en mati\u00e8re de machines hydrauliques a permis de cr\u00e9er des machines con\u00e7ues pour nettoyer les panneaux photovolta\u00efques et les murs anti-bruit au bord des routes, de m\u00eame que les glissi\u00e8res de s\u00e9curit\u00e9 en bois. C\u2019est en pensant aux panneaux photovolta\u00efques que nous avons r\u00e9alis\u00e9 <strong>SOLARCLEAN<\/strong>, la nettoyeuse de panneaux solaires par lavage \u00e0 brosse rotative \u00e0 appliquer aux v\u00e9hicules automoteurs et tracteurs agricoles, mais aussi d\u00e9sormais sur les machines automotrices radiocommand\u00e9es pouvant aussi accueillir une d\u00e9broussailleuse pour la maintenance des espaces verts dans les parcs photovolta\u00efques.<\/p>\n<p><img decoding=\"async\" class=\"alignright size-thumbnail wp-image-1917\" src=\"https:\/\/www.hymach.it\/wp-content\/uploads\/2018\/05\/pulitrice-SolarcleanEvo-150x150.jpg\" alt=\"\" width=\"150\" height=\"150\" srcset=\"https:\/\/beta.hymach.it\/wp-content\/uploads\/2018\/05\/pulitrice-SolarcleanEvo-150x150.jpg 150w, https:\/\/beta.hymach.it\/wp-content\/uploads\/2018\/05\/pulitrice-SolarcleanEvo-125x125.jpg 125w\" sizes=\"(max-width: 150px) 100vw, 150px\" \/><strong>SOLARCLEAN<\/strong> est une <strong>machine polyvalente<\/strong>. En rempla\u00e7ant la brosse, il est possible d\u2019utiliser la machine pour nettoyer les murs anti-bruit et anti-vent des routes et autoroutes, les panneaux et les tunnels.<\/p>\n","protected":false},"excerpt":{"rendered":"<p>La solide exp\u00e9rience de notre entreprise en mati\u00e8re de machines hydrauliques a permis de cr\u00e9er des machines con\u00e7ues pour nettoyer les panneaux photovolta\u00efques et les murs anti-bruit au bord des routes, de m\u00eame que les glissi\u00e8res de s\u00e9curit\u00e9 en bois. C\u2019est en pensant aux panneaux photovolta\u00efques que nous avons r\u00e9alis\u00e9 SOLARCLEAN, la nettoyeuse de panneaux [&hellip;]<\/p>\n","protected":false},"author":1,"featured_media":9909,"parent":4427,"menu_order":392,"comment_status":"closed","ping_status":"closed","template":"","meta":{"_acf_changed":false,"footnotes":""},"categories":[],"sector":[],"carrier":[],"cat-page":[],"product-category":[143,149],"class_list":["post-4453","page","type-page","status-publish","has-post-thumbnail","hentry","product-category-bras-de-tondeuse-aspirants","product-category-machines-de-nettoyage-de-panneaux-solaires"],"acf":[],"yoast_head":"<!-- This site is optimized with the Yoast SEO plugin v27.4 - https:\/\/yoast.com\/product\/yoast-seo-wordpress\/ -->\n<title>Nettoyant SolarClean Hymach pour panneaux photovolta\u00efques<\/title>\n<meta name=\"description\" content=\"SolarClean est une machine de nettoyage des panneaux photovolta\u00efques par lavage avec une brosse rotative \u00e0 appliquer sur les v\u00e9hicules automoteurs et les tracteurs.\" \/>\n<meta name=\"robots\" content=\"noindex, follow, max-snippet:-1, max-image-preview:large, max-video-preview:-1\" \/>\n<meta property=\"og:locale\" content=\"fr_FR\" \/>\n<meta property=\"og:type\" content=\"article\" \/>\n<meta property=\"og:title\" content=\"Nettoyant SolarClean Hymach pour panneaux photovolta\u00efques\" \/>\n<meta property=\"og:description\" content=\"SolarClean est une machine de nettoyage des panneaux photovolta\u00efques par lavage avec une brosse rotative \u00e0 appliquer sur les v\u00e9hicules automoteurs et les tracteurs.\" \/>\n<meta property=\"og:url\" content=\"https:\/\/beta.hymach.it\/fr\/produits\/machines-de-nettoyage\/nettoyant-solar-clean-hymach-panneaux-photovoltaiques\/\" \/>\n<meta property=\"og:site_name\" content=\"Hymach\" \/>\n<meta property=\"article:modified_time\" content=\"2025-02-12T16:37:25+00:00\" \/>\n<meta property=\"og:image\" content=\"https:\/\/beta.hymach.it\/wp-content\/uploads\/2024\/10\/SolarcleanPro-hymach-cover.jpg\" \/>\n\t<meta property=\"og:image:width\" content=\"1675\" \/>\n\t<meta property=\"og:image:height\" content=\"768\" \/>\n\t<meta property=\"og:image:type\" content=\"image\/jpeg\" \/>\n<meta name=\"twitter:label1\" content=\"Est. reading time\" \/>\n\t<meta name=\"twitter:data1\" content=\"2 minutes\" \/>\n<script type=\"application\/ld+json\" class=\"yoast-schema-graph\">{\"@context\":\"https:\\\/\\\/schema.org\",\"@graph\":[{\"@type\":\"WebPage\",\"@id\":\"https:\\\/\\\/beta.hymach.it\\\/fr\\\/produits\\\/machines-de-nettoyage\\\/nettoyant-solar-clean-hymach-panneaux-photovoltaiques\\\/\",\"url\":\"https:\\\/\\\/beta.hymach.it\\\/fr\\\/produits\\\/machines-de-nettoyage\\\/nettoyant-solar-clean-hymach-panneaux-photovoltaiques\\\/\",\"name\":\"Nettoyant SolarClean Hymach pour panneaux photovolta\u00efques\",\"isPartOf\":{\"@id\":\"https:\\\/\\\/beta.hymach.it\\\/fr\\\/#website\"},\"primaryImageOfPage\":{\"@id\":\"https:\\\/\\\/beta.hymach.it\\\/fr\\\/produits\\\/machines-de-nettoyage\\\/nettoyant-solar-clean-hymach-panneaux-photovoltaiques\\\/#primaryimage\"},\"image\":{\"@id\":\"https:\\\/\\\/beta.hymach.it\\\/fr\\\/produits\\\/machines-de-nettoyage\\\/nettoyant-solar-clean-hymach-panneaux-photovoltaiques\\\/#primaryimage\"},\"thumbnailUrl\":\"https:\\\/\\\/beta.hymach.it\\\/wp-content\\\/uploads\\\/2024\\\/10\\\/SolarcleanPro-hymach-cover.jpg\",\"datePublished\":\"2018-05-02T13:22:04+00:00\",\"dateModified\":\"2025-02-12T16:37:25+00:00\",\"description\":\"SolarClean est une machine de nettoyage des panneaux photovolta\u00efques par lavage avec une brosse rotative \u00e0 appliquer sur les v\u00e9hicules automoteurs et les tracteurs.\",\"breadcrumb\":{\"@id\":\"https:\\\/\\\/beta.hymach.it\\\/fr\\\/produits\\\/machines-de-nettoyage\\\/nettoyant-solar-clean-hymach-panneaux-photovoltaiques\\\/#breadcrumb\"},\"inLanguage\":\"fr-FR\",\"potentialAction\":[{\"@type\":\"ReadAction\",\"target\":[\"https:\\\/\\\/beta.hymach.it\\\/fr\\\/produits\\\/machines-de-nettoyage\\\/nettoyant-solar-clean-hymach-panneaux-photovoltaiques\\\/\"]}]},{\"@type\":\"ImageObject\",\"inLanguage\":\"fr-FR\",\"@id\":\"https:\\\/\\\/beta.hymach.it\\\/fr\\\/produits\\\/machines-de-nettoyage\\\/nettoyant-solar-clean-hymach-panneaux-photovoltaiques\\\/#primaryimage\",\"url\":\"https:\\\/\\\/beta.hymach.it\\\/wp-content\\\/uploads\\\/2024\\\/10\\\/SolarcleanPro-hymach-cover.jpg\",\"contentUrl\":\"https:\\\/\\\/beta.hymach.it\\\/wp-content\\\/uploads\\\/2024\\\/10\\\/SolarcleanPro-hymach-cover.jpg\",\"width\":1675,\"height\":768},{\"@type\":\"BreadcrumbList\",\"@id\":\"https:\\\/\\\/beta.hymach.it\\\/fr\\\/produits\\\/machines-de-nettoyage\\\/nettoyant-solar-clean-hymach-panneaux-photovoltaiques\\\/#breadcrumb\",\"itemListElement\":[{\"@type\":\"ListItem\",\"position\":1,\"name\":\"Home\",\"item\":\"https:\\\/\\\/beta.hymach.it\\\/fr\\\/\"},{\"@type\":\"ListItem\",\"position\":2,\"name\":\"Produits\",\"item\":\"https:\\\/\\\/beta.hymach.it\\\/fr\\\/produits\\\/\"},{\"@type\":\"ListItem\",\"position\":3,\"name\":\"Machines de nettoyage de panneaux solaires et de barri\u00e8res routi\u00e8res\",\"item\":\"https:\\\/\\\/beta.hymach.it\\\/fr\\\/produits\\\/machines-de-nettoyage\\\/\"},{\"@type\":\"ListItem\",\"position\":4,\"name\":\"Nettoyant SolarClean Hymach pour panneaux photovolta\u00efques\"}]},{\"@type\":\"WebSite\",\"@id\":\"https:\\\/\\\/beta.hymach.it\\\/fr\\\/#website\",\"url\":\"https:\\\/\\\/beta.hymach.it\\\/fr\\\/\",\"name\":\"Hymach\",\"description\":\"Macchine per la manutenzione del verde\",\"publisher\":{\"@id\":\"https:\\\/\\\/beta.hymach.it\\\/fr\\\/#organization\"},\"potentialAction\":[{\"@type\":\"SearchAction\",\"target\":{\"@type\":\"EntryPoint\",\"urlTemplate\":\"https:\\\/\\\/beta.hymach.it\\\/fr\\\/?s={search_term_string}\"},\"query-input\":{\"@type\":\"PropertyValueSpecification\",\"valueRequired\":true,\"valueName\":\"search_term_string\"}}],\"inLanguage\":\"fr-FR\"},{\"@type\":\"Organization\",\"@id\":\"https:\\\/\\\/beta.hymach.it\\\/fr\\\/#organization\",\"name\":\"Hymach\",\"url\":\"https:\\\/\\\/beta.hymach.it\\\/fr\\\/\",\"logo\":{\"@type\":\"ImageObject\",\"inLanguage\":\"fr-FR\",\"@id\":\"https:\\\/\\\/beta.hymach.it\\\/fr\\\/#\\\/schema\\\/logo\\\/image\\\/\",\"url\":\"https:\\\/\\\/beta.hymach.it\\\/wp-content\\\/uploads\\\/2024\\\/08\\\/hymach_logo_2026.svg\",\"contentUrl\":\"https:\\\/\\\/beta.hymach.it\\\/wp-content\\\/uploads\\\/2024\\\/08\\\/hymach_logo_2026.svg\",\"width\":777,\"height\":88,\"caption\":\"Hymach\"},\"image\":{\"@id\":\"https:\\\/\\\/beta.hymach.it\\\/fr\\\/#\\\/schema\\\/logo\\\/image\\\/\"}}]}<\/script>\n<!-- \/ Yoast SEO plugin. -->","yoast_head_json":{"title":"Nettoyant SolarClean Hymach pour panneaux photovolta\u00efques","description":"SolarClean est une machine de nettoyage des panneaux photovolta\u00efques par lavage avec une brosse rotative \u00e0 appliquer sur les v\u00e9hicules automoteurs et les tracteurs.","robots":{"index":"noindex","follow":"follow","max-snippet":"max-snippet:-1","max-image-preview":"max-image-preview:large","max-video-preview":"max-video-preview:-1"},"og_locale":"fr_FR","og_type":"article","og_title":"Nettoyant SolarClean Hymach pour panneaux photovolta\u00efques","og_description":"SolarClean est une machine de nettoyage des panneaux photovolta\u00efques par lavage avec une brosse rotative \u00e0 appliquer sur les v\u00e9hicules automoteurs et les tracteurs.","og_url":"https:\/\/beta.hymach.it\/fr\/produits\/machines-de-nettoyage\/nettoyant-solar-clean-hymach-panneaux-photovoltaiques\/","og_site_name":"Hymach","article_modified_time":"2025-02-12T16:37:25+00:00","og_image":[{"width":1675,"height":768,"url":"https:\/\/beta.hymach.it\/wp-content\/uploads\/2024\/10\/SolarcleanPro-hymach-cover.jpg","type":"image\/jpeg"}],"twitter_misc":{"Est. reading time":"2 minutes"},"schema":{"@context":"https:\/\/schema.org","@graph":[{"@type":"WebPage","@id":"https:\/\/beta.hymach.it\/fr\/produits\/machines-de-nettoyage\/nettoyant-solar-clean-hymach-panneaux-photovoltaiques\/","url":"https:\/\/beta.hymach.it\/fr\/produits\/machines-de-nettoyage\/nettoyant-solar-clean-hymach-panneaux-photovoltaiques\/","name":"Nettoyant SolarClean Hymach pour panneaux photovolta\u00efques","isPartOf":{"@id":"https:\/\/beta.hymach.it\/fr\/#website"},"primaryImageOfPage":{"@id":"https:\/\/beta.hymach.it\/fr\/produits\/machines-de-nettoyage\/nettoyant-solar-clean-hymach-panneaux-photovoltaiques\/#primaryimage"},"image":{"@id":"https:\/\/beta.hymach.it\/fr\/produits\/machines-de-nettoyage\/nettoyant-solar-clean-hymach-panneaux-photovoltaiques\/#primaryimage"},"thumbnailUrl":"https:\/\/beta.hymach.it\/wp-content\/uploads\/2024\/10\/SolarcleanPro-hymach-cover.jpg","datePublished":"2018-05-02T13:22:04+00:00","dateModified":"2025-02-12T16:37:25+00:00","description":"SolarClean est une machine de nettoyage des panneaux photovolta\u00efques par lavage avec une brosse rotative \u00e0 appliquer sur les v\u00e9hicules automoteurs et les tracteurs.","breadcrumb":{"@id":"https:\/\/beta.hymach.it\/fr\/produits\/machines-de-nettoyage\/nettoyant-solar-clean-hymach-panneaux-photovoltaiques\/#breadcrumb"},"inLanguage":"fr-FR","potentialAction":[{"@type":"ReadAction","target":["https:\/\/beta.hymach.it\/fr\/produits\/machines-de-nettoyage\/nettoyant-solar-clean-hymach-panneaux-photovoltaiques\/"]}]},{"@type":"ImageObject","inLanguage":"fr-FR","@id":"https:\/\/beta.hymach.it\/fr\/produits\/machines-de-nettoyage\/nettoyant-solar-clean-hymach-panneaux-photovoltaiques\/#primaryimage","url":"https:\/\/beta.hymach.it\/wp-content\/uploads\/2024\/10\/SolarcleanPro-hymach-cover.jpg","contentUrl":"https:\/\/beta.hymach.it\/wp-content\/uploads\/2024\/10\/SolarcleanPro-hymach-cover.jpg","width":1675,"height":768},{"@type":"BreadcrumbList","@id":"https:\/\/beta.hymach.it\/fr\/produits\/machines-de-nettoyage\/nettoyant-solar-clean-hymach-panneaux-photovoltaiques\/#breadcrumb","itemListElement":[{"@type":"ListItem","position":1,"name":"Home","item":"https:\/\/beta.hymach.it\/fr\/"},{"@type":"ListItem","position":2,"name":"Produits","item":"https:\/\/beta.hymach.it\/fr\/produits\/"},{"@type":"ListItem","position":3,"name":"Machines de nettoyage de panneaux solaires et de barri\u00e8res routi\u00e8res","item":"https:\/\/beta.hymach.it\/fr\/produits\/machines-de-nettoyage\/"},{"@type":"ListItem","position":4,"name":"Nettoyant SolarClean Hymach pour panneaux photovolta\u00efques"}]},{"@type":"WebSite","@id":"https:\/\/beta.hymach.it\/fr\/#website","url":"https:\/\/beta.hymach.it\/fr\/","name":"Hymach","description":"Macchine per la manutenzione del verde","publisher":{"@id":"https:\/\/beta.hymach.it\/fr\/#organization"},"potentialAction":[{"@type":"SearchAction","target":{"@type":"EntryPoint","urlTemplate":"https:\/\/beta.hymach.it\/fr\/?s={search_term_string}"},"query-input":{"@type":"PropertyValueSpecification","valueRequired":true,"valueName":"search_term_string"}}],"inLanguage":"fr-FR"},{"@type":"Organization","@id":"https:\/\/beta.hymach.it\/fr\/#organization","name":"Hymach","url":"https:\/\/beta.hymach.it\/fr\/","logo":{"@type":"ImageObject","inLanguage":"fr-FR","@id":"https:\/\/beta.hymach.it\/fr\/#\/schema\/logo\/image\/","url":"https:\/\/beta.hymach.it\/wp-content\/uploads\/2024\/08\/hymach_logo_2026.svg","contentUrl":"https:\/\/beta.hymach.it\/wp-content\/uploads\/2024\/08\/hymach_logo_2026.svg","width":777,"height":88,"caption":"Hymach"},"image":{"@id":"https:\/\/beta.hymach.it\/fr\/#\/schema\/logo\/image\/"}}]}},"_links":{"self":[{"href":"https:\/\/beta.hymach.it\/fr\/wp-json\/wp\/v2\/pages\/4453","targetHints":{"allow":["GET"]}}],"collection":[{"href":"https:\/\/beta.hymach.it\/fr\/wp-json\/wp\/v2\/pages"}],"about":[{"href":"https:\/\/beta.hymach.it\/fr\/wp-json\/wp\/v2\/types\/page"}],"author":[{"embeddable":true,"href":"https:\/\/beta.hymach.it\/fr\/wp-json\/wp\/v2\/users\/1"}],"replies":[{"embeddable":true,"href":"https:\/\/beta.hymach.it\/fr\/wp-json\/wp\/v2\/comments?post=4453"}],"version-history":[{"count":4,"href":"https:\/\/beta.hymach.it\/fr\/wp-json\/wp\/v2\/pages\/4453\/revisions"}],"predecessor-version":[{"id":11228,"href":"https:\/\/beta.hymach.it\/fr\/wp-json\/wp\/v2\/pages\/4453\/revisions\/11228"}],"up":[{"embeddable":true,"href":"https:\/\/beta.hymach.it\/fr\/wp-json\/wp\/v2\/pages\/4427"}],"wp:featuredmedia":[{"embeddable":true,"href":"https:\/\/beta.hymach.it\/fr\/wp-json\/wp\/v2\/media\/9909"}],"wp:attachment":[{"href":"https:\/\/beta.hymach.it\/fr\/wp-json\/wp\/v2\/media?parent=4453"}],"wp:term":[{"taxonomy":"category","embeddable":true,"href":"https:\/\/beta.hymach.it\/fr\/wp-json\/wp\/v2\/categories?post=4453"},{"taxonomy":"sector","embeddable":true,"href":"https:\/\/beta.hymach.it\/fr\/wp-json\/wp\/v2\/sector?post=4453"},{"taxonomy":"carrier","embeddable":true,"href":"https:\/\/beta.hymach.it\/fr\/wp-json\/wp\/v2\/carrier?post=4453"},{"taxonomy":"cat-page","embeddable":true,"href":"https:\/\/beta.hymach.it\/fr\/wp-json\/wp\/v2\/cat-page?post=4453"},{"taxonomy":"product-category","embeddable":true,"href":"https:\/\/beta.hymach.it\/fr\/wp-json\/wp\/v2\/product-category?post=4453"}],"curies":[{"name":"wp","href":"https:\/\/api.w.org\/{rel}","templated":true}]}}