{"id":4703,"date":"2014-02-15T09:05:48","date_gmt":"2014-02-15T08:05:48","guid":{"rendered":"https:\/\/www.hymach.it\/produits\/dispositifs-pour-autres-utilisations\/decespugliatrici-a-filo\/"},"modified":"2025-02-12T14:27:38","modified_gmt":"2025-02-12T13:27:38","slug":"decespugliatrici-a-filo","status":"publish","type":"page","link":"https:\/\/beta.hymach.it\/fr\/outils-et-accessoires\/decespugliatrici-a-filo\/","title":{"rendered":"D\u00e9broussailleuse \u00e0 fil Hymach"},"content":{"rendered":"\n<p>Le <strong>decespugliatrici a filo<\/strong> <strong>Hymach,<\/strong> sono delle <strong>macchine per la manutenzione e la cura del verde<\/strong>, caratterizzate da una struttura snella in modo da lavorare anche al di sotto degli ostacoli pi\u00f9 bassi. <\/p>\n\n\n\n<p>Il gruppo tagliente a filo permette di falciare la vegetazione fino a ridosso dei delimitativi stradali quali guard-rail, muretti di contenimento, barriere antirumore, ecc.<\/p>\n","protected":false},"excerpt":{"rendered":"<p>Le decespugliatrici a filo Hymach, sono delle macchine per la manutenzione e la cura del verde, caratterizzate da una struttura snella in modo da lavorare anche al di sotto degli ostacoli pi\u00f9 bassi. Il gruppo tagliente a filo permette di falciare la vegetazione fino a ridosso dei delimitativi stradali quali guard-rail, muretti di contenimento, barriere [&hellip;]<\/p>\n","protected":false},"author":1,"featured_media":3320,"parent":4415,"menu_order":298,"comment_status":"open","ping_status":"closed","template":"","meta":{"_acf_changed":false,"footnotes":""},"categories":[],"sector":[],"carrier":[],"cat-page":[],"product-category":[141],"class_list":["post-4703","page","type-page","status-publish","has-post-thumbnail","hentry","product-category-outils-et-accessoires-pour-bras-de-tondeuse"],"acf":[],"yoast_head":"<!-- This site is optimized with the Yoast SEO plugin v27.5 - https:\/\/yoast.com\/product\/yoast-seo-wordpress\/ -->\n<title>D\u00e9broussailleuse \u00e0 fil Hymach pour l&#039;entretien du vert<\/title>\n<meta name=\"description\" content=\"La d\u00e9broussailleuse \u00e0 fil Hymach est une machine pour l&#039;entretien du vert, id\u00e9al pour tondre le gazon pr\u00e8s des marquages \u200b\u200broutiers\" \/>\n<meta name=\"robots\" content=\"noindex, follow, max-snippet:-1, max-image-preview:large, max-video-preview:-1\" \/>\n<meta property=\"og:locale\" content=\"fr_FR\" \/>\n<meta property=\"og:type\" content=\"article\" \/>\n<meta property=\"og:title\" content=\"D\u00e9broussailleuse \u00e0 fil Hymach pour l&#039;entretien du vert\" \/>\n<meta property=\"og:description\" content=\"La d\u00e9broussailleuse \u00e0 fil Hymach est une machine pour l&#039;entretien du vert, id\u00e9al pour tondre le gazon pr\u00e8s des marquages \u200b\u200broutiers\" \/>\n<meta property=\"og:url\" content=\"https:\/\/beta.hymach.it\/fr\/outils-et-accessoires\/decespugliatrici-a-filo\/\" \/>\n<meta property=\"og:site_name\" content=\"Hymach\" \/>\n<meta property=\"article:modified_time\" content=\"2025-02-12T13:27:38+00:00\" \/>\n<meta property=\"og:image\" content=\"https:\/\/beta.hymach.it\/wp-content\/uploads\/2018\/05\/testate-utensili-Decespguliatrici-a-filo.jpg\" \/>\n\t<meta property=\"og:image:width\" content=\"500\" \/>\n\t<meta property=\"og:image:height\" content=\"376\" \/>\n\t<meta property=\"og:image:type\" content=\"image\/jpeg\" \/>\n<meta name=\"twitter:label1\" content=\"Est. reading time\" \/>\n\t<meta name=\"twitter:data1\" content=\"1 minute\" \/>\n<script type=\"application\/ld+json\" class=\"yoast-schema-graph\">{\"@context\":\"https:\\\/\\\/schema.org\",\"@graph\":[{\"@type\":\"WebPage\",\"@id\":\"https:\\\/\\\/beta.hymach.it\\\/fr\\\/outils-et-accessoires\\\/decespugliatrici-a-filo\\\/\",\"url\":\"https:\\\/\\\/beta.hymach.it\\\/fr\\\/outils-et-accessoires\\\/decespugliatrici-a-filo\\\/\",\"name\":\"D\u00e9broussailleuse \u00e0 fil Hymach pour l'entretien du vert\",\"isPartOf\":{\"@id\":\"https:\\\/\\\/beta.hymach.it\\\/fr\\\/#website\"},\"primaryImageOfPage\":{\"@id\":\"https:\\\/\\\/beta.hymach.it\\\/fr\\\/outils-et-accessoires\\\/decespugliatrici-a-filo\\\/#primaryimage\"},\"image\":{\"@id\":\"https:\\\/\\\/beta.hymach.it\\\/fr\\\/outils-et-accessoires\\\/decespugliatrici-a-filo\\\/#primaryimage\"},\"thumbnailUrl\":\"https:\\\/\\\/beta.hymach.it\\\/wp-content\\\/uploads\\\/2018\\\/05\\\/testate-utensili-Decespguliatrici-a-filo.jpg\",\"datePublished\":\"2014-02-15T08:05:48+00:00\",\"dateModified\":\"2025-02-12T13:27:38+00:00\",\"description\":\"La d\u00e9broussailleuse \u00e0 fil Hymach est une machine pour l'entretien du vert, id\u00e9al pour tondre le gazon pr\u00e8s des marquages \u200b\u200broutiers\",\"breadcrumb\":{\"@id\":\"https:\\\/\\\/beta.hymach.it\\\/fr\\\/outils-et-accessoires\\\/decespugliatrici-a-filo\\\/#breadcrumb\"},\"inLanguage\":\"fr-FR\",\"potentialAction\":[{\"@type\":\"ReadAction\",\"target\":[\"https:\\\/\\\/beta.hymach.it\\\/fr\\\/outils-et-accessoires\\\/decespugliatrici-a-filo\\\/\"]}]},{\"@type\":\"ImageObject\",\"inLanguage\":\"fr-FR\",\"@id\":\"https:\\\/\\\/beta.hymach.it\\\/fr\\\/outils-et-accessoires\\\/decespugliatrici-a-filo\\\/#primaryimage\",\"url\":\"https:\\\/\\\/beta.hymach.it\\\/wp-content\\\/uploads\\\/2018\\\/05\\\/testate-utensili-Decespguliatrici-a-filo.jpg\",\"contentUrl\":\"https:\\\/\\\/beta.hymach.it\\\/wp-content\\\/uploads\\\/2018\\\/05\\\/testate-utensili-Decespguliatrici-a-filo.jpg\",\"width\":500,\"height\":376},{\"@type\":\"BreadcrumbList\",\"@id\":\"https:\\\/\\\/beta.hymach.it\\\/fr\\\/outils-et-accessoires\\\/decespugliatrici-a-filo\\\/#breadcrumb\",\"itemListElement\":[{\"@type\":\"ListItem\",\"position\":1,\"name\":\"Home\",\"item\":\"https:\\\/\\\/beta.hymach.it\\\/fr\\\/\"},{\"@type\":\"ListItem\",\"position\":2,\"name\":\"Produits\",\"item\":\"https:\\\/\\\/beta.hymach.it\\\/fr\\\/produits\\\/\"},{\"@type\":\"ListItem\",\"position\":3,\"name\":\"Outils et accessoires pour bras de tondeuse\",\"item\":\"https:\\\/\\\/beta.hymach.it\\\/fr\\\/produits\\\/outils-et-accessoires\\\/\"},{\"@type\":\"ListItem\",\"position\":4,\"name\":\"D\u00e9broussailleuse \u00e0 fil Hymach\"}]},{\"@type\":\"WebSite\",\"@id\":\"https:\\\/\\\/beta.hymach.it\\\/fr\\\/#website\",\"url\":\"https:\\\/\\\/beta.hymach.it\\\/fr\\\/\",\"name\":\"Hymach\",\"description\":\"Macchine per la manutenzione del verde\",\"publisher\":{\"@id\":\"https:\\\/\\\/beta.hymach.it\\\/fr\\\/#organization\"},\"potentialAction\":[{\"@type\":\"SearchAction\",\"target\":{\"@type\":\"EntryPoint\",\"urlTemplate\":\"https:\\\/\\\/beta.hymach.it\\\/fr\\\/?s={search_term_string}\"},\"query-input\":{\"@type\":\"PropertyValueSpecification\",\"valueRequired\":true,\"valueName\":\"search_term_string\"}}],\"inLanguage\":\"fr-FR\"},{\"@type\":\"Organization\",\"@id\":\"https:\\\/\\\/beta.hymach.it\\\/fr\\\/#organization\",\"name\":\"Hymach\",\"url\":\"https:\\\/\\\/beta.hymach.it\\\/fr\\\/\",\"logo\":{\"@type\":\"ImageObject\",\"inLanguage\":\"fr-FR\",\"@id\":\"https:\\\/\\\/beta.hymach.it\\\/fr\\\/#\\\/schema\\\/logo\\\/image\\\/\",\"url\":\"https:\\\/\\\/beta.hymach.it\\\/wp-content\\\/uploads\\\/2024\\\/08\\\/hymach_logo_2026.svg\",\"contentUrl\":\"https:\\\/\\\/beta.hymach.it\\\/wp-content\\\/uploads\\\/2024\\\/08\\\/hymach_logo_2026.svg\",\"width\":777,\"height\":88,\"caption\":\"Hymach\"},\"image\":{\"@id\":\"https:\\\/\\\/beta.hymach.it\\\/fr\\\/#\\\/schema\\\/logo\\\/image\\\/\"}}]}<\/script>\n<!-- \/ Yoast SEO plugin. -->","yoast_head_json":{"title":"D\u00e9broussailleuse \u00e0 fil Hymach pour l'entretien du vert","description":"La d\u00e9broussailleuse \u00e0 fil Hymach est une machine pour l'entretien du vert, id\u00e9al pour tondre le gazon pr\u00e8s des marquages \u200b\u200broutiers","robots":{"index":"noindex","follow":"follow","max-snippet":"max-snippet:-1","max-image-preview":"max-image-preview:large","max-video-preview":"max-video-preview:-1"},"og_locale":"fr_FR","og_type":"article","og_title":"D\u00e9broussailleuse \u00e0 fil Hymach pour l'entretien du vert","og_description":"La d\u00e9broussailleuse \u00e0 fil Hymach est une machine pour l'entretien du vert, id\u00e9al pour tondre le gazon pr\u00e8s des marquages \u200b\u200broutiers","og_url":"https:\/\/beta.hymach.it\/fr\/outils-et-accessoires\/decespugliatrici-a-filo\/","og_site_name":"Hymach","article_modified_time":"2025-02-12T13:27:38+00:00","og_image":[{"width":500,"height":376,"url":"https:\/\/beta.hymach.it\/wp-content\/uploads\/2018\/05\/testate-utensili-Decespguliatrici-a-filo.jpg","type":"image\/jpeg"}],"twitter_misc":{"Est. reading time":"1 minute"},"schema":{"@context":"https:\/\/schema.org","@graph":[{"@type":"WebPage","@id":"https:\/\/beta.hymach.it\/fr\/outils-et-accessoires\/decespugliatrici-a-filo\/","url":"https:\/\/beta.hymach.it\/fr\/outils-et-accessoires\/decespugliatrici-a-filo\/","name":"D\u00e9broussailleuse \u00e0 fil Hymach pour l'entretien du vert","isPartOf":{"@id":"https:\/\/beta.hymach.it\/fr\/#website"},"primaryImageOfPage":{"@id":"https:\/\/beta.hymach.it\/fr\/outils-et-accessoires\/decespugliatrici-a-filo\/#primaryimage"},"image":{"@id":"https:\/\/beta.hymach.it\/fr\/outils-et-accessoires\/decespugliatrici-a-filo\/#primaryimage"},"thumbnailUrl":"https:\/\/beta.hymach.it\/wp-content\/uploads\/2018\/05\/testate-utensili-Decespguliatrici-a-filo.jpg","datePublished":"2014-02-15T08:05:48+00:00","dateModified":"2025-02-12T13:27:38+00:00","description":"La d\u00e9broussailleuse \u00e0 fil Hymach est une machine pour l'entretien du vert, id\u00e9al pour tondre le gazon pr\u00e8s des marquages \u200b\u200broutiers","breadcrumb":{"@id":"https:\/\/beta.hymach.it\/fr\/outils-et-accessoires\/decespugliatrici-a-filo\/#breadcrumb"},"inLanguage":"fr-FR","potentialAction":[{"@type":"ReadAction","target":["https:\/\/beta.hymach.it\/fr\/outils-et-accessoires\/decespugliatrici-a-filo\/"]}]},{"@type":"ImageObject","inLanguage":"fr-FR","@id":"https:\/\/beta.hymach.it\/fr\/outils-et-accessoires\/decespugliatrici-a-filo\/#primaryimage","url":"https:\/\/beta.hymach.it\/wp-content\/uploads\/2018\/05\/testate-utensili-Decespguliatrici-a-filo.jpg","contentUrl":"https:\/\/beta.hymach.it\/wp-content\/uploads\/2018\/05\/testate-utensili-Decespguliatrici-a-filo.jpg","width":500,"height":376},{"@type":"BreadcrumbList","@id":"https:\/\/beta.hymach.it\/fr\/outils-et-accessoires\/decespugliatrici-a-filo\/#breadcrumb","itemListElement":[{"@type":"ListItem","position":1,"name":"Home","item":"https:\/\/beta.hymach.it\/fr\/"},{"@type":"ListItem","position":2,"name":"Produits","item":"https:\/\/beta.hymach.it\/fr\/produits\/"},{"@type":"ListItem","position":3,"name":"Outils et accessoires pour bras de tondeuse","item":"https:\/\/beta.hymach.it\/fr\/produits\/outils-et-accessoires\/"},{"@type":"ListItem","position":4,"name":"D\u00e9broussailleuse \u00e0 fil Hymach"}]},{"@type":"WebSite","@id":"https:\/\/beta.hymach.it\/fr\/#website","url":"https:\/\/beta.hymach.it\/fr\/","name":"Hymach","description":"Macchine per la manutenzione del verde","publisher":{"@id":"https:\/\/beta.hymach.it\/fr\/#organization"},"potentialAction":[{"@type":"SearchAction","target":{"@type":"EntryPoint","urlTemplate":"https:\/\/beta.hymach.it\/fr\/?s={search_term_string}"},"query-input":{"@type":"PropertyValueSpecification","valueRequired":true,"valueName":"search_term_string"}}],"inLanguage":"fr-FR"},{"@type":"Organization","@id":"https:\/\/beta.hymach.it\/fr\/#organization","name":"Hymach","url":"https:\/\/beta.hymach.it\/fr\/","logo":{"@type":"ImageObject","inLanguage":"fr-FR","@id":"https:\/\/beta.hymach.it\/fr\/#\/schema\/logo\/image\/","url":"https:\/\/beta.hymach.it\/wp-content\/uploads\/2024\/08\/hymach_logo_2026.svg","contentUrl":"https:\/\/beta.hymach.it\/wp-content\/uploads\/2024\/08\/hymach_logo_2026.svg","width":777,"height":88,"caption":"Hymach"},"image":{"@id":"https:\/\/beta.hymach.it\/fr\/#\/schema\/logo\/image\/"}}]}},"_links":{"self":[{"href":"https:\/\/beta.hymach.it\/fr\/wp-json\/wp\/v2\/pages\/4703","targetHints":{"allow":["GET"]}}],"collection":[{"href":"https:\/\/beta.hymach.it\/fr\/wp-json\/wp\/v2\/pages"}],"about":[{"href":"https:\/\/beta.hymach.it\/fr\/wp-json\/wp\/v2\/types\/page"}],"author":[{"embeddable":true,"href":"https:\/\/beta.hymach.it\/fr\/wp-json\/wp\/v2\/users\/1"}],"replies":[{"embeddable":true,"href":"https:\/\/beta.hymach.it\/fr\/wp-json\/wp\/v2\/comments?post=4703"}],"version-history":[{"count":6,"href":"https:\/\/beta.hymach.it\/fr\/wp-json\/wp\/v2\/pages\/4703\/revisions"}],"predecessor-version":[{"id":11117,"href":"https:\/\/beta.hymach.it\/fr\/wp-json\/wp\/v2\/pages\/4703\/revisions\/11117"}],"up":[{"embeddable":true,"href":"https:\/\/beta.hymach.it\/fr\/wp-json\/wp\/v2\/pages\/4415"}],"wp:featuredmedia":[{"embeddable":true,"href":"https:\/\/beta.hymach.it\/fr\/wp-json\/wp\/v2\/media\/3320"}],"wp:attachment":[{"href":"https:\/\/beta.hymach.it\/fr\/wp-json\/wp\/v2\/media?parent=4703"}],"wp:term":[{"taxonomy":"category","embeddable":true,"href":"https:\/\/beta.hymach.it\/fr\/wp-json\/wp\/v2\/categories?post=4703"},{"taxonomy":"sector","embeddable":true,"href":"https:\/\/beta.hymach.it\/fr\/wp-json\/wp\/v2\/sector?post=4703"},{"taxonomy":"carrier","embeddable":true,"href":"https:\/\/beta.hymach.it\/fr\/wp-json\/wp\/v2\/carrier?post=4703"},{"taxonomy":"cat-page","embeddable":true,"href":"https:\/\/beta.hymach.it\/fr\/wp-json\/wp\/v2\/cat-page?post=4703"},{"taxonomy":"product-category","embeddable":true,"href":"https:\/\/beta.hymach.it\/fr\/wp-json\/wp\/v2\/product-category?post=4703"}],"curies":[{"name":"wp","href":"https:\/\/api.w.org\/{rel}","templated":true}]}}