{"id":118,"date":"2012-08-27T10:10:40","date_gmt":"2012-08-27T08:10:40","guid":{"rendered":"https:\/\/www.hymach.it\/?page_id=118"},"modified":"2026-04-24T17:43:46","modified_gmt":"2026-04-24T15:43:46","slug":"bracci-tagliaerba-centrali","status":"publish","type":"page","link":"https:\/\/beta.hymach.it\/it\/catalogo\/decespugliatrici\/bracci-tagliaerba-centrali\/","title":{"rendered":"Bracci Decespugliatori Centrali"},"content":{"rendered":"\n<h2 class=\"wp-block-heading\">Braccio articolato dei nostri bracci tagliaerba centrali<\/h2>\n\n\n\n<p>Caratteristica comune \u00e8 il braccio articolato a due segmenti e, per i modelli di <strong>bracci tagliaerba centrali<\/strong> a partire da 6 metri di lunghezza, del terminale telescopico con sistema canna da pesca per raggiungere la massima estensione e allo stesso tempo essere in grado di lavorare anche sulle banchine a filo ruota e configurarsi con dimensioni contenute per la circolazione su strada.<\/p>\n\n\n\n<h2 class=\"wp-block-heading\">Collegamento dei bracci tagliaerba centrali al telaio del trattore<\/h2>\n\n\n\n<p>L&#8217;applicazione classica prevede il <strong>collegamento dei bracci tagliaerba centrali <\/strong>su uno specifico telaio appositamente costruito per il trattore ed applicato centralmente a questo, struttura che comunque \u00e8 in qualsiasi momento rimovibile dal trattore per consentire allo stesso altri utilizzi. Il telaio di accoppiamento pu\u00f2 abbracciare il trattore, mantenendo comune la possibilit\u00e0 di intervenire agevolmente al corpo dello stesso in quanto apribile superiormente, oppure passare al di sotto del cofano, secondo la preferenza dell&#8217;utilizzatore e la tipologia di trattore.<\/p>\n\n\n\n<p>La cerniera di rotazione del braccio pu\u00f2 essere standard o ribassata a seconda si voglia superare ostacoli a bordo strada o sfruttare pi\u00f9 lunghezza possibile anche in profondit\u00e0.<\/p>\n\n\n\n<p>Il gruppo serbatoio-centralina idraulica \u00e8 portato posteriormente e funziona mediante collegamento alla PTO del trattore. Le diverse serie a catalogo differiscono per la costruzione del braccio conformata secondo la lunghezza e gli attrezzi terminali applicabili.<\/p>\n\n\n\n<h2 class=\"wp-block-heading\">Componenti principali dei bracci tagliaerba centrali<\/h2>\n\n\n\n<p>Le strutture, destinate a sopportare la sollecitazione dei cicli vita del braccio, sono realizzate con acciai di prima qualit\u00e0. I componenti principali dei nostri bracci tagliaerba centrali, ovvero gli elementi fondamentali delle articolazioni, boccole e spine, sono costruiti in acciaio sottoposto a trattamenti di durezza e rettifica, che ne aumenta la resistenza ed ne ottimizza la funzione allungandone la durata. I martinetti dotati di valvole di regolazione, garantiscono l\u2019ottima manovrabilit\u00e0.<\/p>\n\n\n\n<p>I componenti principali dell\u2019impianto di funzionamento quali pompe e motore, moltiplicatore, distributore, radiatore, scelti tra quelli proposti dalle migliori marche sul mercato per prestazioni e affidabilit\u00e0, determinano l\u2019elevato rendimento in potenza e produttivit\u00e0.<\/p>\n\n\n\n<h2 class=\"wp-block-heading\">Variet\u00e0 e intercambiabilit\u00e0 delle testate per i bracci tagliaerba centrali<\/h2>\n\n\n\n<p>La <strong>variet\u00e0 di scelta delle trinciatrici<\/strong> per i <strong>bracci tagliaerba centrali<\/strong> sta nei sistemi di taglio disponibili per le diverse tipologie di vegetazione e stato del suolo, i quali assicurano la continuit\u00e0 e l\u2019uniformit\u00e0 dello sfalcio.<br>La possibilit\u00e0 di <strong>intercambiare la trinciatrice<\/strong> con altre testate utensili con poche semplici operazioni rende la <strong>macchina per la manutenzione e la cura del verde<\/strong> versatile utilizzabile per diverse lavorazioni.<\/p>\n\n\n\n<p>I <strong>bracci tagliaerba centrali<\/strong> possono essere ulteriormente personalizzate potendo modificare sia la struttura che l\u2019impiantistica secondo le specifiche esigenze dell\u2019utilizzatore. Sono disponibili sia nella versione per lavoro a destra che in quella per lavoro a sinistra.<\/p>\n","protected":false},"excerpt":{"rendered":"<p>Le nostre <strong>decespugliatrici centrali<\/strong> a braccio sono progettate per essere applicate lateralmente su uno specifico telaio dei trattori.<\/p>\n","protected":false},"author":1,"featured_media":12510,"parent":11899,"menu_order":165,"comment_status":"closed","ping_status":"closed","template":"","meta":{"_acf_changed":false,"footnotes":""},"categories":[],"sector":[],"carrier":[],"cat-page":[168],"product-category":[],"class_list":["post-118","page","type-page","status-publish","has-post-thumbnail","hentry","cat-page-categoria-secondaria"],"acf":[],"yoast_head":"<!-- This site is optimized with the Yoast SEO plugin v27.4 - https:\/\/yoast.com\/product\/yoast-seo-wordpress\/ -->\n<title>Bracci tagliaerba centrali per trattori per manutenzione e cura del verde<\/title>\n<meta name=\"description\" content=\"Scopri i nostri bracci tagliaerba con braccio da applicare centralmente a trattore con telaio costruito a misura per la manutenzione e la cura del verde.\" \/>\n<meta name=\"robots\" content=\"noindex, follow, max-snippet:-1, max-image-preview:large, max-video-preview:-1\" \/>\n<meta property=\"og:locale\" content=\"it_IT\" \/>\n<meta property=\"og:type\" content=\"article\" \/>\n<meta property=\"og:title\" content=\"Bracci tagliaerba centrali per trattori per manutenzione e cura del verde\" \/>\n<meta property=\"og:description\" content=\"Scopri i nostri bracci tagliaerba con braccio da applicare centralmente a trattore con telaio costruito a misura per la manutenzione e la cura del verde.\" \/>\n<meta property=\"og:url\" content=\"https:\/\/beta.hymach.it\/it\/catalogo\/decespugliatrici\/bracci-tagliaerba-centrali\/\" \/>\n<meta property=\"og:site_name\" content=\"Hymach\" \/>\n<meta property=\"article:modified_time\" content=\"2026-04-24T15:43:46+00:00\" \/>\n<meta name=\"twitter:label1\" content=\"Tempo di lettura stimato\" \/>\n\t<meta name=\"twitter:data1\" content=\"3 minuti\" \/>\n<script type=\"application\/ld+json\" class=\"yoast-schema-graph\">{\"@context\":\"https:\\\/\\\/schema.org\",\"@graph\":[{\"@type\":\"WebPage\",\"@id\":\"https:\\\/\\\/beta.hymach.it\\\/it\\\/catalogo\\\/decespugliatrici\\\/bracci-tagliaerba-centrali\\\/\",\"url\":\"https:\\\/\\\/beta.hymach.it\\\/it\\\/catalogo\\\/decespugliatrici\\\/bracci-tagliaerba-centrali\\\/\",\"name\":\"Bracci tagliaerba centrali per trattori per manutenzione e cura del verde\",\"isPartOf\":{\"@id\":\"https:\\\/\\\/beta.hymach.it\\\/it\\\/#website\"},\"primaryImageOfPage\":{\"@id\":\"https:\\\/\\\/beta.hymach.it\\\/it\\\/catalogo\\\/decespugliatrici\\\/bracci-tagliaerba-centrali\\\/#primaryimage\"},\"image\":{\"@id\":\"https:\\\/\\\/beta.hymach.it\\\/it\\\/catalogo\\\/decespugliatrici\\\/bracci-tagliaerba-centrali\\\/#primaryimage\"},\"thumbnailUrl\":\"https:\\\/\\\/beta.hymach.it\\\/wp-content\\\/uploads\\\/2026\\\/04\\\/Centrali.svg\",\"datePublished\":\"2012-08-27T08:10:40+00:00\",\"dateModified\":\"2026-04-24T15:43:46+00:00\",\"description\":\"Scopri i nostri bracci tagliaerba con braccio da applicare centralmente a trattore con telaio costruito a misura per la manutenzione e la cura del verde.\",\"breadcrumb\":{\"@id\":\"https:\\\/\\\/beta.hymach.it\\\/it\\\/catalogo\\\/decespugliatrici\\\/bracci-tagliaerba-centrali\\\/#breadcrumb\"},\"inLanguage\":\"it-IT\",\"potentialAction\":[{\"@type\":\"ReadAction\",\"target\":[\"https:\\\/\\\/beta.hymach.it\\\/it\\\/catalogo\\\/decespugliatrici\\\/bracci-tagliaerba-centrali\\\/\"]}]},{\"@type\":\"ImageObject\",\"inLanguage\":\"it-IT\",\"@id\":\"https:\\\/\\\/beta.hymach.it\\\/it\\\/catalogo\\\/decespugliatrici\\\/bracci-tagliaerba-centrali\\\/#primaryimage\",\"url\":\"https:\\\/\\\/beta.hymach.it\\\/wp-content\\\/uploads\\\/2026\\\/04\\\/Centrali.svg\",\"contentUrl\":\"https:\\\/\\\/beta.hymach.it\\\/wp-content\\\/uploads\\\/2026\\\/04\\\/Centrali.svg\",\"width\":500,\"height\":500},{\"@type\":\"BreadcrumbList\",\"@id\":\"https:\\\/\\\/beta.hymach.it\\\/it\\\/catalogo\\\/decespugliatrici\\\/bracci-tagliaerba-centrali\\\/#breadcrumb\",\"itemListElement\":[{\"@type\":\"ListItem\",\"position\":1,\"name\":\"Home\",\"item\":\"https:\\\/\\\/beta.hymach.it\\\/it\\\/\"},{\"@type\":\"ListItem\",\"position\":2,\"name\":\"Catalogo\",\"item\":\"https:\\\/\\\/beta.hymach.it\\\/it\\\/catalogo\\\/\"},{\"@type\":\"ListItem\",\"position\":3,\"name\":\"Macchine tagliaerba decespugliatrici portate\",\"item\":\"https:\\\/\\\/beta.hymach.it\\\/it\\\/catalogo\\\/decespugliatrici\\\/\"},{\"@type\":\"ListItem\",\"position\":4,\"name\":\"Bracci Decespugliatori Centrali\"}]},{\"@type\":\"WebSite\",\"@id\":\"https:\\\/\\\/beta.hymach.it\\\/it\\\/#website\",\"url\":\"https:\\\/\\\/beta.hymach.it\\\/it\\\/\",\"name\":\"Hymach\",\"description\":\"Macchine per la manutenzione professionale del verde, semoventi portattrezzi multiuso radiocomandati e macchine per il lavaggio di pannelli solari.\",\"publisher\":{\"@id\":\"https:\\\/\\\/beta.hymach.it\\\/it\\\/#organization\"},\"potentialAction\":[{\"@type\":\"SearchAction\",\"target\":{\"@type\":\"EntryPoint\",\"urlTemplate\":\"https:\\\/\\\/beta.hymach.it\\\/it\\\/?s={search_term_string}\"},\"query-input\":{\"@type\":\"PropertyValueSpecification\",\"valueRequired\":true,\"valueName\":\"search_term_string\"}}],\"inLanguage\":\"it-IT\"},{\"@type\":\"Organization\",\"@id\":\"https:\\\/\\\/beta.hymach.it\\\/it\\\/#organization\",\"name\":\"Hymach\",\"url\":\"https:\\\/\\\/beta.hymach.it\\\/it\\\/\",\"logo\":{\"@type\":\"ImageObject\",\"inLanguage\":\"it-IT\",\"@id\":\"https:\\\/\\\/beta.hymach.it\\\/it\\\/#\\\/schema\\\/logo\\\/image\\\/\",\"url\":\"https:\\\/\\\/beta.hymach.it\\\/wp-content\\\/uploads\\\/2024\\\/08\\\/hymach_logo_2026.svg\",\"contentUrl\":\"https:\\\/\\\/beta.hymach.it\\\/wp-content\\\/uploads\\\/2024\\\/08\\\/hymach_logo_2026.svg\",\"width\":777,\"height\":88,\"caption\":\"Hymach\"},\"image\":{\"@id\":\"https:\\\/\\\/beta.hymach.it\\\/it\\\/#\\\/schema\\\/logo\\\/image\\\/\"}}]}<\/script>\n<!-- \/ Yoast SEO plugin. -->","yoast_head_json":{"title":"Bracci tagliaerba centrali per trattori per manutenzione e cura del verde","description":"Scopri i nostri bracci tagliaerba con braccio da applicare centralmente a trattore con telaio costruito a misura per la manutenzione e la cura del verde.","robots":{"index":"noindex","follow":"follow","max-snippet":"max-snippet:-1","max-image-preview":"max-image-preview:large","max-video-preview":"max-video-preview:-1"},"og_locale":"it_IT","og_type":"article","og_title":"Bracci tagliaerba centrali per trattori per manutenzione e cura del verde","og_description":"Scopri i nostri bracci tagliaerba con braccio da applicare centralmente a trattore con telaio costruito a misura per la manutenzione e la cura del verde.","og_url":"https:\/\/beta.hymach.it\/it\/catalogo\/decespugliatrici\/bracci-tagliaerba-centrali\/","og_site_name":"Hymach","article_modified_time":"2026-04-24T15:43:46+00:00","twitter_misc":{"Tempo di lettura stimato":"3 minuti"},"schema":{"@context":"https:\/\/schema.org","@graph":[{"@type":"WebPage","@id":"https:\/\/beta.hymach.it\/it\/catalogo\/decespugliatrici\/bracci-tagliaerba-centrali\/","url":"https:\/\/beta.hymach.it\/it\/catalogo\/decespugliatrici\/bracci-tagliaerba-centrali\/","name":"Bracci tagliaerba centrali per trattori per manutenzione e cura del verde","isPartOf":{"@id":"https:\/\/beta.hymach.it\/it\/#website"},"primaryImageOfPage":{"@id":"https:\/\/beta.hymach.it\/it\/catalogo\/decespugliatrici\/bracci-tagliaerba-centrali\/#primaryimage"},"image":{"@id":"https:\/\/beta.hymach.it\/it\/catalogo\/decespugliatrici\/bracci-tagliaerba-centrali\/#primaryimage"},"thumbnailUrl":"https:\/\/beta.hymach.it\/wp-content\/uploads\/2026\/04\/Centrali.svg","datePublished":"2012-08-27T08:10:40+00:00","dateModified":"2026-04-24T15:43:46+00:00","description":"Scopri i nostri bracci tagliaerba con braccio da applicare centralmente a trattore con telaio costruito a misura per la manutenzione e la cura del verde.","breadcrumb":{"@id":"https:\/\/beta.hymach.it\/it\/catalogo\/decespugliatrici\/bracci-tagliaerba-centrali\/#breadcrumb"},"inLanguage":"it-IT","potentialAction":[{"@type":"ReadAction","target":["https:\/\/beta.hymach.it\/it\/catalogo\/decespugliatrici\/bracci-tagliaerba-centrali\/"]}]},{"@type":"ImageObject","inLanguage":"it-IT","@id":"https:\/\/beta.hymach.it\/it\/catalogo\/decespugliatrici\/bracci-tagliaerba-centrali\/#primaryimage","url":"https:\/\/beta.hymach.it\/wp-content\/uploads\/2026\/04\/Centrali.svg","contentUrl":"https:\/\/beta.hymach.it\/wp-content\/uploads\/2026\/04\/Centrali.svg","width":500,"height":500},{"@type":"BreadcrumbList","@id":"https:\/\/beta.hymach.it\/it\/catalogo\/decespugliatrici\/bracci-tagliaerba-centrali\/#breadcrumb","itemListElement":[{"@type":"ListItem","position":1,"name":"Home","item":"https:\/\/beta.hymach.it\/it\/"},{"@type":"ListItem","position":2,"name":"Catalogo","item":"https:\/\/beta.hymach.it\/it\/catalogo\/"},{"@type":"ListItem","position":3,"name":"Macchine tagliaerba decespugliatrici portate","item":"https:\/\/beta.hymach.it\/it\/catalogo\/decespugliatrici\/"},{"@type":"ListItem","position":4,"name":"Bracci Decespugliatori Centrali"}]},{"@type":"WebSite","@id":"https:\/\/beta.hymach.it\/it\/#website","url":"https:\/\/beta.hymach.it\/it\/","name":"Hymach","description":"Macchine per la manutenzione professionale del verde, semoventi portattrezzi multiuso radiocomandati e macchine per il lavaggio di pannelli solari.","publisher":{"@id":"https:\/\/beta.hymach.it\/it\/#organization"},"potentialAction":[{"@type":"SearchAction","target":{"@type":"EntryPoint","urlTemplate":"https:\/\/beta.hymach.it\/it\/?s={search_term_string}"},"query-input":{"@type":"PropertyValueSpecification","valueRequired":true,"valueName":"search_term_string"}}],"inLanguage":"it-IT"},{"@type":"Organization","@id":"https:\/\/beta.hymach.it\/it\/#organization","name":"Hymach","url":"https:\/\/beta.hymach.it\/it\/","logo":{"@type":"ImageObject","inLanguage":"it-IT","@id":"https:\/\/beta.hymach.it\/it\/#\/schema\/logo\/image\/","url":"https:\/\/beta.hymach.it\/wp-content\/uploads\/2024\/08\/hymach_logo_2026.svg","contentUrl":"https:\/\/beta.hymach.it\/wp-content\/uploads\/2024\/08\/hymach_logo_2026.svg","width":777,"height":88,"caption":"Hymach"},"image":{"@id":"https:\/\/beta.hymach.it\/it\/#\/schema\/logo\/image\/"}}]}},"_links":{"self":[{"href":"https:\/\/beta.hymach.it\/it\/wp-json\/wp\/v2\/pages\/118","targetHints":{"allow":["GET"]}}],"collection":[{"href":"https:\/\/beta.hymach.it\/it\/wp-json\/wp\/v2\/pages"}],"about":[{"href":"https:\/\/beta.hymach.it\/it\/wp-json\/wp\/v2\/types\/page"}],"author":[{"embeddable":true,"href":"https:\/\/beta.hymach.it\/it\/wp-json\/wp\/v2\/users\/1"}],"replies":[{"embeddable":true,"href":"https:\/\/beta.hymach.it\/it\/wp-json\/wp\/v2\/comments?post=118"}],"version-history":[{"count":31,"href":"https:\/\/beta.hymach.it\/it\/wp-json\/wp\/v2\/pages\/118\/revisions"}],"predecessor-version":[{"id":12285,"href":"https:\/\/beta.hymach.it\/it\/wp-json\/wp\/v2\/pages\/118\/revisions\/12285"}],"up":[{"embeddable":true,"href":"https:\/\/beta.hymach.it\/it\/wp-json\/wp\/v2\/pages\/11899"}],"wp:featuredmedia":[{"embeddable":true,"href":"https:\/\/beta.hymach.it\/it\/wp-json\/wp\/v2\/media\/12510"}],"wp:attachment":[{"href":"https:\/\/beta.hymach.it\/it\/wp-json\/wp\/v2\/media?parent=118"}],"wp:term":[{"taxonomy":"category","embeddable":true,"href":"https:\/\/beta.hymach.it\/it\/wp-json\/wp\/v2\/categories?post=118"},{"taxonomy":"sector","embeddable":true,"href":"https:\/\/beta.hymach.it\/it\/wp-json\/wp\/v2\/sector?post=118"},{"taxonomy":"carrier","embeddable":true,"href":"https:\/\/beta.hymach.it\/it\/wp-json\/wp\/v2\/carrier?post=118"},{"taxonomy":"cat-page","embeddable":true,"href":"https:\/\/beta.hymach.it\/it\/wp-json\/wp\/v2\/cat-page?post=118"},{"taxonomy":"product-category","embeddable":true,"href":"https:\/\/beta.hymach.it\/it\/wp-json\/wp\/v2\/product-category?post=118"}],"curies":[{"name":"wp","href":"https:\/\/api.w.org\/{rel}","templated":true}]}}