{"id":49,"date":"2012-08-23T16:45:40","date_gmt":"2012-08-23T14:45:40","guid":{"rendered":"https:\/\/www.hymach.it\/?page_id=49"},"modified":"2026-04-24T17:44:49","modified_gmt":"2026-04-24T15:44:49","slug":"bracci-tagliaerba-aspiranti","status":"publish","type":"page","link":"https:\/\/beta.hymach.it\/it\/catalogo\/decespugliatrici\/bracci-tagliaerba-aspiranti\/","title":{"rendered":"Bracci Decespugliatori Aspiranti"},"content":{"rendered":"\n<h2 class=\"wp-block-heading\">Installazione dei bracci tagliaerba aspiranti<\/h2>\n\n\n\n<p>Possono essere installati sul sollevatore posteriore di trattori con attacco tre punti o telaio di supporto integrativo o su autocarri con telaio scarrabile costruito a misura.<\/p>\n\n\n\n<h2 class=\"wp-block-heading\">Sistema di aspirazione dei bracci tagliaerba aspiranti<\/h2>\n\n\n\n<p>Il dispositivo che fa parte del <strong>sistema di aspirazione dei nostri bracci tagliaerba aspiranti<\/strong> pu\u00f2 essere sia con gruppo aspirazione a turbina (il materiale viene aspirato mediante un vortice d\u2019aria generato da una ventola) che con sistema a depressione integrato sul cassone di raccolta (il materiale viene risucchiato per il vuoto creato all\u2019interno del cassone).<\/p>\n\n\n\n<h2 class=\"wp-block-heading\">Elementi personalizzabili sui bracci tagliaerba aspiranti<\/h2>\n\n\n\n<p>I diversi modelli di <strong>bracci tagliaerba aspiranti<\/strong> si diversificano, oltre che per il tipo di applicazione sul mezzo portante, per l\u2019estensione del braccio raggiungibile, che, su richiesta, disponendo di un mezzo adeguato, pu\u00f2 anche superare gli 8 mt dei modelli di serie. \u00c8 anche possibile realizzare strutture pi\u00f9 contenute per adattare <strong>la macchina per la manutenzione e la cura del verde<\/strong> a mezzi di modeste dimensioni.<\/p>\n\n\n\n<p>Il sistema telescopico del braccio e del tubo di aspirazione permette lo sfalcio a filo ruota e la chiusura compatta durante la circolazione.<\/p>\n\n\n\n<h2 class=\"wp-block-heading\">Strutture e componenti principali dei bracci tagliaerba aspiranti<\/h2>\n\n\n\n<p>Le <strong>strutture<\/strong>, destinate a sopportare la sollecitazione dei cicli vita del braccio, sono realizzate con acciai di prima qualit\u00e0. Gli elementi fondamentali delle articolazioni, boccole e spine, sono costruiti in acciaio sottoposto a trattamenti di durezza e rettifica, che ne aumenta la resistenza ed ne ottimizza la funzione allungandone la durata. I martinetti dotati di valvole di regolazione, garantiscono l\u2019ottima manovrabilit\u00e0. I <strong>componenti principali<\/strong> dell\u2019impianto di funzionamento dei <strong>bracci tagliaerba aspiranti <\/strong>quali pompe e motore, moltiplicatore, distributore, radiatore, scelti tra quelli proposti dalle migliori marche sul mercato per prestazioni e affidabilit\u00e0, determinano invece l\u2019elevato rendimento in potenza e produttivit\u00e0.<\/p>\n\n\n\n<h2 class=\"wp-block-heading\">Personalizzazioni e versioni di bracci tagliaerba aspiranti<\/h2>\n\n\n\n<p>\u00c8 possibile trasformare la<strong> macchina per la manutenzione e la cura del verde<\/strong>, anche temporaneamente, per<strong> lavori di solo sfalcio<\/strong>, escludendo l\u2019aspirazione, con la sostituzione della parte terminale del braccio e della testata.<br>I<strong> bracci tagliaerba aspiranti<\/strong> possono essere personalizzate potendo modificare sia la struttura che l\u2019impiantistica secondo le specifiche esigenze dell\u2019utilizzatore e sono disponibili sia nella versione per lavoro a destra che in quella per lavoro a sinistra.<\/p>\n","protected":false},"excerpt":{"rendered":"<p>Le nostre <strong>decespugliatrici aspiranti<\/strong> trovano applicazione in tutte le situazioni in cui \u00e8 richiesto di non lasciare residui di sfalcio sul suolo o sulla strada per questioni di sicurezza (es. misure antincendio) e\/o paesaggistiche.<\/p>\n","protected":false},"author":1,"featured_media":12523,"parent":11899,"menu_order":274,"comment_status":"closed","ping_status":"closed","template":"","meta":{"_acf_changed":false,"footnotes":""},"categories":[],"sector":[],"carrier":[],"cat-page":[168],"product-category":[],"class_list":["post-49","page","type-page","status-publish","has-post-thumbnail","hentry","cat-page-categoria-secondaria"],"acf":[],"yoast_head":"<!-- This site is optimized with the Yoast SEO plugin v27.4 - https:\/\/yoast.com\/product\/yoast-seo-wordpress\/ -->\n<title>Bracci tagliaerba aspiranti per manutenzione e cura del verde<\/title>\n<meta name=\"description\" content=\"I bracci tagliaerba aspiranti Hymach sono macchine per la manutenzione e la cura del verde dotate di un sistema di aspirazione del materiale trinciato.\" \/>\n<meta name=\"robots\" content=\"noindex, follow, max-snippet:-1, max-image-preview:large, max-video-preview:-1\" \/>\n<meta property=\"og:locale\" content=\"it_IT\" \/>\n<meta property=\"og:type\" content=\"article\" \/>\n<meta property=\"og:title\" content=\"Bracci tagliaerba aspiranti per manutenzione e cura del verde\" \/>\n<meta property=\"og:description\" content=\"I bracci tagliaerba aspiranti Hymach sono macchine per la manutenzione e la cura del verde dotate di un sistema di aspirazione del materiale trinciato.\" \/>\n<meta property=\"og:url\" content=\"https:\/\/beta.hymach.it\/it\/catalogo\/decespugliatrici\/bracci-tagliaerba-aspiranti\/\" \/>\n<meta property=\"og:site_name\" content=\"Hymach\" \/>\n<meta property=\"article:modified_time\" content=\"2026-04-24T15:44:49+00:00\" \/>\n<meta name=\"twitter:label1\" content=\"Tempo di lettura stimato\" \/>\n\t<meta name=\"twitter:data1\" content=\"3 minuti\" \/>\n<script type=\"application\/ld+json\" class=\"yoast-schema-graph\">{\"@context\":\"https:\\\/\\\/schema.org\",\"@graph\":[{\"@type\":\"WebPage\",\"@id\":\"https:\\\/\\\/beta.hymach.it\\\/it\\\/catalogo\\\/decespugliatrici\\\/bracci-tagliaerba-aspiranti\\\/\",\"url\":\"https:\\\/\\\/beta.hymach.it\\\/it\\\/catalogo\\\/decespugliatrici\\\/bracci-tagliaerba-aspiranti\\\/\",\"name\":\"Bracci tagliaerba aspiranti per manutenzione e cura del verde\",\"isPartOf\":{\"@id\":\"https:\\\/\\\/beta.hymach.it\\\/it\\\/#website\"},\"primaryImageOfPage\":{\"@id\":\"https:\\\/\\\/beta.hymach.it\\\/it\\\/catalogo\\\/decespugliatrici\\\/bracci-tagliaerba-aspiranti\\\/#primaryimage\"},\"image\":{\"@id\":\"https:\\\/\\\/beta.hymach.it\\\/it\\\/catalogo\\\/decespugliatrici\\\/bracci-tagliaerba-aspiranti\\\/#primaryimage\"},\"thumbnailUrl\":\"https:\\\/\\\/beta.hymach.it\\\/wp-content\\\/uploads\\\/2026\\\/04\\\/Aspiranti.svg\",\"datePublished\":\"2012-08-23T14:45:40+00:00\",\"dateModified\":\"2026-04-24T15:44:49+00:00\",\"description\":\"I bracci tagliaerba aspiranti Hymach sono macchine per la manutenzione e la cura del verde dotate di un sistema di aspirazione del materiale trinciato.\",\"breadcrumb\":{\"@id\":\"https:\\\/\\\/beta.hymach.it\\\/it\\\/catalogo\\\/decespugliatrici\\\/bracci-tagliaerba-aspiranti\\\/#breadcrumb\"},\"inLanguage\":\"it-IT\",\"potentialAction\":[{\"@type\":\"ReadAction\",\"target\":[\"https:\\\/\\\/beta.hymach.it\\\/it\\\/catalogo\\\/decespugliatrici\\\/bracci-tagliaerba-aspiranti\\\/\"]}]},{\"@type\":\"ImageObject\",\"inLanguage\":\"it-IT\",\"@id\":\"https:\\\/\\\/beta.hymach.it\\\/it\\\/catalogo\\\/decespugliatrici\\\/bracci-tagliaerba-aspiranti\\\/#primaryimage\",\"url\":\"https:\\\/\\\/beta.hymach.it\\\/wp-content\\\/uploads\\\/2026\\\/04\\\/Aspiranti.svg\",\"contentUrl\":\"https:\\\/\\\/beta.hymach.it\\\/wp-content\\\/uploads\\\/2026\\\/04\\\/Aspiranti.svg\",\"width\":500,\"height\":500},{\"@type\":\"BreadcrumbList\",\"@id\":\"https:\\\/\\\/beta.hymach.it\\\/it\\\/catalogo\\\/decespugliatrici\\\/bracci-tagliaerba-aspiranti\\\/#breadcrumb\",\"itemListElement\":[{\"@type\":\"ListItem\",\"position\":1,\"name\":\"Home\",\"item\":\"https:\\\/\\\/beta.hymach.it\\\/it\\\/\"},{\"@type\":\"ListItem\",\"position\":2,\"name\":\"Catalogo\",\"item\":\"https:\\\/\\\/beta.hymach.it\\\/it\\\/catalogo\\\/\"},{\"@type\":\"ListItem\",\"position\":3,\"name\":\"Macchine tagliaerba decespugliatrici portate\",\"item\":\"https:\\\/\\\/beta.hymach.it\\\/it\\\/catalogo\\\/decespugliatrici\\\/\"},{\"@type\":\"ListItem\",\"position\":4,\"name\":\"Bracci Decespugliatori Aspiranti\"}]},{\"@type\":\"WebSite\",\"@id\":\"https:\\\/\\\/beta.hymach.it\\\/it\\\/#website\",\"url\":\"https:\\\/\\\/beta.hymach.it\\\/it\\\/\",\"name\":\"Hymach\",\"description\":\"Macchine per la manutenzione professionale del verde, semoventi portattrezzi multiuso radiocomandati e macchine per il lavaggio di pannelli solari.\",\"publisher\":{\"@id\":\"https:\\\/\\\/beta.hymach.it\\\/it\\\/#organization\"},\"potentialAction\":[{\"@type\":\"SearchAction\",\"target\":{\"@type\":\"EntryPoint\",\"urlTemplate\":\"https:\\\/\\\/beta.hymach.it\\\/it\\\/?s={search_term_string}\"},\"query-input\":{\"@type\":\"PropertyValueSpecification\",\"valueRequired\":true,\"valueName\":\"search_term_string\"}}],\"inLanguage\":\"it-IT\"},{\"@type\":\"Organization\",\"@id\":\"https:\\\/\\\/beta.hymach.it\\\/it\\\/#organization\",\"name\":\"Hymach\",\"url\":\"https:\\\/\\\/beta.hymach.it\\\/it\\\/\",\"logo\":{\"@type\":\"ImageObject\",\"inLanguage\":\"it-IT\",\"@id\":\"https:\\\/\\\/beta.hymach.it\\\/it\\\/#\\\/schema\\\/logo\\\/image\\\/\",\"url\":\"https:\\\/\\\/beta.hymach.it\\\/wp-content\\\/uploads\\\/2024\\\/08\\\/hymach_logo_2026.svg\",\"contentUrl\":\"https:\\\/\\\/beta.hymach.it\\\/wp-content\\\/uploads\\\/2024\\\/08\\\/hymach_logo_2026.svg\",\"width\":777,\"height\":88,\"caption\":\"Hymach\"},\"image\":{\"@id\":\"https:\\\/\\\/beta.hymach.it\\\/it\\\/#\\\/schema\\\/logo\\\/image\\\/\"}}]}<\/script>\n<!-- \/ Yoast SEO plugin. -->","yoast_head_json":{"title":"Bracci tagliaerba aspiranti per manutenzione e cura del verde","description":"I bracci tagliaerba aspiranti Hymach sono macchine per la manutenzione e la cura del verde dotate di un sistema di aspirazione del materiale trinciato.","robots":{"index":"noindex","follow":"follow","max-snippet":"max-snippet:-1","max-image-preview":"max-image-preview:large","max-video-preview":"max-video-preview:-1"},"og_locale":"it_IT","og_type":"article","og_title":"Bracci tagliaerba aspiranti per manutenzione e cura del verde","og_description":"I bracci tagliaerba aspiranti Hymach sono macchine per la manutenzione e la cura del verde dotate di un sistema di aspirazione del materiale trinciato.","og_url":"https:\/\/beta.hymach.it\/it\/catalogo\/decespugliatrici\/bracci-tagliaerba-aspiranti\/","og_site_name":"Hymach","article_modified_time":"2026-04-24T15:44:49+00:00","twitter_misc":{"Tempo di lettura stimato":"3 minuti"},"schema":{"@context":"https:\/\/schema.org","@graph":[{"@type":"WebPage","@id":"https:\/\/beta.hymach.it\/it\/catalogo\/decespugliatrici\/bracci-tagliaerba-aspiranti\/","url":"https:\/\/beta.hymach.it\/it\/catalogo\/decespugliatrici\/bracci-tagliaerba-aspiranti\/","name":"Bracci tagliaerba aspiranti per manutenzione e cura del verde","isPartOf":{"@id":"https:\/\/beta.hymach.it\/it\/#website"},"primaryImageOfPage":{"@id":"https:\/\/beta.hymach.it\/it\/catalogo\/decespugliatrici\/bracci-tagliaerba-aspiranti\/#primaryimage"},"image":{"@id":"https:\/\/beta.hymach.it\/it\/catalogo\/decespugliatrici\/bracci-tagliaerba-aspiranti\/#primaryimage"},"thumbnailUrl":"https:\/\/beta.hymach.it\/wp-content\/uploads\/2026\/04\/Aspiranti.svg","datePublished":"2012-08-23T14:45:40+00:00","dateModified":"2026-04-24T15:44:49+00:00","description":"I bracci tagliaerba aspiranti Hymach sono macchine per la manutenzione e la cura del verde dotate di un sistema di aspirazione del materiale trinciato.","breadcrumb":{"@id":"https:\/\/beta.hymach.it\/it\/catalogo\/decespugliatrici\/bracci-tagliaerba-aspiranti\/#breadcrumb"},"inLanguage":"it-IT","potentialAction":[{"@type":"ReadAction","target":["https:\/\/beta.hymach.it\/it\/catalogo\/decespugliatrici\/bracci-tagliaerba-aspiranti\/"]}]},{"@type":"ImageObject","inLanguage":"it-IT","@id":"https:\/\/beta.hymach.it\/it\/catalogo\/decespugliatrici\/bracci-tagliaerba-aspiranti\/#primaryimage","url":"https:\/\/beta.hymach.it\/wp-content\/uploads\/2026\/04\/Aspiranti.svg","contentUrl":"https:\/\/beta.hymach.it\/wp-content\/uploads\/2026\/04\/Aspiranti.svg","width":500,"height":500},{"@type":"BreadcrumbList","@id":"https:\/\/beta.hymach.it\/it\/catalogo\/decespugliatrici\/bracci-tagliaerba-aspiranti\/#breadcrumb","itemListElement":[{"@type":"ListItem","position":1,"name":"Home","item":"https:\/\/beta.hymach.it\/it\/"},{"@type":"ListItem","position":2,"name":"Catalogo","item":"https:\/\/beta.hymach.it\/it\/catalogo\/"},{"@type":"ListItem","position":3,"name":"Macchine tagliaerba decespugliatrici portate","item":"https:\/\/beta.hymach.it\/it\/catalogo\/decespugliatrici\/"},{"@type":"ListItem","position":4,"name":"Bracci Decespugliatori Aspiranti"}]},{"@type":"WebSite","@id":"https:\/\/beta.hymach.it\/it\/#website","url":"https:\/\/beta.hymach.it\/it\/","name":"Hymach","description":"Macchine per la manutenzione professionale del verde, semoventi portattrezzi multiuso radiocomandati e macchine per il lavaggio di pannelli solari.","publisher":{"@id":"https:\/\/beta.hymach.it\/it\/#organization"},"potentialAction":[{"@type":"SearchAction","target":{"@type":"EntryPoint","urlTemplate":"https:\/\/beta.hymach.it\/it\/?s={search_term_string}"},"query-input":{"@type":"PropertyValueSpecification","valueRequired":true,"valueName":"search_term_string"}}],"inLanguage":"it-IT"},{"@type":"Organization","@id":"https:\/\/beta.hymach.it\/it\/#organization","name":"Hymach","url":"https:\/\/beta.hymach.it\/it\/","logo":{"@type":"ImageObject","inLanguage":"it-IT","@id":"https:\/\/beta.hymach.it\/it\/#\/schema\/logo\/image\/","url":"https:\/\/beta.hymach.it\/wp-content\/uploads\/2024\/08\/hymach_logo_2026.svg","contentUrl":"https:\/\/beta.hymach.it\/wp-content\/uploads\/2024\/08\/hymach_logo_2026.svg","width":777,"height":88,"caption":"Hymach"},"image":{"@id":"https:\/\/beta.hymach.it\/it\/#\/schema\/logo\/image\/"}}]}},"_links":{"self":[{"href":"https:\/\/beta.hymach.it\/it\/wp-json\/wp\/v2\/pages\/49","targetHints":{"allow":["GET"]}}],"collection":[{"href":"https:\/\/beta.hymach.it\/it\/wp-json\/wp\/v2\/pages"}],"about":[{"href":"https:\/\/beta.hymach.it\/it\/wp-json\/wp\/v2\/types\/page"}],"author":[{"embeddable":true,"href":"https:\/\/beta.hymach.it\/it\/wp-json\/wp\/v2\/users\/1"}],"replies":[{"embeddable":true,"href":"https:\/\/beta.hymach.it\/it\/wp-json\/wp\/v2\/comments?post=49"}],"version-history":[{"count":32,"href":"https:\/\/beta.hymach.it\/it\/wp-json\/wp\/v2\/pages\/49\/revisions"}],"predecessor-version":[{"id":12291,"href":"https:\/\/beta.hymach.it\/it\/wp-json\/wp\/v2\/pages\/49\/revisions\/12291"}],"up":[{"embeddable":true,"href":"https:\/\/beta.hymach.it\/it\/wp-json\/wp\/v2\/pages\/11899"}],"wp:featuredmedia":[{"embeddable":true,"href":"https:\/\/beta.hymach.it\/it\/wp-json\/wp\/v2\/media\/12523"}],"wp:attachment":[{"href":"https:\/\/beta.hymach.it\/it\/wp-json\/wp\/v2\/media?parent=49"}],"wp:term":[{"taxonomy":"category","embeddable":true,"href":"https:\/\/beta.hymach.it\/it\/wp-json\/wp\/v2\/categories?post=49"},{"taxonomy":"sector","embeddable":true,"href":"https:\/\/beta.hymach.it\/it\/wp-json\/wp\/v2\/sector?post=49"},{"taxonomy":"carrier","embeddable":true,"href":"https:\/\/beta.hymach.it\/it\/wp-json\/wp\/v2\/carrier?post=49"},{"taxonomy":"cat-page","embeddable":true,"href":"https:\/\/beta.hymach.it\/it\/wp-json\/wp\/v2\/cat-page?post=49"},{"taxonomy":"product-category","embeddable":true,"href":"https:\/\/beta.hymach.it\/it\/wp-json\/wp\/v2\/product-category?post=49"}],"curies":[{"name":"wp","href":"https:\/\/api.w.org\/{rel}","templated":true}]}}